{"id":10014,"date":"2023-10-23T20:20:26","date_gmt":"2023-10-23T18:20:26","guid":{"rendered":"https:\/\/diario.m-achermann.com\/das-stationstagebuch\/"},"modified":"2026-04-01T17:04:38","modified_gmt":"2026-04-01T15:04:38","slug":"das-stationstagebuch","status":"publish","type":"page","link":"https:\/\/diario.m-achermann.com\/de\/das-stationstagebuch\/","title":{"rendered":"Das Stationstagebuch"},"content":{"rendered":"\n<ul class=\"wp-block-list\">\n<li style=\"font-size:16px\"><a href=\"https:\/\/diario.m-achermann.com\/de\/das-stationstagebuch\/zweck-und-erfahrungsberichte-des-behandlungstagebuchs\/\" title=\"\">Zweck und Erfahrungsberichte des Stationstagebuchs<\/a><\/li>\n\n\n\n<li style=\"font-size:16px\"><a href=\"https:\/\/diario.m-achermann.com\/de\/das-stationstagebuch\/meine-ueberlegungen\/\">Meine \u00dcberlegungen<\/a><\/li>\n\n\n\n<li style=\"font-size:16px\"><a href=\"https:\/\/diario.m-achermann.com\/il-diario-di-degenza\/introduzione-dellistituto-di-cura\/\">Einf\u00fchrung der Pflegeeinrichtung<\/a><\/li>\n\n\n\n<li style=\"font-size:16px\"><a href=\"https:\/\/diario.m-achermann.com\/il-diario-di-degenza\/domenica-31-gennaio-2021-ore-2200\/\">Sonntag, 31. Januar 2021, 22:00 Uhr<\/a><\/li>\n\n\n\n<li style=\"font-size:16px\"><a href=\"https:\/\/diario.m-achermann.com\/il-diario-di-degenza\/domenica-7-febbraio-2021\/\">Sonntag, 7. Februar 2021<\/a><\/li>\n\n\n\n<li style=\"font-size:16px\"><a href=\"https:\/\/diario.m-achermann.com\/de\/das-stationstagebuch\/sonntag-14-februar-2021-1800-uhr-valentinstag\/\">Sonntag, 14. Februar 2021, 18:00 Uhr (Valentinstag)<\/a><\/li>\n\n\n\n<li style=\"font-size:16px\"><a href=\"https:\/\/diario.m-achermann.com\/de\/das-stationstagebuch\/montag-15-februar-2021-1400-uhr\/\">Montag, 15. Februar 2021, 14:00 Uhr<\/a><\/li>\n\n\n\n<li style=\"font-size:16px\"><a href=\"https:\/\/diario.m-achermann.com\/de\/das-stationstagebuch\/freitag-19-februar-2021-0215-uhr\/\">Freitag, 19. Februar 2021, 02:15 Uhr<\/a><\/li>\n\n\n\n<li style=\"font-size:16px\"><a href=\"https:\/\/diario.m-achermann.com\/de\/das-stationstagebuch\/montag-22-februar-2021\/\">Montag, 22. Februar 2021<\/a><\/li>\n\n\n\n<li style=\"font-size:16px\"><a href=\"https:\/\/diario.m-achermann.com\/de\/das-stationstagebuch\/mittwoch-24-februar-2021-0210-uhr\/\">Mittwoch, 24. Februar 2021, 02:10 Uhr<\/a><\/li>\n\n\n\n<li style=\"font-size:16px\"><a href=\"https:\/\/diario.m-achermann.com\/de\/das-stationstagebuch\/mittwoch-24-februar-2021-1310-uhr\/\">Mittwoch, 24. Februar 2021, 13:10 Uhr<\/a><\/li>\n\n\n\n<li style=\"font-size:16px\"><a href=\"https:\/\/diario.m-achermann.com\/de\/das-stationstagebuch\/donnerstag-25-februar-2021-0130-uhr\/\">Donnerstag, 25. Februar 2021, 01:30 Uhr<\/a><\/li>\n\n\n\n<li style=\"font-size:16px\"><a href=\"https:\/\/diario.m-achermann.com\/de\/das-stationstagebuch\/donnerstag-25-februar-2021-um-1240-uhr\/\">Donnerstag, 25. Februar 2021, 12:40 Uhr<\/a><\/li>\n\n\n\n<li style=\"font-size:16px\"><a href=\"https:\/\/diario.m-achermann.com\/de\/das-stationstagebuch\/freitag-26-februar-2021-1340-uhr\/\">Freitag, 26. Februar 2021, 13:40 Uhr<\/a><\/li>\n\n\n\n<li style=\"font-size:16px\"><a href=\"https:\/\/diario.m-achermann.com\/de\/das-stationstagebuch\/samstag-27-februar-2021-2100-uhr\/\">Samstag, 27. Februar 2021, 21:00 Uhr<\/a><\/li>\n\n\n\n<li style=\"font-size:16px\"><a href=\"https:\/\/diario.m-achermann.com\/de\/das-stationstagebuch\/sonntag-28-februar-2021-um-2130-uhr\/\">Sonntag, 28. Februar 2021, 21:30 Uhr<\/a><\/li>\n\n\n\n<li style=\"font-size:16px\"><a href=\"https:\/\/diario.m-achermann.com\/de\/das-stationstagebuch\/sonntag-7-maerz-2021-um-1030-uhr\/\">Sonntag, 7. M\u00e4rz 2021, 10:30 Uhr<\/a><\/li>\n\n\n\n<li style=\"font-size:16px\"><a href=\"https:\/\/diario.m-achermann.com\/de\/das-stationstagebuch\/montag-8-maerz-2021-1230-uhr\/\">Montag, 8. M\u00e4rz 2021, 12:30 Uhr<\/a><\/li>\n\n\n\n<li style=\"font-size:16px\"><a href=\"https:\/\/diario.m-achermann.com\/de\/das-stationstagebuch\/samstag-13-maerz-2021-0230-uhr\/\">Samstag, 13. M\u00e4rz 2021, 02:30 Uhr<\/a><\/li>\n\n\n\n<li style=\"font-size:16px\"><a href=\"https:\/\/diario.m-achermann.com\/de\/das-stationstagebuch\/dienstag-16-maerz-2021\/\">Dienstag, 16. M\u00e4rz 2021<\/a><\/li>\n\n\n\n<li style=\"font-size:16px\"><a href=\"https:\/\/diario.m-achermann.com\/de\/das-stationstagebuch\/mittwoch-17-maerz-2021-1400-uhr\/\">Mittwoch, 17. M\u00e4rz 2021, 14:00 Uhr<\/a><\/li>\n\n\n\n<li style=\"font-size:16px\"><a href=\"https:\/\/diario.m-achermann.com\/de\/das-stationstagebuch\/sonntag-21-maerz-2021\/\">Sonntag, 21. M\u00e4rz 2021<\/a><\/li>\n<\/ul>\n","protected":false},"excerpt":{"rendered":"","protected":false},"author":1,"featured_media":0,"parent":0,"menu_order":0,"comment_status":"closed","ping_status":"closed","template":"","meta":{"_editorskit_title_hidden":false,"_editorskit_reading_time":0,"_editorskit_is_block_options_detached":false,"_editorskit_block_options_position":"{}","om_disable_all_campaigns":false,"_lmt_disableupdate":"","_lmt_disable":"","_monsterinsights_skip_tracking":false,"_monsterinsights_sitenote_active":false,"_monsterinsights_sitenote_note":"","_monsterinsights_sitenote_category":0,"neve_meta_sidebar":"","neve_meta_container":"","neve_meta_enable_content_width":"","neve_meta_content_width":0,"neve_meta_title_alignment":"","neve_meta_author_avatar":"","neve_post_elements_order":"","neve_meta_disable_header":"","neve_meta_disable_footer":"","neve_meta_disable_title":"","neve_meta_reading_time":"","_themeisle_gutenberg_block_has_review":false,"footnotes":""},"categories":[],"tags":[],"class_list":["post-10014","page","type-page","status-publish","hentry"],"aioseo_notices":[],"aioseo_head":"\n\t\t<!-- All in One SEO Pro 4.9.7.1 - aioseo.com -->\n\t<meta name=\"description\" content=\"Der Weg des Krankenhausaufenthalts in der Intensivpflege: ein pers\u00f6nlicher Erfahrungsbericht, der die Vermenschlichung der Pflege f\u00f6rdern m\u00f6chte.\" \/>\n\t<meta name=\"robots\" content=\"max-snippet:-1, max-image-preview:large, max-video-preview:-1\" \/>\n\t<meta name=\"google-site-verification\" content=\"2kcNb_eND2p_5dJ-aEUjUzdL5U1pyWvu9G-2F4Qyiwk\" \/>\n\t<meta name=\"msvalidate.01\" content=\"8A32EFC1288A3ACC21FB6846BFC9E656\" \/>\n\t<link rel=\"canonical\" href=\"https:\/\/diario.m-achermann.com\/de\/das-stationstagebuch\/\" \/>\n\t<meta name=\"generator\" content=\"All in One SEO Pro (AIOSEO) 4.9.7.1\" \/>\n\t\t<meta property=\"og:locale\" content=\"de_DE\" \/>\n\t\t<meta property=\"og:site_name\" content=\"ECMO \u2013 Tagebuch eines auf den Kopf gestellten Lebens - Mein Abenteuer \u2013 oder vielleicht eher ein Missgeschick? Gl\u00fcck oder Pech?\" \/>\n\t\t<meta property=\"og:type\" content=\"article\" \/>\n\t\t<meta property=\"og:title\" content=\"Mein Stationstagebuch: Erfahrungen und \u00dcberlegungen\" \/>\n\t\t<meta property=\"og:description\" content=\"Der Weg des Krankenhausaufenthalts in der Intensivpflege: ein pers\u00f6nlicher Erfahrungsbericht, der die Vermenschlichung der Pflege f\u00f6rdern m\u00f6chte.\" \/>\n\t\t<meta property=\"og:url\" content=\"https:\/\/diario.m-achermann.com\/de\/das-stationstagebuch\/\" \/>\n\t\t<meta property=\"og:image\" content=\"https:\/\/diario.m-achermann.com\/wp-content\/uploads\/2024\/02\/Mirko.png\" \/>\n\t\t<meta property=\"og:image:secure_url\" content=\"https:\/\/diario.m-achermann.com\/wp-content\/uploads\/2024\/02\/Mirko.png\" \/>\n\t\t<meta property=\"og:image:width\" content=\"200\" \/>\n\t\t<meta property=\"og:image:height\" content=\"200\" \/>\n\t\t<meta property=\"article:published_time\" content=\"2023-10-23T18:20:26+00:00\" \/>\n\t\t<meta property=\"article:modified_time\" content=\"2026-04-01T15:04:38+00:00\" \/>\n\t\t<meta property=\"article:publisher\" content=\"https:\/\/www.facebook.com\/profile.php?id=61556963490212\" \/>\n\t\t<meta name=\"twitter:card\" content=\"summary_large_image\" \/>\n\t\t<meta name=\"twitter:site\" content=\"@Mapi1967\" \/>\n\t\t<meta name=\"twitter:title\" content=\"Mein Stationstagebuch: Erfahrungen und \u00dcberlegungen\" \/>\n\t\t<meta name=\"twitter:description\" content=\"Der Weg des Krankenhausaufenthalts in der Intensivpflege: ein pers\u00f6nlicher Erfahrungsbericht, der die Vermenschlichung der Pflege f\u00f6rdern m\u00f6chte.\" \/>\n\t\t<meta name=\"twitter:creator\" content=\"@Mapi1967\" \/>\n\t\t<meta name=\"twitter:image\" content=\"https:\/\/diario.m-achermann.com\/wp-content\/uploads\/2024\/02\/Mirko.png\" \/>\n\t\t<script type=\"application\/ld+json\" class=\"aioseo-schema\">\n\t\t\t{\"@context\":\"https:\\\/\\\/schema.org\",\"@graph\":[{\"@type\":\"BreadcrumbList\",\"@id\":\"https:\\\/\\\/diario.m-achermann.com\\\/de\\\/das-stationstagebuch\\\/#breadcrumblist\",\"itemListElement\":[{\"@type\":\"ListItem\",\"@id\":\"https:\\\/\\\/diario.m-achermann.com\\\/de\\\/#listItem\",\"position\":1,\"name\":\"Home\",\"item\":\"https:\\\/\\\/diario.m-achermann.com\\\/de\\\/\",\"nextItem\":{\"@type\":\"ListItem\",\"@id\":\"https:\\\/\\\/diario.m-achermann.com\\\/de\\\/das-stationstagebuch\\\/#listItem\",\"name\":\"Das Stationstagebuch\"}},{\"@type\":\"ListItem\",\"@id\":\"https:\\\/\\\/diario.m-achermann.com\\\/de\\\/das-stationstagebuch\\\/#listItem\",\"position\":2,\"name\":\"Das Stationstagebuch\",\"previousItem\":{\"@type\":\"ListItem\",\"@id\":\"https:\\\/\\\/diario.m-achermann.com\\\/de\\\/#listItem\",\"name\":\"Home\"}}]},{\"@type\":\"Person\",\"@id\":\"https:\\\/\\\/diario.m-achermann.com\\\/de\\\/#person\",\"name\":\"Mirko Achermann\",\"image\":{\"@type\":\"ImageObject\",\"@id\":\"https:\\\/\\\/diario.m-achermann.com\\\/de\\\/das-stationstagebuch\\\/#personImage\",\"url\":\"https:\\\/\\\/secure.gravatar.com\\\/avatar\\\/53bb9dac79236bd713fbe107c9f2410ca8a6094577846073d4bea7d0bab1e51f?s=96&d=mm&r=g\",\"width\":96,\"height\":96,\"caption\":\"Mirko Achermann\"}},{\"@type\":\"WebPage\",\"@id\":\"https:\\\/\\\/diario.m-achermann.com\\\/de\\\/das-stationstagebuch\\\/#webpage\",\"url\":\"https:\\\/\\\/diario.m-achermann.com\\\/de\\\/das-stationstagebuch\\\/\",\"name\":\"Mein Stationstagebuch: Erfahrungen und \\u00dcberlegungen\",\"description\":\"Der Weg des Krankenhausaufenthalts in der Intensivpflege: ein pers\\u00f6nlicher Erfahrungsbericht, der die Vermenschlichung der Pflege f\\u00f6rdern m\\u00f6chte.\",\"inLanguage\":\"de-DE\",\"isPartOf\":{\"@id\":\"https:\\\/\\\/diario.m-achermann.com\\\/de\\\/#website\"},\"breadcrumb\":{\"@id\":\"https:\\\/\\\/diario.m-achermann.com\\\/de\\\/das-stationstagebuch\\\/#breadcrumblist\"},\"datePublished\":\"2023-10-23T20:20:26+02:00\",\"dateModified\":\"2026-04-01T17:04:38+02:00\"},{\"@type\":\"WebSite\",\"@id\":\"https:\\\/\\\/diario.m-achermann.com\\\/de\\\/#website\",\"url\":\"https:\\\/\\\/diario.m-achermann.com\\\/de\\\/\",\"name\":\"ECMO \\u2013 Diario di una vita stravolta\",\"alternateName\":\"ECMO\",\"description\":\"Mein Abenteuer \\u2013 oder vielleicht eher ein Missgeschick? Gl\\u00fcck oder Pech?\",\"inLanguage\":\"de-DE\",\"publisher\":{\"@id\":\"https:\\\/\\\/diario.m-achermann.com\\\/de\\\/#person\"}}]}\n\t\t<\/script>\n\t\t<!-- All in One SEO Pro -->\r\n\t\t<title>Mein Stationstagebuch: Erfahrungen und \u00dcberlegungen<\/title>\n\n","aioseo_head_json":{"title":"Mein Stationstagebuch: Erfahrungen und \u00dcberlegungen","description":"Der Weg des Krankenhausaufenthalts in der Intensivpflege: ein pers\u00f6nlicher Erfahrungsbericht, der die Vermenschlichung der Pflege f\u00f6rdern m\u00f6chte.","canonical_url":"https:\/\/diario.m-achermann.com\/de\/das-stationstagebuch\/","robots":"max-snippet:-1, max-image-preview:large, max-video-preview:-1","keywords":"","webmasterTools":{"google-site-verification":"2kcNb_eND2p_5dJ-aEUjUzdL5U1pyWvu9G-2F4Qyiwk","msvalidate.01":"8A32EFC1288A3ACC21FB6846BFC9E656","miscellaneous":""},"schema":{"@context":"https:\/\/schema.org","@graph":[{"@type":"BreadcrumbList","@id":"https:\/\/diario.m-achermann.com\/de\/das-stationstagebuch\/#breadcrumblist","itemListElement":[{"@type":"ListItem","@id":"https:\/\/diario.m-achermann.com\/de\/#listItem","position":1,"name":"Home","item":"https:\/\/diario.m-achermann.com\/de\/","nextItem":{"@type":"ListItem","@id":"https:\/\/diario.m-achermann.com\/de\/das-stationstagebuch\/#listItem","name":"Das Stationstagebuch"}},{"@type":"ListItem","@id":"https:\/\/diario.m-achermann.com\/de\/das-stationstagebuch\/#listItem","position":2,"name":"Das Stationstagebuch","previousItem":{"@type":"ListItem","@id":"https:\/\/diario.m-achermann.com\/de\/#listItem","name":"Home"}}]},{"@type":"Person","@id":"https:\/\/diario.m-achermann.com\/de\/#person","name":"Mirko Achermann","image":{"@type":"ImageObject","@id":"https:\/\/diario.m-achermann.com\/de\/das-stationstagebuch\/#personImage","url":"https:\/\/secure.gravatar.com\/avatar\/53bb9dac79236bd713fbe107c9f2410ca8a6094577846073d4bea7d0bab1e51f?s=96&d=mm&r=g","width":96,"height":96,"caption":"Mirko Achermann"}},{"@type":"WebPage","@id":"https:\/\/diario.m-achermann.com\/de\/das-stationstagebuch\/#webpage","url":"https:\/\/diario.m-achermann.com\/de\/das-stationstagebuch\/","name":"Mein Stationstagebuch: Erfahrungen und \u00dcberlegungen","description":"Der Weg des Krankenhausaufenthalts in der Intensivpflege: ein pers\u00f6nlicher Erfahrungsbericht, der die Vermenschlichung der Pflege f\u00f6rdern m\u00f6chte.","inLanguage":"de-DE","isPartOf":{"@id":"https:\/\/diario.m-achermann.com\/de\/#website"},"breadcrumb":{"@id":"https:\/\/diario.m-achermann.com\/de\/das-stationstagebuch\/#breadcrumblist"},"datePublished":"2023-10-23T20:20:26+02:00","dateModified":"2026-04-01T17:04:38+02:00"},{"@type":"WebSite","@id":"https:\/\/diario.m-achermann.com\/de\/#website","url":"https:\/\/diario.m-achermann.com\/de\/","name":"ECMO \u2013 Diario di una vita stravolta","alternateName":"ECMO","description":"Mein Abenteuer \u2013 oder vielleicht eher ein Missgeschick? Gl\u00fcck oder Pech?","inLanguage":"de-DE","publisher":{"@id":"https:\/\/diario.m-achermann.com\/de\/#person"}}]},"og:locale":"de_DE","og:site_name":"ECMO \u2013 Tagebuch eines auf den Kopf gestellten Lebens - Mein Abenteuer \u2013 oder vielleicht eher ein Missgeschick? Gl\u00fcck oder Pech?","og:type":"article","og:title":"Mein Stationstagebuch: Erfahrungen und \u00dcberlegungen","og:description":"Der Weg des Krankenhausaufenthalts in der Intensivpflege: ein pers\u00f6nlicher Erfahrungsbericht, der die Vermenschlichung der Pflege f\u00f6rdern m\u00f6chte.","og:url":"https:\/\/diario.m-achermann.com\/de\/das-stationstagebuch\/","og:image":"https:\/\/diario.m-achermann.com\/wp-content\/uploads\/2024\/02\/Mirko.png","og:image:secure_url":"https:\/\/diario.m-achermann.com\/wp-content\/uploads\/2024\/02\/Mirko.png","og:image:width":200,"og:image:height":200,"article:published_time":"2023-10-23T18:20:26+00:00","article:modified_time":"2026-04-01T15:04:38+00:00","article:publisher":"https:\/\/www.facebook.com\/profile.php?id=61556963490212","twitter:card":"summary_large_image","twitter:site":"@Mapi1967","twitter:title":"Mein Stationstagebuch: Erfahrungen und \u00dcberlegungen","twitter:description":"Der Weg des Krankenhausaufenthalts in der Intensivpflege: ein pers\u00f6nlicher Erfahrungsbericht, der die Vermenschlichung der Pflege f\u00f6rdern m\u00f6chte.","twitter:creator":"@Mapi1967","twitter:image":"https:\/\/diario.m-achermann.com\/wp-content\/uploads\/2024\/02\/Mirko.png"},"aioseo_meta_data":{"post_id":"10014","title":"Mein Stationstagebuch: Erfahrungen und \u00dcberlegungen","description":"Der Weg des Krankenhausaufenthalts in der Intensivpflege: ein pers\u00f6nlicher Erfahrungsbericht, der die Vermenschlichung der Pflege f\u00f6rdern m\u00f6chte.","keywords":null,"keyphrases":{"focus":{"keyphrase":"Degenza","score":88,"analysis":{"keyphraseInTitle":{"score":9,"maxScore":9,"error":0},"keyphraseInDescription":{"score":9,"maxScore":9,"error":0},"keyphraseLength":{"score":9,"maxScore":9,"error":0,"length":1},"keyphraseInURL":{"score":5,"maxScore":5,"error":0},"keyphraseInIntroduction":{"score":3,"maxScore":9,"error":1},"keyphraseInSubHeadings":[],"keyphraseInImageAlt":[],"keywordDensity":{"type":"best","score":9,"maxScore":9,"error":0}}},"additional":[{"keyphrase":"degenza ospedaliera","score":42,"analysis":{"keyphraseInDescription":{"score":3,"maxScore":9,"error":1},"keyphraseLength":{"score":9,"maxScore":9,"error":0,"length":2},"keyphraseInIntroduction":{"score":3,"maxScore":9,"error":1},"keyphraseInImageAlt":[],"keywordDensity":{"score":0,"type":"low","maxScore":9,"error":1}}},{"keyphrase":"centri riabilitazione con degenza","score":42,"analysis":{"keyphraseInDescription":{"score":3,"maxScore":9,"error":1},"keyphraseLength":{"score":9,"maxScore":9,"error":0,"length":4},"keyphraseInIntroduction":{"score":3,"maxScore":9,"error":1},"keyphraseInImageAlt":[],"keywordDensity":{"score":0,"type":"low","maxScore":9,"error":1}}},{"keyphrase":"Diario","score":67,"analysis":{"keyphraseInDescription":{"score":3,"maxScore":9,"error":1},"keyphraseLength":{"score":9,"maxScore":9,"error":0,"length":1},"keyphraseInIntroduction":{"score":3,"maxScore":9,"error":1},"keyphraseInImageAlt":[],"keywordDensity":{"type":"best","score":9,"maxScore":9,"error":0}}},{"keyphrase":"ECMO","score":42,"analysis":{"keyphraseInDescription":{"score":3,"maxScore":9,"error":1},"keyphraseLength":{"score":9,"maxScore":9,"error":0,"length":1},"keyphraseInIntroduction":{"score":3,"maxScore":9,"error":1},"keyphraseInImageAlt":[],"keywordDensity":{"score":0,"type":"low","maxScore":9,"error":1}}}]},"primary_term":null,"canonical_url":null,"og_title":null,"og_description":null,"og_object_type":"default","og_image_type":"default","og_image_url":null,"og_image_width":null,"og_image_height":null,"og_image_custom_url":null,"og_image_custom_fields":null,"og_video":"","og_custom_url":null,"og_article_section":null,"og_article_tags":null,"twitter_use_og":false,"twitter_card":"default","twitter_image_type":"default","twitter_image_url":null,"twitter_image_custom_url":null,"twitter_image_custom_fields":null,"twitter_title":null,"twitter_description":null,"schema":{"blockGraphs":[],"customGraphs":[],"default":{"data":{"Article":[],"Course":[],"Dataset":[],"FAQPage":[],"Movie":[],"Person":[],"Product":[],"ProductReview":[],"Car":[],"Recipe":[],"Service":[],"SoftwareApplication":[],"WebPage":[]},"graphName":"WebPage","isEnabled":true},"graphs":[]},"schema_type":"default","schema_type_options":null,"pillar_content":false,"robots_default":true,"robots_noindex":false,"robots_noarchive":false,"robots_nosnippet":false,"robots_nofollow":false,"robots_noimageindex":false,"robots_noodp":false,"robots_notranslate":false,"robots_max_snippet":"-1","robots_max_videopreview":"-1","robots_max_imagepreview":"large","priority":null,"frequency":"default","local_seo":null,"seo_analyzer_scan_date":"2025-12-06 11:45:44","breadcrumb_settings":null,"limit_modified_date":0,"reviewed_by":null,"open_ai":"{\"title\":{\"suggestions\":[\"Testimonianze e riflessioni sulla mia Degenza in istituto di cura\",\"Il mio diario di Degenza: esperienze e considerazioni\",\"Degenza in istituto di cura: riflessioni e testimonianze\",\"Il diario della mia Degenza: esperienze e testimonianze\",\"I miei pensieri sulla Degenza in istituto di cura\"],\"usage\":0},\"description\":{\"suggestions\":[\"Mie considerazioni sulla Degenza durante il trattamento\",\"Testimonianze personali sul periodo di Degenza\",\"Esperienze e riflessioni durante la Degenza\",\"Diario di Degenza: le mie emozioni e pensieri\",\"Il percorso di Degenza: una testimonianza personale\"],\"usage\":0}}","ai":{"faqs":[],"keyPoints":[],"titles":[],"descriptions":[],"socialPosts":{"email":[],"linkedin":[],"twitter":[],"facebook":[],"instagram":[]}},"created":"2026-04-01 15:04:34","updated":"2026-04-01 18:20:22"},"aioseo_breadcrumb":"<div class=\"aioseo-breadcrumbs\"><span class=\"aioseo-breadcrumb\">\n\t<a href=\"https:\/\/diario.m-achermann.com\/de\/\" title=\"Home\">Home<\/a>\n<\/span><span class=\"aioseo-breadcrumb-separator\">\u00bb<\/span><span class=\"aioseo-breadcrumb\">\n\tDas Stationstagebuch\n<\/span><\/div>","aioseo_breadcrumb_json":[{"label":"Home","link":"https:\/\/diario.m-achermann.com\/de\/"},{"label":"Das Stationstagebuch","link":"https:\/\/diario.m-achermann.com\/de\/das-stationstagebuch\/"}],"_links":{"self":[{"href":"https:\/\/diario.m-achermann.com\/de\/wp-json\/wp\/v2\/pages\/10014","targetHints":{"allow":["GET"]}}],"collection":[{"href":"https:\/\/diario.m-achermann.com\/de\/wp-json\/wp\/v2\/pages"}],"about":[{"href":"https:\/\/diario.m-achermann.com\/de\/wp-json\/wp\/v2\/types\/page"}],"author":[{"embeddable":true,"href":"https:\/\/diario.m-achermann.com\/de\/wp-json\/wp\/v2\/users\/1"}],"replies":[{"embeddable":true,"href":"https:\/\/diario.m-achermann.com\/de\/wp-json\/wp\/v2\/comments?post=10014"}],"version-history":[{"count":1,"href":"https:\/\/diario.m-achermann.com\/de\/wp-json\/wp\/v2\/pages\/10014\/revisions"}],"predecessor-version":[{"id":10016,"href":"https:\/\/diario.m-achermann.com\/de\/wp-json\/wp\/v2\/pages\/10014\/revisions\/10016"}],"wp:attachment":[{"href":"https:\/\/diario.m-achermann.com\/de\/wp-json\/wp\/v2\/media?parent=10014"}],"wp:term":[{"taxonomy":"category","embeddable":true,"href":"https:\/\/diario.m-achermann.com\/de\/wp-json\/wp\/v2\/categories?post=10014"},{"taxonomy":"post_tag","embeddable":true,"href":"https:\/\/diario.m-achermann.com\/de\/wp-json\/wp\/v2\/tags?post=10014"}],"curies":[{"name":"wp","href":"https:\/\/api.w.org\/{rel}","templated":true}]}}