{"id":10026,"date":"2023-10-23T20:25:39","date_gmt":"2023-10-23T18:25:39","guid":{"rendered":"https:\/\/diario.m-achermann.com\/das-stationstagebuch\/sonntag-31-januar-2021-2200-uhr\/"},"modified":"2026-04-01T17:05:20","modified_gmt":"2026-04-01T15:05:20","slug":"sonntag-31-januar-2021-2200-uhr","status":"publish","type":"page","link":"https:\/\/diario.m-achermann.com\/de\/das-stationstagebuch\/sonntag-31-januar-2021-2200-uhr\/","title":{"rendered":"Sonntag, 31. Januar 2021, 22:00 Uhr"},"content":{"rendered":"\n<p>Guten Abend, Herr Mirko, mein Name ist Stefania und ich bin Krankenschwester auf der Intensivstation des Cardiocentro.<\/p>\n\n<p>Ich schreibe Ihnen dieses Tagebuch, damit Sie nach Ihrer R\u00fcckkehr nach Hause Ihren Weg rekonstruieren und eventuelle Fragen beantworten k\u00f6nnen.<\/p>\n\n<p>Sie wurden aus dem Krankenhaus Moncucco verlegt, wo Sie wegen Atemproblemen aufgrund von Covid station\u00e4r aufgenommen worden waren.<\/p>\n\n<p>Wie mir die \u00c4rzte aus Moncucco heute Morgen berichteten, wurde Ihnen ein Schlauch in den Mund eingef\u00fchrt, damit Sie \u00fcber ein mechanisches Beatmungsger\u00e4t beatmet werden k\u00f6nnen. Die Atemunterst\u00fctzung reichte jedoch nicht aus, um eine gute Sauerstoffversorgung zu gew\u00e4hrleisten, weshalb Sie hierher ins Cardiocentro verlegt wurden. <\/p>\n\n<p>Im Operationssaal wurden Ihnen am Hals und in der Leiste zwei gro\u00dfe Kan\u00fclen gelegt. Diese dienen dazu, Blut zu entnehmen, es durch eine Maschine namens ExtraCorporeal Membrane Oxygenation (ECMO) zu leiten, die es mit Sauerstoff anreichert und Kohlendioxid entfernt, und es anschlie\u00dfend wieder in Ihren K\u00f6rper zur\u00fcckzuf\u00fchren.<\/p>\n\n<p>Sie liegen nun also in einem Bett mit einer Luftmatratze, haben einen Schlauch im Mund, der an das Beatmungsger\u00e4t angeschlossen ist, die ECMO-Kan\u00fclen und einen (d\u00fcnnen) Katheter im Hals, \u00fcber den Ihnen Medikamente intraven\u00f6s verabreicht werden. <br\/>Im Moment sind Sie ruhig, da wir Ihnen Medikamente verabreichen, die Sie schlafen lassen und Ihnen helfen, all diese Schl\u00e4uche zu tolerieren. <\/p>\n\n<p>Wenn ich Sie ansehe, wirken Sie beruhigt, da Ihr Gesicht entspannt ist.<\/p>\n\n<p>Ich verabschiede mich nun von Ihnen und w\u00fcnsche Ihnen eine gute Nacht. <\/p>\n\n<p>Stefania<\/p>\n\n<figure class=\"wp-block-image size-large\"><img decoding=\"async\" width=\"1024\" height=\"849\" src=\"https:\/\/diario.m-achermann.com\/wp-content\/uploads\/2023\/11\/RX-Torace_20210201-1024x849.jpg\" alt=\"\" class=\"wp-image-814\" srcset=\"https:\/\/diario.m-achermann.com\/wp-content\/uploads\/2023\/11\/RX-Torace_20210201-1024x849.jpg 1024w, https:\/\/diario.m-achermann.com\/wp-content\/uploads\/2023\/11\/RX-Torace_20210201-300x249.jpg 300w, https:\/\/diario.m-achermann.com\/wp-content\/uploads\/2023\/11\/RX-Torace_20210201-768x637.jpg 768w, https:\/\/diario.m-achermann.com\/wp-content\/uploads\/2023\/11\/RX-Torace_20210201-1536x1273.jpg 1536w, https:\/\/diario.m-achermann.com\/wp-content\/uploads\/2023\/11\/RX-Torace_20210201-2048x1697.jpg 2048w\" sizes=\"(max-width: 1024px) 100vw, 1024px\" \/><figcaption class=\"wp-element-caption\">R\u00f6ntgenaufnahme meiner Lunge, erstellt einige Stunden nach der Aufnahme (01.02.2021 um 00:14:56)<\/figcaption><\/figure>\n","protected":false},"excerpt":{"rendered":"<p>Guten Abend, Herr Mirko, mein Name ist Stefania und ich bin Krankenschwester auf der Intensivstation des Cardiocentro. Ich schreibe Ihnen dieses Tagebuch, damit Sie nach Ihrer R\u00fcckkehr nach Hause Ihren Weg rekonstruieren und eventuelle Fragen beantworten k\u00f6nnen. Sie wurden aus dem Krankenhaus Moncucco verlegt, wo Sie wegen Atemproblemen aufgrund von Covid station\u00e4r aufgenommen worden waren.&hellip;&nbsp;<a href=\"https:\/\/diario.m-achermann.com\/de\/das-stationstagebuch\/sonntag-31-januar-2021-2200-uhr\/\" rel=\"bookmark\">Weiterlesen &raquo;<span class=\"screen-reader-text\">Sonntag, 31. Januar 2021, 22:00 Uhr<\/span><\/a><\/p>\n","protected":false},"author":1,"featured_media":0,"parent":10014,"menu_order":40,"comment_status":"open","ping_status":"closed","template":"","meta":{"_editorskit_title_hidden":false,"_editorskit_reading_time":0,"_editorskit_is_block_options_detached":false,"_editorskit_block_options_position":"{}","om_disable_all_campaigns":false,"_lmt_disableupdate":"","_lmt_disable":"","_monsterinsights_skip_tracking":false,"_monsterinsights_sitenote_active":false,"_monsterinsights_sitenote_note":"","_monsterinsights_sitenote_category":0,"neve_meta_sidebar":"","neve_meta_container":"","neve_meta_enable_content_width":"","neve_meta_content_width":0,"neve_meta_title_alignment":"","neve_meta_author_avatar":"","neve_post_elements_order":"","neve_meta_disable_header":"","neve_meta_disable_footer":"","neve_meta_disable_title":"","neve_meta_reading_time":"","_themeisle_gutenberg_block_has_review":false,"footnotes":""},"categories":[],"tags":[],"class_list":["post-10026","page","type-page","status-publish","hentry"],"aioseo_notices":[],"aioseo_head":"\n\t\t<!-- All in One SEO Pro 4.9.7.1 - aioseo.com -->\n\t<meta name=\"description\" content=\"Entdecken Sie das Krankenhaustagebuch von Stefania, Krankenschwester am Cardiocentro, die den Weg eines Patienten beschreibt, der nach Covid-Komplikationen verlegt wurde.\" \/>\n\t<meta name=\"robots\" content=\"max-snippet:-1, max-image-preview:large, max-video-preview:-1\" \/>\n\t<meta name=\"google-site-verification\" content=\"2kcNb_eND2p_5dJ-aEUjUzdL5U1pyWvu9G-2F4Qyiwk\" \/>\n\t<meta name=\"msvalidate.01\" content=\"8A32EFC1288A3ACC21FB6846BFC9E656\" \/>\n\t<link rel=\"canonical\" href=\"https:\/\/diario.m-achermann.com\/de\/das-stationstagebuch\/sonntag-31-januar-2021-2200-uhr\/\" \/>\n\t<meta name=\"generator\" content=\"All in One SEO Pro (AIOSEO) 4.9.7.1\" \/>\n\t\t<meta property=\"og:locale\" content=\"de_DE\" \/>\n\t\t<meta property=\"og:site_name\" content=\"ECMO \u2013 Tagebuch eines auf den Kopf gestellten Lebens - Mein Abenteuer \u2013 oder vielleicht eher ein Missgeschick? Gl\u00fcck oder Pech?\" \/>\n\t\t<meta property=\"og:type\" content=\"article\" \/>\n\t\t<meta property=\"og:title\" content=\"Tagebuch einer Krankenschwester: Mirkos Weg auf der Intensivstation\" \/>\n\t\t<meta property=\"og:description\" content=\"Entdecken Sie das Krankenhaustagebuch von Stefania, Krankenschwester am Cardiocentro, die den Weg eines Patienten beschreibt, der nach Covid-Komplikationen verlegt wurde.\" \/>\n\t\t<meta property=\"og:url\" content=\"https:\/\/diario.m-achermann.com\/de\/das-stationstagebuch\/sonntag-31-januar-2021-2200-uhr\/\" \/>\n\t\t<meta property=\"og:image\" content=\"https:\/\/diario.m-achermann.com\/wp-content\/uploads\/2024\/02\/Mirko.png\" \/>\n\t\t<meta property=\"og:image:secure_url\" content=\"https:\/\/diario.m-achermann.com\/wp-content\/uploads\/2024\/02\/Mirko.png\" \/>\n\t\t<meta property=\"og:image:width\" content=\"200\" \/>\n\t\t<meta property=\"og:image:height\" content=\"200\" \/>\n\t\t<meta property=\"article:published_time\" content=\"2023-10-23T18:25:39+00:00\" \/>\n\t\t<meta property=\"article:modified_time\" content=\"2026-04-01T15:05:20+00:00\" \/>\n\t\t<meta property=\"article:publisher\" content=\"https:\/\/www.facebook.com\/profile.php?id=61556963490212\" \/>\n\t\t<meta name=\"twitter:card\" content=\"summary_large_image\" \/>\n\t\t<meta name=\"twitter:site\" content=\"@Mapi1967\" \/>\n\t\t<meta name=\"twitter:title\" content=\"Tagebuch einer Krankenschwester: Mirkos Weg auf der Intensivstation\" \/>\n\t\t<meta name=\"twitter:description\" content=\"Entdecken Sie das Krankenhaustagebuch von Stefania, Krankenschwester am Cardiocentro, die den Weg eines Patienten beschreibt, der nach Covid-Komplikationen verlegt wurde.\" \/>\n\t\t<meta name=\"twitter:creator\" content=\"@Mapi1967\" \/>\n\t\t<meta name=\"twitter:image\" content=\"https:\/\/diario.m-achermann.com\/wp-content\/uploads\/2024\/02\/Mirko.png\" \/>\n\t\t<script type=\"application\/ld+json\" class=\"aioseo-schema\">\n\t\t\t{\"@context\":\"https:\\\/\\\/schema.org\",\"@graph\":[{\"@type\":\"BreadcrumbList\",\"@id\":\"https:\\\/\\\/diario.m-achermann.com\\\/de\\\/das-stationstagebuch\\\/sonntag-31-januar-2021-2200-uhr\\\/#breadcrumblist\",\"itemListElement\":[{\"@type\":\"ListItem\",\"@id\":\"https:\\\/\\\/diario.m-achermann.com\\\/de\\\/#listItem\",\"position\":1,\"name\":\"Home\",\"item\":\"https:\\\/\\\/diario.m-achermann.com\\\/de\\\/\",\"nextItem\":{\"@type\":\"ListItem\",\"@id\":\"https:\\\/\\\/diario.m-achermann.com\\\/de\\\/das-stationstagebuch\\\/#listItem\",\"name\":\"Das Stationstagebuch\"}},{\"@type\":\"ListItem\",\"@id\":\"https:\\\/\\\/diario.m-achermann.com\\\/de\\\/das-stationstagebuch\\\/#listItem\",\"position\":2,\"name\":\"Das Stationstagebuch\",\"item\":\"https:\\\/\\\/diario.m-achermann.com\\\/de\\\/das-stationstagebuch\\\/\",\"nextItem\":{\"@type\":\"ListItem\",\"@id\":\"https:\\\/\\\/diario.m-achermann.com\\\/de\\\/das-stationstagebuch\\\/sonntag-31-januar-2021-2200-uhr\\\/#listItem\",\"name\":\"Sonntag, 31. Januar 2021, 22:00 Uhr\"},\"previousItem\":{\"@type\":\"ListItem\",\"@id\":\"https:\\\/\\\/diario.m-achermann.com\\\/de\\\/#listItem\",\"name\":\"Home\"}},{\"@type\":\"ListItem\",\"@id\":\"https:\\\/\\\/diario.m-achermann.com\\\/de\\\/das-stationstagebuch\\\/sonntag-31-januar-2021-2200-uhr\\\/#listItem\",\"position\":3,\"name\":\"Sonntag, 31. Januar 2021, 22:00 Uhr\",\"previousItem\":{\"@type\":\"ListItem\",\"@id\":\"https:\\\/\\\/diario.m-achermann.com\\\/de\\\/das-stationstagebuch\\\/#listItem\",\"name\":\"Das Stationstagebuch\"}}]},{\"@type\":\"Person\",\"@id\":\"https:\\\/\\\/diario.m-achermann.com\\\/de\\\/#person\",\"name\":\"Mirko Achermann\",\"image\":{\"@type\":\"ImageObject\",\"@id\":\"https:\\\/\\\/diario.m-achermann.com\\\/de\\\/das-stationstagebuch\\\/sonntag-31-januar-2021-2200-uhr\\\/#personImage\",\"url\":\"https:\\\/\\\/secure.gravatar.com\\\/avatar\\\/53bb9dac79236bd713fbe107c9f2410ca8a6094577846073d4bea7d0bab1e51f?s=96&d=mm&r=g\",\"width\":96,\"height\":96,\"caption\":\"Mirko Achermann\"}},{\"@type\":\"WebPage\",\"@id\":\"https:\\\/\\\/diario.m-achermann.com\\\/de\\\/das-stationstagebuch\\\/sonntag-31-januar-2021-2200-uhr\\\/#webpage\",\"url\":\"https:\\\/\\\/diario.m-achermann.com\\\/de\\\/das-stationstagebuch\\\/sonntag-31-januar-2021-2200-uhr\\\/\",\"name\":\"Tagebuch einer Krankenschwester: Mirkos Weg auf der Intensivstation\",\"description\":\"Entdecken Sie das Krankenhaustagebuch von Stefania, Krankenschwester am Cardiocentro, die den Weg eines Patienten beschreibt, der nach Covid-Komplikationen verlegt wurde.\",\"inLanguage\":\"de-DE\",\"isPartOf\":{\"@id\":\"https:\\\/\\\/diario.m-achermann.com\\\/de\\\/#website\"},\"breadcrumb\":{\"@id\":\"https:\\\/\\\/diario.m-achermann.com\\\/de\\\/das-stationstagebuch\\\/sonntag-31-januar-2021-2200-uhr\\\/#breadcrumblist\"},\"datePublished\":\"2023-10-23T20:25:39+02:00\",\"dateModified\":\"2026-04-01T17:05:20+02:00\"},{\"@type\":\"WebSite\",\"@id\":\"https:\\\/\\\/diario.m-achermann.com\\\/de\\\/#website\",\"url\":\"https:\\\/\\\/diario.m-achermann.com\\\/de\\\/\",\"name\":\"ECMO \\u2013 Diario di una vita stravolta\",\"alternateName\":\"ECMO\",\"description\":\"Mein Abenteuer \\u2013 oder vielleicht eher ein Missgeschick? Gl\\u00fcck oder Pech?\",\"inLanguage\":\"de-DE\",\"publisher\":{\"@id\":\"https:\\\/\\\/diario.m-achermann.com\\\/de\\\/#person\"}}]}\n\t\t<\/script>\n\t\t<!-- All in One SEO Pro -->\r\n\t\t<title>Tagebuch einer Krankenschwester: Mirkos Weg auf der Intensivstation<\/title>\n\n","aioseo_head_json":{"title":"Tagebuch einer Krankenschwester: Mirkos Weg auf der Intensivstation","description":"Entdecken Sie das Krankenhaustagebuch von Stefania, Krankenschwester am Cardiocentro, die den Weg eines Patienten beschreibt, der nach Covid-Komplikationen verlegt wurde.","canonical_url":"https:\/\/diario.m-achermann.com\/de\/das-stationstagebuch\/sonntag-31-januar-2021-2200-uhr\/","robots":"max-snippet:-1, max-image-preview:large, max-video-preview:-1","keywords":"","webmasterTools":{"google-site-verification":"2kcNb_eND2p_5dJ-aEUjUzdL5U1pyWvu9G-2F4Qyiwk","msvalidate.01":"8A32EFC1288A3ACC21FB6846BFC9E656","miscellaneous":""},"schema":{"@context":"https:\/\/schema.org","@graph":[{"@type":"BreadcrumbList","@id":"https:\/\/diario.m-achermann.com\/de\/das-stationstagebuch\/sonntag-31-januar-2021-2200-uhr\/#breadcrumblist","itemListElement":[{"@type":"ListItem","@id":"https:\/\/diario.m-achermann.com\/de\/#listItem","position":1,"name":"Home","item":"https:\/\/diario.m-achermann.com\/de\/","nextItem":{"@type":"ListItem","@id":"https:\/\/diario.m-achermann.com\/de\/das-stationstagebuch\/#listItem","name":"Das Stationstagebuch"}},{"@type":"ListItem","@id":"https:\/\/diario.m-achermann.com\/de\/das-stationstagebuch\/#listItem","position":2,"name":"Das Stationstagebuch","item":"https:\/\/diario.m-achermann.com\/de\/das-stationstagebuch\/","nextItem":{"@type":"ListItem","@id":"https:\/\/diario.m-achermann.com\/de\/das-stationstagebuch\/sonntag-31-januar-2021-2200-uhr\/#listItem","name":"Sonntag, 31. Januar 2021, 22:00 Uhr"},"previousItem":{"@type":"ListItem","@id":"https:\/\/diario.m-achermann.com\/de\/#listItem","name":"Home"}},{"@type":"ListItem","@id":"https:\/\/diario.m-achermann.com\/de\/das-stationstagebuch\/sonntag-31-januar-2021-2200-uhr\/#listItem","position":3,"name":"Sonntag, 31. Januar 2021, 22:00 Uhr","previousItem":{"@type":"ListItem","@id":"https:\/\/diario.m-achermann.com\/de\/das-stationstagebuch\/#listItem","name":"Das Stationstagebuch"}}]},{"@type":"Person","@id":"https:\/\/diario.m-achermann.com\/de\/#person","name":"Mirko Achermann","image":{"@type":"ImageObject","@id":"https:\/\/diario.m-achermann.com\/de\/das-stationstagebuch\/sonntag-31-januar-2021-2200-uhr\/#personImage","url":"https:\/\/secure.gravatar.com\/avatar\/53bb9dac79236bd713fbe107c9f2410ca8a6094577846073d4bea7d0bab1e51f?s=96&d=mm&r=g","width":96,"height":96,"caption":"Mirko Achermann"}},{"@type":"WebPage","@id":"https:\/\/diario.m-achermann.com\/de\/das-stationstagebuch\/sonntag-31-januar-2021-2200-uhr\/#webpage","url":"https:\/\/diario.m-achermann.com\/de\/das-stationstagebuch\/sonntag-31-januar-2021-2200-uhr\/","name":"Tagebuch einer Krankenschwester: Mirkos Weg auf der Intensivstation","description":"Entdecken Sie das Krankenhaustagebuch von Stefania, Krankenschwester am Cardiocentro, die den Weg eines Patienten beschreibt, der nach Covid-Komplikationen verlegt wurde.","inLanguage":"de-DE","isPartOf":{"@id":"https:\/\/diario.m-achermann.com\/de\/#website"},"breadcrumb":{"@id":"https:\/\/diario.m-achermann.com\/de\/das-stationstagebuch\/sonntag-31-januar-2021-2200-uhr\/#breadcrumblist"},"datePublished":"2023-10-23T20:25:39+02:00","dateModified":"2026-04-01T17:05:20+02:00"},{"@type":"WebSite","@id":"https:\/\/diario.m-achermann.com\/de\/#website","url":"https:\/\/diario.m-achermann.com\/de\/","name":"ECMO \u2013 Diario di una vita stravolta","alternateName":"ECMO","description":"Mein Abenteuer \u2013 oder vielleicht eher ein Missgeschick? Gl\u00fcck oder Pech?","inLanguage":"de-DE","publisher":{"@id":"https:\/\/diario.m-achermann.com\/de\/#person"}}]},"og:locale":"de_DE","og:site_name":"ECMO \u2013 Tagebuch eines auf den Kopf gestellten Lebens - Mein Abenteuer \u2013 oder vielleicht eher ein Missgeschick? Gl\u00fcck oder Pech?","og:type":"article","og:title":"Tagebuch einer Krankenschwester: Mirkos Weg auf der Intensivstation","og:description":"Entdecken Sie das Krankenhaustagebuch von Stefania, Krankenschwester am Cardiocentro, die den Weg eines Patienten beschreibt, der nach Covid-Komplikationen verlegt wurde.","og:url":"https:\/\/diario.m-achermann.com\/de\/das-stationstagebuch\/sonntag-31-januar-2021-2200-uhr\/","og:image":"https:\/\/diario.m-achermann.com\/wp-content\/uploads\/2024\/02\/Mirko.png","og:image:secure_url":"https:\/\/diario.m-achermann.com\/wp-content\/uploads\/2024\/02\/Mirko.png","og:image:width":200,"og:image:height":200,"article:published_time":"2023-10-23T18:25:39+00:00","article:modified_time":"2026-04-01T15:05:20+00:00","article:publisher":"https:\/\/www.facebook.com\/profile.php?id=61556963490212","twitter:card":"summary_large_image","twitter:site":"@Mapi1967","twitter:title":"Tagebuch einer Krankenschwester: Mirkos Weg auf der Intensivstation","twitter:description":"Entdecken Sie das Krankenhaustagebuch von Stefania, Krankenschwester am Cardiocentro, die den Weg eines Patienten beschreibt, der nach Covid-Komplikationen verlegt wurde.","twitter:creator":"@Mapi1967","twitter:image":"https:\/\/diario.m-achermann.com\/wp-content\/uploads\/2024\/02\/Mirko.png"},"aioseo_meta_data":{"post_id":"10026","title":"Tagebuch einer Krankenschwester: Mirkos Weg auf der Intensivstation","description":"Entdecken Sie das Krankenhaustagebuch von Stefania, Krankenschwester am Cardiocentro, die den Weg eines Patienten beschreibt, der nach Covid-Komplikationen verlegt wurde.","keywords":null,"keyphrases":{"focus":{"keyphrase":"Diario","score":64,"analysis":{"keyphraseInTitle":{"score":9,"maxScore":9,"error":0},"keyphraseInDescription":{"score":9,"maxScore":9,"error":0},"keyphraseLength":{"score":9,"maxScore":9,"error":0,"length":1},"keyphraseInURL":{"score":5,"maxScore":5,"error":0},"keyphraseInIntroduction":{"score":3,"maxScore":9,"error":1},"keyphraseInSubHeadings":[],"keyphraseInImageAlt":{"score":3,"maxScore":9,"error":1},"keywordDensity":{"score":0,"type":"low","maxScore":9,"error":1}}},"additional":[{"keyphrase":"degenza","score":53,"analysis":{"keyphraseInDescription":{"score":9,"maxScore":9,"error":0},"keyphraseLength":{"score":9,"maxScore":9,"error":0,"length":1},"keyphraseInIntroduction":{"score":3,"maxScore":9,"error":1},"keyphraseInImageAlt":{"score":3,"maxScore":9,"error":1},"keywordDensity":{"score":0,"type":"low","maxScore":9,"error":1}}},{"keyphrase":"primo giorno","score":40,"analysis":{"keyphraseInDescription":{"score":3,"maxScore":9,"error":1},"keyphraseLength":{"score":9,"maxScore":9,"error":0,"length":2},"keyphraseInIntroduction":{"score":3,"maxScore":9,"error":1},"keyphraseInImageAlt":{"score":3,"maxScore":9,"error":1},"keywordDensity":{"score":0,"type":"low","maxScore":9,"error":1}}},{"keyphrase":"intubazione","score":40,"analysis":{"keyphraseInDescription":{"score":3,"maxScore":9,"error":1},"keyphraseLength":{"score":9,"maxScore":9,"error":0,"length":1},"keyphraseInIntroduction":{"score":3,"maxScore":9,"error":1},"keyphraseInImageAlt":{"score":3,"maxScore":9,"error":1},"keywordDensity":{"score":0,"type":"low","maxScore":9,"error":1}}},{"keyphrase":"ECMO","score":60,"analysis":{"keyphraseInDescription":{"score":3,"maxScore":9,"error":1},"keyphraseLength":{"score":9,"maxScore":9,"error":0,"length":1},"keyphraseInIntroduction":{"score":3,"maxScore":9,"error":1},"keyphraseInImageAlt":{"score":3,"maxScore":9,"error":1},"keywordDensity":{"type":"best","score":9,"maxScore":9,"error":0}}},{"keyphrase":"Cardiocentro","score":87,"analysis":{"keyphraseInDescription":{"score":9,"maxScore":9,"error":0},"keyphraseLength":{"score":9,"maxScore":9,"error":0,"length":1},"keyphraseInIntroduction":{"score":9,"maxScore":9,"error":0},"keyphraseInImageAlt":{"score":3,"maxScore":9,"error":1},"keywordDensity":{"type":"best","score":9,"maxScore":9,"error":0}}}]},"primary_term":null,"canonical_url":null,"og_title":null,"og_description":null,"og_object_type":"default","og_image_type":"default","og_image_url":null,"og_image_width":null,"og_image_height":null,"og_image_custom_url":null,"og_image_custom_fields":null,"og_video":"","og_custom_url":null,"og_article_section":null,"og_article_tags":null,"twitter_use_og":false,"twitter_card":"default","twitter_image_type":"default","twitter_image_url":null,"twitter_image_custom_url":null,"twitter_image_custom_fields":null,"twitter_title":null,"twitter_description":null,"schema":{"blockGraphs":[],"customGraphs":[],"default":{"data":{"Article":[],"Course":[],"Dataset":[],"FAQPage":[],"Movie":[],"Person":[],"Product":[],"ProductReview":[],"Car":[],"Recipe":[],"Service":[],"SoftwareApplication":[],"WebPage":[]},"graphName":"WebPage","isEnabled":true},"graphs":[]},"schema_type":"default","schema_type_options":null,"pillar_content":false,"robots_default":true,"robots_noindex":false,"robots_noarchive":false,"robots_nosnippet":false,"robots_nofollow":false,"robots_noimageindex":false,"robots_noodp":false,"robots_notranslate":false,"robots_max_snippet":"-1","robots_max_videopreview":"-1","robots_max_imagepreview":"large","priority":null,"frequency":"default","local_seo":null,"seo_analyzer_scan_date":"2026-04-01 15:52:59","breadcrumb_settings":null,"limit_modified_date":0,"reviewed_by":null,"open_ai":"{\"title\":{\"suggestions\":[],\"usage\":0},\"description\":{\"suggestions\":[],\"usage\":0}}","ai":{"faqs":[],"keyPoints":[],"titles":["Diario di un'Infermiera: Il Percorso di Mirko in Terapia Intensiva","Come si Ricostruisce un Caso di COVID in un Diario Medico","Il Diario di Cura di Mirko: Dalla Clinica al Lettino di Ricovero","Storia di un Ricovero Covid: Diario di un'Infermiera","Il Percorso Ospedaliero di Mirko: Un Diario di Cura"],"descriptions":["Scopri il diario medico di Stefania, infermiera del Cardiocentro, che racconta il percorso di un paziente trasferito dopo complicanze da Covid.","Esplora il diario di Stefania, che descrive il complesso trattamento con ECMO e le staffe respiratorie di un paziente Covid al Cardiocentro.","Un intervento dettagliato nel diario di Stefania, che illustra i passaggi di un ricovero critico da Covid e le procedure mediche adottate.","Leggi il racconto giornaliero di Stefania, infermiera, o nel quale spiega come vengono gestiti i pazienti con tecniche avanzate come l\u2019ECMO.","Approfondisci il diario di Stefania, che narra il percorso di cura intensivo di un paziente Covid al Cardiocentro, usando tecnologie vitali come ECMO."],"socialPosts":{"email":[],"linkedin":[],"twitter":[],"facebook":[],"instagram":[]}},"created":"2026-04-01 15:05:15","updated":"2026-04-01 18:23:02"},"aioseo_breadcrumb":"<div class=\"aioseo-breadcrumbs\"><span class=\"aioseo-breadcrumb\">\n\t<a href=\"https:\/\/diario.m-achermann.com\/de\/\" title=\"Home\">Home<\/a>\n<\/span><span class=\"aioseo-breadcrumb-separator\">\u00bb<\/span><span class=\"aioseo-breadcrumb\">\n\t<a href=\"https:\/\/diario.m-achermann.com\/de\/das-stationstagebuch\/\" title=\"Das Stationstagebuch\">Das Stationstagebuch<\/a>\n<\/span><span class=\"aioseo-breadcrumb-separator\">\u00bb<\/span><span class=\"aioseo-breadcrumb\">\n\tSonntag, 31. Januar 2021, 22:00 Uhr\n<\/span><\/div>","aioseo_breadcrumb_json":[{"label":"Home","link":"https:\/\/diario.m-achermann.com\/de\/"},{"label":"Das Stationstagebuch","link":"https:\/\/diario.m-achermann.com\/de\/das-stationstagebuch\/"},{"label":"Sonntag, 31. Januar 2021, 22:00 Uhr","link":"https:\/\/diario.m-achermann.com\/de\/das-stationstagebuch\/sonntag-31-januar-2021-2200-uhr\/"}],"_links":{"self":[{"href":"https:\/\/diario.m-achermann.com\/de\/wp-json\/wp\/v2\/pages\/10026","targetHints":{"allow":["GET"]}}],"collection":[{"href":"https:\/\/diario.m-achermann.com\/de\/wp-json\/wp\/v2\/pages"}],"about":[{"href":"https:\/\/diario.m-achermann.com\/de\/wp-json\/wp\/v2\/types\/page"}],"author":[{"embeddable":true,"href":"https:\/\/diario.m-achermann.com\/de\/wp-json\/wp\/v2\/users\/1"}],"replies":[{"embeddable":true,"href":"https:\/\/diario.m-achermann.com\/de\/wp-json\/wp\/v2\/comments?post=10026"}],"version-history":[{"count":1,"href":"https:\/\/diario.m-achermann.com\/de\/wp-json\/wp\/v2\/pages\/10026\/revisions"}],"predecessor-version":[{"id":10027,"href":"https:\/\/diario.m-achermann.com\/de\/wp-json\/wp\/v2\/pages\/10026\/revisions\/10027"}],"up":[{"embeddable":true,"href":"https:\/\/diario.m-achermann.com\/de\/wp-json\/wp\/v2\/pages\/10014"}],"wp:attachment":[{"href":"https:\/\/diario.m-achermann.com\/de\/wp-json\/wp\/v2\/media?parent=10026"}],"wp:term":[{"taxonomy":"category","embeddable":true,"href":"https:\/\/diario.m-achermann.com\/de\/wp-json\/wp\/v2\/categories?post=10026"},{"taxonomy":"post_tag","embeddable":true,"href":"https:\/\/diario.m-achermann.com\/de\/wp-json\/wp\/v2\/tags?post=10026"}],"curies":[{"name":"wp","href":"https:\/\/api.w.org\/{rel}","templated":true}]}}