{"id":9362,"date":"2023-10-24T16:02:22","date_gmt":"2023-10-24T14:02:22","guid":{"rendered":"https:\/\/diario.m-achermann.com\/freitag-26-februar-2021-1340-uhr\/"},"modified":"2026-04-02T10:35:14","modified_gmt":"2026-04-02T08:35:14","slug":"freitag-26-februar-2021-1340-uhr","status":"publish","type":"page","link":"https:\/\/diario.m-achermann.com\/de\/das-stationstagebuch\/freitag-26-februar-2021-1340-uhr\/","title":{"rendered":"Freitag, 26. Februar 2021, 13:40 Uhr"},"content":{"rendered":"\n<p>Guten Morgen Herr Achermann,<br\/>hier ist wieder Maura.<\/p>\n\n<p>Heute Morgen habe ich ihn nach der \u201eSch\u00f6nheitspflege\u201c auf die linke Seite gelegt, dem Licht zugewandt, das durch das Fenster einf\u00e4llt (heute ist ein sch\u00f6ner sonniger Tag und es f\u00fchlt sich fast wie Fr\u00fchling an).<\/p>\n\n<p>Wir haben ein Beruhigungsmittel pausiert, um zu sehen, ob Sie aufwachen und wir Kontakt zu Ihnen bekommen; im Moment \u00f6ffnen Sie die Augen auf Ansprache. <br\/>Sie k\u00f6nnen sich nicht bewegen, da Sie durch das lange Liegen im Bett unweigerlich geschw\u00e4cht sind. <br\/>Ich habe Ihnen erkl\u00e4rt, dass Sie sich noch auf der Intensivstation befinden und dass alles in Ordnung ist; dass Sie Geduld haben m\u00fcssen, um zu genesen und Ihre Kr\u00e4fte wiederzuerlangen. <\/p>\n\n<p>Anschlie\u00dfend (ich schreibe jetzt weiter) haben wir Sie wieder in Bauchlage gebracht, nachdem wir die Sedierung wieder aufgenommen haben. <br\/>Wir haben uns f\u00fcr diese Ma\u00dfnahmen alle notwendige Zeit genommen, um sie sicher durchzuf\u00fchren, da Sie \u00fcber die Trachealkan\u00fcle beatmet werden, und um Sie so bequem wie m\u00f6glich zu lagern. Sie werden mehrere Stunden in dieser Position bleiben, aber wir werden die Auflagepunkte wechseln, um keine Druckstellen zu verursachen und Ihnen Erleichterung zu verschaffen. <\/p>\n\n<p>Bis morgen.<br\/>Maura<\/p>\n","protected":false},"excerpt":{"rendered":"<p>Guten Morgen Herr Achermann,hier ist wieder Maura. Heute Morgen habe ich ihn nach der \u201eSch\u00f6nheitspflege\u201c auf die linke Seite gelegt, dem Licht zugewandt, das durch das Fenster einf\u00e4llt (heute ist ein sch\u00f6ner sonniger Tag und es f\u00fchlt sich fast wie Fr\u00fchling an). Wir haben ein Beruhigungsmittel pausiert, um zu sehen, ob Sie aufwachen und wir&hellip;&nbsp;<a href=\"https:\/\/diario.m-achermann.com\/de\/das-stationstagebuch\/freitag-26-februar-2021-1340-uhr\/\" rel=\"bookmark\">Weiterlesen &raquo;<span class=\"screen-reader-text\">Freitag, 26. Februar 2021, 13:40 Uhr<\/span><\/a><\/p>\n","protected":false},"author":1,"featured_media":0,"parent":10014,"menu_order":140,"comment_status":"open","ping_status":"closed","template":"","meta":{"_editorskit_title_hidden":false,"_editorskit_reading_time":0,"_editorskit_is_block_options_detached":false,"_editorskit_block_options_position":"{}","om_disable_all_campaigns":false,"_lmt_disableupdate":"","_lmt_disable":"","_monsterinsights_skip_tracking":false,"_monsterinsights_sitenote_active":false,"_monsterinsights_sitenote_note":"","_monsterinsights_sitenote_category":0,"neve_meta_sidebar":"","neve_meta_container":"","neve_meta_enable_content_width":"","neve_meta_content_width":0,"neve_meta_title_alignment":"","neve_meta_author_avatar":"","neve_post_elements_order":"","neve_meta_disable_header":"","neve_meta_disable_footer":"","neve_meta_disable_title":"","neve_meta_reading_time":"","_themeisle_gutenberg_block_has_review":false,"footnotes":""},"categories":[],"tags":[],"class_list":["post-9362","page","type-page","status-publish","hentry"],"aioseo_notices":[],"aioseo_head":"\n\t\t<!-- All in One SEO Pro 4.9.7.1 - aioseo.com -->\n\t<meta name=\"description\" content=\"Lesen Sie ein ber\u00fchrendes Beispiel eines t\u00e4glichen Pflegetagebuchs, das die intensive Betreuung und die langsame Genesung eines Patienten auf der Intensivstation dokumentiert.\" \/>\n\t<meta name=\"robots\" content=\"max-snippet:-1, max-image-preview:large, max-video-preview:-1\" \/>\n\t<meta name=\"google-site-verification\" content=\"2kcNb_eND2p_5dJ-aEUjUzdL5U1pyWvu9G-2F4Qyiwk\" \/>\n\t<meta name=\"msvalidate.01\" content=\"8A32EFC1288A3ACC21FB6846BFC9E656\" \/>\n\t<link rel=\"canonical\" href=\"https:\/\/diario.m-achermann.com\/de\/das-stationstagebuch\/freitag-26-februar-2021-1340-uhr\/\" \/>\n\t<meta name=\"generator\" content=\"All in One SEO Pro (AIOSEO) 4.9.7.1\" \/>\n\t\t<meta property=\"og:locale\" content=\"de_DE\" \/>\n\t\t<meta property=\"og:site_name\" content=\"ECMO \u2013 Tagebuch eines auf den Kopf gestellten Lebens - Mein Abenteuer \u2013 oder vielleicht eher ein Missgeschick? Gl\u00fcck oder Pech?\" \/>\n\t\t<meta property=\"og:type\" content=\"article\" \/>\n\t\t<meta property=\"og:title\" content=\"Freitag, 26. Februar 2021, 13:40 Uhr\" \/>\n\t\t<meta property=\"og:description\" content=\"Lesen Sie ein ber\u00fchrendes Beispiel eines t\u00e4glichen Pflegetagebuchs, das die intensive Betreuung und die langsame Genesung eines Patienten auf der Intensivstation dokumentiert.\" \/>\n\t\t<meta property=\"og:url\" content=\"https:\/\/diario.m-achermann.com\/de\/das-stationstagebuch\/freitag-26-februar-2021-1340-uhr\/\" \/>\n\t\t<meta property=\"og:image\" content=\"https:\/\/secure.gravatar.com\/avatar\/53bb9dac79236bd713fbe107c9f2410ca8a6094577846073d4bea7d0bab1e51f?s=300&#038;d=mm&#038;r=g\" \/>\n\t\t<meta property=\"og:image:secure_url\" content=\"https:\/\/secure.gravatar.com\/avatar\/53bb9dac79236bd713fbe107c9f2410ca8a6094577846073d4bea7d0bab1e51f?s=300&#038;d=mm&#038;r=g\" \/>\n\t\t<meta property=\"article:published_time\" content=\"2023-10-24T14:02:22+00:00\" \/>\n\t\t<meta property=\"article:modified_time\" content=\"2026-04-02T08:35:14+00:00\" \/>\n\t\t<meta property=\"article:publisher\" content=\"https:\/\/www.facebook.com\/profile.php?id=61556963490212\" \/>\n\t\t<meta name=\"twitter:card\" content=\"summary_large_image\" \/>\n\t\t<meta name=\"twitter:site\" content=\"@Mapi1967\" \/>\n\t\t<meta name=\"twitter:title\" content=\"Freitag, 26. Februar 2021, 13:40 Uhr\" \/>\n\t\t<meta name=\"twitter:description\" content=\"Lesen Sie ein ber\u00fchrendes Beispiel eines t\u00e4glichen Pflegetagebuchs, das die intensive Betreuung und die langsame Genesung eines Patienten auf der Intensivstation dokumentiert.\" \/>\n\t\t<meta name=\"twitter:creator\" content=\"@Mapi1967\" \/>\n\t\t<meta name=\"twitter:image\" content=\"https:\/\/diario.m-achermann.com\/wp-content\/uploads\/2024\/02\/Mirko.png\" \/>\n\t\t<script type=\"application\/ld+json\" class=\"aioseo-schema\">\n\t\t\t{\"@context\":\"https:\\\/\\\/schema.org\",\"@graph\":[{\"@type\":\"BreadcrumbList\",\"@id\":\"https:\\\/\\\/diario.m-achermann.com\\\/de\\\/das-stationstagebuch\\\/freitag-26-februar-2021-1340-uhr\\\/#breadcrumblist\",\"itemListElement\":[{\"@type\":\"ListItem\",\"@id\":\"https:\\\/\\\/diario.m-achermann.com\\\/de\\\/#listItem\",\"position\":1,\"name\":\"Home\",\"item\":\"https:\\\/\\\/diario.m-achermann.com\\\/de\\\/\",\"nextItem\":{\"@type\":\"ListItem\",\"@id\":\"https:\\\/\\\/diario.m-achermann.com\\\/de\\\/das-stationstagebuch\\\/#listItem\",\"name\":\"Das Stationstagebuch\"}},{\"@type\":\"ListItem\",\"@id\":\"https:\\\/\\\/diario.m-achermann.com\\\/de\\\/das-stationstagebuch\\\/#listItem\",\"position\":2,\"name\":\"Das Stationstagebuch\",\"item\":\"https:\\\/\\\/diario.m-achermann.com\\\/de\\\/das-stationstagebuch\\\/\",\"nextItem\":{\"@type\":\"ListItem\",\"@id\":\"https:\\\/\\\/diario.m-achermann.com\\\/de\\\/das-stationstagebuch\\\/freitag-26-februar-2021-1340-uhr\\\/#listItem\",\"name\":\"Freitag, 26. Februar 2021, 13:40 Uhr\"},\"previousItem\":{\"@type\":\"ListItem\",\"@id\":\"https:\\\/\\\/diario.m-achermann.com\\\/de\\\/#listItem\",\"name\":\"Home\"}},{\"@type\":\"ListItem\",\"@id\":\"https:\\\/\\\/diario.m-achermann.com\\\/de\\\/das-stationstagebuch\\\/freitag-26-februar-2021-1340-uhr\\\/#listItem\",\"position\":3,\"name\":\"Freitag, 26. Februar 2021, 13:40 Uhr\",\"previousItem\":{\"@type\":\"ListItem\",\"@id\":\"https:\\\/\\\/diario.m-achermann.com\\\/de\\\/das-stationstagebuch\\\/#listItem\",\"name\":\"Das Stationstagebuch\"}}]},{\"@type\":\"Person\",\"@id\":\"https:\\\/\\\/diario.m-achermann.com\\\/de\\\/#person\",\"name\":\"Mirko Achermann\",\"image\":{\"@type\":\"ImageObject\",\"@id\":\"https:\\\/\\\/diario.m-achermann.com\\\/de\\\/das-stationstagebuch\\\/freitag-26-februar-2021-1340-uhr\\\/#personImage\",\"url\":\"https:\\\/\\\/secure.gravatar.com\\\/avatar\\\/53bb9dac79236bd713fbe107c9f2410ca8a6094577846073d4bea7d0bab1e51f?s=96&d=mm&r=g\",\"width\":96,\"height\":96,\"caption\":\"Mirko Achermann\"}},{\"@type\":\"WebPage\",\"@id\":\"https:\\\/\\\/diario.m-achermann.com\\\/de\\\/das-stationstagebuch\\\/freitag-26-februar-2021-1340-uhr\\\/#webpage\",\"url\":\"https:\\\/\\\/diario.m-achermann.com\\\/de\\\/das-stationstagebuch\\\/freitag-26-februar-2021-1340-uhr\\\/\",\"name\":\"Ein Tag im Pflegetagebuch: Situation von Herrn Achermann im Krankenhaus\",\"description\":\"Lesen Sie ein ber\\u00fchrendes Beispiel eines t\\u00e4glichen Pflegetagebuchs, das die intensive Betreuung und die langsame Genesung eines Patienten auf der Intensivstation dokumentiert.\",\"inLanguage\":\"de-DE\",\"isPartOf\":{\"@id\":\"https:\\\/\\\/diario.m-achermann.com\\\/de\\\/#website\"},\"breadcrumb\":{\"@id\":\"https:\\\/\\\/diario.m-achermann.com\\\/de\\\/das-stationstagebuch\\\/freitag-26-februar-2021-1340-uhr\\\/#breadcrumblist\"},\"datePublished\":\"2023-10-24T16:02:22+02:00\",\"dateModified\":\"2026-04-02T10:35:14+02:00\"},{\"@type\":\"WebSite\",\"@id\":\"https:\\\/\\\/diario.m-achermann.com\\\/de\\\/#website\",\"url\":\"https:\\\/\\\/diario.m-achermann.com\\\/de\\\/\",\"name\":\"ECMO \\u2013 Diario di una vita stravolta\",\"alternateName\":\"ECMO\",\"description\":\"Mein Abenteuer \\u2013 oder vielleicht eher ein Missgeschick? Gl\\u00fcck oder Pech?\",\"inLanguage\":\"de-DE\",\"publisher\":{\"@id\":\"https:\\\/\\\/diario.m-achermann.com\\\/de\\\/#person\"}}]}\n\t\t<\/script>\n\t\t<!-- All in One SEO Pro -->\r\n\t\t<title>Ein Tag im Pflegetagebuch: Situation von Herrn Achermann im Krankenhaus<\/title>\n\n","aioseo_head_json":{"title":"Ein Tag im Pflegetagebuch: Situation von Herrn Achermann im Krankenhaus","description":"Lesen Sie ein ber\u00fchrendes Beispiel eines t\u00e4glichen Pflegetagebuchs, das die intensive Betreuung und die langsame Genesung eines Patienten auf der Intensivstation dokumentiert.","canonical_url":"https:\/\/diario.m-achermann.com\/de\/das-stationstagebuch\/freitag-26-februar-2021-1340-uhr\/","robots":"max-snippet:-1, max-image-preview:large, max-video-preview:-1","keywords":"","webmasterTools":{"google-site-verification":"2kcNb_eND2p_5dJ-aEUjUzdL5U1pyWvu9G-2F4Qyiwk","msvalidate.01":"8A32EFC1288A3ACC21FB6846BFC9E656","miscellaneous":""},"schema":{"@context":"https:\/\/schema.org","@graph":[{"@type":"BreadcrumbList","@id":"https:\/\/diario.m-achermann.com\/de\/das-stationstagebuch\/freitag-26-februar-2021-1340-uhr\/#breadcrumblist","itemListElement":[{"@type":"ListItem","@id":"https:\/\/diario.m-achermann.com\/de\/#listItem","position":1,"name":"Home","item":"https:\/\/diario.m-achermann.com\/de\/","nextItem":{"@type":"ListItem","@id":"https:\/\/diario.m-achermann.com\/de\/das-stationstagebuch\/#listItem","name":"Das Stationstagebuch"}},{"@type":"ListItem","@id":"https:\/\/diario.m-achermann.com\/de\/das-stationstagebuch\/#listItem","position":2,"name":"Das Stationstagebuch","item":"https:\/\/diario.m-achermann.com\/de\/das-stationstagebuch\/","nextItem":{"@type":"ListItem","@id":"https:\/\/diario.m-achermann.com\/de\/das-stationstagebuch\/freitag-26-februar-2021-1340-uhr\/#listItem","name":"Freitag, 26. Februar 2021, 13:40 Uhr"},"previousItem":{"@type":"ListItem","@id":"https:\/\/diario.m-achermann.com\/de\/#listItem","name":"Home"}},{"@type":"ListItem","@id":"https:\/\/diario.m-achermann.com\/de\/das-stationstagebuch\/freitag-26-februar-2021-1340-uhr\/#listItem","position":3,"name":"Freitag, 26. Februar 2021, 13:40 Uhr","previousItem":{"@type":"ListItem","@id":"https:\/\/diario.m-achermann.com\/de\/das-stationstagebuch\/#listItem","name":"Das Stationstagebuch"}}]},{"@type":"Person","@id":"https:\/\/diario.m-achermann.com\/de\/#person","name":"Mirko Achermann","image":{"@type":"ImageObject","@id":"https:\/\/diario.m-achermann.com\/de\/das-stationstagebuch\/freitag-26-februar-2021-1340-uhr\/#personImage","url":"https:\/\/secure.gravatar.com\/avatar\/53bb9dac79236bd713fbe107c9f2410ca8a6094577846073d4bea7d0bab1e51f?s=96&d=mm&r=g","width":96,"height":96,"caption":"Mirko Achermann"}},{"@type":"WebPage","@id":"https:\/\/diario.m-achermann.com\/de\/das-stationstagebuch\/freitag-26-februar-2021-1340-uhr\/#webpage","url":"https:\/\/diario.m-achermann.com\/de\/das-stationstagebuch\/freitag-26-februar-2021-1340-uhr\/","name":"Ein Tag im Pflegetagebuch: Situation von Herrn Achermann im Krankenhaus","description":"Lesen Sie ein ber\u00fchrendes Beispiel eines t\u00e4glichen Pflegetagebuchs, das die intensive Betreuung und die langsame Genesung eines Patienten auf der Intensivstation dokumentiert.","inLanguage":"de-DE","isPartOf":{"@id":"https:\/\/diario.m-achermann.com\/de\/#website"},"breadcrumb":{"@id":"https:\/\/diario.m-achermann.com\/de\/das-stationstagebuch\/freitag-26-februar-2021-1340-uhr\/#breadcrumblist"},"datePublished":"2023-10-24T16:02:22+02:00","dateModified":"2026-04-02T10:35:14+02:00"},{"@type":"WebSite","@id":"https:\/\/diario.m-achermann.com\/de\/#website","url":"https:\/\/diario.m-achermann.com\/de\/","name":"ECMO \u2013 Diario di una vita stravolta","alternateName":"ECMO","description":"Mein Abenteuer \u2013 oder vielleicht eher ein Missgeschick? Gl\u00fcck oder Pech?","inLanguage":"de-DE","publisher":{"@id":"https:\/\/diario.m-achermann.com\/de\/#person"}}]},"og:locale":"de_DE","og:site_name":"ECMO \u2013 Tagebuch eines auf den Kopf gestellten Lebens - Mein Abenteuer \u2013 oder vielleicht eher ein Missgeschick? Gl\u00fcck oder Pech?","og:type":"article","og:title":"Freitag, 26. Februar 2021, 13:40 Uhr","og:description":"Lesen Sie ein ber\u00fchrendes Beispiel eines t\u00e4glichen Pflegetagebuchs, das die intensive Betreuung und die langsame Genesung eines Patienten auf der Intensivstation dokumentiert.","og:url":"https:\/\/diario.m-achermann.com\/de\/das-stationstagebuch\/freitag-26-februar-2021-1340-uhr\/","og:image":"https:\/\/secure.gravatar.com\/avatar\/53bb9dac79236bd713fbe107c9f2410ca8a6094577846073d4bea7d0bab1e51f?s=300&#038;d=mm&#038;r=g","og:image:secure_url":"https:\/\/secure.gravatar.com\/avatar\/53bb9dac79236bd713fbe107c9f2410ca8a6094577846073d4bea7d0bab1e51f?s=300&#038;d=mm&#038;r=g","article:published_time":"2023-10-24T14:02:22+00:00","article:modified_time":"2026-04-02T08:35:14+00:00","article:publisher":"https:\/\/www.facebook.com\/profile.php?id=61556963490212","twitter:card":"summary_large_image","twitter:site":"@Mapi1967","twitter:title":"Freitag, 26. Februar 2021, 13:40 Uhr","twitter:description":"Lesen Sie ein ber\u00fchrendes Beispiel eines t\u00e4glichen Pflegetagebuchs, das die intensive Betreuung und die langsame Genesung eines Patienten auf der Intensivstation dokumentiert.","twitter:creator":"@Mapi1967","twitter:image":"https:\/\/diario.m-achermann.com\/wp-content\/uploads\/2024\/02\/Mirko.png"},"aioseo_meta_data":{"post_id":"9362","title":"Ein Tag im Pflegetagebuch: Situation von Herrn Achermann im Krankenhaus","description":"Lesen Sie ein ber\u00fchrendes Beispiel eines t\u00e4glichen Pflegetagebuchs, das die intensive Betreuung und die langsame Genesung eines Patienten auf der Intensivstation dokumentiert.","keywords":null,"keyphrases":{"focus":{"keyphrase":"Diario","score":70,"analysis":{"keyphraseInTitle":{"score":9,"maxScore":9,"error":0},"keyphraseInDescription":{"score":9,"maxScore":9,"error":0},"keyphraseLength":{"score":9,"maxScore":9,"error":0,"length":1},"keyphraseInURL":{"score":5,"maxScore":5,"error":0},"keyphraseInIntroduction":{"score":3,"maxScore":9,"error":1},"keyphraseInSubHeadings":[],"keyphraseInImageAlt":[],"keywordDensity":{"score":0,"type":"low","maxScore":9,"error":1}}},"additional":[{"keyphrase":"ECMO","score":42,"analysis":{"keyphraseInDescription":{"score":3,"maxScore":9,"error":1},"keyphraseLength":{"score":9,"maxScore":9,"error":0,"length":1},"keyphraseInIntroduction":{"score":3,"maxScore":9,"error":1},"keyphraseInImageAlt":[],"keywordDensity":{"score":0,"type":"low","maxScore":9,"error":1}}},{"keyphrase":"Degenza","score":58,"analysis":{"keyphraseInDescription":{"score":9,"maxScore":9,"error":0},"keyphraseLength":{"score":9,"maxScore":9,"error":0,"length":1},"keyphraseInIntroduction":{"score":3,"maxScore":9,"error":1},"keyphraseInImageAlt":[],"keywordDensity":{"score":0,"type":"low","maxScore":9,"error":1}}},{"keyphrase":"Cardiocentro","score":42,"analysis":{"keyphraseInDescription":{"score":3,"maxScore":9,"error":1},"keyphraseLength":{"score":9,"maxScore":9,"error":0,"length":1},"keyphraseInIntroduction":{"score":3,"maxScore":9,"error":1},"keyphraseInImageAlt":[],"keywordDensity":{"score":0,"type":"low","maxScore":9,"error":1}}},{"keyphrase":"sedativo","score":67,"analysis":{"keyphraseInDescription":{"score":3,"maxScore":9,"error":1},"keyphraseLength":{"score":9,"maxScore":9,"error":0,"length":1},"keyphraseInIntroduction":{"score":3,"maxScore":9,"error":1},"keyphraseInImageAlt":[],"keywordDensity":{"type":"best","score":9,"maxScore":9,"error":0}}},{"keyphrase":"posizione","score":67,"analysis":{"keyphraseInDescription":{"score":3,"maxScore":9,"error":1},"keyphraseLength":{"score":9,"maxScore":9,"error":0,"length":1},"keyphraseInIntroduction":{"score":3,"maxScore":9,"error":1},"keyphraseInImageAlt":[],"keywordDensity":{"type":"best","score":9,"maxScore":9,"error":0}}},{"keyphrase":"pronato","score":42,"analysis":{"keyphraseInDescription":{"score":3,"maxScore":9,"error":1},"keyphraseLength":{"score":9,"maxScore":9,"error":0,"length":1},"keyphraseInIntroduction":{"score":3,"maxScore":9,"error":1},"keyphraseInImageAlt":[],"keywordDensity":{"score":0,"type":"low","maxScore":9,"error":1}}}]},"primary_term":null,"canonical_url":null,"og_title":"#post_title","og_description":null,"og_object_type":"default","og_image_type":"author","og_image_url":null,"og_image_width":null,"og_image_height":null,"og_image_custom_url":null,"og_image_custom_fields":null,"og_video":"","og_custom_url":null,"og_article_section":null,"og_article_tags":null,"twitter_use_og":false,"twitter_card":"default","twitter_image_type":"default","twitter_image_url":null,"twitter_image_custom_url":null,"twitter_image_custom_fields":null,"twitter_title":null,"twitter_description":null,"schema":{"blockGraphs":[],"customGraphs":[],"default":{"data":{"Article":[],"Course":[],"Dataset":[],"FAQPage":[],"Movie":[],"Person":[],"Product":[],"ProductReview":[],"Car":[],"Recipe":[],"Service":[],"SoftwareApplication":[],"WebPage":[]},"graphName":"WebPage","isEnabled":true},"graphs":[]},"schema_type":"default","schema_type_options":null,"pillar_content":false,"robots_default":true,"robots_noindex":false,"robots_noarchive":false,"robots_nosnippet":false,"robots_nofollow":false,"robots_noimageindex":false,"robots_noodp":false,"robots_notranslate":false,"robots_max_snippet":"-1","robots_max_videopreview":"-1","robots_max_imagepreview":"large","priority":null,"frequency":"default","local_seo":null,"seo_analyzer_scan_date":"2026-04-02 09:23:46","breadcrumb_settings":null,"limit_modified_date":0,"reviewed_by":"0","open_ai":"{\"title\":{\"suggestions\":[],\"usage\":0},\"description\":{\"suggestions\":[],\"usage\":0}}","ai":{"faqs":[],"keyPoints":[],"titles":["Diario di una Ripresa: Aggiornamento sulla Salute di Sig. Achermann","L'evoluzione nel Diario: Storia di un Ricovero in Intensiva","Un Giorno nel Diario: Situatione di Sig. Achermann in Ospedale","Monitoraggio Diario: La Ricostruzione e la Cura del Sig. Achermann","Pensieri e Progresso nel Diario: Storia di un Ricovero in Ospedale"],"descriptions":["Scopri come un diario quotidiano pu\u00f2 aiutarti a monitorare e riflettere sul percorso di guarigione di una persona cara in terapia intensiva.","Leggi un esempio toccante di diario quotidiano che documenta le cure intense e il lento recupero di un paziente in rianimazione.","Un diario dettagliato offre uno sguardo intimo sulle cure e l\u2019attesa di un'aspettativa di miglioramento in un contesto di terapia intensiva.","Approfondisci l\u2019importanza di tenere un diario nel monitorare le fasi di recupero di un paziente in condizioni critiche.","Il diario di oggi rivela la delicatezza delle cure intensive e la speranza di un miglioramento, step dopo step."],"socialPosts":{"email":[],"linkedin":[],"twitter":[],"facebook":[],"instagram":[]}},"created":"2026-04-01 14:41:24","updated":"2026-04-02 09:23:46"},"aioseo_breadcrumb":"<div class=\"aioseo-breadcrumbs\"><span class=\"aioseo-breadcrumb\">\n\t<a href=\"https:\/\/diario.m-achermann.com\/de\/\" title=\"Home\">Home<\/a>\n<\/span><span class=\"aioseo-breadcrumb-separator\">\u00bb<\/span><span class=\"aioseo-breadcrumb\">\n\t<a href=\"https:\/\/diario.m-achermann.com\/de\/das-stationstagebuch\/\" title=\"Das Stationstagebuch\">Das Stationstagebuch<\/a>\n<\/span><span class=\"aioseo-breadcrumb-separator\">\u00bb<\/span><span class=\"aioseo-breadcrumb\">\n\tFreitag, 26. Februar 2021, 13:40 Uhr\n<\/span><\/div>","aioseo_breadcrumb_json":[{"label":"Home","link":"https:\/\/diario.m-achermann.com\/de\/"},{"label":"Das Stationstagebuch","link":"https:\/\/diario.m-achermann.com\/de\/das-stationstagebuch\/"},{"label":"Freitag, 26. Februar 2021, 13:40 Uhr","link":"https:\/\/diario.m-achermann.com\/de\/das-stationstagebuch\/freitag-26-februar-2021-1340-uhr\/"}],"_links":{"self":[{"href":"https:\/\/diario.m-achermann.com\/de\/wp-json\/wp\/v2\/pages\/9362","targetHints":{"allow":["GET"]}}],"collection":[{"href":"https:\/\/diario.m-achermann.com\/de\/wp-json\/wp\/v2\/pages"}],"about":[{"href":"https:\/\/diario.m-achermann.com\/de\/wp-json\/wp\/v2\/types\/page"}],"author":[{"embeddable":true,"href":"https:\/\/diario.m-achermann.com\/de\/wp-json\/wp\/v2\/users\/1"}],"replies":[{"embeddable":true,"href":"https:\/\/diario.m-achermann.com\/de\/wp-json\/wp\/v2\/comments?post=9362"}],"version-history":[{"count":2,"href":"https:\/\/diario.m-achermann.com\/de\/wp-json\/wp\/v2\/pages\/9362\/revisions"}],"predecessor-version":[{"id":10216,"href":"https:\/\/diario.m-achermann.com\/de\/wp-json\/wp\/v2\/pages\/9362\/revisions\/10216"}],"up":[{"embeddable":true,"href":"https:\/\/diario.m-achermann.com\/de\/wp-json\/wp\/v2\/pages\/10014"}],"wp:attachment":[{"href":"https:\/\/diario.m-achermann.com\/de\/wp-json\/wp\/v2\/media?parent=9362"}],"wp:term":[{"taxonomy":"category","embeddable":true,"href":"https:\/\/diario.m-achermann.com\/de\/wp-json\/wp\/v2\/categories?post=9362"},{"taxonomy":"post_tag","embeddable":true,"href":"https:\/\/diario.m-achermann.com\/de\/wp-json\/wp\/v2\/tags?post=9362"}],"curies":[{"name":"wp","href":"https:\/\/api.w.org\/{rel}","templated":true}]}}