{"id":9383,"date":"2023-10-24T15:16:04","date_gmt":"2023-10-24T13:16:04","guid":{"rendered":"https:\/\/diario.m-achermann.com\/mittwoch-24-februar-2021-0210-uhr\/"},"modified":"2026-04-02T10:29:52","modified_gmt":"2026-04-02T08:29:52","slug":"mittwoch-24-februar-2021-0210-uhr","status":"publish","type":"page","link":"https:\/\/diario.m-achermann.com\/de\/das-stationstagebuch\/mittwoch-24-februar-2021-0210-uhr\/","title":{"rendered":"Mittwoch, 24. Februar 2021, 02:10 Uhr"},"content":{"rendered":"\n<p class=\" eplus-wrapper\">Gute Nacht, Herr Mirko,<br\/>Ich habe den Stift gewechselt, aber ich bin immer noch Stefania, die Krankenschwester.<\/p>\n\n<p class=\" eplus-wrapper\">Es ist tiefe Nacht und ich k\u00fcmmere mich um Sie.<br\/>Ich habe Sie gerade auf die linke Seite gedreht, zum Fenster hin.<br\/>Ich habe den Eindruck, dass diese Position f\u00fcr Sie bequem ist, weil Ihr Herzschlag sich verlangsamt hat \u2026 wer wei\u00df, vielleicht schlafen Sie zu Hause genau in dieser Position.<\/p>\n\n<p class=\" eplus-wrapper\">Die Krankenschwester, die Sie gestern Nachmittag betreut hat, hat mir gesagt, dass Sie, nachdem die Medikamente zum Schlafen abgesetzt wurden, auf die Aufforderung reagiert haben, die Zunge zu zeigen. <br\/>Das ist f\u00fcr uns wichtig: Es zeigt, dass Sie h\u00f6ren und verstehen, was wir sagen.<\/p>\n\n<p class=\" eplus-wrapper\">Ich bin sehr froh!<\/p>\n\n<p class=\" eplus-wrapper\">Die Tracheostomie (die \u00d6ffnung im Hals) ist noch notwendig, um Ihnen das Atmen mit dem Beatmungsger\u00e4t zu erm\u00f6glichen (Sie atmen f\u00fcr sehr kurze Zeitr\u00e4ume selbstst\u00e4ndig).<\/p>\n\n<p class=\" eplus-wrapper\">Wir ern\u00e4hren sie \u00fcber eine Magensonde, die von der Nase in den Magen f\u00fchrt. <br\/>Herr Mirko hat abgenommen und viel Muskelmasse verloren.<br\/>Wenn ich sie drehe, um die Position zu wechseln, oder ihr ein Bein oder einen Arm anhebe, ist sie nicht in der Lage, die Position zu halten: Die Gliedma\u00dfe \u201ef\u00e4llt\u201c zur\u00fcck.<\/p>\n\n<p class=\" eplus-wrapper\">Sie werden viel Physiotherapie, Geduld und guten Willen brauchen.<\/p>\n\n<p class=\" eplus-wrapper\">Ich w\u00fcnsche Ihnen sch\u00f6ne Tr\u00e4ume, Herr Mirko.<br\/>Stefania<\/p>\n\n<p class=\" eplus-wrapper\">PS: Ich hoffe, Sie werden es nicht leid, immer nur meine Handschrift zu sehen<\/p>\n","protected":false},"excerpt":{"rendered":"<p>Gute Nacht, Herr Mirko,Ich habe den Stift gewechselt, aber ich bin immer noch Stefania, die Krankenschwester. Es ist tiefe Nacht und ich k\u00fcmmere mich um Sie.Ich habe Sie gerade auf die linke Seite gedreht, zum Fenster hin.Ich habe den Eindruck, dass diese Position f\u00fcr Sie bequem ist, weil Ihr Herzschlag sich verlangsamt hat \u2026 wer&hellip;&nbsp;<a href=\"https:\/\/diario.m-achermann.com\/de\/das-stationstagebuch\/mittwoch-24-februar-2021-0210-uhr\/\" rel=\"bookmark\">Weiterlesen &raquo;<span class=\"screen-reader-text\">Mittwoch, 24. Februar 2021, 02:10 Uhr<\/span><\/a><\/p>\n","protected":false},"author":1,"featured_media":0,"parent":10014,"menu_order":100,"comment_status":"open","ping_status":"closed","template":"","meta":{"_editorskit_title_hidden":false,"_editorskit_reading_time":0,"_editorskit_is_block_options_detached":false,"_editorskit_block_options_position":"{}","om_disable_all_campaigns":false,"_lmt_disableupdate":"","_lmt_disable":"","_monsterinsights_skip_tracking":false,"_monsterinsights_sitenote_active":false,"_monsterinsights_sitenote_note":"","_monsterinsights_sitenote_category":0,"neve_meta_sidebar":"","neve_meta_container":"","neve_meta_enable_content_width":"","neve_meta_content_width":0,"neve_meta_title_alignment":"","neve_meta_author_avatar":"","neve_post_elements_order":"","neve_meta_disable_header":"","neve_meta_disable_footer":"","neve_meta_disable_title":"","neve_meta_reading_time":"","_themeisle_gutenberg_block_has_review":false,"footnotes":""},"categories":[],"tags":[],"class_list":["post-9383","page","type-page","status-publish","hentry"],"aioseo_notices":[],"aioseo_head":"\n\t\t<!-- All in One SEO Pro 4.9.7.1 - aioseo.com -->\n\t<meta name=\"description\" content=\"Die Erz\u00e4hlung der Pflege hilft dem Patienten, die Momente der Bewusstlosigkeit in der Zeit nach der Intensivpflege zu rekonstruieren.\" \/>\n\t<meta name=\"robots\" content=\"max-snippet:-1, max-image-preview:large, max-video-preview:-1\" \/>\n\t<meta name=\"google-site-verification\" content=\"2kcNb_eND2p_5dJ-aEUjUzdL5U1pyWvu9G-2F4Qyiwk\" \/>\n\t<meta name=\"msvalidate.01\" content=\"8A32EFC1288A3ACC21FB6846BFC9E656\" \/>\n\t<link rel=\"canonical\" href=\"https:\/\/diario.m-achermann.com\/de\/das-stationstagebuch\/mittwoch-24-februar-2021-0210-uhr\/\" \/>\n\t<meta name=\"generator\" content=\"All in One SEO Pro (AIOSEO) 4.9.7.1\" \/>\n\t\t<meta property=\"og:locale\" content=\"de_DE\" \/>\n\t\t<meta property=\"og:site_name\" content=\"ECMO \u2013 Tagebuch eines auf den Kopf gestellten Lebens - Mein Abenteuer \u2013 oder vielleicht eher ein Missgeschick? Gl\u00fcck oder Pech?\" \/>\n\t\t<meta property=\"og:type\" content=\"article\" \/>\n\t\t<meta property=\"og:title\" content=\"Pflegegeschichten: Ein n\u00e4chtliches Tagebuch zwischen Hoffnung und Schwierigkeiten\" \/>\n\t\t<meta property=\"og:description\" content=\"Die Erz\u00e4hlung der Pflege hilft dem Patienten, die Momente der Bewusstlosigkeit in der Zeit nach der Intensivpflege zu rekonstruieren.\" \/>\n\t\t<meta property=\"og:url\" content=\"https:\/\/diario.m-achermann.com\/de\/das-stationstagebuch\/mittwoch-24-februar-2021-0210-uhr\/\" \/>\n\t\t<meta property=\"og:image\" content=\"https:\/\/diario.m-achermann.com\/wp-content\/uploads\/2024\/02\/Mirko.png\" \/>\n\t\t<meta property=\"og:image:secure_url\" content=\"https:\/\/diario.m-achermann.com\/wp-content\/uploads\/2024\/02\/Mirko.png\" \/>\n\t\t<meta property=\"og:image:width\" content=\"200\" \/>\n\t\t<meta property=\"og:image:height\" content=\"200\" \/>\n\t\t<meta property=\"article:published_time\" content=\"2023-10-24T13:16:04+00:00\" \/>\n\t\t<meta property=\"article:modified_time\" content=\"2026-04-02T08:29:52+00:00\" \/>\n\t\t<meta property=\"article:publisher\" content=\"https:\/\/www.facebook.com\/profile.php?id=61556963490212\" \/>\n\t\t<meta name=\"twitter:card\" content=\"summary_large_image\" \/>\n\t\t<meta name=\"twitter:site\" content=\"@Mapi1967\" \/>\n\t\t<meta name=\"twitter:title\" content=\"Pflegegeschichten: Ein n\u00e4chtliches Tagebuch zwischen Hoffnung und Schwierigkeiten\" \/>\n\t\t<meta name=\"twitter:description\" content=\"Die Erz\u00e4hlung der Pflege hilft dem Patienten, die Momente der Bewusstlosigkeit in der Zeit nach der Intensivpflege zu rekonstruieren.\" \/>\n\t\t<meta name=\"twitter:creator\" content=\"@Mapi1967\" \/>\n\t\t<meta name=\"twitter:image\" content=\"https:\/\/diario.m-achermann.com\/wp-content\/uploads\/2024\/02\/Mirko.png\" \/>\n\t\t<script type=\"application\/ld+json\" class=\"aioseo-schema\">\n\t\t\t{\"@context\":\"https:\\\/\\\/schema.org\",\"@graph\":[{\"@type\":\"BreadcrumbList\",\"@id\":\"https:\\\/\\\/diario.m-achermann.com\\\/de\\\/das-stationstagebuch\\\/mittwoch-24-februar-2021-0210-uhr\\\/#breadcrumblist\",\"itemListElement\":[{\"@type\":\"ListItem\",\"@id\":\"https:\\\/\\\/diario.m-achermann.com\\\/de\\\/#listItem\",\"position\":1,\"name\":\"Home\",\"item\":\"https:\\\/\\\/diario.m-achermann.com\\\/de\\\/\",\"nextItem\":{\"@type\":\"ListItem\",\"@id\":\"https:\\\/\\\/diario.m-achermann.com\\\/de\\\/das-stationstagebuch\\\/#listItem\",\"name\":\"Das Stationstagebuch\"}},{\"@type\":\"ListItem\",\"@id\":\"https:\\\/\\\/diario.m-achermann.com\\\/de\\\/das-stationstagebuch\\\/#listItem\",\"position\":2,\"name\":\"Das Stationstagebuch\",\"item\":\"https:\\\/\\\/diario.m-achermann.com\\\/de\\\/das-stationstagebuch\\\/\",\"nextItem\":{\"@type\":\"ListItem\",\"@id\":\"https:\\\/\\\/diario.m-achermann.com\\\/de\\\/das-stationstagebuch\\\/mittwoch-24-februar-2021-0210-uhr\\\/#listItem\",\"name\":\"Mittwoch, 24. Februar 2021, 02:10 Uhr\"},\"previousItem\":{\"@type\":\"ListItem\",\"@id\":\"https:\\\/\\\/diario.m-achermann.com\\\/de\\\/#listItem\",\"name\":\"Home\"}},{\"@type\":\"ListItem\",\"@id\":\"https:\\\/\\\/diario.m-achermann.com\\\/de\\\/das-stationstagebuch\\\/mittwoch-24-februar-2021-0210-uhr\\\/#listItem\",\"position\":3,\"name\":\"Mittwoch, 24. Februar 2021, 02:10 Uhr\",\"previousItem\":{\"@type\":\"ListItem\",\"@id\":\"https:\\\/\\\/diario.m-achermann.com\\\/de\\\/das-stationstagebuch\\\/#listItem\",\"name\":\"Das Stationstagebuch\"}}]},{\"@type\":\"Person\",\"@id\":\"https:\\\/\\\/diario.m-achermann.com\\\/de\\\/#person\",\"name\":\"Mirko Achermann\",\"image\":{\"@type\":\"ImageObject\",\"@id\":\"https:\\\/\\\/diario.m-achermann.com\\\/de\\\/das-stationstagebuch\\\/mittwoch-24-februar-2021-0210-uhr\\\/#personImage\",\"url\":\"https:\\\/\\\/secure.gravatar.com\\\/avatar\\\/53bb9dac79236bd713fbe107c9f2410ca8a6094577846073d4bea7d0bab1e51f?s=96&d=mm&r=g\",\"width\":96,\"height\":96,\"caption\":\"Mirko Achermann\"}},{\"@type\":\"WebPage\",\"@id\":\"https:\\\/\\\/diario.m-achermann.com\\\/de\\\/das-stationstagebuch\\\/mittwoch-24-februar-2021-0210-uhr\\\/#webpage\",\"url\":\"https:\\\/\\\/diario.m-achermann.com\\\/de\\\/das-stationstagebuch\\\/mittwoch-24-februar-2021-0210-uhr\\\/\",\"name\":\"Pflegegeschichten: Ein n\\u00e4chtliches Tagebuch zwischen Hoffnung und Schwierigkeiten\",\"description\":\"Die Erz\\u00e4hlung der Pflege hilft dem Patienten, die Momente der Bewusstlosigkeit in der Zeit nach der Intensivpflege zu rekonstruieren.\",\"inLanguage\":\"de-DE\",\"isPartOf\":{\"@id\":\"https:\\\/\\\/diario.m-achermann.com\\\/de\\\/#website\"},\"breadcrumb\":{\"@id\":\"https:\\\/\\\/diario.m-achermann.com\\\/de\\\/das-stationstagebuch\\\/mittwoch-24-februar-2021-0210-uhr\\\/#breadcrumblist\"},\"datePublished\":\"2023-10-24T15:16:04+02:00\",\"dateModified\":\"2026-04-02T10:29:52+02:00\"},{\"@type\":\"WebSite\",\"@id\":\"https:\\\/\\\/diario.m-achermann.com\\\/de\\\/#website\",\"url\":\"https:\\\/\\\/diario.m-achermann.com\\\/de\\\/\",\"name\":\"ECMO \\u2013 Diario di una vita stravolta\",\"alternateName\":\"ECMO\",\"description\":\"Mein Abenteuer \\u2013 oder vielleicht eher ein Missgeschick? Gl\\u00fcck oder Pech?\",\"inLanguage\":\"de-DE\",\"publisher\":{\"@id\":\"https:\\\/\\\/diario.m-achermann.com\\\/de\\\/#person\"}}]}\n\t\t<\/script>\n\t\t<!-- All in One SEO Pro -->\r\n\t\t<title>Pflegegeschichten: Ein n\u00e4chtliches Tagebuch zwischen Hoffnung und Schwierigkeiten<\/title>\n\n","aioseo_head_json":{"title":"Pflegegeschichten: Ein n\u00e4chtliches Tagebuch zwischen Hoffnung und Schwierigkeiten","description":"Die Erz\u00e4hlung der Pflege hilft dem Patienten, die Momente der Bewusstlosigkeit in der Zeit nach der Intensivpflege zu rekonstruieren.","canonical_url":"https:\/\/diario.m-achermann.com\/de\/das-stationstagebuch\/mittwoch-24-februar-2021-0210-uhr\/","robots":"max-snippet:-1, max-image-preview:large, max-video-preview:-1","keywords":"","webmasterTools":{"google-site-verification":"2kcNb_eND2p_5dJ-aEUjUzdL5U1pyWvu9G-2F4Qyiwk","msvalidate.01":"8A32EFC1288A3ACC21FB6846BFC9E656","miscellaneous":""},"schema":{"@context":"https:\/\/schema.org","@graph":[{"@type":"BreadcrumbList","@id":"https:\/\/diario.m-achermann.com\/de\/das-stationstagebuch\/mittwoch-24-februar-2021-0210-uhr\/#breadcrumblist","itemListElement":[{"@type":"ListItem","@id":"https:\/\/diario.m-achermann.com\/de\/#listItem","position":1,"name":"Home","item":"https:\/\/diario.m-achermann.com\/de\/","nextItem":{"@type":"ListItem","@id":"https:\/\/diario.m-achermann.com\/de\/das-stationstagebuch\/#listItem","name":"Das Stationstagebuch"}},{"@type":"ListItem","@id":"https:\/\/diario.m-achermann.com\/de\/das-stationstagebuch\/#listItem","position":2,"name":"Das Stationstagebuch","item":"https:\/\/diario.m-achermann.com\/de\/das-stationstagebuch\/","nextItem":{"@type":"ListItem","@id":"https:\/\/diario.m-achermann.com\/de\/das-stationstagebuch\/mittwoch-24-februar-2021-0210-uhr\/#listItem","name":"Mittwoch, 24. Februar 2021, 02:10 Uhr"},"previousItem":{"@type":"ListItem","@id":"https:\/\/diario.m-achermann.com\/de\/#listItem","name":"Home"}},{"@type":"ListItem","@id":"https:\/\/diario.m-achermann.com\/de\/das-stationstagebuch\/mittwoch-24-februar-2021-0210-uhr\/#listItem","position":3,"name":"Mittwoch, 24. Februar 2021, 02:10 Uhr","previousItem":{"@type":"ListItem","@id":"https:\/\/diario.m-achermann.com\/de\/das-stationstagebuch\/#listItem","name":"Das Stationstagebuch"}}]},{"@type":"Person","@id":"https:\/\/diario.m-achermann.com\/de\/#person","name":"Mirko Achermann","image":{"@type":"ImageObject","@id":"https:\/\/diario.m-achermann.com\/de\/das-stationstagebuch\/mittwoch-24-februar-2021-0210-uhr\/#personImage","url":"https:\/\/secure.gravatar.com\/avatar\/53bb9dac79236bd713fbe107c9f2410ca8a6094577846073d4bea7d0bab1e51f?s=96&d=mm&r=g","width":96,"height":96,"caption":"Mirko Achermann"}},{"@type":"WebPage","@id":"https:\/\/diario.m-achermann.com\/de\/das-stationstagebuch\/mittwoch-24-februar-2021-0210-uhr\/#webpage","url":"https:\/\/diario.m-achermann.com\/de\/das-stationstagebuch\/mittwoch-24-februar-2021-0210-uhr\/","name":"Pflegegeschichten: Ein n\u00e4chtliches Tagebuch zwischen Hoffnung und Schwierigkeiten","description":"Die Erz\u00e4hlung der Pflege hilft dem Patienten, die Momente der Bewusstlosigkeit in der Zeit nach der Intensivpflege zu rekonstruieren.","inLanguage":"de-DE","isPartOf":{"@id":"https:\/\/diario.m-achermann.com\/de\/#website"},"breadcrumb":{"@id":"https:\/\/diario.m-achermann.com\/de\/das-stationstagebuch\/mittwoch-24-februar-2021-0210-uhr\/#breadcrumblist"},"datePublished":"2023-10-24T15:16:04+02:00","dateModified":"2026-04-02T10:29:52+02:00"},{"@type":"WebSite","@id":"https:\/\/diario.m-achermann.com\/de\/#website","url":"https:\/\/diario.m-achermann.com\/de\/","name":"ECMO \u2013 Diario di una vita stravolta","alternateName":"ECMO","description":"Mein Abenteuer \u2013 oder vielleicht eher ein Missgeschick? Gl\u00fcck oder Pech?","inLanguage":"de-DE","publisher":{"@id":"https:\/\/diario.m-achermann.com\/de\/#person"}}]},"og:locale":"de_DE","og:site_name":"ECMO \u2013 Tagebuch eines auf den Kopf gestellten Lebens - Mein Abenteuer \u2013 oder vielleicht eher ein Missgeschick? Gl\u00fcck oder Pech?","og:type":"article","og:title":"Pflegegeschichten: Ein n\u00e4chtliches Tagebuch zwischen Hoffnung und Schwierigkeiten","og:description":"Die Erz\u00e4hlung der Pflege hilft dem Patienten, die Momente der Bewusstlosigkeit in der Zeit nach der Intensivpflege zu rekonstruieren.","og:url":"https:\/\/diario.m-achermann.com\/de\/das-stationstagebuch\/mittwoch-24-februar-2021-0210-uhr\/","og:image":"https:\/\/diario.m-achermann.com\/wp-content\/uploads\/2024\/02\/Mirko.png","og:image:secure_url":"https:\/\/diario.m-achermann.com\/wp-content\/uploads\/2024\/02\/Mirko.png","og:image:width":200,"og:image:height":200,"article:published_time":"2023-10-24T13:16:04+00:00","article:modified_time":"2026-04-02T08:29:52+00:00","article:publisher":"https:\/\/www.facebook.com\/profile.php?id=61556963490212","twitter:card":"summary_large_image","twitter:site":"@Mapi1967","twitter:title":"Pflegegeschichten: Ein n\u00e4chtliches Tagebuch zwischen Hoffnung und Schwierigkeiten","twitter:description":"Die Erz\u00e4hlung der Pflege hilft dem Patienten, die Momente der Bewusstlosigkeit in der Zeit nach der Intensivpflege zu rekonstruieren.","twitter:creator":"@Mapi1967","twitter:image":"https:\/\/diario.m-achermann.com\/wp-content\/uploads\/2024\/02\/Mirko.png"},"aioseo_meta_data":{"post_id":"9383","title":"Pflegegeschichten: Ein n\u00e4chtliches Tagebuch zwischen Hoffnung und Schwierigkeiten","description":"Die Erz\u00e4hlung der Pflege hilft dem Patienten, die Momente der Bewusstlosigkeit in der Zeit nach der Intensivpflege zu rekonstruieren.","keywords":null,"keyphrases":{"focus":{"keyphrase":"Diario","score":58,"analysis":{"keyphraseInTitle":{"score":9,"maxScore":9,"error":0},"keyphraseInDescription":{"score":3,"maxScore":9,"error":1},"keyphraseLength":{"score":9,"maxScore":9,"error":0,"length":1},"keyphraseInURL":{"score":5,"maxScore":5,"error":0},"keyphraseInIntroduction":{"score":3,"maxScore":9,"error":1},"keyphraseInSubHeadings":[],"keyphraseInImageAlt":[],"keywordDensity":{"score":0,"type":"low","maxScore":9,"error":1}}},"additional":[{"keyphrase":"ECMO","score":42,"analysis":{"keyphraseInDescription":{"score":3,"maxScore":9,"error":1},"keyphraseLength":{"score":9,"maxScore":9,"error":0,"length":1},"keyphraseInIntroduction":{"score":3,"maxScore":9,"error":1},"keyphraseInImageAlt":[],"keywordDensity":{"score":0,"type":"low","maxScore":9,"error":1}}},{"keyphrase":"Degenza","score":42,"analysis":{"keyphraseInDescription":{"score":3,"maxScore":9,"error":1},"keyphraseLength":{"score":9,"maxScore":9,"error":0,"length":1},"keyphraseInIntroduction":{"score":3,"maxScore":9,"error":1},"keyphraseInImageAlt":[],"keywordDensity":{"score":0,"type":"low","maxScore":9,"error":1}}},{"keyphrase":"Cardiocentro","score":42,"analysis":{"keyphraseInDescription":{"score":3,"maxScore":9,"error":1},"keyphraseLength":{"score":9,"maxScore":9,"error":0,"length":1},"keyphraseInIntroduction":{"score":3,"maxScore":9,"error":1},"keyphraseInImageAlt":[],"keywordDensity":{"score":0,"type":"low","maxScore":9,"error":1}}},{"keyphrase":"Speranza","score":42,"analysis":{"keyphraseInDescription":{"score":3,"maxScore":9,"error":1},"keyphraseLength":{"score":9,"maxScore":9,"error":0,"length":1},"keyphraseInIntroduction":{"score":3,"maxScore":9,"error":1},"keyphraseInImageAlt":[],"keywordDensity":{"score":0,"type":"low","maxScore":9,"error":1}}},{"keyphrase":"fisioterapia","score":67,"analysis":{"keyphraseInDescription":{"score":3,"maxScore":9,"error":1},"keyphraseLength":{"score":9,"maxScore":9,"error":0,"length":1},"keyphraseInIntroduction":{"score":3,"maxScore":9,"error":1},"keyphraseInImageAlt":[],"keywordDensity":{"type":"best","score":9,"maxScore":9,"error":0}}},{"keyphrase":"respirare","score":67,"analysis":{"keyphraseInDescription":{"score":3,"maxScore":9,"error":1},"keyphraseLength":{"score":9,"maxScore":9,"error":0,"length":1},"keyphraseInIntroduction":{"score":3,"maxScore":9,"error":1},"keyphraseInImageAlt":[],"keywordDensity":{"type":"best","score":9,"maxScore":9,"error":0}}}]},"primary_term":null,"canonical_url":null,"og_title":null,"og_description":null,"og_object_type":"default","og_image_type":"default","og_image_url":null,"og_image_width":null,"og_image_height":null,"og_image_custom_url":null,"og_image_custom_fields":null,"og_video":"","og_custom_url":null,"og_article_section":null,"og_article_tags":null,"twitter_use_og":false,"twitter_card":"default","twitter_image_type":"default","twitter_image_url":null,"twitter_image_custom_url":null,"twitter_image_custom_fields":null,"twitter_title":null,"twitter_description":null,"schema":{"blockGraphs":[],"customGraphs":[],"default":{"data":{"Article":[],"Course":[],"Dataset":[],"FAQPage":[],"Movie":[],"Person":[],"Product":[],"ProductReview":[],"Car":[],"Recipe":[],"Service":[],"SoftwareApplication":[],"WebPage":[]},"graphName":"WebPage","isEnabled":true},"graphs":[]},"schema_type":"default","schema_type_options":null,"pillar_content":false,"robots_default":true,"robots_noindex":false,"robots_noarchive":false,"robots_nosnippet":false,"robots_nofollow":false,"robots_noimageindex":false,"robots_noodp":false,"robots_notranslate":false,"robots_max_snippet":"-1","robots_max_videopreview":"-1","robots_max_imagepreview":"large","priority":null,"frequency":"default","local_seo":null,"seo_analyzer_scan_date":"2026-04-02 09:37:10","breadcrumb_settings":null,"limit_modified_date":0,"reviewed_by":"0","open_ai":"{\"title\":{\"suggestions\":[],\"usage\":0},\"description\":{\"suggestions\":[],\"usage\":0}}","ai":{"faqs":[],"keyPoints":[],"titles":["Il Diario di un'Infermiera: Cura e Speranza in Un'Ora Fonda di Notte","Storie di Cura: Un Diario di Notte tra Speranza e Difficolt\u00e0","Tra Cura e Pazienza: Un Diario Notturno di un'Infermiera","Diario di un'Infermiera: Sottile Equilibrio tra Cura e Pazienza","L'Ultima Notte: Diario di Cura e Speranza per un Paziente"],"descriptions":["Scopri il diario di un'infermiera che racconta le speranze e le sfide di assistere un paziente fragile, tra emozioni e cura quotidiana.","Entrate nel mondo di un'infermiera attraverso il suo diario, tra cure delicate e momenti di speranza in un contesto ospedaliero.","Un diario di cura e attenzione: scopri le emozioni di un'infermiera che si prende cura di un paziente in condizioni critiche.","Vivi le storie di cura e dedizione di un'infermiera nel suo diario, tra difficolt\u00e0 e piccoli segni di miglioramento.","Esplora il diario di un'infermiera che descrive le sfide di prendersi cura di un paziente e i momenti di speranza che nascono ogni giorno."],"socialPosts":{"email":[],"linkedin":[],"twitter":[],"facebook":[],"instagram":[]}},"created":"2026-04-01 14:41:32","updated":"2026-04-02 09:37:10"},"aioseo_breadcrumb":"<div class=\"aioseo-breadcrumbs\"><span class=\"aioseo-breadcrumb\">\n\t<a href=\"https:\/\/diario.m-achermann.com\/de\/\" title=\"Home\">Home<\/a>\n<\/span><span class=\"aioseo-breadcrumb-separator\">\u00bb<\/span><span class=\"aioseo-breadcrumb\">\n\t<a href=\"https:\/\/diario.m-achermann.com\/de\/das-stationstagebuch\/\" title=\"Das Stationstagebuch\">Das Stationstagebuch<\/a>\n<\/span><span class=\"aioseo-breadcrumb-separator\">\u00bb<\/span><span class=\"aioseo-breadcrumb\">\n\tMittwoch, 24. Februar 2021, 02:10 Uhr\n<\/span><\/div>","aioseo_breadcrumb_json":[{"label":"Home","link":"https:\/\/diario.m-achermann.com\/de\/"},{"label":"Das Stationstagebuch","link":"https:\/\/diario.m-achermann.com\/de\/das-stationstagebuch\/"},{"label":"Mittwoch, 24. Februar 2021, 02:10 Uhr","link":"https:\/\/diario.m-achermann.com\/de\/das-stationstagebuch\/mittwoch-24-februar-2021-0210-uhr\/"}],"_links":{"self":[{"href":"https:\/\/diario.m-achermann.com\/de\/wp-json\/wp\/v2\/pages\/9383","targetHints":{"allow":["GET"]}}],"collection":[{"href":"https:\/\/diario.m-achermann.com\/de\/wp-json\/wp\/v2\/pages"}],"about":[{"href":"https:\/\/diario.m-achermann.com\/de\/wp-json\/wp\/v2\/types\/page"}],"author":[{"embeddable":true,"href":"https:\/\/diario.m-achermann.com\/de\/wp-json\/wp\/v2\/users\/1"}],"replies":[{"embeddable":true,"href":"https:\/\/diario.m-achermann.com\/de\/wp-json\/wp\/v2\/comments?post=9383"}],"version-history":[{"count":1,"href":"https:\/\/diario.m-achermann.com\/de\/wp-json\/wp\/v2\/pages\/9383\/revisions"}],"predecessor-version":[{"id":9385,"href":"https:\/\/diario.m-achermann.com\/de\/wp-json\/wp\/v2\/pages\/9383\/revisions\/9385"}],"up":[{"embeddable":true,"href":"https:\/\/diario.m-achermann.com\/de\/wp-json\/wp\/v2\/pages\/10014"}],"wp:attachment":[{"href":"https:\/\/diario.m-achermann.com\/de\/wp-json\/wp\/v2\/media?parent=9383"}],"wp:term":[{"taxonomy":"category","embeddable":true,"href":"https:\/\/diario.m-achermann.com\/de\/wp-json\/wp\/v2\/categories?post=9383"},{"taxonomy":"post_tag","embeddable":true,"href":"https:\/\/diario.m-achermann.com\/de\/wp-json\/wp\/v2\/tags?post=9383"}],"curies":[{"name":"wp","href":"https:\/\/api.w.org\/{rel}","templated":true}]}}