{"id":9397,"date":"2023-10-23T10:59:02","date_gmt":"2023-10-23T08:59:02","guid":{"rendered":"https:\/\/diario.m-achermann.com\/einleitung\/"},"modified":"2026-04-01T16:41:43","modified_gmt":"2026-04-01T14:41:43","slug":"einleitung","status":"publish","type":"page","link":"https:\/\/diario.m-achermann.com\/de\/einleitung\/","title":{"rendered":"Einleitung"},"content":{"rendered":"\n<p>Mit meinen Texten versuche ich mich am Schreibstil von Anna Felder zu orientieren, ohne dabei den Anspruch zu erheben, die F\u00e4higkeit und Sch\u00f6nheit der Texte der Autorin erreichen zu k\u00f6nnen. Insbesondere hat mich dieser Satz von ihr inspiriert: <em>\u201eIm kleinstm\u00f6glichen Ma\u00df das gr\u00f6\u00dftm\u00f6gliche Ma\u00df geben\u201c<\/em>.<\/p>\n\n<p>Wie man bei uns zu sagen pflegt, werde ich etwas weiter ausholen \u2013 nicht um diesen Erfahrungsbericht langatmig zu gestalten, sondern weil die Person, die ich heute bin, das Ergebnis und die Verflechtung verschiedener Erfahrungen und Situationen ist.<br\/>Mein Abenteuer oder vielleicht eher Missgeschick? Gl\u00fcck oder Ungl\u00fcck? <br\/>Ich w\u00fcsste nicht, wie ich das definieren soll, was mir widerfahren ist. <\/p>\n\n<p>Viele sagen mir: \u201e<em>Sie haben Gl\u00fcck, noch hier zu sein<\/em>\u201c. Ich selbst habe mich oft gefragt und frage mich immer noch: Warum muss ich so leben? Vielleicht h\u00e4tte das Schicksal mich \u201ezusammen mit meinen Eltern fortbringen\u201c k\u00f6nnen.<\/p>\n\n<p>Ich bin ein Risikopatient, oder besser gesagt eine Person, die im Oktober 2020 entdeckte, dass sie an einer immunsuppressiven Bluterkrankung leidet, und die in der Folge eine schwere Form von COVID \u00fcberlebt hat. (SARS-CoV-2-Variante N501Y, allgemein als britische Variante bekannt)<\/p>\n\n<p>Was hat mich dazu bewogen, dieses Tagebuch zu schreiben?<\/p>\n\n<p>Carmen, eine Krankenschwester auf der Intensivstation des <a href=\"https:\/\/www.cardiocentro.org\/\" target=\"_blank\" rel=\"noopener\" title=\"\">Cardiocentro Ticino<\/a> in Lugano, hatte mich ermutigt, ein Buch \u00fcber das Erlebte zu schreiben; anfangs nahm ich sie nicht ernst, doch sp\u00e4ter schlug mir auch meine Frau dasselbe vor.<\/p>\n\n<p>Es dauerte mehrere Monate, bis ich mich dazu entschloss, und fast glaubte ich, das Vergangene vergessen zu haben, doch dann kamen mir abends vor dem Einschlafen nach und nach Teile meines Erlebten wieder in den Sinn. <br\/>Sobald mir eine Erinnerung einfiel, \u201eeilte\u201c ich dazu, sie in den Notizen meines Mobiltelefons zu speichern, um nicht zu riskieren, sie am n\u00e4chsten Morgen wieder zu vergessen; etwas, das mir oft passierte und passiert und das viele auf COVID oder vielleicht ganz einfach auf die vergehenden Jahre zur\u00fcckf\u00fchren.<\/p>\n\n<p>COVID, eine Infektionskrankheit, eine schwere Grippe, die in einigen F\u00e4llen zu Komplikationen f\u00fchren kann \u2013 das war meine Sichtweise vor der Erkrankung. Aber wie bei vielen Ungl\u00fccken sieht man sie im Fernsehen in den Nachrichten und denkt sich im Stillen: \u201e<em>Die Armen<\/em>\u201c, in der \u00dcberzeugung, dass das, was anderen passiert, weit weg ist und einen selbst nicht treffen oder erreichen kann.<\/p>\n\n<p>Anfangs hatte mir COVID (ich nenne es \u201edie dunkle Bestie\u201c) Karrierehoffnungen gebracht, da ich berufen worden war, den Direktor der Schule, an der ich arbeitete, zu vertreten.<br\/>Auch er war mit dem Virus infiziert worden und lag l\u00e4ngere Zeit auf der Intensivstation.<br\/>Es tat mir leid f\u00fcr ihn, aber ich war stolz darauf, als sein Stellvertreter ausgew\u00e4hlt worden zu sein, sicher, dass diese Krankheit weit weg von mir sei \u2013 etwas, das andere betraf und mich nicht erreichen konnte, zumindest nicht in dieser Form.<br\/>Stattdessen erreichte mich die \u201e<em>dunkle Bestie<\/em>\u201c nach wenigen Monaten, vernichtete meinen K\u00f6rper, meine berufliche und teilweise meine famili\u00e4re Zukunft, oder zumindest war dies f\u00fcr viele Monate mein Eindruck.<\/p>\n\n<p>Ich sage, sie hat meinen Familienkern teilweise vernichtet, weil ich w\u00e4hrend meines Aufenthalts auf der Intensivstation, ebenfalls aufgrund der \u201e<em>dunklen Bestie<\/em>\u201c, erst meinen Vater und einige Wochen sp\u00e4ter auch meine Mutter verlor.<br\/>Leider war ich sediert und intubiert, als sie von der Bestie bezwungen wurden.<br\/>Ich erfuhr erst drei Monate nach ihrem Tod von dem Verlust, praktisch zwei Wochen nach meinem Erwachen aus der Sedierung. <\/p>\n\n<p>Mit der Zeit begriff ich, dass die Freuden, die folgen, wenn man durch so viel Leid gepr\u00fcft wurde, st\u00e4rker, authentischer und aufrichtiger sind. Auch wenn die Angst bleibt, wieder in dieses schwarze Loch zu fallen und das zu verlieren, was man sich mit so viel M\u00fche zur\u00fcckerobert hat. In jedem Fall hilft mir diese Lebens- und Denkweise dabei, die Vergangenheit und die Zukunft anzunehmen und zu bek\u00e4mpfen, um die Gegenwart zu sch\u00e4tzen und zu genie\u00dfen, was mich der Zukunft mit einem konstruktiven und angstfreien (oder besser gesagt: weniger \u00e4ngstlichen) Denken entgegengehen l\u00e4sst.<br\/>Aber ich muss ehrlich sein: Es \u00fcberkommen mich immer noch dunkle Momente, Momente, in denen alles schwarz und negativ ist, in denen man nur die Schattenseiten sieht, die mit dem k\u00f6rperlichen, psychischen und sozialen Zustand verbunden sind, in denen man permanent die chronischen Schmerzen und all die psycho-physischen Schwierigkeiten sp\u00fcrt, die die Krankheit in meinen K\u00f6rper eingebrannt hat.<\/p>\n\n<p>Ich hoffe, dass mein Zeugnis denjenigen helfen kann, die wie ich von so viel k\u00f6rperlichem und psychischem Leid getroffen wurden. <\/p>\n\n<p>Mit diesem Tagebuch m\u00f6chte ich mich bei meiner Frau Mirna, meinen Kindern Asia und Aaron, meiner H\u00fcndin Kila und meinen Verwandten daf\u00fcr bedanken, dass sie mir in dieser Erfahrung nahestanden und mich unterst\u00fctzt haben.<\/p>\n<div class=\"wp-block-image\">\n<figure class=\"aligncenter size-full\"><img decoding=\"async\" width=\"768\" height=\"1024\" src=\"https:\/\/diario.m-achermann.com\/wp-content\/uploads\/2023\/10\/Kila.jpeg\" alt=\"\" class=\"wp-image-11\" srcset=\"https:\/\/diario.m-achermann.com\/wp-content\/uploads\/2023\/10\/Kila.jpeg 768w, https:\/\/diario.m-achermann.com\/wp-content\/uploads\/2023\/10\/Kila-225x300.jpeg 225w\" sizes=\"(max-width: 768px) 100vw, 768px\" \/><\/figure>\n<\/div>\n<p>Ich danke au\u00dferdem dem Personal der Intensivstation des <a href=\"https:\/\/www.cardiocentro.org\/\" target=\"_blank\" rel=\"noopener\" title=\"\">Cardiocentro Ticino<\/a>, das mich und meine Familie professionell und mit gro\u00dfer Menschlichkeit betreut und gepflegt hat.<\/p>\n","protected":false},"excerpt":{"rendered":"<p>Mit meinen Texten versuche ich mich am Schreibstil von Anna Felder zu orientieren, ohne dabei den Anspruch zu erheben, die F\u00e4higkeit und Sch\u00f6nheit der Texte der Autorin erreichen zu k\u00f6nnen. Insbesondere hat mich dieser Satz von ihr inspiriert: \u201eIm kleinstm\u00f6glichen Ma\u00df das gr\u00f6\u00dftm\u00f6gliche Ma\u00df geben\u201c. Wie man bei uns zu sagen pflegt, werde ich etwas&hellip;&nbsp;<a href=\"https:\/\/diario.m-achermann.com\/de\/einleitung\/\" rel=\"bookmark\">Weiterlesen &raquo;<span class=\"screen-reader-text\">Einleitung<\/span><\/a><\/p>\n","protected":false},"author":1,"featured_media":0,"parent":0,"menu_order":0,"comment_status":"open","ping_status":"open","template":"","meta":{"_editorskit_title_hidden":false,"_editorskit_reading_time":0,"_editorskit_is_block_options_detached":false,"_editorskit_block_options_position":"{}","om_disable_all_campaigns":false,"_lmt_disableupdate":"","_lmt_disable":"","_monsterinsights_skip_tracking":false,"_monsterinsights_sitenote_active":false,"_monsterinsights_sitenote_note":"","_monsterinsights_sitenote_category":0,"neve_meta_sidebar":"","neve_meta_container":"","neve_meta_enable_content_width":"","neve_meta_content_width":0,"neve_meta_title_alignment":"","neve_meta_author_avatar":"","neve_post_elements_order":"","neve_meta_disable_header":"","neve_meta_disable_footer":"","neve_meta_disable_title":"","neve_meta_reading_time":"","_themeisle_gutenberg_block_has_review":false,"footnotes":""},"categories":[],"tags":[],"class_list":["post-9397","page","type-page","status-publish","hentry"],"aioseo_notices":[],"aioseo_head":"\n\t\t<!-- All in One SEO Pro 4.9.7.1 - aioseo.com -->\n\t<meta name=\"description\" content=\"Entdecken Sie den ber\u00fchrenden Bericht einer Person, die COVID zwischen Herausforderungen, Verlust und Hoffnung erlebt hat, und wie diese Erfahrung ihre Wahrnehmung des Lebens ver\u00e4ndert hat.\" \/>\n\t<meta name=\"robots\" content=\"max-snippet:-1, max-image-preview:large, max-video-preview:-1\" \/>\n\t<meta name=\"google-site-verification\" content=\"2kcNb_eND2p_5dJ-aEUjUzdL5U1pyWvu9G-2F4Qyiwk\" \/>\n\t<meta name=\"msvalidate.01\" content=\"8A32EFC1288A3ACC21FB6846BFC9E656\" \/>\n\t<link rel=\"canonical\" href=\"https:\/\/diario.m-achermann.com\/de\/einleitung\/\" \/>\n\t<meta name=\"generator\" content=\"All in One SEO Pro (AIOSEO) 4.9.7.1\" \/>\n\t\t<meta property=\"og:locale\" content=\"de_DE\" \/>\n\t\t<meta property=\"og:site_name\" content=\"ECMO \u2013 Tagebuch eines auf den Kopf gestellten Lebens - Mein Abenteuer \u2013 oder vielleicht eher ein Missgeschick? Gl\u00fcck oder Pech?\" \/>\n\t\t<meta property=\"og:type\" content=\"article\" \/>\n\t\t<meta property=\"og:title\" content=\"Station\u00e4res Tagebuch: COVID und Resilienz\" \/>\n\t\t<meta property=\"og:description\" content=\"Entdecken Sie den ber\u00fchrenden Bericht einer Person, die COVID zwischen Herausforderungen, Verlust und Hoffnung erlebt hat, und wie diese Erfahrung ihre Wahrnehmung des Lebens ver\u00e4ndert hat.\" \/>\n\t\t<meta property=\"og:url\" content=\"https:\/\/diario.m-achermann.com\/de\/einleitung\/\" \/>\n\t\t<meta property=\"og:image\" content=\"https:\/\/diario.m-achermann.com\/wp-content\/uploads\/2024\/02\/Mirko.png\" \/>\n\t\t<meta property=\"og:image:secure_url\" content=\"https:\/\/diario.m-achermann.com\/wp-content\/uploads\/2024\/02\/Mirko.png\" \/>\n\t\t<meta property=\"og:image:width\" content=\"200\" \/>\n\t\t<meta property=\"og:image:height\" content=\"200\" \/>\n\t\t<meta property=\"article:published_time\" content=\"2023-10-23T08:59:02+00:00\" \/>\n\t\t<meta property=\"article:modified_time\" content=\"2026-04-01T14:41:43+00:00\" \/>\n\t\t<meta property=\"article:publisher\" content=\"https:\/\/www.facebook.com\/profile.php?id=61556963490212\" \/>\n\t\t<meta name=\"twitter:card\" content=\"summary_large_image\" \/>\n\t\t<meta name=\"twitter:site\" content=\"@Mapi1967\" \/>\n\t\t<meta name=\"twitter:title\" content=\"Station\u00e4res Tagebuch: COVID und Resilienz\" \/>\n\t\t<meta name=\"twitter:description\" content=\"Entdecken Sie den ber\u00fchrenden Bericht einer Person, die COVID zwischen Herausforderungen, Verlust und Hoffnung erlebt hat, und wie diese Erfahrung ihre Wahrnehmung des Lebens ver\u00e4ndert hat.\" \/>\n\t\t<meta name=\"twitter:creator\" content=\"@Mapi1967\" \/>\n\t\t<meta name=\"twitter:image\" content=\"https:\/\/diario.m-achermann.com\/wp-content\/uploads\/2024\/02\/Mirko.png\" \/>\n\t\t<script type=\"application\/ld+json\" class=\"aioseo-schema\">\n\t\t\t{\"@context\":\"https:\\\/\\\/schema.org\",\"@graph\":[{\"@type\":\"BreadcrumbList\",\"@id\":\"https:\\\/\\\/diario.m-achermann.com\\\/de\\\/einleitung\\\/#breadcrumblist\",\"itemListElement\":[{\"@type\":\"ListItem\",\"@id\":\"https:\\\/\\\/diario.m-achermann.com\\\/de\\\/#listItem\",\"position\":1,\"name\":\"Home\",\"item\":\"https:\\\/\\\/diario.m-achermann.com\\\/de\\\/\",\"nextItem\":{\"@type\":\"ListItem\",\"@id\":\"https:\\\/\\\/diario.m-achermann.com\\\/de\\\/einleitung\\\/#listItem\",\"name\":\"Einleitung\"}},{\"@type\":\"ListItem\",\"@id\":\"https:\\\/\\\/diario.m-achermann.com\\\/de\\\/einleitung\\\/#listItem\",\"position\":2,\"name\":\"Einleitung\",\"previousItem\":{\"@type\":\"ListItem\",\"@id\":\"https:\\\/\\\/diario.m-achermann.com\\\/de\\\/#listItem\",\"name\":\"Home\"}}]},{\"@type\":\"Person\",\"@id\":\"https:\\\/\\\/diario.m-achermann.com\\\/de\\\/#person\",\"name\":\"Mirko Achermann\",\"image\":{\"@type\":\"ImageObject\",\"@id\":\"https:\\\/\\\/diario.m-achermann.com\\\/de\\\/einleitung\\\/#personImage\",\"url\":\"https:\\\/\\\/secure.gravatar.com\\\/avatar\\\/53bb9dac79236bd713fbe107c9f2410ca8a6094577846073d4bea7d0bab1e51f?s=96&d=mm&r=g\",\"width\":96,\"height\":96,\"caption\":\"Mirko Achermann\"}},{\"@type\":\"WebPage\",\"@id\":\"https:\\\/\\\/diario.m-achermann.com\\\/de\\\/einleitung\\\/#webpage\",\"url\":\"https:\\\/\\\/diario.m-achermann.com\\\/de\\\/einleitung\\\/\",\"name\":\"Station\\u00e4res Tagebuch: COVID und Resilienz\",\"description\":\"Entdecken Sie den ber\\u00fchrenden Bericht einer Person, die COVID zwischen Herausforderungen, Verlust und Hoffnung erlebt hat, und wie diese Erfahrung ihre Wahrnehmung des Lebens ver\\u00e4ndert hat.\",\"inLanguage\":\"de-DE\",\"isPartOf\":{\"@id\":\"https:\\\/\\\/diario.m-achermann.com\\\/de\\\/#website\"},\"breadcrumb\":{\"@id\":\"https:\\\/\\\/diario.m-achermann.com\\\/de\\\/einleitung\\\/#breadcrumblist\"},\"datePublished\":\"2023-10-23T10:59:02+02:00\",\"dateModified\":\"2026-04-01T16:41:43+02:00\"},{\"@type\":\"WebSite\",\"@id\":\"https:\\\/\\\/diario.m-achermann.com\\\/de\\\/#website\",\"url\":\"https:\\\/\\\/diario.m-achermann.com\\\/de\\\/\",\"name\":\"ECMO \\u2013 Diario di una vita stravolta\",\"alternateName\":\"ECMO\",\"description\":\"Mein Abenteuer \\u2013 oder vielleicht eher ein Missgeschick? Gl\\u00fcck oder Pech?\",\"inLanguage\":\"de-DE\",\"publisher\":{\"@id\":\"https:\\\/\\\/diario.m-achermann.com\\\/de\\\/#person\"}}]}\n\t\t<\/script>\n\t\t<!-- All in One SEO Pro -->\r\n\t\t<title>Station\u00e4res Tagebuch: COVID und Resilienz<\/title>\n\n","aioseo_head_json":{"title":"Station\u00e4res Tagebuch: COVID und Resilienz","description":"Entdecken Sie den ber\u00fchrenden Bericht einer Person, die COVID zwischen Herausforderungen, Verlust und Hoffnung erlebt hat, und wie diese Erfahrung ihre Wahrnehmung des Lebens ver\u00e4ndert hat.","canonical_url":"https:\/\/diario.m-achermann.com\/de\/einleitung\/","robots":"max-snippet:-1, max-image-preview:large, max-video-preview:-1","keywords":"","webmasterTools":{"google-site-verification":"2kcNb_eND2p_5dJ-aEUjUzdL5U1pyWvu9G-2F4Qyiwk","msvalidate.01":"8A32EFC1288A3ACC21FB6846BFC9E656","miscellaneous":""},"schema":{"@context":"https:\/\/schema.org","@graph":[{"@type":"BreadcrumbList","@id":"https:\/\/diario.m-achermann.com\/de\/einleitung\/#breadcrumblist","itemListElement":[{"@type":"ListItem","@id":"https:\/\/diario.m-achermann.com\/de\/#listItem","position":1,"name":"Home","item":"https:\/\/diario.m-achermann.com\/de\/","nextItem":{"@type":"ListItem","@id":"https:\/\/diario.m-achermann.com\/de\/einleitung\/#listItem","name":"Einleitung"}},{"@type":"ListItem","@id":"https:\/\/diario.m-achermann.com\/de\/einleitung\/#listItem","position":2,"name":"Einleitung","previousItem":{"@type":"ListItem","@id":"https:\/\/diario.m-achermann.com\/de\/#listItem","name":"Home"}}]},{"@type":"Person","@id":"https:\/\/diario.m-achermann.com\/de\/#person","name":"Mirko Achermann","image":{"@type":"ImageObject","@id":"https:\/\/diario.m-achermann.com\/de\/einleitung\/#personImage","url":"https:\/\/secure.gravatar.com\/avatar\/53bb9dac79236bd713fbe107c9f2410ca8a6094577846073d4bea7d0bab1e51f?s=96&d=mm&r=g","width":96,"height":96,"caption":"Mirko Achermann"}},{"@type":"WebPage","@id":"https:\/\/diario.m-achermann.com\/de\/einleitung\/#webpage","url":"https:\/\/diario.m-achermann.com\/de\/einleitung\/","name":"Station\u00e4res Tagebuch: COVID und Resilienz","description":"Entdecken Sie den ber\u00fchrenden Bericht einer Person, die COVID zwischen Herausforderungen, Verlust und Hoffnung erlebt hat, und wie diese Erfahrung ihre Wahrnehmung des Lebens ver\u00e4ndert hat.","inLanguage":"de-DE","isPartOf":{"@id":"https:\/\/diario.m-achermann.com\/de\/#website"},"breadcrumb":{"@id":"https:\/\/diario.m-achermann.com\/de\/einleitung\/#breadcrumblist"},"datePublished":"2023-10-23T10:59:02+02:00","dateModified":"2026-04-01T16:41:43+02:00"},{"@type":"WebSite","@id":"https:\/\/diario.m-achermann.com\/de\/#website","url":"https:\/\/diario.m-achermann.com\/de\/","name":"ECMO \u2013 Diario di una vita stravolta","alternateName":"ECMO","description":"Mein Abenteuer \u2013 oder vielleicht eher ein Missgeschick? Gl\u00fcck oder Pech?","inLanguage":"de-DE","publisher":{"@id":"https:\/\/diario.m-achermann.com\/de\/#person"}}]},"og:locale":"de_DE","og:site_name":"ECMO \u2013 Tagebuch eines auf den Kopf gestellten Lebens - Mein Abenteuer \u2013 oder vielleicht eher ein Missgeschick? Gl\u00fcck oder Pech?","og:type":"article","og:title":"Station\u00e4res Tagebuch: COVID und Resilienz","og:description":"Entdecken Sie den ber\u00fchrenden Bericht einer Person, die COVID zwischen Herausforderungen, Verlust und Hoffnung erlebt hat, und wie diese Erfahrung ihre Wahrnehmung des Lebens ver\u00e4ndert hat.","og:url":"https:\/\/diario.m-achermann.com\/de\/einleitung\/","og:image":"https:\/\/diario.m-achermann.com\/wp-content\/uploads\/2024\/02\/Mirko.png","og:image:secure_url":"https:\/\/diario.m-achermann.com\/wp-content\/uploads\/2024\/02\/Mirko.png","og:image:width":200,"og:image:height":200,"article:published_time":"2023-10-23T08:59:02+00:00","article:modified_time":"2026-04-01T14:41:43+00:00","article:publisher":"https:\/\/www.facebook.com\/profile.php?id=61556963490212","twitter:card":"summary_large_image","twitter:site":"@Mapi1967","twitter:title":"Station\u00e4res Tagebuch: COVID und Resilienz","twitter:description":"Entdecken Sie den ber\u00fchrenden Bericht einer Person, die COVID zwischen Herausforderungen, Verlust und Hoffnung erlebt hat, und wie diese Erfahrung ihre Wahrnehmung des Lebens ver\u00e4ndert hat.","twitter:creator":"@Mapi1967","twitter:image":"https:\/\/diario.m-achermann.com\/wp-content\/uploads\/2024\/02\/Mirko.png"},"aioseo_meta_data":{"post_id":"9397","title":"Station\u00e4res Tagebuch: COVID und Resilienz","description":"Entdecken Sie den ber\u00fchrenden Bericht einer Person, die COVID zwischen Herausforderungen, Verlust und Hoffnung erlebt hat, und wie diese Erfahrung ihre Wahrnehmung des Lebens ver\u00e4ndert hat.","keywords":null,"keyphrases":{"focus":{"keyphrase":"COVID","score":73,"analysis":{"keyphraseInTitle":{"score":9,"maxScore":9,"error":0},"keyphraseInDescription":{"score":9,"maxScore":9,"error":0},"keyphraseLength":{"score":9,"maxScore":9,"error":0,"length":1},"keyphraseInURL":{"score":1,"maxScore":5,"error":1},"keyphraseInIntroduction":{"score":3,"maxScore":9,"error":1},"keyphraseInSubHeadings":[],"keyphraseInImageAlt":{"score":3,"maxScore":9,"error":1},"keywordDensity":{"type":"best","score":9,"maxScore":9,"error":0}}},"additional":[{"keyphrase":"Introduzione","score":40,"analysis":{"keyphraseInDescription":{"score":3,"maxScore":9,"error":1},"keyphraseLength":{"score":9,"maxScore":9,"error":0,"length":1},"keyphraseInIntroduction":{"score":3,"maxScore":9,"error":1},"keyphraseInImageAlt":{"score":3,"maxScore":9,"error":1},"keywordDensity":{"score":0,"type":"low","maxScore":9,"error":1}}},{"keyphrase":"esperienza","score":53,"analysis":{"keyphraseInDescription":{"score":9,"maxScore":9,"error":0},"keyphraseLength":{"score":9,"maxScore":9,"error":0,"length":1},"keyphraseInIntroduction":{"score":3,"maxScore":9,"error":1},"keyphraseInImageAlt":{"score":3,"maxScore":9,"error":1},"keywordDensity":{"score":0,"type":"low","maxScore":9,"error":1}}},{"keyphrase":"condivisione","score":40,"analysis":{"keyphraseInDescription":{"score":3,"maxScore":9,"error":1},"keyphraseLength":{"score":9,"maxScore":9,"error":0,"length":1},"keyphraseInIntroduction":{"score":3,"maxScore":9,"error":1},"keyphraseInImageAlt":{"score":3,"maxScore":9,"error":1},"keywordDensity":{"score":0,"type":"low","maxScore":9,"error":1}}},{"keyphrase":"malattia","score":60,"analysis":{"keyphraseInDescription":{"score":3,"maxScore":9,"error":1},"keyphraseLength":{"score":9,"maxScore":9,"error":0,"length":1},"keyphraseInIntroduction":{"score":3,"maxScore":9,"error":1},"keyphraseInImageAlt":{"score":3,"maxScore":9,"error":1},"keywordDensity":{"type":"best","score":9,"maxScore":9,"error":0}}},{"keyphrase":"infettiva","score":40,"analysis":{"keyphraseInDescription":{"score":3,"maxScore":9,"error":1},"keyphraseLength":{"score":9,"maxScore":9,"error":0,"length":1},"keyphraseInIntroduction":{"score":3,"maxScore":9,"error":1},"keyphraseInImageAlt":{"score":3,"maxScore":9,"error":1},"keywordDensity":{"score":0,"type":"low","maxScore":9,"error":1}}}]},"primary_term":null,"canonical_url":null,"og_title":null,"og_description":null,"og_object_type":"default","og_image_type":"default","og_image_url":null,"og_image_width":null,"og_image_height":null,"og_image_custom_url":null,"og_image_custom_fields":null,"og_video":"","og_custom_url":null,"og_article_section":null,"og_article_tags":null,"twitter_use_og":false,"twitter_card":"default","twitter_image_type":"default","twitter_image_url":null,"twitter_image_custom_url":null,"twitter_image_custom_fields":null,"twitter_title":null,"twitter_description":null,"schema":{"blockGraphs":[],"customGraphs":[],"default":{"data":{"Article":[],"Course":[],"Dataset":[],"FAQPage":[],"Movie":[],"Person":[],"Product":[],"ProductReview":[],"Car":[],"Recipe":[],"Service":[],"SoftwareApplication":[],"WebPage":[]},"graphName":"WebPage","isEnabled":true},"graphs":[]},"schema_type":"default","schema_type_options":null,"pillar_content":false,"robots_default":true,"robots_noindex":false,"robots_noarchive":false,"robots_nosnippet":false,"robots_nofollow":false,"robots_noimageindex":false,"robots_noodp":false,"robots_notranslate":false,"robots_max_snippet":"-1","robots_max_videopreview":"-1","robots_max_imagepreview":"large","priority":null,"frequency":"default","local_seo":null,"seo_analyzer_scan_date":"2026-04-01 16:55:49","breadcrumb_settings":null,"limit_modified_date":0,"reviewed_by":null,"open_ai":"{\"title\":{\"suggestions\":[\"La mia lotta contro il COVID: una testimonianza di speranza e resilienza\",\"Come ho superato la grave forma di COVID: la mia storia di sopravvivenza\",\"COVID e la mia battaglia contro una malattia immunodepressiva\",\"Il mio diario di sopravvivenza: COVID e la rinascita dopo la malattia\"],\"usage\":0},\"description\":{\"suggestions\":[\"La mia testimonianza sulla lotta contro il COVID e la perdita dei miei genitori\",\"Un diario di sopravvivenza: la mia battaglia contro il COVID e la malattia\",\"Come ho affrontato il COVID e superato una forma grave della malattia\",\"La mia esperienza con il COVID: una storia di resilienza e speranza\",\"Un racconto di dolore e rinascita: la mia lotta contro il COVID e la sua variante inglese\"],\"usage\":0}}","ai":{"faqs":[],"keyPoints":[],"titles":["COVID: La mia lotta e rinascita dopo l'infezione grave","Rispetto al COVID: testimone di una sopravvivenza emblematica","COVID, un viaggio tra sofferenza e speranza: la mia storia","Come il COVID ha cambiato la mia vita: testimonianze e riflessioni","COVID e resilienza: superare il trauma e riscoprire la forza interiore"],"descriptions":["Scopri il racconto toccante di chi ha affrontato il COVID, tra sfide, perdita e speranza, e come questa esperienza ha cambiato la sua percezione della vita.","Vivi un'emozionante testimonianza di sopravvivenza al COVID, tra dolore, respiro difficile e rinascita personale, nello stile di chi ha combattuto con coraggio.","Leggi una storia di resilienza e speranza in tempi di COVID, dove l'autore condivide il suo percorso dalla malattia alla gratitudine, tra momenti bui e luce.","Affronta la realt\u00e0 del COVID attraverso gli occhi di chi l'ha vissuto sulla propria pelle, scoprendo forza e gratitudine nel percorso di guarigione.","Esplora una testimonianza autentica di sopravvivenza al COVID, tra perdita e rinascita, e come questa esperienza possa ispirare a vivere con pi\u00f9 consapevolezza."],"socialPosts":{"email":[],"linkedin":[],"twitter":[],"facebook":[],"instagram":[]}},"created":"2026-04-01 14:41:40","updated":"2026-04-01 17:28:37"},"aioseo_breadcrumb":"<div class=\"aioseo-breadcrumbs\"><span class=\"aioseo-breadcrumb\">\n\t<a href=\"https:\/\/diario.m-achermann.com\/de\/\" title=\"Home\">Home<\/a>\n<\/span><span class=\"aioseo-breadcrumb-separator\">\u00bb<\/span><span class=\"aioseo-breadcrumb\">\n\tEinleitung\n<\/span><\/div>","aioseo_breadcrumb_json":[{"label":"Home","link":"https:\/\/diario.m-achermann.com\/de\/"},{"label":"Einleitung","link":"https:\/\/diario.m-achermann.com\/de\/einleitung\/"}],"_links":{"self":[{"href":"https:\/\/diario.m-achermann.com\/de\/wp-json\/wp\/v2\/pages\/9397","targetHints":{"allow":["GET"]}}],"collection":[{"href":"https:\/\/diario.m-achermann.com\/de\/wp-json\/wp\/v2\/pages"}],"about":[{"href":"https:\/\/diario.m-achermann.com\/de\/wp-json\/wp\/v2\/types\/page"}],"author":[{"embeddable":true,"href":"https:\/\/diario.m-achermann.com\/de\/wp-json\/wp\/v2\/users\/1"}],"replies":[{"embeddable":true,"href":"https:\/\/diario.m-achermann.com\/de\/wp-json\/wp\/v2\/comments?post=9397"}],"version-history":[{"count":1,"href":"https:\/\/diario.m-achermann.com\/de\/wp-json\/wp\/v2\/pages\/9397\/revisions"}],"predecessor-version":[{"id":9399,"href":"https:\/\/diario.m-achermann.com\/de\/wp-json\/wp\/v2\/pages\/9397\/revisions\/9399"}],"wp:attachment":[{"href":"https:\/\/diario.m-achermann.com\/de\/wp-json\/wp\/v2\/media?parent=9397"}],"wp:term":[{"taxonomy":"category","embeddable":true,"href":"https:\/\/diario.m-achermann.com\/de\/wp-json\/wp\/v2\/categories?post=9397"},{"taxonomy":"post_tag","embeddable":true,"href":"https:\/\/diario.m-achermann.com\/de\/wp-json\/wp\/v2\/tags?post=9397"}],"curies":[{"name":"wp","href":"https:\/\/api.w.org\/{rel}","templated":true}]}}