{"id":9428,"date":"2023-10-24T15:51:35","date_gmt":"2023-10-24T13:51:35","guid":{"rendered":"https:\/\/diario.m-achermann.com\/donnerstag-25-februar-2021-um-1240-uhr\/"},"modified":"2026-04-02T10:34:45","modified_gmt":"2026-04-02T08:34:45","slug":"donnerstag-25-februar-2021-um-1240-uhr","status":"publish","type":"page","link":"https:\/\/diario.m-achermann.com\/de\/das-stationstagebuch\/donnerstag-25-februar-2021-um-1240-uhr\/","title":{"rendered":"Donnerstag, 25. Februar 2021 um 12:40 Uhr"},"content":{"rendered":"\n<p>Guten Morgen Herr Achermann,<br\/>hier ist wieder Maura.<\/p>\n\n<p>Heute Morgen haben wir Sie in die R\u00fcckenlage gebracht. <br\/>Das hei\u00dft, wir haben Sie im Bett wieder in die R\u00fcckenlage gebracht; wir waren zu f\u00fcnft, um dieses Man\u00f6ver sicher durchzuf\u00fchren (ich, zwei \u00c4rzte und zwei Physiotherapeuten). <br\/>Da Sie so viele Stunden in Bauchlage verbracht haben, ist Ihr Gesicht etwas geschwollen, aber das ist normal; durch die halbsitzende Position im Bett wird die Schwellung zur\u00fcckgehen.<\/p>\n\n<p>Wir haben alles genau kontrolliert, und es sind keine Druckstellen entstanden.<\/p>\n\n<p>Heute haben wir begonnen, die Sedierung zu reduzieren, um in den n\u00e4chsten Stunden Ihr Erwachen zu beurteilen, in der Hoffnung, dass dies f\u00fcr Sie angenehm sein wird.<\/p>\n\n<p>Sie werden weiterhin stark vom Beatmungsger\u00e4t unterst\u00fctzt und schlafen; alles ist stabil. Auch Ihr Herz schl\u00e4gt langsamer. <\/p>\n\n<p>Morgen wird entschieden, ob wir Sie erneut f\u00fcr mehrere Stunden in die Bauchlage bringen.<\/p>\n\n<p>Halten Sie durch, wir arbeiten daran, dass es Ihnen besser geht!<br\/>Maura<\/p>\n","protected":false},"excerpt":{"rendered":"<p>Guten Morgen Herr Achermann,hier ist wieder Maura. Heute Morgen haben wir Sie in die R\u00fcckenlage gebracht. Das hei\u00dft, wir haben Sie im Bett wieder in die R\u00fcckenlage gebracht; wir waren zu f\u00fcnft, um dieses Man\u00f6ver sicher durchzuf\u00fchren (ich, zwei \u00c4rzte und zwei Physiotherapeuten). Da Sie so viele Stunden in Bauchlage verbracht haben, ist Ihr Gesicht&hellip;&nbsp;<a href=\"https:\/\/diario.m-achermann.com\/de\/das-stationstagebuch\/donnerstag-25-februar-2021-um-1240-uhr\/\" rel=\"bookmark\">Weiterlesen &raquo;<span class=\"screen-reader-text\">Donnerstag, 25. Februar 2021 um 12:40 Uhr<\/span><\/a><\/p>\n","protected":false},"author":1,"featured_media":0,"parent":10014,"menu_order":130,"comment_status":"open","ping_status":"closed","template":"","meta":{"_editorskit_title_hidden":false,"_editorskit_reading_time":0,"_editorskit_is_block_options_detached":false,"_editorskit_block_options_position":"{}","om_disable_all_campaigns":false,"_lmt_disableupdate":"","_lmt_disable":"","_monsterinsights_skip_tracking":false,"_monsterinsights_sitenote_active":false,"_monsterinsights_sitenote_note":"","_monsterinsights_sitenote_category":0,"neve_meta_sidebar":"","neve_meta_container":"","neve_meta_enable_content_width":"","neve_meta_content_width":0,"neve_meta_title_alignment":"","neve_meta_author_avatar":"","neve_post_elements_order":"","neve_meta_disable_header":"","neve_meta_disable_footer":"","neve_meta_disable_title":"","neve_meta_reading_time":"","_themeisle_gutenberg_block_has_review":false,"footnotes":""},"categories":[],"tags":[],"class_list":["post-9428","page","type-page","status-publish","hentry"],"aioseo_notices":[],"aioseo_head":"\n\t\t<!-- All in One SEO Pro 4.9.7.1 - aioseo.com -->\n\t<meta name=\"description\" content=\"Erkunden Sie das Stationstagebuch und die Fortschritte von Herrn Achermann, einschlie\u00dflich Stabilisierungsma\u00dfnahmen, Monitoring und Hoffnungen auf ein Erwachen in unserem Update.\" \/>\n\t<meta name=\"robots\" content=\"max-snippet:-1, max-image-preview:large, max-video-preview:-1\" \/>\n\t<meta name=\"google-site-verification\" content=\"2kcNb_eND2p_5dJ-aEUjUzdL5U1pyWvu9G-2F4Qyiwk\" \/>\n\t<meta name=\"msvalidate.01\" content=\"8A32EFC1288A3ACC21FB6846BFC9E656\" \/>\n\t<link rel=\"canonical\" href=\"https:\/\/diario.m-achermann.com\/de\/das-stationstagebuch\/donnerstag-25-februar-2021-um-1240-uhr\/\" \/>\n\t<meta name=\"generator\" content=\"All in One SEO Pro (AIOSEO) 4.9.7.1\" \/>\n\t\t<meta property=\"og:locale\" content=\"de_DE\" \/>\n\t\t<meta property=\"og:site_name\" content=\"ECMO \u2013 Tagebuch eines auf den Kopf gestellten Lebens - Mein Abenteuer \u2013 oder vielleicht eher ein Missgeschick? Gl\u00fcck oder Pech?\" \/>\n\t\t<meta property=\"og:type\" content=\"article\" \/>\n\t\t<meta property=\"og:title\" content=\"Kliniktagebuch: Updates und Hoffnungen f\u00fcr mein Erwachen\" \/>\n\t\t<meta property=\"og:description\" content=\"Erkunden Sie das Stationstagebuch und die Fortschritte von Herrn Achermann, einschlie\u00dflich Stabilisierungsma\u00dfnahmen, Monitoring und Hoffnungen auf ein Erwachen in unserem Update.\" \/>\n\t\t<meta property=\"og:url\" content=\"https:\/\/diario.m-achermann.com\/de\/das-stationstagebuch\/donnerstag-25-februar-2021-um-1240-uhr\/\" \/>\n\t\t<meta property=\"og:image\" content=\"https:\/\/diario.m-achermann.com\/wp-content\/uploads\/2024\/02\/Mirko.png\" \/>\n\t\t<meta property=\"og:image:secure_url\" content=\"https:\/\/diario.m-achermann.com\/wp-content\/uploads\/2024\/02\/Mirko.png\" \/>\n\t\t<meta property=\"og:image:width\" content=\"200\" \/>\n\t\t<meta property=\"og:image:height\" content=\"200\" \/>\n\t\t<meta property=\"article:published_time\" content=\"2023-10-24T13:51:35+00:00\" \/>\n\t\t<meta property=\"article:modified_time\" content=\"2026-04-02T08:34:45+00:00\" \/>\n\t\t<meta property=\"article:publisher\" content=\"https:\/\/www.facebook.com\/profile.php?id=61556963490212\" \/>\n\t\t<meta name=\"twitter:card\" content=\"summary_large_image\" \/>\n\t\t<meta name=\"twitter:site\" content=\"@Mapi1967\" \/>\n\t\t<meta name=\"twitter:title\" content=\"Kliniktagebuch: Updates und Hoffnungen f\u00fcr mein Erwachen\" \/>\n\t\t<meta name=\"twitter:description\" content=\"Erkunden Sie das Stationstagebuch und die Fortschritte von Herrn Achermann, einschlie\u00dflich Stabilisierungsma\u00dfnahmen, Monitoring und Hoffnungen auf ein Erwachen in unserem Update.\" \/>\n\t\t<meta name=\"twitter:creator\" content=\"@Mapi1967\" \/>\n\t\t<meta name=\"twitter:image\" content=\"https:\/\/diario.m-achermann.com\/wp-content\/uploads\/2024\/02\/Mirko.png\" \/>\n\t\t<script type=\"application\/ld+json\" class=\"aioseo-schema\">\n\t\t\t{\"@context\":\"https:\\\/\\\/schema.org\",\"@graph\":[{\"@type\":\"BreadcrumbList\",\"@id\":\"https:\\\/\\\/diario.m-achermann.com\\\/de\\\/das-stationstagebuch\\\/donnerstag-25-februar-2021-um-1240-uhr\\\/#breadcrumblist\",\"itemListElement\":[{\"@type\":\"ListItem\",\"@id\":\"https:\\\/\\\/diario.m-achermann.com\\\/de\\\/#listItem\",\"position\":1,\"name\":\"Home\",\"item\":\"https:\\\/\\\/diario.m-achermann.com\\\/de\\\/\",\"nextItem\":{\"@type\":\"ListItem\",\"@id\":\"https:\\\/\\\/diario.m-achermann.com\\\/de\\\/das-stationstagebuch\\\/#listItem\",\"name\":\"Das Stationstagebuch\"}},{\"@type\":\"ListItem\",\"@id\":\"https:\\\/\\\/diario.m-achermann.com\\\/de\\\/das-stationstagebuch\\\/#listItem\",\"position\":2,\"name\":\"Das Stationstagebuch\",\"item\":\"https:\\\/\\\/diario.m-achermann.com\\\/de\\\/das-stationstagebuch\\\/\",\"nextItem\":{\"@type\":\"ListItem\",\"@id\":\"https:\\\/\\\/diario.m-achermann.com\\\/de\\\/das-stationstagebuch\\\/donnerstag-25-februar-2021-um-1240-uhr\\\/#listItem\",\"name\":\"Donnerstag, 25. Februar 2021 um 12:40 Uhr\"},\"previousItem\":{\"@type\":\"ListItem\",\"@id\":\"https:\\\/\\\/diario.m-achermann.com\\\/de\\\/#listItem\",\"name\":\"Home\"}},{\"@type\":\"ListItem\",\"@id\":\"https:\\\/\\\/diario.m-achermann.com\\\/de\\\/das-stationstagebuch\\\/donnerstag-25-februar-2021-um-1240-uhr\\\/#listItem\",\"position\":3,\"name\":\"Donnerstag, 25. Februar 2021 um 12:40 Uhr\",\"previousItem\":{\"@type\":\"ListItem\",\"@id\":\"https:\\\/\\\/diario.m-achermann.com\\\/de\\\/das-stationstagebuch\\\/#listItem\",\"name\":\"Das Stationstagebuch\"}}]},{\"@type\":\"Person\",\"@id\":\"https:\\\/\\\/diario.m-achermann.com\\\/de\\\/#person\",\"name\":\"Mirko Achermann\",\"image\":{\"@type\":\"ImageObject\",\"@id\":\"https:\\\/\\\/diario.m-achermann.com\\\/de\\\/das-stationstagebuch\\\/donnerstag-25-februar-2021-um-1240-uhr\\\/#personImage\",\"url\":\"https:\\\/\\\/secure.gravatar.com\\\/avatar\\\/53bb9dac79236bd713fbe107c9f2410ca8a6094577846073d4bea7d0bab1e51f?s=96&d=mm&r=g\",\"width\":96,\"height\":96,\"caption\":\"Mirko Achermann\"}},{\"@type\":\"WebPage\",\"@id\":\"https:\\\/\\\/diario.m-achermann.com\\\/de\\\/das-stationstagebuch\\\/donnerstag-25-februar-2021-um-1240-uhr\\\/#webpage\",\"url\":\"https:\\\/\\\/diario.m-achermann.com\\\/de\\\/das-stationstagebuch\\\/donnerstag-25-februar-2021-um-1240-uhr\\\/\",\"name\":\"Kliniktagebuch: Updates und Hoffnungen f\\u00fcr mein Erwachen\",\"description\":\"Erkunden Sie das Stationstagebuch und die Fortschritte von Herrn Achermann, einschlie\\u00dflich Stabilisierungsma\\u00dfnahmen, Monitoring und Hoffnungen auf ein Erwachen in unserem Update.\",\"inLanguage\":\"de-DE\",\"isPartOf\":{\"@id\":\"https:\\\/\\\/diario.m-achermann.com\\\/de\\\/#website\"},\"breadcrumb\":{\"@id\":\"https:\\\/\\\/diario.m-achermann.com\\\/de\\\/das-stationstagebuch\\\/donnerstag-25-februar-2021-um-1240-uhr\\\/#breadcrumblist\"},\"datePublished\":\"2023-10-24T15:51:35+02:00\",\"dateModified\":\"2026-04-02T10:34:45+02:00\"},{\"@type\":\"WebSite\",\"@id\":\"https:\\\/\\\/diario.m-achermann.com\\\/de\\\/#website\",\"url\":\"https:\\\/\\\/diario.m-achermann.com\\\/de\\\/\",\"name\":\"ECMO \\u2013 Diario di una vita stravolta\",\"alternateName\":\"ECMO\",\"description\":\"Mein Abenteuer \\u2013 oder vielleicht eher ein Missgeschick? Gl\\u00fcck oder Pech?\",\"inLanguage\":\"de-DE\",\"publisher\":{\"@id\":\"https:\\\/\\\/diario.m-achermann.com\\\/de\\\/#person\"}}]}\n\t\t<\/script>\n\t\t<!-- All in One SEO Pro -->\r\n\t\t<title>Kliniktagebuch: Updates und Hoffnungen f\u00fcr mein Erwachen<\/title>\n\n","aioseo_head_json":{"title":"Kliniktagebuch: Updates und Hoffnungen f\u00fcr mein Erwachen","description":"Erkunden Sie das Stationstagebuch und die Fortschritte von Herrn Achermann, einschlie\u00dflich Stabilisierungsma\u00dfnahmen, Monitoring und Hoffnungen auf ein Erwachen in unserem Update.","canonical_url":"https:\/\/diario.m-achermann.com\/de\/das-stationstagebuch\/donnerstag-25-februar-2021-um-1240-uhr\/","robots":"max-snippet:-1, max-image-preview:large, max-video-preview:-1","keywords":"","webmasterTools":{"google-site-verification":"2kcNb_eND2p_5dJ-aEUjUzdL5U1pyWvu9G-2F4Qyiwk","msvalidate.01":"8A32EFC1288A3ACC21FB6846BFC9E656","miscellaneous":""},"schema":{"@context":"https:\/\/schema.org","@graph":[{"@type":"BreadcrumbList","@id":"https:\/\/diario.m-achermann.com\/de\/das-stationstagebuch\/donnerstag-25-februar-2021-um-1240-uhr\/#breadcrumblist","itemListElement":[{"@type":"ListItem","@id":"https:\/\/diario.m-achermann.com\/de\/#listItem","position":1,"name":"Home","item":"https:\/\/diario.m-achermann.com\/de\/","nextItem":{"@type":"ListItem","@id":"https:\/\/diario.m-achermann.com\/de\/das-stationstagebuch\/#listItem","name":"Das Stationstagebuch"}},{"@type":"ListItem","@id":"https:\/\/diario.m-achermann.com\/de\/das-stationstagebuch\/#listItem","position":2,"name":"Das Stationstagebuch","item":"https:\/\/diario.m-achermann.com\/de\/das-stationstagebuch\/","nextItem":{"@type":"ListItem","@id":"https:\/\/diario.m-achermann.com\/de\/das-stationstagebuch\/donnerstag-25-februar-2021-um-1240-uhr\/#listItem","name":"Donnerstag, 25. Februar 2021 um 12:40 Uhr"},"previousItem":{"@type":"ListItem","@id":"https:\/\/diario.m-achermann.com\/de\/#listItem","name":"Home"}},{"@type":"ListItem","@id":"https:\/\/diario.m-achermann.com\/de\/das-stationstagebuch\/donnerstag-25-februar-2021-um-1240-uhr\/#listItem","position":3,"name":"Donnerstag, 25. Februar 2021 um 12:40 Uhr","previousItem":{"@type":"ListItem","@id":"https:\/\/diario.m-achermann.com\/de\/das-stationstagebuch\/#listItem","name":"Das Stationstagebuch"}}]},{"@type":"Person","@id":"https:\/\/diario.m-achermann.com\/de\/#person","name":"Mirko Achermann","image":{"@type":"ImageObject","@id":"https:\/\/diario.m-achermann.com\/de\/das-stationstagebuch\/donnerstag-25-februar-2021-um-1240-uhr\/#personImage","url":"https:\/\/secure.gravatar.com\/avatar\/53bb9dac79236bd713fbe107c9f2410ca8a6094577846073d4bea7d0bab1e51f?s=96&d=mm&r=g","width":96,"height":96,"caption":"Mirko Achermann"}},{"@type":"WebPage","@id":"https:\/\/diario.m-achermann.com\/de\/das-stationstagebuch\/donnerstag-25-februar-2021-um-1240-uhr\/#webpage","url":"https:\/\/diario.m-achermann.com\/de\/das-stationstagebuch\/donnerstag-25-februar-2021-um-1240-uhr\/","name":"Kliniktagebuch: Updates und Hoffnungen f\u00fcr mein Erwachen","description":"Erkunden Sie das Stationstagebuch und die Fortschritte von Herrn Achermann, einschlie\u00dflich Stabilisierungsma\u00dfnahmen, Monitoring und Hoffnungen auf ein Erwachen in unserem Update.","inLanguage":"de-DE","isPartOf":{"@id":"https:\/\/diario.m-achermann.com\/de\/#website"},"breadcrumb":{"@id":"https:\/\/diario.m-achermann.com\/de\/das-stationstagebuch\/donnerstag-25-februar-2021-um-1240-uhr\/#breadcrumblist"},"datePublished":"2023-10-24T15:51:35+02:00","dateModified":"2026-04-02T10:34:45+02:00"},{"@type":"WebSite","@id":"https:\/\/diario.m-achermann.com\/de\/#website","url":"https:\/\/diario.m-achermann.com\/de\/","name":"ECMO \u2013 Diario di una vita stravolta","alternateName":"ECMO","description":"Mein Abenteuer \u2013 oder vielleicht eher ein Missgeschick? Gl\u00fcck oder Pech?","inLanguage":"de-DE","publisher":{"@id":"https:\/\/diario.m-achermann.com\/de\/#person"}}]},"og:locale":"de_DE","og:site_name":"ECMO \u2013 Tagebuch eines auf den Kopf gestellten Lebens - Mein Abenteuer \u2013 oder vielleicht eher ein Missgeschick? Gl\u00fcck oder Pech?","og:type":"article","og:title":"Kliniktagebuch: Updates und Hoffnungen f\u00fcr mein Erwachen","og:description":"Erkunden Sie das Stationstagebuch und die Fortschritte von Herrn Achermann, einschlie\u00dflich Stabilisierungsma\u00dfnahmen, Monitoring und Hoffnungen auf ein Erwachen in unserem Update.","og:url":"https:\/\/diario.m-achermann.com\/de\/das-stationstagebuch\/donnerstag-25-februar-2021-um-1240-uhr\/","og:image":"https:\/\/diario.m-achermann.com\/wp-content\/uploads\/2024\/02\/Mirko.png","og:image:secure_url":"https:\/\/diario.m-achermann.com\/wp-content\/uploads\/2024\/02\/Mirko.png","og:image:width":200,"og:image:height":200,"article:published_time":"2023-10-24T13:51:35+00:00","article:modified_time":"2026-04-02T08:34:45+00:00","article:publisher":"https:\/\/www.facebook.com\/profile.php?id=61556963490212","twitter:card":"summary_large_image","twitter:site":"@Mapi1967","twitter:title":"Kliniktagebuch: Updates und Hoffnungen f\u00fcr mein Erwachen","twitter:description":"Erkunden Sie das Stationstagebuch und die Fortschritte von Herrn Achermann, einschlie\u00dflich Stabilisierungsma\u00dfnahmen, Monitoring und Hoffnungen auf ein Erwachen in unserem Update.","twitter:creator":"@Mapi1967","twitter:image":"https:\/\/diario.m-achermann.com\/wp-content\/uploads\/2024\/02\/Mirko.png"},"aioseo_meta_data":{"post_id":"9428","title":"Kliniktagebuch: Updates und Hoffnungen f\u00fcr mein Erwachen","description":"Erkunden Sie das Stationstagebuch und die Fortschritte von Herrn Achermann, einschlie\u00dflich Stabilisierungsma\u00dfnahmen, Monitoring und Hoffnungen auf ein Erwachen in unserem Update.","keywords":null,"keyphrases":{"focus":{"keyphrase":"Diario","score":70,"analysis":{"keyphraseInTitle":{"score":9,"maxScore":9,"error":0},"keyphraseInDescription":{"score":9,"maxScore":9,"error":0},"keyphraseLength":{"score":9,"maxScore":9,"error":0,"length":1},"keyphraseInURL":{"score":5,"maxScore":5,"error":0},"keyphraseInIntroduction":{"score":3,"maxScore":9,"error":1},"keyphraseInSubHeadings":[],"keyphraseInImageAlt":[],"keywordDensity":{"score":0,"type":"low","maxScore":9,"error":1}}},"additional":[{"keyphrase":"ECMO","score":42,"analysis":{"keyphraseInDescription":{"score":3,"maxScore":9,"error":1},"keyphraseLength":{"score":9,"maxScore":9,"error":0,"length":1},"keyphraseInIntroduction":{"score":3,"maxScore":9,"error":1},"keyphraseInImageAlt":[],"keywordDensity":{"score":0,"type":"low","maxScore":9,"error":1}}},{"keyphrase":"Degenza","score":58,"analysis":{"keyphraseInDescription":{"score":9,"maxScore":9,"error":0},"keyphraseLength":{"score":9,"maxScore":9,"error":0,"length":1},"keyphraseInIntroduction":{"score":3,"maxScore":9,"error":1},"keyphraseInImageAlt":[],"keywordDensity":{"score":0,"type":"low","maxScore":9,"error":1}}},{"keyphrase":"Cardiocentro","score":42,"analysis":{"keyphraseInDescription":{"score":3,"maxScore":9,"error":1},"keyphraseLength":{"score":9,"maxScore":9,"error":0,"length":1},"keyphraseInIntroduction":{"score":3,"maxScore":9,"error":1},"keyphraseInImageAlt":[],"keywordDensity":{"score":0,"type":"low","maxScore":9,"error":1}}},{"keyphrase":"sedazione","score":67,"analysis":{"keyphraseInDescription":{"score":3,"maxScore":9,"error":1},"keyphraseLength":{"score":9,"maxScore":9,"error":0,"length":1},"keyphraseInIntroduction":{"score":3,"maxScore":9,"error":1},"keyphraseInImageAlt":[],"keywordDensity":{"type":"best","score":9,"maxScore":9,"error":0}}},{"keyphrase":"gonfiore","score":67,"analysis":{"keyphraseInDescription":{"score":3,"maxScore":9,"error":1},"keyphraseLength":{"score":9,"maxScore":9,"error":0,"length":1},"keyphraseInIntroduction":{"score":3,"maxScore":9,"error":1},"keyphraseInImageAlt":[],"keywordDensity":{"type":"best","score":9,"maxScore":9,"error":0}}},{"keyphrase":"lesioni","score":67,"analysis":{"keyphraseInDescription":{"score":3,"maxScore":9,"error":1},"keyphraseLength":{"score":9,"maxScore":9,"error":0,"length":1},"keyphraseInIntroduction":{"score":3,"maxScore":9,"error":1},"keyphraseInImageAlt":[],"keywordDensity":{"type":"best","score":9,"maxScore":9,"error":0}}}]},"primary_term":null,"canonical_url":null,"og_title":null,"og_description":null,"og_object_type":"default","og_image_type":"default","og_image_url":null,"og_image_width":null,"og_image_height":null,"og_image_custom_url":null,"og_image_custom_fields":null,"og_video":"","og_custom_url":null,"og_article_section":null,"og_article_tags":null,"twitter_use_og":false,"twitter_card":"default","twitter_image_type":"default","twitter_image_url":null,"twitter_image_custom_url":null,"twitter_image_custom_fields":null,"twitter_title":null,"twitter_description":null,"schema":{"blockGraphs":[],"customGraphs":[],"default":{"data":{"Article":[],"Course":[],"Dataset":[],"FAQPage":[],"Movie":[],"Person":[],"Product":[],"ProductReview":[],"Car":[],"Recipe":[],"Service":[],"SoftwareApplication":[],"WebPage":[]},"graphName":"WebPage","isEnabled":true},"graphs":[]},"schema_type":"default","schema_type_options":null,"pillar_content":false,"robots_default":true,"robots_noindex":false,"robots_noarchive":false,"robots_nosnippet":false,"robots_nofollow":false,"robots_noimageindex":false,"robots_noodp":false,"robots_notranslate":false,"robots_max_snippet":"-1","robots_max_videopreview":"-1","robots_max_imagepreview":"large","priority":null,"frequency":"default","local_seo":null,"seo_analyzer_scan_date":"2026-04-02 09:10:20","breadcrumb_settings":null,"limit_modified_date":0,"reviewed_by":"0","open_ai":"{\"title\":{\"suggestions\":[],\"usage\":0},\"description\":{\"suggestions\":[],\"usage\":0}}","ai":{"faqs":[],"keyPoints":[],"titles":["Diario di un Ricovero: Aggiornamenti e Speranze per il Risveglio di Sig. Achermann","Il Diario di Maura: Gestione Attenta e Speranze di Guarigione","Aggiornamenti del Diario: Stabilit\u00e0 e Progressi nel Ricovero del Sig. Achermann","Il Diario di Cura: Lavoro e Speranze per il Risveglio di Sig. Achermann","Pillole di Speranza: Diario di un Ricovero Attento e Empatico"],"descriptions":["Scopri il diario dettagliato dell'assistenza a Sig. Achermann: manovre di re-positioning, controlli e speranze di risveglio nel nostro ultimo aggiornamento.","Leggi il diario completo di Maura che documenta le cure, le manovre di riallineamento e le condizioni in miglioramento di Sig. Achermann.","Esplora il diario di interventi e progressi di Sig. Achermann, tra manovre di stabilizzazione, monitoraggi e speranze di risveglio nel nostro aggiornamento.","Il diario di oggi mostra i passi fatti per migliorare la condizione di Sig. Achermann, con dettagli sulle manovre e le strategie di cura in corso.","Scopri il resoconto quotidiano di Maura su Sig. Achermann: manovre di stabilizzazione, monitoraggi e le ultime novit\u00e0 sul suo progresso."],"socialPosts":{"email":[],"linkedin":[],"twitter":[],"facebook":[],"instagram":[]}},"created":"2026-04-01 14:42:28","updated":"2026-04-02 09:30:45"},"aioseo_breadcrumb":"<div class=\"aioseo-breadcrumbs\"><span class=\"aioseo-breadcrumb\">\n\t<a href=\"https:\/\/diario.m-achermann.com\/de\/\" title=\"Home\">Home<\/a>\n<\/span><span class=\"aioseo-breadcrumb-separator\">\u00bb<\/span><span class=\"aioseo-breadcrumb\">\n\t<a href=\"https:\/\/diario.m-achermann.com\/de\/das-stationstagebuch\/\" title=\"Das Stationstagebuch\">Das Stationstagebuch<\/a>\n<\/span><span class=\"aioseo-breadcrumb-separator\">\u00bb<\/span><span class=\"aioseo-breadcrumb\">\n\tDonnerstag, 25. Februar 2021 um 12:40 Uhr\n<\/span><\/div>","aioseo_breadcrumb_json":[{"label":"Home","link":"https:\/\/diario.m-achermann.com\/de\/"},{"label":"Das Stationstagebuch","link":"https:\/\/diario.m-achermann.com\/de\/das-stationstagebuch\/"},{"label":"Donnerstag, 25. Februar 2021 um 12:40 Uhr","link":"https:\/\/diario.m-achermann.com\/de\/das-stationstagebuch\/donnerstag-25-februar-2021-um-1240-uhr\/"}],"_links":{"self":[{"href":"https:\/\/diario.m-achermann.com\/de\/wp-json\/wp\/v2\/pages\/9428","targetHints":{"allow":["GET"]}}],"collection":[{"href":"https:\/\/diario.m-achermann.com\/de\/wp-json\/wp\/v2\/pages"}],"about":[{"href":"https:\/\/diario.m-achermann.com\/de\/wp-json\/wp\/v2\/types\/page"}],"author":[{"embeddable":true,"href":"https:\/\/diario.m-achermann.com\/de\/wp-json\/wp\/v2\/users\/1"}],"replies":[{"embeddable":true,"href":"https:\/\/diario.m-achermann.com\/de\/wp-json\/wp\/v2\/comments?post=9428"}],"version-history":[{"count":1,"href":"https:\/\/diario.m-achermann.com\/de\/wp-json\/wp\/v2\/pages\/9428\/revisions"}],"predecessor-version":[{"id":9438,"href":"https:\/\/diario.m-achermann.com\/de\/wp-json\/wp\/v2\/pages\/9428\/revisions\/9438"}],"up":[{"embeddable":true,"href":"https:\/\/diario.m-achermann.com\/de\/wp-json\/wp\/v2\/pages\/10014"}],"wp:attachment":[{"href":"https:\/\/diario.m-achermann.com\/de\/wp-json\/wp\/v2\/media?parent=9428"}],"wp:term":[{"taxonomy":"category","embeddable":true,"href":"https:\/\/diario.m-achermann.com\/de\/wp-json\/wp\/v2\/categories?post=9428"},{"taxonomy":"post_tag","embeddable":true,"href":"https:\/\/diario.m-achermann.com\/de\/wp-json\/wp\/v2\/tags?post=9428"}],"curies":[{"name":"wp","href":"https:\/\/api.w.org\/{rel}","templated":true}]}}