{"id":9435,"date":"2023-10-24T16:16:57","date_gmt":"2023-10-24T14:16:57","guid":{"rendered":"https:\/\/diario.m-achermann.com\/sonntag-7-maerz-2021-um-1030-uhr\/"},"modified":"2026-04-02T10:39:40","modified_gmt":"2026-04-02T08:39:40","slug":"sonntag-7-maerz-2021-um-1030-uhr","status":"publish","type":"page","link":"https:\/\/diario.m-achermann.com\/de\/das-stationstagebuch\/sonntag-7-maerz-2021-um-1030-uhr\/","title":{"rendered":"Sonntag, 7. M\u00e4rz 2021 um 10:30 Uhr"},"content":{"rendered":"\n<p>Guten Morgen, Herr Achermann, <br\/>ich bin Maura, heute Morgen k\u00fcmmere ich mich wieder um Sie.<\/p>\n\n<p>Heute sind Sie wach und endlich kann ich mit Ihnen kommunizieren; Sie nicken mir mit dem Kopf zu, versuchen zu sprechen (aber solange Sie noch am Beatmungsger\u00e4t angeschlossen sind, wird keine Stimme herauskommen) und Sie haben mich angel\u00e4chelt.<\/p>\n\n<p>Heute Morgen habe ich Ihre \u201eSch\u00f6nheitspflege\u201c durchgef\u00fchrt, und nachdem wir die motorische Physiotherapie im Bett gemacht haben, haben der Physiotherapeut und ich Sie in den Sessel gesetzt.<br\/>Wir haben einen Lifter benutzt, da Sie noch sehr schwach sind, aber heute Morgen habe ich gesehen, wie Sie Ihre linke Hand bewegt haben.<br\/>Ich freue mich sehr, Ihre Fortschritte zu sehen.<\/p>\n\n<p>In K\u00fcrze werde ich Sie wieder ins Bett legen und Sie ausruhen lassen; f\u00fcr Sie ist es im Moment eine gro\u00dfe Anstrengung, im Sessel zu sitzen.<\/p>\n\n<p>Viel Kraft!<br\/>Maura<\/p>\n","protected":false},"excerpt":{"rendered":"<p>Guten Morgen, Herr Achermann, ich bin Maura, heute Morgen k\u00fcmmere ich mich wieder um Sie. Heute sind Sie wach und endlich kann ich mit Ihnen kommunizieren; Sie nicken mir mit dem Kopf zu, versuchen zu sprechen (aber solange Sie noch am Beatmungsger\u00e4t angeschlossen sind, wird keine Stimme herauskommen) und Sie haben mich angel\u00e4chelt. Heute Morgen&hellip;&nbsp;<a href=\"https:\/\/diario.m-achermann.com\/de\/das-stationstagebuch\/sonntag-7-maerz-2021-um-1030-uhr\/\" rel=\"bookmark\">Weiterlesen &raquo;<span class=\"screen-reader-text\">Sonntag, 7. M\u00e4rz 2021 um 10:30 Uhr<\/span><\/a><\/p>\n","protected":false},"author":1,"featured_media":0,"parent":10014,"menu_order":170,"comment_status":"open","ping_status":"closed","template":"","meta":{"_editorskit_title_hidden":false,"_editorskit_reading_time":0,"_editorskit_is_block_options_detached":false,"_editorskit_block_options_position":"{}","om_disable_all_campaigns":false,"_lmt_disableupdate":"","_lmt_disable":"","_monsterinsights_skip_tracking":false,"_monsterinsights_sitenote_active":false,"_monsterinsights_sitenote_note":"","_monsterinsights_sitenote_category":0,"neve_meta_sidebar":"","neve_meta_container":"","neve_meta_enable_content_width":"","neve_meta_content_width":0,"neve_meta_title_alignment":"","neve_meta_author_avatar":"","neve_post_elements_order":"","neve_meta_disable_header":"","neve_meta_disable_footer":"","neve_meta_disable_title":"","neve_meta_reading_time":"","_themeisle_gutenberg_block_has_review":false,"footnotes":""},"categories":[451,440],"tags":[],"class_list":["post-9435","page","type-page","status-publish","hentry","category-archiv","category-archiv2024"],"aioseo_notices":[],"aioseo_head":"\n\t\t<!-- All in One SEO Pro 4.9.7.1 - aioseo.com -->\n\t<meta name=\"description\" content=\"Lesen Sie das von Maura geschriebene Tagebuch \u00fcber den Krankenhausaufenthalt und erleben Sie die Hoffnung auf eine Genesung von Herrn Mirko Achermann, der endlich Anzeichen einer Besserung zeigt.\" \/>\n\t<meta name=\"robots\" content=\"max-snippet:-1, max-image-preview:large, max-video-preview:-1\" \/>\n\t<meta name=\"google-site-verification\" content=\"2kcNb_eND2p_5dJ-aEUjUzdL5U1pyWvu9G-2F4Qyiwk\" \/>\n\t<meta name=\"msvalidate.01\" content=\"8A32EFC1288A3ACC21FB6846BFC9E656\" \/>\n\t<link rel=\"canonical\" href=\"https:\/\/diario.m-achermann.com\/de\/das-stationstagebuch\/sonntag-7-maerz-2021-um-1030-uhr\/\" \/>\n\t<meta name=\"generator\" content=\"All in One SEO Pro (AIOSEO) 4.9.7.1\" \/>\n\t\t<meta property=\"og:locale\" content=\"de_DE\" \/>\n\t\t<meta property=\"og:site_name\" content=\"ECMO \u2013 Tagebuch eines auf den Kopf gestellten Lebens - Mein Abenteuer \u2013 oder vielleicht eher ein Missgeschick? Gl\u00fcck oder Pech?\" \/>\n\t\t<meta property=\"og:type\" content=\"article\" \/>\n\t\t<meta property=\"og:title\" content=\"Station\u00e4res Tagebuch: Die kleinen Schritte von Herrn Mirko Achermann in Richtung Genesung\" \/>\n\t\t<meta property=\"og:description\" content=\"Lesen Sie das von Maura geschriebene Tagebuch \u00fcber den Krankenhausaufenthalt und erleben Sie die Hoffnung auf eine Genesung von Herrn Mirko Achermann, der endlich Anzeichen einer Besserung zeigt.\" \/>\n\t\t<meta property=\"og:url\" content=\"https:\/\/diario.m-achermann.com\/de\/das-stationstagebuch\/sonntag-7-maerz-2021-um-1030-uhr\/\" \/>\n\t\t<meta property=\"og:image\" content=\"https:\/\/diario.m-achermann.com\/wp-content\/uploads\/2024\/02\/Mirko.png\" \/>\n\t\t<meta property=\"og:image:secure_url\" content=\"https:\/\/diario.m-achermann.com\/wp-content\/uploads\/2024\/02\/Mirko.png\" \/>\n\t\t<meta property=\"og:image:width\" content=\"200\" \/>\n\t\t<meta property=\"og:image:height\" content=\"200\" \/>\n\t\t<meta property=\"article:published_time\" content=\"2023-10-24T14:16:57+00:00\" \/>\n\t\t<meta property=\"article:modified_time\" content=\"2026-04-02T08:39:40+00:00\" \/>\n\t\t<meta property=\"article:publisher\" content=\"https:\/\/www.facebook.com\/profile.php?id=61556963490212\" \/>\n\t\t<meta name=\"twitter:card\" content=\"summary_large_image\" \/>\n\t\t<meta name=\"twitter:site\" content=\"@Mapi1967\" \/>\n\t\t<meta name=\"twitter:title\" content=\"Station\u00e4res Tagebuch: Die kleinen Schritte von Herrn Mirko Achermann in Richtung Genesung\" \/>\n\t\t<meta name=\"twitter:description\" content=\"Lesen Sie das von Maura geschriebene Tagebuch \u00fcber den Krankenhausaufenthalt und erleben Sie die Hoffnung auf eine Genesung von Herrn Mirko Achermann, der endlich Anzeichen einer Besserung zeigt.\" \/>\n\t\t<meta name=\"twitter:creator\" content=\"@Mapi1967\" \/>\n\t\t<meta name=\"twitter:image\" content=\"https:\/\/diario.m-achermann.com\/wp-content\/uploads\/2024\/02\/Mirko.png\" \/>\n\t\t<script type=\"application\/ld+json\" class=\"aioseo-schema\">\n\t\t\t{\"@context\":\"https:\\\/\\\/schema.org\",\"@graph\":[{\"@type\":\"BreadcrumbList\",\"@id\":\"https:\\\/\\\/diario.m-achermann.com\\\/de\\\/das-stationstagebuch\\\/sonntag-7-maerz-2021-um-1030-uhr\\\/#breadcrumblist\",\"itemListElement\":[{\"@type\":\"ListItem\",\"@id\":\"https:\\\/\\\/diario.m-achermann.com\\\/de\\\/#listItem\",\"position\":1,\"name\":\"Home\",\"item\":\"https:\\\/\\\/diario.m-achermann.com\\\/de\\\/\",\"nextItem\":{\"@type\":\"ListItem\",\"@id\":\"https:\\\/\\\/diario.m-achermann.com\\\/de\\\/das-stationstagebuch\\\/#listItem\",\"name\":\"Das Stationstagebuch\"}},{\"@type\":\"ListItem\",\"@id\":\"https:\\\/\\\/diario.m-achermann.com\\\/de\\\/das-stationstagebuch\\\/#listItem\",\"position\":2,\"name\":\"Das Stationstagebuch\",\"item\":\"https:\\\/\\\/diario.m-achermann.com\\\/de\\\/das-stationstagebuch\\\/\",\"nextItem\":{\"@type\":\"ListItem\",\"@id\":\"https:\\\/\\\/diario.m-achermann.com\\\/de\\\/das-stationstagebuch\\\/sonntag-7-maerz-2021-um-1030-uhr\\\/#listItem\",\"name\":\"Sonntag, 7. M\\u00e4rz 2021 um 10:30 Uhr\"},\"previousItem\":{\"@type\":\"ListItem\",\"@id\":\"https:\\\/\\\/diario.m-achermann.com\\\/de\\\/#listItem\",\"name\":\"Home\"}},{\"@type\":\"ListItem\",\"@id\":\"https:\\\/\\\/diario.m-achermann.com\\\/de\\\/das-stationstagebuch\\\/sonntag-7-maerz-2021-um-1030-uhr\\\/#listItem\",\"position\":3,\"name\":\"Sonntag, 7. M\\u00e4rz 2021 um 10:30 Uhr\",\"previousItem\":{\"@type\":\"ListItem\",\"@id\":\"https:\\\/\\\/diario.m-achermann.com\\\/de\\\/das-stationstagebuch\\\/#listItem\",\"name\":\"Das Stationstagebuch\"}}]},{\"@type\":\"Person\",\"@id\":\"https:\\\/\\\/diario.m-achermann.com\\\/de\\\/#person\",\"name\":\"Mirko Achermann\",\"image\":{\"@type\":\"ImageObject\",\"@id\":\"https:\\\/\\\/diario.m-achermann.com\\\/de\\\/das-stationstagebuch\\\/sonntag-7-maerz-2021-um-1030-uhr\\\/#personImage\",\"url\":\"https:\\\/\\\/secure.gravatar.com\\\/avatar\\\/53bb9dac79236bd713fbe107c9f2410ca8a6094577846073d4bea7d0bab1e51f?s=96&d=mm&r=g\",\"width\":96,\"height\":96,\"caption\":\"Mirko Achermann\"}},{\"@type\":\"WebPage\",\"@id\":\"https:\\\/\\\/diario.m-achermann.com\\\/de\\\/das-stationstagebuch\\\/sonntag-7-maerz-2021-um-1030-uhr\\\/#webpage\",\"url\":\"https:\\\/\\\/diario.m-achermann.com\\\/de\\\/das-stationstagebuch\\\/sonntag-7-maerz-2021-um-1030-uhr\\\/\",\"name\":\"Station\\u00e4res Tagebuch: Die kleinen Schritte von Herrn Mirko Achermann in Richtung Genesung\",\"description\":\"Lesen Sie das von Maura geschriebene Tagebuch \\u00fcber den Krankenhausaufenthalt und erleben Sie die Hoffnung auf eine Genesung von Herrn Mirko Achermann, der endlich Anzeichen einer Besserung zeigt.\",\"inLanguage\":\"de-DE\",\"isPartOf\":{\"@id\":\"https:\\\/\\\/diario.m-achermann.com\\\/de\\\/#website\"},\"breadcrumb\":{\"@id\":\"https:\\\/\\\/diario.m-achermann.com\\\/de\\\/das-stationstagebuch\\\/sonntag-7-maerz-2021-um-1030-uhr\\\/#breadcrumblist\"},\"datePublished\":\"2023-10-24T16:16:57+02:00\",\"dateModified\":\"2026-04-02T10:39:40+02:00\"},{\"@type\":\"WebSite\",\"@id\":\"https:\\\/\\\/diario.m-achermann.com\\\/de\\\/#website\",\"url\":\"https:\\\/\\\/diario.m-achermann.com\\\/de\\\/\",\"name\":\"ECMO \\u2013 Diario di una vita stravolta\",\"alternateName\":\"ECMO\",\"description\":\"Mein Abenteuer \\u2013 oder vielleicht eher ein Missgeschick? Gl\\u00fcck oder Pech?\",\"inLanguage\":\"de-DE\",\"publisher\":{\"@id\":\"https:\\\/\\\/diario.m-achermann.com\\\/de\\\/#person\"}}]}\n\t\t<\/script>\n\t\t<!-- All in One SEO Pro -->\r\n\t\t<title>Station\u00e4res Tagebuch: Die kleinen Schritte von Herrn Mirko Achermann in Richtung Genesung<\/title>\n\n","aioseo_head_json":{"title":"Station\u00e4res Tagebuch: Die kleinen Schritte von Herrn Mirko Achermann in Richtung Genesung","description":"Lesen Sie das von Maura geschriebene Tagebuch \u00fcber den Krankenhausaufenthalt und erleben Sie die Hoffnung auf eine Genesung von Herrn Mirko Achermann, der endlich Anzeichen einer Besserung zeigt.","canonical_url":"https:\/\/diario.m-achermann.com\/de\/das-stationstagebuch\/sonntag-7-maerz-2021-um-1030-uhr\/","robots":"max-snippet:-1, max-image-preview:large, max-video-preview:-1","keywords":"","webmasterTools":{"google-site-verification":"2kcNb_eND2p_5dJ-aEUjUzdL5U1pyWvu9G-2F4Qyiwk","msvalidate.01":"8A32EFC1288A3ACC21FB6846BFC9E656","miscellaneous":""},"schema":{"@context":"https:\/\/schema.org","@graph":[{"@type":"BreadcrumbList","@id":"https:\/\/diario.m-achermann.com\/de\/das-stationstagebuch\/sonntag-7-maerz-2021-um-1030-uhr\/#breadcrumblist","itemListElement":[{"@type":"ListItem","@id":"https:\/\/diario.m-achermann.com\/de\/#listItem","position":1,"name":"Home","item":"https:\/\/diario.m-achermann.com\/de\/","nextItem":{"@type":"ListItem","@id":"https:\/\/diario.m-achermann.com\/de\/das-stationstagebuch\/#listItem","name":"Das Stationstagebuch"}},{"@type":"ListItem","@id":"https:\/\/diario.m-achermann.com\/de\/das-stationstagebuch\/#listItem","position":2,"name":"Das Stationstagebuch","item":"https:\/\/diario.m-achermann.com\/de\/das-stationstagebuch\/","nextItem":{"@type":"ListItem","@id":"https:\/\/diario.m-achermann.com\/de\/das-stationstagebuch\/sonntag-7-maerz-2021-um-1030-uhr\/#listItem","name":"Sonntag, 7. M\u00e4rz 2021 um 10:30 Uhr"},"previousItem":{"@type":"ListItem","@id":"https:\/\/diario.m-achermann.com\/de\/#listItem","name":"Home"}},{"@type":"ListItem","@id":"https:\/\/diario.m-achermann.com\/de\/das-stationstagebuch\/sonntag-7-maerz-2021-um-1030-uhr\/#listItem","position":3,"name":"Sonntag, 7. M\u00e4rz 2021 um 10:30 Uhr","previousItem":{"@type":"ListItem","@id":"https:\/\/diario.m-achermann.com\/de\/das-stationstagebuch\/#listItem","name":"Das Stationstagebuch"}}]},{"@type":"Person","@id":"https:\/\/diario.m-achermann.com\/de\/#person","name":"Mirko Achermann","image":{"@type":"ImageObject","@id":"https:\/\/diario.m-achermann.com\/de\/das-stationstagebuch\/sonntag-7-maerz-2021-um-1030-uhr\/#personImage","url":"https:\/\/secure.gravatar.com\/avatar\/53bb9dac79236bd713fbe107c9f2410ca8a6094577846073d4bea7d0bab1e51f?s=96&d=mm&r=g","width":96,"height":96,"caption":"Mirko Achermann"}},{"@type":"WebPage","@id":"https:\/\/diario.m-achermann.com\/de\/das-stationstagebuch\/sonntag-7-maerz-2021-um-1030-uhr\/#webpage","url":"https:\/\/diario.m-achermann.com\/de\/das-stationstagebuch\/sonntag-7-maerz-2021-um-1030-uhr\/","name":"Station\u00e4res Tagebuch: Die kleinen Schritte von Herrn Mirko Achermann in Richtung Genesung","description":"Lesen Sie das von Maura geschriebene Tagebuch \u00fcber den Krankenhausaufenthalt und erleben Sie die Hoffnung auf eine Genesung von Herrn Mirko Achermann, der endlich Anzeichen einer Besserung zeigt.","inLanguage":"de-DE","isPartOf":{"@id":"https:\/\/diario.m-achermann.com\/de\/#website"},"breadcrumb":{"@id":"https:\/\/diario.m-achermann.com\/de\/das-stationstagebuch\/sonntag-7-maerz-2021-um-1030-uhr\/#breadcrumblist"},"datePublished":"2023-10-24T16:16:57+02:00","dateModified":"2026-04-02T10:39:40+02:00"},{"@type":"WebSite","@id":"https:\/\/diario.m-achermann.com\/de\/#website","url":"https:\/\/diario.m-achermann.com\/de\/","name":"ECMO \u2013 Diario di una vita stravolta","alternateName":"ECMO","description":"Mein Abenteuer \u2013 oder vielleicht eher ein Missgeschick? Gl\u00fcck oder Pech?","inLanguage":"de-DE","publisher":{"@id":"https:\/\/diario.m-achermann.com\/de\/#person"}}]},"og:locale":"de_DE","og:site_name":"ECMO \u2013 Tagebuch eines auf den Kopf gestellten Lebens - Mein Abenteuer \u2013 oder vielleicht eher ein Missgeschick? Gl\u00fcck oder Pech?","og:type":"article","og:title":"Station\u00e4res Tagebuch: Die kleinen Schritte von Herrn Mirko Achermann in Richtung Genesung","og:description":"Lesen Sie das von Maura geschriebene Tagebuch \u00fcber den Krankenhausaufenthalt und erleben Sie die Hoffnung auf eine Genesung von Herrn Mirko Achermann, der endlich Anzeichen einer Besserung zeigt.","og:url":"https:\/\/diario.m-achermann.com\/de\/das-stationstagebuch\/sonntag-7-maerz-2021-um-1030-uhr\/","og:image":"https:\/\/diario.m-achermann.com\/wp-content\/uploads\/2024\/02\/Mirko.png","og:image:secure_url":"https:\/\/diario.m-achermann.com\/wp-content\/uploads\/2024\/02\/Mirko.png","og:image:width":200,"og:image:height":200,"article:published_time":"2023-10-24T14:16:57+00:00","article:modified_time":"2026-04-02T08:39:40+00:00","article:publisher":"https:\/\/www.facebook.com\/profile.php?id=61556963490212","twitter:card":"summary_large_image","twitter:site":"@Mapi1967","twitter:title":"Station\u00e4res Tagebuch: Die kleinen Schritte von Herrn Mirko Achermann in Richtung Genesung","twitter:description":"Lesen Sie das von Maura geschriebene Tagebuch \u00fcber den Krankenhausaufenthalt und erleben Sie die Hoffnung auf eine Genesung von Herrn Mirko Achermann, der endlich Anzeichen einer Besserung zeigt.","twitter:creator":"@Mapi1967","twitter:image":"https:\/\/diario.m-achermann.com\/wp-content\/uploads\/2024\/02\/Mirko.png"},"aioseo_meta_data":{"post_id":"9435","title":"Station\u00e4res Tagebuch: Die kleinen Schritte von Herrn Mirko Achermann in Richtung Genesung","description":"Lesen Sie das von Maura geschriebene Tagebuch \u00fcber den Krankenhausaufenthalt und erleben Sie die Hoffnung auf eine Genesung von Herrn Mirko Achermann, der endlich Anzeichen einer Besserung zeigt.","keywords":null,"keyphrases":{"focus":{"keyphrase":"Diario","score":70,"analysis":{"keyphraseInTitle":{"score":9,"maxScore":9,"error":0},"keyphraseInDescription":{"score":9,"maxScore":9,"error":0},"keyphraseLength":{"score":9,"maxScore":9,"error":0,"length":1},"keyphraseInURL":{"score":5,"maxScore":5,"error":0},"keyphraseInIntroduction":{"score":3,"maxScore":9,"error":1},"keyphraseInSubHeadings":[],"keyphraseInImageAlt":[],"keywordDensity":{"score":0,"type":"low","maxScore":9,"error":1}}},"additional":[{"keyphrase":"ECMO","score":42,"analysis":{"keyphraseInDescription":{"score":3,"maxScore":9,"error":1},"keyphraseLength":{"score":9,"maxScore":9,"error":0,"length":1},"keyphraseInIntroduction":{"score":3,"maxScore":9,"error":1},"keyphraseInImageAlt":[],"keywordDensity":{"score":0,"type":"low","maxScore":9,"error":1}}},{"keyphrase":"Degenza","score":58,"analysis":{"keyphraseInDescription":{"score":9,"maxScore":9,"error":0},"keyphraseLength":{"score":9,"maxScore":9,"error":0,"length":1},"keyphraseInIntroduction":{"score":3,"maxScore":9,"error":1},"keyphraseInImageAlt":[],"keywordDensity":{"score":0,"type":"low","maxScore":9,"error":1}}},{"keyphrase":"Cardiocentro","score":42,"analysis":{"keyphraseInDescription":{"score":3,"maxScore":9,"error":1},"keyphraseLength":{"score":9,"maxScore":9,"error":0,"length":1},"keyphraseInIntroduction":{"score":3,"maxScore":9,"error":1},"keyphraseInImageAlt":[],"keywordDensity":{"score":0,"type":"low","maxScore":9,"error":1}}},{"keyphrase":"sveglio","score":67,"analysis":{"keyphraseInDescription":{"score":3,"maxScore":9,"error":1},"keyphraseLength":{"score":9,"maxScore":9,"error":0,"length":1},"keyphraseInIntroduction":{"score":3,"maxScore":9,"error":1},"keyphraseInImageAlt":[],"keywordDensity":{"type":"best","score":9,"maxScore":9,"error":0}}},{"keyphrase":"Sveglio","score":67,"analysis":{"keyphraseInDescription":{"score":3,"maxScore":9,"error":1},"keyphraseLength":{"score":9,"maxScore":9,"error":0,"length":1},"keyphraseInIntroduction":{"score":3,"maxScore":9,"error":1},"keyphraseInImageAlt":[],"keywordDensity":{"type":"best","score":9,"maxScore":9,"error":0}}}]},"primary_term":null,"canonical_url":null,"og_title":null,"og_description":null,"og_object_type":"default","og_image_type":"default","og_image_url":null,"og_image_width":null,"og_image_height":null,"og_image_custom_url":null,"og_image_custom_fields":null,"og_video":"","og_custom_url":null,"og_article_section":null,"og_article_tags":null,"twitter_use_og":false,"twitter_card":"default","twitter_image_type":"default","twitter_image_url":null,"twitter_image_custom_url":null,"twitter_image_custom_fields":null,"twitter_title":null,"twitter_description":null,"schema":{"blockGraphs":[],"customGraphs":[],"default":{"data":{"Article":[],"Course":[],"Dataset":[],"FAQPage":[],"Movie":[],"Person":[],"Product":[],"ProductReview":[],"Car":[],"Recipe":[],"Service":[],"SoftwareApplication":[],"WebPage":[]},"graphName":"WebPage","isEnabled":true},"graphs":[]},"schema_type":"default","schema_type_options":null,"pillar_content":false,"robots_default":true,"robots_noindex":false,"robots_noarchive":false,"robots_nosnippet":false,"robots_nofollow":false,"robots_noimageindex":false,"robots_noodp":false,"robots_notranslate":false,"robots_max_snippet":"-1","robots_max_videopreview":"-1","robots_max_imagepreview":"large","priority":null,"frequency":"default","local_seo":null,"seo_analyzer_scan_date":"2026-04-02 09:10:14","breadcrumb_settings":null,"limit_modified_date":0,"reviewed_by":"0","open_ai":"{\"title\":{\"suggestions\":[],\"usage\":0},\"description\":{\"suggestions\":[],\"usage\":0}}","ai":{"faqs":[],"keyPoints":[],"titles":["Diario di progresso: la comunicazione e i miglioramenti di Sig. Achermann","Storia di speranza: diario dei progressi del Sig. Achermann","Aggiornamenti positivi: diario di assistenza a Sig. Achermann","Diario di cura: i piccoli passi di Sig. Achermann verso il recupero","Evoluzione di Sig. Achermann: diario di un miglioramento"],"descriptions":["Scopri gli aggiornamenti sul Diario di Maura mentre osserva i progressi del sig. Achermann in un giorno di speranza e rinascita.","Leggi il Diario di Maura e vivi la speranza di una ripresa del sig. Achermann, che finalmente manifesta segni di miglioramento e comunicazione.","Il Diario di oggi racconta una giornata di progressi e speranze per il sig. Achermann, con Maura che testimonia i piccoli ma significativi miglioramenti.","Seguici nel Diario di Maura e scopri come i progressi del sig. Achermann aprono nuove possibilit\u00e0 di comunicazione e recupero.","Le ultime notizie dal Diario di Maura: un giorno di speranza con progressi notevoli e segni di miglioramento per il sig. Achermann."],"socialPosts":{"email":[],"linkedin":[],"twitter":[],"facebook":[],"instagram":[]}},"created":"2026-04-01 14:42:30","updated":"2026-04-02 09:33:07"},"aioseo_breadcrumb":"<div class=\"aioseo-breadcrumbs\"><span class=\"aioseo-breadcrumb\">\n\t<a href=\"https:\/\/diario.m-achermann.com\/de\/\" title=\"Home\">Home<\/a>\n<\/span><span class=\"aioseo-breadcrumb-separator\">\u00bb<\/span><span class=\"aioseo-breadcrumb\">\n\t<a href=\"https:\/\/diario.m-achermann.com\/de\/das-stationstagebuch\/\" title=\"Das Stationstagebuch\">Das Stationstagebuch<\/a>\n<\/span><span class=\"aioseo-breadcrumb-separator\">\u00bb<\/span><span class=\"aioseo-breadcrumb\">\n\tSonntag, 7. M\u00e4rz 2021 um 10:30 Uhr\n<\/span><\/div>","aioseo_breadcrumb_json":[{"label":"Home","link":"https:\/\/diario.m-achermann.com\/de\/"},{"label":"Das Stationstagebuch","link":"https:\/\/diario.m-achermann.com\/de\/das-stationstagebuch\/"},{"label":"Sonntag, 7. M\u00e4rz 2021 um 10:30 Uhr","link":"https:\/\/diario.m-achermann.com\/de\/das-stationstagebuch\/sonntag-7-maerz-2021-um-1030-uhr\/"}],"_links":{"self":[{"href":"https:\/\/diario.m-achermann.com\/de\/wp-json\/wp\/v2\/pages\/9435","targetHints":{"allow":["GET"]}}],"collection":[{"href":"https:\/\/diario.m-achermann.com\/de\/wp-json\/wp\/v2\/pages"}],"about":[{"href":"https:\/\/diario.m-achermann.com\/de\/wp-json\/wp\/v2\/types\/page"}],"author":[{"embeddable":true,"href":"https:\/\/diario.m-achermann.com\/de\/wp-json\/wp\/v2\/users\/1"}],"replies":[{"embeddable":true,"href":"https:\/\/diario.m-achermann.com\/de\/wp-json\/wp\/v2\/comments?post=9435"}],"version-history":[{"count":1,"href":"https:\/\/diario.m-achermann.com\/de\/wp-json\/wp\/v2\/pages\/9435\/revisions"}],"predecessor-version":[{"id":10015,"href":"https:\/\/diario.m-achermann.com\/de\/wp-json\/wp\/v2\/pages\/9435\/revisions\/10015"}],"up":[{"embeddable":true,"href":"https:\/\/diario.m-achermann.com\/de\/wp-json\/wp\/v2\/pages\/10014"}],"wp:attachment":[{"href":"https:\/\/diario.m-achermann.com\/de\/wp-json\/wp\/v2\/media?parent=9435"}],"wp:term":[{"taxonomy":"category","embeddable":true,"href":"https:\/\/diario.m-achermann.com\/de\/wp-json\/wp\/v2\/categories?post=9435"},{"taxonomy":"post_tag","embeddable":true,"href":"https:\/\/diario.m-achermann.com\/de\/wp-json\/wp\/v2\/tags?post=9435"}],"curies":[{"name":"wp","href":"https:\/\/api.w.org\/{rel}","templated":true}]}}