{"id":9491,"date":"2023-10-24T19:51:18","date_gmt":"2023-10-24T17:51:18","guid":{"rendered":"https:\/\/diario.m-achermann.com\/wer-ich-war-und-wer-ich-bin\/"},"modified":"2026-04-01T16:46:32","modified_gmt":"2026-04-01T14:46:32","slug":"wer-ich-war-und-wer-ich-bin","status":"publish","type":"page","link":"https:\/\/diario.m-achermann.com\/de\/wer-ich-war-und-wer-ich-bin\/","title":{"rendered":"Wer ich war und wer ich bin"},"content":{"rendered":"\n<ul class=\"wp-block-list\">\n<li style=\"font-size:16px\"><a href=\"https:\/\/diario.m-achermann.com\/chi-ero-e-chi-sono\/chi-ero\/\">Wer ich war<\/a><\/li>\n\n\n\n<li style=\"font-size:16px\"><a href=\"https:\/\/diario.m-achermann.com\/chi-ero-e-chi-sono\/inizia-la-pandemia\/\">Die Pandemie beginnt &#8230;<\/a><\/li>\n\n\n\n<li style=\"font-size:16px\"><a href=\"https:\/\/diario.m-achermann.com\/chi-ero-e-chi-sono\/la-diagnosi-lmc\/\">Die Diagnose \u2026 CML<\/a><\/li>\n\n\n\n<li style=\"font-size:16px\"><a href=\"https:\/\/diario.m-achermann.com\/chi-ero-e-chi-sono\/leucemia-mieloide-cronica-lmc-cose\/\">Chronische myeloische Leuk\u00e4mie (CML), was ist das?<\/a><\/li>\n\n\n\n<li style=\"font-size:16px\"><a href=\"https:\/\/diario.m-achermann.com\/chi-ero-e-chi-sono\/a-pranzo-con-la-bestia-oscura\/\">Mittagessen mit der dunklen Bestie<\/a><\/li>\n\n\n\n<li style=\"font-size:16px\"><a href=\"https:\/\/diario.m-achermann.com\/chi-ero-e-chi-sono\/linfezione\/\">Die Infektion<\/a><\/li>\n\n\n\n<li style=\"font-size:16px\"><a href=\"https:\/\/diario.m-achermann.com\/chi-ero-e-chi-sono\/il-ricovero\/\" title=\"\">Der Krankenhausaufenthalt<\/a><\/li>\n\n\n\n<li style=\"font-size:16px\"><a href=\"https:\/\/diario.m-achermann.com\/chi-ero-e-chi-sono\/chi-sono-ora\/\">Wer ich jetzt bin &#8230;<\/a><\/li>\n\n\n\n<li style=\"font-size:16px\"><a href=\"https:\/\/diario.m-achermann.com\/chi-ero-e-chi-sono\/ecmo-la-mia-esperienza-i-miei-ricordi\/\">ECMO, meine Erfahrung, meine Erinnerungen<\/a><\/li>\n\n\n\n<li style=\"font-size:16px\"><a href=\"https:\/\/diario.m-achermann.com\/de\/wer-ich-war-und-wer-ich-bin\/erinnerungsfragmente-waehrend-des-aufenthalts-auf-der-intensivstation\/\">Erinnerungsfetzen w\u00e4hrend des Aufenthalts auf der Intensivstation<\/a><\/li>\n\n\n\n<li style=\"font-size:16px\"><a href=\"https:\/\/diario.m-achermann.com\/chi-ero-e-chi-sono\/dottor_paul\/\" title=\"\">Doktor Paul<\/a><\/li>\n\n\n\n<li style=\"font-size:16px\"><a href=\"https:\/\/diario.m-achermann.com\/chi-ero-e-chi-sono\/sogni-o-allucinazioni\/\" title=\"\">Tr\u00e4ume oder Halluzinationen?<\/a><\/li>\n\n\n\n<li style=\"font-size:16px\"><a href=\"https:\/\/diario.m-achermann.com\/de\/wer-ich-war-und-wer-ich-bin\/koerperliche-rehabilitation\/\">Die k\u00f6rperliche Rehabilitation<\/a><\/li>\n\n\n\n<li style=\"font-size:16px\"><a href=\"https:\/\/diario.m-achermann.com\/de\/wer-ich-war-und-wer-ich-bin\/die-psychologische-rehabilitation\/\">Die psychologische Rehabilitation<\/a><\/li>\n\n\n\n<li style=\"font-size:16px\"><a href=\"https:\/\/diario.m-achermann.com\/de\/wer-ich-war-und-wer-ich-bin\/die-rueckkehr-nach-hause\/\">Die R\u00fcckkehr nach Hause<\/a><\/li>\n\n\n\n<li style=\"font-size:16px\"><a href=\"https:\/\/diario.m-achermann.com\/de\/wer-ich-war-und-wer-ich-bin\/die-rueckkehr-zur-familie-gefuehle-und-aengste\/\">Die R\u00fcckkehr zur Familie, Gef\u00fchle und \u00c4ngste<\/a><\/li>\n\n\n\n<li style=\"font-size:16px\"><a href=\"https:\/\/diario.m-achermann.com\/chi-ero-e-chi-sono\/la-famiglia-un-sostegno-sempre-presente\/\">Die Familie \u2026 eine stets pr\u00e4sente Unterst\u00fctzung<\/a><\/li>\n\n\n\n<li style=\"font-size:16px\"><a href=\"https:\/\/diario.m-achermann.com\/de\/wer-ich-war-und-wer-ich-bin\/akzeptanz-der-behinderung\/\">Akzeptanz der Behinderung<\/a><\/li>\n\n\n\n<li style=\"font-size:16px\"><a href=\"https:\/\/diario.m-achermann.com\/de\/wer-ich-war-und-wer-ich-bin\/institutionen-unterstuetzung-und-buerokratie\/\">Die Institutionen, Unterst\u00fctzung und B\u00fcrokratie<\/a><\/li>\n\n\n\n<li style=\"font-size:16px\"><a href=\"https:\/\/diario.m-achermann.com\/de\/wer-ich-war-und-wer-ich-bin\/die-arbeit-verlust-eines-stuecks-leben\/\">Die Arbeit, der Verlust eines St\u00fccks \u2026 Leben!<\/a><\/li>\n\n\n\n<li style=\"font-size:16px\"><a href=\"https:\/\/diario.m-achermann.com\/chi-ero-e-chi-sono\/i-colleghi-e-gli-amici-cosa-resta-dopo-la-malattia\/\">Kollegen und Freunde, was nach der Krankheit bleibt<\/a><\/li>\n\n\n\n<li style=\"font-size:16px\"><a href=\"https:\/\/diario.m-achermann.com\/chi-ero-e-chi-sono\/speranze-e-prospettive-per-il-futuro\/\">Hoffnungen und Perspektiven f\u00fcr die Zukunft<\/a><\/li>\n<\/ul>\n","protected":false},"excerpt":{"rendered":"","protected":false},"author":1,"featured_media":0,"parent":0,"menu_order":0,"comment_status":"closed","ping_status":"closed","template":"","meta":{"_editorskit_title_hidden":false,"_editorskit_reading_time":0,"_editorskit_is_block_options_detached":false,"_editorskit_block_options_position":"{}","om_disable_all_campaigns":false,"_lmt_disableupdate":"","_lmt_disable":"","_monsterinsights_skip_tracking":false,"_monsterinsights_sitenote_active":false,"_monsterinsights_sitenote_note":"","_monsterinsights_sitenote_category":0,"neve_meta_sidebar":"","neve_meta_container":"","neve_meta_enable_content_width":"","neve_meta_content_width":0,"neve_meta_title_alignment":"","neve_meta_author_avatar":"","neve_post_elements_order":"","neve_meta_disable_header":"","neve_meta_disable_footer":"","neve_meta_disable_title":"","neve_meta_reading_time":"","_themeisle_gutenberg_block_has_review":false,"footnotes":""},"categories":[],"tags":[],"class_list":["post-9491","page","type-page","status-publish","hentry"],"aioseo_notices":[],"aioseo_head":"\n\t\t<!-- All in One SEO Pro 4.9.7.1 - aioseo.com -->\n\t<meta name=\"description\" content=\"Entdecken Sie den pers\u00f6nlichen Erfahrungsbericht mit ECMO w\u00e4hrend des Kampfes gegen die chronische myeloische Leuk\u00e4mie. Ein Weg zwischen Diagnose, Krankenhausaufenthalt und der Hoffnung auf einen Neuanfang.\" \/>\n\t<meta name=\"robots\" content=\"max-snippet:-1, max-image-preview:large, max-video-preview:-1\" \/>\n\t<meta name=\"google-site-verification\" content=\"2kcNb_eND2p_5dJ-aEUjUzdL5U1pyWvu9G-2F4Qyiwk\" \/>\n\t<meta name=\"msvalidate.01\" content=\"8A32EFC1288A3ACC21FB6846BFC9E656\" \/>\n\t<link rel=\"canonical\" href=\"https:\/\/diario.m-achermann.com\/de\/wer-ich-war-und-wer-ich-bin\/\" \/>\n\t<meta name=\"generator\" content=\"All in One SEO Pro (AIOSEO) 4.9.7.1\" \/>\n\t\t<meta property=\"og:locale\" content=\"de_DE\" \/>\n\t\t<meta property=\"og:site_name\" content=\"ECMO \u2013 Tagebuch eines auf den Kopf gestellten Lebens - Mein Abenteuer \u2013 oder vielleicht eher ein Missgeschick? Gl\u00fcck oder Pech?\" \/>\n\t\t<meta property=\"og:type\" content=\"article\" \/>\n\t\t<meta property=\"og:title\" content=\"Wer ich war und wer ich bin\" \/>\n\t\t<meta property=\"og:description\" content=\"Entdecken Sie den pers\u00f6nlichen Erfahrungsbericht mit ECMO w\u00e4hrend des Kampfes gegen die chronische myeloische Leuk\u00e4mie. Ein Weg zwischen Diagnose, Krankenhausaufenthalt und der Hoffnung auf einen Neuanfang.\" \/>\n\t\t<meta property=\"og:url\" content=\"https:\/\/diario.m-achermann.com\/de\/wer-ich-war-und-wer-ich-bin\/\" \/>\n\t\t<meta property=\"og:image\" content=\"https:\/\/diario.m-achermann.com\/wp-content\/uploads\/2024\/02\/Mirko.png\" \/>\n\t\t<meta property=\"og:image:secure_url\" content=\"https:\/\/diario.m-achermann.com\/wp-content\/uploads\/2024\/02\/Mirko.png\" \/>\n\t\t<meta property=\"og:image:width\" content=\"200\" \/>\n\t\t<meta property=\"og:image:height\" content=\"200\" \/>\n\t\t<meta property=\"article:published_time\" content=\"2023-10-24T17:51:18+00:00\" \/>\n\t\t<meta property=\"article:modified_time\" content=\"2026-04-01T14:46:32+00:00\" \/>\n\t\t<meta property=\"article:publisher\" content=\"https:\/\/www.facebook.com\/profile.php?id=61556963490212\" \/>\n\t\t<meta name=\"twitter:card\" content=\"summary_large_image\" \/>\n\t\t<meta name=\"twitter:site\" content=\"@Mapi1967\" \/>\n\t\t<meta name=\"twitter:title\" content=\"Wer ich war und wer ich bin\" \/>\n\t\t<meta name=\"twitter:description\" content=\"Entdecken Sie den pers\u00f6nlichen Erfahrungsbericht mit ECMO w\u00e4hrend des Kampfes gegen die chronische myeloische Leuk\u00e4mie. Ein Weg zwischen Diagnose, Krankenhausaufenthalt und der Hoffnung auf einen Neuanfang.\" \/>\n\t\t<meta name=\"twitter:creator\" content=\"@Mapi1967\" \/>\n\t\t<meta name=\"twitter:image\" content=\"https:\/\/diario.m-achermann.com\/wp-content\/uploads\/2024\/02\/Mirko.png\" \/>\n\t\t<script type=\"application\/ld+json\" class=\"aioseo-schema\">\n\t\t\t{\"@context\":\"https:\\\/\\\/schema.org\",\"@graph\":[{\"@type\":\"BreadcrumbList\",\"@id\":\"https:\\\/\\\/diario.m-achermann.com\\\/de\\\/wer-ich-war-und-wer-ich-bin\\\/#breadcrumblist\",\"itemListElement\":[{\"@type\":\"ListItem\",\"@id\":\"https:\\\/\\\/diario.m-achermann.com\\\/de\\\/#listItem\",\"position\":1,\"name\":\"Home\",\"item\":\"https:\\\/\\\/diario.m-achermann.com\\\/de\\\/\",\"nextItem\":{\"@type\":\"ListItem\",\"@id\":\"https:\\\/\\\/diario.m-achermann.com\\\/de\\\/wer-ich-war-und-wer-ich-bin\\\/#listItem\",\"name\":\"Wer ich war und wer ich bin\"}},{\"@type\":\"ListItem\",\"@id\":\"https:\\\/\\\/diario.m-achermann.com\\\/de\\\/wer-ich-war-und-wer-ich-bin\\\/#listItem\",\"position\":2,\"name\":\"Wer ich war und wer ich bin\",\"previousItem\":{\"@type\":\"ListItem\",\"@id\":\"https:\\\/\\\/diario.m-achermann.com\\\/de\\\/#listItem\",\"name\":\"Home\"}}]},{\"@type\":\"Person\",\"@id\":\"https:\\\/\\\/diario.m-achermann.com\\\/de\\\/#person\",\"name\":\"Mirko Achermann\",\"image\":{\"@type\":\"ImageObject\",\"@id\":\"https:\\\/\\\/diario.m-achermann.com\\\/de\\\/wer-ich-war-und-wer-ich-bin\\\/#personImage\",\"url\":\"https:\\\/\\\/secure.gravatar.com\\\/avatar\\\/53bb9dac79236bd713fbe107c9f2410ca8a6094577846073d4bea7d0bab1e51f?s=96&d=mm&r=g\",\"width\":96,\"height\":96,\"caption\":\"Mirko Achermann\"}},{\"@type\":\"WebPage\",\"@id\":\"https:\\\/\\\/diario.m-achermann.com\\\/de\\\/wer-ich-war-und-wer-ich-bin\\\/#webpage\",\"url\":\"https:\\\/\\\/diario.m-achermann.com\\\/de\\\/wer-ich-war-und-wer-ich-bin\\\/\",\"name\":\"\\u00dcberleben und Neuanfangen: Geschichten \\u00fcber Hoffnung und Unterst\\u00fctzung w\\u00e4hrend des Weges mit ECMO\",\"description\":\"Entdecken Sie den pers\\u00f6nlichen Erfahrungsbericht mit ECMO w\\u00e4hrend des Kampfes gegen die chronische myeloische Leuk\\u00e4mie. Ein Weg zwischen Diagnose, Krankenhausaufenthalt und der Hoffnung auf einen Neuanfang.\",\"inLanguage\":\"de-DE\",\"isPartOf\":{\"@id\":\"https:\\\/\\\/diario.m-achermann.com\\\/de\\\/#website\"},\"breadcrumb\":{\"@id\":\"https:\\\/\\\/diario.m-achermann.com\\\/de\\\/wer-ich-war-und-wer-ich-bin\\\/#breadcrumblist\"},\"datePublished\":\"2023-10-24T19:51:18+02:00\",\"dateModified\":\"2026-04-01T16:46:32+02:00\"},{\"@type\":\"WebSite\",\"@id\":\"https:\\\/\\\/diario.m-achermann.com\\\/de\\\/#website\",\"url\":\"https:\\\/\\\/diario.m-achermann.com\\\/de\\\/\",\"name\":\"ECMO \\u2013 Diario di una vita stravolta\",\"alternateName\":\"ECMO\",\"description\":\"Mein Abenteuer \\u2013 oder vielleicht eher ein Missgeschick? Gl\\u00fcck oder Pech?\",\"inLanguage\":\"de-DE\",\"publisher\":{\"@id\":\"https:\\\/\\\/diario.m-achermann.com\\\/de\\\/#person\"}}]}\n\t\t<\/script>\n\t\t<!-- All in One SEO Pro -->\r\n\t\t<title>\u00dcberleben und Neuanfangen: Geschichten \u00fcber Hoffnung und Unterst\u00fctzung w\u00e4hrend des Weges mit ECMO<\/title>\n\n","aioseo_head_json":{"title":"\u00dcberleben und Neuanfangen: Geschichten \u00fcber Hoffnung und Unterst\u00fctzung w\u00e4hrend des Weges mit ECMO","description":"Entdecken Sie den pers\u00f6nlichen Erfahrungsbericht mit ECMO w\u00e4hrend des Kampfes gegen die chronische myeloische Leuk\u00e4mie. Ein Weg zwischen Diagnose, Krankenhausaufenthalt und der Hoffnung auf einen Neuanfang.","canonical_url":"https:\/\/diario.m-achermann.com\/de\/wer-ich-war-und-wer-ich-bin\/","robots":"max-snippet:-1, max-image-preview:large, max-video-preview:-1","keywords":"","webmasterTools":{"google-site-verification":"2kcNb_eND2p_5dJ-aEUjUzdL5U1pyWvu9G-2F4Qyiwk","msvalidate.01":"8A32EFC1288A3ACC21FB6846BFC9E656","miscellaneous":""},"schema":{"@context":"https:\/\/schema.org","@graph":[{"@type":"BreadcrumbList","@id":"https:\/\/diario.m-achermann.com\/de\/wer-ich-war-und-wer-ich-bin\/#breadcrumblist","itemListElement":[{"@type":"ListItem","@id":"https:\/\/diario.m-achermann.com\/de\/#listItem","position":1,"name":"Home","item":"https:\/\/diario.m-achermann.com\/de\/","nextItem":{"@type":"ListItem","@id":"https:\/\/diario.m-achermann.com\/de\/wer-ich-war-und-wer-ich-bin\/#listItem","name":"Wer ich war und wer ich bin"}},{"@type":"ListItem","@id":"https:\/\/diario.m-achermann.com\/de\/wer-ich-war-und-wer-ich-bin\/#listItem","position":2,"name":"Wer ich war und wer ich bin","previousItem":{"@type":"ListItem","@id":"https:\/\/diario.m-achermann.com\/de\/#listItem","name":"Home"}}]},{"@type":"Person","@id":"https:\/\/diario.m-achermann.com\/de\/#person","name":"Mirko Achermann","image":{"@type":"ImageObject","@id":"https:\/\/diario.m-achermann.com\/de\/wer-ich-war-und-wer-ich-bin\/#personImage","url":"https:\/\/secure.gravatar.com\/avatar\/53bb9dac79236bd713fbe107c9f2410ca8a6094577846073d4bea7d0bab1e51f?s=96&d=mm&r=g","width":96,"height":96,"caption":"Mirko Achermann"}},{"@type":"WebPage","@id":"https:\/\/diario.m-achermann.com\/de\/wer-ich-war-und-wer-ich-bin\/#webpage","url":"https:\/\/diario.m-achermann.com\/de\/wer-ich-war-und-wer-ich-bin\/","name":"\u00dcberleben und Neuanfangen: Geschichten \u00fcber Hoffnung und Unterst\u00fctzung w\u00e4hrend des Weges mit ECMO","description":"Entdecken Sie den pers\u00f6nlichen Erfahrungsbericht mit ECMO w\u00e4hrend des Kampfes gegen die chronische myeloische Leuk\u00e4mie. Ein Weg zwischen Diagnose, Krankenhausaufenthalt und der Hoffnung auf einen Neuanfang.","inLanguage":"de-DE","isPartOf":{"@id":"https:\/\/diario.m-achermann.com\/de\/#website"},"breadcrumb":{"@id":"https:\/\/diario.m-achermann.com\/de\/wer-ich-war-und-wer-ich-bin\/#breadcrumblist"},"datePublished":"2023-10-24T19:51:18+02:00","dateModified":"2026-04-01T16:46:32+02:00"},{"@type":"WebSite","@id":"https:\/\/diario.m-achermann.com\/de\/#website","url":"https:\/\/diario.m-achermann.com\/de\/","name":"ECMO \u2013 Diario di una vita stravolta","alternateName":"ECMO","description":"Mein Abenteuer \u2013 oder vielleicht eher ein Missgeschick? Gl\u00fcck oder Pech?","inLanguage":"de-DE","publisher":{"@id":"https:\/\/diario.m-achermann.com\/de\/#person"}}]},"og:locale":"de_DE","og:site_name":"ECMO \u2013 Tagebuch eines auf den Kopf gestellten Lebens - Mein Abenteuer \u2013 oder vielleicht eher ein Missgeschick? Gl\u00fcck oder Pech?","og:type":"article","og:title":"Wer ich war und wer ich bin","og:description":"Entdecken Sie den pers\u00f6nlichen Erfahrungsbericht mit ECMO w\u00e4hrend des Kampfes gegen die chronische myeloische Leuk\u00e4mie. Ein Weg zwischen Diagnose, Krankenhausaufenthalt und der Hoffnung auf einen Neuanfang.","og:url":"https:\/\/diario.m-achermann.com\/de\/wer-ich-war-und-wer-ich-bin\/","og:image":"https:\/\/diario.m-achermann.com\/wp-content\/uploads\/2024\/02\/Mirko.png","og:image:secure_url":"https:\/\/diario.m-achermann.com\/wp-content\/uploads\/2024\/02\/Mirko.png","og:image:width":200,"og:image:height":200,"article:published_time":"2023-10-24T17:51:18+00:00","article:modified_time":"2026-04-01T14:46:32+00:00","article:publisher":"https:\/\/www.facebook.com\/profile.php?id=61556963490212","twitter:card":"summary_large_image","twitter:site":"@Mapi1967","twitter:title":"Wer ich war und wer ich bin","twitter:description":"Entdecken Sie den pers\u00f6nlichen Erfahrungsbericht mit ECMO w\u00e4hrend des Kampfes gegen die chronische myeloische Leuk\u00e4mie. Ein Weg zwischen Diagnose, Krankenhausaufenthalt und der Hoffnung auf einen Neuanfang.","twitter:creator":"@Mapi1967","twitter:image":"https:\/\/diario.m-achermann.com\/wp-content\/uploads\/2024\/02\/Mirko.png"},"aioseo_meta_data":{"post_id":"9491","title":"\u00dcberleben und Neuanfangen: Geschichten \u00fcber Hoffnung und Unterst\u00fctzung w\u00e4hrend des Weges mit ECMO","description":"Entdecken Sie den pers\u00f6nlichen Erfahrungsbericht mit ECMO w\u00e4hrend des Kampfes gegen die chronische myeloische Leuk\u00e4mie. Ein Weg zwischen Diagnose, Krankenhausaufenthalt und der Hoffnung auf einen Neuanfang. ","keywords":null,"keyphrases":{"focus":{"keyphrase":"ECMO","score":80,"analysis":{"keyphraseInTitle":{"score":9,"maxScore":9,"error":0},"keyphraseInDescription":{"score":9,"maxScore":9,"error":0},"keyphraseLength":{"score":9,"maxScore":9,"error":0,"length":1},"keyphraseInURL":{"score":1,"maxScore":5,"error":1},"keyphraseInIntroduction":{"score":3,"maxScore":9,"error":1},"keyphraseInSubHeadings":[],"keyphraseInImageAlt":[],"keywordDensity":{"type":"best","score":9,"maxScore":9,"error":0}}},"additional":[{"keyphrase":"ECMO Chi ero e chi sono Indice","score":33,"analysis":{"keyphraseInDescription":{"score":3,"maxScore":9,"error":1},"keyphraseLength":{"score":6,"maxScore":9,"error":1,"length":7},"keyphraseInIntroduction":{"score":3,"maxScore":9,"error":1},"keyphraseInImageAlt":[],"keywordDensity":{"score":0,"type":"low","maxScore":9,"error":1}}},{"keyphrase":"Chi ero e chi sono","score":33,"analysis":{"keyphraseInDescription":{"score":3,"maxScore":9,"error":1},"keyphraseLength":{"score":6,"maxScore":9,"error":1,"length":5},"keyphraseInIntroduction":{"score":3,"maxScore":9,"error":1},"keyphraseInImageAlt":[],"keywordDensity":{"score":0,"type":"low","maxScore":9,"error":1}}},{"keyphrase":"ECMO","score":83,"analysis":{"keyphraseInDescription":{"score":9,"maxScore":9,"error":0},"keyphraseLength":{"score":9,"maxScore":9,"error":0,"length":1},"keyphraseInIntroduction":{"score":3,"maxScore":9,"error":1},"keyphraseInImageAlt":[],"keywordDensity":{"type":"best","score":9,"maxScore":9,"error":0}}},{"keyphrase":"Cure intense","score":42,"analysis":{"keyphraseInDescription":{"score":3,"maxScore":9,"error":1},"keyphraseLength":{"score":9,"maxScore":9,"error":0,"length":2},"keyphraseInIntroduction":{"score":3,"maxScore":9,"error":1},"keyphraseInImageAlt":[],"keywordDensity":{"score":0,"type":"low","maxScore":9,"error":1}}}]},"primary_term":null,"canonical_url":null,"og_title":"#post_title","og_description":null,"og_object_type":"default","og_image_type":"default","og_image_url":null,"og_image_width":null,"og_image_height":null,"og_image_custom_url":null,"og_image_custom_fields":null,"og_video":"","og_custom_url":null,"og_article_section":null,"og_article_tags":null,"twitter_use_og":false,"twitter_card":"default","twitter_image_type":"default","twitter_image_url":null,"twitter_image_custom_url":null,"twitter_image_custom_fields":null,"twitter_title":null,"twitter_description":null,"schema":{"blockGraphs":[],"customGraphs":[],"default":{"data":{"Article":[],"Course":[],"Dataset":[],"FAQPage":[],"Movie":[],"Person":[],"Product":[],"ProductReview":[],"Car":[],"Recipe":[],"Service":[],"SoftwareApplication":[],"WebPage":[]},"graphName":"WebPage","isEnabled":true},"graphs":[]},"schema_type":"default","schema_type_options":null,"pillar_content":false,"robots_default":true,"robots_noindex":false,"robots_noarchive":false,"robots_nosnippet":false,"robots_nofollow":false,"robots_noimageindex":false,"robots_noodp":false,"robots_notranslate":false,"robots_max_snippet":"-1","robots_max_videopreview":"-1","robots_max_imagepreview":"large","priority":null,"frequency":"default","local_seo":null,"seo_analyzer_scan_date":"2026-04-01 15:36:39","breadcrumb_settings":null,"limit_modified_date":0,"reviewed_by":null,"open_ai":"{\"title\":{\"suggestions\":[\"La mia esperienza con l ECMO: dalla diagnosi alla riabilitazione\",\"ECMO: la mia lotta contro la LMC e la mia esperienza di guarigione\",\"ECMO: come ho affrontato l'infezione e il ricovero in cure intensive\",\"Dal ricovero all'ECMO: la mia storia di lotta e speranza\"],\"usage\":0},\"description\":{\"suggestions\":[\"La mia esperienza con ECMO durante il ricovero in cure intensive\",\"Il ruolo di ECMO nella mia lotta contro la Leucemia mieloide cronica\",\"Come ECMO ha influenzato la mia riabilitazione fisica e psicologica\",\"Il sostegno della famiglia durante la mia esperienza con ECMO\",\"Speranze e prospettive future dopo l'utilizzo di ECMO nel mio trattamento\"],\"usage\":0}}","ai":{"faqs":[],"keyPoints":[],"titles":["La mia battaglia contro la Leucemia Mieloide Cronica e l'ECMO: un percorso di speranza e ricordo","Esperienza personale con ECMO e leucemia: un viaggio tra sfide, riabilitazione e rinascita","Vivere con LMC e ECMO: testimonianza di speranza, famiglia e resilienza","Dall'ospedale a casa: il percorso di recupero dopo ECMO e leucemia","Sopravvivere e ricominciare: storie di speranza e supporto durante il percorso con ECMO"],"descriptions":["Scopri l'esperienza personale con ECMO durante la lotta contro la Leucemia mieloide cronica. Un percorso tra diagnosi, ricovero e speranza di rinascita.","Un viaggio emozionante tra ricordi, sfide e la forza della famiglia durante il ricovero in terapia intensiva e il ritorno alla vita normale con ECMO.","Affronta le paure e le sfide dell'ECMO, tra ricordi e riabilitazione, in un racconto di speranza, accettazione e vita dopo la grave malattia.","Vivi il percorso di un paziente con ECMO: dalla diagnosi alla riabilitazione psicofisica, tra emozioni, sostegni e nuovi inizi.","Un racconto di resilienza e speranza: l'esperienza di ECMO, il sostegno della famiglia e le prospettive future di un combattente contro la malattia."],"socialPosts":{"email":[],"linkedin":[],"twitter":[],"facebook":[],"instagram":[]}},"created":"2026-04-01 14:46:28","updated":"2026-04-01 17:39:23"},"aioseo_breadcrumb":"<div class=\"aioseo-breadcrumbs\"><span class=\"aioseo-breadcrumb\">\n\t<a href=\"https:\/\/diario.m-achermann.com\/de\/\" title=\"Home\">Home<\/a>\n<\/span><span class=\"aioseo-breadcrumb-separator\">\u00bb<\/span><span class=\"aioseo-breadcrumb\">\n\tWer ich war und wer ich bin\n<\/span><\/div>","aioseo_breadcrumb_json":[{"label":"Home","link":"https:\/\/diario.m-achermann.com\/de\/"},{"label":"Wer ich war und wer ich bin","link":"https:\/\/diario.m-achermann.com\/de\/wer-ich-war-und-wer-ich-bin\/"}],"_links":{"self":[{"href":"https:\/\/diario.m-achermann.com\/de\/wp-json\/wp\/v2\/pages\/9491","targetHints":{"allow":["GET"]}}],"collection":[{"href":"https:\/\/diario.m-achermann.com\/de\/wp-json\/wp\/v2\/pages"}],"about":[{"href":"https:\/\/diario.m-achermann.com\/de\/wp-json\/wp\/v2\/types\/page"}],"author":[{"embeddable":true,"href":"https:\/\/diario.m-achermann.com\/de\/wp-json\/wp\/v2\/users\/1"}],"replies":[{"embeddable":true,"href":"https:\/\/diario.m-achermann.com\/de\/wp-json\/wp\/v2\/comments?post=9491"}],"version-history":[{"count":1,"href":"https:\/\/diario.m-achermann.com\/de\/wp-json\/wp\/v2\/pages\/9491\/revisions"}],"predecessor-version":[{"id":9494,"href":"https:\/\/diario.m-achermann.com\/de\/wp-json\/wp\/v2\/pages\/9491\/revisions\/9494"}],"wp:attachment":[{"href":"https:\/\/diario.m-achermann.com\/de\/wp-json\/wp\/v2\/media?parent=9491"}],"wp:term":[{"taxonomy":"category","embeddable":true,"href":"https:\/\/diario.m-achermann.com\/de\/wp-json\/wp\/v2\/categories?post=9491"},{"taxonomy":"post_tag","embeddable":true,"href":"https:\/\/diario.m-achermann.com\/de\/wp-json\/wp\/v2\/tags?post=9491"}],"curies":[{"name":"wp","href":"https:\/\/api.w.org\/{rel}","templated":true}]}}