{"id":9495,"date":"2023-10-24T16:57:11","date_gmt":"2023-10-24T14:57:11","guid":{"rendered":"https:\/\/diario.m-achermann.com\/sonntag-21-maerz-2021\/"},"modified":"2026-04-01T17:04:38","modified_gmt":"2026-04-01T15:04:38","slug":"sonntag-21-maerz-2021","status":"publish","type":"page","link":"https:\/\/diario.m-achermann.com\/de\/das-stationstagebuch\/sonntag-21-maerz-2021\/","title":{"rendered":"Sonntag, 21. M\u00e4rz 2021"},"content":{"rendered":"\n<p>Hallo Mirko,<br\/>ich bin Stefania, Krankenschwester.<\/p>\n\n<p>Ich erlaube mir, Dich zu duzen, weil Du mich darum gebeten hast.<\/p>\n\n<p>Seit dem 24. Januar habe ich nicht mehr geschrieben, und es hat sich vieles ver\u00e4ndert!<\/p>\n\n<p>Allen voran die Tatsache, dass Du jetzt sprechen kannst; obwohl Du noch ein Tracheostoma hast, atmest und sprichst Du jetzt wieder wie fr\u00fcher. <br\/>Die einzige Atemunterst\u00fctzung, die Dir noch bleibt, ist ein wenig (ein kleines bisschen) Sauerstoff. <br\/>Du hustest gut und kannst das Sekret fast selbstst\u00e4ndig abhusten.<\/p>\n\n<p>Heute Morgen haben wir gesprochen \u2026 Du hast mir gesagt, dass Du keine Fortschritte siehst, dass Du traurig bist; Du hast mir erz\u00e4hlt, dass man Dir gestern vom Tod Deiner Eltern berichtet hat. <br\/>Dein Verlust tut mir sehr leid.<br\/><\/p>\n<div class=\"wp-block-image\">\n<figure class=\"aligncenter size-full\"><img decoding=\"async\" width=\"1024\" height=\"768\" src=\"https:\/\/diario.m-achermann.com\/wp-content\/uploads\/2023\/10\/InOspedale.jpeg\" alt=\"\" class=\"wp-image-273\" srcset=\"https:\/\/diario.m-achermann.com\/wp-content\/uploads\/2023\/10\/InOspedale.jpeg 1024w, https:\/\/diario.m-achermann.com\/wp-content\/uploads\/2023\/10\/InOspedale-300x225.jpeg 300w, https:\/\/diario.m-achermann.com\/wp-content\/uploads\/2023\/10\/InOspedale-768x576.jpeg 768w\" sizes=\"(max-width: 1024px) 100vw, 1024px\" \/><\/figure>\n<\/div>\n<p><br\/>Ich habe auf jede Weise versucht, Dir begreiflich zu machen, dass Du Riesenschritte in Richtung Rehabilitation machst, aber ich habe verstanden, dass Du so schnell wie m\u00f6glich wieder der alte Mirko sein willst; das kann ich auch nachvollziehen, aber mir ist klar geworden, dass Du Dich nicht daran erinnerst, was Du durchgemacht hast.<\/p>\n\n<p>Ich habe Dir die ersten Seiten dieses Tagebuchs vorgelesen und hatte den Eindruck, dass es Dir \u2013 wie Du sagtest \u2013 Freude bereitet hat, Deine Geschichte zu rekonstruieren; m\u00f6ge Dir dies helfen, eine andere Perspektive auf Deine Genesung zu gewinnen.<br\/>Du hast mir auch gesagt: \u201eIch h\u00e4tte nicht gedacht, dass es so angenehm sein kann, ein Glas Wasser zu trinken!\u201c, und ich f\u00fcge hinzu, dass Du es ganz allein tust.<\/p>\n\n<p>All das ber\u00fchrt mich (wie ich Dir sagte) auf positive Weise: Ich beobachte jeden Tag Fortschritte und w\u00fcnsche mir, dass auch Du Dir der gro\u00dfen Fortschritte bewusst wirst, die Du machst.<\/p>\n\n<p>Sp\u00e4ter werde ich Dich auf eine Runde au\u00dferhalb der Station mitnehmen; nicht nach drau\u00dfen, denn heute ist es noch zu kalt!<\/p>\n\n<p>Auf geht\u2019s, Mirko, Du bist auf dem richtigen Weg!<br\/>Stefania<\/p>\n","protected":false},"excerpt":{"rendered":"<p>Hallo Mirko,ich bin Stefania, Krankenschwester. Ich erlaube mir, Dich zu duzen, weil Du mich darum gebeten hast. Seit dem 24. Januar habe ich nicht mehr geschrieben, und es hat sich vieles ver\u00e4ndert! Allen voran die Tatsache, dass Du jetzt sprechen kannst; obwohl Du noch ein Tracheostoma hast, atmest und sprichst Du jetzt wieder wie fr\u00fcher.&hellip;&nbsp;<a href=\"https:\/\/diario.m-achermann.com\/de\/das-stationstagebuch\/sonntag-21-maerz-2021\/\" rel=\"bookmark\">Weiterlesen &raquo;<span class=\"screen-reader-text\">Sonntag, 21. M\u00e4rz 2021<\/span><\/a><\/p>\n","protected":false},"author":1,"featured_media":0,"parent":10014,"menu_order":220,"comment_status":"open","ping_status":"closed","template":"","meta":{"_editorskit_title_hidden":false,"_editorskit_reading_time":0,"_editorskit_is_block_options_detached":false,"_editorskit_block_options_position":"{}","om_disable_all_campaigns":false,"_lmt_disableupdate":"","_lmt_disable":"","_monsterinsights_skip_tracking":false,"_monsterinsights_sitenote_active":false,"_monsterinsights_sitenote_note":"","_monsterinsights_sitenote_category":0,"neve_meta_sidebar":"","neve_meta_container":"","neve_meta_enable_content_width":"","neve_meta_content_width":0,"neve_meta_title_alignment":"","neve_meta_author_avatar":"","neve_post_elements_order":"","neve_meta_disable_header":"","neve_meta_disable_footer":"","neve_meta_disable_title":"","neve_meta_reading_time":"","_themeisle_gutenberg_block_has_review":false,"footnotes":""},"categories":[],"tags":[],"class_list":["post-9495","page","type-page","status-publish","hentry"],"aioseo_notices":[],"aioseo_head":"\n\t\t<!-- All in One SEO Pro 4.9.7.1 - aioseo.com -->\n\t<meta name=\"description\" content=\"Entdecken Sie das Tagebuch von Stefania, einer Krankenschwester, die Sie mit Empathie und Hoffnung durch Mirkos Emotionen, Fortschritte und Herausforderungen auf seinem Weg der Rehabilitation begleitet.\" \/>\n\t<meta name=\"robots\" content=\"max-snippet:-1, max-image-preview:large, max-video-preview:-1\" \/>\n\t<meta name=\"google-site-verification\" content=\"2kcNb_eND2p_5dJ-aEUjUzdL5U1pyWvu9G-2F4Qyiwk\" \/>\n\t<meta name=\"msvalidate.01\" content=\"8A32EFC1288A3ACC21FB6846BFC9E656\" \/>\n\t<link rel=\"canonical\" href=\"https:\/\/diario.m-achermann.com\/de\/das-stationstagebuch\/sonntag-21-maerz-2021\/\" \/>\n\t<meta name=\"generator\" content=\"All in One SEO Pro (AIOSEO) 4.9.7.1\" \/>\n\t\t<meta property=\"og:locale\" content=\"de_DE\" \/>\n\t\t<meta property=\"og:site_name\" content=\"ECMO \u2013 Tagebuch eines auf den Kopf gestellten Lebens - Mein Abenteuer \u2013 oder vielleicht eher ein Missgeschick? Gl\u00fcck oder Pech?\" \/>\n\t\t<meta property=\"og:type\" content=\"article\" \/>\n\t\t<meta property=\"og:title\" content=\"Vom Schmerz zur Kraft: Mirkos Stationstagebuch und sein Weg der Genesung\" \/>\n\t\t<meta property=\"og:description\" content=\"Entdecken Sie das Tagebuch von Stefania, einer Krankenschwester, die Sie mit Empathie und Hoffnung durch Mirkos Emotionen, Fortschritte und Herausforderungen auf seinem Weg der Rehabilitation begleitet.\" \/>\n\t\t<meta property=\"og:url\" content=\"https:\/\/diario.m-achermann.com\/de\/das-stationstagebuch\/sonntag-21-maerz-2021\/\" \/>\n\t\t<meta property=\"og:image\" content=\"https:\/\/diario.m-achermann.com\/wp-content\/uploads\/2024\/02\/Mirko.png\" \/>\n\t\t<meta property=\"og:image:secure_url\" content=\"https:\/\/diario.m-achermann.com\/wp-content\/uploads\/2024\/02\/Mirko.png\" \/>\n\t\t<meta property=\"og:image:width\" content=\"200\" \/>\n\t\t<meta property=\"og:image:height\" content=\"200\" \/>\n\t\t<meta property=\"article:published_time\" content=\"2023-10-24T14:57:11+00:00\" \/>\n\t\t<meta property=\"article:modified_time\" content=\"2026-04-01T15:04:38+00:00\" \/>\n\t\t<meta property=\"article:publisher\" content=\"https:\/\/www.facebook.com\/profile.php?id=61556963490212\" \/>\n\t\t<meta name=\"twitter:card\" content=\"summary_large_image\" \/>\n\t\t<meta name=\"twitter:site\" content=\"@Mapi1967\" \/>\n\t\t<meta name=\"twitter:title\" content=\"Vom Schmerz zur Kraft: Mirkos Stationstagebuch und sein Weg der Genesung\" \/>\n\t\t<meta name=\"twitter:description\" content=\"Entdecken Sie das Tagebuch von Stefania, einer Krankenschwester, die Sie mit Empathie und Hoffnung durch Mirkos Emotionen, Fortschritte und Herausforderungen auf seinem Weg der Rehabilitation begleitet.\" \/>\n\t\t<meta name=\"twitter:creator\" content=\"@Mapi1967\" \/>\n\t\t<meta name=\"twitter:image\" content=\"https:\/\/diario.m-achermann.com\/wp-content\/uploads\/2024\/02\/Mirko.png\" \/>\n\t\t<script type=\"application\/ld+json\" class=\"aioseo-schema\">\n\t\t\t{\"@context\":\"https:\\\/\\\/schema.org\",\"@graph\":[{\"@type\":\"BreadcrumbList\",\"@id\":\"https:\\\/\\\/diario.m-achermann.com\\\/de\\\/das-stationstagebuch\\\/sonntag-21-maerz-2021\\\/#breadcrumblist\",\"itemListElement\":[{\"@type\":\"ListItem\",\"@id\":\"https:\\\/\\\/diario.m-achermann.com\\\/de\\\/#listItem\",\"position\":1,\"name\":\"Home\",\"item\":\"https:\\\/\\\/diario.m-achermann.com\\\/de\\\/\",\"nextItem\":{\"@type\":\"ListItem\",\"@id\":\"https:\\\/\\\/diario.m-achermann.com\\\/de\\\/das-stationstagebuch\\\/#listItem\",\"name\":\"Das Stationstagebuch\"}},{\"@type\":\"ListItem\",\"@id\":\"https:\\\/\\\/diario.m-achermann.com\\\/de\\\/das-stationstagebuch\\\/#listItem\",\"position\":2,\"name\":\"Das Stationstagebuch\",\"item\":\"https:\\\/\\\/diario.m-achermann.com\\\/de\\\/das-stationstagebuch\\\/\",\"nextItem\":{\"@type\":\"ListItem\",\"@id\":\"https:\\\/\\\/diario.m-achermann.com\\\/de\\\/das-stationstagebuch\\\/sonntag-21-maerz-2021\\\/#listItem\",\"name\":\"Sonntag, 21. M\\u00e4rz 2021\"},\"previousItem\":{\"@type\":\"ListItem\",\"@id\":\"https:\\\/\\\/diario.m-achermann.com\\\/de\\\/#listItem\",\"name\":\"Home\"}},{\"@type\":\"ListItem\",\"@id\":\"https:\\\/\\\/diario.m-achermann.com\\\/de\\\/das-stationstagebuch\\\/sonntag-21-maerz-2021\\\/#listItem\",\"position\":3,\"name\":\"Sonntag, 21. M\\u00e4rz 2021\",\"previousItem\":{\"@type\":\"ListItem\",\"@id\":\"https:\\\/\\\/diario.m-achermann.com\\\/de\\\/das-stationstagebuch\\\/#listItem\",\"name\":\"Das Stationstagebuch\"}}]},{\"@type\":\"Person\",\"@id\":\"https:\\\/\\\/diario.m-achermann.com\\\/de\\\/#person\",\"name\":\"Mirko Achermann\",\"image\":{\"@type\":\"ImageObject\",\"@id\":\"https:\\\/\\\/diario.m-achermann.com\\\/de\\\/das-stationstagebuch\\\/sonntag-21-maerz-2021\\\/#personImage\",\"url\":\"https:\\\/\\\/secure.gravatar.com\\\/avatar\\\/53bb9dac79236bd713fbe107c9f2410ca8a6094577846073d4bea7d0bab1e51f?s=96&d=mm&r=g\",\"width\":96,\"height\":96,\"caption\":\"Mirko Achermann\"}},{\"@type\":\"WebPage\",\"@id\":\"https:\\\/\\\/diario.m-achermann.com\\\/de\\\/das-stationstagebuch\\\/sonntag-21-maerz-2021\\\/#webpage\",\"url\":\"https:\\\/\\\/diario.m-achermann.com\\\/de\\\/das-stationstagebuch\\\/sonntag-21-maerz-2021\\\/\",\"name\":\"Vom Schmerz zur Kraft: Mirkos Stationstagebuch und sein Weg der Genesung\",\"description\":\"Entdecken Sie das Tagebuch von Stefania, einer Krankenschwester, die Sie mit Empathie und Hoffnung durch Mirkos Emotionen, Fortschritte und Herausforderungen auf seinem Weg der Rehabilitation begleitet.\",\"inLanguage\":\"de-DE\",\"isPartOf\":{\"@id\":\"https:\\\/\\\/diario.m-achermann.com\\\/de\\\/#website\"},\"breadcrumb\":{\"@id\":\"https:\\\/\\\/diario.m-achermann.com\\\/de\\\/das-stationstagebuch\\\/sonntag-21-maerz-2021\\\/#breadcrumblist\"},\"datePublished\":\"2023-10-24T16:57:11+02:00\",\"dateModified\":\"2026-04-01T17:04:38+02:00\"},{\"@type\":\"WebSite\",\"@id\":\"https:\\\/\\\/diario.m-achermann.com\\\/de\\\/#website\",\"url\":\"https:\\\/\\\/diario.m-achermann.com\\\/de\\\/\",\"name\":\"ECMO \\u2013 Diario di una vita stravolta\",\"alternateName\":\"ECMO\",\"description\":\"Mein Abenteuer \\u2013 oder vielleicht eher ein Missgeschick? Gl\\u00fcck oder Pech?\",\"inLanguage\":\"de-DE\",\"publisher\":{\"@id\":\"https:\\\/\\\/diario.m-achermann.com\\\/de\\\/#person\"}}]}\n\t\t<\/script>\n\t\t<!-- All in One SEO Pro -->\r\n\t\t<title>Vom Schmerz zur Kraft: Mirkos Stationstagebuch und sein Weg der Genesung<\/title>\n\n","aioseo_head_json":{"title":"Vom Schmerz zur Kraft: Mirkos Stationstagebuch und sein Weg der Genesung","description":"Entdecken Sie das Tagebuch von Stefania, einer Krankenschwester, die Sie mit Empathie und Hoffnung durch Mirkos Emotionen, Fortschritte und Herausforderungen auf seinem Weg der Rehabilitation begleitet.","canonical_url":"https:\/\/diario.m-achermann.com\/de\/das-stationstagebuch\/sonntag-21-maerz-2021\/","robots":"max-snippet:-1, max-image-preview:large, max-video-preview:-1","keywords":"","webmasterTools":{"google-site-verification":"2kcNb_eND2p_5dJ-aEUjUzdL5U1pyWvu9G-2F4Qyiwk","msvalidate.01":"8A32EFC1288A3ACC21FB6846BFC9E656","miscellaneous":""},"schema":{"@context":"https:\/\/schema.org","@graph":[{"@type":"BreadcrumbList","@id":"https:\/\/diario.m-achermann.com\/de\/das-stationstagebuch\/sonntag-21-maerz-2021\/#breadcrumblist","itemListElement":[{"@type":"ListItem","@id":"https:\/\/diario.m-achermann.com\/de\/#listItem","position":1,"name":"Home","item":"https:\/\/diario.m-achermann.com\/de\/","nextItem":{"@type":"ListItem","@id":"https:\/\/diario.m-achermann.com\/de\/das-stationstagebuch\/#listItem","name":"Das Stationstagebuch"}},{"@type":"ListItem","@id":"https:\/\/diario.m-achermann.com\/de\/das-stationstagebuch\/#listItem","position":2,"name":"Das Stationstagebuch","item":"https:\/\/diario.m-achermann.com\/de\/das-stationstagebuch\/","nextItem":{"@type":"ListItem","@id":"https:\/\/diario.m-achermann.com\/de\/das-stationstagebuch\/sonntag-21-maerz-2021\/#listItem","name":"Sonntag, 21. M\u00e4rz 2021"},"previousItem":{"@type":"ListItem","@id":"https:\/\/diario.m-achermann.com\/de\/#listItem","name":"Home"}},{"@type":"ListItem","@id":"https:\/\/diario.m-achermann.com\/de\/das-stationstagebuch\/sonntag-21-maerz-2021\/#listItem","position":3,"name":"Sonntag, 21. M\u00e4rz 2021","previousItem":{"@type":"ListItem","@id":"https:\/\/diario.m-achermann.com\/de\/das-stationstagebuch\/#listItem","name":"Das Stationstagebuch"}}]},{"@type":"Person","@id":"https:\/\/diario.m-achermann.com\/de\/#person","name":"Mirko Achermann","image":{"@type":"ImageObject","@id":"https:\/\/diario.m-achermann.com\/de\/das-stationstagebuch\/sonntag-21-maerz-2021\/#personImage","url":"https:\/\/secure.gravatar.com\/avatar\/53bb9dac79236bd713fbe107c9f2410ca8a6094577846073d4bea7d0bab1e51f?s=96&d=mm&r=g","width":96,"height":96,"caption":"Mirko Achermann"}},{"@type":"WebPage","@id":"https:\/\/diario.m-achermann.com\/de\/das-stationstagebuch\/sonntag-21-maerz-2021\/#webpage","url":"https:\/\/diario.m-achermann.com\/de\/das-stationstagebuch\/sonntag-21-maerz-2021\/","name":"Vom Schmerz zur Kraft: Mirkos Stationstagebuch und sein Weg der Genesung","description":"Entdecken Sie das Tagebuch von Stefania, einer Krankenschwester, die Sie mit Empathie und Hoffnung durch Mirkos Emotionen, Fortschritte und Herausforderungen auf seinem Weg der Rehabilitation begleitet.","inLanguage":"de-DE","isPartOf":{"@id":"https:\/\/diario.m-achermann.com\/de\/#website"},"breadcrumb":{"@id":"https:\/\/diario.m-achermann.com\/de\/das-stationstagebuch\/sonntag-21-maerz-2021\/#breadcrumblist"},"datePublished":"2023-10-24T16:57:11+02:00","dateModified":"2026-04-01T17:04:38+02:00"},{"@type":"WebSite","@id":"https:\/\/diario.m-achermann.com\/de\/#website","url":"https:\/\/diario.m-achermann.com\/de\/","name":"ECMO \u2013 Diario di una vita stravolta","alternateName":"ECMO","description":"Mein Abenteuer \u2013 oder vielleicht eher ein Missgeschick? Gl\u00fcck oder Pech?","inLanguage":"de-DE","publisher":{"@id":"https:\/\/diario.m-achermann.com\/de\/#person"}}]},"og:locale":"de_DE","og:site_name":"ECMO \u2013 Tagebuch eines auf den Kopf gestellten Lebens - Mein Abenteuer \u2013 oder vielleicht eher ein Missgeschick? Gl\u00fcck oder Pech?","og:type":"article","og:title":"Vom Schmerz zur Kraft: Mirkos Stationstagebuch und sein Weg der Genesung","og:description":"Entdecken Sie das Tagebuch von Stefania, einer Krankenschwester, die Sie mit Empathie und Hoffnung durch Mirkos Emotionen, Fortschritte und Herausforderungen auf seinem Weg der Rehabilitation begleitet.","og:url":"https:\/\/diario.m-achermann.com\/de\/das-stationstagebuch\/sonntag-21-maerz-2021\/","og:image":"https:\/\/diario.m-achermann.com\/wp-content\/uploads\/2024\/02\/Mirko.png","og:image:secure_url":"https:\/\/diario.m-achermann.com\/wp-content\/uploads\/2024\/02\/Mirko.png","og:image:width":200,"og:image:height":200,"article:published_time":"2023-10-24T14:57:11+00:00","article:modified_time":"2026-04-01T15:04:38+00:00","article:publisher":"https:\/\/www.facebook.com\/profile.php?id=61556963490212","twitter:card":"summary_large_image","twitter:site":"@Mapi1967","twitter:title":"Vom Schmerz zur Kraft: Mirkos Stationstagebuch und sein Weg der Genesung","twitter:description":"Entdecken Sie das Tagebuch von Stefania, einer Krankenschwester, die Sie mit Empathie und Hoffnung durch Mirkos Emotionen, Fortschritte und Herausforderungen auf seinem Weg der Rehabilitation begleitet.","twitter:creator":"@Mapi1967","twitter:image":"https:\/\/diario.m-achermann.com\/wp-content\/uploads\/2024\/02\/Mirko.png"},"aioseo_meta_data":{"post_id":"9495","title":"Vom Schmerz zur Kraft: Mirkos Stationstagebuch und sein Weg der Genesung","description":"Entdecken Sie das Tagebuch von Stefania, einer Krankenschwester, die Sie mit Empathie und Hoffnung durch Mirkos Emotionen, Fortschritte und Herausforderungen auf seinem Weg der Rehabilitation begleitet.","keywords":null,"keyphrases":{"focus":{"keyphrase":"Diario","score":64,"analysis":{"keyphraseInTitle":{"score":9,"maxScore":9,"error":0},"keyphraseInDescription":{"score":9,"maxScore":9,"error":0},"keyphraseLength":{"score":9,"maxScore":9,"error":0,"length":1},"keyphraseInURL":{"score":5,"maxScore":5,"error":0},"keyphraseInIntroduction":{"score":3,"maxScore":9,"error":1},"keyphraseInSubHeadings":[],"keyphraseInImageAlt":{"score":3,"maxScore":9,"error":1},"keywordDensity":{"score":0,"type":"low","maxScore":9,"error":1}}},"additional":[{"keyphrase":"ECMO","score":40,"analysis":{"keyphraseInDescription":{"score":3,"maxScore":9,"error":1},"keyphraseLength":{"score":9,"maxScore":9,"error":0,"length":1},"keyphraseInIntroduction":{"score":3,"maxScore":9,"error":1},"keyphraseInImageAlt":{"score":3,"maxScore":9,"error":1},"keywordDensity":{"score":0,"type":"low","maxScore":9,"error":1}}},{"keyphrase":"Degenza","score":40,"analysis":{"keyphraseInDescription":{"score":3,"maxScore":9,"error":1},"keyphraseLength":{"score":9,"maxScore":9,"error":0,"length":1},"keyphraseInIntroduction":{"score":3,"maxScore":9,"error":1},"keyphraseInImageAlt":{"score":3,"maxScore":9,"error":1},"keywordDensity":{"score":0,"type":"low","maxScore":9,"error":1}}},{"keyphrase":"Cardiocentro","score":40,"analysis":{"keyphraseInDescription":{"score":3,"maxScore":9,"error":1},"keyphraseLength":{"score":9,"maxScore":9,"error":0,"length":1},"keyphraseInIntroduction":{"score":3,"maxScore":9,"error":1},"keyphraseInImageAlt":{"score":3,"maxScore":9,"error":1},"keywordDensity":{"score":0,"type":"low","maxScore":9,"error":1}}},{"keyphrase":"tracheotomia","score":40,"analysis":{"keyphraseInDescription":{"score":3,"maxScore":9,"error":1},"keyphraseLength":{"score":9,"maxScore":9,"error":0,"length":1},"keyphraseInIntroduction":{"score":3,"maxScore":9,"error":1},"keyphraseInImageAlt":{"score":3,"maxScore":9,"error":1},"keywordDensity":{"score":0,"type":"low","maxScore":9,"error":1}}},{"keyphrase":"ossigeno","score":40,"analysis":{"keyphraseInDescription":{"score":3,"maxScore":9,"error":1},"keyphraseLength":{"score":9,"maxScore":9,"error":0,"length":1},"keyphraseInIntroduction":{"score":3,"maxScore":9,"error":1},"keyphraseInImageAlt":{"score":3,"maxScore":9,"error":1},"keywordDensity":{"score":0,"type":"low","maxScore":9,"error":1}}},{"keyphrase":"miglioramenti","score":60,"analysis":{"keyphraseInDescription":{"score":3,"maxScore":9,"error":1},"keyphraseLength":{"score":9,"maxScore":9,"error":0,"length":1},"keyphraseInIntroduction":{"score":3,"maxScore":9,"error":1},"keyphraseInImageAlt":{"score":3,"maxScore":9,"error":1},"keywordDensity":{"type":"best","score":9,"maxScore":9,"error":0}}}]},"primary_term":null,"canonical_url":null,"og_title":null,"og_description":null,"og_object_type":"default","og_image_type":"default","og_image_url":null,"og_image_width":null,"og_image_height":null,"og_image_custom_url":null,"og_image_custom_fields":null,"og_video":"","og_custom_url":null,"og_article_section":null,"og_article_tags":null,"twitter_use_og":false,"twitter_card":"default","twitter_image_type":"default","twitter_image_url":null,"twitter_image_custom_url":null,"twitter_image_custom_fields":null,"twitter_title":null,"twitter_description":null,"schema":{"blockGraphs":[],"customGraphs":[],"default":{"data":{"Article":[],"Course":[],"Dataset":[],"FAQPage":[],"Movie":[],"Person":[],"Product":[],"ProductReview":[],"Car":[],"Recipe":[],"Service":[],"SoftwareApplication":[],"WebPage":[]},"graphName":"WebPage","isEnabled":true},"graphs":[]},"schema_type":"default","schema_type_options":null,"pillar_content":false,"robots_default":true,"robots_noindex":false,"robots_noarchive":false,"robots_nosnippet":false,"robots_nofollow":false,"robots_noimageindex":false,"robots_noodp":false,"robots_notranslate":false,"robots_max_snippet":"-1","robots_max_videopreview":"-1","robots_max_imagepreview":"large","priority":null,"frequency":"default","local_seo":null,"seo_analyzer_scan_date":"2026-04-01 15:36:36","breadcrumb_settings":null,"limit_modified_date":0,"reviewed_by":null,"open_ai":"{\"title\":{\"suggestions\":[],\"usage\":0},\"description\":{\"suggestions\":[],\"usage\":0}}","ai":{"faqs":[],"keyPoints":[],"titles":["Diario di un percorso di rinascita: il lento progresso di Mirko","Mirko e il suo viaggio di speranza: un diario di resilienza","Come un diario ci aiuta a vedere i progressi invisibili di Mirko","Dal dolore alla forza: il diario di Mirko e il suo cammino di recupero","Riflessioni di un'infermiera: il diario di Mirko e i suoi piccoli grandi passi"],"descriptions":["Scopri il diario di Stefania, un'infermiera che ti guida tra emozioni, progressi e sfide di Mirko nel suo percorso di riabilitazione, con empatia e speranza.","Segui la storia di Mirko attraverso le parole di Stefania, una infermiera che con cuore e sensibilit\u00e0 racconta i suoi progressi, dolore e speranza nel diario.","Il diario di Stefania rivela il coraggio e la tenacia di Mirko, un percorso emotivo e di recupero affrontato con empatia, affetto e determinazione.","Lasciati toccare dalla testimonianza di Stefania, che con gentilezza narra il viaggio di Mirko verso la ripresa, tra difficolt\u00e0 e piccoli grandi traguardi.","In questo diario, Stefania condivide emozioni profonde e progressi di Mirko, un percorso di forza e speranza nel cuore della riabilitazione, con tanta empatia."],"socialPosts":{"email":[],"linkedin":[],"twitter":[],"facebook":[],"instagram":[]}},"created":"2026-04-01 14:46:31","updated":"2026-04-01 17:39:23"},"aioseo_breadcrumb":"<div class=\"aioseo-breadcrumbs\"><span class=\"aioseo-breadcrumb\">\n\t<a href=\"https:\/\/diario.m-achermann.com\/de\/\" title=\"Home\">Home<\/a>\n<\/span><span class=\"aioseo-breadcrumb-separator\">\u00bb<\/span><span class=\"aioseo-breadcrumb\">\n\t<a href=\"https:\/\/diario.m-achermann.com\/de\/das-stationstagebuch\/\" title=\"Das Stationstagebuch\">Das Stationstagebuch<\/a>\n<\/span><span class=\"aioseo-breadcrumb-separator\">\u00bb<\/span><span class=\"aioseo-breadcrumb\">\n\tSonntag, 21. M\u00e4rz 2021\n<\/span><\/div>","aioseo_breadcrumb_json":[{"label":"Home","link":"https:\/\/diario.m-achermann.com\/de\/"},{"label":"Das Stationstagebuch","link":"https:\/\/diario.m-achermann.com\/de\/das-stationstagebuch\/"},{"label":"Sonntag, 21. M\u00e4rz 2021","link":"https:\/\/diario.m-achermann.com\/de\/das-stationstagebuch\/sonntag-21-maerz-2021\/"}],"_links":{"self":[{"href":"https:\/\/diario.m-achermann.com\/de\/wp-json\/wp\/v2\/pages\/9495","targetHints":{"allow":["GET"]}}],"collection":[{"href":"https:\/\/diario.m-achermann.com\/de\/wp-json\/wp\/v2\/pages"}],"about":[{"href":"https:\/\/diario.m-achermann.com\/de\/wp-json\/wp\/v2\/types\/page"}],"author":[{"embeddable":true,"href":"https:\/\/diario.m-achermann.com\/de\/wp-json\/wp\/v2\/users\/1"}],"replies":[{"embeddable":true,"href":"https:\/\/diario.m-achermann.com\/de\/wp-json\/wp\/v2\/comments?post=9495"}],"version-history":[{"count":1,"href":"https:\/\/diario.m-achermann.com\/de\/wp-json\/wp\/v2\/pages\/9495\/revisions"}],"predecessor-version":[{"id":9496,"href":"https:\/\/diario.m-achermann.com\/de\/wp-json\/wp\/v2\/pages\/9495\/revisions\/9496"}],"up":[{"embeddable":true,"href":"https:\/\/diario.m-achermann.com\/de\/wp-json\/wp\/v2\/pages\/10014"}],"wp:attachment":[{"href":"https:\/\/diario.m-achermann.com\/de\/wp-json\/wp\/v2\/media?parent=9495"}],"wp:term":[{"taxonomy":"category","embeddable":true,"href":"https:\/\/diario.m-achermann.com\/de\/wp-json\/wp\/v2\/categories?post=9495"},{"taxonomy":"post_tag","embeddable":true,"href":"https:\/\/diario.m-achermann.com\/de\/wp-json\/wp\/v2\/tags?post=9495"}],"curies":[{"name":"wp","href":"https:\/\/api.w.org\/{rel}","templated":true}]}}