{"id":9696,"date":"2023-10-24T11:11:40","date_gmt":"2023-10-24T09:11:40","guid":{"rendered":"https:\/\/diario.m-achermann.com\/meine-ueberlegungen\/"},"modified":"2026-04-01T17:04:34","modified_gmt":"2026-04-01T15:04:34","slug":"meine-ueberlegungen","status":"publish","type":"page","link":"https:\/\/diario.m-achermann.com\/de\/das-stationstagebuch\/meine-ueberlegungen\/","title":{"rendered":"Meine \u00dcberlegungen"},"content":{"rendered":"\n<p>Das Pflegetagebuch wurde vom Pflegepersonal verfasst, w\u00e4hrend es mich w\u00e4hrend des Krankenhausaufenthalts betreute.<\/p>\n\n<figure class=\"wp-block-image size-large is-resized\"><img decoding=\"async\" width=\"1024\" height=\"485\" src=\"https:\/\/diario.m-achermann.com\/wp-content\/uploads\/2023\/11\/Etichetta-1024x485.jpeg\" alt=\"\" class=\"wp-image-644\" style=\"aspect-ratio:2.111340206185567;width:431px;height:auto\" srcset=\"https:\/\/diario.m-achermann.com\/wp-content\/uploads\/2023\/11\/Etichetta-1024x485.jpeg 1024w, https:\/\/diario.m-achermann.com\/wp-content\/uploads\/2023\/11\/Etichetta-300x142.jpeg 300w, https:\/\/diario.m-achermann.com\/wp-content\/uploads\/2023\/11\/Etichetta-768x364.jpeg 768w, https:\/\/diario.m-achermann.com\/wp-content\/uploads\/2023\/11\/Etichetta-1536x728.jpeg 1536w, https:\/\/diario.m-achermann.com\/wp-content\/uploads\/2023\/11\/Etichetta-2048x970.jpeg 2048w\" sizes=\"(max-width: 1024px) 100vw, 1024px\" \/><\/figure>\n\n<p>   <\/p>\n\n<figure class=\"wp-block-image size-large\"><img decoding=\"async\" width=\"896\" height=\"1024\" src=\"https:\/\/diario.m-achermann.com\/wp-content\/uploads\/2023\/11\/Diario-896x1024.jpeg\" alt=\"\" class=\"wp-image-645\" srcset=\"https:\/\/diario.m-achermann.com\/wp-content\/uploads\/2023\/11\/Diario-896x1024.jpeg 896w, https:\/\/diario.m-achermann.com\/wp-content\/uploads\/2023\/11\/Diario-262x300.jpeg 262w, https:\/\/diario.m-achermann.com\/wp-content\/uploads\/2023\/11\/Diario-768x878.jpeg 768w, https:\/\/diario.m-achermann.com\/wp-content\/uploads\/2023\/11\/Diario-1344x1536.jpeg 1344w, https:\/\/diario.m-achermann.com\/wp-content\/uploads\/2023\/11\/Diario-1792x2048.jpeg 1792w\" sizes=\"(max-width: 896px) 100vw, 896px\" \/><\/figure>\n\n<p>  <br\/>In einem Gro\u00dfteil dieses Zeitraums war ich nicht bei Bewusstsein, da ich intubiert und sediert war.<br\/>Die erste Seite des Tagebuchs enth\u00e4lt eine kurze Einf\u00fchrung mit den \u201eGebrauchsanweisungen\u201c, die von der medizinischen Einrichtung, in der ich station\u00e4r behandelt wurde (<a href=\"https:\/\/www.cardiocentro.org\">Cardiocentro<\/a>), beschrieben wurden. Meiner Meinung nach ist dies wichtig, um den Sinn des Tagebuchs zu interpretieren und zu verstehen.<br\/>Auf den folgenden Seiten gebe ich genau das wieder, was die Pflegekr\u00e4fte, die mich in dieser Zeit betreut haben, in das Tagebuch geschrieben haben.<\/p>\n\n<p>Meine Angeh\u00f6rigen haben nicht zur Verfassung des Tagebuchs beigetragen, da Besuche aufgrund der Anti-COVID-Ma\u00dfnahmen, die Besuche von Verwandten untersagten, nicht m\u00f6glich waren.<\/p>\n\n<p><strong>Hinweis:<\/strong> Das Tagebuch ist handschriftlich verfasst. Ich habe es am Computer abgetippt, aber in einigen F\u00e4llen war die Handschrift nicht ganz klar, daher hoffe ich, dass ich das von meinen Pflegekr\u00e4ften Beschriebene originalgetreu wiedergegeben habe.<\/p>\n\n<figure class=\"wp-block-image size-large\"><img decoding=\"async\" width=\"850\" height=\"1024\" src=\"https:\/\/diario.m-achermann.com\/wp-content\/uploads\/2023\/11\/DiarioP1-850x1024.jpg\" alt=\"\" class=\"wp-image-647\" srcset=\"https:\/\/diario.m-achermann.com\/wp-content\/uploads\/2023\/11\/DiarioP1-850x1024.jpg 850w, https:\/\/diario.m-achermann.com\/wp-content\/uploads\/2023\/11\/DiarioP1-249x300.jpg 249w, https:\/\/diario.m-achermann.com\/wp-content\/uploads\/2023\/11\/DiarioP1-768x925.jpg 768w, https:\/\/diario.m-achermann.com\/wp-content\/uploads\/2023\/11\/DiarioP1-1276x1536.jpg 1276w, https:\/\/diario.m-achermann.com\/wp-content\/uploads\/2023\/11\/DiarioP1-1701x2048.jpg 1701w\" sizes=\"(max-width: 850px) 100vw, 850px\" \/><\/figure>\n\n<p>   <\/p>\n\n<figure class=\"wp-block-image size-large\"><img decoding=\"async\" width=\"942\" height=\"1024\" src=\"https:\/\/diario.m-achermann.com\/wp-content\/uploads\/2023\/11\/DiarioP2-942x1024.jpg\" alt=\"\" class=\"wp-image-648\" srcset=\"https:\/\/diario.m-achermann.com\/wp-content\/uploads\/2023\/11\/DiarioP2-942x1024.jpg 942w, https:\/\/diario.m-achermann.com\/wp-content\/uploads\/2023\/11\/DiarioP2-276x300.jpg 276w, https:\/\/diario.m-achermann.com\/wp-content\/uploads\/2023\/11\/DiarioP2-768x835.jpg 768w, https:\/\/diario.m-achermann.com\/wp-content\/uploads\/2023\/11\/DiarioP2-1413x1536.jpg 1413w, https:\/\/diario.m-achermann.com\/wp-content\/uploads\/2023\/11\/DiarioP2-1884x2048.jpg 1884w\" sizes=\"(max-width: 942px) 100vw, 942px\" \/><\/figure>\n\n<p>   <\/p>\n","protected":false},"excerpt":{"rendered":"<p>Das Pflegetagebuch wurde vom Pflegepersonal verfasst, w\u00e4hrend es mich w\u00e4hrend des Krankenhausaufenthalts betreute. In einem Gro\u00dfteil dieses Zeitraums war ich nicht bei Bewusstsein, da ich intubiert und sediert war.Die erste Seite des Tagebuchs enth\u00e4lt eine kurze Einf\u00fchrung mit den \u201eGebrauchsanweisungen\u201c, die von der medizinischen Einrichtung, in der ich station\u00e4r behandelt wurde (Cardiocentro), beschrieben wurden. Meiner&hellip;&nbsp;<a href=\"https:\/\/diario.m-achermann.com\/de\/das-stationstagebuch\/meine-ueberlegungen\/\" rel=\"bookmark\">Weiterlesen &raquo;<span class=\"screen-reader-text\">Meine \u00dcberlegungen<\/span><\/a><\/p>\n","protected":false},"author":1,"featured_media":0,"parent":10014,"menu_order":20,"comment_status":"open","ping_status":"closed","template":"","meta":{"_editorskit_title_hidden":false,"_editorskit_reading_time":0,"_editorskit_is_block_options_detached":false,"_editorskit_block_options_position":"{}","om_disable_all_campaigns":false,"_lmt_disableupdate":"","_lmt_disable":"","_monsterinsights_skip_tracking":false,"_monsterinsights_sitenote_active":false,"_monsterinsights_sitenote_note":"","_monsterinsights_sitenote_category":0,"neve_meta_sidebar":"","neve_meta_container":"","neve_meta_enable_content_width":"","neve_meta_content_width":0,"neve_meta_title_alignment":"","neve_meta_author_avatar":"","neve_post_elements_order":"","neve_meta_disable_header":"","neve_meta_disable_footer":"","neve_meta_disable_title":"","neve_meta_reading_time":"","_themeisle_gutenberg_block_has_review":false,"footnotes":""},"categories":[],"tags":[],"class_list":["post-9696","page","type-page","status-publish","hentry"],"aioseo_notices":[],"aioseo_head":"\n\t\t<!-- All in One SEO Pro 4.9.7.1 - aioseo.com -->\n\t<meta name=\"description\" content=\"Entdecken Sie das Pflegetagebuch, das vom Personal des Cardiocentro w\u00e4hrend des Krankenhausaufenthalts verfasst wurde \u2013 ein authentischer Bericht \u00fcber eine Erfahrung unter Bedingungen von Bewusstlosigkeit und Pflege.\" \/>\n\t<meta name=\"robots\" content=\"max-snippet:-1, max-image-preview:large, max-video-preview:-1\" \/>\n\t<meta name=\"google-site-verification\" content=\"2kcNb_eND2p_5dJ-aEUjUzdL5U1pyWvu9G-2F4Qyiwk\" \/>\n\t<meta name=\"msvalidate.01\" content=\"8A32EFC1288A3ACC21FB6846BFC9E656\" \/>\n\t<link rel=\"canonical\" href=\"https:\/\/diario.m-achermann.com\/de\/das-stationstagebuch\/meine-ueberlegungen\/\" \/>\n\t<meta name=\"generator\" content=\"All in One SEO Pro (AIOSEO) 4.9.7.1\" \/>\n\t\t<meta property=\"og:locale\" content=\"de_DE\" \/>\n\t\t<meta property=\"og:site_name\" content=\"ECMO \u2013 Tagebuch eines auf den Kopf gestellten Lebens - Mein Abenteuer \u2013 oder vielleicht eher ein Missgeschick? Gl\u00fcck oder Pech?\" \/>\n\t\t<meta property=\"og:type\" content=\"article\" \/>\n\t\t<meta property=\"og:title\" content=\"Zusammenfassung des Pflegetagebuchs im Cardiocentro: Emotionen und Erfahrungsberichte\" \/>\n\t\t<meta property=\"og:description\" content=\"Entdecken Sie das Pflegetagebuch, das vom Personal des Cardiocentro w\u00e4hrend des Krankenhausaufenthalts verfasst wurde \u2013 ein authentischer Bericht \u00fcber eine Erfahrung unter Bedingungen von Bewusstlosigkeit und Pflege.\" \/>\n\t\t<meta property=\"og:url\" content=\"https:\/\/diario.m-achermann.com\/de\/das-stationstagebuch\/meine-ueberlegungen\/\" \/>\n\t\t<meta property=\"og:image\" content=\"https:\/\/diario.m-achermann.com\/wp-content\/uploads\/2024\/02\/Mirko.png\" \/>\n\t\t<meta property=\"og:image:secure_url\" content=\"https:\/\/diario.m-achermann.com\/wp-content\/uploads\/2024\/02\/Mirko.png\" \/>\n\t\t<meta property=\"og:image:width\" content=\"200\" \/>\n\t\t<meta property=\"og:image:height\" content=\"200\" \/>\n\t\t<meta property=\"article:published_time\" content=\"2023-10-24T09:11:40+00:00\" \/>\n\t\t<meta property=\"article:modified_time\" content=\"2026-04-01T15:04:34+00:00\" \/>\n\t\t<meta property=\"article:publisher\" content=\"https:\/\/www.facebook.com\/profile.php?id=61556963490212\" \/>\n\t\t<meta name=\"twitter:card\" content=\"summary_large_image\" \/>\n\t\t<meta name=\"twitter:site\" content=\"@Mapi1967\" \/>\n\t\t<meta name=\"twitter:title\" content=\"Zusammenfassung des Pflegetagebuchs im Cardiocentro: Emotionen und Erfahrungsberichte\" \/>\n\t\t<meta name=\"twitter:description\" content=\"Entdecken Sie das Pflegetagebuch, das vom Personal des Cardiocentro w\u00e4hrend des Krankenhausaufenthalts verfasst wurde \u2013 ein authentischer Bericht \u00fcber eine Erfahrung unter Bedingungen von Bewusstlosigkeit und Pflege.\" \/>\n\t\t<meta name=\"twitter:creator\" content=\"@Mapi1967\" \/>\n\t\t<meta name=\"twitter:image\" content=\"https:\/\/diario.m-achermann.com\/wp-content\/uploads\/2024\/02\/Mirko.png\" \/>\n\t\t<script type=\"application\/ld+json\" class=\"aioseo-schema\">\n\t\t\t{\"@context\":\"https:\\\/\\\/schema.org\",\"@graph\":[{\"@type\":\"BreadcrumbList\",\"@id\":\"https:\\\/\\\/diario.m-achermann.com\\\/de\\\/das-stationstagebuch\\\/meine-ueberlegungen\\\/#breadcrumblist\",\"itemListElement\":[{\"@type\":\"ListItem\",\"@id\":\"https:\\\/\\\/diario.m-achermann.com\\\/de\\\/#listItem\",\"position\":1,\"name\":\"Home\",\"item\":\"https:\\\/\\\/diario.m-achermann.com\\\/de\\\/\",\"nextItem\":{\"@type\":\"ListItem\",\"@id\":\"https:\\\/\\\/diario.m-achermann.com\\\/de\\\/das-stationstagebuch\\\/#listItem\",\"name\":\"Das Stationstagebuch\"}},{\"@type\":\"ListItem\",\"@id\":\"https:\\\/\\\/diario.m-achermann.com\\\/de\\\/das-stationstagebuch\\\/#listItem\",\"position\":2,\"name\":\"Das Stationstagebuch\",\"item\":\"https:\\\/\\\/diario.m-achermann.com\\\/de\\\/das-stationstagebuch\\\/\",\"nextItem\":{\"@type\":\"ListItem\",\"@id\":\"https:\\\/\\\/diario.m-achermann.com\\\/de\\\/das-stationstagebuch\\\/meine-ueberlegungen\\\/#listItem\",\"name\":\"Meine \\u00dcberlegungen\"},\"previousItem\":{\"@type\":\"ListItem\",\"@id\":\"https:\\\/\\\/diario.m-achermann.com\\\/de\\\/#listItem\",\"name\":\"Home\"}},{\"@type\":\"ListItem\",\"@id\":\"https:\\\/\\\/diario.m-achermann.com\\\/de\\\/das-stationstagebuch\\\/meine-ueberlegungen\\\/#listItem\",\"position\":3,\"name\":\"Meine \\u00dcberlegungen\",\"previousItem\":{\"@type\":\"ListItem\",\"@id\":\"https:\\\/\\\/diario.m-achermann.com\\\/de\\\/das-stationstagebuch\\\/#listItem\",\"name\":\"Das Stationstagebuch\"}}]},{\"@type\":\"Person\",\"@id\":\"https:\\\/\\\/diario.m-achermann.com\\\/de\\\/#person\",\"name\":\"Mirko Achermann\",\"image\":{\"@type\":\"ImageObject\",\"@id\":\"https:\\\/\\\/diario.m-achermann.com\\\/de\\\/das-stationstagebuch\\\/meine-ueberlegungen\\\/#personImage\",\"url\":\"https:\\\/\\\/secure.gravatar.com\\\/avatar\\\/53bb9dac79236bd713fbe107c9f2410ca8a6094577846073d4bea7d0bab1e51f?s=96&d=mm&r=g\",\"width\":96,\"height\":96,\"caption\":\"Mirko Achermann\"}},{\"@type\":\"WebPage\",\"@id\":\"https:\\\/\\\/diario.m-achermann.com\\\/de\\\/das-stationstagebuch\\\/meine-ueberlegungen\\\/#webpage\",\"url\":\"https:\\\/\\\/diario.m-achermann.com\\\/de\\\/das-stationstagebuch\\\/meine-ueberlegungen\\\/\",\"name\":\"Zusammenfassung des Pflegetagebuchs im Cardiocentro: Emotionen und Erfahrungsberichte\",\"description\":\"Entdecken Sie das Pflegetagebuch, das vom Personal des Cardiocentro w\\u00e4hrend des Krankenhausaufenthalts verfasst wurde \\u2013 ein authentischer Bericht \\u00fcber eine Erfahrung unter Bedingungen von Bewusstlosigkeit und Pflege.\",\"inLanguage\":\"de-DE\",\"isPartOf\":{\"@id\":\"https:\\\/\\\/diario.m-achermann.com\\\/de\\\/#website\"},\"breadcrumb\":{\"@id\":\"https:\\\/\\\/diario.m-achermann.com\\\/de\\\/das-stationstagebuch\\\/meine-ueberlegungen\\\/#breadcrumblist\"},\"datePublished\":\"2023-10-24T11:11:40+02:00\",\"dateModified\":\"2026-04-01T17:04:34+02:00\"},{\"@type\":\"WebSite\",\"@id\":\"https:\\\/\\\/diario.m-achermann.com\\\/de\\\/#website\",\"url\":\"https:\\\/\\\/diario.m-achermann.com\\\/de\\\/\",\"name\":\"ECMO \\u2013 Diario di una vita stravolta\",\"alternateName\":\"ECMO\",\"description\":\"Mein Abenteuer \\u2013 oder vielleicht eher ein Missgeschick? Gl\\u00fcck oder Pech?\",\"inLanguage\":\"de-DE\",\"publisher\":{\"@id\":\"https:\\\/\\\/diario.m-achermann.com\\\/de\\\/#person\"}}]}\n\t\t<\/script>\n\t\t<!-- All in One SEO Pro -->\r\n\t\t<title>Zusammenfassung des Pflegetagebuchs im Cardiocentro: Emotionen und Erfahrungsberichte<\/title>\n\n","aioseo_head_json":{"title":"Zusammenfassung des Pflegetagebuchs im Cardiocentro: Emotionen und Erfahrungsberichte","description":"Entdecken Sie das Pflegetagebuch, das vom Personal des Cardiocentro w\u00e4hrend des Krankenhausaufenthalts verfasst wurde \u2013 ein authentischer Bericht \u00fcber eine Erfahrung unter Bedingungen von Bewusstlosigkeit und Pflege.","canonical_url":"https:\/\/diario.m-achermann.com\/de\/das-stationstagebuch\/meine-ueberlegungen\/","robots":"max-snippet:-1, max-image-preview:large, max-video-preview:-1","keywords":"","webmasterTools":{"google-site-verification":"2kcNb_eND2p_5dJ-aEUjUzdL5U1pyWvu9G-2F4Qyiwk","msvalidate.01":"8A32EFC1288A3ACC21FB6846BFC9E656","miscellaneous":""},"schema":{"@context":"https:\/\/schema.org","@graph":[{"@type":"BreadcrumbList","@id":"https:\/\/diario.m-achermann.com\/de\/das-stationstagebuch\/meine-ueberlegungen\/#breadcrumblist","itemListElement":[{"@type":"ListItem","@id":"https:\/\/diario.m-achermann.com\/de\/#listItem","position":1,"name":"Home","item":"https:\/\/diario.m-achermann.com\/de\/","nextItem":{"@type":"ListItem","@id":"https:\/\/diario.m-achermann.com\/de\/das-stationstagebuch\/#listItem","name":"Das Stationstagebuch"}},{"@type":"ListItem","@id":"https:\/\/diario.m-achermann.com\/de\/das-stationstagebuch\/#listItem","position":2,"name":"Das Stationstagebuch","item":"https:\/\/diario.m-achermann.com\/de\/das-stationstagebuch\/","nextItem":{"@type":"ListItem","@id":"https:\/\/diario.m-achermann.com\/de\/das-stationstagebuch\/meine-ueberlegungen\/#listItem","name":"Meine \u00dcberlegungen"},"previousItem":{"@type":"ListItem","@id":"https:\/\/diario.m-achermann.com\/de\/#listItem","name":"Home"}},{"@type":"ListItem","@id":"https:\/\/diario.m-achermann.com\/de\/das-stationstagebuch\/meine-ueberlegungen\/#listItem","position":3,"name":"Meine \u00dcberlegungen","previousItem":{"@type":"ListItem","@id":"https:\/\/diario.m-achermann.com\/de\/das-stationstagebuch\/#listItem","name":"Das Stationstagebuch"}}]},{"@type":"Person","@id":"https:\/\/diario.m-achermann.com\/de\/#person","name":"Mirko Achermann","image":{"@type":"ImageObject","@id":"https:\/\/diario.m-achermann.com\/de\/das-stationstagebuch\/meine-ueberlegungen\/#personImage","url":"https:\/\/secure.gravatar.com\/avatar\/53bb9dac79236bd713fbe107c9f2410ca8a6094577846073d4bea7d0bab1e51f?s=96&d=mm&r=g","width":96,"height":96,"caption":"Mirko Achermann"}},{"@type":"WebPage","@id":"https:\/\/diario.m-achermann.com\/de\/das-stationstagebuch\/meine-ueberlegungen\/#webpage","url":"https:\/\/diario.m-achermann.com\/de\/das-stationstagebuch\/meine-ueberlegungen\/","name":"Zusammenfassung des Pflegetagebuchs im Cardiocentro: Emotionen und Erfahrungsberichte","description":"Entdecken Sie das Pflegetagebuch, das vom Personal des Cardiocentro w\u00e4hrend des Krankenhausaufenthalts verfasst wurde \u2013 ein authentischer Bericht \u00fcber eine Erfahrung unter Bedingungen von Bewusstlosigkeit und Pflege.","inLanguage":"de-DE","isPartOf":{"@id":"https:\/\/diario.m-achermann.com\/de\/#website"},"breadcrumb":{"@id":"https:\/\/diario.m-achermann.com\/de\/das-stationstagebuch\/meine-ueberlegungen\/#breadcrumblist"},"datePublished":"2023-10-24T11:11:40+02:00","dateModified":"2026-04-01T17:04:34+02:00"},{"@type":"WebSite","@id":"https:\/\/diario.m-achermann.com\/de\/#website","url":"https:\/\/diario.m-achermann.com\/de\/","name":"ECMO \u2013 Diario di una vita stravolta","alternateName":"ECMO","description":"Mein Abenteuer \u2013 oder vielleicht eher ein Missgeschick? Gl\u00fcck oder Pech?","inLanguage":"de-DE","publisher":{"@id":"https:\/\/diario.m-achermann.com\/de\/#person"}}]},"og:locale":"de_DE","og:site_name":"ECMO \u2013 Tagebuch eines auf den Kopf gestellten Lebens - Mein Abenteuer \u2013 oder vielleicht eher ein Missgeschick? Gl\u00fcck oder Pech?","og:type":"article","og:title":"Zusammenfassung des Pflegetagebuchs im Cardiocentro: Emotionen und Erfahrungsberichte","og:description":"Entdecken Sie das Pflegetagebuch, das vom Personal des Cardiocentro w\u00e4hrend des Krankenhausaufenthalts verfasst wurde \u2013 ein authentischer Bericht \u00fcber eine Erfahrung unter Bedingungen von Bewusstlosigkeit und Pflege.","og:url":"https:\/\/diario.m-achermann.com\/de\/das-stationstagebuch\/meine-ueberlegungen\/","og:image":"https:\/\/diario.m-achermann.com\/wp-content\/uploads\/2024\/02\/Mirko.png","og:image:secure_url":"https:\/\/diario.m-achermann.com\/wp-content\/uploads\/2024\/02\/Mirko.png","og:image:width":200,"og:image:height":200,"article:published_time":"2023-10-24T09:11:40+00:00","article:modified_time":"2026-04-01T15:04:34+00:00","article:publisher":"https:\/\/www.facebook.com\/profile.php?id=61556963490212","twitter:card":"summary_large_image","twitter:site":"@Mapi1967","twitter:title":"Zusammenfassung des Pflegetagebuchs im Cardiocentro: Emotionen und Erfahrungsberichte","twitter:description":"Entdecken Sie das Pflegetagebuch, das vom Personal des Cardiocentro w\u00e4hrend des Krankenhausaufenthalts verfasst wurde \u2013 ein authentischer Bericht \u00fcber eine Erfahrung unter Bedingungen von Bewusstlosigkeit und Pflege.","twitter:creator":"@Mapi1967","twitter:image":"https:\/\/diario.m-achermann.com\/wp-content\/uploads\/2024\/02\/Mirko.png"},"aioseo_meta_data":{"post_id":"9696","title":"Zusammenfassung des Pflegetagebuchs im Cardiocentro: Emotionen und Erfahrungsberichte","description":"Entdecken Sie das Pflegetagebuch, das vom Personal des Cardiocentro w\u00e4hrend des Krankenhausaufenthalts verfasst wurde \u2013 ein authentischer Bericht \u00fcber eine Erfahrung unter Bedingungen von Bewusstlosigkeit und Pflege.","keywords":null,"keyphrases":{"focus":{"keyphrase":"Cardiocentro","score":73,"analysis":{"keyphraseInTitle":{"score":9,"maxScore":9,"error":0},"keyphraseInDescription":{"score":9,"maxScore":9,"error":0},"keyphraseLength":{"score":9,"maxScore":9,"error":0,"length":1},"keyphraseInURL":{"score":1,"maxScore":5,"error":1},"keyphraseInIntroduction":{"score":3,"maxScore":9,"error":1},"keyphraseInSubHeadings":[],"keyphraseInImageAlt":{"score":3,"maxScore":9,"error":1},"keywordDensity":{"type":"best","score":9,"maxScore":9,"error":0}}},"additional":[{"keyphrase":"considerazioni","score":40,"analysis":{"keyphraseInDescription":{"score":3,"maxScore":9,"error":1},"keyphraseLength":{"score":9,"maxScore":9,"error":0,"length":1},"keyphraseInIntroduction":{"score":3,"maxScore":9,"error":1},"keyphraseInImageAlt":{"score":3,"maxScore":9,"error":1},"keywordDensity":{"score":0,"type":"low","maxScore":9,"error":1}}},{"keyphrase":"personali","score":40,"analysis":{"keyphraseInDescription":{"score":3,"maxScore":9,"error":1},"keyphraseLength":{"score":9,"maxScore":9,"error":0,"length":1},"keyphraseInIntroduction":{"score":3,"maxScore":9,"error":1},"keyphraseInImageAlt":{"score":3,"maxScore":9,"error":1},"keywordDensity":{"score":0,"type":"low","maxScore":9,"error":1}}},{"keyphrase":"ECMO","score":40,"analysis":{"keyphraseInDescription":{"score":3,"maxScore":9,"error":1},"keyphraseLength":{"score":9,"maxScore":9,"error":0,"length":1},"keyphraseInIntroduction":{"score":3,"maxScore":9,"error":1},"keyphraseInImageAlt":{"score":3,"maxScore":9,"error":1},"keywordDensity":{"score":0,"type":"low","maxScore":9,"error":1}}},{"keyphrase":"esperienza","score":53,"analysis":{"keyphraseInDescription":{"score":9,"maxScore":9,"error":0},"keyphraseLength":{"score":9,"maxScore":9,"error":0,"length":1},"keyphraseInIntroduction":{"score":3,"maxScore":9,"error":1},"keyphraseInImageAlt":{"score":3,"maxScore":9,"error":1},"keywordDensity":{"score":0,"type":"low","maxScore":9,"error":1}}},{"keyphrase":"scopo","score":40,"analysis":{"keyphraseInDescription":{"score":3,"maxScore":9,"error":1},"keyphraseLength":{"score":9,"maxScore":9,"error":0,"length":1},"keyphraseInIntroduction":{"score":3,"maxScore":9,"error":1},"keyphraseInImageAlt":{"score":3,"maxScore":9,"error":1},"keywordDensity":{"score":0,"type":"low","maxScore":9,"error":1}}},{"keyphrase":"aiuto","score":40,"analysis":{"keyphraseInDescription":{"score":3,"maxScore":9,"error":1},"keyphraseLength":{"score":9,"maxScore":9,"error":0,"length":1},"keyphraseInIntroduction":{"score":3,"maxScore":9,"error":1},"keyphraseInImageAlt":{"score":3,"maxScore":9,"error":1},"keywordDensity":{"score":0,"type":"low","maxScore":9,"error":1}}}]},"primary_term":null,"canonical_url":null,"og_title":null,"og_description":null,"og_object_type":"default","og_image_type":"default","og_image_url":null,"og_image_width":null,"og_image_height":null,"og_image_custom_url":null,"og_image_custom_fields":null,"og_video":"","og_custom_url":null,"og_article_section":null,"og_article_tags":null,"twitter_use_og":false,"twitter_card":"default","twitter_image_type":"default","twitter_image_url":null,"twitter_image_custom_url":null,"twitter_image_custom_fields":null,"twitter_title":null,"twitter_description":null,"schema":{"blockGraphs":[],"customGraphs":[],"default":{"data":{"Article":[],"Course":[],"Dataset":[],"FAQPage":[],"Movie":[],"Person":[],"Product":[],"ProductReview":[],"Car":[],"Recipe":[],"Service":[],"SoftwareApplication":[],"WebPage":[]},"graphName":"WebPage","isEnabled":true},"graphs":[]},"schema_type":"default","schema_type_options":null,"pillar_content":false,"robots_default":true,"robots_noindex":false,"robots_noarchive":false,"robots_nosnippet":false,"robots_nofollow":false,"robots_noimageindex":false,"robots_noodp":false,"robots_notranslate":false,"robots_max_snippet":"-1","robots_max_videopreview":"-1","robots_max_imagepreview":"large","priority":null,"frequency":"default","local_seo":null,"seo_analyzer_scan_date":"2026-04-01 15:47:52","breadcrumb_settings":null,"limit_modified_date":0,"reviewed_by":null,"open_ai":"{\"title\":{\"suggestions\":[],\"usage\":0},\"description\":{\"suggestions\":[],\"usage\":0}}","ai":{"faqs":[],"keyPoints":[],"titles":["Il diario di degenza al Cardiocentro: un racconto dal personale clinico","Esperienze di cura al Cardiocentro: diario di un ricovero","Sintesi del diario di degenza al Cardiocentro: emozioni e testimonianze","Vivere al Cardiocentro: il diario scritto dagli infermieri","Ricovero al Cardiocentro: un diario manoscritto trascritto e spiegato"],"descriptions":["Scopri il diario di degenza scritto dal personale del Cardiocentro durante il ricovero, un resoconto fedele di un'esperienza in condizioni di incoscienza e cura.","Esplora il diario di degenza del Cardiocentro, un'estrazione autentica delle annotazioni mediche durante il periodo di ricovero, anche sotto sedazione.","Il diario di degenza del Cardiocentro, scritto dal personale, offre uno sguardo diretto sull'assistenza ricevuta durante un ricovero difficile.","Leggi il diario di degenza del Cardiocentro, il racconto autentico delle cure e delle annotazioni mediche di un ricovero sotto sedazione.","Il diario scritto dal personale del Cardiocentro documenta ogni dettaglio del ricovero, offrendo una prospettiva unica sull'assistenza ospedaliera."],"socialPosts":{"email":[],"linkedin":[],"twitter":[],"facebook":[],"instagram":[]}},"created":"2026-04-01 14:49:53","updated":"2026-04-01 17:45:07"},"aioseo_breadcrumb":"<div class=\"aioseo-breadcrumbs\"><span class=\"aioseo-breadcrumb\">\n\t<a href=\"https:\/\/diario.m-achermann.com\/de\/\" title=\"Home\">Home<\/a>\n<\/span><span class=\"aioseo-breadcrumb-separator\">\u00bb<\/span><span class=\"aioseo-breadcrumb\">\n\t<a href=\"https:\/\/diario.m-achermann.com\/de\/das-stationstagebuch\/\" title=\"Das Stationstagebuch\">Das Stationstagebuch<\/a>\n<\/span><span class=\"aioseo-breadcrumb-separator\">\u00bb<\/span><span class=\"aioseo-breadcrumb\">\n\tMeine \u00dcberlegungen\n<\/span><\/div>","aioseo_breadcrumb_json":[{"label":"Home","link":"https:\/\/diario.m-achermann.com\/de\/"},{"label":"Das Stationstagebuch","link":"https:\/\/diario.m-achermann.com\/de\/das-stationstagebuch\/"},{"label":"Meine \u00dcberlegungen","link":"https:\/\/diario.m-achermann.com\/de\/das-stationstagebuch\/meine-ueberlegungen\/"}],"_links":{"self":[{"href":"https:\/\/diario.m-achermann.com\/de\/wp-json\/wp\/v2\/pages\/9696","targetHints":{"allow":["GET"]}}],"collection":[{"href":"https:\/\/diario.m-achermann.com\/de\/wp-json\/wp\/v2\/pages"}],"about":[{"href":"https:\/\/diario.m-achermann.com\/de\/wp-json\/wp\/v2\/types\/page"}],"author":[{"embeddable":true,"href":"https:\/\/diario.m-achermann.com\/de\/wp-json\/wp\/v2\/users\/1"}],"replies":[{"embeddable":true,"href":"https:\/\/diario.m-achermann.com\/de\/wp-json\/wp\/v2\/comments?post=9696"}],"version-history":[{"count":1,"href":"https:\/\/diario.m-achermann.com\/de\/wp-json\/wp\/v2\/pages\/9696\/revisions"}],"predecessor-version":[{"id":9700,"href":"https:\/\/diario.m-achermann.com\/de\/wp-json\/wp\/v2\/pages\/9696\/revisions\/9700"}],"up":[{"embeddable":true,"href":"https:\/\/diario.m-achermann.com\/de\/wp-json\/wp\/v2\/pages\/10014"}],"wp:attachment":[{"href":"https:\/\/diario.m-achermann.com\/de\/wp-json\/wp\/v2\/media?parent=9696"}],"wp:term":[{"taxonomy":"category","embeddable":true,"href":"https:\/\/diario.m-achermann.com\/de\/wp-json\/wp\/v2\/categories?post=9696"},{"taxonomy":"post_tag","embeddable":true,"href":"https:\/\/diario.m-achermann.com\/de\/wp-json\/wp\/v2\/tags?post=9696"}],"curies":[{"name":"wp","href":"https:\/\/api.w.org\/{rel}","templated":true}]}}