{"id":9733,"date":"2023-10-24T14:20:06","date_gmt":"2023-10-24T12:20:06","guid":{"rendered":"https:\/\/diario.m-achermann.com\/sonntag-14-februar-2021-1800-uhr-valentinstag\/"},"modified":"2026-04-02T10:32:09","modified_gmt":"2026-04-02T08:32:09","slug":"sonntag-14-februar-2021-1800-uhr-valentinstag","status":"publish","type":"page","link":"https:\/\/diario.m-achermann.com\/de\/das-stationstagebuch\/sonntag-14-februar-2021-1800-uhr-valentinstag\/","title":{"rendered":"Sonntag, 14. Februar 2021, 18:00 Uhr (Valentinstag)"},"content":{"rendered":"\n<p>Guten Tag, Herr Mirko, ich bin Stefania, Ihre Krankenschwester.<br\/>Seit dem Tag Ihrer Aufnahme habe ich mich nicht mehr direkt um Sie gek\u00fcmmert, aber ich habe Ihre Entwicklung dennoch mitverfolgt.<\/p>\n\n<p>Die ECMO, die Maschine, die Ihre Lungen unterst\u00fctzt, ist weiterhin notwendig.<br\/>In den letzten Tagen wurde bei Ihnen eine Tracheotomie (Luftr\u00f6hrenschnitt) durchgef\u00fchrt; das ist eine \u00d6ffnung im Hals, die Ihnen das Atmen erm\u00f6glicht. Der Schlauch im Mund, der Ihnen so viel Unbehagen bereitet hat, wurde entfernt.<br\/>Die Medikamente, die Sie schlafen lassen, sind noch erforderlich, aber als ich das Zimmer betrat, hatte ich den Eindruck, dass Sie mich h\u00f6ren: Sie bewegen die Augenlider, wenn ich mit Ihnen spreche, aber Sie \u00f6ffnen die Augen noch nicht.<br\/>Auch Ihre Stirn ist ein wenig \u201egerunzelt\u201c \u2026 vielleicht h\u00f6ren Sie mich ja!<\/p>\n\n<p>Ich habe Ihnen erkl\u00e4rt, dass Sie Ihre Arme und Beine aufgrund der vielen Tage, die Sie unbeweglich im Bett liegen, nicht bewegen k\u00f6nnen.<br\/>Ich musste den Schleim aus der \u00d6ffnung im Hals absaugen; Sie haben zwar die Kraft zu husten, aber nicht die M\u00f6glichkeit, das Sekret selbst abzuhusten.<br\/>Der Stationsarzt steht in st\u00e4ndigem Kontakt mit Ihrer Frau und h\u00e4lt sie \u00fcber die Situation auf dem Laufenden.<\/p>\n\n<p>Ich gehe nun wieder in Ihr Zimmer, um Ihnen die Therapie um 18:00 Uhr zu verabreichen.<br\/>Ich hoffe, dass ich Sie morgen fr\u00fch wacher vorfinden werde.<\/p>\n\n<p>Ich verabschiede mich nun von Ihnen. <br\/>Stefania<\/p>\n","protected":false},"excerpt":{"rendered":"<p>Guten Tag, Herr Mirko, ich bin Stefania, Ihre Krankenschwester.Seit dem Tag Ihrer Aufnahme habe ich mich nicht mehr direkt um Sie gek\u00fcmmert, aber ich habe Ihre Entwicklung dennoch mitverfolgt. Die ECMO, die Maschine, die Ihre Lungen unterst\u00fctzt, ist weiterhin notwendig.In den letzten Tagen wurde bei Ihnen eine Tracheotomie (Luftr\u00f6hrenschnitt) durchgef\u00fchrt; das ist eine \u00d6ffnung im&hellip;&nbsp;<a href=\"https:\/\/diario.m-achermann.com\/de\/das-stationstagebuch\/sonntag-14-februar-2021-1800-uhr-valentinstag\/\" rel=\"bookmark\">Weiterlesen &raquo;<span class=\"screen-reader-text\">Sonntag, 14. Februar 2021, 18:00 Uhr (Valentinstag)<\/span><\/a><\/p>\n","protected":false},"author":1,"featured_media":0,"parent":10014,"menu_order":60,"comment_status":"open","ping_status":"closed","template":"","meta":{"_editorskit_title_hidden":false,"_editorskit_reading_time":0,"_editorskit_is_block_options_detached":false,"_editorskit_block_options_position":"{}","om_disable_all_campaigns":false,"_lmt_disableupdate":"","_lmt_disable":"","_monsterinsights_skip_tracking":false,"_monsterinsights_sitenote_active":false,"_monsterinsights_sitenote_note":"","_monsterinsights_sitenote_category":0,"neve_meta_sidebar":"","neve_meta_container":"","neve_meta_enable_content_width":"","neve_meta_content_width":0,"neve_meta_title_alignment":"","neve_meta_author_avatar":"","neve_post_elements_order":"","neve_meta_disable_header":"","neve_meta_disable_footer":"","neve_meta_disable_title":"","neve_meta_reading_time":"","_themeisle_gutenberg_block_has_review":false,"footnotes":""},"categories":[451,440],"tags":[],"class_list":["post-9733","page","type-page","status-publish","hentry","category-archiv","category-archiv2024"],"aioseo_notices":[],"aioseo_head":"\n\t\t<!-- All in One SEO Pro 4.9.7.1 - aioseo.com -->\n\t<meta name=\"description\" content=\"Entdecken Sie das Pflegetagebuch von Stefania, einer Krankenschwester, die \u00fcber Mirkos Entwicklung im Krankenhaus berichtet \u2013 zwischen medizinischer Versorgung und der Hoffnung auf das Erwachen. Lesen Sie jetzt mehr.\" \/>\n\t<meta name=\"robots\" content=\"max-snippet:-1, max-image-preview:large, max-video-preview:-1\" \/>\n\t<meta name=\"google-site-verification\" content=\"2kcNb_eND2p_5dJ-aEUjUzdL5U1pyWvu9G-2F4Qyiwk\" \/>\n\t<meta name=\"msvalidate.01\" content=\"8A32EFC1288A3ACC21FB6846BFC9E656\" \/>\n\t<link rel=\"canonical\" href=\"https:\/\/diario.m-achermann.com\/de\/das-stationstagebuch\/sonntag-14-februar-2021-1800-uhr-valentinstag\/\" \/>\n\t<meta name=\"generator\" content=\"All in One SEO Pro (AIOSEO) 4.9.7.1\" \/>\n\t\t<meta property=\"og:locale\" content=\"de_DE\" \/>\n\t\t<meta property=\"og:site_name\" content=\"ECMO \u2013 Tagebuch eines auf den Kopf gestellten Lebens - Mein Abenteuer \u2013 oder vielleicht eher ein Missgeschick? Gl\u00fcck oder Pech?\" \/>\n\t\t<meta property=\"og:type\" content=\"article\" \/>\n\t\t<meta property=\"og:title\" content=\"T\u00e4gliche Updates: Das Pflegetagebuch einer Krankenschwester\" \/>\n\t\t<meta property=\"og:description\" content=\"Entdecken Sie das Pflegetagebuch von Stefania, einer Krankenschwester, die \u00fcber Mirkos Entwicklung im Krankenhaus berichtet \u2013 zwischen medizinischer Versorgung und der Hoffnung auf das Erwachen. Lesen Sie jetzt mehr.\" \/>\n\t\t<meta property=\"og:url\" content=\"https:\/\/diario.m-achermann.com\/de\/das-stationstagebuch\/sonntag-14-februar-2021-1800-uhr-valentinstag\/\" \/>\n\t\t<meta property=\"og:image\" content=\"https:\/\/diario.m-achermann.com\/wp-content\/uploads\/2024\/02\/Mirko.png\" \/>\n\t\t<meta property=\"og:image:secure_url\" content=\"https:\/\/diario.m-achermann.com\/wp-content\/uploads\/2024\/02\/Mirko.png\" \/>\n\t\t<meta property=\"og:image:width\" content=\"200\" \/>\n\t\t<meta property=\"og:image:height\" content=\"200\" \/>\n\t\t<meta property=\"article:published_time\" content=\"2023-10-24T12:20:06+00:00\" \/>\n\t\t<meta property=\"article:modified_time\" content=\"2026-04-02T08:32:09+00:00\" \/>\n\t\t<meta property=\"article:publisher\" content=\"https:\/\/www.facebook.com\/profile.php?id=61556963490212\" \/>\n\t\t<meta name=\"twitter:card\" content=\"summary_large_image\" \/>\n\t\t<meta name=\"twitter:site\" content=\"@Mapi1967\" \/>\n\t\t<meta name=\"twitter:title\" content=\"T\u00e4gliche Updates: Das Pflegetagebuch einer Krankenschwester\" \/>\n\t\t<meta name=\"twitter:description\" content=\"Entdecken Sie das Pflegetagebuch von Stefania, einer Krankenschwester, die \u00fcber Mirkos Entwicklung im Krankenhaus berichtet \u2013 zwischen medizinischer Versorgung und der Hoffnung auf das Erwachen. Lesen Sie jetzt mehr.\" \/>\n\t\t<meta name=\"twitter:creator\" content=\"@Mapi1967\" \/>\n\t\t<meta name=\"twitter:image\" content=\"https:\/\/diario.m-achermann.com\/wp-content\/uploads\/2024\/02\/Mirko.png\" \/>\n\t\t<script type=\"application\/ld+json\" class=\"aioseo-schema\">\n\t\t\t{\"@context\":\"https:\\\/\\\/schema.org\",\"@graph\":[{\"@type\":\"BreadcrumbList\",\"@id\":\"https:\\\/\\\/diario.m-achermann.com\\\/de\\\/das-stationstagebuch\\\/sonntag-14-februar-2021-1800-uhr-valentinstag\\\/#breadcrumblist\",\"itemListElement\":[{\"@type\":\"ListItem\",\"@id\":\"https:\\\/\\\/diario.m-achermann.com\\\/de\\\/#listItem\",\"position\":1,\"name\":\"Home\",\"item\":\"https:\\\/\\\/diario.m-achermann.com\\\/de\\\/\",\"nextItem\":{\"@type\":\"ListItem\",\"@id\":\"https:\\\/\\\/diario.m-achermann.com\\\/de\\\/das-stationstagebuch\\\/#listItem\",\"name\":\"Das Stationstagebuch\"}},{\"@type\":\"ListItem\",\"@id\":\"https:\\\/\\\/diario.m-achermann.com\\\/de\\\/das-stationstagebuch\\\/#listItem\",\"position\":2,\"name\":\"Das Stationstagebuch\",\"item\":\"https:\\\/\\\/diario.m-achermann.com\\\/de\\\/das-stationstagebuch\\\/\",\"nextItem\":{\"@type\":\"ListItem\",\"@id\":\"https:\\\/\\\/diario.m-achermann.com\\\/de\\\/das-stationstagebuch\\\/sonntag-14-februar-2021-1800-uhr-valentinstag\\\/#listItem\",\"name\":\"Sonntag, 14. Februar 2021, 18:00 Uhr (Valentinstag)\"},\"previousItem\":{\"@type\":\"ListItem\",\"@id\":\"https:\\\/\\\/diario.m-achermann.com\\\/de\\\/#listItem\",\"name\":\"Home\"}},{\"@type\":\"ListItem\",\"@id\":\"https:\\\/\\\/diario.m-achermann.com\\\/de\\\/das-stationstagebuch\\\/sonntag-14-februar-2021-1800-uhr-valentinstag\\\/#listItem\",\"position\":3,\"name\":\"Sonntag, 14. Februar 2021, 18:00 Uhr (Valentinstag)\",\"previousItem\":{\"@type\":\"ListItem\",\"@id\":\"https:\\\/\\\/diario.m-achermann.com\\\/de\\\/das-stationstagebuch\\\/#listItem\",\"name\":\"Das Stationstagebuch\"}}]},{\"@type\":\"Person\",\"@id\":\"https:\\\/\\\/diario.m-achermann.com\\\/de\\\/#person\",\"name\":\"Mirko Achermann\",\"image\":{\"@type\":\"ImageObject\",\"@id\":\"https:\\\/\\\/diario.m-achermann.com\\\/de\\\/das-stationstagebuch\\\/sonntag-14-februar-2021-1800-uhr-valentinstag\\\/#personImage\",\"url\":\"https:\\\/\\\/secure.gravatar.com\\\/avatar\\\/53bb9dac79236bd713fbe107c9f2410ca8a6094577846073d4bea7d0bab1e51f?s=96&d=mm&r=g\",\"width\":96,\"height\":96,\"caption\":\"Mirko Achermann\"}},{\"@type\":\"WebPage\",\"@id\":\"https:\\\/\\\/diario.m-achermann.com\\\/de\\\/das-stationstagebuch\\\/sonntag-14-februar-2021-1800-uhr-valentinstag\\\/#webpage\",\"url\":\"https:\\\/\\\/diario.m-achermann.com\\\/de\\\/das-stationstagebuch\\\/sonntag-14-februar-2021-1800-uhr-valentinstag\\\/\",\"name\":\"T\\u00e4gliche Updates: Das Pflegetagebuch einer Krankenschwester\",\"description\":\"Entdecken Sie das Pflegetagebuch von Stefania, einer Krankenschwester, die \\u00fcber Mirkos Entwicklung im Krankenhaus berichtet \\u2013 zwischen medizinischer Versorgung und der Hoffnung auf das Erwachen. Lesen Sie jetzt mehr.\",\"inLanguage\":\"de-DE\",\"isPartOf\":{\"@id\":\"https:\\\/\\\/diario.m-achermann.com\\\/de\\\/#website\"},\"breadcrumb\":{\"@id\":\"https:\\\/\\\/diario.m-achermann.com\\\/de\\\/das-stationstagebuch\\\/sonntag-14-februar-2021-1800-uhr-valentinstag\\\/#breadcrumblist\"},\"datePublished\":\"2023-10-24T14:20:06+02:00\",\"dateModified\":\"2026-04-02T10:32:09+02:00\"},{\"@type\":\"WebSite\",\"@id\":\"https:\\\/\\\/diario.m-achermann.com\\\/de\\\/#website\",\"url\":\"https:\\\/\\\/diario.m-achermann.com\\\/de\\\/\",\"name\":\"ECMO \\u2013 Diario di una vita stravolta\",\"alternateName\":\"ECMO\",\"description\":\"Mein Abenteuer \\u2013 oder vielleicht eher ein Missgeschick? Gl\\u00fcck oder Pech?\",\"inLanguage\":\"de-DE\",\"publisher\":{\"@id\":\"https:\\\/\\\/diario.m-achermann.com\\\/de\\\/#person\"}}]}\n\t\t<\/script>\n\t\t<!-- All in One SEO Pro -->\r\n\t\t<title>T\u00e4gliche Updates: Das Pflegetagebuch einer Krankenschwester<\/title>\n\n","aioseo_head_json":{"title":"T\u00e4gliche Updates: Das Pflegetagebuch einer Krankenschwester","description":"Entdecken Sie das Pflegetagebuch von Stefania, einer Krankenschwester, die \u00fcber Mirkos Entwicklung im Krankenhaus berichtet \u2013 zwischen medizinischer Versorgung und der Hoffnung auf das Erwachen. Lesen Sie jetzt mehr.","canonical_url":"https:\/\/diario.m-achermann.com\/de\/das-stationstagebuch\/sonntag-14-februar-2021-1800-uhr-valentinstag\/","robots":"max-snippet:-1, max-image-preview:large, max-video-preview:-1","keywords":"","webmasterTools":{"google-site-verification":"2kcNb_eND2p_5dJ-aEUjUzdL5U1pyWvu9G-2F4Qyiwk","msvalidate.01":"8A32EFC1288A3ACC21FB6846BFC9E656","miscellaneous":""},"schema":{"@context":"https:\/\/schema.org","@graph":[{"@type":"BreadcrumbList","@id":"https:\/\/diario.m-achermann.com\/de\/das-stationstagebuch\/sonntag-14-februar-2021-1800-uhr-valentinstag\/#breadcrumblist","itemListElement":[{"@type":"ListItem","@id":"https:\/\/diario.m-achermann.com\/de\/#listItem","position":1,"name":"Home","item":"https:\/\/diario.m-achermann.com\/de\/","nextItem":{"@type":"ListItem","@id":"https:\/\/diario.m-achermann.com\/de\/das-stationstagebuch\/#listItem","name":"Das Stationstagebuch"}},{"@type":"ListItem","@id":"https:\/\/diario.m-achermann.com\/de\/das-stationstagebuch\/#listItem","position":2,"name":"Das Stationstagebuch","item":"https:\/\/diario.m-achermann.com\/de\/das-stationstagebuch\/","nextItem":{"@type":"ListItem","@id":"https:\/\/diario.m-achermann.com\/de\/das-stationstagebuch\/sonntag-14-februar-2021-1800-uhr-valentinstag\/#listItem","name":"Sonntag, 14. Februar 2021, 18:00 Uhr (Valentinstag)"},"previousItem":{"@type":"ListItem","@id":"https:\/\/diario.m-achermann.com\/de\/#listItem","name":"Home"}},{"@type":"ListItem","@id":"https:\/\/diario.m-achermann.com\/de\/das-stationstagebuch\/sonntag-14-februar-2021-1800-uhr-valentinstag\/#listItem","position":3,"name":"Sonntag, 14. Februar 2021, 18:00 Uhr (Valentinstag)","previousItem":{"@type":"ListItem","@id":"https:\/\/diario.m-achermann.com\/de\/das-stationstagebuch\/#listItem","name":"Das Stationstagebuch"}}]},{"@type":"Person","@id":"https:\/\/diario.m-achermann.com\/de\/#person","name":"Mirko Achermann","image":{"@type":"ImageObject","@id":"https:\/\/diario.m-achermann.com\/de\/das-stationstagebuch\/sonntag-14-februar-2021-1800-uhr-valentinstag\/#personImage","url":"https:\/\/secure.gravatar.com\/avatar\/53bb9dac79236bd713fbe107c9f2410ca8a6094577846073d4bea7d0bab1e51f?s=96&d=mm&r=g","width":96,"height":96,"caption":"Mirko Achermann"}},{"@type":"WebPage","@id":"https:\/\/diario.m-achermann.com\/de\/das-stationstagebuch\/sonntag-14-februar-2021-1800-uhr-valentinstag\/#webpage","url":"https:\/\/diario.m-achermann.com\/de\/das-stationstagebuch\/sonntag-14-februar-2021-1800-uhr-valentinstag\/","name":"T\u00e4gliche Updates: Das Pflegetagebuch einer Krankenschwester","description":"Entdecken Sie das Pflegetagebuch von Stefania, einer Krankenschwester, die \u00fcber Mirkos Entwicklung im Krankenhaus berichtet \u2013 zwischen medizinischer Versorgung und der Hoffnung auf das Erwachen. Lesen Sie jetzt mehr.","inLanguage":"de-DE","isPartOf":{"@id":"https:\/\/diario.m-achermann.com\/de\/#website"},"breadcrumb":{"@id":"https:\/\/diario.m-achermann.com\/de\/das-stationstagebuch\/sonntag-14-februar-2021-1800-uhr-valentinstag\/#breadcrumblist"},"datePublished":"2023-10-24T14:20:06+02:00","dateModified":"2026-04-02T10:32:09+02:00"},{"@type":"WebSite","@id":"https:\/\/diario.m-achermann.com\/de\/#website","url":"https:\/\/diario.m-achermann.com\/de\/","name":"ECMO \u2013 Diario di una vita stravolta","alternateName":"ECMO","description":"Mein Abenteuer \u2013 oder vielleicht eher ein Missgeschick? Gl\u00fcck oder Pech?","inLanguage":"de-DE","publisher":{"@id":"https:\/\/diario.m-achermann.com\/de\/#person"}}]},"og:locale":"de_DE","og:site_name":"ECMO \u2013 Tagebuch eines auf den Kopf gestellten Lebens - Mein Abenteuer \u2013 oder vielleicht eher ein Missgeschick? Gl\u00fcck oder Pech?","og:type":"article","og:title":"T\u00e4gliche Updates: Das Pflegetagebuch einer Krankenschwester","og:description":"Entdecken Sie das Pflegetagebuch von Stefania, einer Krankenschwester, die \u00fcber Mirkos Entwicklung im Krankenhaus berichtet \u2013 zwischen medizinischer Versorgung und der Hoffnung auf das Erwachen. Lesen Sie jetzt mehr.","og:url":"https:\/\/diario.m-achermann.com\/de\/das-stationstagebuch\/sonntag-14-februar-2021-1800-uhr-valentinstag\/","og:image":"https:\/\/diario.m-achermann.com\/wp-content\/uploads\/2024\/02\/Mirko.png","og:image:secure_url":"https:\/\/diario.m-achermann.com\/wp-content\/uploads\/2024\/02\/Mirko.png","og:image:width":200,"og:image:height":200,"article:published_time":"2023-10-24T12:20:06+00:00","article:modified_time":"2026-04-02T08:32:09+00:00","article:publisher":"https:\/\/www.facebook.com\/profile.php?id=61556963490212","twitter:card":"summary_large_image","twitter:site":"@Mapi1967","twitter:title":"T\u00e4gliche Updates: Das Pflegetagebuch einer Krankenschwester","twitter:description":"Entdecken Sie das Pflegetagebuch von Stefania, einer Krankenschwester, die \u00fcber Mirkos Entwicklung im Krankenhaus berichtet \u2013 zwischen medizinischer Versorgung und der Hoffnung auf das Erwachen. Lesen Sie jetzt mehr.","twitter:creator":"@Mapi1967","twitter:image":"https:\/\/diario.m-achermann.com\/wp-content\/uploads\/2024\/02\/Mirko.png"},"aioseo_meta_data":{"post_id":"9733","title":"T\u00e4gliche Updates: Das Pflegetagebuch einer Krankenschwester","description":"Entdecken Sie das Pflegetagebuch von Stefania, einer Krankenschwester, die \u00fcber Mirkos Entwicklung im Krankenhaus berichtet \u2013 zwischen medizinischer Versorgung und der Hoffnung auf das Erwachen. Lesen Sie jetzt mehr. ","keywords":null,"keyphrases":{"focus":{"keyphrase":"Diario","score":58,"analysis":{"keyphraseInTitle":{"score":9,"maxScore":9,"error":0},"keyphraseInDescription":{"score":3,"maxScore":9,"error":1},"keyphraseLength":{"score":9,"maxScore":9,"error":0,"length":1},"keyphraseInURL":{"score":5,"maxScore":5,"error":0},"keyphraseInIntroduction":{"score":3,"maxScore":9,"error":1},"keyphraseInSubHeadings":[],"keyphraseInImageAlt":[],"keywordDensity":{"score":0,"type":"low","maxScore":9,"error":1}}},"additional":[{"keyphrase":"ECMO","score":67,"analysis":{"keyphraseInDescription":{"score":3,"maxScore":9,"error":1},"keyphraseLength":{"score":9,"maxScore":9,"error":0,"length":1},"keyphraseInIntroduction":{"score":3,"maxScore":9,"error":1},"keyphraseInImageAlt":[],"keywordDensity":{"type":"best","score":9,"maxScore":9,"error":0}}},{"keyphrase":"degenza","score":58,"analysis":{"keyphraseInDescription":{"score":9,"maxScore":9,"error":0},"keyphraseLength":{"score":9,"maxScore":9,"error":0,"length":1},"keyphraseInIntroduction":{"score":3,"maxScore":9,"error":1},"keyphraseInImageAlt":[],"keywordDensity":{"score":0,"type":"low","maxScore":9,"error":1}}},{"keyphrase":"Cardiocentro","score":42,"analysis":{"keyphraseInDescription":{"score":3,"maxScore":9,"error":1},"keyphraseLength":{"score":9,"maxScore":9,"error":0,"length":1},"keyphraseInIntroduction":{"score":3,"maxScore":9,"error":1},"keyphraseInImageAlt":[],"keywordDensity":{"score":0,"type":"low","maxScore":9,"error":1}}}]},"primary_term":null,"canonical_url":null,"og_title":null,"og_description":null,"og_object_type":"default","og_image_type":"default","og_image_url":null,"og_image_width":null,"og_image_height":null,"og_image_custom_url":null,"og_image_custom_fields":null,"og_video":"","og_custom_url":null,"og_article_section":null,"og_article_tags":null,"twitter_use_og":false,"twitter_card":"default","twitter_image_type":"default","twitter_image_url":null,"twitter_image_custom_url":null,"twitter_image_custom_fields":null,"twitter_title":null,"twitter_description":null,"schema":{"blockGraphs":[],"customGraphs":[],"default":{"data":{"Article":[],"Course":[],"Dataset":[],"FAQPage":[],"Movie":[],"Person":[],"Product":[],"ProductReview":[],"Car":[],"Recipe":[],"Service":[],"SoftwareApplication":[],"WebPage":[]},"graphName":"WebPage","isEnabled":true},"graphs":[]},"schema_type":"default","schema_type_options":null,"pillar_content":false,"robots_default":true,"robots_noindex":false,"robots_noarchive":false,"robots_nosnippet":false,"robots_nofollow":false,"robots_noimageindex":false,"robots_noodp":false,"robots_notranslate":false,"robots_max_snippet":"-1","robots_max_videopreview":"-1","robots_max_imagepreview":"large","priority":null,"frequency":"default","local_seo":null,"seo_analyzer_scan_date":"2026-04-02 08:42:21","breadcrumb_settings":null,"limit_modified_date":0,"reviewed_by":"0","open_ai":"{\"title\":{\"suggestions\":[],\"usage\":0},\"description\":{\"suggestions\":[],\"usage\":0}}","ai":{"faqs":[],"keyPoints":[],"titles":["Diario di un'infermiera: aggiornamenti su un ricovero in corso","Riflessioni quotidiane di un'infermiera sul ricovero di Mirko","Diario: la storia di un ricovero e dellefasi di cura","Aggiornamenti quotidiani: il diario di un'infermiera in ospedale","Voci dal letto d'ospedale: diario di Stefania sull'infermo"],"descriptions":["Scopri il diario di Stefania, infermiera, che racconta l'evoluzione di Mirko in ospedale, tra cure e speranze di risveglio. Leggi di pi\u00f9 ora.","Un'istantanea dal diario di Stefania: l'affetto e l'attenzione di un'infermiera al fianco di Mirko, tra tecniche mediche e quell'ultima speranza di risveglio.","Il diario di Stefania rivela le emozioni e le sfide di chi assiste Mirko in terapia intensiva, tra tecnologie sofisticate e il desiderio di vederlo sveglio.","In questo diario, l'intensa esperienza di un'infermiera che descrive le condizioni di Mirko, usando tecnologie come ECMO e tracheostomia, con ottimismo crescente.","Segui le parole di Stefania nel diario, tra cura medica e speranza per Mirko, in un viaggio di emozioni e progresso in terapia intensiva."],"socialPosts":{"email":[],"linkedin":[],"twitter":[],"facebook":[],"instagram":[]}},"created":"2026-04-01 14:50:39","updated":"2026-04-02 09:37:10"},"aioseo_breadcrumb":"<div class=\"aioseo-breadcrumbs\"><span class=\"aioseo-breadcrumb\">\n\t<a href=\"https:\/\/diario.m-achermann.com\/de\/\" title=\"Home\">Home<\/a>\n<\/span><span class=\"aioseo-breadcrumb-separator\">\u00bb<\/span><span class=\"aioseo-breadcrumb\">\n\t<a href=\"https:\/\/diario.m-achermann.com\/de\/das-stationstagebuch\/\" title=\"Das Stationstagebuch\">Das Stationstagebuch<\/a>\n<\/span><span class=\"aioseo-breadcrumb-separator\">\u00bb<\/span><span class=\"aioseo-breadcrumb\">\n\tSonntag, 14. Februar 2021, 18:00 Uhr (Valentinstag)\n<\/span><\/div>","aioseo_breadcrumb_json":[{"label":"Home","link":"https:\/\/diario.m-achermann.com\/de\/"},{"label":"Das Stationstagebuch","link":"https:\/\/diario.m-achermann.com\/de\/das-stationstagebuch\/"},{"label":"Sonntag, 14. Februar 2021, 18:00 Uhr (Valentinstag)","link":"https:\/\/diario.m-achermann.com\/de\/das-stationstagebuch\/sonntag-14-februar-2021-1800-uhr-valentinstag\/"}],"_links":{"self":[{"href":"https:\/\/diario.m-achermann.com\/de\/wp-json\/wp\/v2\/pages\/9733","targetHints":{"allow":["GET"]}}],"collection":[{"href":"https:\/\/diario.m-achermann.com\/de\/wp-json\/wp\/v2\/pages"}],"about":[{"href":"https:\/\/diario.m-achermann.com\/de\/wp-json\/wp\/v2\/types\/page"}],"author":[{"embeddable":true,"href":"https:\/\/diario.m-achermann.com\/de\/wp-json\/wp\/v2\/users\/1"}],"replies":[{"embeddable":true,"href":"https:\/\/diario.m-achermann.com\/de\/wp-json\/wp\/v2\/comments?post=9733"}],"version-history":[{"count":1,"href":"https:\/\/diario.m-achermann.com\/de\/wp-json\/wp\/v2\/pages\/9733\/revisions"}],"predecessor-version":[{"id":9734,"href":"https:\/\/diario.m-achermann.com\/de\/wp-json\/wp\/v2\/pages\/9733\/revisions\/9734"}],"up":[{"embeddable":true,"href":"https:\/\/diario.m-achermann.com\/de\/wp-json\/wp\/v2\/pages\/10014"}],"wp:attachment":[{"href":"https:\/\/diario.m-achermann.com\/de\/wp-json\/wp\/v2\/media?parent=9733"}],"wp:term":[{"taxonomy":"category","embeddable":true,"href":"https:\/\/diario.m-achermann.com\/de\/wp-json\/wp\/v2\/categories?post=9733"},{"taxonomy":"post_tag","embeddable":true,"href":"https:\/\/diario.m-achermann.com\/de\/wp-json\/wp\/v2\/tags?post=9733"}],"curies":[{"name":"wp","href":"https:\/\/api.w.org\/{rel}","templated":true}]}}