{"id":9931,"date":"2024-04-18T15:22:24","date_gmt":"2024-04-18T13:22:24","guid":{"rendered":"https:\/\/diario.m-achermann.com\/wege-in-den-medical-humanities\/"},"modified":"2026-04-01T17:00:40","modified_gmt":"2026-04-01T15:00:40","slug":"wege-in-den-medical-humanities","status":"publish","type":"page","link":"https:\/\/diario.m-achermann.com\/de\/wege-in-den-medical-humanities\/","title":{"rendered":"Wege in den Medical Humanities"},"content":{"rendered":"\n<p>Die Zeitschrift f\u00fcr Medical Humanities, herausgegeben von der Fondazione Sasso Corbaro in Zusammenarbeit mit dem Ente Ospedaliero Cantonale, ist das Ergebnis eines langen Studienwegs rund um die Geisteswissenschaften und die Pflege in ihren vielf\u00e4ltigsten Formen. Nach f\u00fcnfzehn Jahren T\u00e4tigkeit und 50 ver\u00f6ffentlichten Printausgaben \u00e4ndert die Zeitschrift ihre Form: Im Dezember 2022 entsteht die neue Plattform Wege in den Medical Humanities, ein dynamischer und lebendiger Raum, der den Leser zur Entdeckung der aktuellsten Themen im Bereich der Medical Humanities und der klinischen Ethik f\u00fchrt.  <a href=\"https:\/\/www.rivista-smh.ch\/pagina-di-servizio\/rivista\/\" target=\"_blank\" aria-label=\"  (opens in a new tab)\" rel=\"noreferrer noopener\" class=\"ek-link\">Weiterlesen<\/a><\/p>\n\n<ul class=\"wp-block-list\" id=\"mega-menu-primary\">\n<li><a href=\"https:\/\/www.rivista-smh.ch\/rmh\/rivista\/\">Zeitschrift<\/a><\/li>\n\n\n\n<li><a href=\"https:\/\/www.rivista-smh.ch\/rmh\/medical-humanities\/\">Medical Humanities<\/a><\/li>\n\n\n\n<li><a href=\"https:\/\/www.rivista-smh.ch\/archivio-autori\/\">Autoren<\/a><\/li>\n\n\n\n<li><a href=\"https:\/\/www.rivista-smh.ch\/rmh\/contatti\/\">Kontakt<\/a><\/li>\n<\/ul>\n\n<p class=\"animated bounceInLeft slower has-nv-dark-bg-color has-text-color has-background has-link-color wp-elements-7dbab7a2640b28bcf803833f4e2ffffb\" style=\"background-color:#f7ffeb;font-size:20px\"><strong>Mein Artikel: <\/strong><br\/><strong><a aria-label=\"https:\/\/www.rivista-smh.ch\/articolo\/ecmo-diario-di-una-vita-stravolta\/ (opens in a new tab)\" href=\"https:\/\/www.rivista-smh.ch\/articolo\/ecmo-diario-di-una-vita-stravolta\/\" target=\"_blank\" rel=\"noreferrer noopener\" class=\"ek-link\">https:\/\/www.rivista-smh.ch\/articolo\/ecmo-diario-di-una-vita-stravolta\/ <\/a><\/strong> <\/p>\n\n<figure class=\"wp-block-image size-large\"><img decoding=\"async\" width=\"1024\" height=\"126\" src=\"https:\/\/diario.m-achermann.com\/wp-content\/uploads\/2024\/04\/Sentieri-1024x126.jpeg\" alt=\"\" class=\"wp-image-7378\" srcset=\"https:\/\/diario.m-achermann.com\/wp-content\/uploads\/2024\/04\/Sentieri-1024x126.jpeg 1024w, https:\/\/diario.m-achermann.com\/wp-content\/uploads\/2024\/04\/Sentieri-300x37.jpeg 300w, https:\/\/diario.m-achermann.com\/wp-content\/uploads\/2024\/04\/Sentieri-768x95.jpeg 768w, https:\/\/diario.m-achermann.com\/wp-content\/uploads\/2024\/04\/Sentieri-1536x190.jpeg 1536w, https:\/\/diario.m-achermann.com\/wp-content\/uploads\/2024\/04\/Sentieri-2048x253.jpeg 2048w\" sizes=\"(max-width: 1024px) 100vw, 1024px\" \/><\/figure>\n","protected":false},"excerpt":{"rendered":"<p>Die Zeitschrift f\u00fcr Medical Humanities, herausgegeben von der Fondazione Sasso Corbaro in Zusammenarbeit mit dem Ente Ospedaliero Cantonale, ist das Ergebnis eines langen Studienwegs rund um die Geisteswissenschaften und die Pflege in ihren vielf\u00e4ltigsten Formen. Nach f\u00fcnfzehn Jahren T\u00e4tigkeit und 50 ver\u00f6ffentlichten Printausgaben \u00e4ndert die Zeitschrift ihre Form: Im Dezember 2022 entsteht die neue Plattform&hellip;&nbsp;<a href=\"https:\/\/diario.m-achermann.com\/de\/wege-in-den-medical-humanities\/\" rel=\"bookmark\">Weiterlesen &raquo;<span class=\"screen-reader-text\">Wege in den Medical Humanities<\/span><\/a><\/p>\n","protected":false},"author":1,"featured_media":0,"parent":0,"menu_order":0,"comment_status":"closed","ping_status":"closed","template":"","meta":{"_editorskit_title_hidden":false,"_editorskit_reading_time":0,"_editorskit_is_block_options_detached":false,"_editorskit_block_options_position":"{}","om_disable_all_campaigns":false,"_lmt_disableupdate":"","_lmt_disable":"","_monsterinsights_skip_tracking":false,"_monsterinsights_sitenote_active":false,"_monsterinsights_sitenote_note":"","_monsterinsights_sitenote_category":0,"neve_meta_sidebar":"","neve_meta_container":"","neve_meta_enable_content_width":"","neve_meta_content_width":0,"neve_meta_title_alignment":"","neve_meta_author_avatar":"","neve_post_elements_order":"","neve_meta_disable_header":"","neve_meta_disable_footer":"","neve_meta_disable_title":"","neve_meta_reading_time":"","_themeisle_gutenberg_block_has_review":false,"footnotes":""},"categories":[432,431,445],"tags":[],"class_list":["post-9931","page","type-page","status-publish","hentry","category-news","category-news2024","category-veroeffentlichungen"],"aioseo_notices":[],"aioseo_head":"\n\t\t<!-- All in One SEO Pro 4.9.5.2 - aioseo.com -->\n\t<meta name=\"description\" content=\"Entdecken Sie die Erz\u00e4hlung einer durch ECMO ver\u00e4nderten Lebenserfahrung im Kontext der Medical Humanities und der menschlichen F\u00fcrsorge.\" \/>\n\t<meta name=\"robots\" content=\"max-snippet:-1, max-image-preview:large, max-video-preview:-1\" \/>\n\t<meta name=\"google-site-verification\" content=\"2kcNb_eND2p_5dJ-aEUjUzdL5U1pyWvu9G-2F4Qyiwk\" \/>\n\t<meta name=\"msvalidate.01\" content=\"8A32EFC1288A3ACC21FB6846BFC9E656\" \/>\n\t<link rel=\"canonical\" href=\"https:\/\/diario.m-achermann.com\/de\/wege-in-den-medical-humanities\/\" \/>\n\t<meta name=\"generator\" content=\"All in One SEO Pro (AIOSEO) 4.9.5.2\" \/>\n\t\t<meta property=\"og:locale\" content=\"de_DE\" \/>\n\t\t<meta property=\"og:site_name\" content=\"ECMO \u2013 Tagebuch eines auf den Kopf gestellten Lebens - Mein Abenteuer \u2013 oder vielleicht eher ein Missgeschick? Gl\u00fcck oder Pech?\" \/>\n\t\t<meta property=\"og:type\" content=\"article\" \/>\n\t\t<meta property=\"og:title\" content=\"Wege in den Medical Humanities\" \/>\n\t\t<meta property=\"og:description\" content=\"Entdecken Sie die Erz\u00e4hlung einer durch ECMO ver\u00e4nderten Lebenserfahrung im Kontext der Medical Humanities und der menschlichen F\u00fcrsorge.\" \/>\n\t\t<meta property=\"og:url\" content=\"https:\/\/diario.m-achermann.com\/de\/wege-in-den-medical-humanities\/\" \/>\n\t\t<meta property=\"og:image\" content=\"https:\/\/diario.m-achermann.com\/wp-content\/uploads\/2024\/02\/Mirko.png\" \/>\n\t\t<meta property=\"og:image:secure_url\" content=\"https:\/\/diario.m-achermann.com\/wp-content\/uploads\/2024\/02\/Mirko.png\" \/>\n\t\t<meta property=\"og:image:width\" content=\"200\" \/>\n\t\t<meta property=\"og:image:height\" content=\"200\" \/>\n\t\t<meta property=\"article:published_time\" content=\"2024-04-18T13:22:24+00:00\" \/>\n\t\t<meta property=\"article:modified_time\" content=\"2026-04-01T15:00:40+00:00\" \/>\n\t\t<meta property=\"article:publisher\" content=\"https:\/\/www.facebook.com\/profile.php?id=61556963490212\" \/>\n\t\t<meta name=\"twitter:card\" content=\"summary_large_image\" \/>\n\t\t<meta name=\"twitter:site\" content=\"@Mapi1967\" \/>\n\t\t<meta name=\"twitter:title\" content=\"Wege in den Medical Humanities\" \/>\n\t\t<meta name=\"twitter:description\" content=\"Entdecken Sie die Erz\u00e4hlung einer durch ECMO ver\u00e4nderten Lebenserfahrung im Kontext der Medical Humanities und der menschlichen F\u00fcrsorge.\" \/>\n\t\t<meta name=\"twitter:creator\" content=\"@Mapi1967\" \/>\n\t\t<meta name=\"twitter:image\" content=\"https:\/\/diario.m-achermann.com\/wp-content\/uploads\/2024\/02\/Mirko.png\" \/>\n\t\t<script type=\"application\/ld+json\" class=\"aioseo-schema\">\n\t\t\t{\"@context\":\"https:\\\/\\\/schema.org\",\"@graph\":[{\"@type\":\"BreadcrumbList\",\"@id\":\"https:\\\/\\\/diario.m-achermann.com\\\/de\\\/wege-in-den-medical-humanities\\\/#breadcrumblist\",\"itemListElement\":[{\"@type\":\"ListItem\",\"@id\":\"https:\\\/\\\/diario.m-achermann.com\\\/de\\\/#listItem\",\"position\":1,\"name\":\"Home\",\"item\":\"https:\\\/\\\/diario.m-achermann.com\\\/de\\\/\",\"nextItem\":{\"@type\":\"ListItem\",\"@id\":\"https:\\\/\\\/diario.m-achermann.com\\\/de\\\/wege-in-den-medical-humanities\\\/#listItem\",\"name\":\"Wege in den Medical Humanities\"}},{\"@type\":\"ListItem\",\"@id\":\"https:\\\/\\\/diario.m-achermann.com\\\/de\\\/wege-in-den-medical-humanities\\\/#listItem\",\"position\":2,\"name\":\"Wege in den Medical Humanities\",\"previousItem\":{\"@type\":\"ListItem\",\"@id\":\"https:\\\/\\\/diario.m-achermann.com\\\/de\\\/#listItem\",\"name\":\"Home\"}}]},{\"@type\":\"Person\",\"@id\":\"https:\\\/\\\/diario.m-achermann.com\\\/de\\\/#person\",\"name\":\"Mirko Achermann\",\"image\":{\"@type\":\"ImageObject\",\"@id\":\"https:\\\/\\\/diario.m-achermann.com\\\/de\\\/wege-in-den-medical-humanities\\\/#personImage\",\"url\":\"https:\\\/\\\/secure.gravatar.com\\\/avatar\\\/53bb9dac79236bd713fbe107c9f2410ca8a6094577846073d4bea7d0bab1e51f?s=96&d=mm&r=g\",\"width\":96,\"height\":96,\"caption\":\"Mirko Achermann\"}},{\"@type\":\"WebPage\",\"@id\":\"https:\\\/\\\/diario.m-achermann.com\\\/de\\\/wege-in-den-medical-humanities\\\/#webpage\",\"url\":\"https:\\\/\\\/diario.m-achermann.com\\\/de\\\/wege-in-den-medical-humanities\\\/\",\"name\":\"Wege in den Medical Humanities\",\"description\":\"Entdecken Sie die Erz\\u00e4hlung einer durch ECMO ver\\u00e4nderten Lebenserfahrung im Kontext der Medical Humanities und der menschlichen F\\u00fcrsorge.\",\"inLanguage\":\"de-DE\",\"isPartOf\":{\"@id\":\"https:\\\/\\\/diario.m-achermann.com\\\/de\\\/#website\"},\"breadcrumb\":{\"@id\":\"https:\\\/\\\/diario.m-achermann.com\\\/de\\\/wege-in-den-medical-humanities\\\/#breadcrumblist\"},\"datePublished\":\"2024-04-18T15:22:24+02:00\",\"dateModified\":\"2026-04-01T17:00:40+02:00\"},{\"@type\":\"WebSite\",\"@id\":\"https:\\\/\\\/diario.m-achermann.com\\\/de\\\/#website\",\"url\":\"https:\\\/\\\/diario.m-achermann.com\\\/de\\\/\",\"name\":\"ECMO \\u2013 Diario di una vita stravolta\",\"alternateName\":\"ECMO\",\"description\":\"Mein Abenteuer \\u2013 oder vielleicht eher ein Missgeschick? Gl\\u00fcck oder Pech?\",\"inLanguage\":\"de-DE\",\"publisher\":{\"@id\":\"https:\\\/\\\/diario.m-achermann.com\\\/de\\\/#person\"}}]}\n\t\t<\/script>\n\t\t<!-- All in One SEO Pro -->\r\n\t\t<title>Wege in den Medical Humanities<\/title>\n\n","aioseo_head_json":{"title":"Wege in den Medical Humanities","description":"Entdecken Sie die Erz\u00e4hlung einer durch ECMO ver\u00e4nderten Lebenserfahrung im Kontext der Medical Humanities und der menschlichen F\u00fcrsorge.","canonical_url":"https:\/\/diario.m-achermann.com\/de\/wege-in-den-medical-humanities\/","robots":"max-snippet:-1, max-image-preview:large, max-video-preview:-1","keywords":"","webmasterTools":{"google-site-verification":"2kcNb_eND2p_5dJ-aEUjUzdL5U1pyWvu9G-2F4Qyiwk","msvalidate.01":"8A32EFC1288A3ACC21FB6846BFC9E656","miscellaneous":""},"schema":{"@context":"https:\/\/schema.org","@graph":[{"@type":"BreadcrumbList","@id":"https:\/\/diario.m-achermann.com\/de\/wege-in-den-medical-humanities\/#breadcrumblist","itemListElement":[{"@type":"ListItem","@id":"https:\/\/diario.m-achermann.com\/de\/#listItem","position":1,"name":"Home","item":"https:\/\/diario.m-achermann.com\/de\/","nextItem":{"@type":"ListItem","@id":"https:\/\/diario.m-achermann.com\/de\/wege-in-den-medical-humanities\/#listItem","name":"Wege in den Medical Humanities"}},{"@type":"ListItem","@id":"https:\/\/diario.m-achermann.com\/de\/wege-in-den-medical-humanities\/#listItem","position":2,"name":"Wege in den Medical Humanities","previousItem":{"@type":"ListItem","@id":"https:\/\/diario.m-achermann.com\/de\/#listItem","name":"Home"}}]},{"@type":"Person","@id":"https:\/\/diario.m-achermann.com\/de\/#person","name":"Mirko Achermann","image":{"@type":"ImageObject","@id":"https:\/\/diario.m-achermann.com\/de\/wege-in-den-medical-humanities\/#personImage","url":"https:\/\/secure.gravatar.com\/avatar\/53bb9dac79236bd713fbe107c9f2410ca8a6094577846073d4bea7d0bab1e51f?s=96&d=mm&r=g","width":96,"height":96,"caption":"Mirko Achermann"}},{"@type":"WebPage","@id":"https:\/\/diario.m-achermann.com\/de\/wege-in-den-medical-humanities\/#webpage","url":"https:\/\/diario.m-achermann.com\/de\/wege-in-den-medical-humanities\/","name":"Wege in den Medical Humanities","description":"Entdecken Sie die Erz\u00e4hlung einer durch ECMO ver\u00e4nderten Lebenserfahrung im Kontext der Medical Humanities und der menschlichen F\u00fcrsorge.","inLanguage":"de-DE","isPartOf":{"@id":"https:\/\/diario.m-achermann.com\/de\/#website"},"breadcrumb":{"@id":"https:\/\/diario.m-achermann.com\/de\/wege-in-den-medical-humanities\/#breadcrumblist"},"datePublished":"2024-04-18T15:22:24+02:00","dateModified":"2026-04-01T17:00:40+02:00"},{"@type":"WebSite","@id":"https:\/\/diario.m-achermann.com\/de\/#website","url":"https:\/\/diario.m-achermann.com\/de\/","name":"ECMO \u2013 Diario di una vita stravolta","alternateName":"ECMO","description":"Mein Abenteuer \u2013 oder vielleicht eher ein Missgeschick? Gl\u00fcck oder Pech?","inLanguage":"de-DE","publisher":{"@id":"https:\/\/diario.m-achermann.com\/de\/#person"}}]},"og:locale":"de_DE","og:site_name":"ECMO \u2013 Tagebuch eines auf den Kopf gestellten Lebens - Mein Abenteuer \u2013 oder vielleicht eher ein Missgeschick? Gl\u00fcck oder Pech?","og:type":"article","og:title":"Wege in den Medical Humanities","og:description":"Entdecken Sie die Erz\u00e4hlung einer durch ECMO ver\u00e4nderten Lebenserfahrung im Kontext der Medical Humanities und der menschlichen F\u00fcrsorge.","og:url":"https:\/\/diario.m-achermann.com\/de\/wege-in-den-medical-humanities\/","og:image":"https:\/\/diario.m-achermann.com\/wp-content\/uploads\/2024\/02\/Mirko.png","og:image:secure_url":"https:\/\/diario.m-achermann.com\/wp-content\/uploads\/2024\/02\/Mirko.png","og:image:width":200,"og:image:height":200,"article:published_time":"2024-04-18T13:22:24+00:00","article:modified_time":"2026-04-01T15:00:40+00:00","article:publisher":"https:\/\/www.facebook.com\/profile.php?id=61556963490212","twitter:card":"summary_large_image","twitter:site":"@Mapi1967","twitter:title":"Wege in den Medical Humanities","twitter:description":"Entdecken Sie die Erz\u00e4hlung einer durch ECMO ver\u00e4nderten Lebenserfahrung im Kontext der Medical Humanities und der menschlichen F\u00fcrsorge.","twitter:creator":"@Mapi1967","twitter:image":"https:\/\/diario.m-achermann.com\/wp-content\/uploads\/2024\/02\/Mirko.png"},"aioseo_meta_data":{"post_id":"9931","title":null,"description":"Entdecken Sie die Erz\u00e4hlung einer durch ECMO ver\u00e4nderten Lebenserfahrung im Kontext der Medical Humanities und der menschlichen F\u00fcrsorge.","keywords":null,"keyphrases":{"focus":{"keyphrase":"","score":0,"analysis":{"keyphraseInTitle":{"score":0,"maxScore":9,"error":1}}},"additional":[]},"primary_term":null,"canonical_url":null,"og_title":null,"og_description":null,"og_object_type":"default","og_image_type":"default","og_image_url":null,"og_image_width":null,"og_image_height":null,"og_image_custom_url":null,"og_image_custom_fields":null,"og_video":"","og_custom_url":null,"og_article_section":null,"og_article_tags":null,"twitter_use_og":false,"twitter_card":"default","twitter_image_type":"default","twitter_image_url":null,"twitter_image_custom_url":null,"twitter_image_custom_fields":null,"twitter_title":null,"twitter_description":null,"schema":{"blockGraphs":[],"customGraphs":[],"default":{"data":{"Article":[],"Course":[],"Dataset":[],"FAQPage":[],"Movie":[],"Person":[],"Product":[],"ProductReview":[],"Car":[],"Recipe":[],"Service":[],"SoftwareApplication":[],"WebPage":[]},"graphName":"WebPage","isEnabled":true},"graphs":[]},"schema_type":"default","schema_type_options":null,"pillar_content":false,"robots_default":true,"robots_noindex":false,"robots_noarchive":false,"robots_nosnippet":false,"robots_nofollow":false,"robots_noimageindex":false,"robots_noodp":false,"robots_notranslate":false,"robots_max_snippet":"-1","robots_max_videopreview":"-1","robots_max_imagepreview":"large","priority":null,"frequency":"default","local_seo":null,"seo_analyzer_scan_date":"2025-12-06 11:38:44","breadcrumb_settings":null,"limit_modified_date":0,"reviewed_by":null,"open_ai":"{\"title\":{\"suggestions\":[],\"usage\":0},\"description\":{\"suggestions\":[],\"usage\":0}}","ai":{"faqs":[],"keyPoints":[],"titles":[],"descriptions":["Scopri come l'ECMO e le esperienze di vita cambiano attraverso il nostro approfondimento sulle Medical Humanities e l'etica clinica.","Esplora il racconto di un'esperienza di vita trasformata dall'ECMO, nel contesto delle Medical Humanities e della cura umana.","Un viaggio attraverso le Medical Humanities: la storia di un percorso di vita segnato dall'uso dell'ECMO e dalla riflessione etica.","Approfondisci come le Medical Humanities affrontano le sfide della cura e dell'etica clinica, con un focus sulla testimonianza di vita con ECMO.","Rivista Medical Humanities: un nuovo spazio per esplorare le sfide etiche e umane in cura, attraverso la storia di un percorso di vita con ECMO."],"socialPosts":{"email":[],"linkedin":[],"twitter":[],"facebook":[],"instagram":[]}},"created":"2026-04-01 15:00:40","updated":"2026-04-01 18:10:01"},"aioseo_breadcrumb":"<div class=\"aioseo-breadcrumbs\"><span class=\"aioseo-breadcrumb\">\n\t<a href=\"https:\/\/diario.m-achermann.com\/de\/\" title=\"Home\">Home<\/a>\n<\/span><span class=\"aioseo-breadcrumb-separator\">\u00bb<\/span><span class=\"aioseo-breadcrumb\">\n\tWege in den Medical Humanities\n<\/span><\/div>","aioseo_breadcrumb_json":[{"label":"Home","link":"https:\/\/diario.m-achermann.com\/de\/"},{"label":"Wege in den Medical Humanities","link":"https:\/\/diario.m-achermann.com\/de\/wege-in-den-medical-humanities\/"}],"_links":{"self":[{"href":"https:\/\/diario.m-achermann.com\/de\/wp-json\/wp\/v2\/pages\/9931","targetHints":{"allow":["GET"]}}],"collection":[{"href":"https:\/\/diario.m-achermann.com\/de\/wp-json\/wp\/v2\/pages"}],"about":[{"href":"https:\/\/diario.m-achermann.com\/de\/wp-json\/wp\/v2\/types\/page"}],"author":[{"embeddable":true,"href":"https:\/\/diario.m-achermann.com\/de\/wp-json\/wp\/v2\/users\/1"}],"replies":[{"embeddable":true,"href":"https:\/\/diario.m-achermann.com\/de\/wp-json\/wp\/v2\/comments?post=9931"}],"version-history":[{"count":1,"href":"https:\/\/diario.m-achermann.com\/de\/wp-json\/wp\/v2\/pages\/9931\/revisions"}],"predecessor-version":[{"id":9933,"href":"https:\/\/diario.m-achermann.com\/de\/wp-json\/wp\/v2\/pages\/9931\/revisions\/9933"}],"wp:attachment":[{"href":"https:\/\/diario.m-achermann.com\/de\/wp-json\/wp\/v2\/media?parent=9931"}],"wp:term":[{"taxonomy":"category","embeddable":true,"href":"https:\/\/diario.m-achermann.com\/de\/wp-json\/wp\/v2\/categories?post=9931"},{"taxonomy":"post_tag","embeddable":true,"href":"https:\/\/diario.m-achermann.com\/de\/wp-json\/wp\/v2\/tags?post=9931"}],"curies":[{"name":"wp","href":"https:\/\/api.w.org\/{rel}","templated":true}]}}