{"id":9945,"date":"2023-10-24T15:09:04","date_gmt":"2023-10-24T13:09:04","guid":{"rendered":"https:\/\/diario.m-achermann.com\/montag-22-februar-2021\/"},"modified":"2026-04-01T17:04:35","modified_gmt":"2026-04-01T15:04:35","slug":"montag-22-februar-2021","status":"publish","type":"page","link":"https:\/\/diario.m-achermann.com\/de\/das-stationstagebuch\/montag-22-februar-2021\/","title":{"rendered":"Montag, 22. Februar 2021"},"content":{"rendered":"\n<p>Guten Morgen, Herr Mirko,<br\/>ich bin es wieder, Stefania.<\/p>\n\n<p>Heute betreue ich Sie zwar nicht direkt, aber ich bin hier, weil ich bei Ihrer Bauchlage-Lagerung geholfen habe. <br\/>Im Grunde haben wir Sie auf den Bauch gelegt. <br\/>Ihre Lungen m\u00fcssen im hinteren Bereich (der zur Wirbels\u00e4ule zeigt) mehr \u201ebel\u00fcftet\u201c werden: Die \u00c4rzte und wir Pflegekr\u00e4fte hoffen, dass diese Position Ihnen gut tut.<\/p>\n\n<p>Es war kein einfaches Man\u00f6ver; wir waren drei Pflegekr\u00e4fte, zwei \u00c4rzte und ein Physiotherapeut.<br\/>Zuerst haben wir Sie dar\u00fcber informiert, was geschieht, dann haben wir Ihnen Medikamente verabreicht, um Sie st\u00e4rker zu sedieren, und schlie\u00dflich haben wir die Position, die Auflagepunkte im Bett und die M\u00f6glichkeit zur Absaugung des Sekrets aus der Tracheostomie beurteilt \u2026 kurzum, viele Dinge \u2026<br\/>Ich hoffe, dass diese Position f\u00fcr Sie nicht zu unbequem ist, aber im Zweifelsfall wurden die Medikamente, die Sie schlafen lassen, erh\u00f6ht.<br\/>Es gibt viel Sekret, und wir versuchen, es abzusaugen.<\/p>\n\n<p>Halten Sie durch, Mirko, wir geben unser Bestes!<br\/>Ich dr\u00fccke Ihnen die Daumen.<\/p>\n\n<p>Einen sch\u00f6nen Tag.<br\/>Stefania<\/p>\n","protected":false},"excerpt":{"rendered":"<p>Guten Morgen, Herr Mirko,ich bin es wieder, Stefania. Heute betreue ich Sie zwar nicht direkt, aber ich bin hier, weil ich bei Ihrer Bauchlage-Lagerung geholfen habe. Im Grunde haben wir Sie auf den Bauch gelegt. Ihre Lungen m\u00fcssen im hinteren Bereich (der zur Wirbels\u00e4ule zeigt) mehr \u201ebel\u00fcftet\u201c werden: Die \u00c4rzte und wir Pflegekr\u00e4fte hoffen, dass&hellip;&nbsp;<a href=\"https:\/\/diario.m-achermann.com\/de\/das-stationstagebuch\/montag-22-februar-2021\/\" rel=\"bookmark\">Weiterlesen &raquo;<span class=\"screen-reader-text\">Montag, 22. Februar 2021<\/span><\/a><\/p>\n","protected":false},"author":1,"featured_media":0,"parent":10014,"menu_order":90,"comment_status":"open","ping_status":"closed","template":"","meta":{"_editorskit_title_hidden":false,"_editorskit_reading_time":0,"_editorskit_is_block_options_detached":false,"_editorskit_block_options_position":"{}","om_disable_all_campaigns":false,"_lmt_disableupdate":"","_lmt_disable":"","_monsterinsights_skip_tracking":false,"_monsterinsights_sitenote_active":false,"_monsterinsights_sitenote_note":"","_monsterinsights_sitenote_category":0,"neve_meta_sidebar":"","neve_meta_container":"","neve_meta_enable_content_width":"","neve_meta_content_width":0,"neve_meta_title_alignment":"","neve_meta_author_avatar":"","neve_post_elements_order":"","neve_meta_disable_header":"","neve_meta_disable_footer":"","neve_meta_disable_title":"","neve_meta_reading_time":"","_themeisle_gutenberg_block_has_review":false,"footnotes":""},"categories":[],"tags":[],"class_list":["post-9945","page","type-page","status-publish","hentry"],"aioseo_notices":[],"aioseo_head":"\n\t\t<!-- All in One SEO Pro 4.9.7.1 - aioseo.com -->\n\t<meta name=\"description\" content=\"Das Tagebuch ist Ihr t\u00e4glicher Verb\u00fcndeter: Die Erz\u00e4hlung von Gedanken, Ausbr\u00fcchen und Zielen durch Angeh\u00f6rige und Pflegekr\u00e4fte. Eine einfache Art, sich um Ihre mentale und emotionale Gesundheit zu k\u00fcmmern.\" \/>\n\t<meta name=\"robots\" content=\"max-snippet:-1, max-image-preview:large, max-video-preview:-1\" \/>\n\t<meta name=\"google-site-verification\" content=\"2kcNb_eND2p_5dJ-aEUjUzdL5U1pyWvu9G-2F4Qyiwk\" \/>\n\t<meta name=\"msvalidate.01\" content=\"8A32EFC1288A3ACC21FB6846BFC9E656\" \/>\n\t<link rel=\"canonical\" href=\"https:\/\/diario.m-achermann.com\/de\/das-stationstagebuch\/montag-22-februar-2021\/\" \/>\n\t<meta name=\"generator\" content=\"All in One SEO Pro (AIOSEO) 4.9.7.1\" \/>\n\t\t<meta property=\"og:locale\" content=\"de_DE\" \/>\n\t\t<meta property=\"og:site_name\" content=\"ECMO \u2013 Tagebuch eines auf den Kopf gestellten Lebens - Mein Abenteuer \u2013 oder vielleicht eher ein Missgeschick? Gl\u00fcck oder Pech?\" \/>\n\t\t<meta property=\"og:type\" content=\"article\" \/>\n\t\t<meta property=\"og:title\" content=\"Was hinter den Kulissen unseres Pfagetagebuchs passiert\" \/>\n\t\t<meta property=\"og:description\" content=\"Das Tagebuch ist Ihr t\u00e4glicher Verb\u00fcndeter: Die Erz\u00e4hlung von Gedanken, Ausbr\u00fcchen und Zielen durch Angeh\u00f6rige und Pflegekr\u00e4fte. Eine einfache Art, sich um Ihre mentale und emotionale Gesundheit zu k\u00fcmmern.\" \/>\n\t\t<meta property=\"og:url\" content=\"https:\/\/diario.m-achermann.com\/de\/das-stationstagebuch\/montag-22-februar-2021\/\" \/>\n\t\t<meta property=\"og:image\" content=\"https:\/\/diario.m-achermann.com\/wp-content\/uploads\/2024\/02\/Mirko.png\" \/>\n\t\t<meta property=\"og:image:secure_url\" content=\"https:\/\/diario.m-achermann.com\/wp-content\/uploads\/2024\/02\/Mirko.png\" \/>\n\t\t<meta property=\"og:image:width\" content=\"200\" \/>\n\t\t<meta property=\"og:image:height\" content=\"200\" \/>\n\t\t<meta property=\"article:published_time\" content=\"2023-10-24T13:09:04+00:00\" \/>\n\t\t<meta property=\"article:modified_time\" content=\"2026-04-01T15:04:35+00:00\" \/>\n\t\t<meta property=\"article:publisher\" content=\"https:\/\/www.facebook.com\/profile.php?id=61556963490212\" \/>\n\t\t<meta name=\"twitter:card\" content=\"summary_large_image\" \/>\n\t\t<meta name=\"twitter:site\" content=\"@Mapi1967\" \/>\n\t\t<meta name=\"twitter:title\" content=\"Was hinter den Kulissen unseres Pfagetagebuchs passiert\" \/>\n\t\t<meta name=\"twitter:description\" content=\"Das Tagebuch ist Ihr t\u00e4glicher Verb\u00fcndeter: Die Erz\u00e4hlung von Gedanken, Ausbr\u00fcchen und Zielen durch Angeh\u00f6rige und Pflegekr\u00e4fte. Eine einfache Art, sich um Ihre mentale und emotionale Gesundheit zu k\u00fcmmern.\" \/>\n\t\t<meta name=\"twitter:creator\" content=\"@Mapi1967\" \/>\n\t\t<meta name=\"twitter:image\" content=\"https:\/\/diario.m-achermann.com\/wp-content\/uploads\/2024\/02\/Mirko.png\" \/>\n\t\t<script type=\"application\/ld+json\" class=\"aioseo-schema\">\n\t\t\t{\"@context\":\"https:\\\/\\\/schema.org\",\"@graph\":[{\"@type\":\"BreadcrumbList\",\"@id\":\"https:\\\/\\\/diario.m-achermann.com\\\/de\\\/das-stationstagebuch\\\/montag-22-februar-2021\\\/#breadcrumblist\",\"itemListElement\":[{\"@type\":\"ListItem\",\"@id\":\"https:\\\/\\\/diario.m-achermann.com\\\/de\\\/#listItem\",\"position\":1,\"name\":\"Home\",\"item\":\"https:\\\/\\\/diario.m-achermann.com\\\/de\\\/\",\"nextItem\":{\"@type\":\"ListItem\",\"@id\":\"https:\\\/\\\/diario.m-achermann.com\\\/de\\\/das-stationstagebuch\\\/#listItem\",\"name\":\"Das Stationstagebuch\"}},{\"@type\":\"ListItem\",\"@id\":\"https:\\\/\\\/diario.m-achermann.com\\\/de\\\/das-stationstagebuch\\\/#listItem\",\"position\":2,\"name\":\"Das Stationstagebuch\",\"item\":\"https:\\\/\\\/diario.m-achermann.com\\\/de\\\/das-stationstagebuch\\\/\",\"nextItem\":{\"@type\":\"ListItem\",\"@id\":\"https:\\\/\\\/diario.m-achermann.com\\\/de\\\/das-stationstagebuch\\\/montag-22-februar-2021\\\/#listItem\",\"name\":\"Montag, 22. Februar 2021\"},\"previousItem\":{\"@type\":\"ListItem\",\"@id\":\"https:\\\/\\\/diario.m-achermann.com\\\/de\\\/#listItem\",\"name\":\"Home\"}},{\"@type\":\"ListItem\",\"@id\":\"https:\\\/\\\/diario.m-achermann.com\\\/de\\\/das-stationstagebuch\\\/montag-22-februar-2021\\\/#listItem\",\"position\":3,\"name\":\"Montag, 22. Februar 2021\",\"previousItem\":{\"@type\":\"ListItem\",\"@id\":\"https:\\\/\\\/diario.m-achermann.com\\\/de\\\/das-stationstagebuch\\\/#listItem\",\"name\":\"Das Stationstagebuch\"}}]},{\"@type\":\"Person\",\"@id\":\"https:\\\/\\\/diario.m-achermann.com\\\/de\\\/#person\",\"name\":\"Mirko Achermann\",\"image\":{\"@type\":\"ImageObject\",\"@id\":\"https:\\\/\\\/diario.m-achermann.com\\\/de\\\/das-stationstagebuch\\\/montag-22-februar-2021\\\/#personImage\",\"url\":\"https:\\\/\\\/secure.gravatar.com\\\/avatar\\\/53bb9dac79236bd713fbe107c9f2410ca8a6094577846073d4bea7d0bab1e51f?s=96&d=mm&r=g\",\"width\":96,\"height\":96,\"caption\":\"Mirko Achermann\"}},{\"@type\":\"WebPage\",\"@id\":\"https:\\\/\\\/diario.m-achermann.com\\\/de\\\/das-stationstagebuch\\\/montag-22-februar-2021\\\/#webpage\",\"url\":\"https:\\\/\\\/diario.m-achermann.com\\\/de\\\/das-stationstagebuch\\\/montag-22-februar-2021\\\/\",\"name\":\"Was hinter den Kulissen unseres Pfagetagebuchs passiert\",\"description\":\"Das Tagebuch ist Ihr t\\u00e4glicher Verb\\u00fcndeter: Die Erz\\u00e4hlung von Gedanken, Ausbr\\u00fcchen und Zielen durch Angeh\\u00f6rige und Pflegekr\\u00e4fte. Eine einfache Art, sich um Ihre mentale und emotionale Gesundheit zu k\\u00fcmmern.\",\"inLanguage\":\"de-DE\",\"isPartOf\":{\"@id\":\"https:\\\/\\\/diario.m-achermann.com\\\/de\\\/#website\"},\"breadcrumb\":{\"@id\":\"https:\\\/\\\/diario.m-achermann.com\\\/de\\\/das-stationstagebuch\\\/montag-22-februar-2021\\\/#breadcrumblist\"},\"datePublished\":\"2023-10-24T15:09:04+02:00\",\"dateModified\":\"2026-04-01T17:04:35+02:00\"},{\"@type\":\"WebSite\",\"@id\":\"https:\\\/\\\/diario.m-achermann.com\\\/de\\\/#website\",\"url\":\"https:\\\/\\\/diario.m-achermann.com\\\/de\\\/\",\"name\":\"ECMO \\u2013 Diario di una vita stravolta\",\"alternateName\":\"ECMO\",\"description\":\"Mein Abenteuer \\u2013 oder vielleicht eher ein Missgeschick? Gl\\u00fcck oder Pech?\",\"inLanguage\":\"de-DE\",\"publisher\":{\"@id\":\"https:\\\/\\\/diario.m-achermann.com\\\/de\\\/#person\"}}]}\n\t\t<\/script>\n\t\t<!-- All in One SEO Pro -->\r\n\t\t<title>Was hinter den Kulissen unseres Pfagetagebuchs passiert<\/title>\n\n","aioseo_head_json":{"title":"Was hinter den Kulissen unseres Pfagetagebuchs passiert","description":"Das Tagebuch ist Ihr t\u00e4glicher Verb\u00fcndeter: Die Erz\u00e4hlung von Gedanken, Ausbr\u00fcchen und Zielen durch Angeh\u00f6rige und Pflegekr\u00e4fte. Eine einfache Art, sich um Ihre mentale und emotionale Gesundheit zu k\u00fcmmern.","canonical_url":"https:\/\/diario.m-achermann.com\/de\/das-stationstagebuch\/montag-22-februar-2021\/","robots":"max-snippet:-1, max-image-preview:large, max-video-preview:-1","keywords":"","webmasterTools":{"google-site-verification":"2kcNb_eND2p_5dJ-aEUjUzdL5U1pyWvu9G-2F4Qyiwk","msvalidate.01":"8A32EFC1288A3ACC21FB6846BFC9E656","miscellaneous":""},"schema":{"@context":"https:\/\/schema.org","@graph":[{"@type":"BreadcrumbList","@id":"https:\/\/diario.m-achermann.com\/de\/das-stationstagebuch\/montag-22-februar-2021\/#breadcrumblist","itemListElement":[{"@type":"ListItem","@id":"https:\/\/diario.m-achermann.com\/de\/#listItem","position":1,"name":"Home","item":"https:\/\/diario.m-achermann.com\/de\/","nextItem":{"@type":"ListItem","@id":"https:\/\/diario.m-achermann.com\/de\/das-stationstagebuch\/#listItem","name":"Das Stationstagebuch"}},{"@type":"ListItem","@id":"https:\/\/diario.m-achermann.com\/de\/das-stationstagebuch\/#listItem","position":2,"name":"Das Stationstagebuch","item":"https:\/\/diario.m-achermann.com\/de\/das-stationstagebuch\/","nextItem":{"@type":"ListItem","@id":"https:\/\/diario.m-achermann.com\/de\/das-stationstagebuch\/montag-22-februar-2021\/#listItem","name":"Montag, 22. Februar 2021"},"previousItem":{"@type":"ListItem","@id":"https:\/\/diario.m-achermann.com\/de\/#listItem","name":"Home"}},{"@type":"ListItem","@id":"https:\/\/diario.m-achermann.com\/de\/das-stationstagebuch\/montag-22-februar-2021\/#listItem","position":3,"name":"Montag, 22. Februar 2021","previousItem":{"@type":"ListItem","@id":"https:\/\/diario.m-achermann.com\/de\/das-stationstagebuch\/#listItem","name":"Das Stationstagebuch"}}]},{"@type":"Person","@id":"https:\/\/diario.m-achermann.com\/de\/#person","name":"Mirko Achermann","image":{"@type":"ImageObject","@id":"https:\/\/diario.m-achermann.com\/de\/das-stationstagebuch\/montag-22-februar-2021\/#personImage","url":"https:\/\/secure.gravatar.com\/avatar\/53bb9dac79236bd713fbe107c9f2410ca8a6094577846073d4bea7d0bab1e51f?s=96&d=mm&r=g","width":96,"height":96,"caption":"Mirko Achermann"}},{"@type":"WebPage","@id":"https:\/\/diario.m-achermann.com\/de\/das-stationstagebuch\/montag-22-februar-2021\/#webpage","url":"https:\/\/diario.m-achermann.com\/de\/das-stationstagebuch\/montag-22-februar-2021\/","name":"Was hinter den Kulissen unseres Pfagetagebuchs passiert","description":"Das Tagebuch ist Ihr t\u00e4glicher Verb\u00fcndeter: Die Erz\u00e4hlung von Gedanken, Ausbr\u00fcchen und Zielen durch Angeh\u00f6rige und Pflegekr\u00e4fte. Eine einfache Art, sich um Ihre mentale und emotionale Gesundheit zu k\u00fcmmern.","inLanguage":"de-DE","isPartOf":{"@id":"https:\/\/diario.m-achermann.com\/de\/#website"},"breadcrumb":{"@id":"https:\/\/diario.m-achermann.com\/de\/das-stationstagebuch\/montag-22-februar-2021\/#breadcrumblist"},"datePublished":"2023-10-24T15:09:04+02:00","dateModified":"2026-04-01T17:04:35+02:00"},{"@type":"WebSite","@id":"https:\/\/diario.m-achermann.com\/de\/#website","url":"https:\/\/diario.m-achermann.com\/de\/","name":"ECMO \u2013 Diario di una vita stravolta","alternateName":"ECMO","description":"Mein Abenteuer \u2013 oder vielleicht eher ein Missgeschick? Gl\u00fcck oder Pech?","inLanguage":"de-DE","publisher":{"@id":"https:\/\/diario.m-achermann.com\/de\/#person"}}]},"og:locale":"de_DE","og:site_name":"ECMO \u2013 Tagebuch eines auf den Kopf gestellten Lebens - Mein Abenteuer \u2013 oder vielleicht eher ein Missgeschick? Gl\u00fcck oder Pech?","og:type":"article","og:title":"Was hinter den Kulissen unseres Pfagetagebuchs passiert","og:description":"Das Tagebuch ist Ihr t\u00e4glicher Verb\u00fcndeter: Die Erz\u00e4hlung von Gedanken, Ausbr\u00fcchen und Zielen durch Angeh\u00f6rige und Pflegekr\u00e4fte. Eine einfache Art, sich um Ihre mentale und emotionale Gesundheit zu k\u00fcmmern.","og:url":"https:\/\/diario.m-achermann.com\/de\/das-stationstagebuch\/montag-22-februar-2021\/","og:image":"https:\/\/diario.m-achermann.com\/wp-content\/uploads\/2024\/02\/Mirko.png","og:image:secure_url":"https:\/\/diario.m-achermann.com\/wp-content\/uploads\/2024\/02\/Mirko.png","og:image:width":200,"og:image:height":200,"article:published_time":"2023-10-24T13:09:04+00:00","article:modified_time":"2026-04-01T15:04:35+00:00","article:publisher":"https:\/\/www.facebook.com\/profile.php?id=61556963490212","twitter:card":"summary_large_image","twitter:site":"@Mapi1967","twitter:title":"Was hinter den Kulissen unseres Pfagetagebuchs passiert","twitter:description":"Das Tagebuch ist Ihr t\u00e4glicher Verb\u00fcndeter: Die Erz\u00e4hlung von Gedanken, Ausbr\u00fcchen und Zielen durch Angeh\u00f6rige und Pflegekr\u00e4fte. Eine einfache Art, sich um Ihre mentale und emotionale Gesundheit zu k\u00fcmmern.","twitter:creator":"@Mapi1967","twitter:image":"https:\/\/diario.m-achermann.com\/wp-content\/uploads\/2024\/02\/Mirko.png"},"aioseo_meta_data":{"post_id":"9945","title":"Was hinter den Kulissen unseres Pfagetagebuchs passiert","description":"Das Tagebuch ist Ihr t\u00e4glicher Verb\u00fcndeter: Die Erz\u00e4hlung von Gedanken, Ausbr\u00fcchen und Zielen durch Angeh\u00f6rige und Pflegekr\u00e4fte. Eine einfache Art, sich um Ihre mentale und emotionale Gesundheit zu k\u00fcmmern. ","keywords":null,"keyphrases":{"focus":{"keyphrase":"Diario","score":70,"analysis":{"keyphraseInTitle":{"score":9,"maxScore":9,"error":0},"keyphraseInDescription":{"score":9,"maxScore":9,"error":0},"keyphraseLength":{"score":9,"maxScore":9,"error":0,"length":1},"keyphraseInURL":{"score":5,"maxScore":5,"error":0},"keyphraseInIntroduction":{"score":3,"maxScore":9,"error":1},"keyphraseInSubHeadings":[],"keyphraseInImageAlt":[],"keywordDensity":{"score":0,"type":"low","maxScore":9,"error":1}}},"additional":[{"keyphrase":"ECMO","score":42,"analysis":{"keyphraseInDescription":{"score":3,"maxScore":9,"error":1},"keyphraseLength":{"score":9,"maxScore":9,"error":0,"length":1},"keyphraseInIntroduction":{"score":3,"maxScore":9,"error":1},"keyphraseInImageAlt":[],"keywordDensity":{"score":0,"type":"low","maxScore":9,"error":1}}},{"keyphrase":"Degenza","score":42,"analysis":{"keyphraseInDescription":{"score":3,"maxScore":9,"error":1},"keyphraseLength":{"score":9,"maxScore":9,"error":0,"length":1},"keyphraseInIntroduction":{"score":3,"maxScore":9,"error":1},"keyphraseInImageAlt":[],"keywordDensity":{"score":0,"type":"low","maxScore":9,"error":1}}},{"keyphrase":"speranza","score":42,"analysis":{"keyphraseInDescription":{"score":3,"maxScore":9,"error":1},"keyphraseLength":{"score":9,"maxScore":9,"error":0,"length":1},"keyphraseInIntroduction":{"score":3,"maxScore":9,"error":1},"keyphraseInImageAlt":[],"keywordDensity":{"score":0,"type":"low","maxScore":9,"error":1}}},{"keyphrase":"Cardiocentro","score":42,"analysis":{"keyphraseInDescription":{"score":3,"maxScore":9,"error":1},"keyphraseLength":{"score":9,"maxScore":9,"error":0,"length":1},"keyphraseInIntroduction":{"score":3,"maxScore":9,"error":1},"keyphraseInImageAlt":[],"keywordDensity":{"score":0,"type":"low","maxScore":9,"error":1}}}]},"primary_term":null,"canonical_url":null,"og_title":null,"og_description":null,"og_object_type":"default","og_image_type":"default","og_image_url":null,"og_image_width":null,"og_image_height":null,"og_image_custom_url":null,"og_image_custom_fields":null,"og_video":"","og_custom_url":null,"og_article_section":null,"og_article_tags":null,"twitter_use_og":false,"twitter_card":"default","twitter_image_type":"default","twitter_image_url":null,"twitter_image_custom_url":null,"twitter_image_custom_fields":null,"twitter_title":null,"twitter_description":null,"schema":{"blockGraphs":[],"customGraphs":[],"default":{"data":{"Article":[],"Course":[],"Dataset":[],"FAQPage":[],"Movie":[],"Person":[],"Product":[],"ProductReview":[],"Car":[],"Recipe":[],"Service":[],"SoftwareApplication":[],"WebPage":[]},"graphName":"WebPage","isEnabled":true},"graphs":[]},"schema_type":"default","schema_type_options":null,"pillar_content":false,"robots_default":true,"robots_noindex":false,"robots_noarchive":false,"robots_nosnippet":false,"robots_nofollow":false,"robots_noimageindex":false,"robots_noodp":false,"robots_notranslate":false,"robots_max_snippet":"-1","robots_max_videopreview":"-1","robots_max_imagepreview":"large","priority":null,"frequency":"default","local_seo":null,"seo_analyzer_scan_date":"2026-04-01 16:08:00","breadcrumb_settings":null,"limit_modified_date":0,"reviewed_by":null,"open_ai":"{\"title\":{\"suggestions\":[],\"usage\":0},\"description\":{\"suggestions\":[],\"usage\":0}}","ai":{"faqs":[],"keyPoints":[],"titles":["Diario di cura: Aggiornamento sulla posizione di Mirko e i nostri sforzi","Cosa succede dietro le quinte del nostro diario di assistenza","Come aiutiamo Mirko: dettagli del nostro impegno quotidiano","Il diario di oggi: manovre e cura per migliorare la respirazione di Mirko","Storie di assistenza: la sfida di ventilare meglio i polmoni di Mirko"],"descriptions":["Scopri come un diario pu\u00f2 aiutarti a tracciare le tue emozioni e progressi quotidiani. Vivere meglio, un giorno alla volta, con semplicit\u00e0 e realismo.","Il diario \u00e8 il tuo alleato quotidiano: scrivi pensieri, sfoghi e obiettivi. Un modo semplice per prendersi cura della tua salute mentale e emotiva.","Condividi le tue esperienze e i tuoi momenti pi\u00f9 importanti attraverso il diario. Un semplice gesto per migliorare il benessere e riflettere sulla vita.","Vuoi una vita pi\u00f9 consapevole? Usa il diario per annotare tutto ci\u00f2 che conta, mantenendo uno spazio di calma e introspezione ogni giorno.","Il diario ti aiuta a organizzare le giornate, gestire lo stress e mantenere un ricordo di tutto ci\u00f2 che vivi. Provalo anche tu!"],"socialPosts":{"email":[],"linkedin":[],"twitter":[],"facebook":[],"instagram":[]}},"created":"2026-04-01 15:01:35","updated":"2026-04-01 18:12:49"},"aioseo_breadcrumb":"<div class=\"aioseo-breadcrumbs\"><span class=\"aioseo-breadcrumb\">\n\t<a href=\"https:\/\/diario.m-achermann.com\/de\/\" title=\"Home\">Home<\/a>\n<\/span><span class=\"aioseo-breadcrumb-separator\">\u00bb<\/span><span class=\"aioseo-breadcrumb\">\n\t<a href=\"https:\/\/diario.m-achermann.com\/de\/das-stationstagebuch\/\" title=\"Das Stationstagebuch\">Das Stationstagebuch<\/a>\n<\/span><span class=\"aioseo-breadcrumb-separator\">\u00bb<\/span><span class=\"aioseo-breadcrumb\">\n\tMontag, 22. Februar 2021\n<\/span><\/div>","aioseo_breadcrumb_json":[{"label":"Home","link":"https:\/\/diario.m-achermann.com\/de\/"},{"label":"Das Stationstagebuch","link":"https:\/\/diario.m-achermann.com\/de\/das-stationstagebuch\/"},{"label":"Montag, 22. Februar 2021","link":"https:\/\/diario.m-achermann.com\/de\/das-stationstagebuch\/montag-22-februar-2021\/"}],"_links":{"self":[{"href":"https:\/\/diario.m-achermann.com\/de\/wp-json\/wp\/v2\/pages\/9945","targetHints":{"allow":["GET"]}}],"collection":[{"href":"https:\/\/diario.m-achermann.com\/de\/wp-json\/wp\/v2\/pages"}],"about":[{"href":"https:\/\/diario.m-achermann.com\/de\/wp-json\/wp\/v2\/types\/page"}],"author":[{"embeddable":true,"href":"https:\/\/diario.m-achermann.com\/de\/wp-json\/wp\/v2\/users\/1"}],"replies":[{"embeddable":true,"href":"https:\/\/diario.m-achermann.com\/de\/wp-json\/wp\/v2\/comments?post=9945"}],"version-history":[{"count":1,"href":"https:\/\/diario.m-achermann.com\/de\/wp-json\/wp\/v2\/pages\/9945\/revisions"}],"predecessor-version":[{"id":9946,"href":"https:\/\/diario.m-achermann.com\/de\/wp-json\/wp\/v2\/pages\/9945\/revisions\/9946"}],"up":[{"embeddable":true,"href":"https:\/\/diario.m-achermann.com\/de\/wp-json\/wp\/v2\/pages\/10014"}],"wp:attachment":[{"href":"https:\/\/diario.m-achermann.com\/de\/wp-json\/wp\/v2\/media?parent=9945"}],"wp:term":[{"taxonomy":"category","embeddable":true,"href":"https:\/\/diario.m-achermann.com\/de\/wp-json\/wp\/v2\/categories?post=9945"},{"taxonomy":"post_tag","embeddable":true,"href":"https:\/\/diario.m-achermann.com\/de\/wp-json\/wp\/v2\/tags?post=9945"}],"curies":[{"name":"wp","href":"https:\/\/api.w.org\/{rel}","templated":true}]}}