{"id":9951,"date":"2023-10-24T14:38:07","date_gmt":"2023-10-24T12:38:07","guid":{"rendered":"https:\/\/diario.m-achermann.com\/freitag-19-februar-2021-0215-uhr\/"},"modified":"2026-04-02T10:29:00","modified_gmt":"2026-04-02T08:29:00","slug":"freitag-19-februar-2021-0215-uhr","status":"publish","type":"page","link":"https:\/\/diario.m-achermann.com\/de\/das-stationstagebuch\/freitag-19-februar-2021-0215-uhr\/","title":{"rendered":"Freitag, 19. Februar 2021, 02:15 Uhr"},"content":{"rendered":"\n<p>Guten Morgen, Herr Mirko,<br\/>die Handschrift ist immer noch dieselbe und die Krankenschwester \u2026 auch.<br\/>Ich bin Stefania und es ist tiefe Nacht.<\/p>\n\n<p>Seit ich Sie das letzte Mal betreut habe, gibt es eine gro\u00dfe Neuigkeit: Die ECMO, die Maschine, die Kohlendioxid aus Ihrem Blut entfernt und es mit Sauerstoff anreichert, wurde entfernt. <br\/>Zwei gro\u00dfe Kan\u00fclen weniger in Ihrem K\u00f6rper.<\/p>\n\n<p>Jetzt \u201earbeiten\u201c seine Lungen mit Hilfe des Beatmungsger\u00e4ts.<\/p>\n\n<p>Diese Nacht f\u00e4llt Ihnen das Atmen nicht leicht \u2026 Ihr Brustkorb hebt und senkt sich nicht rhythmisch mit dem Bauch. <br\/>Ich habe getan, was ich konnte, damit es Ihnen besser geht: die Medikamente erh\u00f6ht, um Sie zu entspannen, Ihre Position ver\u00e4ndert, aber Ihre Atmung ist immer noch nicht regelm\u00e4\u00dfig.<\/p>\n\n<p>Die Blutung aus dem Mund und der Tracheostomie besteht weiterhin und muss abgesaugt werden.<br\/>Dieses Vorgehen bereitet Ihnen viel Unbehagen und Husten, aber wie ich Ihnen vor Tagen sagte, ist es notwendig.<\/p>\n\n<p>Ich denke, jetzt ist der Moment gekommen, Ihre Position zu \u00e4ndern, und w\u00e4hrend ich das tue, werde ich Ihnen genau sagen, was ich mache.<\/p>\n\n<p>Kraft, Mirko! <br\/>Stefania<\/p>\n","protected":false},"excerpt":{"rendered":"<p>Guten Morgen, Herr Mirko,die Handschrift ist immer noch dieselbe und die Krankenschwester \u2026 auch.Ich bin Stefania und es ist tiefe Nacht. Seit ich Sie das letzte Mal betreut habe, gibt es eine gro\u00dfe Neuigkeit: Die ECMO, die Maschine, die Kohlendioxid aus Ihrem Blut entfernt und es mit Sauerstoff anreichert, wurde entfernt. Zwei gro\u00dfe Kan\u00fclen weniger&hellip;&nbsp;<a href=\"https:\/\/diario.m-achermann.com\/de\/das-stationstagebuch\/freitag-19-februar-2021-0215-uhr\/\" rel=\"bookmark\">Weiterlesen &raquo;<span class=\"screen-reader-text\">Freitag, 19. Februar 2021, 02:15 Uhr<\/span><\/a><\/p>\n","protected":false},"author":1,"featured_media":0,"parent":10014,"menu_order":80,"comment_status":"open","ping_status":"closed","template":"","meta":{"_editorskit_title_hidden":false,"_editorskit_reading_time":0,"_editorskit_is_block_options_detached":false,"_editorskit_block_options_position":"{}","om_disable_all_campaigns":false,"_lmt_disableupdate":"","_lmt_disable":"","_monsterinsights_skip_tracking":false,"_monsterinsights_sitenote_active":false,"_monsterinsights_sitenote_note":"","_monsterinsights_sitenote_category":0,"neve_meta_sidebar":"","neve_meta_container":"","neve_meta_enable_content_width":"","neve_meta_content_width":0,"neve_meta_title_alignment":"","neve_meta_author_avatar":"","neve_post_elements_order":"","neve_meta_disable_header":"","neve_meta_disable_footer":"","neve_meta_disable_title":"","neve_meta_reading_time":"","_themeisle_gutenberg_block_has_review":false,"footnotes":""},"categories":[],"tags":[],"class_list":["post-9951","page","type-page","status-publish","hentry"],"aioseo_notices":[],"aioseo_head":"\n\t\t<!-- All in One SEO Pro 4.9.7.1 - aioseo.com -->\n\t<meta name=\"description\" content=\"Erleben Sie mit uns eine Nacht im Krankenhaus durch das von Stefania verfasste Pflegetagebuch, zwischen medizinischen Neuigkeiten und Momenten der Hoffnung und Schwierigkeiten. Die Bedeutung der Humanisierung in der Pflege.\" \/>\n\t<meta name=\"robots\" content=\"max-snippet:-1, max-image-preview:large, max-video-preview:-1\" \/>\n\t<meta name=\"google-site-verification\" content=\"2kcNb_eND2p_5dJ-aEUjUzdL5U1pyWvu9G-2F4Qyiwk\" \/>\n\t<meta name=\"msvalidate.01\" content=\"8A32EFC1288A3ACC21FB6846BFC9E656\" \/>\n\t<link rel=\"canonical\" href=\"https:\/\/diario.m-achermann.com\/de\/das-stationstagebuch\/freitag-19-februar-2021-0215-uhr\/\" \/>\n\t<meta name=\"generator\" content=\"All in One SEO Pro (AIOSEO) 4.9.7.1\" \/>\n\t\t<meta property=\"og:locale\" content=\"de_DE\" \/>\n\t\t<meta property=\"og:site_name\" content=\"ECMO \u2013 Tagebuch eines auf den Kopf gestellten Lebens - Mein Abenteuer \u2013 oder vielleicht eher ein Missgeschick? Gl\u00fcck oder Pech?\" \/>\n\t\t<meta property=\"og:type\" content=\"article\" \/>\n\t\t<meta property=\"og:title\" content=\"Momente der Pflege und Hoffnung: das Pflegetagebuch einer Nacht im Krankenhaus\" \/>\n\t\t<meta property=\"og:description\" content=\"Erleben Sie mit uns eine Nacht im Krankenhaus durch das von Stefania verfasste Pflegetagebuch, zwischen medizinischen Neuigkeiten und Momenten der Hoffnung und Schwierigkeiten. Die Bedeutung der Humanisierung in der Pflege.\" \/>\n\t\t<meta property=\"og:url\" content=\"https:\/\/diario.m-achermann.com\/de\/das-stationstagebuch\/freitag-19-februar-2021-0215-uhr\/\" \/>\n\t\t<meta property=\"og:image\" content=\"https:\/\/diario.m-achermann.com\/wp-content\/uploads\/2024\/02\/Mirko.png\" \/>\n\t\t<meta property=\"og:image:secure_url\" content=\"https:\/\/diario.m-achermann.com\/wp-content\/uploads\/2024\/02\/Mirko.png\" \/>\n\t\t<meta property=\"og:image:width\" content=\"200\" \/>\n\t\t<meta property=\"og:image:height\" content=\"200\" \/>\n\t\t<meta property=\"article:published_time\" content=\"2023-10-24T12:38:07+00:00\" \/>\n\t\t<meta property=\"article:modified_time\" content=\"2026-04-02T08:29:00+00:00\" \/>\n\t\t<meta property=\"article:publisher\" content=\"https:\/\/www.facebook.com\/profile.php?id=61556963490212\" \/>\n\t\t<meta name=\"twitter:card\" content=\"summary_large_image\" \/>\n\t\t<meta name=\"twitter:site\" content=\"@Mapi1967\" \/>\n\t\t<meta name=\"twitter:title\" content=\"Momente der Pflege und Hoffnung: das Pflegetagebuch einer Nacht im Krankenhaus\" \/>\n\t\t<meta name=\"twitter:description\" content=\"Erleben Sie mit uns eine Nacht im Krankenhaus durch das von Stefania verfasste Pflegetagebuch, zwischen medizinischen Neuigkeiten und Momenten der Hoffnung und Schwierigkeiten. Die Bedeutung der Humanisierung in der Pflege.\" \/>\n\t\t<meta name=\"twitter:creator\" content=\"@Mapi1967\" \/>\n\t\t<meta name=\"twitter:image\" content=\"https:\/\/diario.m-achermann.com\/wp-content\/uploads\/2024\/02\/Mirko.png\" \/>\n\t\t<script type=\"application\/ld+json\" class=\"aioseo-schema\">\n\t\t\t{\"@context\":\"https:\\\/\\\/schema.org\",\"@graph\":[{\"@type\":\"BreadcrumbList\",\"@id\":\"https:\\\/\\\/diario.m-achermann.com\\\/de\\\/das-stationstagebuch\\\/freitag-19-februar-2021-0215-uhr\\\/#breadcrumblist\",\"itemListElement\":[{\"@type\":\"ListItem\",\"@id\":\"https:\\\/\\\/diario.m-achermann.com\\\/de\\\/#listItem\",\"position\":1,\"name\":\"Home\",\"item\":\"https:\\\/\\\/diario.m-achermann.com\\\/de\\\/\",\"nextItem\":{\"@type\":\"ListItem\",\"@id\":\"https:\\\/\\\/diario.m-achermann.com\\\/de\\\/das-stationstagebuch\\\/#listItem\",\"name\":\"Das Stationstagebuch\"}},{\"@type\":\"ListItem\",\"@id\":\"https:\\\/\\\/diario.m-achermann.com\\\/de\\\/das-stationstagebuch\\\/#listItem\",\"position\":2,\"name\":\"Das Stationstagebuch\",\"item\":\"https:\\\/\\\/diario.m-achermann.com\\\/de\\\/das-stationstagebuch\\\/\",\"nextItem\":{\"@type\":\"ListItem\",\"@id\":\"https:\\\/\\\/diario.m-achermann.com\\\/de\\\/das-stationstagebuch\\\/freitag-19-februar-2021-0215-uhr\\\/#listItem\",\"name\":\"Freitag, 19. Februar 2021, 02:15 Uhr\"},\"previousItem\":{\"@type\":\"ListItem\",\"@id\":\"https:\\\/\\\/diario.m-achermann.com\\\/de\\\/#listItem\",\"name\":\"Home\"}},{\"@type\":\"ListItem\",\"@id\":\"https:\\\/\\\/diario.m-achermann.com\\\/de\\\/das-stationstagebuch\\\/freitag-19-februar-2021-0215-uhr\\\/#listItem\",\"position\":3,\"name\":\"Freitag, 19. Februar 2021, 02:15 Uhr\",\"previousItem\":{\"@type\":\"ListItem\",\"@id\":\"https:\\\/\\\/diario.m-achermann.com\\\/de\\\/das-stationstagebuch\\\/#listItem\",\"name\":\"Das Stationstagebuch\"}}]},{\"@type\":\"Person\",\"@id\":\"https:\\\/\\\/diario.m-achermann.com\\\/de\\\/#person\",\"name\":\"Mirko Achermann\",\"image\":{\"@type\":\"ImageObject\",\"@id\":\"https:\\\/\\\/diario.m-achermann.com\\\/de\\\/das-stationstagebuch\\\/freitag-19-februar-2021-0215-uhr\\\/#personImage\",\"url\":\"https:\\\/\\\/secure.gravatar.com\\\/avatar\\\/53bb9dac79236bd713fbe107c9f2410ca8a6094577846073d4bea7d0bab1e51f?s=96&d=mm&r=g\",\"width\":96,\"height\":96,\"caption\":\"Mirko Achermann\"}},{\"@type\":\"WebPage\",\"@id\":\"https:\\\/\\\/diario.m-achermann.com\\\/de\\\/das-stationstagebuch\\\/freitag-19-februar-2021-0215-uhr\\\/#webpage\",\"url\":\"https:\\\/\\\/diario.m-achermann.com\\\/de\\\/das-stationstagebuch\\\/freitag-19-februar-2021-0215-uhr\\\/\",\"name\":\"Momente der Pflege und Hoffnung: das Pflegetagebuch einer Nacht im Krankenhaus\",\"description\":\"Erleben Sie mit uns eine Nacht im Krankenhaus durch das von Stefania verfasste Pflegetagebuch, zwischen medizinischen Neuigkeiten und Momenten der Hoffnung und Schwierigkeiten. Die Bedeutung der Humanisierung in der Pflege.\",\"inLanguage\":\"de-DE\",\"isPartOf\":{\"@id\":\"https:\\\/\\\/diario.m-achermann.com\\\/de\\\/#website\"},\"breadcrumb\":{\"@id\":\"https:\\\/\\\/diario.m-achermann.com\\\/de\\\/das-stationstagebuch\\\/freitag-19-februar-2021-0215-uhr\\\/#breadcrumblist\"},\"datePublished\":\"2023-10-24T14:38:07+02:00\",\"dateModified\":\"2026-04-02T10:29:00+02:00\"},{\"@type\":\"WebSite\",\"@id\":\"https:\\\/\\\/diario.m-achermann.com\\\/de\\\/#website\",\"url\":\"https:\\\/\\\/diario.m-achermann.com\\\/de\\\/\",\"name\":\"ECMO \\u2013 Diario di una vita stravolta\",\"alternateName\":\"ECMO\",\"description\":\"Mein Abenteuer \\u2013 oder vielleicht eher ein Missgeschick? Gl\\u00fcck oder Pech?\",\"inLanguage\":\"de-DE\",\"publisher\":{\"@id\":\"https:\\\/\\\/diario.m-achermann.com\\\/de\\\/#person\"}}]}\n\t\t<\/script>\n\t\t<!-- All in One SEO Pro -->\r\n\t\t<title>Momente der Pflege und Hoffnung: das Pflegetagebuch einer Nacht im Krankenhaus<\/title>\n\n","aioseo_head_json":{"title":"Momente der Pflege und Hoffnung: das Pflegetagebuch einer Nacht im Krankenhaus","description":"Erleben Sie mit uns eine Nacht im Krankenhaus durch das von Stefania verfasste Pflegetagebuch, zwischen medizinischen Neuigkeiten und Momenten der Hoffnung und Schwierigkeiten. Die Bedeutung der Humanisierung in der Pflege.","canonical_url":"https:\/\/diario.m-achermann.com\/de\/das-stationstagebuch\/freitag-19-februar-2021-0215-uhr\/","robots":"max-snippet:-1, max-image-preview:large, max-video-preview:-1","keywords":"","webmasterTools":{"google-site-verification":"2kcNb_eND2p_5dJ-aEUjUzdL5U1pyWvu9G-2F4Qyiwk","msvalidate.01":"8A32EFC1288A3ACC21FB6846BFC9E656","miscellaneous":""},"schema":{"@context":"https:\/\/schema.org","@graph":[{"@type":"BreadcrumbList","@id":"https:\/\/diario.m-achermann.com\/de\/das-stationstagebuch\/freitag-19-februar-2021-0215-uhr\/#breadcrumblist","itemListElement":[{"@type":"ListItem","@id":"https:\/\/diario.m-achermann.com\/de\/#listItem","position":1,"name":"Home","item":"https:\/\/diario.m-achermann.com\/de\/","nextItem":{"@type":"ListItem","@id":"https:\/\/diario.m-achermann.com\/de\/das-stationstagebuch\/#listItem","name":"Das Stationstagebuch"}},{"@type":"ListItem","@id":"https:\/\/diario.m-achermann.com\/de\/das-stationstagebuch\/#listItem","position":2,"name":"Das Stationstagebuch","item":"https:\/\/diario.m-achermann.com\/de\/das-stationstagebuch\/","nextItem":{"@type":"ListItem","@id":"https:\/\/diario.m-achermann.com\/de\/das-stationstagebuch\/freitag-19-februar-2021-0215-uhr\/#listItem","name":"Freitag, 19. Februar 2021, 02:15 Uhr"},"previousItem":{"@type":"ListItem","@id":"https:\/\/diario.m-achermann.com\/de\/#listItem","name":"Home"}},{"@type":"ListItem","@id":"https:\/\/diario.m-achermann.com\/de\/das-stationstagebuch\/freitag-19-februar-2021-0215-uhr\/#listItem","position":3,"name":"Freitag, 19. Februar 2021, 02:15 Uhr","previousItem":{"@type":"ListItem","@id":"https:\/\/diario.m-achermann.com\/de\/das-stationstagebuch\/#listItem","name":"Das Stationstagebuch"}}]},{"@type":"Person","@id":"https:\/\/diario.m-achermann.com\/de\/#person","name":"Mirko Achermann","image":{"@type":"ImageObject","@id":"https:\/\/diario.m-achermann.com\/de\/das-stationstagebuch\/freitag-19-februar-2021-0215-uhr\/#personImage","url":"https:\/\/secure.gravatar.com\/avatar\/53bb9dac79236bd713fbe107c9f2410ca8a6094577846073d4bea7d0bab1e51f?s=96&d=mm&r=g","width":96,"height":96,"caption":"Mirko Achermann"}},{"@type":"WebPage","@id":"https:\/\/diario.m-achermann.com\/de\/das-stationstagebuch\/freitag-19-februar-2021-0215-uhr\/#webpage","url":"https:\/\/diario.m-achermann.com\/de\/das-stationstagebuch\/freitag-19-februar-2021-0215-uhr\/","name":"Momente der Pflege und Hoffnung: das Pflegetagebuch einer Nacht im Krankenhaus","description":"Erleben Sie mit uns eine Nacht im Krankenhaus durch das von Stefania verfasste Pflegetagebuch, zwischen medizinischen Neuigkeiten und Momenten der Hoffnung und Schwierigkeiten. Die Bedeutung der Humanisierung in der Pflege.","inLanguage":"de-DE","isPartOf":{"@id":"https:\/\/diario.m-achermann.com\/de\/#website"},"breadcrumb":{"@id":"https:\/\/diario.m-achermann.com\/de\/das-stationstagebuch\/freitag-19-februar-2021-0215-uhr\/#breadcrumblist"},"datePublished":"2023-10-24T14:38:07+02:00","dateModified":"2026-04-02T10:29:00+02:00"},{"@type":"WebSite","@id":"https:\/\/diario.m-achermann.com\/de\/#website","url":"https:\/\/diario.m-achermann.com\/de\/","name":"ECMO \u2013 Diario di una vita stravolta","alternateName":"ECMO","description":"Mein Abenteuer \u2013 oder vielleicht eher ein Missgeschick? Gl\u00fcck oder Pech?","inLanguage":"de-DE","publisher":{"@id":"https:\/\/diario.m-achermann.com\/de\/#person"}}]},"og:locale":"de_DE","og:site_name":"ECMO \u2013 Tagebuch eines auf den Kopf gestellten Lebens - Mein Abenteuer \u2013 oder vielleicht eher ein Missgeschick? Gl\u00fcck oder Pech?","og:type":"article","og:title":"Momente der Pflege und Hoffnung: das Pflegetagebuch einer Nacht im Krankenhaus","og:description":"Erleben Sie mit uns eine Nacht im Krankenhaus durch das von Stefania verfasste Pflegetagebuch, zwischen medizinischen Neuigkeiten und Momenten der Hoffnung und Schwierigkeiten. Die Bedeutung der Humanisierung in der Pflege.","og:url":"https:\/\/diario.m-achermann.com\/de\/das-stationstagebuch\/freitag-19-februar-2021-0215-uhr\/","og:image":"https:\/\/diario.m-achermann.com\/wp-content\/uploads\/2024\/02\/Mirko.png","og:image:secure_url":"https:\/\/diario.m-achermann.com\/wp-content\/uploads\/2024\/02\/Mirko.png","og:image:width":200,"og:image:height":200,"article:published_time":"2023-10-24T12:38:07+00:00","article:modified_time":"2026-04-02T08:29:00+00:00","article:publisher":"https:\/\/www.facebook.com\/profile.php?id=61556963490212","twitter:card":"summary_large_image","twitter:site":"@Mapi1967","twitter:title":"Momente der Pflege und Hoffnung: das Pflegetagebuch einer Nacht im Krankenhaus","twitter:description":"Erleben Sie mit uns eine Nacht im Krankenhaus durch das von Stefania verfasste Pflegetagebuch, zwischen medizinischen Neuigkeiten und Momenten der Hoffnung und Schwierigkeiten. Die Bedeutung der Humanisierung in der Pflege.","twitter:creator":"@Mapi1967","twitter:image":"https:\/\/diario.m-achermann.com\/wp-content\/uploads\/2024\/02\/Mirko.png"},"aioseo_meta_data":{"post_id":"9951","title":"Momente der Pflege und Hoffnung: das Pflegetagebuch einer Nacht im Krankenhaus","description":"Erleben Sie mit uns eine Nacht im Krankenhaus durch das von Stefania verfasste Pflegetagebuch, zwischen medizinischen Neuigkeiten und Momenten der Hoffnung und Schwierigkeiten. Die Bedeutung der Humanisierung in der Pflege. ","keywords":null,"keyphrases":{"focus":{"keyphrase":"Diario","score":70,"analysis":{"keyphraseInTitle":{"score":9,"maxScore":9,"error":0},"keyphraseInDescription":{"score":9,"maxScore":9,"error":0},"keyphraseLength":{"score":9,"maxScore":9,"error":0,"length":1},"keyphraseInURL":{"score":5,"maxScore":5,"error":0},"keyphraseInIntroduction":{"score":3,"maxScore":9,"error":1},"keyphraseInSubHeadings":[],"keyphraseInImageAlt":[],"keywordDensity":{"score":0,"type":"low","maxScore":9,"error":1}}},"additional":[{"keyphrase":"ECMO","score":67,"analysis":{"keyphraseInDescription":{"score":3,"maxScore":9,"error":1},"keyphraseLength":{"score":9,"maxScore":9,"error":0,"length":1},"keyphraseInIntroduction":{"score":3,"maxScore":9,"error":1},"keyphraseInImageAlt":[],"keywordDensity":{"type":"best","score":9,"maxScore":9,"error":0}}},{"keyphrase":"Degenza","score":58,"analysis":{"keyphraseInDescription":{"score":9,"maxScore":9,"error":0},"keyphraseLength":{"score":9,"maxScore":9,"error":0,"length":1},"keyphraseInIntroduction":{"score":3,"maxScore":9,"error":1},"keyphraseInImageAlt":[],"keywordDensity":{"score":0,"type":"low","maxScore":9,"error":1}}},{"keyphrase":"Cardiocentro","score":42,"analysis":{"keyphraseInDescription":{"score":3,"maxScore":9,"error":1},"keyphraseLength":{"score":9,"maxScore":9,"error":0,"length":1},"keyphraseInIntroduction":{"score":3,"maxScore":9,"error":1},"keyphraseInImageAlt":[],"keywordDensity":{"score":0,"type":"low","maxScore":9,"error":1}}}]},"primary_term":null,"canonical_url":null,"og_title":null,"og_description":null,"og_object_type":"default","og_image_type":"default","og_image_url":null,"og_image_width":null,"og_image_height":null,"og_image_custom_url":null,"og_image_custom_fields":null,"og_video":"","og_custom_url":null,"og_article_section":null,"og_article_tags":null,"twitter_use_og":false,"twitter_card":"default","twitter_image_type":"default","twitter_image_url":null,"twitter_image_custom_url":null,"twitter_image_custom_fields":null,"twitter_title":null,"twitter_description":null,"schema":{"blockGraphs":[],"customGraphs":[],"default":{"data":{"Article":[],"Course":[],"Dataset":[],"FAQPage":[],"Movie":[],"Person":[],"Product":[],"ProductReview":[],"Car":[],"Recipe":[],"Service":[],"SoftwareApplication":[],"WebPage":[]},"graphName":"WebPage","isEnabled":true},"graphs":[]},"schema_type":"default","schema_type_options":null,"pillar_content":false,"robots_default":true,"robots_noindex":false,"robots_noarchive":false,"robots_nosnippet":false,"robots_nofollow":false,"robots_noimageindex":false,"robots_noodp":false,"robots_notranslate":false,"robots_max_snippet":"-1","robots_max_videopreview":"-1","robots_max_imagepreview":"large","priority":null,"frequency":"default","local_seo":null,"seo_analyzer_scan_date":"2026-04-02 08:47:40","breadcrumb_settings":null,"limit_modified_date":0,"reviewed_by":"0","open_ai":"{\"title\":{\"suggestions\":[],\"usage\":0},\"description\":{\"suggestions\":[],\"usage\":0}}","ai":{"faqs":[],"keyPoints":[],"titles":["Diario di un'infermiera: l'ultima notte di Stefania al letto di Mirko","Momenti di cura e speranza: il diario di una notte in ospedale","Tra battiti e battaglie: il diario notturno di Stefania con Mirko","Un diario di speranza: notte in ospedale tra respirazione e cura","Ricordi di una notte difficile: diario di Stefania per Mirko"],"descriptions":["Scopri il diario di una notte in corsia con aggiornamenti sulla salute di Stefania e il suo coraggio. Un racconto diretto e coinvolgente.","Il diario di notte di Stefania ci porta nel cuore delle sfide di una cura intensiva, offrendo uno sguardo autentico e personale.","Vivi con noi una notte in ospedale attraverso il diario di Stefania, tra novit\u00e0 mediche e momenti di speranza e difficolt\u00e0.","Un diario sincero che rivela la lotta di Stefania con il suo paziente, tra trattamenti, speranze e il coraggio di andare avanti.","Entrena nel mondo reale di un ospedale con il diario di Stefania, un racconto toccante e prezioso di cura e resilienza."],"socialPosts":{"email":[],"linkedin":[],"twitter":[],"facebook":[],"instagram":[]}},"created":"2026-04-01 15:01:54","updated":"2026-04-02 09:42:07"},"aioseo_breadcrumb":"<div class=\"aioseo-breadcrumbs\"><span class=\"aioseo-breadcrumb\">\n\t<a href=\"https:\/\/diario.m-achermann.com\/de\/\" title=\"Home\">Home<\/a>\n<\/span><span class=\"aioseo-breadcrumb-separator\">\u00bb<\/span><span class=\"aioseo-breadcrumb\">\n\t<a href=\"https:\/\/diario.m-achermann.com\/de\/das-stationstagebuch\/\" title=\"Das Stationstagebuch\">Das Stationstagebuch<\/a>\n<\/span><span class=\"aioseo-breadcrumb-separator\">\u00bb<\/span><span class=\"aioseo-breadcrumb\">\n\tFreitag, 19. Februar 2021, 02:15 Uhr\n<\/span><\/div>","aioseo_breadcrumb_json":[{"label":"Home","link":"https:\/\/diario.m-achermann.com\/de\/"},{"label":"Das Stationstagebuch","link":"https:\/\/diario.m-achermann.com\/de\/das-stationstagebuch\/"},{"label":"Freitag, 19. Februar 2021, 02:15 Uhr","link":"https:\/\/diario.m-achermann.com\/de\/das-stationstagebuch\/freitag-19-februar-2021-0215-uhr\/"}],"_links":{"self":[{"href":"https:\/\/diario.m-achermann.com\/de\/wp-json\/wp\/v2\/pages\/9951","targetHints":{"allow":["GET"]}}],"collection":[{"href":"https:\/\/diario.m-achermann.com\/de\/wp-json\/wp\/v2\/pages"}],"about":[{"href":"https:\/\/diario.m-achermann.com\/de\/wp-json\/wp\/v2\/types\/page"}],"author":[{"embeddable":true,"href":"https:\/\/diario.m-achermann.com\/de\/wp-json\/wp\/v2\/users\/1"}],"replies":[{"embeddable":true,"href":"https:\/\/diario.m-achermann.com\/de\/wp-json\/wp\/v2\/comments?post=9951"}],"version-history":[{"count":1,"href":"https:\/\/diario.m-achermann.com\/de\/wp-json\/wp\/v2\/pages\/9951\/revisions"}],"predecessor-version":[{"id":9954,"href":"https:\/\/diario.m-achermann.com\/de\/wp-json\/wp\/v2\/pages\/9951\/revisions\/9954"}],"up":[{"embeddable":true,"href":"https:\/\/diario.m-achermann.com\/de\/wp-json\/wp\/v2\/pages\/10014"}],"wp:attachment":[{"href":"https:\/\/diario.m-achermann.com\/de\/wp-json\/wp\/v2\/media?parent=9951"}],"wp:term":[{"taxonomy":"category","embeddable":true,"href":"https:\/\/diario.m-achermann.com\/de\/wp-json\/wp\/v2\/categories?post=9951"},{"taxonomy":"post_tag","embeddable":true,"href":"https:\/\/diario.m-achermann.com\/de\/wp-json\/wp\/v2\/tags?post=9951"}],"curies":[{"name":"wp","href":"https:\/\/api.w.org\/{rel}","templated":true}]}}