{"id":10019,"date":"2023-10-23T20:21:25","date_gmt":"2023-10-23T18:21:25","guid":{"rendered":"https:\/\/diario.m-achermann.com\/presentation-de-letablissement-de-soins\/"},"modified":"2026-04-01T17:05:00","modified_gmt":"2026-04-01T15:05:00","slug":"presentation-de-letablissement-de-soins","status":"publish","type":"page","link":"https:\/\/diario.m-achermann.com\/fr\/le-journal-dhospitalisation\/presentation-de-letablissement-de-soins\/","title":{"rendered":"Pr\u00e9sentation de l&rsquo;\u00e9tablissement de soins"},"content":{"rendered":"\n<p><strong>Cher patient<\/strong>,<br\/>Le s\u00e9jour en soins intensifs pourrait vous laisser des \u00ab trous de m\u00e9moire \u00bb ou des souvenirs confus et d\u00e9form\u00e9s. Nous avons donc pens\u00e9 \u00e0 \u00e9crire ce journal comme s&rsquo;il s&rsquo;agissait d&rsquo;un r\u00e9cit.<br\/>Ainsi, une fois chez vous, en le lisant, vous pourrez mettre de l&rsquo;ordre dans votre m\u00e9moire et vos \u00e9motions.<\/p>\n\n<p><strong>Cher membre de la famille<\/strong>,<br\/>La maladie de votre proche est certainement pour vous un \u00e9v\u00e9nement stressant. On se sent d\u00e9sorient\u00e9 et on a l&rsquo;impression d&rsquo;\u00eatre \u00e0 la merci des \u00e9v\u00e9nements.  <br\/>Vous pouvez \u00e9galement b\u00e9n\u00e9ficier de l&rsquo;\u00e9criture du journal, en y consignant vos \u00e9motions, vos sensations ou simplement en racontant \u00e0 votre proche ce qui se passe en dehors de l&rsquo;h\u00f4pital dans la vie normale. En lisant le journal, vous pourrez \u00e9galement mieux comprendre les activit\u00e9s de soins auxquelles votre proche participe. <\/p>\n\n<p><strong>COMMENT UTILISER LE JOURNAL<\/strong><\/p>\n\n<figure class=\"wp-block-table is-style-stripes\"><table><tbody><tr><td><strong>Qui<\/strong><\/td><td>Membres de la famille, amis, professionnels de sant\u00e9\u2026<\/td><\/tr><tr><td><strong>Quand<\/strong><\/td><td>Chaque fois que vous en ressentez le besoin.<\/td><\/tr><tr><td><strong>Quoi<\/strong><\/td><td>Pens\u00e9es, observations, nouvelles concernant la vie quotidienne.<\/td><\/tr><tr><td><strong>Comment<\/strong><\/td><td> Comme si vous parliez directement au patient.<br\/>Avec un langage simple.<br\/>Sans exprimer de jugements et en respectant la dignit\u00e9 du patient.<br\/>Sans mentionner de diagnostics ni de traitements.<br\/>En signant toujours \u00e0 la fin.<\/td><\/tr><\/tbody><\/table><\/figure>\n\n<p><strong>Apr\u00e8s la sortie :<\/strong><br\/>Le journal est remis au patient ou \u00e0 ses proches.<\/p>\n\n<p>Le personnel soignant est \u00e0 votre disposition pour un entretien et une lecture conjointe du contenu.<\/p>\n\n<p><strong>CONFIDENTIALIT\u00c9<\/strong><br\/>Le personnel soignant est tenu au secret professionnel concernant tous les contenus du journal. Les donn\u00e9es et informations qu&rsquo;il contient sont soumises \u00e0 la loi sur la protection de la vie priv\u00e9e et ne seront donc pas divulgu\u00e9es. <\/p>\n","protected":false},"excerpt":{"rendered":"<p>Cher patient,Le s\u00e9jour en soins intensifs pourrait vous laisser des \u00ab trous de m\u00e9moire \u00bb ou des souvenirs confus et d\u00e9form\u00e9s. Nous avons donc pens\u00e9 \u00e0 \u00e9crire ce journal comme s&rsquo;il s&rsquo;agissait d&rsquo;un r\u00e9cit.Ainsi, une fois chez vous, en le lisant, vous pourrez mettre de l&rsquo;ordre dans votre m\u00e9moire et vos \u00e9motions. Cher membre de&hellip;&nbsp;<a href=\"https:\/\/diario.m-achermann.com\/fr\/le-journal-dhospitalisation\/presentation-de-letablissement-de-soins\/\" rel=\"bookmark\">Read More &raquo;<span class=\"screen-reader-text\">Pr\u00e9sentation de l&rsquo;\u00e9tablissement de soins<\/span><\/a><\/p>\n","protected":false},"author":1,"featured_media":0,"parent":10023,"menu_order":30,"comment_status":"open","ping_status":"closed","template":"","meta":{"_editorskit_title_hidden":false,"_editorskit_reading_time":0,"_editorskit_is_block_options_detached":false,"_editorskit_block_options_position":"{}","om_disable_all_campaigns":false,"_lmt_disableupdate":"","_lmt_disable":"","_monsterinsights_skip_tracking":false,"_monsterinsights_sitenote_active":false,"_monsterinsights_sitenote_note":"","_monsterinsights_sitenote_category":0,"neve_meta_sidebar":"","neve_meta_container":"","neve_meta_enable_content_width":"","neve_meta_content_width":0,"neve_meta_title_alignment":"","neve_meta_author_avatar":"","neve_post_elements_order":"","neve_meta_disable_header":"","neve_meta_disable_footer":"","neve_meta_disable_title":"","neve_meta_reading_time":"","_themeisle_gutenberg_block_has_review":false,"footnotes":""},"categories":[],"tags":[],"class_list":["post-10019","page","type-page","status-publish","hentry"],"aioseo_notices":[],"aioseo_head":"\n\t\t<!-- All in One SEO Pro 4.9.7.1 - aioseo.com -->\n\t<meta name=\"description\" content=\"Le r\u00f4le de la pr\u00e9sentation dans le journal de s\u00e9jour : un soutien fondamental pour les patients et les familles dans le partage et la compr\u00e9hension de l&#039;exp\u00e9rience de soins.\" \/>\n\t<meta name=\"robots\" content=\"max-snippet:-1, max-image-preview:large, max-video-preview:-1\" \/>\n\t<meta name=\"google-site-verification\" content=\"2kcNb_eND2p_5dJ-aEUjUzdL5U1pyWvu9G-2F4Qyiwk\" \/>\n\t<meta name=\"msvalidate.01\" content=\"8A32EFC1288A3ACC21FB6846BFC9E656\" \/>\n\t<link rel=\"canonical\" href=\"https:\/\/diario.m-achermann.com\/fr\/le-journal-dhospitalisation\/presentation-de-letablissement-de-soins\/\" \/>\n\t<meta name=\"generator\" content=\"All in One SEO Pro (AIOSEO) 4.9.7.1\" \/>\n\t\t<meta property=\"og:locale\" content=\"fr_FR\" \/>\n\t\t<meta property=\"og:site_name\" content=\"ECMO - Journal d&#039;une vie boulevers\u00e9e - Mon aventure, ou plut\u00f4t ma m\u00e9saventure ? De la chance ou de la malchance ?\" \/>\n\t\t<meta property=\"og:type\" content=\"article\" \/>\n\t\t<meta property=\"og:title\" content=\"L&#039;importance de la pr\u00e9sentation dans le journal de s\u00e9jour en soins intensifs\" \/>\n\t\t<meta property=\"og:description\" content=\"Le r\u00f4le de la pr\u00e9sentation dans le journal de s\u00e9jour : un soutien fondamental pour les patients et les familles dans le partage et la compr\u00e9hension de l&#039;exp\u00e9rience de soins.\" \/>\n\t\t<meta property=\"og:url\" content=\"https:\/\/diario.m-achermann.com\/fr\/le-journal-dhospitalisation\/presentation-de-letablissement-de-soins\/\" \/>\n\t\t<meta property=\"og:image\" content=\"https:\/\/diario.m-achermann.com\/wp-content\/uploads\/2024\/02\/Mirko.png\" \/>\n\t\t<meta property=\"og:image:secure_url\" content=\"https:\/\/diario.m-achermann.com\/wp-content\/uploads\/2024\/02\/Mirko.png\" \/>\n\t\t<meta property=\"og:image:width\" content=\"200\" \/>\n\t\t<meta property=\"og:image:height\" content=\"200\" \/>\n\t\t<meta property=\"article:published_time\" content=\"2023-10-23T18:21:25+00:00\" \/>\n\t\t<meta property=\"article:modified_time\" content=\"2026-04-01T15:05:00+00:00\" \/>\n\t\t<meta property=\"article:publisher\" content=\"https:\/\/www.facebook.com\/profile.php?id=61556963490212\" \/>\n\t\t<meta name=\"twitter:card\" content=\"summary_large_image\" \/>\n\t\t<meta name=\"twitter:site\" content=\"@Mapi1967\" \/>\n\t\t<meta name=\"twitter:title\" content=\"L&#039;importance de la pr\u00e9sentation dans le journal de s\u00e9jour en soins intensifs\" \/>\n\t\t<meta name=\"twitter:description\" content=\"Le r\u00f4le de la pr\u00e9sentation dans le journal de s\u00e9jour : un soutien fondamental pour les patients et les familles dans le partage et la compr\u00e9hension de l&#039;exp\u00e9rience de soins.\" \/>\n\t\t<meta name=\"twitter:creator\" content=\"@Mapi1967\" \/>\n\t\t<meta name=\"twitter:image\" content=\"https:\/\/diario.m-achermann.com\/wp-content\/uploads\/2024\/02\/Mirko.png\" \/>\n\t\t<script type=\"application\/ld+json\" class=\"aioseo-schema\">\n\t\t\t{\"@context\":\"https:\\\/\\\/schema.org\",\"@graph\":[{\"@type\":\"BreadcrumbList\",\"@id\":\"https:\\\/\\\/diario.m-achermann.com\\\/fr\\\/le-journal-dhospitalisation\\\/presentation-de-letablissement-de-soins\\\/#breadcrumblist\",\"itemListElement\":[{\"@type\":\"ListItem\",\"@id\":\"https:\\\/\\\/diario.m-achermann.com\\\/fr\\\/#listItem\",\"position\":1,\"name\":\"Home\",\"item\":\"https:\\\/\\\/diario.m-achermann.com\\\/fr\\\/\",\"nextItem\":{\"@type\":\"ListItem\",\"@id\":\"https:\\\/\\\/diario.m-achermann.com\\\/fr\\\/le-journal-dhospitalisation\\\/#listItem\",\"name\":\"Le journal d\\u2019hospitalisation\"}},{\"@type\":\"ListItem\",\"@id\":\"https:\\\/\\\/diario.m-achermann.com\\\/fr\\\/le-journal-dhospitalisation\\\/#listItem\",\"position\":2,\"name\":\"Le journal d\\u2019hospitalisation\",\"item\":\"https:\\\/\\\/diario.m-achermann.com\\\/fr\\\/le-journal-dhospitalisation\\\/\",\"nextItem\":{\"@type\":\"ListItem\",\"@id\":\"https:\\\/\\\/diario.m-achermann.com\\\/fr\\\/le-journal-dhospitalisation\\\/presentation-de-letablissement-de-soins\\\/#listItem\",\"name\":\"Pr\\u00e9sentation de l&rsquo;\\u00e9tablissement de soins\"},\"previousItem\":{\"@type\":\"ListItem\",\"@id\":\"https:\\\/\\\/diario.m-achermann.com\\\/fr\\\/#listItem\",\"name\":\"Home\"}},{\"@type\":\"ListItem\",\"@id\":\"https:\\\/\\\/diario.m-achermann.com\\\/fr\\\/le-journal-dhospitalisation\\\/presentation-de-letablissement-de-soins\\\/#listItem\",\"position\":3,\"name\":\"Pr\\u00e9sentation de l&rsquo;\\u00e9tablissement de soins\",\"previousItem\":{\"@type\":\"ListItem\",\"@id\":\"https:\\\/\\\/diario.m-achermann.com\\\/fr\\\/le-journal-dhospitalisation\\\/#listItem\",\"name\":\"Le journal d\\u2019hospitalisation\"}}]},{\"@type\":\"Person\",\"@id\":\"https:\\\/\\\/diario.m-achermann.com\\\/fr\\\/#person\",\"name\":\"Mirko Achermann\",\"image\":{\"@type\":\"ImageObject\",\"@id\":\"https:\\\/\\\/diario.m-achermann.com\\\/fr\\\/le-journal-dhospitalisation\\\/presentation-de-letablissement-de-soins\\\/#personImage\",\"url\":\"https:\\\/\\\/secure.gravatar.com\\\/avatar\\\/53bb9dac79236bd713fbe107c9f2410ca8a6094577846073d4bea7d0bab1e51f?s=96&d=mm&r=g\",\"width\":96,\"height\":96,\"caption\":\"Mirko Achermann\"}},{\"@type\":\"WebPage\",\"@id\":\"https:\\\/\\\/diario.m-achermann.com\\\/fr\\\/le-journal-dhospitalisation\\\/presentation-de-letablissement-de-soins\\\/#webpage\",\"url\":\"https:\\\/\\\/diario.m-achermann.com\\\/fr\\\/le-journal-dhospitalisation\\\/presentation-de-letablissement-de-soins\\\/\",\"name\":\"L'importance de la pr\\u00e9sentation dans le journal de s\\u00e9jour en soins intensifs\",\"description\":\"Le r\\u00f4le de la pr\\u00e9sentation dans le journal de s\\u00e9jour : un soutien fondamental pour les patients et les familles dans le partage et la compr\\u00e9hension de l'exp\\u00e9rience de soins.\",\"inLanguage\":\"fr-FR\",\"isPartOf\":{\"@id\":\"https:\\\/\\\/diario.m-achermann.com\\\/fr\\\/#website\"},\"breadcrumb\":{\"@id\":\"https:\\\/\\\/diario.m-achermann.com\\\/fr\\\/le-journal-dhospitalisation\\\/presentation-de-letablissement-de-soins\\\/#breadcrumblist\"},\"datePublished\":\"2023-10-23T20:21:25+02:00\",\"dateModified\":\"2026-04-01T17:05:00+02:00\"},{\"@type\":\"WebSite\",\"@id\":\"https:\\\/\\\/diario.m-achermann.com\\\/fr\\\/#website\",\"url\":\"https:\\\/\\\/diario.m-achermann.com\\\/fr\\\/\",\"name\":\"ECMO \\u2013 Diario di una vita stravolta\",\"alternateName\":\"ECMO\",\"description\":\"Mon aventure, ou plut\\u00f4t ma m\\u00e9saventure ? De la chance ou de la malchance ?\",\"inLanguage\":\"fr-FR\",\"publisher\":{\"@id\":\"https:\\\/\\\/diario.m-achermann.com\\\/fr\\\/#person\"}}]}\n\t\t<\/script>\n\t\t<!-- All in One SEO Pro -->\r\n\t\t<title>L'importance de la pr\u00e9sentation dans le journal de s\u00e9jour en soins intensifs<\/title>\n\n","aioseo_head_json":{"title":"L'importance de la pr\u00e9sentation dans le journal de s\u00e9jour en soins intensifs","description":"Le r\u00f4le de la pr\u00e9sentation dans le journal de s\u00e9jour : un soutien fondamental pour les patients et les familles dans le partage et la compr\u00e9hension de l'exp\u00e9rience de soins.","canonical_url":"https:\/\/diario.m-achermann.com\/fr\/le-journal-dhospitalisation\/presentation-de-letablissement-de-soins\/","robots":"max-snippet:-1, max-image-preview:large, max-video-preview:-1","keywords":"","webmasterTools":{"google-site-verification":"2kcNb_eND2p_5dJ-aEUjUzdL5U1pyWvu9G-2F4Qyiwk","msvalidate.01":"8A32EFC1288A3ACC21FB6846BFC9E656","miscellaneous":""},"schema":{"@context":"https:\/\/schema.org","@graph":[{"@type":"BreadcrumbList","@id":"https:\/\/diario.m-achermann.com\/fr\/le-journal-dhospitalisation\/presentation-de-letablissement-de-soins\/#breadcrumblist","itemListElement":[{"@type":"ListItem","@id":"https:\/\/diario.m-achermann.com\/fr\/#listItem","position":1,"name":"Home","item":"https:\/\/diario.m-achermann.com\/fr\/","nextItem":{"@type":"ListItem","@id":"https:\/\/diario.m-achermann.com\/fr\/le-journal-dhospitalisation\/#listItem","name":"Le journal d\u2019hospitalisation"}},{"@type":"ListItem","@id":"https:\/\/diario.m-achermann.com\/fr\/le-journal-dhospitalisation\/#listItem","position":2,"name":"Le journal d\u2019hospitalisation","item":"https:\/\/diario.m-achermann.com\/fr\/le-journal-dhospitalisation\/","nextItem":{"@type":"ListItem","@id":"https:\/\/diario.m-achermann.com\/fr\/le-journal-dhospitalisation\/presentation-de-letablissement-de-soins\/#listItem","name":"Pr\u00e9sentation de l&rsquo;\u00e9tablissement de soins"},"previousItem":{"@type":"ListItem","@id":"https:\/\/diario.m-achermann.com\/fr\/#listItem","name":"Home"}},{"@type":"ListItem","@id":"https:\/\/diario.m-achermann.com\/fr\/le-journal-dhospitalisation\/presentation-de-letablissement-de-soins\/#listItem","position":3,"name":"Pr\u00e9sentation de l&rsquo;\u00e9tablissement de soins","previousItem":{"@type":"ListItem","@id":"https:\/\/diario.m-achermann.com\/fr\/le-journal-dhospitalisation\/#listItem","name":"Le journal d\u2019hospitalisation"}}]},{"@type":"Person","@id":"https:\/\/diario.m-achermann.com\/fr\/#person","name":"Mirko Achermann","image":{"@type":"ImageObject","@id":"https:\/\/diario.m-achermann.com\/fr\/le-journal-dhospitalisation\/presentation-de-letablissement-de-soins\/#personImage","url":"https:\/\/secure.gravatar.com\/avatar\/53bb9dac79236bd713fbe107c9f2410ca8a6094577846073d4bea7d0bab1e51f?s=96&d=mm&r=g","width":96,"height":96,"caption":"Mirko Achermann"}},{"@type":"WebPage","@id":"https:\/\/diario.m-achermann.com\/fr\/le-journal-dhospitalisation\/presentation-de-letablissement-de-soins\/#webpage","url":"https:\/\/diario.m-achermann.com\/fr\/le-journal-dhospitalisation\/presentation-de-letablissement-de-soins\/","name":"L'importance de la pr\u00e9sentation dans le journal de s\u00e9jour en soins intensifs","description":"Le r\u00f4le de la pr\u00e9sentation dans le journal de s\u00e9jour : un soutien fondamental pour les patients et les familles dans le partage et la compr\u00e9hension de l'exp\u00e9rience de soins.","inLanguage":"fr-FR","isPartOf":{"@id":"https:\/\/diario.m-achermann.com\/fr\/#website"},"breadcrumb":{"@id":"https:\/\/diario.m-achermann.com\/fr\/le-journal-dhospitalisation\/presentation-de-letablissement-de-soins\/#breadcrumblist"},"datePublished":"2023-10-23T20:21:25+02:00","dateModified":"2026-04-01T17:05:00+02:00"},{"@type":"WebSite","@id":"https:\/\/diario.m-achermann.com\/fr\/#website","url":"https:\/\/diario.m-achermann.com\/fr\/","name":"ECMO \u2013 Diario di una vita stravolta","alternateName":"ECMO","description":"Mon aventure, ou plut\u00f4t ma m\u00e9saventure ? De la chance ou de la malchance ?","inLanguage":"fr-FR","publisher":{"@id":"https:\/\/diario.m-achermann.com\/fr\/#person"}}]},"og:locale":"fr_FR","og:site_name":"ECMO - Journal d'une vie boulevers\u00e9e - Mon aventure, ou plut\u00f4t ma m\u00e9saventure ? De la chance ou de la malchance ?","og:type":"article","og:title":"L'importance de la pr\u00e9sentation dans le journal de s\u00e9jour en soins intensifs","og:description":"Le r\u00f4le de la pr\u00e9sentation dans le journal de s\u00e9jour : un soutien fondamental pour les patients et les familles dans le partage et la compr\u00e9hension de l'exp\u00e9rience de soins.","og:url":"https:\/\/diario.m-achermann.com\/fr\/le-journal-dhospitalisation\/presentation-de-letablissement-de-soins\/","og:image":"https:\/\/diario.m-achermann.com\/wp-content\/uploads\/2024\/02\/Mirko.png","og:image:secure_url":"https:\/\/diario.m-achermann.com\/wp-content\/uploads\/2024\/02\/Mirko.png","og:image:width":200,"og:image:height":200,"article:published_time":"2023-10-23T18:21:25+00:00","article:modified_time":"2026-04-01T15:05:00+00:00","article:publisher":"https:\/\/www.facebook.com\/profile.php?id=61556963490212","twitter:card":"summary_large_image","twitter:site":"@Mapi1967","twitter:title":"L'importance de la pr\u00e9sentation dans le journal de s\u00e9jour en soins intensifs","twitter:description":"Le r\u00f4le de la pr\u00e9sentation dans le journal de s\u00e9jour : un soutien fondamental pour les patients et les familles dans le partage et la compr\u00e9hension de l'exp\u00e9rience de soins.","twitter:creator":"@Mapi1967","twitter:image":"https:\/\/diario.m-achermann.com\/wp-content\/uploads\/2024\/02\/Mirko.png"},"aioseo_meta_data":{"post_id":"10019","title":"L'importance de la pr\u00e9sentation dans le journal de s\u00e9jour en soins intensifs","description":"Le r\u00f4le de la pr\u00e9sentation dans le journal de s\u00e9jour : un soutien fondamental pour les patients et les familles dans le partage et la compr\u00e9hension de l'exp\u00e9rience de soins.","keywords":null,"keyphrases":{"focus":{"keyphrase":"Introduzione","score":70,"analysis":{"keyphraseInTitle":{"score":9,"maxScore":9,"error":0},"keyphraseInDescription":{"score":9,"maxScore":9,"error":0},"keyphraseLength":{"score":9,"maxScore":9,"error":0,"length":1},"keyphraseInURL":{"score":5,"maxScore":5,"error":0},"keyphraseInIntroduction":{"score":3,"maxScore":9,"error":1},"keyphraseInSubHeadings":[],"keyphraseInImageAlt":[],"keywordDensity":{"score":0,"type":"low","maxScore":9,"error":1}}},"additional":[{"keyphrase":"Cardiocentro","score":42,"analysis":{"keyphraseInDescription":{"score":3,"maxScore":9,"error":1},"keyphraseLength":{"score":9,"maxScore":9,"error":0,"length":1},"keyphraseInIntroduction":{"score":3,"maxScore":9,"error":1},"keyphraseInImageAlt":[],"keywordDensity":{"score":0,"type":"low","maxScore":9,"error":1}}},{"keyphrase":"Scopo","score":42,"analysis":{"keyphraseInDescription":{"score":3,"maxScore":9,"error":1},"keyphraseLength":{"score":9,"maxScore":9,"error":0,"length":1},"keyphraseInIntroduction":{"score":3,"maxScore":9,"error":1},"keyphraseInImageAlt":[],"keywordDensity":{"score":0,"type":"low","maxScore":9,"error":1}}},{"keyphrase":"ECMO","score":42,"analysis":{"keyphraseInDescription":{"score":3,"maxScore":9,"error":1},"keyphraseLength":{"score":9,"maxScore":9,"error":0,"length":1},"keyphraseInIntroduction":{"score":3,"maxScore":9,"error":1},"keyphraseInImageAlt":[],"keywordDensity":{"score":0,"type":"low","maxScore":9,"error":1}}},{"keyphrase":"Diario","score":75,"analysis":{"keyphraseInDescription":{"score":9,"maxScore":9,"error":0},"keyphraseLength":{"score":9,"maxScore":9,"error":0,"length":1},"keyphraseInIntroduction":{"score":9,"maxScore":9,"error":0},"keyphraseInImageAlt":[],"keywordDensity":{"type":"high","score":0,"maxScore":9,"error":1}}},{"keyphrase":"Degenza","score":75,"analysis":{"keyphraseInDescription":{"score":9,"maxScore":9,"error":0},"keyphraseLength":{"score":9,"maxScore":9,"error":0,"length":1},"keyphraseInIntroduction":{"score":9,"maxScore":9,"error":0},"keyphraseInImageAlt":[],"keywordDensity":{"score":0,"type":"low","maxScore":9,"error":1}}}]},"primary_term":null,"canonical_url":null,"og_title":null,"og_description":null,"og_object_type":"default","og_image_type":"default","og_image_url":null,"og_image_width":null,"og_image_height":null,"og_image_custom_url":null,"og_image_custom_fields":null,"og_video":"","og_custom_url":null,"og_article_section":null,"og_article_tags":null,"twitter_use_og":false,"twitter_card":"default","twitter_image_type":"default","twitter_image_url":null,"twitter_image_custom_url":null,"twitter_image_custom_fields":null,"twitter_title":null,"twitter_description":null,"schema":{"blockGraphs":[],"customGraphs":[],"default":{"data":{"Article":[],"Course":[],"Dataset":[],"FAQPage":[],"Movie":[],"Person":[],"Product":[],"ProductReview":[],"Car":[],"Recipe":[],"Service":[],"SoftwareApplication":[],"WebPage":[]},"graphName":"WebPage","isEnabled":true},"graphs":[]},"schema_type":"default","schema_type_options":null,"pillar_content":false,"robots_default":true,"robots_noindex":false,"robots_noarchive":false,"robots_nosnippet":false,"robots_nofollow":false,"robots_noimageindex":false,"robots_noodp":false,"robots_notranslate":false,"robots_max_snippet":"-1","robots_max_videopreview":"-1","robots_max_imagepreview":"large","priority":null,"frequency":"default","local_seo":null,"seo_analyzer_scan_date":"2026-04-01 15:55:04","breadcrumb_settings":null,"limit_modified_date":0,"reviewed_by":null,"open_ai":"{\"title\":{\"suggestions\":[],\"usage\":0},\"description\":{\"suggestions\":[],\"usage\":0}}","ai":{"faqs":[],"keyPoints":[],"titles":["Introduzione al diario di cure intensive: supporto e memoria post-ospedale","Scopri l'importanza dell'introduzione nel diario di cura per pazienti e familiari","Guida all'introduzione del diario di cura: come supportare il paziente e la famiglia","L'importanza dell'introduzione nel diario di degenza: gestione delle emozioni","Come usare l'introduzione nel diario di cura: consigli per pazienti e familiari"],"descriptions":["Scopri l'introduzione al diario di degenza che aiuta pazienti e familiari a ricordare e condividere emozioni, favorendo il percorso di cura.","L'importanza dell'introduzione nel diario di degenza: uno strumento per pazienti e familiari per organizzare emozioni, ricordi e comunicare con il team sanitario.","Come un'introduzione pu\u00f2 aiutare i pazienti e i familiari a creare un diario di degenza utile e rispettoso, facilitando il percorso di recupero e comunicazione.","L'introduzione al diario di cure intensive: un modo semplice e rispettoso per mantenere vivo il ricordo e le emozioni durante la degenza.","Il ruolo dell'introduzione nel diario di degenza: un supporto fondamentale per pazienti e familiari nel condividere e comprendere l'esperienza di cura."],"socialPosts":{"email":[],"linkedin":[],"twitter":[],"facebook":[],"instagram":[]}},"created":"2026-04-01 15:04:54","updated":"2026-04-01 18:23:02"},"aioseo_breadcrumb":"<div class=\"aioseo-breadcrumbs\"><span class=\"aioseo-breadcrumb\">\n\t<a href=\"https:\/\/diario.m-achermann.com\/fr\/\" title=\"Home\">Home<\/a>\n<\/span><span class=\"aioseo-breadcrumb-separator\">\u00bb<\/span><span class=\"aioseo-breadcrumb\">\n\t<a href=\"https:\/\/diario.m-achermann.com\/fr\/le-journal-dhospitalisation\/\" title=\"Le journal d\u2019hospitalisation\">Le journal d\u2019hospitalisation<\/a>\n<\/span><span class=\"aioseo-breadcrumb-separator\">\u00bb<\/span><span class=\"aioseo-breadcrumb\">\n\tPr\u00e9sentation de l\u2019\u00e9tablissement de soins\n<\/span><\/div>","aioseo_breadcrumb_json":[{"label":"Home","link":"https:\/\/diario.m-achermann.com\/fr\/"},{"label":"Le journal d\u2019hospitalisation","link":"https:\/\/diario.m-achermann.com\/fr\/le-journal-dhospitalisation\/"},{"label":"Pr\u00e9sentation de l&rsquo;\u00e9tablissement de soins","link":"https:\/\/diario.m-achermann.com\/fr\/le-journal-dhospitalisation\/presentation-de-letablissement-de-soins\/"}],"_links":{"self":[{"href":"https:\/\/diario.m-achermann.com\/fr\/wp-json\/wp\/v2\/pages\/10019","targetHints":{"allow":["GET"]}}],"collection":[{"href":"https:\/\/diario.m-achermann.com\/fr\/wp-json\/wp\/v2\/pages"}],"about":[{"href":"https:\/\/diario.m-achermann.com\/fr\/wp-json\/wp\/v2\/types\/page"}],"author":[{"embeddable":true,"href":"https:\/\/diario.m-achermann.com\/fr\/wp-json\/wp\/v2\/users\/1"}],"replies":[{"embeddable":true,"href":"https:\/\/diario.m-achermann.com\/fr\/wp-json\/wp\/v2\/comments?post=10019"}],"version-history":[{"count":1,"href":"https:\/\/diario.m-achermann.com\/fr\/wp-json\/wp\/v2\/pages\/10019\/revisions"}],"predecessor-version":[{"id":10020,"href":"https:\/\/diario.m-achermann.com\/fr\/wp-json\/wp\/v2\/pages\/10019\/revisions\/10020"}],"up":[{"embeddable":true,"href":"https:\/\/diario.m-achermann.com\/fr\/wp-json\/wp\/v2\/pages\/10023"}],"wp:attachment":[{"href":"https:\/\/diario.m-achermann.com\/fr\/wp-json\/wp\/v2\/media?parent=10019"}],"wp:term":[{"taxonomy":"category","embeddable":true,"href":"https:\/\/diario.m-achermann.com\/fr\/wp-json\/wp\/v2\/categories?post=10019"},{"taxonomy":"post_tag","embeddable":true,"href":"https:\/\/diario.m-achermann.com\/fr\/wp-json\/wp\/v2\/tags?post=10019"}],"curies":[{"name":"wp","href":"https:\/\/api.w.org\/{rel}","templated":true}]}}