{"id":10023,"date":"2023-10-23T20:20:26","date_gmt":"2023-10-23T18:20:26","guid":{"rendered":"https:\/\/diario.m-achermann.com\/le-journal-dhospitalisation\/"},"modified":"2026-04-01T17:05:01","modified_gmt":"2026-04-01T15:05:01","slug":"le-journal-dhospitalisation","status":"publish","type":"page","link":"https:\/\/diario.m-achermann.com\/fr\/le-journal-dhospitalisation\/","title":{"rendered":"Le journal d\u2019hospitalisation"},"content":{"rendered":"\n<ul class=\"wp-block-list\">\n<li style=\"font-size:16px\"><a href=\"https:\/\/diario.m-achermann.com\/fr\/le-journal-dhospitalisation\/objectif-et-temoignages-du-journal-de-sejour\/\" title=\"\">Objectif et t\u00e9moignages du journal d\u2019hospitalisation<\/a><\/li>\n\n\n\n<li style=\"font-size:16px\"><a href=\"https:\/\/diario.m-achermann.com\/fr\/le-journal-dhospitalisation\/mes-considerations\/\">Mes r\u00e9flexions<\/a><\/li>\n\n\n\n<li style=\"font-size:16px\"><a href=\"https:\/\/diario.m-achermann.com\/fr\/le-journal-dhospitalisation\/presentation-de-letablissement-de-soins\/\">Introduction de l\u2019\u00e9tablissement de soins<\/a><\/li>\n\n\n\n<li style=\"font-size:16px\"><a href=\"https:\/\/diario.m-achermann.com\/il-diario-di-degenza\/domenica-31-gennaio-2021-ore-2200\/\">Dimanche 31 janvier 2021 \u00e0 22h00<\/a><\/li>\n\n\n\n<li style=\"font-size:16px\"><a href=\"https:\/\/diario.m-achermann.com\/il-diario-di-degenza\/domenica-7-febbraio-2021\/\">Dimanche 7 f\u00e9vrier 2021<\/a><\/li>\n\n\n\n<li style=\"font-size:16px\"><a href=\"https:\/\/diario.m-achermann.com\/fr\/le-journal-dhospitalisation\/dimanche-14-fevrier-2021-a-18h00-saint-valentin\/\">Dimanche 14 f\u00e9vrier 2021 \u00e0 18h00 (Saint-Valentin)<\/a><\/li>\n\n\n\n<li style=\"font-size:16px\"><a href=\"https:\/\/diario.m-achermann.com\/fr\/le-journal-dhospitalisation\/lundi-15-fevrier-2021-a-14h00\/\">Lundi 15 f\u00e9vrier 2021 \u00e0 14h00<\/a><\/li>\n\n\n\n<li style=\"font-size:16px\"><a href=\"https:\/\/diario.m-achermann.com\/fr\/le-journal-dhospitalisation\/vendredi-19-fevrier-2021-a-02h15\/\">Vendredi 19 f\u00e9vrier 2021 \u00e0 02h15<\/a><\/li>\n\n\n\n<li style=\"font-size:16px\"><a href=\"https:\/\/diario.m-achermann.com\/fr\/le-journal-dhospitalisation\/lundi-22-fevrier-2021\/\">Lundi 22 f\u00e9vrier 2021<\/a><\/li>\n\n\n\n<li style=\"font-size:16px\"><a href=\"https:\/\/diario.m-achermann.com\/fr\/le-journal-dhospitalisation\/mercredi-24-fevrier-2021-a-02h10\/\">Mercredi 24 f\u00e9vrier 2021 \u00e0 02h10<\/a><\/li>\n\n\n\n<li style=\"font-size:16px\"><a href=\"https:\/\/diario.m-achermann.com\/fr\/le-journal-dhospitalisation\/mercredi-24-fevrier-2021-a-13h10\/\">Mercredi 24 f\u00e9vrier 2021 \u00e0 13h10<\/a><\/li>\n\n\n\n<li style=\"font-size:16px\"><a href=\"https:\/\/diario.m-achermann.com\/fr\/le-journal-dhospitalisation\/jeudi-25-fevrier-2021-a-01h30\/\">Jeudi 25 f\u00e9vrier 2021 \u00e0 01h30<\/a><\/li>\n\n\n\n<li style=\"font-size:16px\"><a href=\"https:\/\/diario.m-achermann.com\/fr\/le-journal-dhospitalisation\/jeudi-25-fevrier-2021-a-12h40\/\">Jeudi 25 f\u00e9vrier 2021 \u00e0 12h40<\/a><\/li>\n\n\n\n<li style=\"font-size:16px\"><a href=\"https:\/\/diario.m-achermann.com\/fr\/le-journal-dhospitalisation\/vendredi-26-fevrier-2021-a-13h40\/\">Vendredi 26 f\u00e9vrier 2021 \u00e0 13h40<\/a><\/li>\n\n\n\n<li style=\"font-size:16px\"><a href=\"https:\/\/diario.m-achermann.com\/fr\/le-journal-dhospitalisation\/samedi-27-fevrier-2021-a-21h00\/\">Samedi 27 f\u00e9vrier 2021 \u00e0 21h00<\/a><\/li>\n\n\n\n<li style=\"font-size:16px\"><a href=\"https:\/\/diario.m-achermann.com\/fr\/le-journal-dhospitalisation\/dimanche-28-fevrier-2021-a-21h30\/\">Dimanche 28 f\u00e9vrier 2021 \u00e0 21h30<\/a><\/li>\n\n\n\n<li style=\"font-size:16px\"><a href=\"https:\/\/diario.m-achermann.com\/fr\/le-journal-dhospitalisation\/dimanche-7-mars-2021-a-10h30\/\">Dimanche 7 mars 2021 \u00e0 10h30<\/a><\/li>\n\n\n\n<li style=\"font-size:16px\"><a href=\"https:\/\/diario.m-achermann.com\/fr\/le-journal-dhospitalisation\/lundi-8-mars-2021-a-12h30\/\">Lundi 8 mars 2021 \u00e0 12h30<\/a><\/li>\n\n\n\n<li style=\"font-size:16px\"><a href=\"https:\/\/diario.m-achermann.com\/fr\/le-journal-dhospitalisation\/samedi-13-mars-2021-a-02h30\/\">Samedi 13 mars 2021 \u00e0 02h30<\/a><\/li>\n\n\n\n<li style=\"font-size:16px\"><a href=\"https:\/\/diario.m-achermann.com\/fr\/le-journal-dhospitalisation\/mardi-16-mars-2021\/\">Mardi 16 mars 2021<\/a><\/li>\n\n\n\n<li style=\"font-size:16px\"><a href=\"https:\/\/diario.m-achermann.com\/fr\/le-journal-dhospitalisation\/mercredi-17-mars-2021-a-14h00\/\">Mercredi 17 mars 2021 \u00e0 14h00<\/a><\/li>\n\n\n\n<li style=\"font-size:16px\"><a href=\"https:\/\/diario.m-achermann.com\/fr\/le-journal-dhospitalisation\/dimanche-21-mars-2021\/\">Dimanche 21 mars 2021<\/a><\/li>\n<\/ul>\n","protected":false},"excerpt":{"rendered":"","protected":false},"author":1,"featured_media":0,"parent":0,"menu_order":0,"comment_status":"closed","ping_status":"closed","template":"","meta":{"_editorskit_title_hidden":false,"_editorskit_reading_time":0,"_editorskit_is_block_options_detached":false,"_editorskit_block_options_position":"{}","om_disable_all_campaigns":false,"_lmt_disableupdate":"","_lmt_disable":"","_monsterinsights_skip_tracking":false,"_monsterinsights_sitenote_active":false,"_monsterinsights_sitenote_note":"","_monsterinsights_sitenote_category":0,"neve_meta_sidebar":"","neve_meta_container":"","neve_meta_enable_content_width":"","neve_meta_content_width":0,"neve_meta_title_alignment":"","neve_meta_author_avatar":"","neve_post_elements_order":"","neve_meta_disable_header":"","neve_meta_disable_footer":"","neve_meta_disable_title":"","neve_meta_reading_time":"","_themeisle_gutenberg_block_has_review":false,"footnotes":""},"categories":[],"tags":[],"class_list":["post-10023","page","type-page","status-publish","hentry"],"aioseo_notices":[],"aioseo_head":"\n\t\t<!-- All in One SEO Pro 4.9.7.1 - aioseo.com -->\n\t<meta name=\"description\" content=\"Le parcours d\u2019hospitalisation en soins intensifs : un t\u00e9moignage personnel qui vise \u00e0 promouvoir l\u2019humanisation des soins.\" \/>\n\t<meta name=\"robots\" content=\"max-snippet:-1, max-image-preview:large, max-video-preview:-1\" \/>\n\t<meta name=\"google-site-verification\" content=\"2kcNb_eND2p_5dJ-aEUjUzdL5U1pyWvu9G-2F4Qyiwk\" \/>\n\t<meta name=\"msvalidate.01\" content=\"8A32EFC1288A3ACC21FB6846BFC9E656\" \/>\n\t<link rel=\"canonical\" href=\"https:\/\/diario.m-achermann.com\/fr\/le-journal-dhospitalisation\/\" \/>\n\t<meta name=\"generator\" content=\"All in One SEO Pro (AIOSEO) 4.9.7.1\" \/>\n\t\t<meta property=\"og:locale\" content=\"fr_FR\" \/>\n\t\t<meta property=\"og:site_name\" content=\"ECMO - Journal d&#039;une vie boulevers\u00e9e - Mon aventure, ou plut\u00f4t ma m\u00e9saventure ? De la chance ou de la malchance ?\" \/>\n\t\t<meta property=\"og:type\" content=\"article\" \/>\n\t\t<meta property=\"og:title\" content=\"Mon journal d\u2019hospitalisation : exp\u00e9riences et r\u00e9flexions\" \/>\n\t\t<meta property=\"og:description\" content=\"Le parcours d\u2019hospitalisation en soins intensifs : un t\u00e9moignage personnel qui vise \u00e0 promouvoir l\u2019humanisation des soins.\" \/>\n\t\t<meta property=\"og:url\" content=\"https:\/\/diario.m-achermann.com\/fr\/le-journal-dhospitalisation\/\" \/>\n\t\t<meta property=\"og:image\" content=\"https:\/\/diario.m-achermann.com\/wp-content\/uploads\/2024\/02\/Mirko.png\" \/>\n\t\t<meta property=\"og:image:secure_url\" content=\"https:\/\/diario.m-achermann.com\/wp-content\/uploads\/2024\/02\/Mirko.png\" \/>\n\t\t<meta property=\"og:image:width\" content=\"200\" \/>\n\t\t<meta property=\"og:image:height\" content=\"200\" \/>\n\t\t<meta property=\"article:published_time\" content=\"2023-10-23T18:20:26+00:00\" \/>\n\t\t<meta property=\"article:modified_time\" content=\"2026-04-01T15:05:01+00:00\" \/>\n\t\t<meta property=\"article:publisher\" content=\"https:\/\/www.facebook.com\/profile.php?id=61556963490212\" \/>\n\t\t<meta name=\"twitter:card\" content=\"summary_large_image\" \/>\n\t\t<meta name=\"twitter:site\" content=\"@Mapi1967\" \/>\n\t\t<meta name=\"twitter:title\" content=\"Mon journal d\u2019hospitalisation : exp\u00e9riences et r\u00e9flexions\" \/>\n\t\t<meta name=\"twitter:description\" content=\"Le parcours d\u2019hospitalisation en soins intensifs : un t\u00e9moignage personnel qui vise \u00e0 promouvoir l\u2019humanisation des soins.\" \/>\n\t\t<meta name=\"twitter:creator\" content=\"@Mapi1967\" \/>\n\t\t<meta name=\"twitter:image\" content=\"https:\/\/diario.m-achermann.com\/wp-content\/uploads\/2024\/02\/Mirko.png\" \/>\n\t\t<script type=\"application\/ld+json\" class=\"aioseo-schema\">\n\t\t\t{\"@context\":\"https:\\\/\\\/schema.org\",\"@graph\":[{\"@type\":\"BreadcrumbList\",\"@id\":\"https:\\\/\\\/diario.m-achermann.com\\\/fr\\\/le-journal-dhospitalisation\\\/#breadcrumblist\",\"itemListElement\":[{\"@type\":\"ListItem\",\"@id\":\"https:\\\/\\\/diario.m-achermann.com\\\/fr\\\/#listItem\",\"position\":1,\"name\":\"Home\",\"item\":\"https:\\\/\\\/diario.m-achermann.com\\\/fr\\\/\",\"nextItem\":{\"@type\":\"ListItem\",\"@id\":\"https:\\\/\\\/diario.m-achermann.com\\\/fr\\\/le-journal-dhospitalisation\\\/#listItem\",\"name\":\"Le journal d\\u2019hospitalisation\"}},{\"@type\":\"ListItem\",\"@id\":\"https:\\\/\\\/diario.m-achermann.com\\\/fr\\\/le-journal-dhospitalisation\\\/#listItem\",\"position\":2,\"name\":\"Le journal d\\u2019hospitalisation\",\"previousItem\":{\"@type\":\"ListItem\",\"@id\":\"https:\\\/\\\/diario.m-achermann.com\\\/fr\\\/#listItem\",\"name\":\"Home\"}}]},{\"@type\":\"Person\",\"@id\":\"https:\\\/\\\/diario.m-achermann.com\\\/fr\\\/#person\",\"name\":\"Mirko Achermann\",\"image\":{\"@type\":\"ImageObject\",\"@id\":\"https:\\\/\\\/diario.m-achermann.com\\\/fr\\\/le-journal-dhospitalisation\\\/#personImage\",\"url\":\"https:\\\/\\\/secure.gravatar.com\\\/avatar\\\/53bb9dac79236bd713fbe107c9f2410ca8a6094577846073d4bea7d0bab1e51f?s=96&d=mm&r=g\",\"width\":96,\"height\":96,\"caption\":\"Mirko Achermann\"}},{\"@type\":\"WebPage\",\"@id\":\"https:\\\/\\\/diario.m-achermann.com\\\/fr\\\/le-journal-dhospitalisation\\\/#webpage\",\"url\":\"https:\\\/\\\/diario.m-achermann.com\\\/fr\\\/le-journal-dhospitalisation\\\/\",\"name\":\"Mon journal d\\u2019hospitalisation : exp\\u00e9riences et r\\u00e9flexions\",\"description\":\"Le parcours d\\u2019hospitalisation en soins intensifs : un t\\u00e9moignage personnel qui vise \\u00e0 promouvoir l\\u2019humanisation des soins.\",\"inLanguage\":\"fr-FR\",\"isPartOf\":{\"@id\":\"https:\\\/\\\/diario.m-achermann.com\\\/fr\\\/#website\"},\"breadcrumb\":{\"@id\":\"https:\\\/\\\/diario.m-achermann.com\\\/fr\\\/le-journal-dhospitalisation\\\/#breadcrumblist\"},\"datePublished\":\"2023-10-23T20:20:26+02:00\",\"dateModified\":\"2026-04-01T17:05:01+02:00\"},{\"@type\":\"WebSite\",\"@id\":\"https:\\\/\\\/diario.m-achermann.com\\\/fr\\\/#website\",\"url\":\"https:\\\/\\\/diario.m-achermann.com\\\/fr\\\/\",\"name\":\"ECMO \\u2013 Diario di una vita stravolta\",\"alternateName\":\"ECMO\",\"description\":\"Mon aventure, ou plut\\u00f4t ma m\\u00e9saventure ? De la chance ou de la malchance ?\",\"inLanguage\":\"fr-FR\",\"publisher\":{\"@id\":\"https:\\\/\\\/diario.m-achermann.com\\\/fr\\\/#person\"}}]}\n\t\t<\/script>\n\t\t<!-- All in One SEO Pro -->\r\n\t\t<title>Mon journal d\u2019hospitalisation : exp\u00e9riences et r\u00e9flexions<\/title>\n\n","aioseo_head_json":{"title":"Mon journal d\u2019hospitalisation : exp\u00e9riences et r\u00e9flexions","description":"Le parcours d\u2019hospitalisation en soins intensifs : un t\u00e9moignage personnel qui vise \u00e0 promouvoir l\u2019humanisation des soins.","canonical_url":"https:\/\/diario.m-achermann.com\/fr\/le-journal-dhospitalisation\/","robots":"max-snippet:-1, max-image-preview:large, max-video-preview:-1","keywords":"","webmasterTools":{"google-site-verification":"2kcNb_eND2p_5dJ-aEUjUzdL5U1pyWvu9G-2F4Qyiwk","msvalidate.01":"8A32EFC1288A3ACC21FB6846BFC9E656","miscellaneous":""},"schema":{"@context":"https:\/\/schema.org","@graph":[{"@type":"BreadcrumbList","@id":"https:\/\/diario.m-achermann.com\/fr\/le-journal-dhospitalisation\/#breadcrumblist","itemListElement":[{"@type":"ListItem","@id":"https:\/\/diario.m-achermann.com\/fr\/#listItem","position":1,"name":"Home","item":"https:\/\/diario.m-achermann.com\/fr\/","nextItem":{"@type":"ListItem","@id":"https:\/\/diario.m-achermann.com\/fr\/le-journal-dhospitalisation\/#listItem","name":"Le journal d\u2019hospitalisation"}},{"@type":"ListItem","@id":"https:\/\/diario.m-achermann.com\/fr\/le-journal-dhospitalisation\/#listItem","position":2,"name":"Le journal d\u2019hospitalisation","previousItem":{"@type":"ListItem","@id":"https:\/\/diario.m-achermann.com\/fr\/#listItem","name":"Home"}}]},{"@type":"Person","@id":"https:\/\/diario.m-achermann.com\/fr\/#person","name":"Mirko Achermann","image":{"@type":"ImageObject","@id":"https:\/\/diario.m-achermann.com\/fr\/le-journal-dhospitalisation\/#personImage","url":"https:\/\/secure.gravatar.com\/avatar\/53bb9dac79236bd713fbe107c9f2410ca8a6094577846073d4bea7d0bab1e51f?s=96&d=mm&r=g","width":96,"height":96,"caption":"Mirko Achermann"}},{"@type":"WebPage","@id":"https:\/\/diario.m-achermann.com\/fr\/le-journal-dhospitalisation\/#webpage","url":"https:\/\/diario.m-achermann.com\/fr\/le-journal-dhospitalisation\/","name":"Mon journal d\u2019hospitalisation : exp\u00e9riences et r\u00e9flexions","description":"Le parcours d\u2019hospitalisation en soins intensifs : un t\u00e9moignage personnel qui vise \u00e0 promouvoir l\u2019humanisation des soins.","inLanguage":"fr-FR","isPartOf":{"@id":"https:\/\/diario.m-achermann.com\/fr\/#website"},"breadcrumb":{"@id":"https:\/\/diario.m-achermann.com\/fr\/le-journal-dhospitalisation\/#breadcrumblist"},"datePublished":"2023-10-23T20:20:26+02:00","dateModified":"2026-04-01T17:05:01+02:00"},{"@type":"WebSite","@id":"https:\/\/diario.m-achermann.com\/fr\/#website","url":"https:\/\/diario.m-achermann.com\/fr\/","name":"ECMO \u2013 Diario di una vita stravolta","alternateName":"ECMO","description":"Mon aventure, ou plut\u00f4t ma m\u00e9saventure ? De la chance ou de la malchance ?","inLanguage":"fr-FR","publisher":{"@id":"https:\/\/diario.m-achermann.com\/fr\/#person"}}]},"og:locale":"fr_FR","og:site_name":"ECMO - Journal d'une vie boulevers\u00e9e - Mon aventure, ou plut\u00f4t ma m\u00e9saventure ? De la chance ou de la malchance ?","og:type":"article","og:title":"Mon journal d\u2019hospitalisation : exp\u00e9riences et r\u00e9flexions","og:description":"Le parcours d\u2019hospitalisation en soins intensifs : un t\u00e9moignage personnel qui vise \u00e0 promouvoir l\u2019humanisation des soins.","og:url":"https:\/\/diario.m-achermann.com\/fr\/le-journal-dhospitalisation\/","og:image":"https:\/\/diario.m-achermann.com\/wp-content\/uploads\/2024\/02\/Mirko.png","og:image:secure_url":"https:\/\/diario.m-achermann.com\/wp-content\/uploads\/2024\/02\/Mirko.png","og:image:width":200,"og:image:height":200,"article:published_time":"2023-10-23T18:20:26+00:00","article:modified_time":"2026-04-01T15:05:01+00:00","article:publisher":"https:\/\/www.facebook.com\/profile.php?id=61556963490212","twitter:card":"summary_large_image","twitter:site":"@Mapi1967","twitter:title":"Mon journal d\u2019hospitalisation : exp\u00e9riences et r\u00e9flexions","twitter:description":"Le parcours d\u2019hospitalisation en soins intensifs : un t\u00e9moignage personnel qui vise \u00e0 promouvoir l\u2019humanisation des soins.","twitter:creator":"@Mapi1967","twitter:image":"https:\/\/diario.m-achermann.com\/wp-content\/uploads\/2024\/02\/Mirko.png"},"aioseo_meta_data":{"post_id":"10023","title":"Mon journal d\u2019hospitalisation : exp\u00e9riences et r\u00e9flexions","description":"Le parcours d\u2019hospitalisation en soins intensifs : un t\u00e9moignage personnel qui vise \u00e0 promouvoir l\u2019humanisation des soins.","keywords":null,"keyphrases":{"focus":{"keyphrase":"Degenza","score":88,"analysis":{"keyphraseInTitle":{"score":9,"maxScore":9,"error":0},"keyphraseInDescription":{"score":9,"maxScore":9,"error":0},"keyphraseLength":{"score":9,"maxScore":9,"error":0,"length":1},"keyphraseInURL":{"score":5,"maxScore":5,"error":0},"keyphraseInIntroduction":{"score":3,"maxScore":9,"error":1},"keyphraseInSubHeadings":[],"keyphraseInImageAlt":[],"keywordDensity":{"type":"best","score":9,"maxScore":9,"error":0}}},"additional":[{"keyphrase":"degenza ospedaliera","score":42,"analysis":{"keyphraseInDescription":{"score":3,"maxScore":9,"error":1},"keyphraseLength":{"score":9,"maxScore":9,"error":0,"length":2},"keyphraseInIntroduction":{"score":3,"maxScore":9,"error":1},"keyphraseInImageAlt":[],"keywordDensity":{"score":0,"type":"low","maxScore":9,"error":1}}},{"keyphrase":"centri riabilitazione con degenza","score":42,"analysis":{"keyphraseInDescription":{"score":3,"maxScore":9,"error":1},"keyphraseLength":{"score":9,"maxScore":9,"error":0,"length":4},"keyphraseInIntroduction":{"score":3,"maxScore":9,"error":1},"keyphraseInImageAlt":[],"keywordDensity":{"score":0,"type":"low","maxScore":9,"error":1}}},{"keyphrase":"Diario","score":67,"analysis":{"keyphraseInDescription":{"score":3,"maxScore":9,"error":1},"keyphraseLength":{"score":9,"maxScore":9,"error":0,"length":1},"keyphraseInIntroduction":{"score":3,"maxScore":9,"error":1},"keyphraseInImageAlt":[],"keywordDensity":{"type":"best","score":9,"maxScore":9,"error":0}}},{"keyphrase":"ECMO","score":42,"analysis":{"keyphraseInDescription":{"score":3,"maxScore":9,"error":1},"keyphraseLength":{"score":9,"maxScore":9,"error":0,"length":1},"keyphraseInIntroduction":{"score":3,"maxScore":9,"error":1},"keyphraseInImageAlt":[],"keywordDensity":{"score":0,"type":"low","maxScore":9,"error":1}}}]},"primary_term":null,"canonical_url":null,"og_title":null,"og_description":null,"og_object_type":"default","og_image_type":"default","og_image_url":null,"og_image_width":null,"og_image_height":null,"og_image_custom_url":null,"og_image_custom_fields":null,"og_video":"","og_custom_url":null,"og_article_section":null,"og_article_tags":null,"twitter_use_og":false,"twitter_card":"default","twitter_image_type":"default","twitter_image_url":null,"twitter_image_custom_url":null,"twitter_image_custom_fields":null,"twitter_title":null,"twitter_description":null,"schema":{"blockGraphs":[],"customGraphs":[],"default":{"data":{"Article":[],"Course":[],"Dataset":[],"FAQPage":[],"Movie":[],"Person":[],"Product":[],"ProductReview":[],"Car":[],"Recipe":[],"Service":[],"SoftwareApplication":[],"WebPage":[]},"graphName":"WebPage","isEnabled":true},"graphs":[]},"schema_type":"default","schema_type_options":null,"pillar_content":false,"robots_default":true,"robots_noindex":false,"robots_noarchive":false,"robots_nosnippet":false,"robots_nofollow":false,"robots_noimageindex":false,"robots_noodp":false,"robots_notranslate":false,"robots_max_snippet":"-1","robots_max_videopreview":"-1","robots_max_imagepreview":"large","priority":null,"frequency":"default","local_seo":null,"seo_analyzer_scan_date":"2025-12-06 11:45:44","breadcrumb_settings":null,"limit_modified_date":0,"reviewed_by":null,"open_ai":"{\"title\":{\"suggestions\":[\"Testimonianze e riflessioni sulla mia Degenza in istituto di cura\",\"Il mio diario di Degenza: esperienze e considerazioni\",\"Degenza in istituto di cura: riflessioni e testimonianze\",\"Il diario della mia Degenza: esperienze e testimonianze\",\"I miei pensieri sulla Degenza in istituto di cura\"],\"usage\":0},\"description\":{\"suggestions\":[\"Mie considerazioni sulla Degenza durante il trattamento\",\"Testimonianze personali sul periodo di Degenza\",\"Esperienze e riflessioni durante la Degenza\",\"Diario di Degenza: le mie emozioni e pensieri\",\"Il percorso di Degenza: una testimonianza personale\"],\"usage\":0}}","ai":{"faqs":[],"keyPoints":[],"titles":[],"descriptions":[],"socialPosts":{"email":[],"linkedin":[],"twitter":[],"facebook":[],"instagram":[]}},"created":"2026-04-01 15:04:56","updated":"2026-04-01 18:23:02"},"aioseo_breadcrumb":"<div class=\"aioseo-breadcrumbs\"><span class=\"aioseo-breadcrumb\">\n\t<a href=\"https:\/\/diario.m-achermann.com\/fr\/\" title=\"Home\">Home<\/a>\n<\/span><span class=\"aioseo-breadcrumb-separator\">\u00bb<\/span><span class=\"aioseo-breadcrumb\">\n\tLe journal d\u2019hospitalisation\n<\/span><\/div>","aioseo_breadcrumb_json":[{"label":"Home","link":"https:\/\/diario.m-achermann.com\/fr\/"},{"label":"Le journal d\u2019hospitalisation","link":"https:\/\/diario.m-achermann.com\/fr\/le-journal-dhospitalisation\/"}],"_links":{"self":[{"href":"https:\/\/diario.m-achermann.com\/fr\/wp-json\/wp\/v2\/pages\/10023","targetHints":{"allow":["GET"]}}],"collection":[{"href":"https:\/\/diario.m-achermann.com\/fr\/wp-json\/wp\/v2\/pages"}],"about":[{"href":"https:\/\/diario.m-achermann.com\/fr\/wp-json\/wp\/v2\/types\/page"}],"author":[{"embeddable":true,"href":"https:\/\/diario.m-achermann.com\/fr\/wp-json\/wp\/v2\/users\/1"}],"replies":[{"embeddable":true,"href":"https:\/\/diario.m-achermann.com\/fr\/wp-json\/wp\/v2\/comments?post=10023"}],"version-history":[{"count":1,"href":"https:\/\/diario.m-achermann.com\/fr\/wp-json\/wp\/v2\/pages\/10023\/revisions"}],"predecessor-version":[{"id":10025,"href":"https:\/\/diario.m-achermann.com\/fr\/wp-json\/wp\/v2\/pages\/10023\/revisions\/10025"}],"wp:attachment":[{"href":"https:\/\/diario.m-achermann.com\/fr\/wp-json\/wp\/v2\/media?parent=10023"}],"wp:term":[{"taxonomy":"category","embeddable":true,"href":"https:\/\/diario.m-achermann.com\/fr\/wp-json\/wp\/v2\/categories?post=10023"},{"taxonomy":"post_tag","embeddable":true,"href":"https:\/\/diario.m-achermann.com\/fr\/wp-json\/wp\/v2\/tags?post=10023"}],"curies":[{"name":"wp","href":"https:\/\/api.w.org\/{rel}","templated":true}]}}