{"id":10032,"date":"2023-10-23T10:59:02","date_gmt":"2023-10-23T08:59:02","guid":{"rendered":"https:\/\/diario.m-achermann.com\/introduction\/"},"modified":"2026-04-01T17:05:50","modified_gmt":"2026-04-01T15:05:50","slug":"introduction","status":"publish","type":"page","link":"https:\/\/diario.m-achermann.com\/fr\/introduction\/","title":{"rendered":"Introduction"},"content":{"rendered":"\n<p>\u00c0 travers mon \u00e9crit, je cherche \u00e0 m\u2019inspirer d\u2019Anna Felder pour le style d\u2019\u00e9criture, sans aucune pr\u00e9somption de pouvoir atteindre la capacit\u00e9 et la beaut\u00e9 de l\u2019\u00e9criture de l\u2019auteure. Cette phrase d\u2019elle m\u2019a particuli\u00e8rement inspir\u00e9 : <em>\u00ab Dans le minimum possible, donner le maximum possible \u00bb<\/em>. <\/p>\n\n<p>Comme on dit chez nous\u2026 je vais remonter un peu loin, non pas pour rendre ce t\u00e9moignage ennuyeux, mais parce que la personne que je suis aujourd\u2019hui est le r\u00e9sultat et l\u2019entrelacement de diverses exp\u00e9riences et situations.<br\/>Mon aventure ou peut-\u00eatre plut\u00f4t ma m\u00e9saventure ? Chance ou malchance ?  <br\/>Je ne saurais comment d\u00e9finir ce qui m\u2019est arriv\u00e9. <\/p>\n\n<p>Beaucoup me disent \u00ab <em>Tu as de la chance d\u2019\u00eatre encore l\u00e0<\/em> \u00bb ; moi, je me suis souvent dit et je me dis encore : pourquoi dois-je vivre ainsi ? Peut-\u00eatre que la chance aurait pu \u00ab m\u2019emporter avec mes parents \u00bb.<\/p>\n\n<p>Je suis un patient \u00e0 risque, ou peut-\u00eatre vaudrait-il mieux dire une personne qui a d\u00e9couvert en octobre 2020 qu\u2019elle souffrait d\u2019une pathologie sanguine immunod\u00e9pressive et qui a ensuite surv\u00e9cu \u00e0 une forme grave de COVID. (SARS-CoV-2 variante N501Y, commun\u00e9ment appel\u00e9e variante anglaise) <\/p>\n\n<p>Qu\u2019est-ce qui m\u2019a pouss\u00e9 \u00e0 \u00e9crire ce journal ?<\/p>\n\n<p>Carmen, infirmi\u00e8re aux soins intensifs du <a href=\"https:\/\/www.cardiocentro.org\/\" target=\"_blank\" rel=\"noopener\" title=\"\">Cardiocentro Ticino<\/a> \u00e0 Lugano, m\u2019avait encourag\u00e9 \u00e0 \u00e9crire un livre relatant ce qui m\u2019\u00e9tait arriv\u00e9 ; au d\u00e9but, je ne l\u2019ai pas prise au s\u00e9rieux, mais par la suite, mon \u00e9pouse m\u2019a sugg\u00e9r\u00e9 la m\u00eame chose.<\/p>\n\n<p>Il a fallu plusieurs mois avant que je ne me d\u00e9cide, et je pensais presque avoir oubli\u00e9 ce que j\u2019avais travers\u00e9, mais peu \u00e0 peu, le soir avant de dormir, des fragments de mon v\u00e9cu me revenaient \u00e0 l\u2019esprit. <br\/>D\u00e8s qu\u2019un souvenir me revenait, je \u00ab courais \u00bb le m\u00e9moriser dans les Notes de mon t\u00e9l\u00e9phone pour ne pas risquer de l\u2019oublier le lendemain matin ; une chose qui m\u2019arrivait et m\u2019arrive souvent, et que beaucoup attribuent au COVID, ou peut-\u00eatre plus simplement aux ann\u00e9es qui passent.<\/p>\n\n<p>Le COVID, une maladie infectieuse, une grippe s\u00e9v\u00e8re qui peut dans certains cas entra\u00eener des complications : telle \u00e9tait ma vision avant la maladie. Mais comme pour beaucoup de malheurs, on les voit \u00e0 la t\u00e9l\u00e9vision, au journal t\u00e9l\u00e9vis\u00e9, et l\u2019on se dit en soi-m\u00eame\u2026 \u00ab <em>les pauvres<\/em> \u00bb, avec la conviction que ce qui arrive aux autres est loin de nous et ne peut nous frapper ou nous atteindre.<\/p>\n\n<p>Au d\u00e9part, le COVID (que j\u2019appelle la b\u00eate obscure) m\u2019avait apport\u00e9 des espoirs de carri\u00e8re, car j\u2019avais \u00e9t\u00e9 appel\u00e9 pour remplacer le directeur de l\u2019\u00e9tablissement scolaire o\u00f9 je travaillais.<br\/>Lui aussi avait \u00e9t\u00e9 infect\u00e9 par le virus et s\u2019\u00e9tait retrouv\u00e9 en soins intensifs pendant un certain temps.<br\/>J\u2019\u00e9tais d\u00e9sol\u00e9 pour lui, mais fier d\u2019avoir \u00e9t\u00e9 choisi pour le remplacer, certain que cette maladie \u00e9tait loin de moi, quelque chose qui touchait les autres et ne pouvait m\u2019atteindre, du moins pas sous cette forme.<br\/>Pourtant, apr\u00e8s quelques mois, la \u00ab <em>b\u00eate obscure<\/em> \u00bb m\u2019a rattrap\u00e9, elle a an\u00e9anti mon physique, mon avenir professionnel et en partie familial, ou du moins c\u2019est l\u2019impression que j\u2019ai eue pendant plusieurs mois.<\/p>\n\n<p>Je dis qu\u2019elle a en partie an\u00e9anti mon noyau familial car, durant mon s\u00e9jour en soins intensifs, toujours \u00e0 cause de la \u00ab <em>b\u00eate obscure<\/em> \u00bb, j\u2019ai perdu mon p\u00e8re et, quelques semaines plus tard, ma m\u00e8re \u00e9galement.<br\/>Malheureusement, lorsqu\u2019ils ont \u00e9t\u00e9 an\u00e9antis par la b\u00eate, j\u2019\u00e9tais sous s\u00e9dation et intub\u00e9.<br\/>Je n\u2019ai appris leur perte que trois mois apr\u00e8s leur d\u00e9c\u00e8s, soit pratiquement deux semaines apr\u00e8s mon r\u00e9veil de la s\u00e9dation. <\/p>\n\n<p>Avec le temps, j\u2019ai compris que lorsque l\u2019on est \u00e9prouv\u00e9 par tant de souffrance, les joies qui suivent sont plus fortes, authentiques et sinc\u00e8res. M\u00eame s\u2019il reste la terreur de pouvoir retomber dans ce trou noir et de perdre ce qui a \u00e9t\u00e9 reconquis avec tant d\u2019efforts. Dans tous les cas, cette fa\u00e7on de vivre et de penser m\u2019aide \u00e0 affronter et \u00e0 combattre le pass\u00e9 et le futur pour appr\u00e9cier et savourer le pr\u00e9sent, me permettant d\u2019aborder l\u2019avenir avec une pens\u00e9e proactive et d\u00e9nu\u00e9e de peurs (ou disons plut\u00f4t avec moins de peurs).  <br\/>Mais je dois \u00eatre honn\u00eate, j\u2019ai encore des moments sombres, des moments o\u00f9 tout est noir et n\u00e9gatif, o\u00f9 l\u2019on ne voit que les c\u00f4t\u00e9s obscurs li\u00e9s \u00e0 l\u2019\u00e9tat physique, psychologique et social, o\u00f9 l\u2019on ressent perp\u00e9tuellement les douleurs chroniques et toutes les difficult\u00e9s psycho-physiques grav\u00e9es dans mon corps par la maladie.<\/p>\n\n<p>J\u2019esp\u00e8re que mon t\u00e9moignage pourra aider ceux qui, comme moi, ont \u00e9t\u00e9 frapp\u00e9s par une telle souffrance physique et psychologique. <\/p>\n\n<p>Par ce journal, je tiens \u00e0 remercier mon \u00e9pouse Mirna, mes enfants Asia et Aaron, ma petite chienne Kila et mes proches pour avoir \u00e9t\u00e9 \u00e0 mes c\u00f4t\u00e9s et m\u2019avoir soutenu durant cette exp\u00e9rience.<\/p>\n<div class=\"wp-block-image\">\n<figure class=\"aligncenter size-full\"><img decoding=\"async\" width=\"768\" height=\"1024\" src=\"https:\/\/diario.m-achermann.com\/wp-content\/uploads\/2023\/10\/Kila.jpeg\" alt=\"\" class=\"wp-image-11\" srcset=\"https:\/\/diario.m-achermann.com\/wp-content\/uploads\/2023\/10\/Kila.jpeg 768w, https:\/\/diario.m-achermann.com\/wp-content\/uploads\/2023\/10\/Kila-225x300.jpeg 225w\" sizes=\"(max-width: 768px) 100vw, 768px\" \/><\/figure>\n<\/div>\n<p>Je remercie \u00e9galement le personnel des soins intensifs du <a href=\"https:\/\/www.cardiocentro.org\/\" target=\"_blank\" rel=\"noopener\" title=\"\">Cardiocentro Ticino<\/a> qui m\u2019a assist\u00e9 et soign\u00e9 avec professionnalisme et une grande humanit\u00e9, envers moi-m\u00eame et ma famille.<\/p>\n","protected":false},"excerpt":{"rendered":"<p>\u00c0 travers mon \u00e9crit, je cherche \u00e0 m\u2019inspirer d\u2019Anna Felder pour le style d\u2019\u00e9criture, sans aucune pr\u00e9somption de pouvoir atteindre la capacit\u00e9 et la beaut\u00e9 de l\u2019\u00e9criture de l\u2019auteure. Cette phrase d\u2019elle m\u2019a particuli\u00e8rement inspir\u00e9 : \u00ab Dans le minimum possible, donner le maximum possible \u00bb. Comme on dit chez nous\u2026 je vais remonter un&hellip;&nbsp;<a href=\"https:\/\/diario.m-achermann.com\/fr\/introduction\/\" rel=\"bookmark\">Read More &raquo;<span class=\"screen-reader-text\">Introduction<\/span><\/a><\/p>\n","protected":false},"author":1,"featured_media":0,"parent":0,"menu_order":0,"comment_status":"open","ping_status":"open","template":"","meta":{"_editorskit_title_hidden":false,"_editorskit_reading_time":0,"_editorskit_is_block_options_detached":false,"_editorskit_block_options_position":"{}","om_disable_all_campaigns":false,"_lmt_disableupdate":"","_lmt_disable":"","_monsterinsights_skip_tracking":false,"_monsterinsights_sitenote_active":false,"_monsterinsights_sitenote_note":"","_monsterinsights_sitenote_category":0,"neve_meta_sidebar":"","neve_meta_container":"","neve_meta_enable_content_width":"","neve_meta_content_width":0,"neve_meta_title_alignment":"","neve_meta_author_avatar":"","neve_post_elements_order":"","neve_meta_disable_header":"","neve_meta_disable_footer":"","neve_meta_disable_title":"","neve_meta_reading_time":"","_themeisle_gutenberg_block_has_review":false,"footnotes":""},"categories":[],"tags":[],"class_list":["post-10032","page","type-page","status-publish","hentry"],"aioseo_notices":[],"aioseo_head":"\n\t\t<!-- All in One SEO Pro 4.9.7.1 - aioseo.com -->\n\t<meta name=\"description\" content=\"D\u00e9couvrez le r\u00e9cit touchant d\u2019une personne ayant affront\u00e9 le COVID, entre d\u00e9fis, perte et espoir, et comment cette exp\u00e9rience a chang\u00e9 sa perception de la vie.\" \/>\n\t<meta name=\"robots\" content=\"max-snippet:-1, max-image-preview:large, max-video-preview:-1\" \/>\n\t<meta name=\"google-site-verification\" content=\"2kcNb_eND2p_5dJ-aEUjUzdL5U1pyWvu9G-2F4Qyiwk\" \/>\n\t<meta name=\"msvalidate.01\" content=\"8A32EFC1288A3ACC21FB6846BFC9E656\" \/>\n\t<link rel=\"canonical\" href=\"https:\/\/diario.m-achermann.com\/fr\/introduction\/\" \/>\n\t<meta name=\"generator\" content=\"All in One SEO Pro (AIOSEO) 4.9.7.1\" \/>\n\t\t<meta property=\"og:locale\" content=\"fr_FR\" \/>\n\t\t<meta property=\"og:site_name\" content=\"ECMO - Journal d&#039;une vie boulevers\u00e9e - Mon aventure, ou plut\u00f4t ma m\u00e9saventure ? De la chance ou de la malchance ?\" \/>\n\t\t<meta property=\"og:type\" content=\"article\" \/>\n\t\t<meta property=\"og:title\" content=\"Journal d\u2019hospitalisation : COVID et r\u00e9silience\" \/>\n\t\t<meta property=\"og:description\" content=\"D\u00e9couvrez le r\u00e9cit touchant d\u2019une personne ayant affront\u00e9 le COVID, entre d\u00e9fis, perte et espoir, et comment cette exp\u00e9rience a chang\u00e9 sa perception de la vie.\" \/>\n\t\t<meta property=\"og:url\" content=\"https:\/\/diario.m-achermann.com\/fr\/introduction\/\" \/>\n\t\t<meta property=\"og:image\" content=\"https:\/\/diario.m-achermann.com\/wp-content\/uploads\/2024\/02\/Mirko.png\" \/>\n\t\t<meta property=\"og:image:secure_url\" content=\"https:\/\/diario.m-achermann.com\/wp-content\/uploads\/2024\/02\/Mirko.png\" \/>\n\t\t<meta property=\"og:image:width\" content=\"200\" \/>\n\t\t<meta property=\"og:image:height\" content=\"200\" \/>\n\t\t<meta property=\"article:published_time\" content=\"2023-10-23T08:59:02+00:00\" \/>\n\t\t<meta property=\"article:modified_time\" content=\"2026-04-01T15:05:50+00:00\" \/>\n\t\t<meta property=\"article:publisher\" content=\"https:\/\/www.facebook.com\/profile.php?id=61556963490212\" \/>\n\t\t<meta name=\"twitter:card\" content=\"summary_large_image\" \/>\n\t\t<meta name=\"twitter:site\" content=\"@Mapi1967\" \/>\n\t\t<meta name=\"twitter:title\" content=\"Journal d\u2019hospitalisation : COVID et r\u00e9silience\" \/>\n\t\t<meta name=\"twitter:description\" content=\"D\u00e9couvrez le r\u00e9cit touchant d\u2019une personne ayant affront\u00e9 le COVID, entre d\u00e9fis, perte et espoir, et comment cette exp\u00e9rience a chang\u00e9 sa perception de la vie.\" \/>\n\t\t<meta name=\"twitter:creator\" content=\"@Mapi1967\" \/>\n\t\t<meta name=\"twitter:image\" content=\"https:\/\/diario.m-achermann.com\/wp-content\/uploads\/2024\/02\/Mirko.png\" \/>\n\t\t<script type=\"application\/ld+json\" class=\"aioseo-schema\">\n\t\t\t{\"@context\":\"https:\\\/\\\/schema.org\",\"@graph\":[{\"@type\":\"BreadcrumbList\",\"@id\":\"https:\\\/\\\/diario.m-achermann.com\\\/fr\\\/introduction\\\/#breadcrumblist\",\"itemListElement\":[{\"@type\":\"ListItem\",\"@id\":\"https:\\\/\\\/diario.m-achermann.com\\\/fr\\\/#listItem\",\"position\":1,\"name\":\"Home\",\"item\":\"https:\\\/\\\/diario.m-achermann.com\\\/fr\\\/\",\"nextItem\":{\"@type\":\"ListItem\",\"@id\":\"https:\\\/\\\/diario.m-achermann.com\\\/fr\\\/introduction\\\/#listItem\",\"name\":\"Introduction\"}},{\"@type\":\"ListItem\",\"@id\":\"https:\\\/\\\/diario.m-achermann.com\\\/fr\\\/introduction\\\/#listItem\",\"position\":2,\"name\":\"Introduction\",\"previousItem\":{\"@type\":\"ListItem\",\"@id\":\"https:\\\/\\\/diario.m-achermann.com\\\/fr\\\/#listItem\",\"name\":\"Home\"}}]},{\"@type\":\"Person\",\"@id\":\"https:\\\/\\\/diario.m-achermann.com\\\/fr\\\/#person\",\"name\":\"Mirko Achermann\",\"image\":{\"@type\":\"ImageObject\",\"@id\":\"https:\\\/\\\/diario.m-achermann.com\\\/fr\\\/introduction\\\/#personImage\",\"url\":\"https:\\\/\\\/secure.gravatar.com\\\/avatar\\\/53bb9dac79236bd713fbe107c9f2410ca8a6094577846073d4bea7d0bab1e51f?s=96&d=mm&r=g\",\"width\":96,\"height\":96,\"caption\":\"Mirko Achermann\"}},{\"@type\":\"WebPage\",\"@id\":\"https:\\\/\\\/diario.m-achermann.com\\\/fr\\\/introduction\\\/#webpage\",\"url\":\"https:\\\/\\\/diario.m-achermann.com\\\/fr\\\/introduction\\\/\",\"name\":\"Journal d\\u2019hospitalisation : COVID et r\\u00e9silience\",\"description\":\"D\\u00e9couvrez le r\\u00e9cit touchant d\\u2019une personne ayant affront\\u00e9 le COVID, entre d\\u00e9fis, perte et espoir, et comment cette exp\\u00e9rience a chang\\u00e9 sa perception de la vie.\",\"inLanguage\":\"fr-FR\",\"isPartOf\":{\"@id\":\"https:\\\/\\\/diario.m-achermann.com\\\/fr\\\/#website\"},\"breadcrumb\":{\"@id\":\"https:\\\/\\\/diario.m-achermann.com\\\/fr\\\/introduction\\\/#breadcrumblist\"},\"datePublished\":\"2023-10-23T10:59:02+02:00\",\"dateModified\":\"2026-04-01T17:05:50+02:00\"},{\"@type\":\"WebSite\",\"@id\":\"https:\\\/\\\/diario.m-achermann.com\\\/fr\\\/#website\",\"url\":\"https:\\\/\\\/diario.m-achermann.com\\\/fr\\\/\",\"name\":\"ECMO \\u2013 Diario di una vita stravolta\",\"alternateName\":\"ECMO\",\"description\":\"Mon aventure, ou plut\\u00f4t ma m\\u00e9saventure ? De la chance ou de la malchance ?\",\"inLanguage\":\"fr-FR\",\"publisher\":{\"@id\":\"https:\\\/\\\/diario.m-achermann.com\\\/fr\\\/#person\"}}]}\n\t\t<\/script>\n\t\t<!-- All in One SEO Pro -->\r\n\t\t<title>Journal d\u2019hospitalisation : COVID et r\u00e9silience<\/title>\n\n","aioseo_head_json":{"title":"Journal d\u2019hospitalisation : COVID et r\u00e9silience","description":"D\u00e9couvrez le r\u00e9cit touchant d\u2019une personne ayant affront\u00e9 le COVID, entre d\u00e9fis, perte et espoir, et comment cette exp\u00e9rience a chang\u00e9 sa perception de la vie.","canonical_url":"https:\/\/diario.m-achermann.com\/fr\/introduction\/","robots":"max-snippet:-1, max-image-preview:large, max-video-preview:-1","keywords":"","webmasterTools":{"google-site-verification":"2kcNb_eND2p_5dJ-aEUjUzdL5U1pyWvu9G-2F4Qyiwk","msvalidate.01":"8A32EFC1288A3ACC21FB6846BFC9E656","miscellaneous":""},"schema":{"@context":"https:\/\/schema.org","@graph":[{"@type":"BreadcrumbList","@id":"https:\/\/diario.m-achermann.com\/fr\/introduction\/#breadcrumblist","itemListElement":[{"@type":"ListItem","@id":"https:\/\/diario.m-achermann.com\/fr\/#listItem","position":1,"name":"Home","item":"https:\/\/diario.m-achermann.com\/fr\/","nextItem":{"@type":"ListItem","@id":"https:\/\/diario.m-achermann.com\/fr\/introduction\/#listItem","name":"Introduction"}},{"@type":"ListItem","@id":"https:\/\/diario.m-achermann.com\/fr\/introduction\/#listItem","position":2,"name":"Introduction","previousItem":{"@type":"ListItem","@id":"https:\/\/diario.m-achermann.com\/fr\/#listItem","name":"Home"}}]},{"@type":"Person","@id":"https:\/\/diario.m-achermann.com\/fr\/#person","name":"Mirko Achermann","image":{"@type":"ImageObject","@id":"https:\/\/diario.m-achermann.com\/fr\/introduction\/#personImage","url":"https:\/\/secure.gravatar.com\/avatar\/53bb9dac79236bd713fbe107c9f2410ca8a6094577846073d4bea7d0bab1e51f?s=96&d=mm&r=g","width":96,"height":96,"caption":"Mirko Achermann"}},{"@type":"WebPage","@id":"https:\/\/diario.m-achermann.com\/fr\/introduction\/#webpage","url":"https:\/\/diario.m-achermann.com\/fr\/introduction\/","name":"Journal d\u2019hospitalisation : COVID et r\u00e9silience","description":"D\u00e9couvrez le r\u00e9cit touchant d\u2019une personne ayant affront\u00e9 le COVID, entre d\u00e9fis, perte et espoir, et comment cette exp\u00e9rience a chang\u00e9 sa perception de la vie.","inLanguage":"fr-FR","isPartOf":{"@id":"https:\/\/diario.m-achermann.com\/fr\/#website"},"breadcrumb":{"@id":"https:\/\/diario.m-achermann.com\/fr\/introduction\/#breadcrumblist"},"datePublished":"2023-10-23T10:59:02+02:00","dateModified":"2026-04-01T17:05:50+02:00"},{"@type":"WebSite","@id":"https:\/\/diario.m-achermann.com\/fr\/#website","url":"https:\/\/diario.m-achermann.com\/fr\/","name":"ECMO \u2013 Diario di una vita stravolta","alternateName":"ECMO","description":"Mon aventure, ou plut\u00f4t ma m\u00e9saventure ? De la chance ou de la malchance ?","inLanguage":"fr-FR","publisher":{"@id":"https:\/\/diario.m-achermann.com\/fr\/#person"}}]},"og:locale":"fr_FR","og:site_name":"ECMO - Journal d'une vie boulevers\u00e9e - Mon aventure, ou plut\u00f4t ma m\u00e9saventure ? De la chance ou de la malchance ?","og:type":"article","og:title":"Journal d\u2019hospitalisation : COVID et r\u00e9silience","og:description":"D\u00e9couvrez le r\u00e9cit touchant d\u2019une personne ayant affront\u00e9 le COVID, entre d\u00e9fis, perte et espoir, et comment cette exp\u00e9rience a chang\u00e9 sa perception de la vie.","og:url":"https:\/\/diario.m-achermann.com\/fr\/introduction\/","og:image":"https:\/\/diario.m-achermann.com\/wp-content\/uploads\/2024\/02\/Mirko.png","og:image:secure_url":"https:\/\/diario.m-achermann.com\/wp-content\/uploads\/2024\/02\/Mirko.png","og:image:width":200,"og:image:height":200,"article:published_time":"2023-10-23T08:59:02+00:00","article:modified_time":"2026-04-01T15:05:50+00:00","article:publisher":"https:\/\/www.facebook.com\/profile.php?id=61556963490212","twitter:card":"summary_large_image","twitter:site":"@Mapi1967","twitter:title":"Journal d\u2019hospitalisation : COVID et r\u00e9silience","twitter:description":"D\u00e9couvrez le r\u00e9cit touchant d\u2019une personne ayant affront\u00e9 le COVID, entre d\u00e9fis, perte et espoir, et comment cette exp\u00e9rience a chang\u00e9 sa perception de la vie.","twitter:creator":"@Mapi1967","twitter:image":"https:\/\/diario.m-achermann.com\/wp-content\/uploads\/2024\/02\/Mirko.png"},"aioseo_meta_data":{"post_id":"10032","title":"Journal d\u2019hospitalisation : COVID et r\u00e9silience","description":"D\u00e9couvrez le r\u00e9cit touchant d\u2019une personne ayant affront\u00e9 le COVID, entre d\u00e9fis, perte et espoir, et comment cette exp\u00e9rience a chang\u00e9 sa perception de la vie.","keywords":null,"keyphrases":{"focus":{"keyphrase":"COVID","score":73,"analysis":{"keyphraseInTitle":{"score":9,"maxScore":9,"error":0},"keyphraseInDescription":{"score":9,"maxScore":9,"error":0},"keyphraseLength":{"score":9,"maxScore":9,"error":0,"length":1},"keyphraseInURL":{"score":1,"maxScore":5,"error":1},"keyphraseInIntroduction":{"score":3,"maxScore":9,"error":1},"keyphraseInSubHeadings":[],"keyphraseInImageAlt":{"score":3,"maxScore":9,"error":1},"keywordDensity":{"type":"best","score":9,"maxScore":9,"error":0}}},"additional":[{"keyphrase":"Introduzione","score":40,"analysis":{"keyphraseInDescription":{"score":3,"maxScore":9,"error":1},"keyphraseLength":{"score":9,"maxScore":9,"error":0,"length":1},"keyphraseInIntroduction":{"score":3,"maxScore":9,"error":1},"keyphraseInImageAlt":{"score":3,"maxScore":9,"error":1},"keywordDensity":{"score":0,"type":"low","maxScore":9,"error":1}}},{"keyphrase":"esperienza","score":53,"analysis":{"keyphraseInDescription":{"score":9,"maxScore":9,"error":0},"keyphraseLength":{"score":9,"maxScore":9,"error":0,"length":1},"keyphraseInIntroduction":{"score":3,"maxScore":9,"error":1},"keyphraseInImageAlt":{"score":3,"maxScore":9,"error":1},"keywordDensity":{"score":0,"type":"low","maxScore":9,"error":1}}},{"keyphrase":"condivisione","score":40,"analysis":{"keyphraseInDescription":{"score":3,"maxScore":9,"error":1},"keyphraseLength":{"score":9,"maxScore":9,"error":0,"length":1},"keyphraseInIntroduction":{"score":3,"maxScore":9,"error":1},"keyphraseInImageAlt":{"score":3,"maxScore":9,"error":1},"keywordDensity":{"score":0,"type":"low","maxScore":9,"error":1}}},{"keyphrase":"malattia","score":60,"analysis":{"keyphraseInDescription":{"score":3,"maxScore":9,"error":1},"keyphraseLength":{"score":9,"maxScore":9,"error":0,"length":1},"keyphraseInIntroduction":{"score":3,"maxScore":9,"error":1},"keyphraseInImageAlt":{"score":3,"maxScore":9,"error":1},"keywordDensity":{"type":"best","score":9,"maxScore":9,"error":0}}},{"keyphrase":"infettiva","score":40,"analysis":{"keyphraseInDescription":{"score":3,"maxScore":9,"error":1},"keyphraseLength":{"score":9,"maxScore":9,"error":0,"length":1},"keyphraseInIntroduction":{"score":3,"maxScore":9,"error":1},"keyphraseInImageAlt":{"score":3,"maxScore":9,"error":1},"keywordDensity":{"score":0,"type":"low","maxScore":9,"error":1}}}]},"primary_term":null,"canonical_url":null,"og_title":null,"og_description":null,"og_object_type":"default","og_image_type":"default","og_image_url":null,"og_image_width":null,"og_image_height":null,"og_image_custom_url":null,"og_image_custom_fields":null,"og_video":"","og_custom_url":null,"og_article_section":null,"og_article_tags":null,"twitter_use_og":false,"twitter_card":"default","twitter_image_type":"default","twitter_image_url":null,"twitter_image_custom_url":null,"twitter_image_custom_fields":null,"twitter_title":null,"twitter_description":null,"schema":{"blockGraphs":[],"customGraphs":[],"default":{"data":{"Article":[],"Course":[],"Dataset":[],"FAQPage":[],"Movie":[],"Person":[],"Product":[],"ProductReview":[],"Car":[],"Recipe":[],"Service":[],"SoftwareApplication":[],"WebPage":[]},"graphName":"WebPage","isEnabled":true},"graphs":[]},"schema_type":"default","schema_type_options":null,"pillar_content":false,"robots_default":true,"robots_noindex":false,"robots_noarchive":false,"robots_nosnippet":false,"robots_nofollow":false,"robots_noimageindex":false,"robots_noodp":false,"robots_notranslate":false,"robots_max_snippet":"-1","robots_max_videopreview":"-1","robots_max_imagepreview":"large","priority":null,"frequency":"default","local_seo":null,"seo_analyzer_scan_date":"2025-12-06 11:45:45","breadcrumb_settings":null,"limit_modified_date":0,"reviewed_by":null,"open_ai":"{\"title\":{\"suggestions\":[\"La mia lotta contro il COVID: una testimonianza di speranza e resilienza\",\"Come ho superato la grave forma di COVID: la mia storia di sopravvivenza\",\"COVID e la mia battaglia contro una malattia immunodepressiva\",\"Il mio diario di sopravvivenza: COVID e la rinascita dopo la malattia\"],\"usage\":0},\"description\":{\"suggestions\":[\"La mia testimonianza sulla lotta contro il COVID e la perdita dei miei genitori\",\"Un diario di sopravvivenza: la mia battaglia contro il COVID e la malattia\",\"Come ho affrontato il COVID e superato una forma grave della malattia\",\"La mia esperienza con il COVID: una storia di resilienza e speranza\",\"Un racconto di dolore e rinascita: la mia lotta contro il COVID e la sua variante inglese\"],\"usage\":0}}","ai":{"faqs":[],"keyPoints":[],"titles":["COVID: La mia lotta e rinascita dopo l'infezione grave","Rispetto al COVID: testimone di una sopravvivenza emblematica","COVID, un viaggio tra sofferenza e speranza: la mia storia","Come il COVID ha cambiato la mia vita: testimonianze e riflessioni","COVID e resilienza: superare il trauma e riscoprire la forza interiore"],"descriptions":["Scopri il racconto toccante di chi ha affrontato il COVID, tra sfide, perdita e speranza, e come questa esperienza ha cambiato la sua percezione della vita.","Vivi un'emozionante testimonianza di sopravvivenza al COVID, tra dolore, respiro difficile e rinascita personale, nello stile di chi ha combattuto con coraggio.","Leggi una storia di resilienza e speranza in tempi di COVID, dove l'autore condivide il suo percorso dalla malattia alla gratitudine, tra momenti bui e luce.","Affronta la realt\u00e0 del COVID attraverso gli occhi di chi l'ha vissuto sulla propria pelle, scoprendo forza e gratitudine nel percorso di guarigione.","Esplora una testimonianza autentica di sopravvivenza al COVID, tra perdita e rinascita, e come questa esperienza possa ispirare a vivere con pi\u00f9 consapevolezza."],"socialPosts":{"email":[],"linkedin":[],"twitter":[],"facebook":[],"instagram":[]}},"created":"2026-04-01 15:05:49","updated":"2026-04-01 18:23:02"},"aioseo_breadcrumb":"<div class=\"aioseo-breadcrumbs\"><span class=\"aioseo-breadcrumb\">\n\t<a href=\"https:\/\/diario.m-achermann.com\/fr\/\" title=\"Home\">Home<\/a>\n<\/span><span class=\"aioseo-breadcrumb-separator\">\u00bb<\/span><span class=\"aioseo-breadcrumb\">\n\tIntroduction\n<\/span><\/div>","aioseo_breadcrumb_json":[{"label":"Home","link":"https:\/\/diario.m-achermann.com\/fr\/"},{"label":"Introduction","link":"https:\/\/diario.m-achermann.com\/fr\/introduction\/"}],"_links":{"self":[{"href":"https:\/\/diario.m-achermann.com\/fr\/wp-json\/wp\/v2\/pages\/10032","targetHints":{"allow":["GET"]}}],"collection":[{"href":"https:\/\/diario.m-achermann.com\/fr\/wp-json\/wp\/v2\/pages"}],"about":[{"href":"https:\/\/diario.m-achermann.com\/fr\/wp-json\/wp\/v2\/types\/page"}],"author":[{"embeddable":true,"href":"https:\/\/diario.m-achermann.com\/fr\/wp-json\/wp\/v2\/users\/1"}],"replies":[{"embeddable":true,"href":"https:\/\/diario.m-achermann.com\/fr\/wp-json\/wp\/v2\/comments?post=10032"}],"version-history":[{"count":1,"href":"https:\/\/diario.m-achermann.com\/fr\/wp-json\/wp\/v2\/pages\/10032\/revisions"}],"predecessor-version":[{"id":10033,"href":"https:\/\/diario.m-achermann.com\/fr\/wp-json\/wp\/v2\/pages\/10032\/revisions\/10033"}],"wp:attachment":[{"href":"https:\/\/diario.m-achermann.com\/fr\/wp-json\/wp\/v2\/media?parent=10032"}],"wp:term":[{"taxonomy":"category","embeddable":true,"href":"https:\/\/diario.m-achermann.com\/fr\/wp-json\/wp\/v2\/categories?post=10032"},{"taxonomy":"post_tag","embeddable":true,"href":"https:\/\/diario.m-achermann.com\/fr\/wp-json\/wp\/v2\/tags?post=10032"}],"curies":[{"name":"wp","href":"https:\/\/api.w.org\/{rel}","templated":true}]}}