{"id":10034,"date":"2023-10-24T08:10:51","date_gmt":"2023-10-24T06:10:51","guid":{"rendered":"https:\/\/diario.m-achermann.com\/le-journal-dhospitalisation\/dimanche-7-fevrier-2021\/"},"modified":"2026-04-01T17:06:07","modified_gmt":"2026-04-01T15:06:07","slug":"dimanche-7-fevrier-2021","status":"publish","type":"page","link":"https:\/\/diario.m-achermann.com\/fr\/le-journal-dhospitalisation\/dimanche-7-fevrier-2021\/","title":{"rendered":"Dimanche 7 f\u00e9vrier 2021"},"content":{"rendered":"\n<p>Bonjour M. Mirko,<br\/>je m&rsquo;appelle Anneke, je suis l&rsquo;infirmi\u00e8re de nuit et c&rsquo;est la premi\u00e8re fois que je m&rsquo;occupe de vous et que je fais votre connaissance. Pour l&rsquo;instant, vous ne parvenez pas \u00e0 nous conna\u00eetre, nous les infirmi\u00e8res ; vous avez besoin de vous reposer pour pouvoir tol\u00e9rer les diff\u00e9rents dispositifs et traitements ; pour le moment, nous ne pouvons suspendre la s\u00e9dation que pour de br\u00e8ves p\u00e9riodes en journ\u00e9e. <br\/>Dans l&rsquo;intention de pouvoir les prolonger progressivement, selon la fa\u00e7on dont vous parvenez \u00e0 tol\u00e9rer ces \u00ab pauses \u00bb. De cette mani\u00e8re, petit \u00e0 petit, vous apprendrez \u00e9galement \u00e0 nous conna\u00eetre ; il faudra certainement du temps pour pouvoir vous passer des diff\u00e9rentes aides qui soutiennent actuellement vos poumons. <br\/>En ce sens, j&rsquo;esp\u00e8re que chaque jour ira un peu mieux et que nous aurons bient\u00f4t l&rsquo;occasion de mieux nous conna\u00eetre \u2013 r\u00e9ciproquement !<\/p>\n\n<p>Courage ! Nous sommes avec vous. <br\/>Anneke<\/p>\n","protected":false},"excerpt":{"rendered":"<p>Bonjour M. Mirko,je m&rsquo;appelle Anneke, je suis l&rsquo;infirmi\u00e8re de nuit et c&rsquo;est la premi\u00e8re fois que je m&rsquo;occupe de vous et que je fais votre connaissance. Pour l&rsquo;instant, vous ne parvenez pas \u00e0 nous conna\u00eetre, nous les infirmi\u00e8res ; vous avez besoin de vous reposer pour pouvoir tol\u00e9rer les diff\u00e9rents dispositifs et traitements ; pour&hellip;&nbsp;<a href=\"https:\/\/diario.m-achermann.com\/fr\/le-journal-dhospitalisation\/dimanche-7-fevrier-2021\/\" rel=\"bookmark\">Read More &raquo;<span class=\"screen-reader-text\">Dimanche 7 f\u00e9vrier 2021<\/span><\/a><\/p>\n","protected":false},"author":1,"featured_media":0,"parent":10023,"menu_order":50,"comment_status":"open","ping_status":"closed","template":"","meta":{"_editorskit_title_hidden":false,"_editorskit_reading_time":0,"_editorskit_is_block_options_detached":false,"_editorskit_block_options_position":"{}","om_disable_all_campaigns":false,"_lmt_disableupdate":"","_lmt_disable":"","_monsterinsights_skip_tracking":false,"_monsterinsights_sitenote_active":false,"_monsterinsights_sitenote_note":"","_monsterinsights_sitenote_category":0,"neve_meta_sidebar":"","neve_meta_container":"","neve_meta_enable_content_width":"","neve_meta_content_width":0,"neve_meta_title_alignment":"","neve_meta_author_avatar":"","neve_post_elements_order":"","neve_meta_disable_header":"","neve_meta_disable_footer":"","neve_meta_disable_title":"","neve_meta_reading_time":"","_themeisle_gutenberg_block_has_review":false,"footnotes":""},"categories":[],"tags":[],"class_list":["post-10034","page","type-page","status-publish","hentry"],"aioseo_notices":[],"aioseo_head":"\n\t\t<!-- All in One SEO Pro 4.9.7.1 - aioseo.com -->\n\t<meta name=\"description\" content=\"Le journal d&#039;hospitalisation r\u00e9dig\u00e9 par Anneke r\u00e9v\u00e8le le d\u00e9fi d\u00e9licat d&#039;une infirmi\u00e8re dans la prise en charge d&#039;un patient, favorisant la confiance et le repos par des mots de soutien.\" \/>\n\t<meta name=\"robots\" content=\"max-snippet:-1, max-image-preview:large, max-video-preview:-1\" \/>\n\t<meta name=\"google-site-verification\" content=\"2kcNb_eND2p_5dJ-aEUjUzdL5U1pyWvu9G-2F4Qyiwk\" \/>\n\t<meta name=\"msvalidate.01\" content=\"8A32EFC1288A3ACC21FB6846BFC9E656\" \/>\n\t<link rel=\"canonical\" href=\"https:\/\/diario.m-achermann.com\/fr\/le-journal-dhospitalisation\/dimanche-7-fevrier-2021\/\" \/>\n\t<meta name=\"generator\" content=\"All in One SEO Pro (AIOSEO) 4.9.7.1\" \/>\n\t\t<meta property=\"og:locale\" content=\"fr_FR\" \/>\n\t\t<meta property=\"og:site_name\" content=\"ECMO - Journal d&#039;une vie boulevers\u00e9e - Mon aventure, ou plut\u00f4t ma m\u00e9saventure ? De la chance ou de la malchance ?\" \/>\n\t\t<meta property=\"og:type\" content=\"article\" \/>\n\t\t<meta property=\"og:title\" content=\"Journal d&#039;hospitalisation : Une mise \u00e0 jour sur les soins\" \/>\n\t\t<meta property=\"og:description\" content=\"Le journal d&#039;hospitalisation r\u00e9dig\u00e9 par Anneke r\u00e9v\u00e8le le d\u00e9fi d\u00e9licat d&#039;une infirmi\u00e8re dans la prise en charge d&#039;un patient, favorisant la confiance et le repos par des mots de soutien.\" \/>\n\t\t<meta property=\"og:url\" content=\"https:\/\/diario.m-achermann.com\/fr\/le-journal-dhospitalisation\/dimanche-7-fevrier-2021\/\" \/>\n\t\t<meta property=\"og:image\" content=\"https:\/\/diario.m-achermann.com\/wp-content\/uploads\/2024\/02\/Mirko.png\" \/>\n\t\t<meta property=\"og:image:secure_url\" content=\"https:\/\/diario.m-achermann.com\/wp-content\/uploads\/2024\/02\/Mirko.png\" \/>\n\t\t<meta property=\"og:image:width\" content=\"200\" \/>\n\t\t<meta property=\"og:image:height\" content=\"200\" \/>\n\t\t<meta property=\"article:published_time\" content=\"2023-10-24T06:10:51+00:00\" \/>\n\t\t<meta property=\"article:modified_time\" content=\"2026-04-01T15:06:07+00:00\" \/>\n\t\t<meta property=\"article:publisher\" content=\"https:\/\/www.facebook.com\/profile.php?id=61556963490212\" \/>\n\t\t<meta name=\"twitter:card\" content=\"summary_large_image\" \/>\n\t\t<meta name=\"twitter:site\" content=\"@Mapi1967\" \/>\n\t\t<meta name=\"twitter:title\" content=\"Journal d&#039;hospitalisation : Une mise \u00e0 jour sur les soins\" \/>\n\t\t<meta name=\"twitter:description\" content=\"Le journal d&#039;hospitalisation r\u00e9dig\u00e9 par Anneke r\u00e9v\u00e8le le d\u00e9fi d\u00e9licat d&#039;une infirmi\u00e8re dans la prise en charge d&#039;un patient, favorisant la confiance et le repos par des mots de soutien.\" \/>\n\t\t<meta name=\"twitter:creator\" content=\"@Mapi1967\" \/>\n\t\t<meta name=\"twitter:image\" content=\"https:\/\/diario.m-achermann.com\/wp-content\/uploads\/2024\/02\/Mirko.png\" \/>\n\t\t<script type=\"application\/ld+json\" class=\"aioseo-schema\">\n\t\t\t{\"@context\":\"https:\\\/\\\/schema.org\",\"@graph\":[{\"@type\":\"BreadcrumbList\",\"@id\":\"https:\\\/\\\/diario.m-achermann.com\\\/fr\\\/le-journal-dhospitalisation\\\/dimanche-7-fevrier-2021\\\/#breadcrumblist\",\"itemListElement\":[{\"@type\":\"ListItem\",\"@id\":\"https:\\\/\\\/diario.m-achermann.com\\\/fr\\\/#listItem\",\"position\":1,\"name\":\"Home\",\"item\":\"https:\\\/\\\/diario.m-achermann.com\\\/fr\\\/\",\"nextItem\":{\"@type\":\"ListItem\",\"@id\":\"https:\\\/\\\/diario.m-achermann.com\\\/fr\\\/le-journal-dhospitalisation\\\/#listItem\",\"name\":\"Le journal d\\u2019hospitalisation\"}},{\"@type\":\"ListItem\",\"@id\":\"https:\\\/\\\/diario.m-achermann.com\\\/fr\\\/le-journal-dhospitalisation\\\/#listItem\",\"position\":2,\"name\":\"Le journal d\\u2019hospitalisation\",\"item\":\"https:\\\/\\\/diario.m-achermann.com\\\/fr\\\/le-journal-dhospitalisation\\\/\",\"nextItem\":{\"@type\":\"ListItem\",\"@id\":\"https:\\\/\\\/diario.m-achermann.com\\\/fr\\\/le-journal-dhospitalisation\\\/dimanche-7-fevrier-2021\\\/#listItem\",\"name\":\"Dimanche 7 f\\u00e9vrier 2021\"},\"previousItem\":{\"@type\":\"ListItem\",\"@id\":\"https:\\\/\\\/diario.m-achermann.com\\\/fr\\\/#listItem\",\"name\":\"Home\"}},{\"@type\":\"ListItem\",\"@id\":\"https:\\\/\\\/diario.m-achermann.com\\\/fr\\\/le-journal-dhospitalisation\\\/dimanche-7-fevrier-2021\\\/#listItem\",\"position\":3,\"name\":\"Dimanche 7 f\\u00e9vrier 2021\",\"previousItem\":{\"@type\":\"ListItem\",\"@id\":\"https:\\\/\\\/diario.m-achermann.com\\\/fr\\\/le-journal-dhospitalisation\\\/#listItem\",\"name\":\"Le journal d\\u2019hospitalisation\"}}]},{\"@type\":\"Person\",\"@id\":\"https:\\\/\\\/diario.m-achermann.com\\\/fr\\\/#person\",\"name\":\"Mirko Achermann\",\"image\":{\"@type\":\"ImageObject\",\"@id\":\"https:\\\/\\\/diario.m-achermann.com\\\/fr\\\/le-journal-dhospitalisation\\\/dimanche-7-fevrier-2021\\\/#personImage\",\"url\":\"https:\\\/\\\/secure.gravatar.com\\\/avatar\\\/53bb9dac79236bd713fbe107c9f2410ca8a6094577846073d4bea7d0bab1e51f?s=96&d=mm&r=g\",\"width\":96,\"height\":96,\"caption\":\"Mirko Achermann\"}},{\"@type\":\"WebPage\",\"@id\":\"https:\\\/\\\/diario.m-achermann.com\\\/fr\\\/le-journal-dhospitalisation\\\/dimanche-7-fevrier-2021\\\/#webpage\",\"url\":\"https:\\\/\\\/diario.m-achermann.com\\\/fr\\\/le-journal-dhospitalisation\\\/dimanche-7-fevrier-2021\\\/\",\"name\":\"Journal d'hospitalisation : Une mise \\u00e0 jour sur les soins\",\"description\":\"Le journal d'hospitalisation r\\u00e9dig\\u00e9 par Anneke r\\u00e9v\\u00e8le le d\\u00e9fi d\\u00e9licat d'une infirmi\\u00e8re dans la prise en charge d'un patient, favorisant la confiance et le repos par des mots de soutien.\",\"inLanguage\":\"fr-FR\",\"isPartOf\":{\"@id\":\"https:\\\/\\\/diario.m-achermann.com\\\/fr\\\/#website\"},\"breadcrumb\":{\"@id\":\"https:\\\/\\\/diario.m-achermann.com\\\/fr\\\/le-journal-dhospitalisation\\\/dimanche-7-fevrier-2021\\\/#breadcrumblist\"},\"datePublished\":\"2023-10-24T08:10:51+02:00\",\"dateModified\":\"2026-04-01T17:06:07+02:00\"},{\"@type\":\"WebSite\",\"@id\":\"https:\\\/\\\/diario.m-achermann.com\\\/fr\\\/#website\",\"url\":\"https:\\\/\\\/diario.m-achermann.com\\\/fr\\\/\",\"name\":\"ECMO \\u2013 Diario di una vita stravolta\",\"alternateName\":\"ECMO\",\"description\":\"Mon aventure, ou plut\\u00f4t ma m\\u00e9saventure ? De la chance ou de la malchance ?\",\"inLanguage\":\"fr-FR\",\"publisher\":{\"@id\":\"https:\\\/\\\/diario.m-achermann.com\\\/fr\\\/#person\"}}]}\n\t\t<\/script>\n\t\t<!-- All in One SEO Pro -->\r\n\t\t<title>Journal d'hospitalisation : Une mise \u00e0 jour sur les soins<\/title>\n\n","aioseo_head_json":{"title":"Journal d'hospitalisation : Une mise \u00e0 jour sur les soins","description":"Le journal d'hospitalisation r\u00e9dig\u00e9 par Anneke r\u00e9v\u00e8le le d\u00e9fi d\u00e9licat d'une infirmi\u00e8re dans la prise en charge d'un patient, favorisant la confiance et le repos par des mots de soutien.","canonical_url":"https:\/\/diario.m-achermann.com\/fr\/le-journal-dhospitalisation\/dimanche-7-fevrier-2021\/","robots":"max-snippet:-1, max-image-preview:large, max-video-preview:-1","keywords":"","webmasterTools":{"google-site-verification":"2kcNb_eND2p_5dJ-aEUjUzdL5U1pyWvu9G-2F4Qyiwk","msvalidate.01":"8A32EFC1288A3ACC21FB6846BFC9E656","miscellaneous":""},"schema":{"@context":"https:\/\/schema.org","@graph":[{"@type":"BreadcrumbList","@id":"https:\/\/diario.m-achermann.com\/fr\/le-journal-dhospitalisation\/dimanche-7-fevrier-2021\/#breadcrumblist","itemListElement":[{"@type":"ListItem","@id":"https:\/\/diario.m-achermann.com\/fr\/#listItem","position":1,"name":"Home","item":"https:\/\/diario.m-achermann.com\/fr\/","nextItem":{"@type":"ListItem","@id":"https:\/\/diario.m-achermann.com\/fr\/le-journal-dhospitalisation\/#listItem","name":"Le journal d\u2019hospitalisation"}},{"@type":"ListItem","@id":"https:\/\/diario.m-achermann.com\/fr\/le-journal-dhospitalisation\/#listItem","position":2,"name":"Le journal d\u2019hospitalisation","item":"https:\/\/diario.m-achermann.com\/fr\/le-journal-dhospitalisation\/","nextItem":{"@type":"ListItem","@id":"https:\/\/diario.m-achermann.com\/fr\/le-journal-dhospitalisation\/dimanche-7-fevrier-2021\/#listItem","name":"Dimanche 7 f\u00e9vrier 2021"},"previousItem":{"@type":"ListItem","@id":"https:\/\/diario.m-achermann.com\/fr\/#listItem","name":"Home"}},{"@type":"ListItem","@id":"https:\/\/diario.m-achermann.com\/fr\/le-journal-dhospitalisation\/dimanche-7-fevrier-2021\/#listItem","position":3,"name":"Dimanche 7 f\u00e9vrier 2021","previousItem":{"@type":"ListItem","@id":"https:\/\/diario.m-achermann.com\/fr\/le-journal-dhospitalisation\/#listItem","name":"Le journal d\u2019hospitalisation"}}]},{"@type":"Person","@id":"https:\/\/diario.m-achermann.com\/fr\/#person","name":"Mirko Achermann","image":{"@type":"ImageObject","@id":"https:\/\/diario.m-achermann.com\/fr\/le-journal-dhospitalisation\/dimanche-7-fevrier-2021\/#personImage","url":"https:\/\/secure.gravatar.com\/avatar\/53bb9dac79236bd713fbe107c9f2410ca8a6094577846073d4bea7d0bab1e51f?s=96&d=mm&r=g","width":96,"height":96,"caption":"Mirko Achermann"}},{"@type":"WebPage","@id":"https:\/\/diario.m-achermann.com\/fr\/le-journal-dhospitalisation\/dimanche-7-fevrier-2021\/#webpage","url":"https:\/\/diario.m-achermann.com\/fr\/le-journal-dhospitalisation\/dimanche-7-fevrier-2021\/","name":"Journal d'hospitalisation : Une mise \u00e0 jour sur les soins","description":"Le journal d'hospitalisation r\u00e9dig\u00e9 par Anneke r\u00e9v\u00e8le le d\u00e9fi d\u00e9licat d'une infirmi\u00e8re dans la prise en charge d'un patient, favorisant la confiance et le repos par des mots de soutien.","inLanguage":"fr-FR","isPartOf":{"@id":"https:\/\/diario.m-achermann.com\/fr\/#website"},"breadcrumb":{"@id":"https:\/\/diario.m-achermann.com\/fr\/le-journal-dhospitalisation\/dimanche-7-fevrier-2021\/#breadcrumblist"},"datePublished":"2023-10-24T08:10:51+02:00","dateModified":"2026-04-01T17:06:07+02:00"},{"@type":"WebSite","@id":"https:\/\/diario.m-achermann.com\/fr\/#website","url":"https:\/\/diario.m-achermann.com\/fr\/","name":"ECMO \u2013 Diario di una vita stravolta","alternateName":"ECMO","description":"Mon aventure, ou plut\u00f4t ma m\u00e9saventure ? De la chance ou de la malchance ?","inLanguage":"fr-FR","publisher":{"@id":"https:\/\/diario.m-achermann.com\/fr\/#person"}}]},"og:locale":"fr_FR","og:site_name":"ECMO - Journal d'une vie boulevers\u00e9e - Mon aventure, ou plut\u00f4t ma m\u00e9saventure ? De la chance ou de la malchance ?","og:type":"article","og:title":"Journal d'hospitalisation : Une mise \u00e0 jour sur les soins","og:description":"Le journal d'hospitalisation r\u00e9dig\u00e9 par Anneke r\u00e9v\u00e8le le d\u00e9fi d\u00e9licat d'une infirmi\u00e8re dans la prise en charge d'un patient, favorisant la confiance et le repos par des mots de soutien.","og:url":"https:\/\/diario.m-achermann.com\/fr\/le-journal-dhospitalisation\/dimanche-7-fevrier-2021\/","og:image":"https:\/\/diario.m-achermann.com\/wp-content\/uploads\/2024\/02\/Mirko.png","og:image:secure_url":"https:\/\/diario.m-achermann.com\/wp-content\/uploads\/2024\/02\/Mirko.png","og:image:width":200,"og:image:height":200,"article:published_time":"2023-10-24T06:10:51+00:00","article:modified_time":"2026-04-01T15:06:07+00:00","article:publisher":"https:\/\/www.facebook.com\/profile.php?id=61556963490212","twitter:card":"summary_large_image","twitter:site":"@Mapi1967","twitter:title":"Journal d'hospitalisation : Une mise \u00e0 jour sur les soins","twitter:description":"Le journal d'hospitalisation r\u00e9dig\u00e9 par Anneke r\u00e9v\u00e8le le d\u00e9fi d\u00e9licat d'une infirmi\u00e8re dans la prise en charge d'un patient, favorisant la confiance et le repos par des mots de soutien.","twitter:creator":"@Mapi1967","twitter:image":"https:\/\/diario.m-achermann.com\/wp-content\/uploads\/2024\/02\/Mirko.png"},"aioseo_meta_data":{"post_id":"10034","title":"Journal d'hospitalisation : Une mise \u00e0 jour sur les soins","description":"Le journal d'hospitalisation r\u00e9dig\u00e9 par Anneke r\u00e9v\u00e8le le d\u00e9fi d\u00e9licat d'une infirmi\u00e8re dans la prise en charge d'un patient, favorisant la confiance et le repos par des mots de soutien.","keywords":null,"keyphrases":{"focus":{"keyphrase":"Diario","score":70,"analysis":{"keyphraseInTitle":{"score":9,"maxScore":9,"error":0},"keyphraseInDescription":{"score":9,"maxScore":9,"error":0},"keyphraseLength":{"score":9,"maxScore":9,"error":0,"length":1},"keyphraseInURL":{"score":5,"maxScore":5,"error":0},"keyphraseInIntroduction":{"score":3,"maxScore":9,"error":1},"keyphraseInSubHeadings":[],"keyphraseInImageAlt":[],"keywordDensity":{"score":0,"type":"low","maxScore":9,"error":1}}},"additional":[{"keyphrase":"Cardiocentro","score":42,"analysis":{"keyphraseInDescription":{"score":3,"maxScore":9,"error":1},"keyphraseLength":{"score":9,"maxScore":9,"error":0,"length":1},"keyphraseInIntroduction":{"score":3,"maxScore":9,"error":1},"keyphraseInImageAlt":[],"keywordDensity":{"score":0,"type":"low","maxScore":9,"error":1}}},{"keyphrase":"degenza","score":58,"analysis":{"keyphraseInDescription":{"score":9,"maxScore":9,"error":0},"keyphraseLength":{"score":9,"maxScore":9,"error":0,"length":1},"keyphraseInIntroduction":{"score":3,"maxScore":9,"error":1},"keyphraseInImageAlt":[],"keywordDensity":{"score":0,"type":"low","maxScore":9,"error":1}}},{"keyphrase":"ECMO","score":42,"analysis":{"keyphraseInDescription":{"score":3,"maxScore":9,"error":1},"keyphraseLength":{"score":9,"maxScore":9,"error":0,"length":1},"keyphraseInIntroduction":{"score":3,"maxScore":9,"error":1},"keyphraseInImageAlt":[],"keywordDensity":{"score":0,"type":"low","maxScore":9,"error":1}}}]},"primary_term":null,"canonical_url":null,"og_title":null,"og_description":null,"og_object_type":"default","og_image_type":"default","og_image_url":null,"og_image_width":null,"og_image_height":null,"og_image_custom_url":null,"og_image_custom_fields":null,"og_video":"","og_custom_url":null,"og_article_section":null,"og_article_tags":null,"twitter_use_og":false,"twitter_card":"default","twitter_image_type":"default","twitter_image_url":null,"twitter_image_custom_url":null,"twitter_image_custom_fields":null,"twitter_title":null,"twitter_description":null,"schema":{"blockGraphs":[],"customGraphs":[],"default":{"data":{"Article":[],"Course":[],"Dataset":[],"FAQPage":[],"Movie":[],"Person":[],"Product":[],"ProductReview":[],"Car":[],"Recipe":[],"Service":[],"SoftwareApplication":[],"WebPage":[]},"graphName":"WebPage","isEnabled":true},"graphs":[]},"schema_type":"default","schema_type_options":null,"pillar_content":false,"robots_default":true,"robots_noindex":false,"robots_noarchive":false,"robots_nosnippet":false,"robots_nofollow":false,"robots_noimageindex":false,"robots_noodp":false,"robots_notranslate":false,"robots_max_snippet":"-1","robots_max_videopreview":"-1","robots_max_imagepreview":"large","priority":null,"frequency":"default","local_seo":null,"seo_analyzer_scan_date":"2026-04-01 15:52:59","breadcrumb_settings":null,"limit_modified_date":0,"reviewed_by":null,"open_ai":"{\"title\":{\"suggestions\":[],\"usage\":0},\"description\":{\"suggestions\":[],\"usage\":0}}","ai":{"faqs":[],"keyPoints":[],"titles":["Diario: Un aggiornamento sulla cura e il percorso di recupero"],"descriptions":["Scopra il diario di Anneke, infermiera notturna, che con parole di speranza e cura accompagna il percorso di paziente e rassicura con empatia.","Il diario di Anneke rivela la delicata sfida di un'infermiera nel prendersi cura di un paziente, favorendo la fiducia e il riposo attraverso parole di supporto.","In questo diario, Anneke condivide il suo approccio gentile e paziente nel prendersi cura di un paziente, evidenziando l'importanza di ogni piccolo progresso.","Un diario che mostra come parole di conforto e pazienza possano fare la differenza nella cura di un paziente in un momento difficile.","Leggi il diario di Anneke, che con empatia e determinazione aiuta un paziente a superare le difficolt\u00e0 del percorso di cura, con speranza e calma tra le righe."],"socialPosts":{"email":[],"linkedin":[],"twitter":[],"facebook":[],"instagram":[]}},"created":"2026-04-01 15:06:04","updated":"2026-04-01 18:23:02"},"aioseo_breadcrumb":"<div class=\"aioseo-breadcrumbs\"><span class=\"aioseo-breadcrumb\">\n\t<a href=\"https:\/\/diario.m-achermann.com\/fr\/\" title=\"Home\">Home<\/a>\n<\/span><span class=\"aioseo-breadcrumb-separator\">\u00bb<\/span><span class=\"aioseo-breadcrumb\">\n\t<a href=\"https:\/\/diario.m-achermann.com\/fr\/le-journal-dhospitalisation\/\" title=\"Le journal d\u2019hospitalisation\">Le journal d\u2019hospitalisation<\/a>\n<\/span><span class=\"aioseo-breadcrumb-separator\">\u00bb<\/span><span class=\"aioseo-breadcrumb\">\n\tDimanche 7 f\u00e9vrier 2021\n<\/span><\/div>","aioseo_breadcrumb_json":[{"label":"Home","link":"https:\/\/diario.m-achermann.com\/fr\/"},{"label":"Le journal d\u2019hospitalisation","link":"https:\/\/diario.m-achermann.com\/fr\/le-journal-dhospitalisation\/"},{"label":"Dimanche 7 f\u00e9vrier 2021","link":"https:\/\/diario.m-achermann.com\/fr\/le-journal-dhospitalisation\/dimanche-7-fevrier-2021\/"}],"_links":{"self":[{"href":"https:\/\/diario.m-achermann.com\/fr\/wp-json\/wp\/v2\/pages\/10034","targetHints":{"allow":["GET"]}}],"collection":[{"href":"https:\/\/diario.m-achermann.com\/fr\/wp-json\/wp\/v2\/pages"}],"about":[{"href":"https:\/\/diario.m-achermann.com\/fr\/wp-json\/wp\/v2\/types\/page"}],"author":[{"embeddable":true,"href":"https:\/\/diario.m-achermann.com\/fr\/wp-json\/wp\/v2\/users\/1"}],"replies":[{"embeddable":true,"href":"https:\/\/diario.m-achermann.com\/fr\/wp-json\/wp\/v2\/comments?post=10034"}],"version-history":[{"count":1,"href":"https:\/\/diario.m-achermann.com\/fr\/wp-json\/wp\/v2\/pages\/10034\/revisions"}],"predecessor-version":[{"id":10035,"href":"https:\/\/diario.m-achermann.com\/fr\/wp-json\/wp\/v2\/pages\/10034\/revisions\/10035"}],"up":[{"embeddable":true,"href":"https:\/\/diario.m-achermann.com\/fr\/wp-json\/wp\/v2\/pages\/10023"}],"wp:attachment":[{"href":"https:\/\/diario.m-achermann.com\/fr\/wp-json\/wp\/v2\/media?parent=10034"}],"wp:term":[{"taxonomy":"category","embeddable":true,"href":"https:\/\/diario.m-achermann.com\/fr\/wp-json\/wp\/v2\/categories?post=10034"},{"taxonomy":"post_tag","embeddable":true,"href":"https:\/\/diario.m-achermann.com\/fr\/wp-json\/wp\/v2\/tags?post=10034"}],"curies":[{"name":"wp","href":"https:\/\/api.w.org\/{rel}","templated":true}]}}