{"id":10038,"date":"2023-10-23T20:25:39","date_gmt":"2023-10-23T18:25:39","guid":{"rendered":"https:\/\/diario.m-achermann.com\/le-journal-dhospitalisation\/dimanche-31-janvier-2021-a-22h00\/"},"modified":"2026-04-01T17:06:07","modified_gmt":"2026-04-01T15:06:07","slug":"dimanche-31-janvier-2021-a-22h00","status":"publish","type":"page","link":"https:\/\/diario.m-achermann.com\/fr\/le-journal-dhospitalisation\/dimanche-31-janvier-2021-a-22h00\/","title":{"rendered":"Dimanche 31 janvier 2021 \u00e0 22h00"},"content":{"rendered":"\n<p>Bonsoir M. Mirko, je m\u2019appelle Stefania et je suis infirmi\u00e8re aux soins intensifs du Cardiocentro.<\/p>\n\n<p>Je vous \u00e9cris ce journal afin qu\u2019une fois de retour chez vous, vous puissiez reconstruire votre parcours et r\u00e9pondre \u00e0 d\u2019\u00e9ventuelles questions.<\/p>\n\n<p>Vous avez \u00e9t\u00e9 transf\u00e9r\u00e9 de l\u2019h\u00f4pital de Moncucco o\u00f9 vous \u00e9tiez hospitalis\u00e9 pour un probl\u00e8me respiratoire d\u00fb au Covid.<\/p>\n\n<p>D\u2019apr\u00e8s ce que les m\u00e9decins de Moncucco m\u2019ont racont\u00e9 ce matin, ils vous ont pos\u00e9 un tube dans la bouche pour vous faire respirer \u00e0 l\u2019aide d\u2019un respirateur m\u00e9canique. Le support respiratoire n\u2019a cependant pas \u00e9t\u00e9 suffisant pour vous garantir une bonne oxyg\u00e9nation, vous avez donc \u00e9t\u00e9 transf\u00e9r\u00e9 ici, au Cardiocentro. <\/p>\n\n<p>En salle d\u2019op\u00e9ration, ils vous ont pos\u00e9 au niveau du cou et de l\u2019aine deux grosses canules qui servent \u00e0 pr\u00e9lever le sang, \u00e0 le faire \u00ab passer \u00bb dans une machine appel\u00e9e ExtraCorporeal Membrane Oxygenation (ECMO) qui oxyg\u00e8ne et \u00e9limine le dioxyde de carbone, puis \u00e0 le \u00ab r\u00e9injecter \u00bb dans votre corps.<\/p>\n\n<p>Vous vous trouvez donc actuellement sur un lit avec un matelas \u00e0 air, avec un tube dans la bouche reli\u00e9 au respirateur, les canules de l\u2019ECMO et un cath\u00e9ter (fin) dans le cou qui sert \u00e0 vous administrer les m\u00e9dicaments par voie intraveineuse. <br\/>Pour le moment, vous \u00eates calme car nous vous administrons des m\u00e9dicaments pour dormir et vous aider \u00e0 supporter tous ces tubes. <\/p>\n\n<p>En vous regardant, vous me semblez serein car votre visage est d\u00e9tendu.<\/p>\n\n<p>Je vous salue maintenant et vous souhaite une bonne nuit. <\/p>\n\n<p>Stefania<\/p>\n\n<figure class=\"wp-block-image size-large\"><img decoding=\"async\" width=\"1024\" height=\"849\" src=\"https:\/\/diario.m-achermann.com\/wp-content\/uploads\/2023\/11\/RX-Torace_20210201-1024x849.jpg\" alt=\"\" class=\"wp-image-814\" srcset=\"https:\/\/diario.m-achermann.com\/wp-content\/uploads\/2023\/11\/RX-Torace_20210201-1024x849.jpg 1024w, https:\/\/diario.m-achermann.com\/wp-content\/uploads\/2023\/11\/RX-Torace_20210201-300x249.jpg 300w, https:\/\/diario.m-achermann.com\/wp-content\/uploads\/2023\/11\/RX-Torace_20210201-768x637.jpg 768w, https:\/\/diario.m-achermann.com\/wp-content\/uploads\/2023\/11\/RX-Torace_20210201-1536x1273.jpg 1536w, https:\/\/diario.m-achermann.com\/wp-content\/uploads\/2023\/11\/RX-Torace_20210201-2048x1697.jpg 2048w\" sizes=\"(max-width: 1024px) 100vw, 1024px\" \/><figcaption class=\"wp-element-caption\">Radiographie de mes poumons r\u00e9alis\u00e9e quelques heures apr\u00e8s l\u2019admission (01.02.2021 \u00e0 00h14:56)<\/figcaption><\/figure>\n","protected":false},"excerpt":{"rendered":"<p>Bonsoir M. Mirko, je m\u2019appelle Stefania et je suis infirmi\u00e8re aux soins intensifs du Cardiocentro. Je vous \u00e9cris ce journal afin qu\u2019une fois de retour chez vous, vous puissiez reconstruire votre parcours et r\u00e9pondre \u00e0 d\u2019\u00e9ventuelles questions. Vous avez \u00e9t\u00e9 transf\u00e9r\u00e9 de l\u2019h\u00f4pital de Moncucco o\u00f9 vous \u00e9tiez hospitalis\u00e9 pour un probl\u00e8me respiratoire d\u00fb au&hellip;&nbsp;<a href=\"https:\/\/diario.m-achermann.com\/fr\/le-journal-dhospitalisation\/dimanche-31-janvier-2021-a-22h00\/\" rel=\"bookmark\">Read More &raquo;<span class=\"screen-reader-text\">Dimanche 31 janvier 2021 \u00e0 22h00<\/span><\/a><\/p>\n","protected":false},"author":1,"featured_media":0,"parent":10023,"menu_order":40,"comment_status":"open","ping_status":"closed","template":"","meta":{"_editorskit_title_hidden":false,"_editorskit_reading_time":0,"_editorskit_is_block_options_detached":false,"_editorskit_block_options_position":"{}","om_disable_all_campaigns":false,"_lmt_disableupdate":"","_lmt_disable":"","_monsterinsights_skip_tracking":false,"_monsterinsights_sitenote_active":false,"_monsterinsights_sitenote_note":"","_monsterinsights_sitenote_category":0,"neve_meta_sidebar":"","neve_meta_container":"","neve_meta_enable_content_width":"","neve_meta_content_width":0,"neve_meta_title_alignment":"","neve_meta_author_avatar":"","neve_post_elements_order":"","neve_meta_disable_header":"","neve_meta_disable_footer":"","neve_meta_disable_title":"","neve_meta_reading_time":"","_themeisle_gutenberg_block_has_review":false,"footnotes":""},"categories":[],"tags":[],"class_list":["post-10038","page","type-page","status-publish","hentry"],"aioseo_notices":[],"aioseo_head":"\n\t\t<!-- All in One SEO Pro 4.9.7.1 - aioseo.com -->\n\t<meta name=\"description\" content=\"D\u00e9couvrez le journal d\u2019hospitalisation \u00e9crit par Stefania, infirmi\u00e8re au Cardiocentro, qui raconte le parcours d\u2019un patient transf\u00e9r\u00e9 suite \u00e0 des complications li\u00e9es au Covid.\" \/>\n\t<meta name=\"robots\" content=\"max-snippet:-1, max-image-preview:large, max-video-preview:-1\" \/>\n\t<meta name=\"google-site-verification\" content=\"2kcNb_eND2p_5dJ-aEUjUzdL5U1pyWvu9G-2F4Qyiwk\" \/>\n\t<meta name=\"msvalidate.01\" content=\"8A32EFC1288A3ACC21FB6846BFC9E656\" \/>\n\t<link rel=\"canonical\" href=\"https:\/\/diario.m-achermann.com\/fr\/le-journal-dhospitalisation\/dimanche-31-janvier-2021-a-22h00\/\" \/>\n\t<meta name=\"generator\" content=\"All in One SEO Pro (AIOSEO) 4.9.7.1\" \/>\n\t\t<meta property=\"og:locale\" content=\"fr_FR\" \/>\n\t\t<meta property=\"og:site_name\" content=\"ECMO - Journal d&#039;une vie boulevers\u00e9e - Mon aventure, ou plut\u00f4t ma m\u00e9saventure ? De la chance ou de la malchance ?\" \/>\n\t\t<meta property=\"og:type\" content=\"article\" \/>\n\t\t<meta property=\"og:title\" content=\"Journal d\u2019une infirmi\u00e8re : Le parcours de Mirko en soins intensifs\" \/>\n\t\t<meta property=\"og:description\" content=\"D\u00e9couvrez le journal d\u2019hospitalisation \u00e9crit par Stefania, infirmi\u00e8re au Cardiocentro, qui raconte le parcours d\u2019un patient transf\u00e9r\u00e9 suite \u00e0 des complications li\u00e9es au Covid.\" \/>\n\t\t<meta property=\"og:url\" content=\"https:\/\/diario.m-achermann.com\/fr\/le-journal-dhospitalisation\/dimanche-31-janvier-2021-a-22h00\/\" \/>\n\t\t<meta property=\"og:image\" content=\"https:\/\/diario.m-achermann.com\/wp-content\/uploads\/2024\/02\/Mirko.png\" \/>\n\t\t<meta property=\"og:image:secure_url\" content=\"https:\/\/diario.m-achermann.com\/wp-content\/uploads\/2024\/02\/Mirko.png\" \/>\n\t\t<meta property=\"og:image:width\" content=\"200\" \/>\n\t\t<meta property=\"og:image:height\" content=\"200\" \/>\n\t\t<meta property=\"article:published_time\" content=\"2023-10-23T18:25:39+00:00\" \/>\n\t\t<meta property=\"article:modified_time\" content=\"2026-04-01T15:06:07+00:00\" \/>\n\t\t<meta property=\"article:publisher\" content=\"https:\/\/www.facebook.com\/profile.php?id=61556963490212\" \/>\n\t\t<meta name=\"twitter:card\" content=\"summary_large_image\" \/>\n\t\t<meta name=\"twitter:site\" content=\"@Mapi1967\" \/>\n\t\t<meta name=\"twitter:title\" content=\"Journal d\u2019une infirmi\u00e8re : Le parcours de Mirko en soins intensifs\" \/>\n\t\t<meta name=\"twitter:description\" content=\"D\u00e9couvrez le journal d\u2019hospitalisation \u00e9crit par Stefania, infirmi\u00e8re au Cardiocentro, qui raconte le parcours d\u2019un patient transf\u00e9r\u00e9 suite \u00e0 des complications li\u00e9es au Covid.\" \/>\n\t\t<meta name=\"twitter:creator\" content=\"@Mapi1967\" \/>\n\t\t<meta name=\"twitter:image\" content=\"https:\/\/diario.m-achermann.com\/wp-content\/uploads\/2024\/02\/Mirko.png\" \/>\n\t\t<script type=\"application\/ld+json\" class=\"aioseo-schema\">\n\t\t\t{\"@context\":\"https:\\\/\\\/schema.org\",\"@graph\":[{\"@type\":\"BreadcrumbList\",\"@id\":\"https:\\\/\\\/diario.m-achermann.com\\\/fr\\\/le-journal-dhospitalisation\\\/dimanche-31-janvier-2021-a-22h00\\\/#breadcrumblist\",\"itemListElement\":[{\"@type\":\"ListItem\",\"@id\":\"https:\\\/\\\/diario.m-achermann.com\\\/fr\\\/#listItem\",\"position\":1,\"name\":\"Home\",\"item\":\"https:\\\/\\\/diario.m-achermann.com\\\/fr\\\/\",\"nextItem\":{\"@type\":\"ListItem\",\"@id\":\"https:\\\/\\\/diario.m-achermann.com\\\/fr\\\/le-journal-dhospitalisation\\\/#listItem\",\"name\":\"Le journal d\\u2019hospitalisation\"}},{\"@type\":\"ListItem\",\"@id\":\"https:\\\/\\\/diario.m-achermann.com\\\/fr\\\/le-journal-dhospitalisation\\\/#listItem\",\"position\":2,\"name\":\"Le journal d\\u2019hospitalisation\",\"item\":\"https:\\\/\\\/diario.m-achermann.com\\\/fr\\\/le-journal-dhospitalisation\\\/\",\"nextItem\":{\"@type\":\"ListItem\",\"@id\":\"https:\\\/\\\/diario.m-achermann.com\\\/fr\\\/le-journal-dhospitalisation\\\/dimanche-31-janvier-2021-a-22h00\\\/#listItem\",\"name\":\"Dimanche 31 janvier 2021 \\u00e0 22h00\"},\"previousItem\":{\"@type\":\"ListItem\",\"@id\":\"https:\\\/\\\/diario.m-achermann.com\\\/fr\\\/#listItem\",\"name\":\"Home\"}},{\"@type\":\"ListItem\",\"@id\":\"https:\\\/\\\/diario.m-achermann.com\\\/fr\\\/le-journal-dhospitalisation\\\/dimanche-31-janvier-2021-a-22h00\\\/#listItem\",\"position\":3,\"name\":\"Dimanche 31 janvier 2021 \\u00e0 22h00\",\"previousItem\":{\"@type\":\"ListItem\",\"@id\":\"https:\\\/\\\/diario.m-achermann.com\\\/fr\\\/le-journal-dhospitalisation\\\/#listItem\",\"name\":\"Le journal d\\u2019hospitalisation\"}}]},{\"@type\":\"Person\",\"@id\":\"https:\\\/\\\/diario.m-achermann.com\\\/fr\\\/#person\",\"name\":\"Mirko Achermann\",\"image\":{\"@type\":\"ImageObject\",\"@id\":\"https:\\\/\\\/diario.m-achermann.com\\\/fr\\\/le-journal-dhospitalisation\\\/dimanche-31-janvier-2021-a-22h00\\\/#personImage\",\"url\":\"https:\\\/\\\/secure.gravatar.com\\\/avatar\\\/53bb9dac79236bd713fbe107c9f2410ca8a6094577846073d4bea7d0bab1e51f?s=96&d=mm&r=g\",\"width\":96,\"height\":96,\"caption\":\"Mirko Achermann\"}},{\"@type\":\"WebPage\",\"@id\":\"https:\\\/\\\/diario.m-achermann.com\\\/fr\\\/le-journal-dhospitalisation\\\/dimanche-31-janvier-2021-a-22h00\\\/#webpage\",\"url\":\"https:\\\/\\\/diario.m-achermann.com\\\/fr\\\/le-journal-dhospitalisation\\\/dimanche-31-janvier-2021-a-22h00\\\/\",\"name\":\"Journal d\\u2019une infirmi\\u00e8re : Le parcours de Mirko en soins intensifs\",\"description\":\"D\\u00e9couvrez le journal d\\u2019hospitalisation \\u00e9crit par Stefania, infirmi\\u00e8re au Cardiocentro, qui raconte le parcours d\\u2019un patient transf\\u00e9r\\u00e9 suite \\u00e0 des complications li\\u00e9es au Covid.\",\"inLanguage\":\"fr-FR\",\"isPartOf\":{\"@id\":\"https:\\\/\\\/diario.m-achermann.com\\\/fr\\\/#website\"},\"breadcrumb\":{\"@id\":\"https:\\\/\\\/diario.m-achermann.com\\\/fr\\\/le-journal-dhospitalisation\\\/dimanche-31-janvier-2021-a-22h00\\\/#breadcrumblist\"},\"datePublished\":\"2023-10-23T20:25:39+02:00\",\"dateModified\":\"2026-04-01T17:06:07+02:00\"},{\"@type\":\"WebSite\",\"@id\":\"https:\\\/\\\/diario.m-achermann.com\\\/fr\\\/#website\",\"url\":\"https:\\\/\\\/diario.m-achermann.com\\\/fr\\\/\",\"name\":\"ECMO \\u2013 Diario di una vita stravolta\",\"alternateName\":\"ECMO\",\"description\":\"Mon aventure, ou plut\\u00f4t ma m\\u00e9saventure ? De la chance ou de la malchance ?\",\"inLanguage\":\"fr-FR\",\"publisher\":{\"@id\":\"https:\\\/\\\/diario.m-achermann.com\\\/fr\\\/#person\"}}]}\n\t\t<\/script>\n\t\t<!-- All in One SEO Pro -->\r\n\t\t<title>Journal d\u2019une infirmi\u00e8re : Le parcours de Mirko en soins intensifs<\/title>\n\n","aioseo_head_json":{"title":"Journal d\u2019une infirmi\u00e8re : Le parcours de Mirko en soins intensifs","description":"D\u00e9couvrez le journal d\u2019hospitalisation \u00e9crit par Stefania, infirmi\u00e8re au Cardiocentro, qui raconte le parcours d\u2019un patient transf\u00e9r\u00e9 suite \u00e0 des complications li\u00e9es au Covid.","canonical_url":"https:\/\/diario.m-achermann.com\/fr\/le-journal-dhospitalisation\/dimanche-31-janvier-2021-a-22h00\/","robots":"max-snippet:-1, max-image-preview:large, max-video-preview:-1","keywords":"","webmasterTools":{"google-site-verification":"2kcNb_eND2p_5dJ-aEUjUzdL5U1pyWvu9G-2F4Qyiwk","msvalidate.01":"8A32EFC1288A3ACC21FB6846BFC9E656","miscellaneous":""},"schema":{"@context":"https:\/\/schema.org","@graph":[{"@type":"BreadcrumbList","@id":"https:\/\/diario.m-achermann.com\/fr\/le-journal-dhospitalisation\/dimanche-31-janvier-2021-a-22h00\/#breadcrumblist","itemListElement":[{"@type":"ListItem","@id":"https:\/\/diario.m-achermann.com\/fr\/#listItem","position":1,"name":"Home","item":"https:\/\/diario.m-achermann.com\/fr\/","nextItem":{"@type":"ListItem","@id":"https:\/\/diario.m-achermann.com\/fr\/le-journal-dhospitalisation\/#listItem","name":"Le journal d\u2019hospitalisation"}},{"@type":"ListItem","@id":"https:\/\/diario.m-achermann.com\/fr\/le-journal-dhospitalisation\/#listItem","position":2,"name":"Le journal d\u2019hospitalisation","item":"https:\/\/diario.m-achermann.com\/fr\/le-journal-dhospitalisation\/","nextItem":{"@type":"ListItem","@id":"https:\/\/diario.m-achermann.com\/fr\/le-journal-dhospitalisation\/dimanche-31-janvier-2021-a-22h00\/#listItem","name":"Dimanche 31 janvier 2021 \u00e0 22h00"},"previousItem":{"@type":"ListItem","@id":"https:\/\/diario.m-achermann.com\/fr\/#listItem","name":"Home"}},{"@type":"ListItem","@id":"https:\/\/diario.m-achermann.com\/fr\/le-journal-dhospitalisation\/dimanche-31-janvier-2021-a-22h00\/#listItem","position":3,"name":"Dimanche 31 janvier 2021 \u00e0 22h00","previousItem":{"@type":"ListItem","@id":"https:\/\/diario.m-achermann.com\/fr\/le-journal-dhospitalisation\/#listItem","name":"Le journal d\u2019hospitalisation"}}]},{"@type":"Person","@id":"https:\/\/diario.m-achermann.com\/fr\/#person","name":"Mirko Achermann","image":{"@type":"ImageObject","@id":"https:\/\/diario.m-achermann.com\/fr\/le-journal-dhospitalisation\/dimanche-31-janvier-2021-a-22h00\/#personImage","url":"https:\/\/secure.gravatar.com\/avatar\/53bb9dac79236bd713fbe107c9f2410ca8a6094577846073d4bea7d0bab1e51f?s=96&d=mm&r=g","width":96,"height":96,"caption":"Mirko Achermann"}},{"@type":"WebPage","@id":"https:\/\/diario.m-achermann.com\/fr\/le-journal-dhospitalisation\/dimanche-31-janvier-2021-a-22h00\/#webpage","url":"https:\/\/diario.m-achermann.com\/fr\/le-journal-dhospitalisation\/dimanche-31-janvier-2021-a-22h00\/","name":"Journal d\u2019une infirmi\u00e8re : Le parcours de Mirko en soins intensifs","description":"D\u00e9couvrez le journal d\u2019hospitalisation \u00e9crit par Stefania, infirmi\u00e8re au Cardiocentro, qui raconte le parcours d\u2019un patient transf\u00e9r\u00e9 suite \u00e0 des complications li\u00e9es au Covid.","inLanguage":"fr-FR","isPartOf":{"@id":"https:\/\/diario.m-achermann.com\/fr\/#website"},"breadcrumb":{"@id":"https:\/\/diario.m-achermann.com\/fr\/le-journal-dhospitalisation\/dimanche-31-janvier-2021-a-22h00\/#breadcrumblist"},"datePublished":"2023-10-23T20:25:39+02:00","dateModified":"2026-04-01T17:06:07+02:00"},{"@type":"WebSite","@id":"https:\/\/diario.m-achermann.com\/fr\/#website","url":"https:\/\/diario.m-achermann.com\/fr\/","name":"ECMO \u2013 Diario di una vita stravolta","alternateName":"ECMO","description":"Mon aventure, ou plut\u00f4t ma m\u00e9saventure ? De la chance ou de la malchance ?","inLanguage":"fr-FR","publisher":{"@id":"https:\/\/diario.m-achermann.com\/fr\/#person"}}]},"og:locale":"fr_FR","og:site_name":"ECMO - Journal d'une vie boulevers\u00e9e - Mon aventure, ou plut\u00f4t ma m\u00e9saventure ? De la chance ou de la malchance ?","og:type":"article","og:title":"Journal d\u2019une infirmi\u00e8re : Le parcours de Mirko en soins intensifs","og:description":"D\u00e9couvrez le journal d\u2019hospitalisation \u00e9crit par Stefania, infirmi\u00e8re au Cardiocentro, qui raconte le parcours d\u2019un patient transf\u00e9r\u00e9 suite \u00e0 des complications li\u00e9es au Covid.","og:url":"https:\/\/diario.m-achermann.com\/fr\/le-journal-dhospitalisation\/dimanche-31-janvier-2021-a-22h00\/","og:image":"https:\/\/diario.m-achermann.com\/wp-content\/uploads\/2024\/02\/Mirko.png","og:image:secure_url":"https:\/\/diario.m-achermann.com\/wp-content\/uploads\/2024\/02\/Mirko.png","og:image:width":200,"og:image:height":200,"article:published_time":"2023-10-23T18:25:39+00:00","article:modified_time":"2026-04-01T15:06:07+00:00","article:publisher":"https:\/\/www.facebook.com\/profile.php?id=61556963490212","twitter:card":"summary_large_image","twitter:site":"@Mapi1967","twitter:title":"Journal d\u2019une infirmi\u00e8re : Le parcours de Mirko en soins intensifs","twitter:description":"D\u00e9couvrez le journal d\u2019hospitalisation \u00e9crit par Stefania, infirmi\u00e8re au Cardiocentro, qui raconte le parcours d\u2019un patient transf\u00e9r\u00e9 suite \u00e0 des complications li\u00e9es au Covid.","twitter:creator":"@Mapi1967","twitter:image":"https:\/\/diario.m-achermann.com\/wp-content\/uploads\/2024\/02\/Mirko.png"},"aioseo_meta_data":{"post_id":"10038","title":"Journal d\u2019une infirmi\u00e8re : Le parcours de Mirko en soins intensifs","description":"D\u00e9couvrez le journal d\u2019hospitalisation \u00e9crit par Stefania, infirmi\u00e8re au Cardiocentro, qui raconte le parcours d\u2019un patient transf\u00e9r\u00e9 suite \u00e0 des complications li\u00e9es au Covid.","keywords":null,"keyphrases":{"focus":{"keyphrase":"Diario","score":64,"analysis":{"keyphraseInTitle":{"score":9,"maxScore":9,"error":0},"keyphraseInDescription":{"score":9,"maxScore":9,"error":0},"keyphraseLength":{"score":9,"maxScore":9,"error":0,"length":1},"keyphraseInURL":{"score":5,"maxScore":5,"error":0},"keyphraseInIntroduction":{"score":3,"maxScore":9,"error":1},"keyphraseInSubHeadings":[],"keyphraseInImageAlt":{"score":3,"maxScore":9,"error":1},"keywordDensity":{"score":0,"type":"low","maxScore":9,"error":1}}},"additional":[{"keyphrase":"degenza","score":53,"analysis":{"keyphraseInDescription":{"score":9,"maxScore":9,"error":0},"keyphraseLength":{"score":9,"maxScore":9,"error":0,"length":1},"keyphraseInIntroduction":{"score":3,"maxScore":9,"error":1},"keyphraseInImageAlt":{"score":3,"maxScore":9,"error":1},"keywordDensity":{"score":0,"type":"low","maxScore":9,"error":1}}},{"keyphrase":"primo giorno","score":40,"analysis":{"keyphraseInDescription":{"score":3,"maxScore":9,"error":1},"keyphraseLength":{"score":9,"maxScore":9,"error":0,"length":2},"keyphraseInIntroduction":{"score":3,"maxScore":9,"error":1},"keyphraseInImageAlt":{"score":3,"maxScore":9,"error":1},"keywordDensity":{"score":0,"type":"low","maxScore":9,"error":1}}},{"keyphrase":"intubazione","score":40,"analysis":{"keyphraseInDescription":{"score":3,"maxScore":9,"error":1},"keyphraseLength":{"score":9,"maxScore":9,"error":0,"length":1},"keyphraseInIntroduction":{"score":3,"maxScore":9,"error":1},"keyphraseInImageAlt":{"score":3,"maxScore":9,"error":1},"keywordDensity":{"score":0,"type":"low","maxScore":9,"error":1}}},{"keyphrase":"ECMO","score":60,"analysis":{"keyphraseInDescription":{"score":3,"maxScore":9,"error":1},"keyphraseLength":{"score":9,"maxScore":9,"error":0,"length":1},"keyphraseInIntroduction":{"score":3,"maxScore":9,"error":1},"keyphraseInImageAlt":{"score":3,"maxScore":9,"error":1},"keywordDensity":{"type":"best","score":9,"maxScore":9,"error":0}}},{"keyphrase":"Cardiocentro","score":87,"analysis":{"keyphraseInDescription":{"score":9,"maxScore":9,"error":0},"keyphraseLength":{"score":9,"maxScore":9,"error":0,"length":1},"keyphraseInIntroduction":{"score":9,"maxScore":9,"error":0},"keyphraseInImageAlt":{"score":3,"maxScore":9,"error":1},"keywordDensity":{"type":"best","score":9,"maxScore":9,"error":0}}}]},"primary_term":null,"canonical_url":null,"og_title":null,"og_description":null,"og_object_type":"default","og_image_type":"default","og_image_url":null,"og_image_width":null,"og_image_height":null,"og_image_custom_url":null,"og_image_custom_fields":null,"og_video":"","og_custom_url":null,"og_article_section":null,"og_article_tags":null,"twitter_use_og":false,"twitter_card":"default","twitter_image_type":"default","twitter_image_url":null,"twitter_image_custom_url":null,"twitter_image_custom_fields":null,"twitter_title":null,"twitter_description":null,"schema":{"blockGraphs":[],"customGraphs":[],"default":{"data":{"Article":[],"Course":[],"Dataset":[],"FAQPage":[],"Movie":[],"Person":[],"Product":[],"ProductReview":[],"Car":[],"Recipe":[],"Service":[],"SoftwareApplication":[],"WebPage":[]},"graphName":"WebPage","isEnabled":true},"graphs":[]},"schema_type":"default","schema_type_options":null,"pillar_content":false,"robots_default":true,"robots_noindex":false,"robots_noarchive":false,"robots_nosnippet":false,"robots_nofollow":false,"robots_noimageindex":false,"robots_noodp":false,"robots_notranslate":false,"robots_max_snippet":"-1","robots_max_videopreview":"-1","robots_max_imagepreview":"large","priority":null,"frequency":"default","local_seo":null,"seo_analyzer_scan_date":"2026-04-01 15:52:56","breadcrumb_settings":null,"limit_modified_date":0,"reviewed_by":null,"open_ai":"{\"title\":{\"suggestions\":[],\"usage\":0},\"description\":{\"suggestions\":[],\"usage\":0}}","ai":{"faqs":[],"keyPoints":[],"titles":["Diario di un'Infermiera: Il Percorso di Mirko in Terapia Intensiva","Come si Ricostruisce un Caso di COVID in un Diario Medico","Il Diario di Cura di Mirko: Dalla Clinica al Lettino di Ricovero","Storia di un Ricovero Covid: Diario di un'Infermiera","Il Percorso Ospedaliero di Mirko: Un Diario di Cura"],"descriptions":["Scopri il diario medico di Stefania, infermiera del Cardiocentro, che racconta il percorso di un paziente trasferito dopo complicanze da Covid.","Esplora il diario di Stefania, che descrive il complesso trattamento con ECMO e le staffe respiratorie di un paziente Covid al Cardiocentro.","Un intervento dettagliato nel diario di Stefania, che illustra i passaggi di un ricovero critico da Covid e le procedure mediche adottate.","Leggi il racconto giornaliero di Stefania, infermiera, o nel quale spiega come vengono gestiti i pazienti con tecniche avanzate come l\u2019ECMO.","Approfondisci il diario di Stefania, che narra il percorso di cura intensivo di un paziente Covid al Cardiocentro, usando tecnologie vitali come ECMO."],"socialPosts":{"email":[],"linkedin":[],"twitter":[],"facebook":[],"instagram":[]}},"created":"2026-04-01 15:06:06","updated":"2026-04-01 18:25:49"},"aioseo_breadcrumb":"<div class=\"aioseo-breadcrumbs\"><span class=\"aioseo-breadcrumb\">\n\t<a href=\"https:\/\/diario.m-achermann.com\/fr\/\" title=\"Home\">Home<\/a>\n<\/span><span class=\"aioseo-breadcrumb-separator\">\u00bb<\/span><span class=\"aioseo-breadcrumb\">\n\t<a href=\"https:\/\/diario.m-achermann.com\/fr\/le-journal-dhospitalisation\/\" title=\"Le journal d\u2019hospitalisation\">Le journal d\u2019hospitalisation<\/a>\n<\/span><span class=\"aioseo-breadcrumb-separator\">\u00bb<\/span><span class=\"aioseo-breadcrumb\">\n\tDimanche 31 janvier 2021 \u00e0 22h00\n<\/span><\/div>","aioseo_breadcrumb_json":[{"label":"Home","link":"https:\/\/diario.m-achermann.com\/fr\/"},{"label":"Le journal d\u2019hospitalisation","link":"https:\/\/diario.m-achermann.com\/fr\/le-journal-dhospitalisation\/"},{"label":"Dimanche 31 janvier 2021 \u00e0 22h00","link":"https:\/\/diario.m-achermann.com\/fr\/le-journal-dhospitalisation\/dimanche-31-janvier-2021-a-22h00\/"}],"_links":{"self":[{"href":"https:\/\/diario.m-achermann.com\/fr\/wp-json\/wp\/v2\/pages\/10038","targetHints":{"allow":["GET"]}}],"collection":[{"href":"https:\/\/diario.m-achermann.com\/fr\/wp-json\/wp\/v2\/pages"}],"about":[{"href":"https:\/\/diario.m-achermann.com\/fr\/wp-json\/wp\/v2\/types\/page"}],"author":[{"embeddable":true,"href":"https:\/\/diario.m-achermann.com\/fr\/wp-json\/wp\/v2\/users\/1"}],"replies":[{"embeddable":true,"href":"https:\/\/diario.m-achermann.com\/fr\/wp-json\/wp\/v2\/comments?post=10038"}],"version-history":[{"count":1,"href":"https:\/\/diario.m-achermann.com\/fr\/wp-json\/wp\/v2\/pages\/10038\/revisions"}],"predecessor-version":[{"id":10039,"href":"https:\/\/diario.m-achermann.com\/fr\/wp-json\/wp\/v2\/pages\/10038\/revisions\/10039"}],"up":[{"embeddable":true,"href":"https:\/\/diario.m-achermann.com\/fr\/wp-json\/wp\/v2\/pages\/10023"}],"wp:attachment":[{"href":"https:\/\/diario.m-achermann.com\/fr\/wp-json\/wp\/v2\/media?parent=10038"}],"wp:term":[{"taxonomy":"category","embeddable":true,"href":"https:\/\/diario.m-achermann.com\/fr\/wp-json\/wp\/v2\/categories?post=10038"},{"taxonomy":"post_tag","embeddable":true,"href":"https:\/\/diario.m-achermann.com\/fr\/wp-json\/wp\/v2\/tags?post=10038"}],"curies":[{"name":"wp","href":"https:\/\/api.w.org\/{rel}","templated":true}]}}