{"id":9366,"date":"2023-10-24T16:06:04","date_gmt":"2023-10-24T14:06:04","guid":{"rendered":"https:\/\/diario.m-achermann.com\/samedi-27-fevrier-2021-a-21h00\/"},"modified":"2026-04-02T10:36:35","modified_gmt":"2026-04-02T08:36:35","slug":"samedi-27-fevrier-2021-a-21h00","status":"publish","type":"page","link":"https:\/\/diario.m-achermann.com\/fr\/le-journal-dhospitalisation\/samedi-27-fevrier-2021-a-21h00\/","title":{"rendered":"Samedi 27 f\u00e9vrier 2021 \u00e0 21h00"},"content":{"rendered":"\n<p>Bonjour M. Achermann,<br\/>C\u2019est toujours Maura.<\/p>\n\n<p>Ce matin, il a \u00e9t\u00e9 remis en position supine et, au cours de l\u2019apr\u00e8s-midi, nous l\u2019avons positionn\u00e9 sur les c\u00f4t\u00e9s.<\/p>\n\n<p>Nous avons interrompu la s\u00e9dation pendant pr\u00e8s de 2 heures pour observer son r\u00e9veil : il a ouvert les yeux mais n\u2019avait pas la force de bouger. <br\/>Nous lui avons expliqu\u00e9 (le m\u00e9decin et moi) que dans son \u00e9tat actuel, c\u2019est normal ; compte tenu de la s\u00e9dation prolong\u00e9e, il y a une immobilit\u00e9, mais avec le temps, nous esp\u00e9rons qu\u2019il pourra r\u00e9cup\u00e9rer. <br\/>Ensuite, pour son confort, nous avons repris la s\u00e9dation.<\/p>\n\n<p>Je lui ai fait les \u00ab soins de beaut\u00e9 \u00bb du soir et j\u2019ai chang\u00e9 sa position.<\/p>\n\n<p>Ce soir, un autre patient est arriv\u00e9 dans sa chambre, je lui ai recommand\u00e9 de ne pas s\u2019effrayer s\u2019il entend des bruits \u00e9tranges ou des alarmes. <\/p>\n\n<p>Je vous salue car je reprendrai le travail dans quelques jours, une fois ce tour de garde termin\u00e9.<\/p>\n\n<p>Courage !<br\/>Maura<\/p>\n","protected":false},"excerpt":{"rendered":"<p>Bonjour M. Achermann,C\u2019est toujours Maura. Ce matin, il a \u00e9t\u00e9 remis en position supine et, au cours de l\u2019apr\u00e8s-midi, nous l\u2019avons positionn\u00e9 sur les c\u00f4t\u00e9s. Nous avons interrompu la s\u00e9dation pendant pr\u00e8s de 2 heures pour observer son r\u00e9veil : il a ouvert les yeux mais n\u2019avait pas la force de bouger. Nous lui avons&hellip;&nbsp;<a href=\"https:\/\/diario.m-achermann.com\/fr\/le-journal-dhospitalisation\/samedi-27-fevrier-2021-a-21h00\/\" rel=\"bookmark\">Read More &raquo;<span class=\"screen-reader-text\">Samedi 27 f\u00e9vrier 2021 \u00e0 21h00<\/span><\/a><\/p>\n","protected":false},"author":1,"featured_media":0,"parent":10023,"menu_order":150,"comment_status":"open","ping_status":"closed","template":"","meta":{"_editorskit_title_hidden":false,"_editorskit_reading_time":0,"_editorskit_is_block_options_detached":false,"_editorskit_block_options_position":"{}","om_disable_all_campaigns":false,"_lmt_disableupdate":"","_lmt_disable":"","_monsterinsights_skip_tracking":false,"_monsterinsights_sitenote_active":false,"_monsterinsights_sitenote_note":"","_monsterinsights_sitenote_category":0,"neve_meta_sidebar":"","neve_meta_container":"","neve_meta_enable_content_width":"","neve_meta_content_width":0,"neve_meta_title_alignment":"","neve_meta_author_avatar":"","neve_post_elements_order":"","neve_meta_disable_header":"","neve_meta_disable_footer":"","neve_meta_disable_title":"","neve_meta_reading_time":"","_themeisle_gutenberg_block_has_review":false,"footnotes":""},"categories":[],"tags":[],"class_list":["post-9366","page","type-page","status-publish","hentry"],"aioseo_notices":[],"aioseo_head":"\n\t\t<!-- All in One SEO Pro 4.9.7.1 - aioseo.com -->\n\t<meta name=\"description\" content=\"Lisez le journal d\u2019hospitalisation \u00e9crit par Maura sur le d\u00e9licat parcours de r\u00e9tablissement de Mirko, entre moments d\u2019immobilit\u00e9 et strat\u00e9gies de soutien.\" \/>\n\t<meta name=\"robots\" content=\"max-snippet:-1, max-image-preview:large, max-video-preview:-1\" \/>\n\t<meta name=\"google-site-verification\" content=\"2kcNb_eND2p_5dJ-aEUjUzdL5U1pyWvu9G-2F4Qyiwk\" \/>\n\t<meta name=\"msvalidate.01\" content=\"8A32EFC1288A3ACC21FB6846BFC9E656\" \/>\n\t<link rel=\"canonical\" href=\"https:\/\/diario.m-achermann.com\/fr\/le-journal-dhospitalisation\/samedi-27-fevrier-2021-a-21h00\/\" \/>\n\t<meta name=\"generator\" content=\"All in One SEO Pro (AIOSEO) 4.9.7.1\" \/>\n\t\t<meta property=\"og:locale\" content=\"fr_FR\" \/>\n\t\t<meta property=\"og:site_name\" content=\"ECMO - Journal d&#039;une vie boulevers\u00e9e - Mon aventure, ou plut\u00f4t ma m\u00e9saventure ? De la chance ou de la malchance ?\" \/>\n\t\t<meta property=\"og:type\" content=\"article\" \/>\n\t\t<meta property=\"og:title\" content=\"Journal de soins : \u00e9tat actuel de M. Mirko\" \/>\n\t\t<meta property=\"og:description\" content=\"Lisez le journal d\u2019hospitalisation \u00e9crit par Maura sur le d\u00e9licat parcours de r\u00e9tablissement de Mirko, entre moments d\u2019immobilit\u00e9 et strat\u00e9gies de soutien.\" \/>\n\t\t<meta property=\"og:url\" content=\"https:\/\/diario.m-achermann.com\/fr\/le-journal-dhospitalisation\/samedi-27-fevrier-2021-a-21h00\/\" \/>\n\t\t<meta property=\"og:image\" content=\"https:\/\/diario.m-achermann.com\/wp-content\/uploads\/2024\/02\/Mirko.png\" \/>\n\t\t<meta property=\"og:image:secure_url\" content=\"https:\/\/diario.m-achermann.com\/wp-content\/uploads\/2024\/02\/Mirko.png\" \/>\n\t\t<meta property=\"og:image:width\" content=\"200\" \/>\n\t\t<meta property=\"og:image:height\" content=\"200\" \/>\n\t\t<meta property=\"article:published_time\" content=\"2023-10-24T14:06:04+00:00\" \/>\n\t\t<meta property=\"article:modified_time\" content=\"2026-04-02T08:36:35+00:00\" \/>\n\t\t<meta property=\"article:publisher\" content=\"https:\/\/www.facebook.com\/profile.php?id=61556963490212\" \/>\n\t\t<meta name=\"twitter:card\" content=\"summary_large_image\" \/>\n\t\t<meta name=\"twitter:site\" content=\"@Mapi1967\" \/>\n\t\t<meta name=\"twitter:title\" content=\"Journal de soins : \u00e9tat actuel de M. Mirko\" \/>\n\t\t<meta name=\"twitter:description\" content=\"Lisez le journal d\u2019hospitalisation \u00e9crit par Maura sur le d\u00e9licat parcours de r\u00e9tablissement de Mirko, entre moments d\u2019immobilit\u00e9 et strat\u00e9gies de soutien.\" \/>\n\t\t<meta name=\"twitter:creator\" content=\"@Mapi1967\" \/>\n\t\t<meta name=\"twitter:image\" content=\"https:\/\/diario.m-achermann.com\/wp-content\/uploads\/2024\/02\/Mirko.png\" \/>\n\t\t<script type=\"application\/ld+json\" class=\"aioseo-schema\">\n\t\t\t{\"@context\":\"https:\\\/\\\/schema.org\",\"@graph\":[{\"@type\":\"BreadcrumbList\",\"@id\":\"https:\\\/\\\/diario.m-achermann.com\\\/fr\\\/le-journal-dhospitalisation\\\/samedi-27-fevrier-2021-a-21h00\\\/#breadcrumblist\",\"itemListElement\":[{\"@type\":\"ListItem\",\"@id\":\"https:\\\/\\\/diario.m-achermann.com\\\/fr\\\/#listItem\",\"position\":1,\"name\":\"Home\",\"item\":\"https:\\\/\\\/diario.m-achermann.com\\\/fr\\\/\",\"nextItem\":{\"@type\":\"ListItem\",\"@id\":\"https:\\\/\\\/diario.m-achermann.com\\\/fr\\\/le-journal-dhospitalisation\\\/#listItem\",\"name\":\"Le journal d\\u2019hospitalisation\"}},{\"@type\":\"ListItem\",\"@id\":\"https:\\\/\\\/diario.m-achermann.com\\\/fr\\\/le-journal-dhospitalisation\\\/#listItem\",\"position\":2,\"name\":\"Le journal d\\u2019hospitalisation\",\"item\":\"https:\\\/\\\/diario.m-achermann.com\\\/fr\\\/le-journal-dhospitalisation\\\/\",\"nextItem\":{\"@type\":\"ListItem\",\"@id\":\"https:\\\/\\\/diario.m-achermann.com\\\/fr\\\/le-journal-dhospitalisation\\\/samedi-27-fevrier-2021-a-21h00\\\/#listItem\",\"name\":\"Samedi 27 f\\u00e9vrier 2021 \\u00e0 21h00\"},\"previousItem\":{\"@type\":\"ListItem\",\"@id\":\"https:\\\/\\\/diario.m-achermann.com\\\/fr\\\/#listItem\",\"name\":\"Home\"}},{\"@type\":\"ListItem\",\"@id\":\"https:\\\/\\\/diario.m-achermann.com\\\/fr\\\/le-journal-dhospitalisation\\\/samedi-27-fevrier-2021-a-21h00\\\/#listItem\",\"position\":3,\"name\":\"Samedi 27 f\\u00e9vrier 2021 \\u00e0 21h00\",\"previousItem\":{\"@type\":\"ListItem\",\"@id\":\"https:\\\/\\\/diario.m-achermann.com\\\/fr\\\/le-journal-dhospitalisation\\\/#listItem\",\"name\":\"Le journal d\\u2019hospitalisation\"}}]},{\"@type\":\"Person\",\"@id\":\"https:\\\/\\\/diario.m-achermann.com\\\/fr\\\/#person\",\"name\":\"Mirko Achermann\",\"image\":{\"@type\":\"ImageObject\",\"@id\":\"https:\\\/\\\/diario.m-achermann.com\\\/fr\\\/le-journal-dhospitalisation\\\/samedi-27-fevrier-2021-a-21h00\\\/#personImage\",\"url\":\"https:\\\/\\\/secure.gravatar.com\\\/avatar\\\/53bb9dac79236bd713fbe107c9f2410ca8a6094577846073d4bea7d0bab1e51f?s=96&d=mm&r=g\",\"width\":96,\"height\":96,\"caption\":\"Mirko Achermann\"}},{\"@type\":\"WebPage\",\"@id\":\"https:\\\/\\\/diario.m-achermann.com\\\/fr\\\/le-journal-dhospitalisation\\\/samedi-27-fevrier-2021-a-21h00\\\/#webpage\",\"url\":\"https:\\\/\\\/diario.m-achermann.com\\\/fr\\\/le-journal-dhospitalisation\\\/samedi-27-fevrier-2021-a-21h00\\\/\",\"name\":\"Journal de soins : \\u00e9tat actuel de M. Mirko\",\"description\":\"Lisez le journal d\\u2019hospitalisation \\u00e9crit par Maura sur le d\\u00e9licat parcours de r\\u00e9tablissement de Mirko, entre moments d\\u2019immobilit\\u00e9 et strat\\u00e9gies de soutien.\",\"inLanguage\":\"fr-FR\",\"isPartOf\":{\"@id\":\"https:\\\/\\\/diario.m-achermann.com\\\/fr\\\/#website\"},\"breadcrumb\":{\"@id\":\"https:\\\/\\\/diario.m-achermann.com\\\/fr\\\/le-journal-dhospitalisation\\\/samedi-27-fevrier-2021-a-21h00\\\/#breadcrumblist\"},\"datePublished\":\"2023-10-24T16:06:04+02:00\",\"dateModified\":\"2026-04-02T10:36:35+02:00\"},{\"@type\":\"WebSite\",\"@id\":\"https:\\\/\\\/diario.m-achermann.com\\\/fr\\\/#website\",\"url\":\"https:\\\/\\\/diario.m-achermann.com\\\/fr\\\/\",\"name\":\"ECMO \\u2013 Diario di una vita stravolta\",\"alternateName\":\"ECMO\",\"description\":\"Mon aventure, ou plut\\u00f4t ma m\\u00e9saventure ? De la chance ou de la malchance ?\",\"inLanguage\":\"fr-FR\",\"publisher\":{\"@id\":\"https:\\\/\\\/diario.m-achermann.com\\\/fr\\\/#person\"}}]}\n\t\t<\/script>\n\t\t<!-- All in One SEO Pro -->\r\n\t\t<title>Journal de soins : \u00e9tat actuel de M. Mirko<\/title>\n\n","aioseo_head_json":{"title":"Journal de soins : \u00e9tat actuel de M. Mirko","description":"Lisez le journal d\u2019hospitalisation \u00e9crit par Maura sur le d\u00e9licat parcours de r\u00e9tablissement de Mirko, entre moments d\u2019immobilit\u00e9 et strat\u00e9gies de soutien.","canonical_url":"https:\/\/diario.m-achermann.com\/fr\/le-journal-dhospitalisation\/samedi-27-fevrier-2021-a-21h00\/","robots":"max-snippet:-1, max-image-preview:large, max-video-preview:-1","keywords":"","webmasterTools":{"google-site-verification":"2kcNb_eND2p_5dJ-aEUjUzdL5U1pyWvu9G-2F4Qyiwk","msvalidate.01":"8A32EFC1288A3ACC21FB6846BFC9E656","miscellaneous":""},"schema":{"@context":"https:\/\/schema.org","@graph":[{"@type":"BreadcrumbList","@id":"https:\/\/diario.m-achermann.com\/fr\/le-journal-dhospitalisation\/samedi-27-fevrier-2021-a-21h00\/#breadcrumblist","itemListElement":[{"@type":"ListItem","@id":"https:\/\/diario.m-achermann.com\/fr\/#listItem","position":1,"name":"Home","item":"https:\/\/diario.m-achermann.com\/fr\/","nextItem":{"@type":"ListItem","@id":"https:\/\/diario.m-achermann.com\/fr\/le-journal-dhospitalisation\/#listItem","name":"Le journal d\u2019hospitalisation"}},{"@type":"ListItem","@id":"https:\/\/diario.m-achermann.com\/fr\/le-journal-dhospitalisation\/#listItem","position":2,"name":"Le journal d\u2019hospitalisation","item":"https:\/\/diario.m-achermann.com\/fr\/le-journal-dhospitalisation\/","nextItem":{"@type":"ListItem","@id":"https:\/\/diario.m-achermann.com\/fr\/le-journal-dhospitalisation\/samedi-27-fevrier-2021-a-21h00\/#listItem","name":"Samedi 27 f\u00e9vrier 2021 \u00e0 21h00"},"previousItem":{"@type":"ListItem","@id":"https:\/\/diario.m-achermann.com\/fr\/#listItem","name":"Home"}},{"@type":"ListItem","@id":"https:\/\/diario.m-achermann.com\/fr\/le-journal-dhospitalisation\/samedi-27-fevrier-2021-a-21h00\/#listItem","position":3,"name":"Samedi 27 f\u00e9vrier 2021 \u00e0 21h00","previousItem":{"@type":"ListItem","@id":"https:\/\/diario.m-achermann.com\/fr\/le-journal-dhospitalisation\/#listItem","name":"Le journal d\u2019hospitalisation"}}]},{"@type":"Person","@id":"https:\/\/diario.m-achermann.com\/fr\/#person","name":"Mirko Achermann","image":{"@type":"ImageObject","@id":"https:\/\/diario.m-achermann.com\/fr\/le-journal-dhospitalisation\/samedi-27-fevrier-2021-a-21h00\/#personImage","url":"https:\/\/secure.gravatar.com\/avatar\/53bb9dac79236bd713fbe107c9f2410ca8a6094577846073d4bea7d0bab1e51f?s=96&d=mm&r=g","width":96,"height":96,"caption":"Mirko Achermann"}},{"@type":"WebPage","@id":"https:\/\/diario.m-achermann.com\/fr\/le-journal-dhospitalisation\/samedi-27-fevrier-2021-a-21h00\/#webpage","url":"https:\/\/diario.m-achermann.com\/fr\/le-journal-dhospitalisation\/samedi-27-fevrier-2021-a-21h00\/","name":"Journal de soins : \u00e9tat actuel de M. Mirko","description":"Lisez le journal d\u2019hospitalisation \u00e9crit par Maura sur le d\u00e9licat parcours de r\u00e9tablissement de Mirko, entre moments d\u2019immobilit\u00e9 et strat\u00e9gies de soutien.","inLanguage":"fr-FR","isPartOf":{"@id":"https:\/\/diario.m-achermann.com\/fr\/#website"},"breadcrumb":{"@id":"https:\/\/diario.m-achermann.com\/fr\/le-journal-dhospitalisation\/samedi-27-fevrier-2021-a-21h00\/#breadcrumblist"},"datePublished":"2023-10-24T16:06:04+02:00","dateModified":"2026-04-02T10:36:35+02:00"},{"@type":"WebSite","@id":"https:\/\/diario.m-achermann.com\/fr\/#website","url":"https:\/\/diario.m-achermann.com\/fr\/","name":"ECMO \u2013 Diario di una vita stravolta","alternateName":"ECMO","description":"Mon aventure, ou plut\u00f4t ma m\u00e9saventure ? De la chance ou de la malchance ?","inLanguage":"fr-FR","publisher":{"@id":"https:\/\/diario.m-achermann.com\/fr\/#person"}}]},"og:locale":"fr_FR","og:site_name":"ECMO - Journal d'une vie boulevers\u00e9e - Mon aventure, ou plut\u00f4t ma m\u00e9saventure ? De la chance ou de la malchance ?","og:type":"article","og:title":"Journal de soins : \u00e9tat actuel de M. Mirko","og:description":"Lisez le journal d\u2019hospitalisation \u00e9crit par Maura sur le d\u00e9licat parcours de r\u00e9tablissement de Mirko, entre moments d\u2019immobilit\u00e9 et strat\u00e9gies de soutien.","og:url":"https:\/\/diario.m-achermann.com\/fr\/le-journal-dhospitalisation\/samedi-27-fevrier-2021-a-21h00\/","og:image":"https:\/\/diario.m-achermann.com\/wp-content\/uploads\/2024\/02\/Mirko.png","og:image:secure_url":"https:\/\/diario.m-achermann.com\/wp-content\/uploads\/2024\/02\/Mirko.png","og:image:width":200,"og:image:height":200,"article:published_time":"2023-10-24T14:06:04+00:00","article:modified_time":"2026-04-02T08:36:35+00:00","article:publisher":"https:\/\/www.facebook.com\/profile.php?id=61556963490212","twitter:card":"summary_large_image","twitter:site":"@Mapi1967","twitter:title":"Journal de soins : \u00e9tat actuel de M. Mirko","twitter:description":"Lisez le journal d\u2019hospitalisation \u00e9crit par Maura sur le d\u00e9licat parcours de r\u00e9tablissement de Mirko, entre moments d\u2019immobilit\u00e9 et strat\u00e9gies de soutien.","twitter:creator":"@Mapi1967","twitter:image":"https:\/\/diario.m-achermann.com\/wp-content\/uploads\/2024\/02\/Mirko.png"},"aioseo_meta_data":{"post_id":"9366","title":"Journal de soins : \u00e9tat actuel de M. Mirko","description":"Lisez le journal d\u2019hospitalisation \u00e9crit par Maura sur le d\u00e9licat parcours de r\u00e9tablissement de Mirko, entre moments d\u2019immobilit\u00e9 et strat\u00e9gies de soutien.","keywords":null,"keyphrases":{"focus":{"keyphrase":"Diario","score":70,"analysis":{"keyphraseInTitle":{"score":9,"maxScore":9,"error":0},"keyphraseInDescription":{"score":9,"maxScore":9,"error":0},"keyphraseLength":{"score":9,"maxScore":9,"error":0,"length":1},"keyphraseInURL":{"score":5,"maxScore":5,"error":0},"keyphraseInIntroduction":{"score":3,"maxScore":9,"error":1},"keyphraseInSubHeadings":[],"keyphraseInImageAlt":[],"keywordDensity":{"score":0,"type":"low","maxScore":9,"error":1}}},"additional":[{"keyphrase":"ECMO","score":42,"analysis":{"keyphraseInDescription":{"score":3,"maxScore":9,"error":1},"keyphraseLength":{"score":9,"maxScore":9,"error":0,"length":1},"keyphraseInIntroduction":{"score":3,"maxScore":9,"error":1},"keyphraseInImageAlt":[],"keywordDensity":{"score":0,"type":"low","maxScore":9,"error":1}}},{"keyphrase":"Degenza","score":58,"analysis":{"keyphraseInDescription":{"score":9,"maxScore":9,"error":0},"keyphraseLength":{"score":9,"maxScore":9,"error":0,"length":1},"keyphraseInIntroduction":{"score":3,"maxScore":9,"error":1},"keyphraseInImageAlt":[],"keywordDensity":{"score":0,"type":"low","maxScore":9,"error":1}}},{"keyphrase":"Cardiocentro","score":42,"analysis":{"keyphraseInDescription":{"score":3,"maxScore":9,"error":1},"keyphraseLength":{"score":9,"maxScore":9,"error":0,"length":1},"keyphraseInIntroduction":{"score":3,"maxScore":9,"error":1},"keyphraseInImageAlt":[],"keywordDensity":{"score":0,"type":"low","maxScore":9,"error":1}}},{"keyphrase":"paura","score":42,"analysis":{"keyphraseInDescription":{"score":3,"maxScore":9,"error":1},"keyphraseLength":{"score":9,"maxScore":9,"error":0,"length":1},"keyphraseInIntroduction":{"score":3,"maxScore":9,"error":1},"keyphraseInImageAlt":[],"keywordDensity":{"score":0,"type":"low","maxScore":9,"error":1}}},{"keyphrase":"posizione","score":67,"analysis":{"keyphraseInDescription":{"score":3,"maxScore":9,"error":1},"keyphraseLength":{"score":9,"maxScore":9,"error":0,"length":1},"keyphraseInIntroduction":{"score":3,"maxScore":9,"error":1},"keyphraseInImageAlt":[],"keywordDensity":{"type":"best","score":9,"maxScore":9,"error":0}}},{"keyphrase":"rumori","score":67,"analysis":{"keyphraseInDescription":{"score":3,"maxScore":9,"error":1},"keyphraseLength":{"score":9,"maxScore":9,"error":0,"length":1},"keyphraseInIntroduction":{"score":3,"maxScore":9,"error":1},"keyphraseInImageAlt":[],"keywordDensity":{"type":"best","score":9,"maxScore":9,"error":0}}},{"keyphrase":"comfort","score":67,"analysis":{"keyphraseInDescription":{"score":3,"maxScore":9,"error":1},"keyphraseLength":{"score":9,"maxScore":9,"error":0,"length":1},"keyphraseInIntroduction":{"score":3,"maxScore":9,"error":1},"keyphraseInImageAlt":[],"keywordDensity":{"type":"best","score":9,"maxScore":9,"error":0}}},{"keyphrase":"supino","score":67,"analysis":{"keyphraseInDescription":{"score":3,"maxScore":9,"error":1},"keyphraseLength":{"score":9,"maxScore":9,"error":0,"length":1},"keyphraseInIntroduction":{"score":3,"maxScore":9,"error":1},"keyphraseInImageAlt":[],"keywordDensity":{"type":"best","score":9,"maxScore":9,"error":0}}}]},"primary_term":null,"canonical_url":null,"og_title":null,"og_description":null,"og_object_type":"default","og_image_type":"default","og_image_url":null,"og_image_width":null,"og_image_height":null,"og_image_custom_url":null,"og_image_custom_fields":null,"og_video":"","og_custom_url":null,"og_article_section":null,"og_article_tags":null,"twitter_use_og":false,"twitter_card":"default","twitter_image_type":"default","twitter_image_url":null,"twitter_image_custom_url":null,"twitter_image_custom_fields":null,"twitter_title":null,"twitter_description":null,"schema":{"blockGraphs":[],"customGraphs":[],"default":{"data":{"Article":[],"Course":[],"Dataset":[],"FAQPage":[],"Movie":[],"Person":[],"Product":[],"ProductReview":[],"Car":[],"Recipe":[],"Service":[],"SoftwareApplication":[],"WebPage":[]},"graphName":"WebPage","isEnabled":true},"graphs":[]},"schema_type":"default","schema_type_options":null,"pillar_content":false,"robots_default":true,"robots_noindex":false,"robots_noarchive":false,"robots_nosnippet":false,"robots_nofollow":false,"robots_noimageindex":false,"robots_noodp":false,"robots_notranslate":false,"robots_max_snippet":"-1","robots_max_videopreview":"-1","robots_max_imagepreview":"large","priority":null,"frequency":"default","local_seo":null,"seo_analyzer_scan_date":"2026-04-02 09:18:04","breadcrumb_settings":null,"limit_modified_date":0,"reviewed_by":"0","open_ai":"{\"title\":{\"suggestions\":[],\"usage\":0},\"description\":{\"suggestions\":[],\"usage\":0}}","ai":{"faqs":[],"keyPoints":[],"titles":["Diario di cura: aggiornamenti sul recupero di sig. Achermann","Resoconto quotidiano: progressi e cure di sig. Achermann","Diario clinico: stato attuale di sig. Achermann","Aggiornamenti giornalieri: trattamento e recupero di sig. Achermann","Diario medico: monitoraggio e cure di sig. Achermann"],"descriptions":["Scopri il diario quotidiano di Maura sulla ripresa di Achermann e i suoi progressi, tra cure, speranze e momenti di conforto.","Leggi il diario di Maura sul delicato percorso di recupero di Achermann, tra momenti di immobilit\u00e0 e strategie di supporto.","Il diario di Maura racconta l'esperienza di cura di Achermann, tra posizionamenti, sedazione e speranze di ripresa.","Segui il diario di Maura sulla giornata di Achermann, tra cure, spiegazioni e attese di miglioramento.","Scopri nel diario di Maura gli step di cura e il percorso di speranza per il recupero di Achermann."],"socialPosts":{"email":[],"linkedin":[],"twitter":[],"facebook":[],"instagram":[]}},"created":"2026-04-01 14:41:24","updated":"2026-04-02 09:23:46"},"aioseo_breadcrumb":"<div class=\"aioseo-breadcrumbs\"><span class=\"aioseo-breadcrumb\">\n\t<a href=\"https:\/\/diario.m-achermann.com\/fr\/\" title=\"Home\">Home<\/a>\n<\/span><span class=\"aioseo-breadcrumb-separator\">\u00bb<\/span><span class=\"aioseo-breadcrumb\">\n\t<a href=\"https:\/\/diario.m-achermann.com\/fr\/le-journal-dhospitalisation\/\" title=\"Le journal d\u2019hospitalisation\">Le journal d\u2019hospitalisation<\/a>\n<\/span><span class=\"aioseo-breadcrumb-separator\">\u00bb<\/span><span class=\"aioseo-breadcrumb\">\n\tSamedi 27 f\u00e9vrier 2021 \u00e0 21h00\n<\/span><\/div>","aioseo_breadcrumb_json":[{"label":"Home","link":"https:\/\/diario.m-achermann.com\/fr\/"},{"label":"Le journal d\u2019hospitalisation","link":"https:\/\/diario.m-achermann.com\/fr\/le-journal-dhospitalisation\/"},{"label":"Samedi 27 f\u00e9vrier 2021 \u00e0 21h00","link":"https:\/\/diario.m-achermann.com\/fr\/le-journal-dhospitalisation\/samedi-27-fevrier-2021-a-21h00\/"}],"_links":{"self":[{"href":"https:\/\/diario.m-achermann.com\/fr\/wp-json\/wp\/v2\/pages\/9366","targetHints":{"allow":["GET"]}}],"collection":[{"href":"https:\/\/diario.m-achermann.com\/fr\/wp-json\/wp\/v2\/pages"}],"about":[{"href":"https:\/\/diario.m-achermann.com\/fr\/wp-json\/wp\/v2\/types\/page"}],"author":[{"embeddable":true,"href":"https:\/\/diario.m-achermann.com\/fr\/wp-json\/wp\/v2\/users\/1"}],"replies":[{"embeddable":true,"href":"https:\/\/diario.m-achermann.com\/fr\/wp-json\/wp\/v2\/comments?post=9366"}],"version-history":[{"count":1,"href":"https:\/\/diario.m-achermann.com\/fr\/wp-json\/wp\/v2\/pages\/9366\/revisions"}],"predecessor-version":[{"id":9368,"href":"https:\/\/diario.m-achermann.com\/fr\/wp-json\/wp\/v2\/pages\/9366\/revisions\/9368"}],"up":[{"embeddable":true,"href":"https:\/\/diario.m-achermann.com\/fr\/wp-json\/wp\/v2\/pages\/10023"}],"wp:attachment":[{"href":"https:\/\/diario.m-achermann.com\/fr\/wp-json\/wp\/v2\/media?parent=9366"}],"wp:term":[{"taxonomy":"category","embeddable":true,"href":"https:\/\/diario.m-achermann.com\/fr\/wp-json\/wp\/v2\/categories?post=9366"},{"taxonomy":"post_tag","embeddable":true,"href":"https:\/\/diario.m-achermann.com\/fr\/wp-json\/wp\/v2\/tags?post=9366"}],"curies":[{"name":"wp","href":"https:\/\/api.w.org\/{rel}","templated":true}]}}