{"id":9374,"date":"2023-10-24T15:16:04","date_gmt":"2023-10-24T13:16:04","guid":{"rendered":"https:\/\/diario.m-achermann.com\/mercredi-24-fevrier-2021-a-02h10\/"},"modified":"2026-04-02T10:29:52","modified_gmt":"2026-04-02T08:29:52","slug":"mercredi-24-fevrier-2021-a-02h10","status":"publish","type":"page","link":"https:\/\/diario.m-achermann.com\/fr\/le-journal-dhospitalisation\/mercredi-24-fevrier-2021-a-02h10\/","title":{"rendered":"Mercredi 24 f\u00e9vrier 2021 \u00e0 02h10"},"content":{"rendered":"\n<p class=\" eplus-wrapper\">Bonne nuit M. Mirko,<br\/>J&rsquo;ai chang\u00e9 de stylo, mais je suis toujours Stefania, infirmi\u00e8re.<\/p>\n\n<p class=\" eplus-wrapper\">Il est tard dans la nuit et je m&rsquo;occupe de vous.<br\/>Je viens de vous tourner sur le c\u00f4t\u00e9 gauche, vers la fen\u00eatre.<br\/>J&rsquo;ai l&rsquo;impression que cette position est confortable pour vous car les battements de votre c\u0153ur ont diminu\u00e9\u2026 qui sait, peut-\u00eatre dormez-vous justement dans cette position chez vous.<\/p>\n\n<p class=\" eplus-wrapper\">L&rsquo;infirmi\u00e8re qui s&rsquo;est occup\u00e9e de vous hier apr\u00e8s-midi m&rsquo;a dit qu&rsquo;apr\u00e8s avoir arr\u00eat\u00e9 les m\u00e9dicaments pour vous faire dormir, vous avez r\u00e9pondu \u00e0 l&rsquo;ordre de montrer la langue. <br\/>C&rsquo;est important pour nous : cela d\u00e9montre que vous entendez et comprenez ce que nous disons.<\/p>\n\n<p class=\" eplus-wrapper\">Je suis tr\u00e8s contente !<\/p>\n\n<p class=\" eplus-wrapper\">La trach\u00e9ostomie (l&rsquo;orifice dans le cou) est encore n\u00e9cessaire pour vous permettre de respirer avec le respirateur (vous faites de tr\u00e8s courtes p\u00e9riodes de respiration autonome).<\/p>\n\n<p class=\" eplus-wrapper\">Nous vous alimentons par une sonde qui va du nez \u00e0 l&rsquo;estomac.<br\/>Vous avez maigri M. Mirko et vous avez perdu beaucoup de masse musculaire.<br\/>Quand je vous tourne pour changer de position ou que je vous l\u00e8ve une jambe ou un bras, vous n&rsquo;\u00eates pas en mesure de maintenir la position : le membre \u00ab retombe \u00bb.<\/p>\n\n<p class=\" eplus-wrapper\">Vous aurez besoin de beaucoup de kin\u00e9sith\u00e9rapie, de patience et de bonne volont\u00e9.<\/p>\n\n<p class=\" eplus-wrapper\">Je vous souhaite de beaux r\u00eaves M. Mirko.<br\/>Stefania<\/p>\n\n<p class=\" eplus-wrapper\">PS : J&rsquo;esp\u00e8re que vous ne vous lasserez pas de ne voir que mon \u00e9criture<\/p>\n","protected":false},"excerpt":{"rendered":"<p>Bonne nuit M. Mirko,J&rsquo;ai chang\u00e9 de stylo, mais je suis toujours Stefania, infirmi\u00e8re. Il est tard dans la nuit et je m&rsquo;occupe de vous.Je viens de vous tourner sur le c\u00f4t\u00e9 gauche, vers la fen\u00eatre.J&rsquo;ai l&rsquo;impression que cette position est confortable pour vous car les battements de votre c\u0153ur ont diminu\u00e9\u2026 qui sait, peut-\u00eatre dormez-vous&hellip;&nbsp;<a href=\"https:\/\/diario.m-achermann.com\/fr\/le-journal-dhospitalisation\/mercredi-24-fevrier-2021-a-02h10\/\" rel=\"bookmark\">Read More &raquo;<span class=\"screen-reader-text\">Mercredi 24 f\u00e9vrier 2021 \u00e0 02h10<\/span><\/a><\/p>\n","protected":false},"author":1,"featured_media":0,"parent":10023,"menu_order":100,"comment_status":"open","ping_status":"closed","template":"","meta":{"_editorskit_title_hidden":false,"_editorskit_reading_time":0,"_editorskit_is_block_options_detached":false,"_editorskit_block_options_position":"{}","om_disable_all_campaigns":false,"_lmt_disableupdate":"","_lmt_disable":"","_monsterinsights_skip_tracking":false,"_monsterinsights_sitenote_active":false,"_monsterinsights_sitenote_note":"","_monsterinsights_sitenote_category":0,"neve_meta_sidebar":"","neve_meta_container":"","neve_meta_enable_content_width":"","neve_meta_content_width":0,"neve_meta_title_alignment":"","neve_meta_author_avatar":"","neve_post_elements_order":"","neve_meta_disable_header":"","neve_meta_disable_footer":"","neve_meta_disable_title":"","neve_meta_reading_time":"","_themeisle_gutenberg_block_has_review":false,"footnotes":""},"categories":[],"tags":[],"class_list":["post-9374","page","type-page","status-publish","hentry"],"aioseo_notices":[],"aioseo_head":"\n\t\t<!-- All in One SEO Pro 4.9.7.1 - aioseo.com -->\n\t<meta name=\"description\" content=\"La narration des soins aide le patient \u00e0 reconstruire les moments d&#039;inconscience durant la p\u00e9riode post-soins intensifs.\" \/>\n\t<meta name=\"robots\" content=\"max-snippet:-1, max-image-preview:large, max-video-preview:-1\" \/>\n\t<meta name=\"google-site-verification\" content=\"2kcNb_eND2p_5dJ-aEUjUzdL5U1pyWvu9G-2F4Qyiwk\" \/>\n\t<meta name=\"msvalidate.01\" content=\"8A32EFC1288A3ACC21FB6846BFC9E656\" \/>\n\t<link rel=\"canonical\" href=\"https:\/\/diario.m-achermann.com\/fr\/le-journal-dhospitalisation\/mercredi-24-fevrier-2021-a-02h10\/\" \/>\n\t<meta name=\"generator\" content=\"All in One SEO Pro (AIOSEO) 4.9.7.1\" \/>\n\t\t<meta property=\"og:locale\" content=\"fr_FR\" \/>\n\t\t<meta property=\"og:site_name\" content=\"ECMO - Journal d&#039;une vie boulevers\u00e9e - Mon aventure, ou plut\u00f4t ma m\u00e9saventure ? De la chance ou de la malchance ?\" \/>\n\t\t<meta property=\"og:type\" content=\"article\" \/>\n\t\t<meta property=\"og:title\" content=\"R\u00e9cits de Soins : Un Journal de Nuit entre Espoir et Difficult\u00e9s\" \/>\n\t\t<meta property=\"og:description\" content=\"La narration des soins aide le patient \u00e0 reconstruire les moments d&#039;inconscience durant la p\u00e9riode post-soins intensifs.\" \/>\n\t\t<meta property=\"og:url\" content=\"https:\/\/diario.m-achermann.com\/fr\/le-journal-dhospitalisation\/mercredi-24-fevrier-2021-a-02h10\/\" \/>\n\t\t<meta property=\"og:image\" content=\"https:\/\/diario.m-achermann.com\/wp-content\/uploads\/2024\/02\/Mirko.png\" \/>\n\t\t<meta property=\"og:image:secure_url\" content=\"https:\/\/diario.m-achermann.com\/wp-content\/uploads\/2024\/02\/Mirko.png\" \/>\n\t\t<meta property=\"og:image:width\" content=\"200\" \/>\n\t\t<meta property=\"og:image:height\" content=\"200\" \/>\n\t\t<meta property=\"article:published_time\" content=\"2023-10-24T13:16:04+00:00\" \/>\n\t\t<meta property=\"article:modified_time\" content=\"2026-04-02T08:29:52+00:00\" \/>\n\t\t<meta property=\"article:publisher\" content=\"https:\/\/www.facebook.com\/profile.php?id=61556963490212\" \/>\n\t\t<meta name=\"twitter:card\" content=\"summary_large_image\" \/>\n\t\t<meta name=\"twitter:site\" content=\"@Mapi1967\" \/>\n\t\t<meta name=\"twitter:title\" content=\"R\u00e9cits de Soins : Un Journal de Nuit entre Espoir et Difficult\u00e9s\" \/>\n\t\t<meta name=\"twitter:description\" content=\"La narration des soins aide le patient \u00e0 reconstruire les moments d&#039;inconscience durant la p\u00e9riode post-soins intensifs.\" \/>\n\t\t<meta name=\"twitter:creator\" content=\"@Mapi1967\" \/>\n\t\t<meta name=\"twitter:image\" content=\"https:\/\/diario.m-achermann.com\/wp-content\/uploads\/2024\/02\/Mirko.png\" \/>\n\t\t<script type=\"application\/ld+json\" class=\"aioseo-schema\">\n\t\t\t{\"@context\":\"https:\\\/\\\/schema.org\",\"@graph\":[{\"@type\":\"BreadcrumbList\",\"@id\":\"https:\\\/\\\/diario.m-achermann.com\\\/fr\\\/le-journal-dhospitalisation\\\/mercredi-24-fevrier-2021-a-02h10\\\/#breadcrumblist\",\"itemListElement\":[{\"@type\":\"ListItem\",\"@id\":\"https:\\\/\\\/diario.m-achermann.com\\\/fr\\\/#listItem\",\"position\":1,\"name\":\"Home\",\"item\":\"https:\\\/\\\/diario.m-achermann.com\\\/fr\\\/\",\"nextItem\":{\"@type\":\"ListItem\",\"@id\":\"https:\\\/\\\/diario.m-achermann.com\\\/fr\\\/le-journal-dhospitalisation\\\/#listItem\",\"name\":\"Le journal d\\u2019hospitalisation\"}},{\"@type\":\"ListItem\",\"@id\":\"https:\\\/\\\/diario.m-achermann.com\\\/fr\\\/le-journal-dhospitalisation\\\/#listItem\",\"position\":2,\"name\":\"Le journal d\\u2019hospitalisation\",\"item\":\"https:\\\/\\\/diario.m-achermann.com\\\/fr\\\/le-journal-dhospitalisation\\\/\",\"nextItem\":{\"@type\":\"ListItem\",\"@id\":\"https:\\\/\\\/diario.m-achermann.com\\\/fr\\\/le-journal-dhospitalisation\\\/mercredi-24-fevrier-2021-a-02h10\\\/#listItem\",\"name\":\"Mercredi 24 f\\u00e9vrier 2021 \\u00e0 02h10\"},\"previousItem\":{\"@type\":\"ListItem\",\"@id\":\"https:\\\/\\\/diario.m-achermann.com\\\/fr\\\/#listItem\",\"name\":\"Home\"}},{\"@type\":\"ListItem\",\"@id\":\"https:\\\/\\\/diario.m-achermann.com\\\/fr\\\/le-journal-dhospitalisation\\\/mercredi-24-fevrier-2021-a-02h10\\\/#listItem\",\"position\":3,\"name\":\"Mercredi 24 f\\u00e9vrier 2021 \\u00e0 02h10\",\"previousItem\":{\"@type\":\"ListItem\",\"@id\":\"https:\\\/\\\/diario.m-achermann.com\\\/fr\\\/le-journal-dhospitalisation\\\/#listItem\",\"name\":\"Le journal d\\u2019hospitalisation\"}}]},{\"@type\":\"Person\",\"@id\":\"https:\\\/\\\/diario.m-achermann.com\\\/fr\\\/#person\",\"name\":\"Mirko Achermann\",\"image\":{\"@type\":\"ImageObject\",\"@id\":\"https:\\\/\\\/diario.m-achermann.com\\\/fr\\\/le-journal-dhospitalisation\\\/mercredi-24-fevrier-2021-a-02h10\\\/#personImage\",\"url\":\"https:\\\/\\\/secure.gravatar.com\\\/avatar\\\/53bb9dac79236bd713fbe107c9f2410ca8a6094577846073d4bea7d0bab1e51f?s=96&d=mm&r=g\",\"width\":96,\"height\":96,\"caption\":\"Mirko Achermann\"}},{\"@type\":\"WebPage\",\"@id\":\"https:\\\/\\\/diario.m-achermann.com\\\/fr\\\/le-journal-dhospitalisation\\\/mercredi-24-fevrier-2021-a-02h10\\\/#webpage\",\"url\":\"https:\\\/\\\/diario.m-achermann.com\\\/fr\\\/le-journal-dhospitalisation\\\/mercredi-24-fevrier-2021-a-02h10\\\/\",\"name\":\"R\\u00e9cits de Soins : Un Journal de Nuit entre Espoir et Difficult\\u00e9s\",\"description\":\"La narration des soins aide le patient \\u00e0 reconstruire les moments d'inconscience durant la p\\u00e9riode post-soins intensifs.\",\"inLanguage\":\"fr-FR\",\"isPartOf\":{\"@id\":\"https:\\\/\\\/diario.m-achermann.com\\\/fr\\\/#website\"},\"breadcrumb\":{\"@id\":\"https:\\\/\\\/diario.m-achermann.com\\\/fr\\\/le-journal-dhospitalisation\\\/mercredi-24-fevrier-2021-a-02h10\\\/#breadcrumblist\"},\"datePublished\":\"2023-10-24T15:16:04+02:00\",\"dateModified\":\"2026-04-02T10:29:52+02:00\"},{\"@type\":\"WebSite\",\"@id\":\"https:\\\/\\\/diario.m-achermann.com\\\/fr\\\/#website\",\"url\":\"https:\\\/\\\/diario.m-achermann.com\\\/fr\\\/\",\"name\":\"ECMO \\u2013 Diario di una vita stravolta\",\"alternateName\":\"ECMO\",\"description\":\"Mon aventure, ou plut\\u00f4t ma m\\u00e9saventure ? De la chance ou de la malchance ?\",\"inLanguage\":\"fr-FR\",\"publisher\":{\"@id\":\"https:\\\/\\\/diario.m-achermann.com\\\/fr\\\/#person\"}}]}\n\t\t<\/script>\n\t\t<!-- All in One SEO Pro -->\r\n\t\t<title>R\u00e9cits de Soins : Un Journal de Nuit entre Espoir et Difficult\u00e9s<\/title>\n\n","aioseo_head_json":{"title":"R\u00e9cits de Soins : Un Journal de Nuit entre Espoir et Difficult\u00e9s","description":"La narration des soins aide le patient \u00e0 reconstruire les moments d'inconscience durant la p\u00e9riode post-soins intensifs.","canonical_url":"https:\/\/diario.m-achermann.com\/fr\/le-journal-dhospitalisation\/mercredi-24-fevrier-2021-a-02h10\/","robots":"max-snippet:-1, max-image-preview:large, max-video-preview:-1","keywords":"","webmasterTools":{"google-site-verification":"2kcNb_eND2p_5dJ-aEUjUzdL5U1pyWvu9G-2F4Qyiwk","msvalidate.01":"8A32EFC1288A3ACC21FB6846BFC9E656","miscellaneous":""},"schema":{"@context":"https:\/\/schema.org","@graph":[{"@type":"BreadcrumbList","@id":"https:\/\/diario.m-achermann.com\/fr\/le-journal-dhospitalisation\/mercredi-24-fevrier-2021-a-02h10\/#breadcrumblist","itemListElement":[{"@type":"ListItem","@id":"https:\/\/diario.m-achermann.com\/fr\/#listItem","position":1,"name":"Home","item":"https:\/\/diario.m-achermann.com\/fr\/","nextItem":{"@type":"ListItem","@id":"https:\/\/diario.m-achermann.com\/fr\/le-journal-dhospitalisation\/#listItem","name":"Le journal d\u2019hospitalisation"}},{"@type":"ListItem","@id":"https:\/\/diario.m-achermann.com\/fr\/le-journal-dhospitalisation\/#listItem","position":2,"name":"Le journal d\u2019hospitalisation","item":"https:\/\/diario.m-achermann.com\/fr\/le-journal-dhospitalisation\/","nextItem":{"@type":"ListItem","@id":"https:\/\/diario.m-achermann.com\/fr\/le-journal-dhospitalisation\/mercredi-24-fevrier-2021-a-02h10\/#listItem","name":"Mercredi 24 f\u00e9vrier 2021 \u00e0 02h10"},"previousItem":{"@type":"ListItem","@id":"https:\/\/diario.m-achermann.com\/fr\/#listItem","name":"Home"}},{"@type":"ListItem","@id":"https:\/\/diario.m-achermann.com\/fr\/le-journal-dhospitalisation\/mercredi-24-fevrier-2021-a-02h10\/#listItem","position":3,"name":"Mercredi 24 f\u00e9vrier 2021 \u00e0 02h10","previousItem":{"@type":"ListItem","@id":"https:\/\/diario.m-achermann.com\/fr\/le-journal-dhospitalisation\/#listItem","name":"Le journal d\u2019hospitalisation"}}]},{"@type":"Person","@id":"https:\/\/diario.m-achermann.com\/fr\/#person","name":"Mirko Achermann","image":{"@type":"ImageObject","@id":"https:\/\/diario.m-achermann.com\/fr\/le-journal-dhospitalisation\/mercredi-24-fevrier-2021-a-02h10\/#personImage","url":"https:\/\/secure.gravatar.com\/avatar\/53bb9dac79236bd713fbe107c9f2410ca8a6094577846073d4bea7d0bab1e51f?s=96&d=mm&r=g","width":96,"height":96,"caption":"Mirko Achermann"}},{"@type":"WebPage","@id":"https:\/\/diario.m-achermann.com\/fr\/le-journal-dhospitalisation\/mercredi-24-fevrier-2021-a-02h10\/#webpage","url":"https:\/\/diario.m-achermann.com\/fr\/le-journal-dhospitalisation\/mercredi-24-fevrier-2021-a-02h10\/","name":"R\u00e9cits de Soins : Un Journal de Nuit entre Espoir et Difficult\u00e9s","description":"La narration des soins aide le patient \u00e0 reconstruire les moments d'inconscience durant la p\u00e9riode post-soins intensifs.","inLanguage":"fr-FR","isPartOf":{"@id":"https:\/\/diario.m-achermann.com\/fr\/#website"},"breadcrumb":{"@id":"https:\/\/diario.m-achermann.com\/fr\/le-journal-dhospitalisation\/mercredi-24-fevrier-2021-a-02h10\/#breadcrumblist"},"datePublished":"2023-10-24T15:16:04+02:00","dateModified":"2026-04-02T10:29:52+02:00"},{"@type":"WebSite","@id":"https:\/\/diario.m-achermann.com\/fr\/#website","url":"https:\/\/diario.m-achermann.com\/fr\/","name":"ECMO \u2013 Diario di una vita stravolta","alternateName":"ECMO","description":"Mon aventure, ou plut\u00f4t ma m\u00e9saventure ? De la chance ou de la malchance ?","inLanguage":"fr-FR","publisher":{"@id":"https:\/\/diario.m-achermann.com\/fr\/#person"}}]},"og:locale":"fr_FR","og:site_name":"ECMO - Journal d'une vie boulevers\u00e9e - Mon aventure, ou plut\u00f4t ma m\u00e9saventure ? De la chance ou de la malchance ?","og:type":"article","og:title":"R\u00e9cits de Soins : Un Journal de Nuit entre Espoir et Difficult\u00e9s","og:description":"La narration des soins aide le patient \u00e0 reconstruire les moments d'inconscience durant la p\u00e9riode post-soins intensifs.","og:url":"https:\/\/diario.m-achermann.com\/fr\/le-journal-dhospitalisation\/mercredi-24-fevrier-2021-a-02h10\/","og:image":"https:\/\/diario.m-achermann.com\/wp-content\/uploads\/2024\/02\/Mirko.png","og:image:secure_url":"https:\/\/diario.m-achermann.com\/wp-content\/uploads\/2024\/02\/Mirko.png","og:image:width":200,"og:image:height":200,"article:published_time":"2023-10-24T13:16:04+00:00","article:modified_time":"2026-04-02T08:29:52+00:00","article:publisher":"https:\/\/www.facebook.com\/profile.php?id=61556963490212","twitter:card":"summary_large_image","twitter:site":"@Mapi1967","twitter:title":"R\u00e9cits de Soins : Un Journal de Nuit entre Espoir et Difficult\u00e9s","twitter:description":"La narration des soins aide le patient \u00e0 reconstruire les moments d'inconscience durant la p\u00e9riode post-soins intensifs.","twitter:creator":"@Mapi1967","twitter:image":"https:\/\/diario.m-achermann.com\/wp-content\/uploads\/2024\/02\/Mirko.png"},"aioseo_meta_data":{"post_id":"9374","title":"R\u00e9cits de Soins : Un Journal de Nuit entre Espoir et Difficult\u00e9s","description":"La narration des soins aide le patient \u00e0 reconstruire les moments d'inconscience durant la p\u00e9riode post-soins intensifs.","keywords":null,"keyphrases":{"focus":{"keyphrase":"Diario","score":58,"analysis":{"keyphraseInTitle":{"score":9,"maxScore":9,"error":0},"keyphraseInDescription":{"score":3,"maxScore":9,"error":1},"keyphraseLength":{"score":9,"maxScore":9,"error":0,"length":1},"keyphraseInURL":{"score":5,"maxScore":5,"error":0},"keyphraseInIntroduction":{"score":3,"maxScore":9,"error":1},"keyphraseInSubHeadings":[],"keyphraseInImageAlt":[],"keywordDensity":{"score":0,"type":"low","maxScore":9,"error":1}}},"additional":[{"keyphrase":"ECMO","score":42,"analysis":{"keyphraseInDescription":{"score":3,"maxScore":9,"error":1},"keyphraseLength":{"score":9,"maxScore":9,"error":0,"length":1},"keyphraseInIntroduction":{"score":3,"maxScore":9,"error":1},"keyphraseInImageAlt":[],"keywordDensity":{"score":0,"type":"low","maxScore":9,"error":1}}},{"keyphrase":"Degenza","score":42,"analysis":{"keyphraseInDescription":{"score":3,"maxScore":9,"error":1},"keyphraseLength":{"score":9,"maxScore":9,"error":0,"length":1},"keyphraseInIntroduction":{"score":3,"maxScore":9,"error":1},"keyphraseInImageAlt":[],"keywordDensity":{"score":0,"type":"low","maxScore":9,"error":1}}},{"keyphrase":"Cardiocentro","score":42,"analysis":{"keyphraseInDescription":{"score":3,"maxScore":9,"error":1},"keyphraseLength":{"score":9,"maxScore":9,"error":0,"length":1},"keyphraseInIntroduction":{"score":3,"maxScore":9,"error":1},"keyphraseInImageAlt":[],"keywordDensity":{"score":0,"type":"low","maxScore":9,"error":1}}},{"keyphrase":"Speranza","score":42,"analysis":{"keyphraseInDescription":{"score":3,"maxScore":9,"error":1},"keyphraseLength":{"score":9,"maxScore":9,"error":0,"length":1},"keyphraseInIntroduction":{"score":3,"maxScore":9,"error":1},"keyphraseInImageAlt":[],"keywordDensity":{"score":0,"type":"low","maxScore":9,"error":1}}},{"keyphrase":"fisioterapia","score":67,"analysis":{"keyphraseInDescription":{"score":3,"maxScore":9,"error":1},"keyphraseLength":{"score":9,"maxScore":9,"error":0,"length":1},"keyphraseInIntroduction":{"score":3,"maxScore":9,"error":1},"keyphraseInImageAlt":[],"keywordDensity":{"type":"best","score":9,"maxScore":9,"error":0}}},{"keyphrase":"respirare","score":67,"analysis":{"keyphraseInDescription":{"score":3,"maxScore":9,"error":1},"keyphraseLength":{"score":9,"maxScore":9,"error":0,"length":1},"keyphraseInIntroduction":{"score":3,"maxScore":9,"error":1},"keyphraseInImageAlt":[],"keywordDensity":{"type":"best","score":9,"maxScore":9,"error":0}}}]},"primary_term":null,"canonical_url":null,"og_title":null,"og_description":null,"og_object_type":"default","og_image_type":"default","og_image_url":null,"og_image_width":null,"og_image_height":null,"og_image_custom_url":null,"og_image_custom_fields":null,"og_video":"","og_custom_url":null,"og_article_section":null,"og_article_tags":null,"twitter_use_og":false,"twitter_card":"default","twitter_image_type":"default","twitter_image_url":null,"twitter_image_custom_url":null,"twitter_image_custom_fields":null,"twitter_title":null,"twitter_description":null,"schema":{"blockGraphs":[],"customGraphs":[],"default":{"data":{"Article":[],"Course":[],"Dataset":[],"FAQPage":[],"Movie":[],"Person":[],"Product":[],"ProductReview":[],"Car":[],"Recipe":[],"Service":[],"SoftwareApplication":[],"WebPage":[]},"graphName":"WebPage","isEnabled":true},"graphs":[]},"schema_type":"default","schema_type_options":null,"pillar_content":false,"robots_default":true,"robots_noindex":false,"robots_noarchive":false,"robots_nosnippet":false,"robots_nofollow":false,"robots_noimageindex":false,"robots_noodp":false,"robots_notranslate":false,"robots_max_snippet":"-1","robots_max_videopreview":"-1","robots_max_imagepreview":"large","priority":null,"frequency":"default","local_seo":null,"seo_analyzer_scan_date":"2026-04-02 09:33:10","breadcrumb_settings":null,"limit_modified_date":0,"reviewed_by":"0","open_ai":"{\"title\":{\"suggestions\":[],\"usage\":0},\"description\":{\"suggestions\":[],\"usage\":0}}","ai":{"faqs":[],"keyPoints":[],"titles":["Il Diario di un'Infermiera: Cura e Speranza in Un'Ora Fonda di Notte","Storie di Cura: Un Diario di Notte tra Speranza e Difficolt\u00e0","Tra Cura e Pazienza: Un Diario Notturno di un'Infermiera","Diario di un'Infermiera: Sottile Equilibrio tra Cura e Pazienza","L'Ultima Notte: Diario di Cura e Speranza per un Paziente"],"descriptions":["Scopri il diario di un'infermiera che racconta le speranze e le sfide di assistere un paziente fragile, tra emozioni e cura quotidiana.","Entrate nel mondo di un'infermiera attraverso il suo diario, tra cure delicate e momenti di speranza in un contesto ospedaliero.","Un diario di cura e attenzione: scopri le emozioni di un'infermiera che si prende cura di un paziente in condizioni critiche.","Vivi le storie di cura e dedizione di un'infermiera nel suo diario, tra difficolt\u00e0 e piccoli segni di miglioramento.","Esplora il diario di un'infermiera che descrive le sfide di prendersi cura di un paziente e i momenti di speranza che nascono ogni giorno."],"socialPosts":{"email":[],"linkedin":[],"twitter":[],"facebook":[],"instagram":[]}},"created":"2026-04-01 14:41:30","updated":"2026-04-02 09:33:10"},"aioseo_breadcrumb":"<div class=\"aioseo-breadcrumbs\"><span class=\"aioseo-breadcrumb\">\n\t<a href=\"https:\/\/diario.m-achermann.com\/fr\/\" title=\"Home\">Home<\/a>\n<\/span><span class=\"aioseo-breadcrumb-separator\">\u00bb<\/span><span class=\"aioseo-breadcrumb\">\n\t<a href=\"https:\/\/diario.m-achermann.com\/fr\/le-journal-dhospitalisation\/\" title=\"Le journal d\u2019hospitalisation\">Le journal d\u2019hospitalisation<\/a>\n<\/span><span class=\"aioseo-breadcrumb-separator\">\u00bb<\/span><span class=\"aioseo-breadcrumb\">\n\tMercredi 24 f\u00e9vrier 2021 \u00e0 02h10\n<\/span><\/div>","aioseo_breadcrumb_json":[{"label":"Home","link":"https:\/\/diario.m-achermann.com\/fr\/"},{"label":"Le journal d\u2019hospitalisation","link":"https:\/\/diario.m-achermann.com\/fr\/le-journal-dhospitalisation\/"},{"label":"Mercredi 24 f\u00e9vrier 2021 \u00e0 02h10","link":"https:\/\/diario.m-achermann.com\/fr\/le-journal-dhospitalisation\/mercredi-24-fevrier-2021-a-02h10\/"}],"_links":{"self":[{"href":"https:\/\/diario.m-achermann.com\/fr\/wp-json\/wp\/v2\/pages\/9374","targetHints":{"allow":["GET"]}}],"collection":[{"href":"https:\/\/diario.m-achermann.com\/fr\/wp-json\/wp\/v2\/pages"}],"about":[{"href":"https:\/\/diario.m-achermann.com\/fr\/wp-json\/wp\/v2\/types\/page"}],"author":[{"embeddable":true,"href":"https:\/\/diario.m-achermann.com\/fr\/wp-json\/wp\/v2\/users\/1"}],"replies":[{"embeddable":true,"href":"https:\/\/diario.m-achermann.com\/fr\/wp-json\/wp\/v2\/comments?post=9374"}],"version-history":[{"count":1,"href":"https:\/\/diario.m-achermann.com\/fr\/wp-json\/wp\/v2\/pages\/9374\/revisions"}],"predecessor-version":[{"id":9377,"href":"https:\/\/diario.m-achermann.com\/fr\/wp-json\/wp\/v2\/pages\/9374\/revisions\/9377"}],"up":[{"embeddable":true,"href":"https:\/\/diario.m-achermann.com\/fr\/wp-json\/wp\/v2\/pages\/10023"}],"wp:attachment":[{"href":"https:\/\/diario.m-achermann.com\/fr\/wp-json\/wp\/v2\/media?parent=9374"}],"wp:term":[{"taxonomy":"category","embeddable":true,"href":"https:\/\/diario.m-achermann.com\/fr\/wp-json\/wp\/v2\/categories?post=9374"},{"taxonomy":"post_tag","embeddable":true,"href":"https:\/\/diario.m-achermann.com\/fr\/wp-json\/wp\/v2\/tags?post=9374"}],"curies":[{"name":"wp","href":"https:\/\/api.w.org\/{rel}","templated":true}]}}