{"id":9375,"date":"2023-10-24T15:33:07","date_gmt":"2023-10-24T13:33:07","guid":{"rendered":"https:\/\/diario.m-achermann.com\/jeudi-25-fevrier-2021-a-01h30\/"},"modified":"2026-04-02T10:34:46","modified_gmt":"2026-04-02T08:34:46","slug":"jeudi-25-fevrier-2021-a-01h30","status":"publish","type":"page","link":"https:\/\/diario.m-achermann.com\/fr\/le-journal-dhospitalisation\/jeudi-25-fevrier-2021-a-01h30\/","title":{"rendered":"Jeudi 25 f\u00e9vrier 2021 \u00e0 01h30"},"content":{"rendered":"\n<p>Me revoil\u00e0, M. Mirko,<br\/>Je suis Stefania, infirmi\u00e8re.<\/p>\n\n<p>Cette nuit encore, comme hier, je m&rsquo;occupe de vous.<br\/>Depuis hier matin, vous \u00eates tourn\u00e9 sur le ventre et je ne peux pas voir votre visage.<br\/>J&rsquo;esp\u00e8re que vous arrivez \u00e0 tol\u00e9rer cette position et que celle que nous avons choisie pour vous vous convient.<\/p>\n\n<p>Le coll\u00e8gue du service pr\u00e9c\u00e9dent ne m&rsquo;a signal\u00e9 aucune nouveaut\u00e9\u2026<\/p>\n\n<p>Si ce n&rsquo;est quelques ajustements th\u00e9rapeutiques susceptibles d&rsquo;am\u00e9liorer l&rsquo;\u00e9tat de vos poumons.<\/p>\n\n<p>Bonne nuit Mirko et faites de beaux r\u00eaves.<br\/>Stefania<\/p>\n","protected":false},"excerpt":{"rendered":"<p>Me revoil\u00e0, M. Mirko,Je suis Stefania, infirmi\u00e8re. Cette nuit encore, comme hier, je m&rsquo;occupe de vous.Depuis hier matin, vous \u00eates tourn\u00e9 sur le ventre et je ne peux pas voir votre visage.J&rsquo;esp\u00e8re que vous arrivez \u00e0 tol\u00e9rer cette position et que celle que nous avons choisie pour vous vous convient. Le coll\u00e8gue du service pr\u00e9c\u00e9dent&hellip;&nbsp;<a href=\"https:\/\/diario.m-achermann.com\/fr\/le-journal-dhospitalisation\/jeudi-25-fevrier-2021-a-01h30\/\" rel=\"bookmark\">Read More &raquo;<span class=\"screen-reader-text\">Jeudi 25 f\u00e9vrier 2021 \u00e0 01h30<\/span><\/a><\/p>\n","protected":false},"author":1,"featured_media":0,"parent":10023,"menu_order":120,"comment_status":"open","ping_status":"closed","template":"","meta":{"_editorskit_title_hidden":false,"_editorskit_reading_time":0,"_editorskit_is_block_options_detached":false,"_editorskit_block_options_position":"{}","om_disable_all_campaigns":false,"_lmt_disableupdate":"","_lmt_disable":"","_monsterinsights_skip_tracking":false,"_monsterinsights_sitenote_active":false,"_monsterinsights_sitenote_note":"","_monsterinsights_sitenote_category":0,"neve_meta_sidebar":"","neve_meta_container":"","neve_meta_enable_content_width":"","neve_meta_content_width":0,"neve_meta_title_alignment":"","neve_meta_author_avatar":"","neve_post_elements_order":"","neve_meta_disable_header":"","neve_meta_disable_footer":"","neve_meta_disable_title":"","neve_meta_reading_time":"","_themeisle_gutenberg_block_has_review":false,"footnotes":""},"categories":[],"tags":[],"class_list":["post-9375","page","type-page","status-publish","hentry"],"aioseo_notices":[],"aioseo_head":"\n\t\t<!-- All in One SEO Pro 4.9.7.1 - aioseo.com -->\n\t<meta name=\"description\" content=\"Un journal d&#039;hospitalisation qui raconte les soins et l&#039;espoir : Stefania, infirmi\u00e8re, partage ses exp\u00e9riences nocturnes en prenant soin d&#039;un patient dans un moment d\u00e9licat.\" \/>\n\t<meta name=\"robots\" content=\"max-snippet:-1, max-image-preview:large, max-video-preview:-1\" \/>\n\t<meta name=\"google-site-verification\" content=\"2kcNb_eND2p_5dJ-aEUjUzdL5U1pyWvu9G-2F4Qyiwk\" \/>\n\t<meta name=\"msvalidate.01\" content=\"8A32EFC1288A3ACC21FB6846BFC9E656\" \/>\n\t<link rel=\"canonical\" href=\"https:\/\/diario.m-achermann.com\/fr\/le-journal-dhospitalisation\/jeudi-25-fevrier-2021-a-01h30\/\" \/>\n\t<meta name=\"generator\" content=\"All in One SEO Pro (AIOSEO) 4.9.7.1\" \/>\n\t\t<meta property=\"og:locale\" content=\"fr_FR\" \/>\n\t\t<meta property=\"og:site_name\" content=\"ECMO - Journal d&#039;une vie boulevers\u00e9e - Mon aventure, ou plut\u00f4t ma m\u00e9saventure ? De la chance ou de la malchance ?\" \/>\n\t\t<meta property=\"og:type\" content=\"article\" \/>\n\t\t<meta property=\"og:title\" content=\"Compte rendu nocturne : Surveillance et soins du patient dans le journal d&#039;hospitalisation\" \/>\n\t\t<meta property=\"og:description\" content=\"Un journal d&#039;hospitalisation qui raconte les soins et l&#039;espoir : Stefania, infirmi\u00e8re, partage ses exp\u00e9riences nocturnes en prenant soin d&#039;un patient dans un moment d\u00e9licat.\" \/>\n\t\t<meta property=\"og:url\" content=\"https:\/\/diario.m-achermann.com\/fr\/le-journal-dhospitalisation\/jeudi-25-fevrier-2021-a-01h30\/\" \/>\n\t\t<meta property=\"og:image\" content=\"https:\/\/diario.m-achermann.com\/wp-content\/uploads\/2024\/02\/Mirko.png\" \/>\n\t\t<meta property=\"og:image:secure_url\" content=\"https:\/\/diario.m-achermann.com\/wp-content\/uploads\/2024\/02\/Mirko.png\" \/>\n\t\t<meta property=\"og:image:width\" content=\"200\" \/>\n\t\t<meta property=\"og:image:height\" content=\"200\" \/>\n\t\t<meta property=\"article:published_time\" content=\"2023-10-24T13:33:07+00:00\" \/>\n\t\t<meta property=\"article:modified_time\" content=\"2026-04-02T08:34:46+00:00\" \/>\n\t\t<meta property=\"article:publisher\" content=\"https:\/\/www.facebook.com\/profile.php?id=61556963490212\" \/>\n\t\t<meta name=\"twitter:card\" content=\"summary_large_image\" \/>\n\t\t<meta name=\"twitter:site\" content=\"@Mapi1967\" \/>\n\t\t<meta name=\"twitter:title\" content=\"Compte rendu nocturne : Surveillance et soins du patient dans le journal d&#039;hospitalisation\" \/>\n\t\t<meta name=\"twitter:description\" content=\"Un journal d&#039;hospitalisation qui raconte les soins et l&#039;espoir : Stefania, infirmi\u00e8re, partage ses exp\u00e9riences nocturnes en prenant soin d&#039;un patient dans un moment d\u00e9licat.\" \/>\n\t\t<meta name=\"twitter:creator\" content=\"@Mapi1967\" \/>\n\t\t<meta name=\"twitter:image\" content=\"https:\/\/diario.m-achermann.com\/wp-content\/uploads\/2024\/02\/Mirko.png\" \/>\n\t\t<script type=\"application\/ld+json\" class=\"aioseo-schema\">\n\t\t\t{\"@context\":\"https:\\\/\\\/schema.org\",\"@graph\":[{\"@type\":\"BreadcrumbList\",\"@id\":\"https:\\\/\\\/diario.m-achermann.com\\\/fr\\\/le-journal-dhospitalisation\\\/jeudi-25-fevrier-2021-a-01h30\\\/#breadcrumblist\",\"itemListElement\":[{\"@type\":\"ListItem\",\"@id\":\"https:\\\/\\\/diario.m-achermann.com\\\/fr\\\/#listItem\",\"position\":1,\"name\":\"Home\",\"item\":\"https:\\\/\\\/diario.m-achermann.com\\\/fr\\\/\",\"nextItem\":{\"@type\":\"ListItem\",\"@id\":\"https:\\\/\\\/diario.m-achermann.com\\\/fr\\\/le-journal-dhospitalisation\\\/#listItem\",\"name\":\"Le journal d\\u2019hospitalisation\"}},{\"@type\":\"ListItem\",\"@id\":\"https:\\\/\\\/diario.m-achermann.com\\\/fr\\\/le-journal-dhospitalisation\\\/#listItem\",\"position\":2,\"name\":\"Le journal d\\u2019hospitalisation\",\"item\":\"https:\\\/\\\/diario.m-achermann.com\\\/fr\\\/le-journal-dhospitalisation\\\/\",\"nextItem\":{\"@type\":\"ListItem\",\"@id\":\"https:\\\/\\\/diario.m-achermann.com\\\/fr\\\/le-journal-dhospitalisation\\\/jeudi-25-fevrier-2021-a-01h30\\\/#listItem\",\"name\":\"Jeudi 25 f\\u00e9vrier 2021 \\u00e0 01h30\"},\"previousItem\":{\"@type\":\"ListItem\",\"@id\":\"https:\\\/\\\/diario.m-achermann.com\\\/fr\\\/#listItem\",\"name\":\"Home\"}},{\"@type\":\"ListItem\",\"@id\":\"https:\\\/\\\/diario.m-achermann.com\\\/fr\\\/le-journal-dhospitalisation\\\/jeudi-25-fevrier-2021-a-01h30\\\/#listItem\",\"position\":3,\"name\":\"Jeudi 25 f\\u00e9vrier 2021 \\u00e0 01h30\",\"previousItem\":{\"@type\":\"ListItem\",\"@id\":\"https:\\\/\\\/diario.m-achermann.com\\\/fr\\\/le-journal-dhospitalisation\\\/#listItem\",\"name\":\"Le journal d\\u2019hospitalisation\"}}]},{\"@type\":\"Person\",\"@id\":\"https:\\\/\\\/diario.m-achermann.com\\\/fr\\\/#person\",\"name\":\"Mirko Achermann\",\"image\":{\"@type\":\"ImageObject\",\"@id\":\"https:\\\/\\\/diario.m-achermann.com\\\/fr\\\/le-journal-dhospitalisation\\\/jeudi-25-fevrier-2021-a-01h30\\\/#personImage\",\"url\":\"https:\\\/\\\/secure.gravatar.com\\\/avatar\\\/53bb9dac79236bd713fbe107c9f2410ca8a6094577846073d4bea7d0bab1e51f?s=96&d=mm&r=g\",\"width\":96,\"height\":96,\"caption\":\"Mirko Achermann\"}},{\"@type\":\"WebPage\",\"@id\":\"https:\\\/\\\/diario.m-achermann.com\\\/fr\\\/le-journal-dhospitalisation\\\/jeudi-25-fevrier-2021-a-01h30\\\/#webpage\",\"url\":\"https:\\\/\\\/diario.m-achermann.com\\\/fr\\\/le-journal-dhospitalisation\\\/jeudi-25-fevrier-2021-a-01h30\\\/\",\"name\":\"Compte rendu nocturne : Surveillance et soins du patient dans le journal d'hospitalisation\",\"description\":\"Un journal d'hospitalisation qui raconte les soins et l'espoir : Stefania, infirmi\\u00e8re, partage ses exp\\u00e9riences nocturnes en prenant soin d'un patient dans un moment d\\u00e9licat.\",\"inLanguage\":\"fr-FR\",\"isPartOf\":{\"@id\":\"https:\\\/\\\/diario.m-achermann.com\\\/fr\\\/#website\"},\"breadcrumb\":{\"@id\":\"https:\\\/\\\/diario.m-achermann.com\\\/fr\\\/le-journal-dhospitalisation\\\/jeudi-25-fevrier-2021-a-01h30\\\/#breadcrumblist\"},\"datePublished\":\"2023-10-24T15:33:07+02:00\",\"dateModified\":\"2026-04-02T10:34:46+02:00\"},{\"@type\":\"WebSite\",\"@id\":\"https:\\\/\\\/diario.m-achermann.com\\\/fr\\\/#website\",\"url\":\"https:\\\/\\\/diario.m-achermann.com\\\/fr\\\/\",\"name\":\"ECMO \\u2013 Diario di una vita stravolta\",\"alternateName\":\"ECMO\",\"description\":\"Mon aventure, ou plut\\u00f4t ma m\\u00e9saventure ? De la chance ou de la malchance ?\",\"inLanguage\":\"fr-FR\",\"publisher\":{\"@id\":\"https:\\\/\\\/diario.m-achermann.com\\\/fr\\\/#person\"}}]}\n\t\t<\/script>\n\t\t<!-- All in One SEO Pro -->\r\n\t\t<title>Compte rendu nocturne : Surveillance et soins du patient dans le journal d'hospitalisation<\/title>\n\n","aioseo_head_json":{"title":"Compte rendu nocturne : Surveillance et soins du patient dans le journal d'hospitalisation","description":"Un journal d'hospitalisation qui raconte les soins et l'espoir : Stefania, infirmi\u00e8re, partage ses exp\u00e9riences nocturnes en prenant soin d'un patient dans un moment d\u00e9licat.","canonical_url":"https:\/\/diario.m-achermann.com\/fr\/le-journal-dhospitalisation\/jeudi-25-fevrier-2021-a-01h30\/","robots":"max-snippet:-1, max-image-preview:large, max-video-preview:-1","keywords":"","webmasterTools":{"google-site-verification":"2kcNb_eND2p_5dJ-aEUjUzdL5U1pyWvu9G-2F4Qyiwk","msvalidate.01":"8A32EFC1288A3ACC21FB6846BFC9E656","miscellaneous":""},"schema":{"@context":"https:\/\/schema.org","@graph":[{"@type":"BreadcrumbList","@id":"https:\/\/diario.m-achermann.com\/fr\/le-journal-dhospitalisation\/jeudi-25-fevrier-2021-a-01h30\/#breadcrumblist","itemListElement":[{"@type":"ListItem","@id":"https:\/\/diario.m-achermann.com\/fr\/#listItem","position":1,"name":"Home","item":"https:\/\/diario.m-achermann.com\/fr\/","nextItem":{"@type":"ListItem","@id":"https:\/\/diario.m-achermann.com\/fr\/le-journal-dhospitalisation\/#listItem","name":"Le journal d\u2019hospitalisation"}},{"@type":"ListItem","@id":"https:\/\/diario.m-achermann.com\/fr\/le-journal-dhospitalisation\/#listItem","position":2,"name":"Le journal d\u2019hospitalisation","item":"https:\/\/diario.m-achermann.com\/fr\/le-journal-dhospitalisation\/","nextItem":{"@type":"ListItem","@id":"https:\/\/diario.m-achermann.com\/fr\/le-journal-dhospitalisation\/jeudi-25-fevrier-2021-a-01h30\/#listItem","name":"Jeudi 25 f\u00e9vrier 2021 \u00e0 01h30"},"previousItem":{"@type":"ListItem","@id":"https:\/\/diario.m-achermann.com\/fr\/#listItem","name":"Home"}},{"@type":"ListItem","@id":"https:\/\/diario.m-achermann.com\/fr\/le-journal-dhospitalisation\/jeudi-25-fevrier-2021-a-01h30\/#listItem","position":3,"name":"Jeudi 25 f\u00e9vrier 2021 \u00e0 01h30","previousItem":{"@type":"ListItem","@id":"https:\/\/diario.m-achermann.com\/fr\/le-journal-dhospitalisation\/#listItem","name":"Le journal d\u2019hospitalisation"}}]},{"@type":"Person","@id":"https:\/\/diario.m-achermann.com\/fr\/#person","name":"Mirko Achermann","image":{"@type":"ImageObject","@id":"https:\/\/diario.m-achermann.com\/fr\/le-journal-dhospitalisation\/jeudi-25-fevrier-2021-a-01h30\/#personImage","url":"https:\/\/secure.gravatar.com\/avatar\/53bb9dac79236bd713fbe107c9f2410ca8a6094577846073d4bea7d0bab1e51f?s=96&d=mm&r=g","width":96,"height":96,"caption":"Mirko Achermann"}},{"@type":"WebPage","@id":"https:\/\/diario.m-achermann.com\/fr\/le-journal-dhospitalisation\/jeudi-25-fevrier-2021-a-01h30\/#webpage","url":"https:\/\/diario.m-achermann.com\/fr\/le-journal-dhospitalisation\/jeudi-25-fevrier-2021-a-01h30\/","name":"Compte rendu nocturne : Surveillance et soins du patient dans le journal d'hospitalisation","description":"Un journal d'hospitalisation qui raconte les soins et l'espoir : Stefania, infirmi\u00e8re, partage ses exp\u00e9riences nocturnes en prenant soin d'un patient dans un moment d\u00e9licat.","inLanguage":"fr-FR","isPartOf":{"@id":"https:\/\/diario.m-achermann.com\/fr\/#website"},"breadcrumb":{"@id":"https:\/\/diario.m-achermann.com\/fr\/le-journal-dhospitalisation\/jeudi-25-fevrier-2021-a-01h30\/#breadcrumblist"},"datePublished":"2023-10-24T15:33:07+02:00","dateModified":"2026-04-02T10:34:46+02:00"},{"@type":"WebSite","@id":"https:\/\/diario.m-achermann.com\/fr\/#website","url":"https:\/\/diario.m-achermann.com\/fr\/","name":"ECMO \u2013 Diario di una vita stravolta","alternateName":"ECMO","description":"Mon aventure, ou plut\u00f4t ma m\u00e9saventure ? De la chance ou de la malchance ?","inLanguage":"fr-FR","publisher":{"@id":"https:\/\/diario.m-achermann.com\/fr\/#person"}}]},"og:locale":"fr_FR","og:site_name":"ECMO - Journal d'une vie boulevers\u00e9e - Mon aventure, ou plut\u00f4t ma m\u00e9saventure ? De la chance ou de la malchance ?","og:type":"article","og:title":"Compte rendu nocturne : Surveillance et soins du patient dans le journal d'hospitalisation","og:description":"Un journal d'hospitalisation qui raconte les soins et l'espoir : Stefania, infirmi\u00e8re, partage ses exp\u00e9riences nocturnes en prenant soin d'un patient dans un moment d\u00e9licat.","og:url":"https:\/\/diario.m-achermann.com\/fr\/le-journal-dhospitalisation\/jeudi-25-fevrier-2021-a-01h30\/","og:image":"https:\/\/diario.m-achermann.com\/wp-content\/uploads\/2024\/02\/Mirko.png","og:image:secure_url":"https:\/\/diario.m-achermann.com\/wp-content\/uploads\/2024\/02\/Mirko.png","og:image:width":200,"og:image:height":200,"article:published_time":"2023-10-24T13:33:07+00:00","article:modified_time":"2026-04-02T08:34:46+00:00","article:publisher":"https:\/\/www.facebook.com\/profile.php?id=61556963490212","twitter:card":"summary_large_image","twitter:site":"@Mapi1967","twitter:title":"Compte rendu nocturne : Surveillance et soins du patient dans le journal d'hospitalisation","twitter:description":"Un journal d'hospitalisation qui raconte les soins et l'espoir : Stefania, infirmi\u00e8re, partage ses exp\u00e9riences nocturnes en prenant soin d'un patient dans un moment d\u00e9licat.","twitter:creator":"@Mapi1967","twitter:image":"https:\/\/diario.m-achermann.com\/wp-content\/uploads\/2024\/02\/Mirko.png"},"aioseo_meta_data":{"post_id":"9375","title":"Compte rendu nocturne : Surveillance et soins du patient dans le journal d'hospitalisation","description":"Un journal d'hospitalisation qui raconte les soins et l'espoir : Stefania, infirmi\u00e8re, partage ses exp\u00e9riences nocturnes en prenant soin d'un patient dans un moment d\u00e9licat.","keywords":null,"keyphrases":{"focus":{"keyphrase":"Diario","score":70,"analysis":{"keyphraseInTitle":{"score":9,"maxScore":9,"error":0},"keyphraseInDescription":{"score":9,"maxScore":9,"error":0},"keyphraseLength":{"score":9,"maxScore":9,"error":0,"length":1},"keyphraseInURL":{"score":5,"maxScore":5,"error":0},"keyphraseInIntroduction":{"score":3,"maxScore":9,"error":1},"keyphraseInSubHeadings":[],"keyphraseInImageAlt":[],"keywordDensity":{"score":0,"type":"low","maxScore":9,"error":1}}},"additional":[{"keyphrase":"ECMO","score":42,"analysis":{"keyphraseInDescription":{"score":3,"maxScore":9,"error":1},"keyphraseLength":{"score":9,"maxScore":9,"error":0,"length":1},"keyphraseInIntroduction":{"score":3,"maxScore":9,"error":1},"keyphraseInImageAlt":[],"keywordDensity":{"score":0,"type":"low","maxScore":9,"error":1}}},{"keyphrase":"Degenza","score":58,"analysis":{"keyphraseInDescription":{"score":9,"maxScore":9,"error":0},"keyphraseLength":{"score":9,"maxScore":9,"error":0,"length":1},"keyphraseInIntroduction":{"score":3,"maxScore":9,"error":1},"keyphraseInImageAlt":[],"keywordDensity":{"score":0,"type":"low","maxScore":9,"error":1}}},{"keyphrase":"Cardiocentro","score":42,"analysis":{"keyphraseInDescription":{"score":3,"maxScore":9,"error":1},"keyphraseLength":{"score":9,"maxScore":9,"error":0,"length":1},"keyphraseInIntroduction":{"score":3,"maxScore":9,"error":1},"keyphraseInImageAlt":[],"keywordDensity":{"score":0,"type":"low","maxScore":9,"error":1}}},{"keyphrase":"sogni","score":67,"analysis":{"keyphraseInDescription":{"score":3,"maxScore":9,"error":1},"keyphraseLength":{"score":9,"maxScore":9,"error":0,"length":1},"keyphraseInIntroduction":{"score":3,"maxScore":9,"error":1},"keyphraseInImageAlt":[],"keywordDensity":{"type":"best","score":9,"maxScore":9,"error":0}}}]},"primary_term":null,"canonical_url":null,"og_title":null,"og_description":null,"og_object_type":"default","og_image_type":"default","og_image_url":null,"og_image_width":null,"og_image_height":null,"og_image_custom_url":null,"og_image_custom_fields":null,"og_video":"","og_custom_url":null,"og_article_section":null,"og_article_tags":null,"twitter_use_og":false,"twitter_card":"default","twitter_image_type":"default","twitter_image_url":null,"twitter_image_custom_url":null,"twitter_image_custom_fields":null,"twitter_title":null,"twitter_description":null,"schema":{"blockGraphs":[],"customGraphs":[],"default":{"data":{"Article":[],"Course":[],"Dataset":[],"FAQPage":[],"Movie":[],"Person":[],"Product":[],"ProductReview":[],"Car":[],"Recipe":[],"Service":[],"SoftwareApplication":[],"WebPage":[]},"graphName":"WebPage","isEnabled":true},"graphs":[]},"schema_type":"default","schema_type_options":null,"pillar_content":false,"robots_default":true,"robots_noindex":false,"robots_noarchive":false,"robots_nosnippet":false,"robots_nofollow":false,"robots_noimageindex":false,"robots_noodp":false,"robots_notranslate":false,"robots_max_snippet":"-1","robots_max_videopreview":"-1","robots_max_imagepreview":"large","priority":null,"frequency":"default","local_seo":null,"seo_analyzer_scan_date":"2026-04-02 09:33:10","breadcrumb_settings":null,"limit_modified_date":0,"reviewed_by":"0","open_ai":"{\"title\":{\"suggestions\":[],\"usage\":0},\"description\":{\"suggestions\":[],\"usage\":0}}","ai":{"faqs":[],"keyPoints":[],"titles":["Diario di Cura: Aggiornamenti Notturni sulla Condizione del Paziente","Report Ins-Esperto: Tutti gli Dettagli del Diario del Chirurgo","Diario Clinico: L'Articolo sui Miglioramenti della Salute del Paziente","Resoconto Notturno: Monitoraggio e Cura del Paziente nel Diario","Diario Medico: Analisi della Posizione e delle Terapie Correlate al Paziente"],"descriptions":["Scopri il diario di un'infermiera che si prende cura di un paziente, tra sfide quotidiane e speranze di miglioramento. Un racconto umano e toccante.","Immergiti nel diario di Stefania, infermiera dedicata, e segui le sue esperienze mentre si prende cura di un paziente in notte intensa e piena di speranza.","Leggi il diario di Stefania, infermiera, che ogni notte si dedica con cuore e professionalit\u00e0 a prendersi cura di un paziente, affrontando le sfide della notte.","Un diario di cura e speranza: Stefania, infermiera, condivide le sue esperienze notturne nel prendersi cura di un paziente in un momento delicato.","Segui le notes del diario di Stefania, infermiera, e scopri come la dedizione e la professionalit\u00e0 accompagnano le notti di cura e attenzione ai pazienti."],"socialPosts":{"email":[],"linkedin":[],"twitter":[],"facebook":[],"instagram":[]}},"created":"2026-04-01 14:41:30","updated":"2026-04-02 09:33:10"},"aioseo_breadcrumb":"<div class=\"aioseo-breadcrumbs\"><span class=\"aioseo-breadcrumb\">\n\t<a href=\"https:\/\/diario.m-achermann.com\/fr\/\" title=\"Home\">Home<\/a>\n<\/span><span class=\"aioseo-breadcrumb-separator\">\u00bb<\/span><span class=\"aioseo-breadcrumb\">\n\t<a href=\"https:\/\/diario.m-achermann.com\/fr\/le-journal-dhospitalisation\/\" title=\"Le journal d\u2019hospitalisation\">Le journal d\u2019hospitalisation<\/a>\n<\/span><span class=\"aioseo-breadcrumb-separator\">\u00bb<\/span><span class=\"aioseo-breadcrumb\">\n\tJeudi 25 f\u00e9vrier 2021 \u00e0 01h30\n<\/span><\/div>","aioseo_breadcrumb_json":[{"label":"Home","link":"https:\/\/diario.m-achermann.com\/fr\/"},{"label":"Le journal d\u2019hospitalisation","link":"https:\/\/diario.m-achermann.com\/fr\/le-journal-dhospitalisation\/"},{"label":"Jeudi 25 f\u00e9vrier 2021 \u00e0 01h30","link":"https:\/\/diario.m-achermann.com\/fr\/le-journal-dhospitalisation\/jeudi-25-fevrier-2021-a-01h30\/"}],"_links":{"self":[{"href":"https:\/\/diario.m-achermann.com\/fr\/wp-json\/wp\/v2\/pages\/9375","targetHints":{"allow":["GET"]}}],"collection":[{"href":"https:\/\/diario.m-achermann.com\/fr\/wp-json\/wp\/v2\/pages"}],"about":[{"href":"https:\/\/diario.m-achermann.com\/fr\/wp-json\/wp\/v2\/types\/page"}],"author":[{"embeddable":true,"href":"https:\/\/diario.m-achermann.com\/fr\/wp-json\/wp\/v2\/users\/1"}],"replies":[{"embeddable":true,"href":"https:\/\/diario.m-achermann.com\/fr\/wp-json\/wp\/v2\/comments?post=9375"}],"version-history":[{"count":1,"href":"https:\/\/diario.m-achermann.com\/fr\/wp-json\/wp\/v2\/pages\/9375\/revisions"}],"predecessor-version":[{"id":9376,"href":"https:\/\/diario.m-achermann.com\/fr\/wp-json\/wp\/v2\/pages\/9375\/revisions\/9376"}],"up":[{"embeddable":true,"href":"https:\/\/diario.m-achermann.com\/fr\/wp-json\/wp\/v2\/pages\/10023"}],"wp:attachment":[{"href":"https:\/\/diario.m-achermann.com\/fr\/wp-json\/wp\/v2\/media?parent=9375"}],"wp:term":[{"taxonomy":"category","embeddable":true,"href":"https:\/\/diario.m-achermann.com\/fr\/wp-json\/wp\/v2\/categories?post=9375"},{"taxonomy":"post_tag","embeddable":true,"href":"https:\/\/diario.m-achermann.com\/fr\/wp-json\/wp\/v2\/tags?post=9375"}],"curies":[{"name":"wp","href":"https:\/\/api.w.org\/{rel}","templated":true}]}}