{"id":9382,"date":"2023-10-24T15:29:43","date_gmt":"2023-10-24T13:29:43","guid":{"rendered":"https:\/\/diario.m-achermann.com\/mercredi-24-fevrier-2021-a-13h10\/"},"modified":"2026-04-02T10:30:53","modified_gmt":"2026-04-02T08:30:53","slug":"mercredi-24-fevrier-2021-a-13h10","status":"publish","type":"page","link":"https:\/\/diario.m-achermann.com\/fr\/le-journal-dhospitalisation\/mercredi-24-fevrier-2021-a-13h10\/","title":{"rendered":"Mercredi 24 f\u00e9vrier 2021 \u00e0 13h10"},"content":{"rendered":"\n<p class=\" eplus-wrapper\">Bonjour M. Achermann,<br\/>Je suis Maura, votre infirmi\u00e8re d&rsquo;aujourd&rsquo;hui.<\/p>\n\n<p class=\" eplus-wrapper\">Ce matin, apr\u00e8s les \u00ab soins de beaut\u00e9 \u00bb, il a \u00e9t\u00e9 d\u00e9cid\u00e9 avec les m\u00e9decins de vous mettre en d\u00e9cubitus ventral.<\/p>\n\n<p class=\" eplus-wrapper\">Comme Stefania vous l&rsquo;a d\u00e9j\u00e0 \u00e9crit ces derniers jours, dans cette position nous parvenons \u00e0 mieux ventiler la partie basale et post\u00e9rieure de vos poumons. <br\/>Vous dormez, nous vous avons retourn\u00e9 \u00e0 cinq (moi, un coll\u00e8gue, le kin\u00e9sith\u00e9rapeute et deux m\u00e9decins). <br\/>Nous esp\u00e9rons avoir r\u00e9ussi \u00e0 vous trouver une position la plus confortable possible avec des coussins et des supports, \u00e9tant donn\u00e9 que vous devrez rester en d\u00e9cubitus ventral pendant plusieurs heures. <br\/>Votre c\u0153ur bat un peu plus lentement et les traits de votre visage sont d\u00e9tendus.<\/p>\n\n<p class=\" eplus-wrapper\">Pour aujourd&rsquo;hui, nous n&rsquo;avons pas pr\u00e9vu de r\u00e9duire la s\u00e9dation ou de vous laisser vous r\u00e9veiller, justement pour mieux tol\u00e9rer la position.<\/p>\n\n<p class=\" eplus-wrapper\">Courage ! <br\/>Maura<\/p>\n","protected":false},"excerpt":{"rendered":"<p>Bonjour M. Achermann,Je suis Maura, votre infirmi\u00e8re d&rsquo;aujourd&rsquo;hui. Ce matin, apr\u00e8s les \u00ab soins de beaut\u00e9 \u00bb, il a \u00e9t\u00e9 d\u00e9cid\u00e9 avec les m\u00e9decins de vous mettre en d\u00e9cubitus ventral. Comme Stefania vous l&rsquo;a d\u00e9j\u00e0 \u00e9crit ces derniers jours, dans cette position nous parvenons \u00e0 mieux ventiler la partie basale et post\u00e9rieure de vos poumons.&hellip;&nbsp;<a href=\"https:\/\/diario.m-achermann.com\/fr\/le-journal-dhospitalisation\/mercredi-24-fevrier-2021-a-13h10\/\" rel=\"bookmark\">Read More &raquo;<span class=\"screen-reader-text\">Mercredi 24 f\u00e9vrier 2021 \u00e0 13h10<\/span><\/a><\/p>\n","protected":false},"author":1,"featured_media":0,"parent":10023,"menu_order":110,"comment_status":"open","ping_status":"closed","template":"","meta":{"_editorskit_title_hidden":false,"_editorskit_reading_time":0,"_editorskit_is_block_options_detached":false,"_editorskit_block_options_position":"{}","om_disable_all_campaigns":false,"_lmt_disableupdate":"","_lmt_disable":"","_monsterinsights_skip_tracking":false,"_monsterinsights_sitenote_active":false,"_monsterinsights_sitenote_note":"","_monsterinsights_sitenote_category":0,"neve_meta_sidebar":"","neve_meta_container":"","neve_meta_enable_content_width":"","neve_meta_content_width":0,"neve_meta_title_alignment":"","neve_meta_author_avatar":"","neve_post_elements_order":"","neve_meta_disable_header":"","neve_meta_disable_footer":"","neve_meta_disable_title":"","neve_meta_reading_time":"","_themeisle_gutenberg_block_has_review":false,"footnotes":""},"categories":[],"tags":[],"class_list":["post-9382","page","type-page","status-publish","hentry"],"aioseo_notices":[],"aioseo_head":"\n\t\t<!-- All in One SEO Pro 4.9.7.1 - aioseo.com -->\n\t<meta name=\"description\" content=\"D\u00e9couvrez comment un journal d&#039;hospitalisation d\u00e9taill\u00e9 aide au suivi de la sant\u00e9 et du bien-\u00eatre de patients comme M. Achermann.\" \/>\n\t<meta name=\"robots\" content=\"max-snippet:-1, max-image-preview:large, max-video-preview:-1\" \/>\n\t<meta name=\"google-site-verification\" content=\"2kcNb_eND2p_5dJ-aEUjUzdL5U1pyWvu9G-2F4Qyiwk\" \/>\n\t<meta name=\"msvalidate.01\" content=\"8A32EFC1288A3ACC21FB6846BFC9E656\" \/>\n\t<link rel=\"canonical\" href=\"https:\/\/diario.m-achermann.com\/fr\/le-journal-dhospitalisation\/mercredi-24-fevrier-2021-a-13h10\/\" \/>\n\t<meta name=\"generator\" content=\"All in One SEO Pro (AIOSEO) 4.9.7.1\" \/>\n\t\t<meta property=\"og:locale\" content=\"fr_FR\" \/>\n\t\t<meta property=\"og:site_name\" content=\"ECMO - Journal d&#039;une vie boulevers\u00e9e - Mon aventure, ou plut\u00f4t ma m\u00e9saventure ? De la chance ou de la malchance ?\" \/>\n\t\t<meta property=\"og:type\" content=\"article\" \/>\n\t\t<meta property=\"og:title\" content=\"Journal d&#039;hospitalisation : Mise \u00e0 jour sur les soins de Mirko Achermann\" \/>\n\t\t<meta property=\"og:description\" content=\"D\u00e9couvrez comment un journal d&#039;hospitalisation d\u00e9taill\u00e9 aide au suivi de la sant\u00e9 et du bien-\u00eatre de patients comme M. Achermann.\" \/>\n\t\t<meta property=\"og:url\" content=\"https:\/\/diario.m-achermann.com\/fr\/le-journal-dhospitalisation\/mercredi-24-fevrier-2021-a-13h10\/\" \/>\n\t\t<meta property=\"og:image\" content=\"https:\/\/diario.m-achermann.com\/wp-content\/uploads\/2024\/02\/Mirko.png\" \/>\n\t\t<meta property=\"og:image:secure_url\" content=\"https:\/\/diario.m-achermann.com\/wp-content\/uploads\/2024\/02\/Mirko.png\" \/>\n\t\t<meta property=\"og:image:width\" content=\"200\" \/>\n\t\t<meta property=\"og:image:height\" content=\"200\" \/>\n\t\t<meta property=\"article:published_time\" content=\"2023-10-24T13:29:43+00:00\" \/>\n\t\t<meta property=\"article:modified_time\" content=\"2026-04-02T08:30:53+00:00\" \/>\n\t\t<meta property=\"article:publisher\" content=\"https:\/\/www.facebook.com\/profile.php?id=61556963490212\" \/>\n\t\t<meta name=\"twitter:card\" content=\"summary_large_image\" \/>\n\t\t<meta name=\"twitter:site\" content=\"@Mapi1967\" \/>\n\t\t<meta name=\"twitter:title\" content=\"Journal d&#039;hospitalisation : Mise \u00e0 jour sur les soins de Mirko Achermann\" \/>\n\t\t<meta name=\"twitter:description\" content=\"D\u00e9couvrez comment un journal d&#039;hospitalisation d\u00e9taill\u00e9 aide au suivi de la sant\u00e9 et du bien-\u00eatre de patients comme M. Achermann.\" \/>\n\t\t<meta name=\"twitter:creator\" content=\"@Mapi1967\" \/>\n\t\t<meta name=\"twitter:image\" content=\"https:\/\/diario.m-achermann.com\/wp-content\/uploads\/2024\/02\/Mirko.png\" \/>\n\t\t<script type=\"application\/ld+json\" class=\"aioseo-schema\">\n\t\t\t{\"@context\":\"https:\\\/\\\/schema.org\",\"@graph\":[{\"@type\":\"BreadcrumbList\",\"@id\":\"https:\\\/\\\/diario.m-achermann.com\\\/fr\\\/le-journal-dhospitalisation\\\/mercredi-24-fevrier-2021-a-13h10\\\/#breadcrumblist\",\"itemListElement\":[{\"@type\":\"ListItem\",\"@id\":\"https:\\\/\\\/diario.m-achermann.com\\\/fr\\\/#listItem\",\"position\":1,\"name\":\"Home\",\"item\":\"https:\\\/\\\/diario.m-achermann.com\\\/fr\\\/\",\"nextItem\":{\"@type\":\"ListItem\",\"@id\":\"https:\\\/\\\/diario.m-achermann.com\\\/fr\\\/le-journal-dhospitalisation\\\/#listItem\",\"name\":\"Le journal d\\u2019hospitalisation\"}},{\"@type\":\"ListItem\",\"@id\":\"https:\\\/\\\/diario.m-achermann.com\\\/fr\\\/le-journal-dhospitalisation\\\/#listItem\",\"position\":2,\"name\":\"Le journal d\\u2019hospitalisation\",\"item\":\"https:\\\/\\\/diario.m-achermann.com\\\/fr\\\/le-journal-dhospitalisation\\\/\",\"nextItem\":{\"@type\":\"ListItem\",\"@id\":\"https:\\\/\\\/diario.m-achermann.com\\\/fr\\\/le-journal-dhospitalisation\\\/mercredi-24-fevrier-2021-a-13h10\\\/#listItem\",\"name\":\"Mercredi 24 f\\u00e9vrier 2021 \\u00e0 13h10\"},\"previousItem\":{\"@type\":\"ListItem\",\"@id\":\"https:\\\/\\\/diario.m-achermann.com\\\/fr\\\/#listItem\",\"name\":\"Home\"}},{\"@type\":\"ListItem\",\"@id\":\"https:\\\/\\\/diario.m-achermann.com\\\/fr\\\/le-journal-dhospitalisation\\\/mercredi-24-fevrier-2021-a-13h10\\\/#listItem\",\"position\":3,\"name\":\"Mercredi 24 f\\u00e9vrier 2021 \\u00e0 13h10\",\"previousItem\":{\"@type\":\"ListItem\",\"@id\":\"https:\\\/\\\/diario.m-achermann.com\\\/fr\\\/le-journal-dhospitalisation\\\/#listItem\",\"name\":\"Le journal d\\u2019hospitalisation\"}}]},{\"@type\":\"Person\",\"@id\":\"https:\\\/\\\/diario.m-achermann.com\\\/fr\\\/#person\",\"name\":\"Mirko Achermann\",\"image\":{\"@type\":\"ImageObject\",\"@id\":\"https:\\\/\\\/diario.m-achermann.com\\\/fr\\\/le-journal-dhospitalisation\\\/mercredi-24-fevrier-2021-a-13h10\\\/#personImage\",\"url\":\"https:\\\/\\\/secure.gravatar.com\\\/avatar\\\/53bb9dac79236bd713fbe107c9f2410ca8a6094577846073d4bea7d0bab1e51f?s=96&d=mm&r=g\",\"width\":96,\"height\":96,\"caption\":\"Mirko Achermann\"}},{\"@type\":\"WebPage\",\"@id\":\"https:\\\/\\\/diario.m-achermann.com\\\/fr\\\/le-journal-dhospitalisation\\\/mercredi-24-fevrier-2021-a-13h10\\\/#webpage\",\"url\":\"https:\\\/\\\/diario.m-achermann.com\\\/fr\\\/le-journal-dhospitalisation\\\/mercredi-24-fevrier-2021-a-13h10\\\/\",\"name\":\"Journal d'hospitalisation : Mise \\u00e0 jour sur les soins de Mirko Achermann\",\"description\":\"D\\u00e9couvrez comment un journal d'hospitalisation d\\u00e9taill\\u00e9 aide au suivi de la sant\\u00e9 et du bien-\\u00eatre de patients comme M. Achermann.\",\"inLanguage\":\"fr-FR\",\"isPartOf\":{\"@id\":\"https:\\\/\\\/diario.m-achermann.com\\\/fr\\\/#website\"},\"breadcrumb\":{\"@id\":\"https:\\\/\\\/diario.m-achermann.com\\\/fr\\\/le-journal-dhospitalisation\\\/mercredi-24-fevrier-2021-a-13h10\\\/#breadcrumblist\"},\"datePublished\":\"2023-10-24T15:29:43+02:00\",\"dateModified\":\"2026-04-02T10:30:53+02:00\"},{\"@type\":\"WebSite\",\"@id\":\"https:\\\/\\\/diario.m-achermann.com\\\/fr\\\/#website\",\"url\":\"https:\\\/\\\/diario.m-achermann.com\\\/fr\\\/\",\"name\":\"ECMO \\u2013 Diario di una vita stravolta\",\"alternateName\":\"ECMO\",\"description\":\"Mon aventure, ou plut\\u00f4t ma m\\u00e9saventure ? De la chance ou de la malchance ?\",\"inLanguage\":\"fr-FR\",\"publisher\":{\"@id\":\"https:\\\/\\\/diario.m-achermann.com\\\/fr\\\/#person\"}}]}\n\t\t<\/script>\n\t\t<!-- All in One SEO Pro -->\r\n\t\t<title>Journal d'hospitalisation : Mise \u00e0 jour sur les soins de Mirko Achermann<\/title>\n\n","aioseo_head_json":{"title":"Journal d'hospitalisation : Mise \u00e0 jour sur les soins de Mirko Achermann","description":"D\u00e9couvrez comment un journal d'hospitalisation d\u00e9taill\u00e9 aide au suivi de la sant\u00e9 et du bien-\u00eatre de patients comme M. Achermann.","canonical_url":"https:\/\/diario.m-achermann.com\/fr\/le-journal-dhospitalisation\/mercredi-24-fevrier-2021-a-13h10\/","robots":"max-snippet:-1, max-image-preview:large, max-video-preview:-1","keywords":"","webmasterTools":{"google-site-verification":"2kcNb_eND2p_5dJ-aEUjUzdL5U1pyWvu9G-2F4Qyiwk","msvalidate.01":"8A32EFC1288A3ACC21FB6846BFC9E656","miscellaneous":""},"schema":{"@context":"https:\/\/schema.org","@graph":[{"@type":"BreadcrumbList","@id":"https:\/\/diario.m-achermann.com\/fr\/le-journal-dhospitalisation\/mercredi-24-fevrier-2021-a-13h10\/#breadcrumblist","itemListElement":[{"@type":"ListItem","@id":"https:\/\/diario.m-achermann.com\/fr\/#listItem","position":1,"name":"Home","item":"https:\/\/diario.m-achermann.com\/fr\/","nextItem":{"@type":"ListItem","@id":"https:\/\/diario.m-achermann.com\/fr\/le-journal-dhospitalisation\/#listItem","name":"Le journal d\u2019hospitalisation"}},{"@type":"ListItem","@id":"https:\/\/diario.m-achermann.com\/fr\/le-journal-dhospitalisation\/#listItem","position":2,"name":"Le journal d\u2019hospitalisation","item":"https:\/\/diario.m-achermann.com\/fr\/le-journal-dhospitalisation\/","nextItem":{"@type":"ListItem","@id":"https:\/\/diario.m-achermann.com\/fr\/le-journal-dhospitalisation\/mercredi-24-fevrier-2021-a-13h10\/#listItem","name":"Mercredi 24 f\u00e9vrier 2021 \u00e0 13h10"},"previousItem":{"@type":"ListItem","@id":"https:\/\/diario.m-achermann.com\/fr\/#listItem","name":"Home"}},{"@type":"ListItem","@id":"https:\/\/diario.m-achermann.com\/fr\/le-journal-dhospitalisation\/mercredi-24-fevrier-2021-a-13h10\/#listItem","position":3,"name":"Mercredi 24 f\u00e9vrier 2021 \u00e0 13h10","previousItem":{"@type":"ListItem","@id":"https:\/\/diario.m-achermann.com\/fr\/le-journal-dhospitalisation\/#listItem","name":"Le journal d\u2019hospitalisation"}}]},{"@type":"Person","@id":"https:\/\/diario.m-achermann.com\/fr\/#person","name":"Mirko Achermann","image":{"@type":"ImageObject","@id":"https:\/\/diario.m-achermann.com\/fr\/le-journal-dhospitalisation\/mercredi-24-fevrier-2021-a-13h10\/#personImage","url":"https:\/\/secure.gravatar.com\/avatar\/53bb9dac79236bd713fbe107c9f2410ca8a6094577846073d4bea7d0bab1e51f?s=96&d=mm&r=g","width":96,"height":96,"caption":"Mirko Achermann"}},{"@type":"WebPage","@id":"https:\/\/diario.m-achermann.com\/fr\/le-journal-dhospitalisation\/mercredi-24-fevrier-2021-a-13h10\/#webpage","url":"https:\/\/diario.m-achermann.com\/fr\/le-journal-dhospitalisation\/mercredi-24-fevrier-2021-a-13h10\/","name":"Journal d'hospitalisation : Mise \u00e0 jour sur les soins de Mirko Achermann","description":"D\u00e9couvrez comment un journal d'hospitalisation d\u00e9taill\u00e9 aide au suivi de la sant\u00e9 et du bien-\u00eatre de patients comme M. Achermann.","inLanguage":"fr-FR","isPartOf":{"@id":"https:\/\/diario.m-achermann.com\/fr\/#website"},"breadcrumb":{"@id":"https:\/\/diario.m-achermann.com\/fr\/le-journal-dhospitalisation\/mercredi-24-fevrier-2021-a-13h10\/#breadcrumblist"},"datePublished":"2023-10-24T15:29:43+02:00","dateModified":"2026-04-02T10:30:53+02:00"},{"@type":"WebSite","@id":"https:\/\/diario.m-achermann.com\/fr\/#website","url":"https:\/\/diario.m-achermann.com\/fr\/","name":"ECMO \u2013 Diario di una vita stravolta","alternateName":"ECMO","description":"Mon aventure, ou plut\u00f4t ma m\u00e9saventure ? De la chance ou de la malchance ?","inLanguage":"fr-FR","publisher":{"@id":"https:\/\/diario.m-achermann.com\/fr\/#person"}}]},"og:locale":"fr_FR","og:site_name":"ECMO - Journal d'une vie boulevers\u00e9e - Mon aventure, ou plut\u00f4t ma m\u00e9saventure ? De la chance ou de la malchance ?","og:type":"article","og:title":"Journal d'hospitalisation : Mise \u00e0 jour sur les soins de Mirko Achermann","og:description":"D\u00e9couvrez comment un journal d'hospitalisation d\u00e9taill\u00e9 aide au suivi de la sant\u00e9 et du bien-\u00eatre de patients comme M. Achermann.","og:url":"https:\/\/diario.m-achermann.com\/fr\/le-journal-dhospitalisation\/mercredi-24-fevrier-2021-a-13h10\/","og:image":"https:\/\/diario.m-achermann.com\/wp-content\/uploads\/2024\/02\/Mirko.png","og:image:secure_url":"https:\/\/diario.m-achermann.com\/wp-content\/uploads\/2024\/02\/Mirko.png","og:image:width":200,"og:image:height":200,"article:published_time":"2023-10-24T13:29:43+00:00","article:modified_time":"2026-04-02T08:30:53+00:00","article:publisher":"https:\/\/www.facebook.com\/profile.php?id=61556963490212","twitter:card":"summary_large_image","twitter:site":"@Mapi1967","twitter:title":"Journal d'hospitalisation : Mise \u00e0 jour sur les soins de Mirko Achermann","twitter:description":"D\u00e9couvrez comment un journal d'hospitalisation d\u00e9taill\u00e9 aide au suivi de la sant\u00e9 et du bien-\u00eatre de patients comme M. Achermann.","twitter:creator":"@Mapi1967","twitter:image":"https:\/\/diario.m-achermann.com\/wp-content\/uploads\/2024\/02\/Mirko.png"},"aioseo_meta_data":{"post_id":"9382","title":"Journal d'hospitalisation : Mise \u00e0 jour sur les soins de Mirko Achermann","description":"D\u00e9couvrez comment un journal d'hospitalisation d\u00e9taill\u00e9 aide au suivi de la sant\u00e9 et du bien-\u00eatre de patients comme M. Achermann.","keywords":null,"keyphrases":{"focus":{"keyphrase":"Diario","score":70,"analysis":{"keyphraseInTitle":{"score":9,"maxScore":9,"error":0},"keyphraseInDescription":{"score":9,"maxScore":9,"error":0},"keyphraseLength":{"score":9,"maxScore":9,"error":0,"length":1},"keyphraseInURL":{"score":5,"maxScore":5,"error":0},"keyphraseInIntroduction":{"score":3,"maxScore":9,"error":1},"keyphraseInSubHeadings":[],"keyphraseInImageAlt":[],"keywordDensity":{"score":0,"type":"low","maxScore":9,"error":1}}},"additional":[{"keyphrase":"ECMO","score":42,"analysis":{"keyphraseInDescription":{"score":3,"maxScore":9,"error":1},"keyphraseLength":{"score":9,"maxScore":9,"error":0,"length":1},"keyphraseInIntroduction":{"score":3,"maxScore":9,"error":1},"keyphraseInImageAlt":[],"keywordDensity":{"score":0,"type":"low","maxScore":9,"error":1}}},{"keyphrase":"Degenza","score":58,"analysis":{"keyphraseInDescription":{"score":9,"maxScore":9,"error":0},"keyphraseLength":{"score":9,"maxScore":9,"error":0,"length":1},"keyphraseInIntroduction":{"score":3,"maxScore":9,"error":1},"keyphraseInImageAlt":[],"keywordDensity":{"score":0,"type":"low","maxScore":9,"error":1}}},{"keyphrase":"Cardiocentro","score":42,"analysis":{"keyphraseInDescription":{"score":3,"maxScore":9,"error":1},"keyphraseLength":{"score":9,"maxScore":9,"error":0,"length":1},"keyphraseInIntroduction":{"score":3,"maxScore":9,"error":1},"keyphraseInImageAlt":[],"keywordDensity":{"score":0,"type":"low","maxScore":9,"error":1}}},{"keyphrase":"Forza","score":67,"analysis":{"keyphraseInDescription":{"score":3,"maxScore":9,"error":1},"keyphraseLength":{"score":9,"maxScore":9,"error":0,"length":1},"keyphraseInIntroduction":{"score":3,"maxScore":9,"error":1},"keyphraseInImageAlt":[],"keywordDensity":{"type":"best","score":9,"maxScore":9,"error":0}}}]},"primary_term":null,"canonical_url":null,"og_title":null,"og_description":null,"og_object_type":"default","og_image_type":"default","og_image_url":null,"og_image_width":null,"og_image_height":null,"og_image_custom_url":null,"og_image_custom_fields":null,"og_video":"","og_custom_url":null,"og_article_section":null,"og_article_tags":null,"twitter_use_og":false,"twitter_card":"default","twitter_image_type":"default","twitter_image_url":null,"twitter_image_custom_url":null,"twitter_image_custom_fields":null,"twitter_title":null,"twitter_description":null,"schema":{"blockGraphs":[],"customGraphs":[],"default":{"data":{"Article":[],"Course":[],"Dataset":[],"FAQPage":[],"Movie":[],"Person":[],"Product":[],"ProductReview":[],"Car":[],"Recipe":[],"Service":[],"SoftwareApplication":[],"WebPage":[]},"graphName":"WebPage","isEnabled":true},"graphs":[]},"schema_type":"default","schema_type_options":null,"pillar_content":false,"robots_default":true,"robots_noindex":false,"robots_noarchive":false,"robots_nosnippet":false,"robots_nofollow":false,"robots_noimageindex":false,"robots_noodp":false,"robots_notranslate":false,"robots_max_snippet":"-1","robots_max_videopreview":"-1","robots_max_imagepreview":"large","priority":null,"frequency":"default","local_seo":null,"seo_analyzer_scan_date":"2026-04-02 09:37:10","breadcrumb_settings":null,"limit_modified_date":0,"reviewed_by":"0","open_ai":"{\"title\":{\"suggestions\":[],\"usage\":0},\"description\":{\"suggestions\":[],\"usage\":0}}","ai":{"faqs":[],"keyPoints":[],"titles":["Diario Medico: Aggiornamento sulla Posizione di Achermann e le Cure"],"descriptions":["Scopri l'importanza del diario nel monitorare la cura del signor Achermann e come tiene traccia delle sue condizioni e trattamenti.","Esplora come un diario dettagliato aiuta nel follow-up della salute e del benessere di pazienti come il signor Achermann.","Il diario quotidiano rivela i progressi nei trattamenti medici e l'assistenza fornita al signor Achermann.","Leggi come il diario diventa uno strumento essenziale per seguire la terapia e i miglioramenti del signor Achermann.","Un diario clinico aiuta a documentare ogni passo della cura, come nel caso del signor Achermann, per una migliore gestione sanitaria."],"socialPosts":{"email":[],"linkedin":[],"twitter":[],"facebook":[],"instagram":[]}},"created":"2026-04-01 14:41:32","updated":"2026-04-02 09:37:10"},"aioseo_breadcrumb":"<div class=\"aioseo-breadcrumbs\"><span class=\"aioseo-breadcrumb\">\n\t<a href=\"https:\/\/diario.m-achermann.com\/fr\/\" title=\"Home\">Home<\/a>\n<\/span><span class=\"aioseo-breadcrumb-separator\">\u00bb<\/span><span class=\"aioseo-breadcrumb\">\n\t<a href=\"https:\/\/diario.m-achermann.com\/fr\/le-journal-dhospitalisation\/\" title=\"Le journal d\u2019hospitalisation\">Le journal d\u2019hospitalisation<\/a>\n<\/span><span class=\"aioseo-breadcrumb-separator\">\u00bb<\/span><span class=\"aioseo-breadcrumb\">\n\tMercredi 24 f\u00e9vrier 2021 \u00e0 13h10\n<\/span><\/div>","aioseo_breadcrumb_json":[{"label":"Home","link":"https:\/\/diario.m-achermann.com\/fr\/"},{"label":"Le journal d\u2019hospitalisation","link":"https:\/\/diario.m-achermann.com\/fr\/le-journal-dhospitalisation\/"},{"label":"Mercredi 24 f\u00e9vrier 2021 \u00e0 13h10","link":"https:\/\/diario.m-achermann.com\/fr\/le-journal-dhospitalisation\/mercredi-24-fevrier-2021-a-13h10\/"}],"_links":{"self":[{"href":"https:\/\/diario.m-achermann.com\/fr\/wp-json\/wp\/v2\/pages\/9382","targetHints":{"allow":["GET"]}}],"collection":[{"href":"https:\/\/diario.m-achermann.com\/fr\/wp-json\/wp\/v2\/pages"}],"about":[{"href":"https:\/\/diario.m-achermann.com\/fr\/wp-json\/wp\/v2\/types\/page"}],"author":[{"embeddable":true,"href":"https:\/\/diario.m-achermann.com\/fr\/wp-json\/wp\/v2\/users\/1"}],"replies":[{"embeddable":true,"href":"https:\/\/diario.m-achermann.com\/fr\/wp-json\/wp\/v2\/comments?post=9382"}],"version-history":[{"count":1,"href":"https:\/\/diario.m-achermann.com\/fr\/wp-json\/wp\/v2\/pages\/9382\/revisions"}],"predecessor-version":[{"id":9384,"href":"https:\/\/diario.m-achermann.com\/fr\/wp-json\/wp\/v2\/pages\/9382\/revisions\/9384"}],"up":[{"embeddable":true,"href":"https:\/\/diario.m-achermann.com\/fr\/wp-json\/wp\/v2\/pages\/10023"}],"wp:attachment":[{"href":"https:\/\/diario.m-achermann.com\/fr\/wp-json\/wp\/v2\/media?parent=9382"}],"wp:term":[{"taxonomy":"category","embeddable":true,"href":"https:\/\/diario.m-achermann.com\/fr\/wp-json\/wp\/v2\/categories?post=9382"},{"taxonomy":"post_tag","embeddable":true,"href":"https:\/\/diario.m-achermann.com\/fr\/wp-json\/wp\/v2\/tags?post=9382"}],"curies":[{"name":"wp","href":"https:\/\/api.w.org\/{rel}","templated":true}]}}