{"id":9387,"date":"2023-10-24T14:20:06","date_gmt":"2023-10-24T12:20:06","guid":{"rendered":"https:\/\/diario.m-achermann.com\/dimanche-14-fevrier-2021-a-18h00-saint-valentin\/"},"modified":"2026-04-02T10:32:09","modified_gmt":"2026-04-02T08:32:09","slug":"dimanche-14-fevrier-2021-a-18h00-saint-valentin","status":"publish","type":"page","link":"https:\/\/diario.m-achermann.com\/fr\/le-journal-dhospitalisation\/dimanche-14-fevrier-2021-a-18h00-saint-valentin\/","title":{"rendered":"Dimanche 14 f\u00e9vrier 2021 \u00e0 18h00 (Saint-Valentin)"},"content":{"rendered":"\n<p>Bonjour M. Mirko, je suis Stefania, infirmi\u00e8re.<br\/>Depuis le jour de votre admission, je ne me suis plus occup\u00e9e de vous, mais j\u2019ai tout de m\u00eame suivi votre \u00e9volution.<\/p>\n\n<p>L\u2019ECMO, la machine qui sert \u00e0 soutenir vos poumons, est encore n\u00e9cessaire. <br\/>Ces derniers jours, on vous a pratiqu\u00e9 une trach\u00e9o (trach\u00e9ostomie) ; c\u2019est un orifice dans le cou qui vous permet de respirer. En effet, le tube dans la bouche qui vous causait tant de g\u00eane a \u00e9t\u00e9 retir\u00e9.<br\/>Les m\u00e9dicaments qui vous font dormir sont encore n\u00e9cessaires, mais en entrant dans la chambre, j\u2019ai eu l\u2019impression que vous m\u2019entendiez : vous bougez les paupi\u00e8res quand je vous parle, mais vous n\u2019ouvrez pas les yeux. <br\/>Votre front est aussi un peu \u00ab pliss\u00e9 \u00bb\u2026 peut-\u00eatre m\u2019entendez-vous !<\/p>\n\n<p>Je vous ai expliqu\u00e9 que vous ne parvenez pas \u00e0 bouger les bras et les jambes \u00e0 cause du nombre de jours pass\u00e9s immobile dans votre lit.<br\/>J\u2019ai d\u00fb retirer les s\u00e9cr\u00e9tions de l\u2019orifice dans votre cou ; vous avez la force de tousser, mais vous n\u2019avez pas la possibilit\u00e9 d\u2019expulser les s\u00e9cr\u00e9tions.<br\/>Le m\u00e9decin du service est toujours en contact avec votre \u00e9pouse et la tient inform\u00e9e de la situation.<\/p>\n\n<p>Je retourne maintenant dans votre chambre pour vous administrer le traitement de 18h00.<br\/>J\u2019esp\u00e8re pouvoir vous voir plus \u00e9veill\u00e9 demain matin.<\/p>\n\n<p>Je vous salue maintenant. <br\/>Stefania<\/p>\n","protected":false},"excerpt":{"rendered":"<p>Bonjour M. Mirko, je suis Stefania, infirmi\u00e8re.Depuis le jour de votre admission, je ne me suis plus occup\u00e9e de vous, mais j\u2019ai tout de m\u00eame suivi votre \u00e9volution. L\u2019ECMO, la machine qui sert \u00e0 soutenir vos poumons, est encore n\u00e9cessaire. Ces derniers jours, on vous a pratiqu\u00e9 une trach\u00e9o (trach\u00e9ostomie) ; c\u2019est un orifice dans&hellip;&nbsp;<a href=\"https:\/\/diario.m-achermann.com\/fr\/le-journal-dhospitalisation\/dimanche-14-fevrier-2021-a-18h00-saint-valentin\/\" rel=\"bookmark\">Read More &raquo;<span class=\"screen-reader-text\">Dimanche 14 f\u00e9vrier 2021 \u00e0 18h00 (Saint-Valentin)<\/span><\/a><\/p>\n","protected":false},"author":1,"featured_media":0,"parent":10023,"menu_order":60,"comment_status":"open","ping_status":"closed","template":"","meta":{"_editorskit_title_hidden":false,"_editorskit_reading_time":0,"_editorskit_is_block_options_detached":false,"_editorskit_block_options_position":"{}","om_disable_all_campaigns":false,"_lmt_disableupdate":"","_lmt_disable":"","_monsterinsights_skip_tracking":false,"_monsterinsights_sitenote_active":false,"_monsterinsights_sitenote_note":"","_monsterinsights_sitenote_category":0,"neve_meta_sidebar":"","neve_meta_container":"","neve_meta_enable_content_width":"","neve_meta_content_width":0,"neve_meta_title_alignment":"","neve_meta_author_avatar":"","neve_post_elements_order":"","neve_meta_disable_header":"","neve_meta_disable_footer":"","neve_meta_disable_title":"","neve_meta_reading_time":"","_themeisle_gutenberg_block_has_review":false,"footnotes":""},"categories":[450,442],"tags":[],"class_list":["post-9387","page","type-page","status-publish","hentry","category-archives","category-archives2024"],"aioseo_notices":[],"aioseo_head":"\n\t\t<!-- All in One SEO Pro 4.9.7.1 - aioseo.com -->\n\t<meta name=\"description\" content=\"D\u00e9couvrez le journal d\u2019hospitalisation \u00e9crit par Stefania, infirmi\u00e8re, qui raconte l\u2019\u00e9volution de Mirko \u00e0 l\u2019h\u00f4pital, entre soins et espoirs de r\u00e9veil. Lisez la suite d\u00e8s maintenant.\" \/>\n\t<meta name=\"robots\" content=\"max-snippet:-1, max-image-preview:large, max-video-preview:-1\" \/>\n\t<meta name=\"google-site-verification\" content=\"2kcNb_eND2p_5dJ-aEUjUzdL5U1pyWvu9G-2F4Qyiwk\" \/>\n\t<meta name=\"msvalidate.01\" content=\"8A32EFC1288A3ACC21FB6846BFC9E656\" \/>\n\t<link rel=\"canonical\" href=\"https:\/\/diario.m-achermann.com\/fr\/le-journal-dhospitalisation\/dimanche-14-fevrier-2021-a-18h00-saint-valentin\/\" \/>\n\t<meta name=\"generator\" content=\"All in One SEO Pro (AIOSEO) 4.9.7.1\" \/>\n\t\t<meta property=\"og:locale\" content=\"fr_FR\" \/>\n\t\t<meta property=\"og:site_name\" content=\"ECMO - Journal d&#039;une vie boulevers\u00e9e - Mon aventure, ou plut\u00f4t ma m\u00e9saventure ? De la chance ou de la malchance ?\" \/>\n\t\t<meta property=\"og:type\" content=\"article\" \/>\n\t\t<meta property=\"og:title\" content=\"Mises \u00e0 jour quotidiennes : le journal d\u2019hospitalisation d\u2019une infirmi\u00e8re\" \/>\n\t\t<meta property=\"og:description\" content=\"D\u00e9couvrez le journal d\u2019hospitalisation \u00e9crit par Stefania, infirmi\u00e8re, qui raconte l\u2019\u00e9volution de Mirko \u00e0 l\u2019h\u00f4pital, entre soins et espoirs de r\u00e9veil. Lisez la suite d\u00e8s maintenant.\" \/>\n\t\t<meta property=\"og:url\" content=\"https:\/\/diario.m-achermann.com\/fr\/le-journal-dhospitalisation\/dimanche-14-fevrier-2021-a-18h00-saint-valentin\/\" \/>\n\t\t<meta property=\"og:image\" content=\"https:\/\/diario.m-achermann.com\/wp-content\/uploads\/2024\/02\/Mirko.png\" \/>\n\t\t<meta property=\"og:image:secure_url\" content=\"https:\/\/diario.m-achermann.com\/wp-content\/uploads\/2024\/02\/Mirko.png\" \/>\n\t\t<meta property=\"og:image:width\" content=\"200\" \/>\n\t\t<meta property=\"og:image:height\" content=\"200\" \/>\n\t\t<meta property=\"article:published_time\" content=\"2023-10-24T12:20:06+00:00\" \/>\n\t\t<meta property=\"article:modified_time\" content=\"2026-04-02T08:32:09+00:00\" \/>\n\t\t<meta property=\"article:publisher\" content=\"https:\/\/www.facebook.com\/profile.php?id=61556963490212\" \/>\n\t\t<meta name=\"twitter:card\" content=\"summary_large_image\" \/>\n\t\t<meta name=\"twitter:site\" content=\"@Mapi1967\" \/>\n\t\t<meta name=\"twitter:title\" content=\"Mises \u00e0 jour quotidiennes : le journal d\u2019hospitalisation d\u2019une infirmi\u00e8re\" \/>\n\t\t<meta name=\"twitter:description\" content=\"D\u00e9couvrez le journal d\u2019hospitalisation \u00e9crit par Stefania, infirmi\u00e8re, qui raconte l\u2019\u00e9volution de Mirko \u00e0 l\u2019h\u00f4pital, entre soins et espoirs de r\u00e9veil. Lisez la suite d\u00e8s maintenant.\" \/>\n\t\t<meta name=\"twitter:creator\" content=\"@Mapi1967\" \/>\n\t\t<meta name=\"twitter:image\" content=\"https:\/\/diario.m-achermann.com\/wp-content\/uploads\/2024\/02\/Mirko.png\" \/>\n\t\t<script type=\"application\/ld+json\" class=\"aioseo-schema\">\n\t\t\t{\"@context\":\"https:\\\/\\\/schema.org\",\"@graph\":[{\"@type\":\"BreadcrumbList\",\"@id\":\"https:\\\/\\\/diario.m-achermann.com\\\/fr\\\/le-journal-dhospitalisation\\\/dimanche-14-fevrier-2021-a-18h00-saint-valentin\\\/#breadcrumblist\",\"itemListElement\":[{\"@type\":\"ListItem\",\"@id\":\"https:\\\/\\\/diario.m-achermann.com\\\/fr\\\/#listItem\",\"position\":1,\"name\":\"Home\",\"item\":\"https:\\\/\\\/diario.m-achermann.com\\\/fr\\\/\",\"nextItem\":{\"@type\":\"ListItem\",\"@id\":\"https:\\\/\\\/diario.m-achermann.com\\\/fr\\\/le-journal-dhospitalisation\\\/#listItem\",\"name\":\"Le journal d\\u2019hospitalisation\"}},{\"@type\":\"ListItem\",\"@id\":\"https:\\\/\\\/diario.m-achermann.com\\\/fr\\\/le-journal-dhospitalisation\\\/#listItem\",\"position\":2,\"name\":\"Le journal d\\u2019hospitalisation\",\"item\":\"https:\\\/\\\/diario.m-achermann.com\\\/fr\\\/le-journal-dhospitalisation\\\/\",\"nextItem\":{\"@type\":\"ListItem\",\"@id\":\"https:\\\/\\\/diario.m-achermann.com\\\/fr\\\/le-journal-dhospitalisation\\\/dimanche-14-fevrier-2021-a-18h00-saint-valentin\\\/#listItem\",\"name\":\"Dimanche 14 f\\u00e9vrier 2021 \\u00e0 18h00 (Saint-Valentin)\"},\"previousItem\":{\"@type\":\"ListItem\",\"@id\":\"https:\\\/\\\/diario.m-achermann.com\\\/fr\\\/#listItem\",\"name\":\"Home\"}},{\"@type\":\"ListItem\",\"@id\":\"https:\\\/\\\/diario.m-achermann.com\\\/fr\\\/le-journal-dhospitalisation\\\/dimanche-14-fevrier-2021-a-18h00-saint-valentin\\\/#listItem\",\"position\":3,\"name\":\"Dimanche 14 f\\u00e9vrier 2021 \\u00e0 18h00 (Saint-Valentin)\",\"previousItem\":{\"@type\":\"ListItem\",\"@id\":\"https:\\\/\\\/diario.m-achermann.com\\\/fr\\\/le-journal-dhospitalisation\\\/#listItem\",\"name\":\"Le journal d\\u2019hospitalisation\"}}]},{\"@type\":\"Person\",\"@id\":\"https:\\\/\\\/diario.m-achermann.com\\\/fr\\\/#person\",\"name\":\"Mirko Achermann\",\"image\":{\"@type\":\"ImageObject\",\"@id\":\"https:\\\/\\\/diario.m-achermann.com\\\/fr\\\/le-journal-dhospitalisation\\\/dimanche-14-fevrier-2021-a-18h00-saint-valentin\\\/#personImage\",\"url\":\"https:\\\/\\\/secure.gravatar.com\\\/avatar\\\/53bb9dac79236bd713fbe107c9f2410ca8a6094577846073d4bea7d0bab1e51f?s=96&d=mm&r=g\",\"width\":96,\"height\":96,\"caption\":\"Mirko Achermann\"}},{\"@type\":\"WebPage\",\"@id\":\"https:\\\/\\\/diario.m-achermann.com\\\/fr\\\/le-journal-dhospitalisation\\\/dimanche-14-fevrier-2021-a-18h00-saint-valentin\\\/#webpage\",\"url\":\"https:\\\/\\\/diario.m-achermann.com\\\/fr\\\/le-journal-dhospitalisation\\\/dimanche-14-fevrier-2021-a-18h00-saint-valentin\\\/\",\"name\":\"Mises \\u00e0 jour quotidiennes : le journal d\\u2019hospitalisation d\\u2019une infirmi\\u00e8re\",\"description\":\"D\\u00e9couvrez le journal d\\u2019hospitalisation \\u00e9crit par Stefania, infirmi\\u00e8re, qui raconte l\\u2019\\u00e9volution de Mirko \\u00e0 l\\u2019h\\u00f4pital, entre soins et espoirs de r\\u00e9veil. Lisez la suite d\\u00e8s maintenant.\",\"inLanguage\":\"fr-FR\",\"isPartOf\":{\"@id\":\"https:\\\/\\\/diario.m-achermann.com\\\/fr\\\/#website\"},\"breadcrumb\":{\"@id\":\"https:\\\/\\\/diario.m-achermann.com\\\/fr\\\/le-journal-dhospitalisation\\\/dimanche-14-fevrier-2021-a-18h00-saint-valentin\\\/#breadcrumblist\"},\"datePublished\":\"2023-10-24T14:20:06+02:00\",\"dateModified\":\"2026-04-02T10:32:09+02:00\"},{\"@type\":\"WebSite\",\"@id\":\"https:\\\/\\\/diario.m-achermann.com\\\/fr\\\/#website\",\"url\":\"https:\\\/\\\/diario.m-achermann.com\\\/fr\\\/\",\"name\":\"ECMO \\u2013 Diario di una vita stravolta\",\"alternateName\":\"ECMO\",\"description\":\"Mon aventure, ou plut\\u00f4t ma m\\u00e9saventure ? De la chance ou de la malchance ?\",\"inLanguage\":\"fr-FR\",\"publisher\":{\"@id\":\"https:\\\/\\\/diario.m-achermann.com\\\/fr\\\/#person\"}}]}\n\t\t<\/script>\n\t\t<!-- All in One SEO Pro -->\r\n\t\t<title>Mises \u00e0 jour quotidiennes : le journal d\u2019hospitalisation d\u2019une infirmi\u00e8re<\/title>\n\n","aioseo_head_json":{"title":"Mises \u00e0 jour quotidiennes : le journal d\u2019hospitalisation d\u2019une infirmi\u00e8re","description":"D\u00e9couvrez le journal d\u2019hospitalisation \u00e9crit par Stefania, infirmi\u00e8re, qui raconte l\u2019\u00e9volution de Mirko \u00e0 l\u2019h\u00f4pital, entre soins et espoirs de r\u00e9veil. Lisez la suite d\u00e8s maintenant.","canonical_url":"https:\/\/diario.m-achermann.com\/fr\/le-journal-dhospitalisation\/dimanche-14-fevrier-2021-a-18h00-saint-valentin\/","robots":"max-snippet:-1, max-image-preview:large, max-video-preview:-1","keywords":"","webmasterTools":{"google-site-verification":"2kcNb_eND2p_5dJ-aEUjUzdL5U1pyWvu9G-2F4Qyiwk","msvalidate.01":"8A32EFC1288A3ACC21FB6846BFC9E656","miscellaneous":""},"schema":{"@context":"https:\/\/schema.org","@graph":[{"@type":"BreadcrumbList","@id":"https:\/\/diario.m-achermann.com\/fr\/le-journal-dhospitalisation\/dimanche-14-fevrier-2021-a-18h00-saint-valentin\/#breadcrumblist","itemListElement":[{"@type":"ListItem","@id":"https:\/\/diario.m-achermann.com\/fr\/#listItem","position":1,"name":"Home","item":"https:\/\/diario.m-achermann.com\/fr\/","nextItem":{"@type":"ListItem","@id":"https:\/\/diario.m-achermann.com\/fr\/le-journal-dhospitalisation\/#listItem","name":"Le journal d\u2019hospitalisation"}},{"@type":"ListItem","@id":"https:\/\/diario.m-achermann.com\/fr\/le-journal-dhospitalisation\/#listItem","position":2,"name":"Le journal d\u2019hospitalisation","item":"https:\/\/diario.m-achermann.com\/fr\/le-journal-dhospitalisation\/","nextItem":{"@type":"ListItem","@id":"https:\/\/diario.m-achermann.com\/fr\/le-journal-dhospitalisation\/dimanche-14-fevrier-2021-a-18h00-saint-valentin\/#listItem","name":"Dimanche 14 f\u00e9vrier 2021 \u00e0 18h00 (Saint-Valentin)"},"previousItem":{"@type":"ListItem","@id":"https:\/\/diario.m-achermann.com\/fr\/#listItem","name":"Home"}},{"@type":"ListItem","@id":"https:\/\/diario.m-achermann.com\/fr\/le-journal-dhospitalisation\/dimanche-14-fevrier-2021-a-18h00-saint-valentin\/#listItem","position":3,"name":"Dimanche 14 f\u00e9vrier 2021 \u00e0 18h00 (Saint-Valentin)","previousItem":{"@type":"ListItem","@id":"https:\/\/diario.m-achermann.com\/fr\/le-journal-dhospitalisation\/#listItem","name":"Le journal d\u2019hospitalisation"}}]},{"@type":"Person","@id":"https:\/\/diario.m-achermann.com\/fr\/#person","name":"Mirko Achermann","image":{"@type":"ImageObject","@id":"https:\/\/diario.m-achermann.com\/fr\/le-journal-dhospitalisation\/dimanche-14-fevrier-2021-a-18h00-saint-valentin\/#personImage","url":"https:\/\/secure.gravatar.com\/avatar\/53bb9dac79236bd713fbe107c9f2410ca8a6094577846073d4bea7d0bab1e51f?s=96&d=mm&r=g","width":96,"height":96,"caption":"Mirko Achermann"}},{"@type":"WebPage","@id":"https:\/\/diario.m-achermann.com\/fr\/le-journal-dhospitalisation\/dimanche-14-fevrier-2021-a-18h00-saint-valentin\/#webpage","url":"https:\/\/diario.m-achermann.com\/fr\/le-journal-dhospitalisation\/dimanche-14-fevrier-2021-a-18h00-saint-valentin\/","name":"Mises \u00e0 jour quotidiennes : le journal d\u2019hospitalisation d\u2019une infirmi\u00e8re","description":"D\u00e9couvrez le journal d\u2019hospitalisation \u00e9crit par Stefania, infirmi\u00e8re, qui raconte l\u2019\u00e9volution de Mirko \u00e0 l\u2019h\u00f4pital, entre soins et espoirs de r\u00e9veil. Lisez la suite d\u00e8s maintenant.","inLanguage":"fr-FR","isPartOf":{"@id":"https:\/\/diario.m-achermann.com\/fr\/#website"},"breadcrumb":{"@id":"https:\/\/diario.m-achermann.com\/fr\/le-journal-dhospitalisation\/dimanche-14-fevrier-2021-a-18h00-saint-valentin\/#breadcrumblist"},"datePublished":"2023-10-24T14:20:06+02:00","dateModified":"2026-04-02T10:32:09+02:00"},{"@type":"WebSite","@id":"https:\/\/diario.m-achermann.com\/fr\/#website","url":"https:\/\/diario.m-achermann.com\/fr\/","name":"ECMO \u2013 Diario di una vita stravolta","alternateName":"ECMO","description":"Mon aventure, ou plut\u00f4t ma m\u00e9saventure ? De la chance ou de la malchance ?","inLanguage":"fr-FR","publisher":{"@id":"https:\/\/diario.m-achermann.com\/fr\/#person"}}]},"og:locale":"fr_FR","og:site_name":"ECMO - Journal d'une vie boulevers\u00e9e - Mon aventure, ou plut\u00f4t ma m\u00e9saventure ? De la chance ou de la malchance ?","og:type":"article","og:title":"Mises \u00e0 jour quotidiennes : le journal d\u2019hospitalisation d\u2019une infirmi\u00e8re","og:description":"D\u00e9couvrez le journal d\u2019hospitalisation \u00e9crit par Stefania, infirmi\u00e8re, qui raconte l\u2019\u00e9volution de Mirko \u00e0 l\u2019h\u00f4pital, entre soins et espoirs de r\u00e9veil. Lisez la suite d\u00e8s maintenant.","og:url":"https:\/\/diario.m-achermann.com\/fr\/le-journal-dhospitalisation\/dimanche-14-fevrier-2021-a-18h00-saint-valentin\/","og:image":"https:\/\/diario.m-achermann.com\/wp-content\/uploads\/2024\/02\/Mirko.png","og:image:secure_url":"https:\/\/diario.m-achermann.com\/wp-content\/uploads\/2024\/02\/Mirko.png","og:image:width":200,"og:image:height":200,"article:published_time":"2023-10-24T12:20:06+00:00","article:modified_time":"2026-04-02T08:32:09+00:00","article:publisher":"https:\/\/www.facebook.com\/profile.php?id=61556963490212","twitter:card":"summary_large_image","twitter:site":"@Mapi1967","twitter:title":"Mises \u00e0 jour quotidiennes : le journal d\u2019hospitalisation d\u2019une infirmi\u00e8re","twitter:description":"D\u00e9couvrez le journal d\u2019hospitalisation \u00e9crit par Stefania, infirmi\u00e8re, qui raconte l\u2019\u00e9volution de Mirko \u00e0 l\u2019h\u00f4pital, entre soins et espoirs de r\u00e9veil. Lisez la suite d\u00e8s maintenant.","twitter:creator":"@Mapi1967","twitter:image":"https:\/\/diario.m-achermann.com\/wp-content\/uploads\/2024\/02\/Mirko.png"},"aioseo_meta_data":{"post_id":"9387","title":"Mises \u00e0 jour quotidiennes : le journal d\u2019hospitalisation d\u2019une infirmi\u00e8re","description":"D\u00e9couvrez le journal d\u2019hospitalisation \u00e9crit par Stefania, infirmi\u00e8re, qui raconte l\u2019\u00e9volution de Mirko \u00e0 l\u2019h\u00f4pital, entre soins et espoirs de r\u00e9veil. Lisez la suite d\u00e8s maintenant. ","keywords":null,"keyphrases":{"focus":{"keyphrase":"Diario","score":58,"analysis":{"keyphraseInTitle":{"score":9,"maxScore":9,"error":0},"keyphraseInDescription":{"score":3,"maxScore":9,"error":1},"keyphraseLength":{"score":9,"maxScore":9,"error":0,"length":1},"keyphraseInURL":{"score":5,"maxScore":5,"error":0},"keyphraseInIntroduction":{"score":3,"maxScore":9,"error":1},"keyphraseInSubHeadings":[],"keyphraseInImageAlt":[],"keywordDensity":{"score":0,"type":"low","maxScore":9,"error":1}}},"additional":[{"keyphrase":"ECMO","score":67,"analysis":{"keyphraseInDescription":{"score":3,"maxScore":9,"error":1},"keyphraseLength":{"score":9,"maxScore":9,"error":0,"length":1},"keyphraseInIntroduction":{"score":3,"maxScore":9,"error":1},"keyphraseInImageAlt":[],"keywordDensity":{"type":"best","score":9,"maxScore":9,"error":0}}},{"keyphrase":"degenza","score":58,"analysis":{"keyphraseInDescription":{"score":9,"maxScore":9,"error":0},"keyphraseLength":{"score":9,"maxScore":9,"error":0,"length":1},"keyphraseInIntroduction":{"score":3,"maxScore":9,"error":1},"keyphraseInImageAlt":[],"keywordDensity":{"score":0,"type":"low","maxScore":9,"error":1}}},{"keyphrase":"Cardiocentro","score":42,"analysis":{"keyphraseInDescription":{"score":3,"maxScore":9,"error":1},"keyphraseLength":{"score":9,"maxScore":9,"error":0,"length":1},"keyphraseInIntroduction":{"score":3,"maxScore":9,"error":1},"keyphraseInImageAlt":[],"keywordDensity":{"score":0,"type":"low","maxScore":9,"error":1}}}]},"primary_term":null,"canonical_url":null,"og_title":null,"og_description":null,"og_object_type":"default","og_image_type":"default","og_image_url":null,"og_image_width":null,"og_image_height":null,"og_image_custom_url":null,"og_image_custom_fields":null,"og_video":"","og_custom_url":null,"og_article_section":null,"og_article_tags":null,"twitter_use_og":false,"twitter_card":"default","twitter_image_type":"default","twitter_image_url":null,"twitter_image_custom_url":null,"twitter_image_custom_fields":null,"twitter_title":null,"twitter_description":null,"schema":{"blockGraphs":[],"customGraphs":[],"default":{"data":{"Article":[],"Course":[],"Dataset":[],"FAQPage":[],"Movie":[],"Person":[],"Product":[],"ProductReview":[],"Car":[],"Recipe":[],"Service":[],"SoftwareApplication":[],"WebPage":[]},"graphName":"WebPage","isEnabled":true},"graphs":[]},"schema_type":"default","schema_type_options":null,"pillar_content":false,"robots_default":true,"robots_noindex":false,"robots_noarchive":false,"robots_nosnippet":false,"robots_nofollow":false,"robots_noimageindex":false,"robots_noodp":false,"robots_notranslate":false,"robots_max_snippet":"-1","robots_max_videopreview":"-1","robots_max_imagepreview":"large","priority":null,"frequency":"default","local_seo":null,"seo_analyzer_scan_date":"2026-04-02 09:30:52","breadcrumb_settings":null,"limit_modified_date":0,"reviewed_by":"0","open_ai":"{\"title\":{\"suggestions\":[],\"usage\":0},\"description\":{\"suggestions\":[],\"usage\":0}}","ai":{"faqs":[],"keyPoints":[],"titles":["Diario di un'infermiera: aggiornamenti su un ricovero in corso","Riflessioni quotidiane di un'infermiera sul ricovero di Mirko","Diario: la storia di un ricovero e dellefasi di cura","Aggiornamenti quotidiani: il diario di un'infermiera in ospedale","Voci dal letto d'ospedale: diario di Stefania sull'infermo"],"descriptions":["Scopri il diario di Stefania, infermiera, che racconta l'evoluzione di Mirko in ospedale, tra cure e speranze di risveglio. Leggi di pi\u00f9 ora.","Un'istantanea dal diario di Stefania: l'affetto e l'attenzione di un'infermiera al fianco di Mirko, tra tecniche mediche e quell'ultima speranza di risveglio.","Il diario di Stefania rivela le emozioni e le sfide di chi assiste Mirko in terapia intensiva, tra tecnologie sofisticate e il desiderio di vederlo sveglio.","In questo diario, l'intensa esperienza di un'infermiera che descrive le condizioni di Mirko, usando tecnologie come ECMO e tracheostomia, con ottimismo crescente.","Segui le parole di Stefania nel diario, tra cura medica e speranza per Mirko, in un viaggio di emozioni e progresso in terapia intensiva."],"socialPosts":{"email":[],"linkedin":[],"twitter":[],"facebook":[],"instagram":[]}},"created":"2026-04-01 14:41:33","updated":"2026-04-02 09:30:52"},"aioseo_breadcrumb":"<div class=\"aioseo-breadcrumbs\"><span class=\"aioseo-breadcrumb\">\n\t<a href=\"https:\/\/diario.m-achermann.com\/fr\/\" title=\"Home\">Home<\/a>\n<\/span><span class=\"aioseo-breadcrumb-separator\">\u00bb<\/span><span class=\"aioseo-breadcrumb\">\n\t<a href=\"https:\/\/diario.m-achermann.com\/fr\/le-journal-dhospitalisation\/\" title=\"Le journal d\u2019hospitalisation\">Le journal d\u2019hospitalisation<\/a>\n<\/span><span class=\"aioseo-breadcrumb-separator\">\u00bb<\/span><span class=\"aioseo-breadcrumb\">\n\tDimanche 14 f\u00e9vrier 2021 \u00e0 18h00 (Saint-Valentin)\n<\/span><\/div>","aioseo_breadcrumb_json":[{"label":"Home","link":"https:\/\/diario.m-achermann.com\/fr\/"},{"label":"Le journal d\u2019hospitalisation","link":"https:\/\/diario.m-achermann.com\/fr\/le-journal-dhospitalisation\/"},{"label":"Dimanche 14 f\u00e9vrier 2021 \u00e0 18h00 (Saint-Valentin)","link":"https:\/\/diario.m-achermann.com\/fr\/le-journal-dhospitalisation\/dimanche-14-fevrier-2021-a-18h00-saint-valentin\/"}],"_links":{"self":[{"href":"https:\/\/diario.m-achermann.com\/fr\/wp-json\/wp\/v2\/pages\/9387","targetHints":{"allow":["GET"]}}],"collection":[{"href":"https:\/\/diario.m-achermann.com\/fr\/wp-json\/wp\/v2\/pages"}],"about":[{"href":"https:\/\/diario.m-achermann.com\/fr\/wp-json\/wp\/v2\/types\/page"}],"author":[{"embeddable":true,"href":"https:\/\/diario.m-achermann.com\/fr\/wp-json\/wp\/v2\/users\/1"}],"replies":[{"embeddable":true,"href":"https:\/\/diario.m-achermann.com\/fr\/wp-json\/wp\/v2\/comments?post=9387"}],"version-history":[{"count":1,"href":"https:\/\/diario.m-achermann.com\/fr\/wp-json\/wp\/v2\/pages\/9387\/revisions"}],"predecessor-version":[{"id":9389,"href":"https:\/\/diario.m-achermann.com\/fr\/wp-json\/wp\/v2\/pages\/9387\/revisions\/9389"}],"up":[{"embeddable":true,"href":"https:\/\/diario.m-achermann.com\/fr\/wp-json\/wp\/v2\/pages\/10023"}],"wp:attachment":[{"href":"https:\/\/diario.m-achermann.com\/fr\/wp-json\/wp\/v2\/media?parent=9387"}],"wp:term":[{"taxonomy":"category","embeddable":true,"href":"https:\/\/diario.m-achermann.com\/fr\/wp-json\/wp\/v2\/categories?post=9387"},{"taxonomy":"post_tag","embeddable":true,"href":"https:\/\/diario.m-achermann.com\/fr\/wp-json\/wp\/v2\/tags?post=9387"}],"curies":[{"name":"wp","href":"https:\/\/api.w.org\/{rel}","templated":true}]}}