{"id":9391,"date":"2023-10-24T11:11:40","date_gmt":"2023-10-24T09:11:40","guid":{"rendered":"https:\/\/diario.m-achermann.com\/mes-considerations\/"},"modified":"2026-04-01T17:04:56","modified_gmt":"2026-04-01T15:04:56","slug":"mes-considerations","status":"publish","type":"page","link":"https:\/\/diario.m-achermann.com\/fr\/le-journal-dhospitalisation\/mes-considerations\/","title":{"rendered":"Mes consid\u00e9rations"},"content":{"rendered":"\n<p>Le journal d&rsquo;hospitalisation a \u00e9t\u00e9 r\u00e9dig\u00e9 par le personnel soignant pendant qu&rsquo;il m&rsquo;assistait durant l&rsquo;hospitalisation.<\/p>\n\n<figure class=\"wp-block-image size-large is-resized\"><img decoding=\"async\" width=\"1024\" height=\"485\" src=\"https:\/\/diario.m-achermann.com\/wp-content\/uploads\/2023\/11\/Etichetta-1024x485.jpeg\" alt=\"\" class=\"wp-image-644\" style=\"aspect-ratio:2.111340206185567;width:431px;height:auto\" srcset=\"https:\/\/diario.m-achermann.com\/wp-content\/uploads\/2023\/11\/Etichetta-1024x485.jpeg 1024w, https:\/\/diario.m-achermann.com\/wp-content\/uploads\/2023\/11\/Etichetta-300x142.jpeg 300w, https:\/\/diario.m-achermann.com\/wp-content\/uploads\/2023\/11\/Etichetta-768x364.jpeg 768w, https:\/\/diario.m-achermann.com\/wp-content\/uploads\/2023\/11\/Etichetta-1536x728.jpeg 1536w, https:\/\/diario.m-achermann.com\/wp-content\/uploads\/2023\/11\/Etichetta-2048x970.jpeg 2048w\" sizes=\"(max-width: 1024px) 100vw, 1024px\" \/><\/figure>\n\n<p>   <\/p>\n\n<figure class=\"wp-block-image size-large\"><img decoding=\"async\" width=\"896\" height=\"1024\" src=\"https:\/\/diario.m-achermann.com\/wp-content\/uploads\/2023\/11\/Diario-896x1024.jpeg\" alt=\"\" class=\"wp-image-645\" srcset=\"https:\/\/diario.m-achermann.com\/wp-content\/uploads\/2023\/11\/Diario-896x1024.jpeg 896w, https:\/\/diario.m-achermann.com\/wp-content\/uploads\/2023\/11\/Diario-262x300.jpeg 262w, https:\/\/diario.m-achermann.com\/wp-content\/uploads\/2023\/11\/Diario-768x878.jpeg 768w, https:\/\/diario.m-achermann.com\/wp-content\/uploads\/2023\/11\/Diario-1344x1536.jpeg 1344w, https:\/\/diario.m-achermann.com\/wp-content\/uploads\/2023\/11\/Diario-1792x2048.jpeg 1792w\" sizes=\"(max-width: 896px) 100vw, 896px\" \/><\/figure>\n\n<p>  <br\/>Durant la majeure partie de cette p\u00e9riode, je n&rsquo;\u00e9tais pas conscient car j&rsquo;\u00e9tais intub\u00e9 et sous s\u00e9dation.<br\/>La premi\u00e8re page du journal comporte une br\u00e8ve introduction avec les \u00ab instructions d&rsquo;utilisation \u00bb d\u00e9crites par l&rsquo;\u00e9tablissement de soins dans lequel j&rsquo;\u00e9tais hospitalis\u00e9 (<a href=\"https:\/\/www.cardiocentro.org\">Cardiocentro<\/a>), importante \u00e0 mon avis pour interpr\u00e9ter et comprendre le sens du journal.<br\/>Dans les pages suivantes, je retranscris exactement ce qui a \u00e9t\u00e9 \u00e9crit dans le journal par les infirmiers qui m&rsquo;ont soign\u00e9 durant cette p\u00e9riode.<\/p>\n\n<p>Mes proches n&rsquo;ont pas contribu\u00e9 \u00e0 la r\u00e9daction du journal car les visites n&rsquo;\u00e9taient pas possibles en raison des normes anti-COVID qui interdisaient les visites des proches.<\/p>\n\n<p><strong>Note :<\/strong> Le journal est manuscrit, je l&rsquo;ai retranscrit sur ordinateur, mais dans certains cas l&rsquo;\u00e9criture n&rsquo;\u00e9tait pas tr\u00e8s claire, j&rsquo;esp\u00e8re donc avoir fid\u00e8lement retranscrit ce qui a \u00e9t\u00e9 d\u00e9crit par mes soignants.<\/p>\n\n<figure class=\"wp-block-image size-large\"><img decoding=\"async\" width=\"850\" height=\"1024\" src=\"https:\/\/diario.m-achermann.com\/wp-content\/uploads\/2023\/11\/DiarioP1-850x1024.jpg\" alt=\"\" class=\"wp-image-647\" srcset=\"https:\/\/diario.m-achermann.com\/wp-content\/uploads\/2023\/11\/DiarioP1-850x1024.jpg 850w, https:\/\/diario.m-achermann.com\/wp-content\/uploads\/2023\/11\/DiarioP1-249x300.jpg 249w, https:\/\/diario.m-achermann.com\/wp-content\/uploads\/2023\/11\/DiarioP1-768x925.jpg 768w, https:\/\/diario.m-achermann.com\/wp-content\/uploads\/2023\/11\/DiarioP1-1276x1536.jpg 1276w, https:\/\/diario.m-achermann.com\/wp-content\/uploads\/2023\/11\/DiarioP1-1701x2048.jpg 1701w\" sizes=\"(max-width: 850px) 100vw, 850px\" \/><\/figure>\n\n<p>   <\/p>\n\n<figure class=\"wp-block-image size-large\"><img decoding=\"async\" width=\"942\" height=\"1024\" src=\"https:\/\/diario.m-achermann.com\/wp-content\/uploads\/2023\/11\/DiarioP2-942x1024.jpg\" alt=\"\" class=\"wp-image-648\" srcset=\"https:\/\/diario.m-achermann.com\/wp-content\/uploads\/2023\/11\/DiarioP2-942x1024.jpg 942w, https:\/\/diario.m-achermann.com\/wp-content\/uploads\/2023\/11\/DiarioP2-276x300.jpg 276w, https:\/\/diario.m-achermann.com\/wp-content\/uploads\/2023\/11\/DiarioP2-768x835.jpg 768w, https:\/\/diario.m-achermann.com\/wp-content\/uploads\/2023\/11\/DiarioP2-1413x1536.jpg 1413w, https:\/\/diario.m-achermann.com\/wp-content\/uploads\/2023\/11\/DiarioP2-1884x2048.jpg 1884w\" sizes=\"(max-width: 942px) 100vw, 942px\" \/><\/figure>\n\n<p>   <\/p>\n","protected":false},"excerpt":{"rendered":"<p>Le journal d&rsquo;hospitalisation a \u00e9t\u00e9 r\u00e9dig\u00e9 par le personnel soignant pendant qu&rsquo;il m&rsquo;assistait durant l&rsquo;hospitalisation. Durant la majeure partie de cette p\u00e9riode, je n&rsquo;\u00e9tais pas conscient car j&rsquo;\u00e9tais intub\u00e9 et sous s\u00e9dation.La premi\u00e8re page du journal comporte une br\u00e8ve introduction avec les \u00ab instructions d&rsquo;utilisation \u00bb d\u00e9crites par l&rsquo;\u00e9tablissement de soins dans lequel j&rsquo;\u00e9tais hospitalis\u00e9&hellip;&nbsp;<a href=\"https:\/\/diario.m-achermann.com\/fr\/le-journal-dhospitalisation\/mes-considerations\/\" rel=\"bookmark\">Read More &raquo;<span class=\"screen-reader-text\">Mes consid\u00e9rations<\/span><\/a><\/p>\n","protected":false},"author":1,"featured_media":0,"parent":10023,"menu_order":20,"comment_status":"open","ping_status":"closed","template":"","meta":{"_editorskit_title_hidden":false,"_editorskit_reading_time":0,"_editorskit_is_block_options_detached":false,"_editorskit_block_options_position":"{}","om_disable_all_campaigns":false,"_lmt_disableupdate":"","_lmt_disable":"","_monsterinsights_skip_tracking":false,"_monsterinsights_sitenote_active":false,"_monsterinsights_sitenote_note":"","_monsterinsights_sitenote_category":0,"neve_meta_sidebar":"","neve_meta_container":"","neve_meta_enable_content_width":"","neve_meta_content_width":0,"neve_meta_title_alignment":"","neve_meta_author_avatar":"","neve_post_elements_order":"","neve_meta_disable_header":"","neve_meta_disable_footer":"","neve_meta_disable_title":"","neve_meta_reading_time":"","_themeisle_gutenberg_block_has_review":false,"footnotes":""},"categories":[],"tags":[],"class_list":["post-9391","page","type-page","status-publish","hentry"],"aioseo_notices":[],"aioseo_head":"\n\t\t<!-- All in One SEO Pro 4.9.7.1 - aioseo.com -->\n\t<meta name=\"description\" content=\"D\u00e9couvrez le journal d&#039;hospitalisation r\u00e9dig\u00e9 par le personnel du Cardiocentro pendant l&#039;hospitalisation, un compte rendu fid\u00e8le d&#039;une exp\u00e9rience v\u00e9cue dans des conditions d&#039;inconscience et de soins.\" \/>\n\t<meta name=\"robots\" content=\"max-snippet:-1, max-image-preview:large, max-video-preview:-1\" \/>\n\t<meta name=\"google-site-verification\" content=\"2kcNb_eND2p_5dJ-aEUjUzdL5U1pyWvu9G-2F4Qyiwk\" \/>\n\t<meta name=\"msvalidate.01\" content=\"8A32EFC1288A3ACC21FB6846BFC9E656\" \/>\n\t<link rel=\"canonical\" href=\"https:\/\/diario.m-achermann.com\/fr\/le-journal-dhospitalisation\/mes-considerations\/\" \/>\n\t<meta name=\"generator\" content=\"All in One SEO Pro (AIOSEO) 4.9.7.1\" \/>\n\t\t<meta property=\"og:locale\" content=\"fr_FR\" \/>\n\t\t<meta property=\"og:site_name\" content=\"ECMO - Journal d&#039;une vie boulevers\u00e9e - Mon aventure, ou plut\u00f4t ma m\u00e9saventure ? De la chance ou de la malchance ?\" \/>\n\t\t<meta property=\"og:type\" content=\"article\" \/>\n\t\t<meta property=\"og:title\" content=\"Synth\u00e8se du journal d&#039;hospitalisation au Cardiocentro : \u00e9motions et t\u00e9moignages\" \/>\n\t\t<meta property=\"og:description\" content=\"D\u00e9couvrez le journal d&#039;hospitalisation r\u00e9dig\u00e9 par le personnel du Cardiocentro pendant l&#039;hospitalisation, un compte rendu fid\u00e8le d&#039;une exp\u00e9rience v\u00e9cue dans des conditions d&#039;inconscience et de soins.\" \/>\n\t\t<meta property=\"og:url\" content=\"https:\/\/diario.m-achermann.com\/fr\/le-journal-dhospitalisation\/mes-considerations\/\" \/>\n\t\t<meta property=\"og:image\" content=\"https:\/\/diario.m-achermann.com\/wp-content\/uploads\/2024\/02\/Mirko.png\" \/>\n\t\t<meta property=\"og:image:secure_url\" content=\"https:\/\/diario.m-achermann.com\/wp-content\/uploads\/2024\/02\/Mirko.png\" \/>\n\t\t<meta property=\"og:image:width\" content=\"200\" \/>\n\t\t<meta property=\"og:image:height\" content=\"200\" \/>\n\t\t<meta property=\"article:published_time\" content=\"2023-10-24T09:11:40+00:00\" \/>\n\t\t<meta property=\"article:modified_time\" content=\"2026-04-01T15:04:56+00:00\" \/>\n\t\t<meta property=\"article:publisher\" content=\"https:\/\/www.facebook.com\/profile.php?id=61556963490212\" \/>\n\t\t<meta name=\"twitter:card\" content=\"summary_large_image\" \/>\n\t\t<meta name=\"twitter:site\" content=\"@Mapi1967\" \/>\n\t\t<meta name=\"twitter:title\" content=\"Synth\u00e8se du journal d&#039;hospitalisation au Cardiocentro : \u00e9motions et t\u00e9moignages\" \/>\n\t\t<meta name=\"twitter:description\" content=\"D\u00e9couvrez le journal d&#039;hospitalisation r\u00e9dig\u00e9 par le personnel du Cardiocentro pendant l&#039;hospitalisation, un compte rendu fid\u00e8le d&#039;une exp\u00e9rience v\u00e9cue dans des conditions d&#039;inconscience et de soins.\" \/>\n\t\t<meta name=\"twitter:creator\" content=\"@Mapi1967\" \/>\n\t\t<meta name=\"twitter:image\" content=\"https:\/\/diario.m-achermann.com\/wp-content\/uploads\/2024\/02\/Mirko.png\" \/>\n\t\t<script type=\"application\/ld+json\" class=\"aioseo-schema\">\n\t\t\t{\"@context\":\"https:\\\/\\\/schema.org\",\"@graph\":[{\"@type\":\"BreadcrumbList\",\"@id\":\"https:\\\/\\\/diario.m-achermann.com\\\/fr\\\/le-journal-dhospitalisation\\\/mes-considerations\\\/#breadcrumblist\",\"itemListElement\":[{\"@type\":\"ListItem\",\"@id\":\"https:\\\/\\\/diario.m-achermann.com\\\/fr\\\/#listItem\",\"position\":1,\"name\":\"Home\",\"item\":\"https:\\\/\\\/diario.m-achermann.com\\\/fr\\\/\",\"nextItem\":{\"@type\":\"ListItem\",\"@id\":\"https:\\\/\\\/diario.m-achermann.com\\\/fr\\\/le-journal-dhospitalisation\\\/#listItem\",\"name\":\"Le journal d\\u2019hospitalisation\"}},{\"@type\":\"ListItem\",\"@id\":\"https:\\\/\\\/diario.m-achermann.com\\\/fr\\\/le-journal-dhospitalisation\\\/#listItem\",\"position\":2,\"name\":\"Le journal d\\u2019hospitalisation\",\"item\":\"https:\\\/\\\/diario.m-achermann.com\\\/fr\\\/le-journal-dhospitalisation\\\/\",\"nextItem\":{\"@type\":\"ListItem\",\"@id\":\"https:\\\/\\\/diario.m-achermann.com\\\/fr\\\/le-journal-dhospitalisation\\\/mes-considerations\\\/#listItem\",\"name\":\"Mes consid\\u00e9rations\"},\"previousItem\":{\"@type\":\"ListItem\",\"@id\":\"https:\\\/\\\/diario.m-achermann.com\\\/fr\\\/#listItem\",\"name\":\"Home\"}},{\"@type\":\"ListItem\",\"@id\":\"https:\\\/\\\/diario.m-achermann.com\\\/fr\\\/le-journal-dhospitalisation\\\/mes-considerations\\\/#listItem\",\"position\":3,\"name\":\"Mes consid\\u00e9rations\",\"previousItem\":{\"@type\":\"ListItem\",\"@id\":\"https:\\\/\\\/diario.m-achermann.com\\\/fr\\\/le-journal-dhospitalisation\\\/#listItem\",\"name\":\"Le journal d\\u2019hospitalisation\"}}]},{\"@type\":\"Person\",\"@id\":\"https:\\\/\\\/diario.m-achermann.com\\\/fr\\\/#person\",\"name\":\"Mirko Achermann\",\"image\":{\"@type\":\"ImageObject\",\"@id\":\"https:\\\/\\\/diario.m-achermann.com\\\/fr\\\/le-journal-dhospitalisation\\\/mes-considerations\\\/#personImage\",\"url\":\"https:\\\/\\\/secure.gravatar.com\\\/avatar\\\/53bb9dac79236bd713fbe107c9f2410ca8a6094577846073d4bea7d0bab1e51f?s=96&d=mm&r=g\",\"width\":96,\"height\":96,\"caption\":\"Mirko Achermann\"}},{\"@type\":\"WebPage\",\"@id\":\"https:\\\/\\\/diario.m-achermann.com\\\/fr\\\/le-journal-dhospitalisation\\\/mes-considerations\\\/#webpage\",\"url\":\"https:\\\/\\\/diario.m-achermann.com\\\/fr\\\/le-journal-dhospitalisation\\\/mes-considerations\\\/\",\"name\":\"Synth\\u00e8se du journal d'hospitalisation au Cardiocentro : \\u00e9motions et t\\u00e9moignages\",\"description\":\"D\\u00e9couvrez le journal d'hospitalisation r\\u00e9dig\\u00e9 par le personnel du Cardiocentro pendant l'hospitalisation, un compte rendu fid\\u00e8le d'une exp\\u00e9rience v\\u00e9cue dans des conditions d'inconscience et de soins.\",\"inLanguage\":\"fr-FR\",\"isPartOf\":{\"@id\":\"https:\\\/\\\/diario.m-achermann.com\\\/fr\\\/#website\"},\"breadcrumb\":{\"@id\":\"https:\\\/\\\/diario.m-achermann.com\\\/fr\\\/le-journal-dhospitalisation\\\/mes-considerations\\\/#breadcrumblist\"},\"datePublished\":\"2023-10-24T11:11:40+02:00\",\"dateModified\":\"2026-04-01T17:04:56+02:00\"},{\"@type\":\"WebSite\",\"@id\":\"https:\\\/\\\/diario.m-achermann.com\\\/fr\\\/#website\",\"url\":\"https:\\\/\\\/diario.m-achermann.com\\\/fr\\\/\",\"name\":\"ECMO \\u2013 Diario di una vita stravolta\",\"alternateName\":\"ECMO\",\"description\":\"Mon aventure, ou plut\\u00f4t ma m\\u00e9saventure ? De la chance ou de la malchance ?\",\"inLanguage\":\"fr-FR\",\"publisher\":{\"@id\":\"https:\\\/\\\/diario.m-achermann.com\\\/fr\\\/#person\"}}]}\n\t\t<\/script>\n\t\t<!-- All in One SEO Pro -->\r\n\t\t<title>Synth\u00e8se du journal d'hospitalisation au Cardiocentro : \u00e9motions et t\u00e9moignages<\/title>\n\n","aioseo_head_json":{"title":"Synth\u00e8se du journal d'hospitalisation au Cardiocentro : \u00e9motions et t\u00e9moignages","description":"D\u00e9couvrez le journal d'hospitalisation r\u00e9dig\u00e9 par le personnel du Cardiocentro pendant l'hospitalisation, un compte rendu fid\u00e8le d'une exp\u00e9rience v\u00e9cue dans des conditions d'inconscience et de soins.","canonical_url":"https:\/\/diario.m-achermann.com\/fr\/le-journal-dhospitalisation\/mes-considerations\/","robots":"max-snippet:-1, max-image-preview:large, max-video-preview:-1","keywords":"","webmasterTools":{"google-site-verification":"2kcNb_eND2p_5dJ-aEUjUzdL5U1pyWvu9G-2F4Qyiwk","msvalidate.01":"8A32EFC1288A3ACC21FB6846BFC9E656","miscellaneous":""},"schema":{"@context":"https:\/\/schema.org","@graph":[{"@type":"BreadcrumbList","@id":"https:\/\/diario.m-achermann.com\/fr\/le-journal-dhospitalisation\/mes-considerations\/#breadcrumblist","itemListElement":[{"@type":"ListItem","@id":"https:\/\/diario.m-achermann.com\/fr\/#listItem","position":1,"name":"Home","item":"https:\/\/diario.m-achermann.com\/fr\/","nextItem":{"@type":"ListItem","@id":"https:\/\/diario.m-achermann.com\/fr\/le-journal-dhospitalisation\/#listItem","name":"Le journal d\u2019hospitalisation"}},{"@type":"ListItem","@id":"https:\/\/diario.m-achermann.com\/fr\/le-journal-dhospitalisation\/#listItem","position":2,"name":"Le journal d\u2019hospitalisation","item":"https:\/\/diario.m-achermann.com\/fr\/le-journal-dhospitalisation\/","nextItem":{"@type":"ListItem","@id":"https:\/\/diario.m-achermann.com\/fr\/le-journal-dhospitalisation\/mes-considerations\/#listItem","name":"Mes consid\u00e9rations"},"previousItem":{"@type":"ListItem","@id":"https:\/\/diario.m-achermann.com\/fr\/#listItem","name":"Home"}},{"@type":"ListItem","@id":"https:\/\/diario.m-achermann.com\/fr\/le-journal-dhospitalisation\/mes-considerations\/#listItem","position":3,"name":"Mes consid\u00e9rations","previousItem":{"@type":"ListItem","@id":"https:\/\/diario.m-achermann.com\/fr\/le-journal-dhospitalisation\/#listItem","name":"Le journal d\u2019hospitalisation"}}]},{"@type":"Person","@id":"https:\/\/diario.m-achermann.com\/fr\/#person","name":"Mirko Achermann","image":{"@type":"ImageObject","@id":"https:\/\/diario.m-achermann.com\/fr\/le-journal-dhospitalisation\/mes-considerations\/#personImage","url":"https:\/\/secure.gravatar.com\/avatar\/53bb9dac79236bd713fbe107c9f2410ca8a6094577846073d4bea7d0bab1e51f?s=96&d=mm&r=g","width":96,"height":96,"caption":"Mirko Achermann"}},{"@type":"WebPage","@id":"https:\/\/diario.m-achermann.com\/fr\/le-journal-dhospitalisation\/mes-considerations\/#webpage","url":"https:\/\/diario.m-achermann.com\/fr\/le-journal-dhospitalisation\/mes-considerations\/","name":"Synth\u00e8se du journal d'hospitalisation au Cardiocentro : \u00e9motions et t\u00e9moignages","description":"D\u00e9couvrez le journal d'hospitalisation r\u00e9dig\u00e9 par le personnel du Cardiocentro pendant l'hospitalisation, un compte rendu fid\u00e8le d'une exp\u00e9rience v\u00e9cue dans des conditions d'inconscience et de soins.","inLanguage":"fr-FR","isPartOf":{"@id":"https:\/\/diario.m-achermann.com\/fr\/#website"},"breadcrumb":{"@id":"https:\/\/diario.m-achermann.com\/fr\/le-journal-dhospitalisation\/mes-considerations\/#breadcrumblist"},"datePublished":"2023-10-24T11:11:40+02:00","dateModified":"2026-04-01T17:04:56+02:00"},{"@type":"WebSite","@id":"https:\/\/diario.m-achermann.com\/fr\/#website","url":"https:\/\/diario.m-achermann.com\/fr\/","name":"ECMO \u2013 Diario di una vita stravolta","alternateName":"ECMO","description":"Mon aventure, ou plut\u00f4t ma m\u00e9saventure ? De la chance ou de la malchance ?","inLanguage":"fr-FR","publisher":{"@id":"https:\/\/diario.m-achermann.com\/fr\/#person"}}]},"og:locale":"fr_FR","og:site_name":"ECMO - Journal d'une vie boulevers\u00e9e - Mon aventure, ou plut\u00f4t ma m\u00e9saventure ? De la chance ou de la malchance ?","og:type":"article","og:title":"Synth\u00e8se du journal d'hospitalisation au Cardiocentro : \u00e9motions et t\u00e9moignages","og:description":"D\u00e9couvrez le journal d'hospitalisation r\u00e9dig\u00e9 par le personnel du Cardiocentro pendant l'hospitalisation, un compte rendu fid\u00e8le d'une exp\u00e9rience v\u00e9cue dans des conditions d'inconscience et de soins.","og:url":"https:\/\/diario.m-achermann.com\/fr\/le-journal-dhospitalisation\/mes-considerations\/","og:image":"https:\/\/diario.m-achermann.com\/wp-content\/uploads\/2024\/02\/Mirko.png","og:image:secure_url":"https:\/\/diario.m-achermann.com\/wp-content\/uploads\/2024\/02\/Mirko.png","og:image:width":200,"og:image:height":200,"article:published_time":"2023-10-24T09:11:40+00:00","article:modified_time":"2026-04-01T15:04:56+00:00","article:publisher":"https:\/\/www.facebook.com\/profile.php?id=61556963490212","twitter:card":"summary_large_image","twitter:site":"@Mapi1967","twitter:title":"Synth\u00e8se du journal d'hospitalisation au Cardiocentro : \u00e9motions et t\u00e9moignages","twitter:description":"D\u00e9couvrez le journal d'hospitalisation r\u00e9dig\u00e9 par le personnel du Cardiocentro pendant l'hospitalisation, un compte rendu fid\u00e8le d'une exp\u00e9rience v\u00e9cue dans des conditions d'inconscience et de soins.","twitter:creator":"@Mapi1967","twitter:image":"https:\/\/diario.m-achermann.com\/wp-content\/uploads\/2024\/02\/Mirko.png"},"aioseo_meta_data":{"post_id":"9391","title":"Synth\u00e8se du journal d'hospitalisation au Cardiocentro : \u00e9motions et t\u00e9moignages","description":"D\u00e9couvrez le journal d'hospitalisation r\u00e9dig\u00e9 par le personnel du Cardiocentro pendant l'hospitalisation, un compte rendu fid\u00e8le d'une exp\u00e9rience v\u00e9cue dans des conditions d'inconscience et de soins.","keywords":null,"keyphrases":{"focus":{"keyphrase":"Cardiocentro","score":73,"analysis":{"keyphraseInTitle":{"score":9,"maxScore":9,"error":0},"keyphraseInDescription":{"score":9,"maxScore":9,"error":0},"keyphraseLength":{"score":9,"maxScore":9,"error":0,"length":1},"keyphraseInURL":{"score":1,"maxScore":5,"error":1},"keyphraseInIntroduction":{"score":3,"maxScore":9,"error":1},"keyphraseInSubHeadings":[],"keyphraseInImageAlt":{"score":3,"maxScore":9,"error":1},"keywordDensity":{"type":"best","score":9,"maxScore":9,"error":0}}},"additional":[{"keyphrase":"considerazioni","score":40,"analysis":{"keyphraseInDescription":{"score":3,"maxScore":9,"error":1},"keyphraseLength":{"score":9,"maxScore":9,"error":0,"length":1},"keyphraseInIntroduction":{"score":3,"maxScore":9,"error":1},"keyphraseInImageAlt":{"score":3,"maxScore":9,"error":1},"keywordDensity":{"score":0,"type":"low","maxScore":9,"error":1}}},{"keyphrase":"personali","score":40,"analysis":{"keyphraseInDescription":{"score":3,"maxScore":9,"error":1},"keyphraseLength":{"score":9,"maxScore":9,"error":0,"length":1},"keyphraseInIntroduction":{"score":3,"maxScore":9,"error":1},"keyphraseInImageAlt":{"score":3,"maxScore":9,"error":1},"keywordDensity":{"score":0,"type":"low","maxScore":9,"error":1}}},{"keyphrase":"ECMO","score":40,"analysis":{"keyphraseInDescription":{"score":3,"maxScore":9,"error":1},"keyphraseLength":{"score":9,"maxScore":9,"error":0,"length":1},"keyphraseInIntroduction":{"score":3,"maxScore":9,"error":1},"keyphraseInImageAlt":{"score":3,"maxScore":9,"error":1},"keywordDensity":{"score":0,"type":"low","maxScore":9,"error":1}}},{"keyphrase":"esperienza","score":53,"analysis":{"keyphraseInDescription":{"score":9,"maxScore":9,"error":0},"keyphraseLength":{"score":9,"maxScore":9,"error":0,"length":1},"keyphraseInIntroduction":{"score":3,"maxScore":9,"error":1},"keyphraseInImageAlt":{"score":3,"maxScore":9,"error":1},"keywordDensity":{"score":0,"type":"low","maxScore":9,"error":1}}},{"keyphrase":"scopo","score":40,"analysis":{"keyphraseInDescription":{"score":3,"maxScore":9,"error":1},"keyphraseLength":{"score":9,"maxScore":9,"error":0,"length":1},"keyphraseInIntroduction":{"score":3,"maxScore":9,"error":1},"keyphraseInImageAlt":{"score":3,"maxScore":9,"error":1},"keywordDensity":{"score":0,"type":"low","maxScore":9,"error":1}}},{"keyphrase":"aiuto","score":40,"analysis":{"keyphraseInDescription":{"score":3,"maxScore":9,"error":1},"keyphraseLength":{"score":9,"maxScore":9,"error":0,"length":1},"keyphraseInIntroduction":{"score":3,"maxScore":9,"error":1},"keyphraseInImageAlt":{"score":3,"maxScore":9,"error":1},"keywordDensity":{"score":0,"type":"low","maxScore":9,"error":1}}}]},"primary_term":null,"canonical_url":null,"og_title":null,"og_description":null,"og_object_type":"default","og_image_type":"default","og_image_url":null,"og_image_width":null,"og_image_height":null,"og_image_custom_url":null,"og_image_custom_fields":null,"og_video":"","og_custom_url":null,"og_article_section":null,"og_article_tags":null,"twitter_use_og":false,"twitter_card":"default","twitter_image_type":"default","twitter_image_url":null,"twitter_image_custom_url":null,"twitter_image_custom_fields":null,"twitter_title":null,"twitter_description":null,"schema":{"blockGraphs":[],"customGraphs":[],"default":{"data":{"Article":[],"Course":[],"Dataset":[],"FAQPage":[],"Movie":[],"Person":[],"Product":[],"ProductReview":[],"Car":[],"Recipe":[],"Service":[],"SoftwareApplication":[],"WebPage":[]},"graphName":"WebPage","isEnabled":true},"graphs":[]},"schema_type":"default","schema_type_options":null,"pillar_content":false,"robots_default":true,"robots_noindex":false,"robots_noarchive":false,"robots_nosnippet":false,"robots_nofollow":false,"robots_noimageindex":false,"robots_noodp":false,"robots_notranslate":false,"robots_max_snippet":"-1","robots_max_videopreview":"-1","robots_max_imagepreview":"large","priority":null,"frequency":"default","local_seo":null,"seo_analyzer_scan_date":"2026-04-01 16:55:53","breadcrumb_settings":null,"limit_modified_date":0,"reviewed_by":null,"open_ai":"{\"title\":{\"suggestions\":[],\"usage\":0},\"description\":{\"suggestions\":[],\"usage\":0}}","ai":{"faqs":[],"keyPoints":[],"titles":["Il diario di degenza al Cardiocentro: un racconto dal personale clinico","Esperienze di cura al Cardiocentro: diario di un ricovero","Sintesi del diario di degenza al Cardiocentro: emozioni e testimonianze","Vivere al Cardiocentro: il diario scritto dagli infermieri","Ricovero al Cardiocentro: un diario manoscritto trascritto e spiegato"],"descriptions":["Scopri il diario di degenza scritto dal personale del Cardiocentro durante il ricovero, un resoconto fedele di un'esperienza in condizioni di incoscienza e cura.","Esplora il diario di degenza del Cardiocentro, un'estrazione autentica delle annotazioni mediche durante il periodo di ricovero, anche sotto sedazione.","Il diario di degenza del Cardiocentro, scritto dal personale, offre uno sguardo diretto sull'assistenza ricevuta durante un ricovero difficile.","Leggi il diario di degenza del Cardiocentro, il racconto autentico delle cure e delle annotazioni mediche di un ricovero sotto sedazione.","Il diario scritto dal personale del Cardiocentro documenta ogni dettaglio del ricovero, offrendo una prospettiva unica sull'assistenza ospedaliera."],"socialPosts":{"email":[],"linkedin":[],"twitter":[],"facebook":[],"instagram":[]}},"created":"2026-04-01 14:41:35","updated":"2026-04-01 17:28:37"},"aioseo_breadcrumb":"<div class=\"aioseo-breadcrumbs\"><span class=\"aioseo-breadcrumb\">\n\t<a href=\"https:\/\/diario.m-achermann.com\/fr\/\" title=\"Home\">Home<\/a>\n<\/span><span class=\"aioseo-breadcrumb-separator\">\u00bb<\/span><span class=\"aioseo-breadcrumb\">\n\t<a href=\"https:\/\/diario.m-achermann.com\/fr\/le-journal-dhospitalisation\/\" title=\"Le journal d\u2019hospitalisation\">Le journal d\u2019hospitalisation<\/a>\n<\/span><span class=\"aioseo-breadcrumb-separator\">\u00bb<\/span><span class=\"aioseo-breadcrumb\">\n\tMes consid\u00e9rations\n<\/span><\/div>","aioseo_breadcrumb_json":[{"label":"Home","link":"https:\/\/diario.m-achermann.com\/fr\/"},{"label":"Le journal d\u2019hospitalisation","link":"https:\/\/diario.m-achermann.com\/fr\/le-journal-dhospitalisation\/"},{"label":"Mes consid\u00e9rations","link":"https:\/\/diario.m-achermann.com\/fr\/le-journal-dhospitalisation\/mes-considerations\/"}],"_links":{"self":[{"href":"https:\/\/diario.m-achermann.com\/fr\/wp-json\/wp\/v2\/pages\/9391","targetHints":{"allow":["GET"]}}],"collection":[{"href":"https:\/\/diario.m-achermann.com\/fr\/wp-json\/wp\/v2\/pages"}],"about":[{"href":"https:\/\/diario.m-achermann.com\/fr\/wp-json\/wp\/v2\/types\/page"}],"author":[{"embeddable":true,"href":"https:\/\/diario.m-achermann.com\/fr\/wp-json\/wp\/v2\/users\/1"}],"replies":[{"embeddable":true,"href":"https:\/\/diario.m-achermann.com\/fr\/wp-json\/wp\/v2\/comments?post=9391"}],"version-history":[{"count":1,"href":"https:\/\/diario.m-achermann.com\/fr\/wp-json\/wp\/v2\/pages\/9391\/revisions"}],"predecessor-version":[{"id":9396,"href":"https:\/\/diario.m-achermann.com\/fr\/wp-json\/wp\/v2\/pages\/9391\/revisions\/9396"}],"up":[{"embeddable":true,"href":"https:\/\/diario.m-achermann.com\/fr\/wp-json\/wp\/v2\/pages\/10023"}],"wp:attachment":[{"href":"https:\/\/diario.m-achermann.com\/fr\/wp-json\/wp\/v2\/media?parent=9391"}],"wp:term":[{"taxonomy":"category","embeddable":true,"href":"https:\/\/diario.m-achermann.com\/fr\/wp-json\/wp\/v2\/categories?post=9391"},{"taxonomy":"post_tag","embeddable":true,"href":"https:\/\/diario.m-achermann.com\/fr\/wp-json\/wp\/v2\/tags?post=9391"}],"curies":[{"name":"wp","href":"https:\/\/api.w.org\/{rel}","templated":true}]}}