{"id":9424,"date":"2023-10-24T16:02:22","date_gmt":"2023-10-24T14:02:22","guid":{"rendered":"https:\/\/diario.m-achermann.com\/vendredi-26-fevrier-2021-a-13h40\/"},"modified":"2026-04-02T10:35:14","modified_gmt":"2026-04-02T08:35:14","slug":"vendredi-26-fevrier-2021-a-13h40","status":"publish","type":"page","link":"https:\/\/diario.m-achermann.com\/fr\/le-journal-dhospitalisation\/vendredi-26-fevrier-2021-a-13h40\/","title":{"rendered":"Vendredi 26 f\u00e9vrier 2021 \u00e0 13h40"},"content":{"rendered":"\n<p>Bonjour M. Achermann,<br\/>C\u2019est toujours Maura.<\/p>\n\n<p>Ce matin, apr\u00e8s les \u00ab soins de beaut\u00e9 \u00bb, je vous ai install\u00e9 sur le c\u00f4t\u00e9 gauche, vers la lumi\u00e8re qui entre par la fen\u00eatre (aujourd\u2019hui est une belle journ\u00e9e ensoleill\u00e9e et on dirait presque le printemps).<\/p>\n\n<p>Nous avons suspendu un s\u00e9datif pour voir si vous vous r\u00e9veillez et si nous avons un contact avec vous ; pour le moment, vous ouvrez les yeux \u00e0 l\u2019appel. <br\/>Vous ne parvenez pas \u00e0 bouger, car le fait de rester longtemps alit\u00e9 vous a in\u00e9vitablement affaibli. <br\/>Je vous ai expliqu\u00e9 que vous \u00eates encore en soins intensifs et que tout va bien ; que vous devez faire preuve de patience pour gu\u00e9rir et reprendre des forces. <\/p>\n\n<p>Par la suite (je reprends l\u2019\u00e9criture maintenant), nous vous avons remis en position ventrale, apr\u00e8s avoir repris la s\u00e9dation. <br\/>Nous avons pris tout le temps n\u00e9cessaire pour effectuer ces man\u0153uvres en toute s\u00e9curit\u00e9, \u00e9tant donn\u00e9 que vous \u00eates sous respirateur via la trach\u00e9otomie, et pour vous installer le plus confortablement possible. Vous resterez dans cette position pendant plusieurs heures, mais vos points d\u2019appui seront modifi\u00e9s pour ne pas cr\u00e9er de l\u00e9sions et vous soulager. <\/p>\n\n<p>\u00c0 demain.<br\/>Maura<\/p>\n","protected":false},"excerpt":{"rendered":"<p>Bonjour M. Achermann,C\u2019est toujours Maura. Ce matin, apr\u00e8s les \u00ab soins de beaut\u00e9 \u00bb, je vous ai install\u00e9 sur le c\u00f4t\u00e9 gauche, vers la lumi\u00e8re qui entre par la fen\u00eatre (aujourd\u2019hui est une belle journ\u00e9e ensoleill\u00e9e et on dirait presque le printemps). Nous avons suspendu un s\u00e9datif pour voir si vous vous r\u00e9veillez et si&hellip;&nbsp;<a href=\"https:\/\/diario.m-achermann.com\/fr\/le-journal-dhospitalisation\/vendredi-26-fevrier-2021-a-13h40\/\" rel=\"bookmark\">Read More &raquo;<span class=\"screen-reader-text\">Vendredi 26 f\u00e9vrier 2021 \u00e0 13h40<\/span><\/a><\/p>\n","protected":false},"author":1,"featured_media":0,"parent":10023,"menu_order":140,"comment_status":"open","ping_status":"closed","template":"","meta":{"_editorskit_title_hidden":false,"_editorskit_reading_time":0,"_editorskit_is_block_options_detached":false,"_editorskit_block_options_position":"{}","om_disable_all_campaigns":false,"_lmt_disableupdate":"","_lmt_disable":"","_monsterinsights_skip_tracking":false,"_monsterinsights_sitenote_active":false,"_monsterinsights_sitenote_note":"","_monsterinsights_sitenote_category":0,"neve_meta_sidebar":"","neve_meta_container":"","neve_meta_enable_content_width":"","neve_meta_content_width":0,"neve_meta_title_alignment":"","neve_meta_author_avatar":"","neve_post_elements_order":"","neve_meta_disable_header":"","neve_meta_disable_footer":"","neve_meta_disable_title":"","neve_meta_reading_time":"","_themeisle_gutenberg_block_has_review":false,"footnotes":""},"categories":[],"tags":[],"class_list":["post-9424","page","type-page","status-publish","hentry"],"aioseo_notices":[],"aioseo_head":"\n\t\t<!-- All in One SEO Pro 4.9.7.1 - aioseo.com -->\n\t<meta name=\"description\" content=\"Lisez un exemple touchant de journal d\u2019hospitalisation quotidien documentant les soins intensifs et le lent r\u00e9tablissement d\u2019un patient en r\u00e9animation.\" \/>\n\t<meta name=\"robots\" content=\"max-snippet:-1, max-image-preview:large, max-video-preview:-1\" \/>\n\t<meta name=\"google-site-verification\" content=\"2kcNb_eND2p_5dJ-aEUjUzdL5U1pyWvu9G-2F4Qyiwk\" \/>\n\t<meta name=\"msvalidate.01\" content=\"8A32EFC1288A3ACC21FB6846BFC9E656\" \/>\n\t<link rel=\"canonical\" href=\"https:\/\/diario.m-achermann.com\/fr\/le-journal-dhospitalisation\/vendredi-26-fevrier-2021-a-13h40\/\" \/>\n\t<meta name=\"generator\" content=\"All in One SEO Pro (AIOSEO) 4.9.7.1\" \/>\n\t\t<meta property=\"og:locale\" content=\"fr_FR\" \/>\n\t\t<meta property=\"og:site_name\" content=\"ECMO - Journal d&#039;une vie boulevers\u00e9e - Mon aventure, ou plut\u00f4t ma m\u00e9saventure ? De la chance ou de la malchance ?\" \/>\n\t\t<meta property=\"og:type\" content=\"article\" \/>\n\t\t<meta property=\"og:title\" content=\"Vendredi 26 f\u00e9vrier 2021 \u00e0 13h40\" \/>\n\t\t<meta property=\"og:description\" content=\"Lisez un exemple touchant de journal d\u2019hospitalisation quotidien documentant les soins intensifs et le lent r\u00e9tablissement d\u2019un patient en r\u00e9animation.\" \/>\n\t\t<meta property=\"og:url\" content=\"https:\/\/diario.m-achermann.com\/fr\/le-journal-dhospitalisation\/vendredi-26-fevrier-2021-a-13h40\/\" \/>\n\t\t<meta property=\"og:image\" content=\"https:\/\/secure.gravatar.com\/avatar\/53bb9dac79236bd713fbe107c9f2410ca8a6094577846073d4bea7d0bab1e51f?s=300&#038;d=mm&#038;r=g\" \/>\n\t\t<meta property=\"og:image:secure_url\" content=\"https:\/\/secure.gravatar.com\/avatar\/53bb9dac79236bd713fbe107c9f2410ca8a6094577846073d4bea7d0bab1e51f?s=300&#038;d=mm&#038;r=g\" \/>\n\t\t<meta property=\"article:published_time\" content=\"2023-10-24T14:02:22+00:00\" \/>\n\t\t<meta property=\"article:modified_time\" content=\"2026-04-02T08:35:14+00:00\" \/>\n\t\t<meta property=\"article:publisher\" content=\"https:\/\/www.facebook.com\/profile.php?id=61556963490212\" \/>\n\t\t<meta name=\"twitter:card\" content=\"summary_large_image\" \/>\n\t\t<meta name=\"twitter:site\" content=\"@Mapi1967\" \/>\n\t\t<meta name=\"twitter:title\" content=\"Vendredi 26 f\u00e9vrier 2021 \u00e0 13h40\" \/>\n\t\t<meta name=\"twitter:description\" content=\"Lisez un exemple touchant de journal d\u2019hospitalisation quotidien documentant les soins intensifs et le lent r\u00e9tablissement d\u2019un patient en r\u00e9animation.\" \/>\n\t\t<meta name=\"twitter:creator\" content=\"@Mapi1967\" \/>\n\t\t<meta name=\"twitter:image\" content=\"https:\/\/diario.m-achermann.com\/wp-content\/uploads\/2024\/02\/Mirko.png\" \/>\n\t\t<script type=\"application\/ld+json\" class=\"aioseo-schema\">\n\t\t\t{\"@context\":\"https:\\\/\\\/schema.org\",\"@graph\":[{\"@type\":\"BreadcrumbList\",\"@id\":\"https:\\\/\\\/diario.m-achermann.com\\\/fr\\\/le-journal-dhospitalisation\\\/vendredi-26-fevrier-2021-a-13h40\\\/#breadcrumblist\",\"itemListElement\":[{\"@type\":\"ListItem\",\"@id\":\"https:\\\/\\\/diario.m-achermann.com\\\/fr\\\/#listItem\",\"position\":1,\"name\":\"Home\",\"item\":\"https:\\\/\\\/diario.m-achermann.com\\\/fr\\\/\",\"nextItem\":{\"@type\":\"ListItem\",\"@id\":\"https:\\\/\\\/diario.m-achermann.com\\\/fr\\\/le-journal-dhospitalisation\\\/#listItem\",\"name\":\"Le journal d\\u2019hospitalisation\"}},{\"@type\":\"ListItem\",\"@id\":\"https:\\\/\\\/diario.m-achermann.com\\\/fr\\\/le-journal-dhospitalisation\\\/#listItem\",\"position\":2,\"name\":\"Le journal d\\u2019hospitalisation\",\"item\":\"https:\\\/\\\/diario.m-achermann.com\\\/fr\\\/le-journal-dhospitalisation\\\/\",\"nextItem\":{\"@type\":\"ListItem\",\"@id\":\"https:\\\/\\\/diario.m-achermann.com\\\/fr\\\/le-journal-dhospitalisation\\\/vendredi-26-fevrier-2021-a-13h40\\\/#listItem\",\"name\":\"Vendredi 26 f\\u00e9vrier 2021 \\u00e0 13h40\"},\"previousItem\":{\"@type\":\"ListItem\",\"@id\":\"https:\\\/\\\/diario.m-achermann.com\\\/fr\\\/#listItem\",\"name\":\"Home\"}},{\"@type\":\"ListItem\",\"@id\":\"https:\\\/\\\/diario.m-achermann.com\\\/fr\\\/le-journal-dhospitalisation\\\/vendredi-26-fevrier-2021-a-13h40\\\/#listItem\",\"position\":3,\"name\":\"Vendredi 26 f\\u00e9vrier 2021 \\u00e0 13h40\",\"previousItem\":{\"@type\":\"ListItem\",\"@id\":\"https:\\\/\\\/diario.m-achermann.com\\\/fr\\\/le-journal-dhospitalisation\\\/#listItem\",\"name\":\"Le journal d\\u2019hospitalisation\"}}]},{\"@type\":\"Person\",\"@id\":\"https:\\\/\\\/diario.m-achermann.com\\\/fr\\\/#person\",\"name\":\"Mirko Achermann\",\"image\":{\"@type\":\"ImageObject\",\"@id\":\"https:\\\/\\\/diario.m-achermann.com\\\/fr\\\/le-journal-dhospitalisation\\\/vendredi-26-fevrier-2021-a-13h40\\\/#personImage\",\"url\":\"https:\\\/\\\/secure.gravatar.com\\\/avatar\\\/53bb9dac79236bd713fbe107c9f2410ca8a6094577846073d4bea7d0bab1e51f?s=96&d=mm&r=g\",\"width\":96,\"height\":96,\"caption\":\"Mirko Achermann\"}},{\"@type\":\"WebPage\",\"@id\":\"https:\\\/\\\/diario.m-achermann.com\\\/fr\\\/le-journal-dhospitalisation\\\/vendredi-26-fevrier-2021-a-13h40\\\/#webpage\",\"url\":\"https:\\\/\\\/diario.m-achermann.com\\\/fr\\\/le-journal-dhospitalisation\\\/vendredi-26-fevrier-2021-a-13h40\\\/\",\"name\":\"Une journ\\u00e9e dans le journal d\\u2019hospitalisation : situation de M. Achermann \\u00e0 l\\u2019h\\u00f4pital\",\"description\":\"Lisez un exemple touchant de journal d\\u2019hospitalisation quotidien documentant les soins intensifs et le lent r\\u00e9tablissement d\\u2019un patient en r\\u00e9animation.\",\"inLanguage\":\"fr-FR\",\"isPartOf\":{\"@id\":\"https:\\\/\\\/diario.m-achermann.com\\\/fr\\\/#website\"},\"breadcrumb\":{\"@id\":\"https:\\\/\\\/diario.m-achermann.com\\\/fr\\\/le-journal-dhospitalisation\\\/vendredi-26-fevrier-2021-a-13h40\\\/#breadcrumblist\"},\"datePublished\":\"2023-10-24T16:02:22+02:00\",\"dateModified\":\"2026-04-02T10:35:14+02:00\"},{\"@type\":\"WebSite\",\"@id\":\"https:\\\/\\\/diario.m-achermann.com\\\/fr\\\/#website\",\"url\":\"https:\\\/\\\/diario.m-achermann.com\\\/fr\\\/\",\"name\":\"ECMO \\u2013 Diario di una vita stravolta\",\"alternateName\":\"ECMO\",\"description\":\"Mon aventure, ou plut\\u00f4t ma m\\u00e9saventure ? De la chance ou de la malchance ?\",\"inLanguage\":\"fr-FR\",\"publisher\":{\"@id\":\"https:\\\/\\\/diario.m-achermann.com\\\/fr\\\/#person\"}}]}\n\t\t<\/script>\n\t\t<!-- All in One SEO Pro -->\r\n\t\t<title>Une journ\u00e9e dans le journal d\u2019hospitalisation : situation de M. Achermann \u00e0 l\u2019h\u00f4pital<\/title>\n\n","aioseo_head_json":{"title":"Une journ\u00e9e dans le journal d\u2019hospitalisation : situation de M. Achermann \u00e0 l\u2019h\u00f4pital","description":"Lisez un exemple touchant de journal d\u2019hospitalisation quotidien documentant les soins intensifs et le lent r\u00e9tablissement d\u2019un patient en r\u00e9animation.","canonical_url":"https:\/\/diario.m-achermann.com\/fr\/le-journal-dhospitalisation\/vendredi-26-fevrier-2021-a-13h40\/","robots":"max-snippet:-1, max-image-preview:large, max-video-preview:-1","keywords":"","webmasterTools":{"google-site-verification":"2kcNb_eND2p_5dJ-aEUjUzdL5U1pyWvu9G-2F4Qyiwk","msvalidate.01":"8A32EFC1288A3ACC21FB6846BFC9E656","miscellaneous":""},"schema":{"@context":"https:\/\/schema.org","@graph":[{"@type":"BreadcrumbList","@id":"https:\/\/diario.m-achermann.com\/fr\/le-journal-dhospitalisation\/vendredi-26-fevrier-2021-a-13h40\/#breadcrumblist","itemListElement":[{"@type":"ListItem","@id":"https:\/\/diario.m-achermann.com\/fr\/#listItem","position":1,"name":"Home","item":"https:\/\/diario.m-achermann.com\/fr\/","nextItem":{"@type":"ListItem","@id":"https:\/\/diario.m-achermann.com\/fr\/le-journal-dhospitalisation\/#listItem","name":"Le journal d\u2019hospitalisation"}},{"@type":"ListItem","@id":"https:\/\/diario.m-achermann.com\/fr\/le-journal-dhospitalisation\/#listItem","position":2,"name":"Le journal d\u2019hospitalisation","item":"https:\/\/diario.m-achermann.com\/fr\/le-journal-dhospitalisation\/","nextItem":{"@type":"ListItem","@id":"https:\/\/diario.m-achermann.com\/fr\/le-journal-dhospitalisation\/vendredi-26-fevrier-2021-a-13h40\/#listItem","name":"Vendredi 26 f\u00e9vrier 2021 \u00e0 13h40"},"previousItem":{"@type":"ListItem","@id":"https:\/\/diario.m-achermann.com\/fr\/#listItem","name":"Home"}},{"@type":"ListItem","@id":"https:\/\/diario.m-achermann.com\/fr\/le-journal-dhospitalisation\/vendredi-26-fevrier-2021-a-13h40\/#listItem","position":3,"name":"Vendredi 26 f\u00e9vrier 2021 \u00e0 13h40","previousItem":{"@type":"ListItem","@id":"https:\/\/diario.m-achermann.com\/fr\/le-journal-dhospitalisation\/#listItem","name":"Le journal d\u2019hospitalisation"}}]},{"@type":"Person","@id":"https:\/\/diario.m-achermann.com\/fr\/#person","name":"Mirko Achermann","image":{"@type":"ImageObject","@id":"https:\/\/diario.m-achermann.com\/fr\/le-journal-dhospitalisation\/vendredi-26-fevrier-2021-a-13h40\/#personImage","url":"https:\/\/secure.gravatar.com\/avatar\/53bb9dac79236bd713fbe107c9f2410ca8a6094577846073d4bea7d0bab1e51f?s=96&d=mm&r=g","width":96,"height":96,"caption":"Mirko Achermann"}},{"@type":"WebPage","@id":"https:\/\/diario.m-achermann.com\/fr\/le-journal-dhospitalisation\/vendredi-26-fevrier-2021-a-13h40\/#webpage","url":"https:\/\/diario.m-achermann.com\/fr\/le-journal-dhospitalisation\/vendredi-26-fevrier-2021-a-13h40\/","name":"Une journ\u00e9e dans le journal d\u2019hospitalisation : situation de M. Achermann \u00e0 l\u2019h\u00f4pital","description":"Lisez un exemple touchant de journal d\u2019hospitalisation quotidien documentant les soins intensifs et le lent r\u00e9tablissement d\u2019un patient en r\u00e9animation.","inLanguage":"fr-FR","isPartOf":{"@id":"https:\/\/diario.m-achermann.com\/fr\/#website"},"breadcrumb":{"@id":"https:\/\/diario.m-achermann.com\/fr\/le-journal-dhospitalisation\/vendredi-26-fevrier-2021-a-13h40\/#breadcrumblist"},"datePublished":"2023-10-24T16:02:22+02:00","dateModified":"2026-04-02T10:35:14+02:00"},{"@type":"WebSite","@id":"https:\/\/diario.m-achermann.com\/fr\/#website","url":"https:\/\/diario.m-achermann.com\/fr\/","name":"ECMO \u2013 Diario di una vita stravolta","alternateName":"ECMO","description":"Mon aventure, ou plut\u00f4t ma m\u00e9saventure ? De la chance ou de la malchance ?","inLanguage":"fr-FR","publisher":{"@id":"https:\/\/diario.m-achermann.com\/fr\/#person"}}]},"og:locale":"fr_FR","og:site_name":"ECMO - Journal d'une vie boulevers\u00e9e - Mon aventure, ou plut\u00f4t ma m\u00e9saventure ? De la chance ou de la malchance ?","og:type":"article","og:title":"Vendredi 26 f\u00e9vrier 2021 \u00e0 13h40","og:description":"Lisez un exemple touchant de journal d\u2019hospitalisation quotidien documentant les soins intensifs et le lent r\u00e9tablissement d\u2019un patient en r\u00e9animation.","og:url":"https:\/\/diario.m-achermann.com\/fr\/le-journal-dhospitalisation\/vendredi-26-fevrier-2021-a-13h40\/","og:image":"https:\/\/secure.gravatar.com\/avatar\/53bb9dac79236bd713fbe107c9f2410ca8a6094577846073d4bea7d0bab1e51f?s=300&#038;d=mm&#038;r=g","og:image:secure_url":"https:\/\/secure.gravatar.com\/avatar\/53bb9dac79236bd713fbe107c9f2410ca8a6094577846073d4bea7d0bab1e51f?s=300&#038;d=mm&#038;r=g","article:published_time":"2023-10-24T14:02:22+00:00","article:modified_time":"2026-04-02T08:35:14+00:00","article:publisher":"https:\/\/www.facebook.com\/profile.php?id=61556963490212","twitter:card":"summary_large_image","twitter:site":"@Mapi1967","twitter:title":"Vendredi 26 f\u00e9vrier 2021 \u00e0 13h40","twitter:description":"Lisez un exemple touchant de journal d\u2019hospitalisation quotidien documentant les soins intensifs et le lent r\u00e9tablissement d\u2019un patient en r\u00e9animation.","twitter:creator":"@Mapi1967","twitter:image":"https:\/\/diario.m-achermann.com\/wp-content\/uploads\/2024\/02\/Mirko.png"},"aioseo_meta_data":{"post_id":"9424","title":"Une journ\u00e9e dans le journal d\u2019hospitalisation : situation de M. Achermann \u00e0 l\u2019h\u00f4pital","description":"Lisez un exemple touchant de journal d\u2019hospitalisation quotidien documentant les soins intensifs et le lent r\u00e9tablissement d\u2019un patient en r\u00e9animation.","keywords":null,"keyphrases":{"focus":{"keyphrase":"Diario","score":70,"analysis":{"keyphraseInTitle":{"score":9,"maxScore":9,"error":0},"keyphraseInDescription":{"score":9,"maxScore":9,"error":0},"keyphraseLength":{"score":9,"maxScore":9,"error":0,"length":1},"keyphraseInURL":{"score":5,"maxScore":5,"error":0},"keyphraseInIntroduction":{"score":3,"maxScore":9,"error":1},"keyphraseInSubHeadings":[],"keyphraseInImageAlt":[],"keywordDensity":{"score":0,"type":"low","maxScore":9,"error":1}}},"additional":[{"keyphrase":"ECMO","score":42,"analysis":{"keyphraseInDescription":{"score":3,"maxScore":9,"error":1},"keyphraseLength":{"score":9,"maxScore":9,"error":0,"length":1},"keyphraseInIntroduction":{"score":3,"maxScore":9,"error":1},"keyphraseInImageAlt":[],"keywordDensity":{"score":0,"type":"low","maxScore":9,"error":1}}},{"keyphrase":"Degenza","score":58,"analysis":{"keyphraseInDescription":{"score":9,"maxScore":9,"error":0},"keyphraseLength":{"score":9,"maxScore":9,"error":0,"length":1},"keyphraseInIntroduction":{"score":3,"maxScore":9,"error":1},"keyphraseInImageAlt":[],"keywordDensity":{"score":0,"type":"low","maxScore":9,"error":1}}},{"keyphrase":"Cardiocentro","score":42,"analysis":{"keyphraseInDescription":{"score":3,"maxScore":9,"error":1},"keyphraseLength":{"score":9,"maxScore":9,"error":0,"length":1},"keyphraseInIntroduction":{"score":3,"maxScore":9,"error":1},"keyphraseInImageAlt":[],"keywordDensity":{"score":0,"type":"low","maxScore":9,"error":1}}},{"keyphrase":"sedativo","score":67,"analysis":{"keyphraseInDescription":{"score":3,"maxScore":9,"error":1},"keyphraseLength":{"score":9,"maxScore":9,"error":0,"length":1},"keyphraseInIntroduction":{"score":3,"maxScore":9,"error":1},"keyphraseInImageAlt":[],"keywordDensity":{"type":"best","score":9,"maxScore":9,"error":0}}},{"keyphrase":"posizione","score":67,"analysis":{"keyphraseInDescription":{"score":3,"maxScore":9,"error":1},"keyphraseLength":{"score":9,"maxScore":9,"error":0,"length":1},"keyphraseInIntroduction":{"score":3,"maxScore":9,"error":1},"keyphraseInImageAlt":[],"keywordDensity":{"type":"best","score":9,"maxScore":9,"error":0}}},{"keyphrase":"pronato","score":42,"analysis":{"keyphraseInDescription":{"score":3,"maxScore":9,"error":1},"keyphraseLength":{"score":9,"maxScore":9,"error":0,"length":1},"keyphraseInIntroduction":{"score":3,"maxScore":9,"error":1},"keyphraseInImageAlt":[],"keywordDensity":{"score":0,"type":"low","maxScore":9,"error":1}}}]},"primary_term":null,"canonical_url":null,"og_title":"#post_title","og_description":null,"og_object_type":"default","og_image_type":"author","og_image_url":null,"og_image_width":null,"og_image_height":null,"og_image_custom_url":null,"og_image_custom_fields":null,"og_video":"","og_custom_url":null,"og_article_section":null,"og_article_tags":null,"twitter_use_og":false,"twitter_card":"default","twitter_image_type":"default","twitter_image_url":null,"twitter_image_custom_url":null,"twitter_image_custom_fields":null,"twitter_title":null,"twitter_description":null,"schema":{"blockGraphs":[],"customGraphs":[],"default":{"data":{"Article":[],"Course":[],"Dataset":[],"FAQPage":[],"Movie":[],"Person":[],"Product":[],"ProductReview":[],"Car":[],"Recipe":[],"Service":[],"SoftwareApplication":[],"WebPage":[]},"graphName":"WebPage","isEnabled":true},"graphs":[]},"schema_type":"default","schema_type_options":null,"pillar_content":false,"robots_default":true,"robots_noindex":false,"robots_noarchive":false,"robots_nosnippet":false,"robots_nofollow":false,"robots_noimageindex":false,"robots_noodp":false,"robots_notranslate":false,"robots_max_snippet":"-1","robots_max_videopreview":"-1","robots_max_imagepreview":"large","priority":null,"frequency":"default","local_seo":null,"seo_analyzer_scan_date":"2026-04-02 09:10:22","breadcrumb_settings":null,"limit_modified_date":0,"reviewed_by":"0","open_ai":"{\"title\":{\"suggestions\":[],\"usage\":0},\"description\":{\"suggestions\":[],\"usage\":0}}","ai":{"faqs":[],"keyPoints":[],"titles":["Diario di una Ripresa: Aggiornamento sulla Salute di Sig. Achermann","L'evoluzione nel Diario: Storia di un Ricovero in Intensiva","Un Giorno nel Diario: Situatione di Sig. Achermann in Ospedale","Monitoraggio Diario: La Ricostruzione e la Cura del Sig. Achermann","Pensieri e Progresso nel Diario: Storia di un Ricovero in Ospedale"],"descriptions":["Scopri come un diario quotidiano pu\u00f2 aiutarti a monitorare e riflettere sul percorso di guarigione di una persona cara in terapia intensiva.","Leggi un esempio toccante di diario quotidiano che documenta le cure intense e il lento recupero di un paziente in rianimazione.","Un diario dettagliato offre uno sguardo intimo sulle cure e l\u2019attesa di un'aspettativa di miglioramento in un contesto di terapia intensiva.","Approfondisci l\u2019importanza di tenere un diario nel monitorare le fasi di recupero di un paziente in condizioni critiche.","Il diario di oggi rivela la delicatezza delle cure intensive e la speranza di un miglioramento, step dopo step."],"socialPosts":{"email":[],"linkedin":[],"twitter":[],"facebook":[],"instagram":[]}},"created":"2026-04-01 14:42:27","updated":"2026-04-02 09:30:45"},"aioseo_breadcrumb":"<div class=\"aioseo-breadcrumbs\"><span class=\"aioseo-breadcrumb\">\n\t<a href=\"https:\/\/diario.m-achermann.com\/fr\/\" title=\"Home\">Home<\/a>\n<\/span><span class=\"aioseo-breadcrumb-separator\">\u00bb<\/span><span class=\"aioseo-breadcrumb\">\n\t<a href=\"https:\/\/diario.m-achermann.com\/fr\/le-journal-dhospitalisation\/\" title=\"Le journal d\u2019hospitalisation\">Le journal d\u2019hospitalisation<\/a>\n<\/span><span class=\"aioseo-breadcrumb-separator\">\u00bb<\/span><span class=\"aioseo-breadcrumb\">\n\tVendredi 26 f\u00e9vrier 2021 \u00e0 13h40\n<\/span><\/div>","aioseo_breadcrumb_json":[{"label":"Home","link":"https:\/\/diario.m-achermann.com\/fr\/"},{"label":"Le journal d\u2019hospitalisation","link":"https:\/\/diario.m-achermann.com\/fr\/le-journal-dhospitalisation\/"},{"label":"Vendredi 26 f\u00e9vrier 2021 \u00e0 13h40","link":"https:\/\/diario.m-achermann.com\/fr\/le-journal-dhospitalisation\/vendredi-26-fevrier-2021-a-13h40\/"}],"_links":{"self":[{"href":"https:\/\/diario.m-achermann.com\/fr\/wp-json\/wp\/v2\/pages\/9424","targetHints":{"allow":["GET"]}}],"collection":[{"href":"https:\/\/diario.m-achermann.com\/fr\/wp-json\/wp\/v2\/pages"}],"about":[{"href":"https:\/\/diario.m-achermann.com\/fr\/wp-json\/wp\/v2\/types\/page"}],"author":[{"embeddable":true,"href":"https:\/\/diario.m-achermann.com\/fr\/wp-json\/wp\/v2\/users\/1"}],"replies":[{"embeddable":true,"href":"https:\/\/diario.m-achermann.com\/fr\/wp-json\/wp\/v2\/comments?post=9424"}],"version-history":[{"count":1,"href":"https:\/\/diario.m-achermann.com\/fr\/wp-json\/wp\/v2\/pages\/9424\/revisions"}],"predecessor-version":[{"id":9437,"href":"https:\/\/diario.m-achermann.com\/fr\/wp-json\/wp\/v2\/pages\/9424\/revisions\/9437"}],"up":[{"embeddable":true,"href":"https:\/\/diario.m-achermann.com\/fr\/wp-json\/wp\/v2\/pages\/10023"}],"wp:attachment":[{"href":"https:\/\/diario.m-achermann.com\/fr\/wp-json\/wp\/v2\/media?parent=9424"}],"wp:term":[{"taxonomy":"category","embeddable":true,"href":"https:\/\/diario.m-achermann.com\/fr\/wp-json\/wp\/v2\/categories?post=9424"},{"taxonomy":"post_tag","embeddable":true,"href":"https:\/\/diario.m-achermann.com\/fr\/wp-json\/wp\/v2\/tags?post=9424"}],"curies":[{"name":"wp","href":"https:\/\/api.w.org\/{rel}","templated":true}]}}