{"id":9482,"date":"2023-10-24T16:34:40","date_gmt":"2023-10-24T14:34:40","guid":{"rendered":"https:\/\/diario.m-achermann.com\/mercredi-17-mars-2021-a-14h00\/"},"modified":"2026-04-02T10:41:37","modified_gmt":"2026-04-02T08:41:37","slug":"mercredi-17-mars-2021-a-14h00","status":"publish","type":"page","link":"https:\/\/diario.m-achermann.com\/fr\/le-journal-dhospitalisation\/mercredi-17-mars-2021-a-14h00\/","title":{"rendered":"Mercredi 17 mars 2021 \u00e0 14h00"},"content":{"rendered":"\n<p>Bonjour Mirko, je suis Giacomo, le kin\u00e9sith\u00e9rapeute qui a travaill\u00e9 avec vous aujourd\u2019hui.<\/p>\n\n<p>C\u2019\u00e9tait la premi\u00e8re fois que je travaillais avec vous depuis votre r\u00e9veil, mais j\u2019ai eu l\u2019occasion de vous conna\u00eetre \u00e0 travers les r\u00e9cits de mes coll\u00e8gues qui vous ont suivi ces derniers jours.<\/p>\n\n<p>Aujourd\u2019hui, avec Paul (votre infirmier), nous vous avons aid\u00e9 \u00e0 vous installer dans le fauteuil ; vous avez \u00e9galement r\u00e9ussi \u00e0 rester assis quelques secondes au bord du lit sans appui.<br\/>Puis, au cours de la journ\u00e9e, vous avez aussi fait du v\u00e9lo d\u2019appartement et des exercices pour renforcer vos jambes et vos bras.<\/p>\n\n<p>Vous \u00eates encore tr\u00e8s faible, il vous faudra certainement encore de nombreux jours pour bien vous r\u00e9tablir, mais vous me semblez \u00eatre une personne tr\u00e8s volontaire, je suis donc certain que vous y arriverez.<\/p>\n\n<p>Pour respirer, vous utilisez encore la trach\u00e9otomie, mais nous travaillons pour vous rendre spontan\u00e9 et autonome \u00e9galement dans votre respiration.<\/p>\n\n<p>Aujourd\u2019hui encore, vous avez utilis\u00e9 la valve de phonation et nous avons pu discuter un peu.<\/p>\n\n<p>Nous nous reverrons ces prochains jours, en attendant, je vous souhaite bonne chance !<br\/>Giacomo (le kin\u00e9sith\u00e9rapeute)<\/p>\n","protected":false},"excerpt":{"rendered":"<p>Bonjour Mirko, je suis Giacomo, le kin\u00e9sith\u00e9rapeute qui a travaill\u00e9 avec vous aujourd\u2019hui. C\u2019\u00e9tait la premi\u00e8re fois que je travaillais avec vous depuis votre r\u00e9veil, mais j\u2019ai eu l\u2019occasion de vous conna\u00eetre \u00e0 travers les r\u00e9cits de mes coll\u00e8gues qui vous ont suivi ces derniers jours. Aujourd\u2019hui, avec Paul (votre infirmier), nous vous avons aid\u00e9&hellip;&nbsp;<a href=\"https:\/\/diario.m-achermann.com\/fr\/le-journal-dhospitalisation\/mercredi-17-mars-2021-a-14h00\/\" rel=\"bookmark\">Read More &raquo;<span class=\"screen-reader-text\">Mercredi 17 mars 2021 \u00e0 14h00<\/span><\/a><\/p>\n","protected":false},"author":1,"featured_media":0,"parent":10023,"menu_order":210,"comment_status":"open","ping_status":"closed","template":"","meta":{"_editorskit_title_hidden":false,"_editorskit_reading_time":0,"_editorskit_is_block_options_detached":false,"_editorskit_block_options_position":"{}","om_disable_all_campaigns":false,"_lmt_disableupdate":"","_lmt_disable":"","_monsterinsights_skip_tracking":false,"_monsterinsights_sitenote_active":false,"_monsterinsights_sitenote_note":"","_monsterinsights_sitenote_category":0,"neve_meta_sidebar":"","neve_meta_container":"","neve_meta_enable_content_width":"","neve_meta_content_width":0,"neve_meta_title_alignment":"","neve_meta_author_avatar":"","neve_post_elements_order":"","neve_meta_disable_header":"","neve_meta_disable_footer":"","neve_meta_disable_title":"","neve_meta_reading_time":"","_themeisle_gutenberg_block_has_review":false,"footnotes":""},"categories":[],"tags":[],"class_list":["post-9482","page","type-page","status-publish","hentry"],"aioseo_notices":[],"aioseo_head":"\n\t\t<!-- All in One SEO Pro 4.9.7.1 - aioseo.com -->\n\t<meta name=\"description\" content=\"D\u00e9couvrez l\u2019importance du journal dans le parcours de r\u00e9cup\u00e9ration. Un r\u00e9cit empathique de Giacomo, kin\u00e9sith\u00e9rapeute, qui nous guide \u00e0 travers le parcours de r\u00e9tablissement de Mirko.\" \/>\n\t<meta name=\"robots\" content=\"max-snippet:-1, max-image-preview:large, max-video-preview:-1\" \/>\n\t<meta name=\"google-site-verification\" content=\"2kcNb_eND2p_5dJ-aEUjUzdL5U1pyWvu9G-2F4Qyiwk\" \/>\n\t<meta name=\"msvalidate.01\" content=\"8A32EFC1288A3ACC21FB6846BFC9E656\" \/>\n\t<link rel=\"canonical\" href=\"https:\/\/diario.m-achermann.com\/fr\/le-journal-dhospitalisation\/mercredi-17-mars-2021-a-14h00\/\" \/>\n\t<meta name=\"generator\" content=\"All in One SEO Pro (AIOSEO) 4.9.7.1\" \/>\n\t\t<meta property=\"og:locale\" content=\"fr_FR\" \/>\n\t\t<meta property=\"og:site_name\" content=\"ECMO - Journal d&#039;une vie boulevers\u00e9e - Mon aventure, ou plut\u00f4t ma m\u00e9saventure ? De la chance ou de la malchance ?\" \/>\n\t\t<meta property=\"og:type\" content=\"article\" \/>\n\t\t<meta property=\"og:title\" content=\"R\u00e9tablissement et espoir : une journ\u00e9e dans le journal d\u2019un kin\u00e9sith\u00e9rapeute\" \/>\n\t\t<meta property=\"og:description\" content=\"D\u00e9couvrez l\u2019importance du journal dans le parcours de r\u00e9cup\u00e9ration. Un r\u00e9cit empathique de Giacomo, kin\u00e9sith\u00e9rapeute, qui nous guide \u00e0 travers le parcours de r\u00e9tablissement de Mirko.\" \/>\n\t\t<meta property=\"og:url\" content=\"https:\/\/diario.m-achermann.com\/fr\/le-journal-dhospitalisation\/mercredi-17-mars-2021-a-14h00\/\" \/>\n\t\t<meta property=\"og:image\" content=\"https:\/\/diario.m-achermann.com\/wp-content\/uploads\/2024\/02\/Mirko.png\" \/>\n\t\t<meta property=\"og:image:secure_url\" content=\"https:\/\/diario.m-achermann.com\/wp-content\/uploads\/2024\/02\/Mirko.png\" \/>\n\t\t<meta property=\"og:image:width\" content=\"200\" \/>\n\t\t<meta property=\"og:image:height\" content=\"200\" \/>\n\t\t<meta property=\"article:published_time\" content=\"2023-10-24T14:34:40+00:00\" \/>\n\t\t<meta property=\"article:modified_time\" content=\"2026-04-02T08:41:37+00:00\" \/>\n\t\t<meta property=\"article:publisher\" content=\"https:\/\/www.facebook.com\/profile.php?id=61556963490212\" \/>\n\t\t<meta name=\"twitter:card\" content=\"summary_large_image\" \/>\n\t\t<meta name=\"twitter:site\" content=\"@Mapi1967\" \/>\n\t\t<meta name=\"twitter:title\" content=\"R\u00e9tablissement et espoir : une journ\u00e9e dans le journal d\u2019un kin\u00e9sith\u00e9rapeute\" \/>\n\t\t<meta name=\"twitter:description\" content=\"D\u00e9couvrez l\u2019importance du journal dans le parcours de r\u00e9cup\u00e9ration. Un r\u00e9cit empathique de Giacomo, kin\u00e9sith\u00e9rapeute, qui nous guide \u00e0 travers le parcours de r\u00e9tablissement de Mirko.\" \/>\n\t\t<meta name=\"twitter:creator\" content=\"@Mapi1967\" \/>\n\t\t<meta name=\"twitter:image\" content=\"https:\/\/diario.m-achermann.com\/wp-content\/uploads\/2024\/02\/Mirko.png\" \/>\n\t\t<script type=\"application\/ld+json\" class=\"aioseo-schema\">\n\t\t\t{\"@context\":\"https:\\\/\\\/schema.org\",\"@graph\":[{\"@type\":\"BreadcrumbList\",\"@id\":\"https:\\\/\\\/diario.m-achermann.com\\\/fr\\\/le-journal-dhospitalisation\\\/mercredi-17-mars-2021-a-14h00\\\/#breadcrumblist\",\"itemListElement\":[{\"@type\":\"ListItem\",\"@id\":\"https:\\\/\\\/diario.m-achermann.com\\\/fr\\\/#listItem\",\"position\":1,\"name\":\"Home\",\"item\":\"https:\\\/\\\/diario.m-achermann.com\\\/fr\\\/\",\"nextItem\":{\"@type\":\"ListItem\",\"@id\":\"https:\\\/\\\/diario.m-achermann.com\\\/fr\\\/le-journal-dhospitalisation\\\/#listItem\",\"name\":\"Le journal d\\u2019hospitalisation\"}},{\"@type\":\"ListItem\",\"@id\":\"https:\\\/\\\/diario.m-achermann.com\\\/fr\\\/le-journal-dhospitalisation\\\/#listItem\",\"position\":2,\"name\":\"Le journal d\\u2019hospitalisation\",\"item\":\"https:\\\/\\\/diario.m-achermann.com\\\/fr\\\/le-journal-dhospitalisation\\\/\",\"nextItem\":{\"@type\":\"ListItem\",\"@id\":\"https:\\\/\\\/diario.m-achermann.com\\\/fr\\\/le-journal-dhospitalisation\\\/mercredi-17-mars-2021-a-14h00\\\/#listItem\",\"name\":\"Mercredi 17 mars 2021 \\u00e0 14h00\"},\"previousItem\":{\"@type\":\"ListItem\",\"@id\":\"https:\\\/\\\/diario.m-achermann.com\\\/fr\\\/#listItem\",\"name\":\"Home\"}},{\"@type\":\"ListItem\",\"@id\":\"https:\\\/\\\/diario.m-achermann.com\\\/fr\\\/le-journal-dhospitalisation\\\/mercredi-17-mars-2021-a-14h00\\\/#listItem\",\"position\":3,\"name\":\"Mercredi 17 mars 2021 \\u00e0 14h00\",\"previousItem\":{\"@type\":\"ListItem\",\"@id\":\"https:\\\/\\\/diario.m-achermann.com\\\/fr\\\/le-journal-dhospitalisation\\\/#listItem\",\"name\":\"Le journal d\\u2019hospitalisation\"}}]},{\"@type\":\"Person\",\"@id\":\"https:\\\/\\\/diario.m-achermann.com\\\/fr\\\/#person\",\"name\":\"Mirko Achermann\",\"image\":{\"@type\":\"ImageObject\",\"@id\":\"https:\\\/\\\/diario.m-achermann.com\\\/fr\\\/le-journal-dhospitalisation\\\/mercredi-17-mars-2021-a-14h00\\\/#personImage\",\"url\":\"https:\\\/\\\/secure.gravatar.com\\\/avatar\\\/53bb9dac79236bd713fbe107c9f2410ca8a6094577846073d4bea7d0bab1e51f?s=96&d=mm&r=g\",\"width\":96,\"height\":96,\"caption\":\"Mirko Achermann\"}},{\"@type\":\"WebPage\",\"@id\":\"https:\\\/\\\/diario.m-achermann.com\\\/fr\\\/le-journal-dhospitalisation\\\/mercredi-17-mars-2021-a-14h00\\\/#webpage\",\"url\":\"https:\\\/\\\/diario.m-achermann.com\\\/fr\\\/le-journal-dhospitalisation\\\/mercredi-17-mars-2021-a-14h00\\\/\",\"name\":\"R\\u00e9tablissement et espoir : une journ\\u00e9e dans le journal d\\u2019un kin\\u00e9sith\\u00e9rapeute\",\"description\":\"D\\u00e9couvrez l\\u2019importance du journal dans le parcours de r\\u00e9cup\\u00e9ration. Un r\\u00e9cit empathique de Giacomo, kin\\u00e9sith\\u00e9rapeute, qui nous guide \\u00e0 travers le parcours de r\\u00e9tablissement de Mirko.\",\"inLanguage\":\"fr-FR\",\"isPartOf\":{\"@id\":\"https:\\\/\\\/diario.m-achermann.com\\\/fr\\\/#website\"},\"breadcrumb\":{\"@id\":\"https:\\\/\\\/diario.m-achermann.com\\\/fr\\\/le-journal-dhospitalisation\\\/mercredi-17-mars-2021-a-14h00\\\/#breadcrumblist\"},\"datePublished\":\"2023-10-24T16:34:40+02:00\",\"dateModified\":\"2026-04-02T10:41:37+02:00\"},{\"@type\":\"WebSite\",\"@id\":\"https:\\\/\\\/diario.m-achermann.com\\\/fr\\\/#website\",\"url\":\"https:\\\/\\\/diario.m-achermann.com\\\/fr\\\/\",\"name\":\"ECMO \\u2013 Diario di una vita stravolta\",\"alternateName\":\"ECMO\",\"description\":\"Mon aventure, ou plut\\u00f4t ma m\\u00e9saventure ? De la chance ou de la malchance ?\",\"inLanguage\":\"fr-FR\",\"publisher\":{\"@id\":\"https:\\\/\\\/diario.m-achermann.com\\\/fr\\\/#person\"}}]}\n\t\t<\/script>\n\t\t<!-- All in One SEO Pro -->\r\n\t\t<title>R\u00e9tablissement et espoir : une journ\u00e9e dans le journal d\u2019un kin\u00e9sith\u00e9rapeute<\/title>\n\n","aioseo_head_json":{"title":"R\u00e9tablissement et espoir : une journ\u00e9e dans le journal d\u2019un kin\u00e9sith\u00e9rapeute","description":"D\u00e9couvrez l\u2019importance du journal dans le parcours de r\u00e9cup\u00e9ration. Un r\u00e9cit empathique de Giacomo, kin\u00e9sith\u00e9rapeute, qui nous guide \u00e0 travers le parcours de r\u00e9tablissement de Mirko.","canonical_url":"https:\/\/diario.m-achermann.com\/fr\/le-journal-dhospitalisation\/mercredi-17-mars-2021-a-14h00\/","robots":"max-snippet:-1, max-image-preview:large, max-video-preview:-1","keywords":"","webmasterTools":{"google-site-verification":"2kcNb_eND2p_5dJ-aEUjUzdL5U1pyWvu9G-2F4Qyiwk","msvalidate.01":"8A32EFC1288A3ACC21FB6846BFC9E656","miscellaneous":""},"schema":{"@context":"https:\/\/schema.org","@graph":[{"@type":"BreadcrumbList","@id":"https:\/\/diario.m-achermann.com\/fr\/le-journal-dhospitalisation\/mercredi-17-mars-2021-a-14h00\/#breadcrumblist","itemListElement":[{"@type":"ListItem","@id":"https:\/\/diario.m-achermann.com\/fr\/#listItem","position":1,"name":"Home","item":"https:\/\/diario.m-achermann.com\/fr\/","nextItem":{"@type":"ListItem","@id":"https:\/\/diario.m-achermann.com\/fr\/le-journal-dhospitalisation\/#listItem","name":"Le journal d\u2019hospitalisation"}},{"@type":"ListItem","@id":"https:\/\/diario.m-achermann.com\/fr\/le-journal-dhospitalisation\/#listItem","position":2,"name":"Le journal d\u2019hospitalisation","item":"https:\/\/diario.m-achermann.com\/fr\/le-journal-dhospitalisation\/","nextItem":{"@type":"ListItem","@id":"https:\/\/diario.m-achermann.com\/fr\/le-journal-dhospitalisation\/mercredi-17-mars-2021-a-14h00\/#listItem","name":"Mercredi 17 mars 2021 \u00e0 14h00"},"previousItem":{"@type":"ListItem","@id":"https:\/\/diario.m-achermann.com\/fr\/#listItem","name":"Home"}},{"@type":"ListItem","@id":"https:\/\/diario.m-achermann.com\/fr\/le-journal-dhospitalisation\/mercredi-17-mars-2021-a-14h00\/#listItem","position":3,"name":"Mercredi 17 mars 2021 \u00e0 14h00","previousItem":{"@type":"ListItem","@id":"https:\/\/diario.m-achermann.com\/fr\/le-journal-dhospitalisation\/#listItem","name":"Le journal d\u2019hospitalisation"}}]},{"@type":"Person","@id":"https:\/\/diario.m-achermann.com\/fr\/#person","name":"Mirko Achermann","image":{"@type":"ImageObject","@id":"https:\/\/diario.m-achermann.com\/fr\/le-journal-dhospitalisation\/mercredi-17-mars-2021-a-14h00\/#personImage","url":"https:\/\/secure.gravatar.com\/avatar\/53bb9dac79236bd713fbe107c9f2410ca8a6094577846073d4bea7d0bab1e51f?s=96&d=mm&r=g","width":96,"height":96,"caption":"Mirko Achermann"}},{"@type":"WebPage","@id":"https:\/\/diario.m-achermann.com\/fr\/le-journal-dhospitalisation\/mercredi-17-mars-2021-a-14h00\/#webpage","url":"https:\/\/diario.m-achermann.com\/fr\/le-journal-dhospitalisation\/mercredi-17-mars-2021-a-14h00\/","name":"R\u00e9tablissement et espoir : une journ\u00e9e dans le journal d\u2019un kin\u00e9sith\u00e9rapeute","description":"D\u00e9couvrez l\u2019importance du journal dans le parcours de r\u00e9cup\u00e9ration. Un r\u00e9cit empathique de Giacomo, kin\u00e9sith\u00e9rapeute, qui nous guide \u00e0 travers le parcours de r\u00e9tablissement de Mirko.","inLanguage":"fr-FR","isPartOf":{"@id":"https:\/\/diario.m-achermann.com\/fr\/#website"},"breadcrumb":{"@id":"https:\/\/diario.m-achermann.com\/fr\/le-journal-dhospitalisation\/mercredi-17-mars-2021-a-14h00\/#breadcrumblist"},"datePublished":"2023-10-24T16:34:40+02:00","dateModified":"2026-04-02T10:41:37+02:00"},{"@type":"WebSite","@id":"https:\/\/diario.m-achermann.com\/fr\/#website","url":"https:\/\/diario.m-achermann.com\/fr\/","name":"ECMO \u2013 Diario di una vita stravolta","alternateName":"ECMO","description":"Mon aventure, ou plut\u00f4t ma m\u00e9saventure ? De la chance ou de la malchance ?","inLanguage":"fr-FR","publisher":{"@id":"https:\/\/diario.m-achermann.com\/fr\/#person"}}]},"og:locale":"fr_FR","og:site_name":"ECMO - Journal d'une vie boulevers\u00e9e - Mon aventure, ou plut\u00f4t ma m\u00e9saventure ? De la chance ou de la malchance ?","og:type":"article","og:title":"R\u00e9tablissement et espoir : une journ\u00e9e dans le journal d\u2019un kin\u00e9sith\u00e9rapeute","og:description":"D\u00e9couvrez l\u2019importance du journal dans le parcours de r\u00e9cup\u00e9ration. Un r\u00e9cit empathique de Giacomo, kin\u00e9sith\u00e9rapeute, qui nous guide \u00e0 travers le parcours de r\u00e9tablissement de Mirko.","og:url":"https:\/\/diario.m-achermann.com\/fr\/le-journal-dhospitalisation\/mercredi-17-mars-2021-a-14h00\/","og:image":"https:\/\/diario.m-achermann.com\/wp-content\/uploads\/2024\/02\/Mirko.png","og:image:secure_url":"https:\/\/diario.m-achermann.com\/wp-content\/uploads\/2024\/02\/Mirko.png","og:image:width":200,"og:image:height":200,"article:published_time":"2023-10-24T14:34:40+00:00","article:modified_time":"2026-04-02T08:41:37+00:00","article:publisher":"https:\/\/www.facebook.com\/profile.php?id=61556963490212","twitter:card":"summary_large_image","twitter:site":"@Mapi1967","twitter:title":"R\u00e9tablissement et espoir : une journ\u00e9e dans le journal d\u2019un kin\u00e9sith\u00e9rapeute","twitter:description":"D\u00e9couvrez l\u2019importance du journal dans le parcours de r\u00e9cup\u00e9ration. Un r\u00e9cit empathique de Giacomo, kin\u00e9sith\u00e9rapeute, qui nous guide \u00e0 travers le parcours de r\u00e9tablissement de Mirko.","twitter:creator":"@Mapi1967","twitter:image":"https:\/\/diario.m-achermann.com\/wp-content\/uploads\/2024\/02\/Mirko.png"},"aioseo_meta_data":{"post_id":"9482","title":"R\u00e9tablissement et espoir : une journ\u00e9e dans le journal d\u2019un kin\u00e9sith\u00e9rapeute","description":"D\u00e9couvrez l\u2019importance du journal dans le parcours de r\u00e9cup\u00e9ration. Un r\u00e9cit empathique de Giacomo, kin\u00e9sith\u00e9rapeute, qui nous guide \u00e0 travers le parcours de r\u00e9tablissement de Mirko. ","keywords":null,"keyphrases":{"focus":{"keyphrase":"Diario","score":70,"analysis":{"keyphraseInTitle":{"score":9,"maxScore":9,"error":0},"keyphraseInDescription":{"score":9,"maxScore":9,"error":0},"keyphraseLength":{"score":9,"maxScore":9,"error":0,"length":1},"keyphraseInURL":{"score":5,"maxScore":5,"error":0},"keyphraseInIntroduction":{"score":3,"maxScore":9,"error":1},"keyphraseInSubHeadings":[],"keyphraseInImageAlt":[],"keywordDensity":{"score":0,"type":"low","maxScore":9,"error":1}}},"additional":[{"keyphrase":"ECMO","score":42,"analysis":{"keyphraseInDescription":{"score":3,"maxScore":9,"error":1},"keyphraseLength":{"score":9,"maxScore":9,"error":0,"length":1},"keyphraseInIntroduction":{"score":3,"maxScore":9,"error":1},"keyphraseInImageAlt":[],"keywordDensity":{"score":0,"type":"low","maxScore":9,"error":1}}},{"keyphrase":"Cardiocentro","score":42,"analysis":{"keyphraseInDescription":{"score":3,"maxScore":9,"error":1},"keyphraseLength":{"score":9,"maxScore":9,"error":0,"length":1},"keyphraseInIntroduction":{"score":3,"maxScore":9,"error":1},"keyphraseInImageAlt":[],"keywordDensity":{"score":0,"type":"low","maxScore":9,"error":1}}},{"keyphrase":"Degenza","score":42,"analysis":{"keyphraseInDescription":{"score":3,"maxScore":9,"error":1},"keyphraseLength":{"score":9,"maxScore":9,"error":0,"length":1},"keyphraseInIntroduction":{"score":3,"maxScore":9,"error":1},"keyphraseInImageAlt":[],"keywordDensity":{"score":0,"type":"low","maxScore":9,"error":1}}},{"keyphrase":"Paul","score":67,"analysis":{"keyphraseInDescription":{"score":3,"maxScore":9,"error":1},"keyphraseLength":{"score":9,"maxScore":9,"error":0,"length":1},"keyphraseInIntroduction":{"score":3,"maxScore":9,"error":1},"keyphraseInImageAlt":[],"keywordDensity":{"type":"best","score":9,"maxScore":9,"error":0}}},{"keyphrase":"poltrona","score":67,"analysis":{"keyphraseInDescription":{"score":3,"maxScore":9,"error":1},"keyphraseLength":{"score":9,"maxScore":9,"error":0,"length":1},"keyphraseInIntroduction":{"score":3,"maxScore":9,"error":1},"keyphraseInImageAlt":[],"keywordDensity":{"type":"best","score":9,"maxScore":9,"error":0}}},{"keyphrase":"debole","score":67,"analysis":{"keyphraseInDescription":{"score":3,"maxScore":9,"error":1},"keyphraseLength":{"score":9,"maxScore":9,"error":0,"length":1},"keyphraseInIntroduction":{"score":3,"maxScore":9,"error":1},"keyphraseInImageAlt":[],"keywordDensity":{"type":"best","score":9,"maxScore":9,"error":0}}},{"keyphrase":"cyclette","score":67,"analysis":{"keyphraseInDescription":{"score":3,"maxScore":9,"error":1},"keyphraseLength":{"score":9,"maxScore":9,"error":0,"length":1},"keyphraseInIntroduction":{"score":3,"maxScore":9,"error":1},"keyphraseInImageAlt":[],"keywordDensity":{"type":"best","score":9,"maxScore":9,"error":0}}},{"keyphrase":"tracheotomia","score":67,"analysis":{"keyphraseInDescription":{"score":3,"maxScore":9,"error":1},"keyphraseLength":{"score":9,"maxScore":9,"error":0,"length":1},"keyphraseInIntroduction":{"score":3,"maxScore":9,"error":1},"keyphraseInImageAlt":[],"keywordDensity":{"type":"best","score":9,"maxScore":9,"error":0}}},{"keyphrase":"respirare","score":67,"analysis":{"keyphraseInDescription":{"score":3,"maxScore":9,"error":1},"keyphraseLength":{"score":9,"maxScore":9,"error":0,"length":1},"keyphraseInIntroduction":{"score":3,"maxScore":9,"error":1},"keyphraseInImageAlt":[],"keywordDensity":{"type":"best","score":9,"maxScore":9,"error":0}}},{"keyphrase":"spontaneo","score":67,"analysis":{"keyphraseInDescription":{"score":3,"maxScore":9,"error":1},"keyphraseLength":{"score":9,"maxScore":9,"error":0,"length":1},"keyphraseInIntroduction":{"score":3,"maxScore":9,"error":1},"keyphraseInImageAlt":[],"keywordDensity":{"type":"best","score":9,"maxScore":9,"error":0}}},{"keyphrase":"valvola","score":67,"analysis":{"keyphraseInDescription":{"score":3,"maxScore":9,"error":1},"keyphraseLength":{"score":9,"maxScore":9,"error":0,"length":1},"keyphraseInIntroduction":{"score":3,"maxScore":9,"error":1},"keyphraseInImageAlt":[],"keywordDensity":{"type":"best","score":9,"maxScore":9,"error":0}}},{"keyphrase":"parlare","score":67,"analysis":{"keyphraseInDescription":{"score":3,"maxScore":9,"error":1},"keyphraseLength":{"score":9,"maxScore":9,"error":0,"length":1},"keyphraseInIntroduction":{"score":3,"maxScore":9,"error":1},"keyphraseInImageAlt":[],"keywordDensity":{"type":"best","score":9,"maxScore":9,"error":0}}},{"keyphrase":"valvola fonatoria","score":42,"analysis":{"keyphraseInDescription":{"score":3,"maxScore":9,"error":1},"keyphraseLength":{"score":9,"maxScore":9,"error":0,"length":2},"keyphraseInIntroduction":{"score":3,"maxScore":9,"error":1},"keyphraseInImageAlt":[],"keywordDensity":{"score":0,"type":"low","maxScore":9,"error":1}}}]},"primary_term":null,"canonical_url":null,"og_title":null,"og_description":null,"og_object_type":"default","og_image_type":"default","og_image_url":null,"og_image_width":null,"og_image_height":null,"og_image_custom_url":null,"og_image_custom_fields":null,"og_video":"","og_custom_url":null,"og_article_section":null,"og_article_tags":null,"twitter_use_og":false,"twitter_card":"default","twitter_image_type":"default","twitter_image_url":null,"twitter_image_custom_url":null,"twitter_image_custom_fields":null,"twitter_title":null,"twitter_description":null,"schema":{"blockGraphs":[],"customGraphs":[],"default":{"data":{"Article":[],"Course":[],"Dataset":[],"FAQPage":[],"Movie":[],"Person":[],"Product":[],"ProductReview":[],"Car":[],"Recipe":[],"Service":[],"SoftwareApplication":[],"WebPage":[]},"graphName":"WebPage","isEnabled":true},"graphs":[]},"schema_type":"default","schema_type_options":null,"pillar_content":false,"robots_default":true,"robots_noindex":false,"robots_noarchive":false,"robots_nosnippet":false,"robots_nofollow":false,"robots_noimageindex":false,"robots_noodp":false,"robots_notranslate":false,"robots_max_snippet":"-1","robots_max_videopreview":"-1","robots_max_imagepreview":"large","priority":null,"frequency":"default","local_seo":null,"seo_analyzer_scan_date":"2026-04-02 08:45:07","breadcrumb_settings":null,"limit_modified_date":0,"reviewed_by":"0","open_ai":"{\"title\":{\"suggestions\":[],\"usage\":0},\"description\":{\"suggestions\":[],\"usage\":0}}","ai":{"faqs":[],"keyPoints":[],"titles":["Il diario di Giacomo: il percorso di ripresa di Mirko tra sfide e speranze","Ripresa e speranza: un giorno nel diario di un fisioterapista","La storia di Mirko: progressi e sfide nel diario di fisioterapia","Diario di un fisioterapista: accompagnare Mirko verso la guarigione","Il percorso di Mirko: un diario di sforzi, speranze e progressi"],"descriptions":["Scopri l'importanza del diario nel percorso di recupero. Un racconto empatico di Giacomo, fisioterapista, che ci guida attraverso il percorso di ripresa di Mirko.","Il diario racconta il viaggio di Mirko verso il recupero. Un messaggio di speranza e di volont\u00e0, scritto con empatia dal fisioterapista Giacomo.","Leggi il diario di oggi di Giacomo, il fisioterapista di Mirko, e scopri come anche i piccoli progressi sono conquiste importanti nel percorso di guarigione.","Un diario di speranza: Giacomo, fisioterapista, condivide oggi i progressi di Mirko, mostrando che con volont\u00e0 e cura, la ripresa \u00e8 possibile.","Approfondisci il percorso di Mirko attraverso il diario scritto dal fisioterapista Giacomo. Un racconto che ispira con i suoi piccoli ma significativi passi avanti."],"socialPosts":{"email":[],"linkedin":[],"twitter":[],"facebook":[],"instagram":[]}},"created":"2026-04-01 14:45:07","updated":"2026-04-02 09:33:07"},"aioseo_breadcrumb":"<div class=\"aioseo-breadcrumbs\"><span class=\"aioseo-breadcrumb\">\n\t<a href=\"https:\/\/diario.m-achermann.com\/fr\/\" title=\"Home\">Home<\/a>\n<\/span><span class=\"aioseo-breadcrumb-separator\">\u00bb<\/span><span class=\"aioseo-breadcrumb\">\n\t<a href=\"https:\/\/diario.m-achermann.com\/fr\/le-journal-dhospitalisation\/\" title=\"Le journal d\u2019hospitalisation\">Le journal d\u2019hospitalisation<\/a>\n<\/span><span class=\"aioseo-breadcrumb-separator\">\u00bb<\/span><span class=\"aioseo-breadcrumb\">\n\tMercredi 17 mars 2021 \u00e0 14h00\n<\/span><\/div>","aioseo_breadcrumb_json":[{"label":"Home","link":"https:\/\/diario.m-achermann.com\/fr\/"},{"label":"Le journal d\u2019hospitalisation","link":"https:\/\/diario.m-achermann.com\/fr\/le-journal-dhospitalisation\/"},{"label":"Mercredi 17 mars 2021 \u00e0 14h00","link":"https:\/\/diario.m-achermann.com\/fr\/le-journal-dhospitalisation\/mercredi-17-mars-2021-a-14h00\/"}],"_links":{"self":[{"href":"https:\/\/diario.m-achermann.com\/fr\/wp-json\/wp\/v2\/pages\/9482","targetHints":{"allow":["GET"]}}],"collection":[{"href":"https:\/\/diario.m-achermann.com\/fr\/wp-json\/wp\/v2\/pages"}],"about":[{"href":"https:\/\/diario.m-achermann.com\/fr\/wp-json\/wp\/v2\/types\/page"}],"author":[{"embeddable":true,"href":"https:\/\/diario.m-achermann.com\/fr\/wp-json\/wp\/v2\/users\/1"}],"replies":[{"embeddable":true,"href":"https:\/\/diario.m-achermann.com\/fr\/wp-json\/wp\/v2\/comments?post=9482"}],"version-history":[{"count":1,"href":"https:\/\/diario.m-achermann.com\/fr\/wp-json\/wp\/v2\/pages\/9482\/revisions"}],"predecessor-version":[{"id":9483,"href":"https:\/\/diario.m-achermann.com\/fr\/wp-json\/wp\/v2\/pages\/9482\/revisions\/9483"}],"up":[{"embeddable":true,"href":"https:\/\/diario.m-achermann.com\/fr\/wp-json\/wp\/v2\/pages\/10023"}],"wp:attachment":[{"href":"https:\/\/diario.m-achermann.com\/fr\/wp-json\/wp\/v2\/media?parent=9482"}],"wp:term":[{"taxonomy":"category","embeddable":true,"href":"https:\/\/diario.m-achermann.com\/fr\/wp-json\/wp\/v2\/categories?post=9482"},{"taxonomy":"post_tag","embeddable":true,"href":"https:\/\/diario.m-achermann.com\/fr\/wp-json\/wp\/v2\/tags?post=9482"}],"curies":[{"name":"wp","href":"https:\/\/api.w.org\/{rel}","templated":true}]}}