{"id":9486,"date":"2023-10-24T19:51:18","date_gmt":"2023-10-24T17:51:18","guid":{"rendered":"https:\/\/diario.m-achermann.com\/qui-jetais-et-qui-je-suis\/"},"modified":"2026-04-01T16:46:32","modified_gmt":"2026-04-01T14:46:32","slug":"qui-jetais-et-qui-je-suis","status":"publish","type":"page","link":"https:\/\/diario.m-achermann.com\/fr\/qui-jetais-et-qui-je-suis\/","title":{"rendered":"Qui j\u2019\u00e9tais et qui je suis"},"content":{"rendered":"\n<ul class=\"wp-block-list\">\n<li style=\"font-size:16px\"><a href=\"https:\/\/diario.m-achermann.com\/chi-ero-e-chi-sono\/chi-ero\/\">Qui j\u2019\u00e9tais<\/a><\/li>\n\n\n\n<li style=\"font-size:16px\"><a href=\"https:\/\/diario.m-achermann.com\/chi-ero-e-chi-sono\/inizia-la-pandemia\/\">La pand\u00e9mie commence&#8230;<\/a><\/li>\n\n\n\n<li style=\"font-size:16px\"><a href=\"https:\/\/diario.m-achermann.com\/chi-ero-e-chi-sono\/la-diagnosi-lmc\/\">Le diagnostic\u2026 LMC<\/a><\/li>\n\n\n\n<li style=\"font-size:16px\"><a href=\"https:\/\/diario.m-achermann.com\/chi-ero-e-chi-sono\/leucemia-mieloide-cronica-lmc-cose\/\">La leuc\u00e9mie my\u00e9lo\u00efde chronique (LMC), qu\u2019est-ce que c\u2019est ?<\/a><\/li>\n\n\n\n<li style=\"font-size:16px\"><a href=\"https:\/\/diario.m-achermann.com\/chi-ero-e-chi-sono\/a-pranzo-con-la-bestia-oscura\/\">D\u00e9jeuner avec la b\u00eate noire<\/a><\/li>\n\n\n\n<li style=\"font-size:16px\"><a href=\"https:\/\/diario.m-achermann.com\/chi-ero-e-chi-sono\/linfezione\/\">L\u2019infection<\/a><\/li>\n\n\n\n<li style=\"font-size:16px\"><a href=\"https:\/\/diario.m-achermann.com\/chi-ero-e-chi-sono\/il-ricovero\/\" title=\"\">L\u2019hospitalisation<\/a><\/li>\n\n\n\n<li style=\"font-size:16px\"><a href=\"https:\/\/diario.m-achermann.com\/chi-ero-e-chi-sono\/chi-sono-ora\/\">Qui je suis maintenant&#8230;<\/a><\/li>\n\n\n\n<li style=\"font-size:16px\"><a href=\"https:\/\/diario.m-achermann.com\/chi-ero-e-chi-sono\/ecmo-la-mia-esperienza-i-miei-ricordi\/\">L\u2019ECMO, mon exp\u00e9rience, mes souvenirs<\/a><\/li>\n\n\n\n<li style=\"font-size:16px\"><a href=\"https:\/\/diario.m-achermann.com\/fr\/qui-jetais-et-qui-je-suis\/fragments-de-souvenirs-pendant-lhospitalisation-en-soins-intensifs\/\">Fragments de souvenirs durant l\u2019hospitalisation en soins intensifs<\/a><\/li>\n\n\n\n<li style=\"font-size:16px\"><a href=\"https:\/\/diario.m-achermann.com\/chi-ero-e-chi-sono\/dottor_paul\/\" title=\"\">Docteur Paul<\/a><\/li>\n\n\n\n<li style=\"font-size:16px\"><a href=\"https:\/\/diario.m-achermann.com\/chi-ero-e-chi-sono\/sogni-o-allucinazioni\/\" title=\"\">R\u00eaves ou hallucinations ?<\/a><\/li>\n\n\n\n<li style=\"font-size:16px\"><a href=\"https:\/\/diario.m-achermann.com\/fr\/qui-jetais-et-qui-je-suis\/la-reeducation-physique\/\">La r\u00e9\u00e9ducation physique<\/a><\/li>\n\n\n\n<li style=\"font-size:16px\"><a href=\"https:\/\/diario.m-achermann.com\/fr\/qui-jetais-et-qui-je-suis\/la-reeducation-psychologique\/\">La r\u00e9habilitation psychologique<\/a><\/li>\n\n\n\n<li style=\"font-size:16px\"><a href=\"https:\/\/diario.m-achermann.com\/fr\/qui-jetais-et-qui-je-suis\/le-retour-a-domicile\/\">Le retour \u00e0 domicile<\/a><\/li>\n\n\n\n<li style=\"font-size:16px\"><a href=\"https:\/\/diario.m-achermann.com\/fr\/qui-jetais-et-qui-je-suis\/le-retour-en-famille-sensations-et-peurs\/\">Le retour en famille, sensations et peurs<\/a><\/li>\n\n\n\n<li style=\"font-size:16px\"><a href=\"https:\/\/diario.m-achermann.com\/chi-ero-e-chi-sono\/la-famiglia-un-sostegno-sempre-presente\/\">La famille\u2026 un soutien toujours pr\u00e9sent<\/a><\/li>\n\n\n\n<li style=\"font-size:16px\"><a href=\"https:\/\/diario.m-achermann.com\/fr\/qui-jetais-et-qui-je-suis\/acceptation-du-handicap\/\">Acceptation du handicap<\/a><\/li>\n\n\n\n<li style=\"font-size:16px\"><a href=\"https:\/\/diario.m-achermann.com\/fr\/qui-jetais-et-qui-je-suis\/les-institutions-soutiens-et-bureaucratie\/\">Les institutions, soutiens et bureaucratie<\/a><\/li>\n\n\n\n<li style=\"font-size:16px\"><a href=\"https:\/\/diario.m-achermann.com\/chi-ero-e-chi-sono\/il-lavoro-perdita-di-un-pezzo-di-vita\/\">Le travail, la perte d\u2019un morceau de\u2026 vie !<\/a><\/li>\n\n\n\n<li style=\"font-size:16px\"><a href=\"https:\/\/diario.m-achermann.com\/chi-ero-e-chi-sono\/i-colleghi-e-gli-amici-cosa-resta-dopo-la-malattia\/\">Les coll\u00e8gues et les amis, ce qu\u2019il reste apr\u00e8s la maladie<\/a><\/li>\n\n\n\n<li style=\"font-size:16px\"><a href=\"https:\/\/diario.m-achermann.com\/chi-ero-e-chi-sono\/speranze-e-prospettive-per-il-futuro\/\">Espoirs et perspectives pour l\u2019avenir<\/a><\/li>\n<\/ul>\n","protected":false},"excerpt":{"rendered":"","protected":false},"author":1,"featured_media":0,"parent":0,"menu_order":0,"comment_status":"closed","ping_status":"closed","template":"","meta":{"_editorskit_title_hidden":false,"_editorskit_reading_time":0,"_editorskit_is_block_options_detached":false,"_editorskit_block_options_position":"{}","om_disable_all_campaigns":false,"_lmt_disableupdate":"","_lmt_disable":"","_monsterinsights_skip_tracking":false,"_monsterinsights_sitenote_active":false,"_monsterinsights_sitenote_note":"","_monsterinsights_sitenote_category":0,"neve_meta_sidebar":"","neve_meta_container":"","neve_meta_enable_content_width":"","neve_meta_content_width":0,"neve_meta_title_alignment":"","neve_meta_author_avatar":"","neve_post_elements_order":"","neve_meta_disable_header":"","neve_meta_disable_footer":"","neve_meta_disable_title":"","neve_meta_reading_time":"","_themeisle_gutenberg_block_has_review":false,"footnotes":""},"categories":[],"tags":[],"class_list":["post-9486","page","type-page","status-publish","hentry"],"aioseo_notices":[],"aioseo_head":"\n\t\t<!-- All in One SEO Pro 4.9.7.1 - aioseo.com -->\n\t<meta name=\"description\" content=\"D\u00e9couvrez l\u2019exp\u00e9rience personnelle avec l\u2019ECMO lors de la lutte contre la leuc\u00e9mie my\u00e9lo\u00efde chronique. Un parcours entre diagnostic, hospitalisation et espoir de renaissance.\" \/>\n\t<meta name=\"robots\" content=\"max-snippet:-1, max-image-preview:large, max-video-preview:-1\" \/>\n\t<meta name=\"google-site-verification\" content=\"2kcNb_eND2p_5dJ-aEUjUzdL5U1pyWvu9G-2F4Qyiwk\" \/>\n\t<meta name=\"msvalidate.01\" content=\"8A32EFC1288A3ACC21FB6846BFC9E656\" \/>\n\t<link rel=\"canonical\" href=\"https:\/\/diario.m-achermann.com\/fr\/qui-jetais-et-qui-je-suis\/\" \/>\n\t<meta name=\"generator\" content=\"All in One SEO Pro (AIOSEO) 4.9.7.1\" \/>\n\t\t<meta property=\"og:locale\" content=\"fr_FR\" \/>\n\t\t<meta property=\"og:site_name\" content=\"ECMO - Journal d&#039;une vie boulevers\u00e9e - Mon aventure, ou plut\u00f4t ma m\u00e9saventure ? De la chance ou de la malchance ?\" \/>\n\t\t<meta property=\"og:type\" content=\"article\" \/>\n\t\t<meta property=\"og:title\" content=\"Qui j\u2019\u00e9tais et qui je suis\" \/>\n\t\t<meta property=\"og:description\" content=\"D\u00e9couvrez l\u2019exp\u00e9rience personnelle avec l\u2019ECMO lors de la lutte contre la leuc\u00e9mie my\u00e9lo\u00efde chronique. Un parcours entre diagnostic, hospitalisation et espoir de renaissance.\" \/>\n\t\t<meta property=\"og:url\" content=\"https:\/\/diario.m-achermann.com\/fr\/qui-jetais-et-qui-je-suis\/\" \/>\n\t\t<meta property=\"og:image\" content=\"https:\/\/diario.m-achermann.com\/wp-content\/uploads\/2024\/02\/Mirko.png\" \/>\n\t\t<meta property=\"og:image:secure_url\" content=\"https:\/\/diario.m-achermann.com\/wp-content\/uploads\/2024\/02\/Mirko.png\" \/>\n\t\t<meta property=\"og:image:width\" content=\"200\" \/>\n\t\t<meta property=\"og:image:height\" content=\"200\" \/>\n\t\t<meta property=\"article:published_time\" content=\"2023-10-24T17:51:18+00:00\" \/>\n\t\t<meta property=\"article:modified_time\" content=\"2026-04-01T14:46:32+00:00\" \/>\n\t\t<meta property=\"article:publisher\" content=\"https:\/\/www.facebook.com\/profile.php?id=61556963490212\" \/>\n\t\t<meta name=\"twitter:card\" content=\"summary_large_image\" \/>\n\t\t<meta name=\"twitter:site\" content=\"@Mapi1967\" \/>\n\t\t<meta name=\"twitter:title\" content=\"Qui j\u2019\u00e9tais et qui je suis\" \/>\n\t\t<meta name=\"twitter:description\" content=\"D\u00e9couvrez l\u2019exp\u00e9rience personnelle avec l\u2019ECMO lors de la lutte contre la leuc\u00e9mie my\u00e9lo\u00efde chronique. Un parcours entre diagnostic, hospitalisation et espoir de renaissance.\" \/>\n\t\t<meta name=\"twitter:creator\" content=\"@Mapi1967\" \/>\n\t\t<meta name=\"twitter:image\" content=\"https:\/\/diario.m-achermann.com\/wp-content\/uploads\/2024\/02\/Mirko.png\" \/>\n\t\t<script type=\"application\/ld+json\" class=\"aioseo-schema\">\n\t\t\t{\"@context\":\"https:\\\/\\\/schema.org\",\"@graph\":[{\"@type\":\"BreadcrumbList\",\"@id\":\"https:\\\/\\\/diario.m-achermann.com\\\/fr\\\/qui-jetais-et-qui-je-suis\\\/#breadcrumblist\",\"itemListElement\":[{\"@type\":\"ListItem\",\"@id\":\"https:\\\/\\\/diario.m-achermann.com\\\/fr\\\/#listItem\",\"position\":1,\"name\":\"Home\",\"item\":\"https:\\\/\\\/diario.m-achermann.com\\\/fr\\\/\",\"nextItem\":{\"@type\":\"ListItem\",\"@id\":\"https:\\\/\\\/diario.m-achermann.com\\\/fr\\\/qui-jetais-et-qui-je-suis\\\/#listItem\",\"name\":\"Qui j\\u2019\\u00e9tais et qui je suis\"}},{\"@type\":\"ListItem\",\"@id\":\"https:\\\/\\\/diario.m-achermann.com\\\/fr\\\/qui-jetais-et-qui-je-suis\\\/#listItem\",\"position\":2,\"name\":\"Qui j\\u2019\\u00e9tais et qui je suis\",\"previousItem\":{\"@type\":\"ListItem\",\"@id\":\"https:\\\/\\\/diario.m-achermann.com\\\/fr\\\/#listItem\",\"name\":\"Home\"}}]},{\"@type\":\"Person\",\"@id\":\"https:\\\/\\\/diario.m-achermann.com\\\/fr\\\/#person\",\"name\":\"Mirko Achermann\",\"image\":{\"@type\":\"ImageObject\",\"@id\":\"https:\\\/\\\/diario.m-achermann.com\\\/fr\\\/qui-jetais-et-qui-je-suis\\\/#personImage\",\"url\":\"https:\\\/\\\/secure.gravatar.com\\\/avatar\\\/53bb9dac79236bd713fbe107c9f2410ca8a6094577846073d4bea7d0bab1e51f?s=96&d=mm&r=g\",\"width\":96,\"height\":96,\"caption\":\"Mirko Achermann\"}},{\"@type\":\"WebPage\",\"@id\":\"https:\\\/\\\/diario.m-achermann.com\\\/fr\\\/qui-jetais-et-qui-je-suis\\\/#webpage\",\"url\":\"https:\\\/\\\/diario.m-achermann.com\\\/fr\\\/qui-jetais-et-qui-je-suis\\\/\",\"name\":\"Survivre et recommencer : histoires d\\u2019espoir et de soutien durant le parcours avec l\\u2019ECMO\",\"description\":\"D\\u00e9couvrez l\\u2019exp\\u00e9rience personnelle avec l\\u2019ECMO lors de la lutte contre la leuc\\u00e9mie my\\u00e9lo\\u00efde chronique. Un parcours entre diagnostic, hospitalisation et espoir de renaissance.\",\"inLanguage\":\"fr-FR\",\"isPartOf\":{\"@id\":\"https:\\\/\\\/diario.m-achermann.com\\\/fr\\\/#website\"},\"breadcrumb\":{\"@id\":\"https:\\\/\\\/diario.m-achermann.com\\\/fr\\\/qui-jetais-et-qui-je-suis\\\/#breadcrumblist\"},\"datePublished\":\"2023-10-24T19:51:18+02:00\",\"dateModified\":\"2026-04-01T16:46:32+02:00\"},{\"@type\":\"WebSite\",\"@id\":\"https:\\\/\\\/diario.m-achermann.com\\\/fr\\\/#website\",\"url\":\"https:\\\/\\\/diario.m-achermann.com\\\/fr\\\/\",\"name\":\"ECMO \\u2013 Diario di una vita stravolta\",\"alternateName\":\"ECMO\",\"description\":\"Mon aventure, ou plut\\u00f4t ma m\\u00e9saventure ? De la chance ou de la malchance ?\",\"inLanguage\":\"fr-FR\",\"publisher\":{\"@id\":\"https:\\\/\\\/diario.m-achermann.com\\\/fr\\\/#person\"}}]}\n\t\t<\/script>\n\t\t<!-- All in One SEO Pro -->\r\n\t\t<title>Survivre et recommencer : histoires d\u2019espoir et de soutien durant le parcours avec l\u2019ECMO<\/title>\n\n","aioseo_head_json":{"title":"Survivre et recommencer : histoires d\u2019espoir et de soutien durant le parcours avec l\u2019ECMO","description":"D\u00e9couvrez l\u2019exp\u00e9rience personnelle avec l\u2019ECMO lors de la lutte contre la leuc\u00e9mie my\u00e9lo\u00efde chronique. Un parcours entre diagnostic, hospitalisation et espoir de renaissance.","canonical_url":"https:\/\/diario.m-achermann.com\/fr\/qui-jetais-et-qui-je-suis\/","robots":"max-snippet:-1, max-image-preview:large, max-video-preview:-1","keywords":"","webmasterTools":{"google-site-verification":"2kcNb_eND2p_5dJ-aEUjUzdL5U1pyWvu9G-2F4Qyiwk","msvalidate.01":"8A32EFC1288A3ACC21FB6846BFC9E656","miscellaneous":""},"schema":{"@context":"https:\/\/schema.org","@graph":[{"@type":"BreadcrumbList","@id":"https:\/\/diario.m-achermann.com\/fr\/qui-jetais-et-qui-je-suis\/#breadcrumblist","itemListElement":[{"@type":"ListItem","@id":"https:\/\/diario.m-achermann.com\/fr\/#listItem","position":1,"name":"Home","item":"https:\/\/diario.m-achermann.com\/fr\/","nextItem":{"@type":"ListItem","@id":"https:\/\/diario.m-achermann.com\/fr\/qui-jetais-et-qui-je-suis\/#listItem","name":"Qui j\u2019\u00e9tais et qui je suis"}},{"@type":"ListItem","@id":"https:\/\/diario.m-achermann.com\/fr\/qui-jetais-et-qui-je-suis\/#listItem","position":2,"name":"Qui j\u2019\u00e9tais et qui je suis","previousItem":{"@type":"ListItem","@id":"https:\/\/diario.m-achermann.com\/fr\/#listItem","name":"Home"}}]},{"@type":"Person","@id":"https:\/\/diario.m-achermann.com\/fr\/#person","name":"Mirko Achermann","image":{"@type":"ImageObject","@id":"https:\/\/diario.m-achermann.com\/fr\/qui-jetais-et-qui-je-suis\/#personImage","url":"https:\/\/secure.gravatar.com\/avatar\/53bb9dac79236bd713fbe107c9f2410ca8a6094577846073d4bea7d0bab1e51f?s=96&d=mm&r=g","width":96,"height":96,"caption":"Mirko Achermann"}},{"@type":"WebPage","@id":"https:\/\/diario.m-achermann.com\/fr\/qui-jetais-et-qui-je-suis\/#webpage","url":"https:\/\/diario.m-achermann.com\/fr\/qui-jetais-et-qui-je-suis\/","name":"Survivre et recommencer : histoires d\u2019espoir et de soutien durant le parcours avec l\u2019ECMO","description":"D\u00e9couvrez l\u2019exp\u00e9rience personnelle avec l\u2019ECMO lors de la lutte contre la leuc\u00e9mie my\u00e9lo\u00efde chronique. Un parcours entre diagnostic, hospitalisation et espoir de renaissance.","inLanguage":"fr-FR","isPartOf":{"@id":"https:\/\/diario.m-achermann.com\/fr\/#website"},"breadcrumb":{"@id":"https:\/\/diario.m-achermann.com\/fr\/qui-jetais-et-qui-je-suis\/#breadcrumblist"},"datePublished":"2023-10-24T19:51:18+02:00","dateModified":"2026-04-01T16:46:32+02:00"},{"@type":"WebSite","@id":"https:\/\/diario.m-achermann.com\/fr\/#website","url":"https:\/\/diario.m-achermann.com\/fr\/","name":"ECMO \u2013 Diario di una vita stravolta","alternateName":"ECMO","description":"Mon aventure, ou plut\u00f4t ma m\u00e9saventure ? De la chance ou de la malchance ?","inLanguage":"fr-FR","publisher":{"@id":"https:\/\/diario.m-achermann.com\/fr\/#person"}}]},"og:locale":"fr_FR","og:site_name":"ECMO - Journal d'une vie boulevers\u00e9e - Mon aventure, ou plut\u00f4t ma m\u00e9saventure ? De la chance ou de la malchance ?","og:type":"article","og:title":"Qui j\u2019\u00e9tais et qui je suis","og:description":"D\u00e9couvrez l\u2019exp\u00e9rience personnelle avec l\u2019ECMO lors de la lutte contre la leuc\u00e9mie my\u00e9lo\u00efde chronique. Un parcours entre diagnostic, hospitalisation et espoir de renaissance.","og:url":"https:\/\/diario.m-achermann.com\/fr\/qui-jetais-et-qui-je-suis\/","og:image":"https:\/\/diario.m-achermann.com\/wp-content\/uploads\/2024\/02\/Mirko.png","og:image:secure_url":"https:\/\/diario.m-achermann.com\/wp-content\/uploads\/2024\/02\/Mirko.png","og:image:width":200,"og:image:height":200,"article:published_time":"2023-10-24T17:51:18+00:00","article:modified_time":"2026-04-01T14:46:32+00:00","article:publisher":"https:\/\/www.facebook.com\/profile.php?id=61556963490212","twitter:card":"summary_large_image","twitter:site":"@Mapi1967","twitter:title":"Qui j\u2019\u00e9tais et qui je suis","twitter:description":"D\u00e9couvrez l\u2019exp\u00e9rience personnelle avec l\u2019ECMO lors de la lutte contre la leuc\u00e9mie my\u00e9lo\u00efde chronique. Un parcours entre diagnostic, hospitalisation et espoir de renaissance.","twitter:creator":"@Mapi1967","twitter:image":"https:\/\/diario.m-achermann.com\/wp-content\/uploads\/2024\/02\/Mirko.png"},"aioseo_meta_data":{"post_id":"9486","title":"Survivre et recommencer : histoires d\u2019espoir et de soutien durant le parcours avec l\u2019ECMO","description":"D\u00e9couvrez l\u2019exp\u00e9rience personnelle avec l\u2019ECMO lors de la lutte contre la leuc\u00e9mie my\u00e9lo\u00efde chronique. Un parcours entre diagnostic, hospitalisation et espoir de renaissance. ","keywords":null,"keyphrases":{"focus":{"keyphrase":"ECMO","score":80,"analysis":{"keyphraseInTitle":{"score":9,"maxScore":9,"error":0},"keyphraseInDescription":{"score":9,"maxScore":9,"error":0},"keyphraseLength":{"score":9,"maxScore":9,"error":0,"length":1},"keyphraseInURL":{"score":1,"maxScore":5,"error":1},"keyphraseInIntroduction":{"score":3,"maxScore":9,"error":1},"keyphraseInSubHeadings":[],"keyphraseInImageAlt":[],"keywordDensity":{"type":"best","score":9,"maxScore":9,"error":0}}},"additional":[{"keyphrase":"ECMO Chi ero e chi sono Indice","score":33,"analysis":{"keyphraseInDescription":{"score":3,"maxScore":9,"error":1},"keyphraseLength":{"score":6,"maxScore":9,"error":1,"length":7},"keyphraseInIntroduction":{"score":3,"maxScore":9,"error":1},"keyphraseInImageAlt":[],"keywordDensity":{"score":0,"type":"low","maxScore":9,"error":1}}},{"keyphrase":"Chi ero e chi sono","score":33,"analysis":{"keyphraseInDescription":{"score":3,"maxScore":9,"error":1},"keyphraseLength":{"score":6,"maxScore":9,"error":1,"length":5},"keyphraseInIntroduction":{"score":3,"maxScore":9,"error":1},"keyphraseInImageAlt":[],"keywordDensity":{"score":0,"type":"low","maxScore":9,"error":1}}},{"keyphrase":"ECMO","score":83,"analysis":{"keyphraseInDescription":{"score":9,"maxScore":9,"error":0},"keyphraseLength":{"score":9,"maxScore":9,"error":0,"length":1},"keyphraseInIntroduction":{"score":3,"maxScore":9,"error":1},"keyphraseInImageAlt":[],"keywordDensity":{"type":"best","score":9,"maxScore":9,"error":0}}},{"keyphrase":"Cure intense","score":42,"analysis":{"keyphraseInDescription":{"score":3,"maxScore":9,"error":1},"keyphraseLength":{"score":9,"maxScore":9,"error":0,"length":2},"keyphraseInIntroduction":{"score":3,"maxScore":9,"error":1},"keyphraseInImageAlt":[],"keywordDensity":{"score":0,"type":"low","maxScore":9,"error":1}}}]},"primary_term":null,"canonical_url":null,"og_title":"#post_title","og_description":null,"og_object_type":"default","og_image_type":"default","og_image_url":null,"og_image_width":null,"og_image_height":null,"og_image_custom_url":null,"og_image_custom_fields":null,"og_video":"","og_custom_url":null,"og_article_section":null,"og_article_tags":null,"twitter_use_og":false,"twitter_card":"default","twitter_image_type":"default","twitter_image_url":null,"twitter_image_custom_url":null,"twitter_image_custom_fields":null,"twitter_title":null,"twitter_description":null,"schema":{"blockGraphs":[],"customGraphs":[],"default":{"data":{"Article":[],"Course":[],"Dataset":[],"FAQPage":[],"Movie":[],"Person":[],"Product":[],"ProductReview":[],"Car":[],"Recipe":[],"Service":[],"SoftwareApplication":[],"WebPage":[]},"graphName":"WebPage","isEnabled":true},"graphs":[]},"schema_type":"default","schema_type_options":null,"pillar_content":false,"robots_default":true,"robots_noindex":false,"robots_noarchive":false,"robots_nosnippet":false,"robots_nofollow":false,"robots_noimageindex":false,"robots_noodp":false,"robots_notranslate":false,"robots_max_snippet":"-1","robots_max_videopreview":"-1","robots_max_imagepreview":"large","priority":null,"frequency":"default","local_seo":null,"seo_analyzer_scan_date":"2026-04-01 15:39:55","breadcrumb_settings":null,"limit_modified_date":0,"reviewed_by":null,"open_ai":"{\"title\":{\"suggestions\":[\"La mia esperienza con l ECMO: dalla diagnosi alla riabilitazione\",\"ECMO: la mia lotta contro la LMC e la mia esperienza di guarigione\",\"ECMO: come ho affrontato l'infezione e il ricovero in cure intensive\",\"Dal ricovero all'ECMO: la mia storia di lotta e speranza\"],\"usage\":0},\"description\":{\"suggestions\":[\"La mia esperienza con ECMO durante il ricovero in cure intensive\",\"Il ruolo di ECMO nella mia lotta contro la Leucemia mieloide cronica\",\"Come ECMO ha influenzato la mia riabilitazione fisica e psicologica\",\"Il sostegno della famiglia durante la mia esperienza con ECMO\",\"Speranze e prospettive future dopo l'utilizzo di ECMO nel mio trattamento\"],\"usage\":0}}","ai":{"faqs":[],"keyPoints":[],"titles":["La mia battaglia contro la Leucemia Mieloide Cronica e l'ECMO: un percorso di speranza e ricordo","Esperienza personale con ECMO e leucemia: un viaggio tra sfide, riabilitazione e rinascita","Vivere con LMC e ECMO: testimonianza di speranza, famiglia e resilienza","Dall'ospedale a casa: il percorso di recupero dopo ECMO e leucemia","Sopravvivere e ricominciare: storie di speranza e supporto durante il percorso con ECMO"],"descriptions":["Scopri l'esperienza personale con ECMO durante la lotta contro la Leucemia mieloide cronica. Un percorso tra diagnosi, ricovero e speranza di rinascita.","Un viaggio emozionante tra ricordi, sfide e la forza della famiglia durante il ricovero in terapia intensiva e il ritorno alla vita normale con ECMO.","Affronta le paure e le sfide dell'ECMO, tra ricordi e riabilitazione, in un racconto di speranza, accettazione e vita dopo la grave malattia.","Vivi il percorso di un paziente con ECMO: dalla diagnosi alla riabilitazione psicofisica, tra emozioni, sostegni e nuovi inizi.","Un racconto di resilienza e speranza: l'esperienza di ECMO, il sostegno della famiglia e le prospettive future di un combattente contro la malattia."],"socialPosts":{"email":[],"linkedin":[],"twitter":[],"facebook":[],"instagram":[]}},"created":"2026-04-01 14:46:23","updated":"2026-04-01 17:39:23"},"aioseo_breadcrumb":"<div class=\"aioseo-breadcrumbs\"><span class=\"aioseo-breadcrumb\">\n\t<a href=\"https:\/\/diario.m-achermann.com\/fr\/\" title=\"Home\">Home<\/a>\n<\/span><span class=\"aioseo-breadcrumb-separator\">\u00bb<\/span><span class=\"aioseo-breadcrumb\">\n\tQui j\u2019\u00e9tais et qui je suis\n<\/span><\/div>","aioseo_breadcrumb_json":[{"label":"Home","link":"https:\/\/diario.m-achermann.com\/fr\/"},{"label":"Qui j\u2019\u00e9tais et qui je suis","link":"https:\/\/diario.m-achermann.com\/fr\/qui-jetais-et-qui-je-suis\/"}],"_links":{"self":[{"href":"https:\/\/diario.m-achermann.com\/fr\/wp-json\/wp\/v2\/pages\/9486","targetHints":{"allow":["GET"]}}],"collection":[{"href":"https:\/\/diario.m-achermann.com\/fr\/wp-json\/wp\/v2\/pages"}],"about":[{"href":"https:\/\/diario.m-achermann.com\/fr\/wp-json\/wp\/v2\/types\/page"}],"author":[{"embeddable":true,"href":"https:\/\/diario.m-achermann.com\/fr\/wp-json\/wp\/v2\/users\/1"}],"replies":[{"embeddable":true,"href":"https:\/\/diario.m-achermann.com\/fr\/wp-json\/wp\/v2\/comments?post=9486"}],"version-history":[{"count":1,"href":"https:\/\/diario.m-achermann.com\/fr\/wp-json\/wp\/v2\/pages\/9486\/revisions"}],"predecessor-version":[{"id":9488,"href":"https:\/\/diario.m-achermann.com\/fr\/wp-json\/wp\/v2\/pages\/9486\/revisions\/9488"}],"wp:attachment":[{"href":"https:\/\/diario.m-achermann.com\/fr\/wp-json\/wp\/v2\/media?parent=9486"}],"wp:term":[{"taxonomy":"category","embeddable":true,"href":"https:\/\/diario.m-achermann.com\/fr\/wp-json\/wp\/v2\/categories?post=9486"},{"taxonomy":"post_tag","embeddable":true,"href":"https:\/\/diario.m-achermann.com\/fr\/wp-json\/wp\/v2\/tags?post=9486"}],"curies":[{"name":"wp","href":"https:\/\/api.w.org\/{rel}","templated":true}]}}