{"id":9567,"date":"2023-10-24T16:57:11","date_gmt":"2023-10-24T14:57:11","guid":{"rendered":"https:\/\/diario.m-achermann.com\/dimanche-21-mars-2021\/"},"modified":"2026-04-01T17:04:59","modified_gmt":"2026-04-01T15:04:59","slug":"dimanche-21-mars-2021","status":"publish","type":"page","link":"https:\/\/diario.m-achermann.com\/fr\/le-journal-dhospitalisation\/dimanche-21-mars-2021\/","title":{"rendered":"Dimanche 21 mars 2021"},"content":{"rendered":"\n<p>Bonjour Mirko,<br\/>Je suis Stefania, infirmi\u00e8re.<\/p>\n\n<p>Je me permets de t\u2019\u00e9crire en utilisant le \u00ab tu \u00bb car c\u2019est ce que tu m\u2019as demand\u00e9 de faire.<\/p>\n\n<p>Je n\u2019ai plus \u00e9crit depuis le 24 janvier et bien des choses ont chang\u00e9 !<\/p>\n\n<p>Tout d\u2019abord, le fait que tu puisses d\u00e9sormais parler ; bien que tu aies encore la trach\u00e9otomie, tu respires et parles d\u00e9sormais comme tu l\u2019as toujours fait. <br\/>Le seul support respiratoire qu\u2019il te reste d\u00e9sormais est un peu (tr\u00e8s peu) d\u2019oxyg\u00e8ne. <br\/>Tu tousses bien et tu parviens \u00e0 expulser tes s\u00e9cr\u00e9tions de mani\u00e8re presque autonome.<\/p>\n\n<p>Ce matin, nous avons discut\u00e9\u2026 tu m\u2019as dit que tu ne voyais pas d\u2019am\u00e9liorations, que tu \u00e9tais triste ; tu m\u2019as dit qu\u2019on t\u2019avait annonc\u00e9 hier le d\u00e9c\u00e8s de tes parents. <br\/>Je suis sinc\u00e8rement navr\u00e9e pour ta perte.<br\/><\/p>\n<div class=\"wp-block-image\">\n<figure class=\"aligncenter size-full\"><img decoding=\"async\" width=\"1024\" height=\"768\" src=\"https:\/\/diario.m-achermann.com\/wp-content\/uploads\/2023\/10\/InOspedale.jpeg\" alt=\"\" class=\"wp-image-273\" srcset=\"https:\/\/diario.m-achermann.com\/wp-content\/uploads\/2023\/10\/InOspedale.jpeg 1024w, https:\/\/diario.m-achermann.com\/wp-content\/uploads\/2023\/10\/InOspedale-300x225.jpeg 300w, https:\/\/diario.m-achermann.com\/wp-content\/uploads\/2023\/10\/InOspedale-768x576.jpeg 768w\" sizes=\"(max-width: 1024px) 100vw, 1024px\" \/><\/figure>\n<\/div>\n<p><br\/>J\u2019ai essay\u00e9 par tous les moyens de te faire comprendre que tu faisais des pas de g\u00e9ant vers la r\u00e9\u00e9ducation, mais j\u2019ai compris que tu voulais redevenir le Mirko de toujours le plus rapidement possible ; je peux le comprendre, mais j\u2019ai compris que tu ne te souvenais pas de ce que tu as travers\u00e9.<\/p>\n\n<p>Je t\u2019ai lu les premi\u00e8res pages de ce journal et j\u2019ai eu l\u2019impression que, comme tu me l\u2019as dit, cela t\u2019a fait plaisir de reconstruire ton histoire ; j\u2019esp\u00e8re que cela pourra t\u2019aider \u00e0 avoir une perspective diff\u00e9rente sur ton r\u00e9tablissement.<br\/>Tu m\u2019as aussi dit : \u00ab Je ne pensais pas que boire un verre d\u2019eau puisse \u00eatre aussi agr\u00e9able ! \u00bb et j\u2019ajoute que tu le fais tout seul.<\/p>\n\n<p>Tout cela me touche (comme je te l\u2019ai dit) de mani\u00e8re positive : j\u2019observe des progr\u00e8s chaque jour qui passe et j\u2019esp\u00e8re que tu pourras, toi aussi, \u00eatre conscient des grands progr\u00e8s que tu r\u00e9alises.<\/p>\n\n<p>Plus tard, je t\u2019emm\u00e8nerai faire un tour hors du service ; pas \u00e0 l\u2019ext\u00e9rieur, car il fait encore trop froid aujourd\u2019hui !<\/p>\n\n<p>Allez Mirko, tu es sur la bonne voie !<br\/>Stefania<\/p>\n","protected":false},"excerpt":{"rendered":"<p>Bonjour Mirko,Je suis Stefania, infirmi\u00e8re. Je me permets de t\u2019\u00e9crire en utilisant le \u00ab tu \u00bb car c\u2019est ce que tu m\u2019as demand\u00e9 de faire. Je n\u2019ai plus \u00e9crit depuis le 24 janvier et bien des choses ont chang\u00e9 ! Tout d\u2019abord, le fait que tu puisses d\u00e9sormais parler ; bien que tu aies encore&hellip;&nbsp;<a href=\"https:\/\/diario.m-achermann.com\/fr\/le-journal-dhospitalisation\/dimanche-21-mars-2021\/\" rel=\"bookmark\">Read More &raquo;<span class=\"screen-reader-text\">Dimanche 21 mars 2021<\/span><\/a><\/p>\n","protected":false},"author":1,"featured_media":0,"parent":10023,"menu_order":220,"comment_status":"open","ping_status":"closed","template":"","meta":{"_editorskit_title_hidden":false,"_editorskit_reading_time":0,"_editorskit_is_block_options_detached":false,"_editorskit_block_options_position":"{}","om_disable_all_campaigns":false,"_lmt_disableupdate":"","_lmt_disable":"","_monsterinsights_skip_tracking":false,"_monsterinsights_sitenote_active":false,"_monsterinsights_sitenote_note":"","_monsterinsights_sitenote_category":0,"neve_meta_sidebar":"","neve_meta_container":"","neve_meta_enable_content_width":"","neve_meta_content_width":0,"neve_meta_title_alignment":"","neve_meta_author_avatar":"","neve_post_elements_order":"","neve_meta_disable_header":"","neve_meta_disable_footer":"","neve_meta_disable_title":"","neve_meta_reading_time":"","_themeisle_gutenberg_block_has_review":false,"footnotes":""},"categories":[],"tags":[],"class_list":["post-9567","page","type-page","status-publish","hentry"],"aioseo_notices":[],"aioseo_head":"\n\t\t<!-- All in One SEO Pro 4.9.7.1 - aioseo.com -->\n\t<meta name=\"description\" content=\"D\u00e9couvrez le journal de Stefania, une infirmi\u00e8re qui vous guide \u00e0 travers les \u00e9motions, les progr\u00e8s et les d\u00e9fis de Mirko dans son parcours de r\u00e9\u00e9ducation, avec empathie et espoir.\" \/>\n\t<meta name=\"robots\" content=\"max-snippet:-1, max-image-preview:large, max-video-preview:-1\" \/>\n\t<meta name=\"google-site-verification\" content=\"2kcNb_eND2p_5dJ-aEUjUzdL5U1pyWvu9G-2F4Qyiwk\" \/>\n\t<meta name=\"msvalidate.01\" content=\"8A32EFC1288A3ACC21FB6846BFC9E656\" \/>\n\t<link rel=\"canonical\" href=\"https:\/\/diario.m-achermann.com\/fr\/le-journal-dhospitalisation\/dimanche-21-mars-2021\/\" \/>\n\t<meta name=\"generator\" content=\"All in One SEO Pro (AIOSEO) 4.9.7.1\" \/>\n\t\t<meta property=\"og:locale\" content=\"fr_FR\" \/>\n\t\t<meta property=\"og:site_name\" content=\"ECMO - Journal d&#039;une vie boulevers\u00e9e - Mon aventure, ou plut\u00f4t ma m\u00e9saventure ? De la chance ou de la malchance ?\" \/>\n\t\t<meta property=\"og:type\" content=\"article\" \/>\n\t\t<meta property=\"og:title\" content=\"De la douleur \u00e0 la force : le journal d\u2019hospitalisation de Mirko et son chemin vers la gu\u00e9rison\" \/>\n\t\t<meta property=\"og:description\" content=\"D\u00e9couvrez le journal de Stefania, une infirmi\u00e8re qui vous guide \u00e0 travers les \u00e9motions, les progr\u00e8s et les d\u00e9fis de Mirko dans son parcours de r\u00e9\u00e9ducation, avec empathie et espoir.\" \/>\n\t\t<meta property=\"og:url\" content=\"https:\/\/diario.m-achermann.com\/fr\/le-journal-dhospitalisation\/dimanche-21-mars-2021\/\" \/>\n\t\t<meta property=\"og:image\" content=\"https:\/\/diario.m-achermann.com\/wp-content\/uploads\/2024\/02\/Mirko.png\" \/>\n\t\t<meta property=\"og:image:secure_url\" content=\"https:\/\/diario.m-achermann.com\/wp-content\/uploads\/2024\/02\/Mirko.png\" \/>\n\t\t<meta property=\"og:image:width\" content=\"200\" \/>\n\t\t<meta property=\"og:image:height\" content=\"200\" \/>\n\t\t<meta property=\"article:published_time\" content=\"2023-10-24T14:57:11+00:00\" \/>\n\t\t<meta property=\"article:modified_time\" content=\"2026-04-01T15:04:59+00:00\" \/>\n\t\t<meta property=\"article:publisher\" content=\"https:\/\/www.facebook.com\/profile.php?id=61556963490212\" \/>\n\t\t<meta name=\"twitter:card\" content=\"summary_large_image\" \/>\n\t\t<meta name=\"twitter:site\" content=\"@Mapi1967\" \/>\n\t\t<meta name=\"twitter:title\" content=\"De la douleur \u00e0 la force : le journal d\u2019hospitalisation de Mirko et son chemin vers la gu\u00e9rison\" \/>\n\t\t<meta name=\"twitter:description\" content=\"D\u00e9couvrez le journal de Stefania, une infirmi\u00e8re qui vous guide \u00e0 travers les \u00e9motions, les progr\u00e8s et les d\u00e9fis de Mirko dans son parcours de r\u00e9\u00e9ducation, avec empathie et espoir.\" \/>\n\t\t<meta name=\"twitter:creator\" content=\"@Mapi1967\" \/>\n\t\t<meta name=\"twitter:image\" content=\"https:\/\/diario.m-achermann.com\/wp-content\/uploads\/2024\/02\/Mirko.png\" \/>\n\t\t<script type=\"application\/ld+json\" class=\"aioseo-schema\">\n\t\t\t{\"@context\":\"https:\\\/\\\/schema.org\",\"@graph\":[{\"@type\":\"BreadcrumbList\",\"@id\":\"https:\\\/\\\/diario.m-achermann.com\\\/fr\\\/le-journal-dhospitalisation\\\/dimanche-21-mars-2021\\\/#breadcrumblist\",\"itemListElement\":[{\"@type\":\"ListItem\",\"@id\":\"https:\\\/\\\/diario.m-achermann.com\\\/fr\\\/#listItem\",\"position\":1,\"name\":\"Home\",\"item\":\"https:\\\/\\\/diario.m-achermann.com\\\/fr\\\/\",\"nextItem\":{\"@type\":\"ListItem\",\"@id\":\"https:\\\/\\\/diario.m-achermann.com\\\/fr\\\/le-journal-dhospitalisation\\\/#listItem\",\"name\":\"Le journal d\\u2019hospitalisation\"}},{\"@type\":\"ListItem\",\"@id\":\"https:\\\/\\\/diario.m-achermann.com\\\/fr\\\/le-journal-dhospitalisation\\\/#listItem\",\"position\":2,\"name\":\"Le journal d\\u2019hospitalisation\",\"item\":\"https:\\\/\\\/diario.m-achermann.com\\\/fr\\\/le-journal-dhospitalisation\\\/\",\"nextItem\":{\"@type\":\"ListItem\",\"@id\":\"https:\\\/\\\/diario.m-achermann.com\\\/fr\\\/le-journal-dhospitalisation\\\/dimanche-21-mars-2021\\\/#listItem\",\"name\":\"Dimanche 21 mars 2021\"},\"previousItem\":{\"@type\":\"ListItem\",\"@id\":\"https:\\\/\\\/diario.m-achermann.com\\\/fr\\\/#listItem\",\"name\":\"Home\"}},{\"@type\":\"ListItem\",\"@id\":\"https:\\\/\\\/diario.m-achermann.com\\\/fr\\\/le-journal-dhospitalisation\\\/dimanche-21-mars-2021\\\/#listItem\",\"position\":3,\"name\":\"Dimanche 21 mars 2021\",\"previousItem\":{\"@type\":\"ListItem\",\"@id\":\"https:\\\/\\\/diario.m-achermann.com\\\/fr\\\/le-journal-dhospitalisation\\\/#listItem\",\"name\":\"Le journal d\\u2019hospitalisation\"}}]},{\"@type\":\"Person\",\"@id\":\"https:\\\/\\\/diario.m-achermann.com\\\/fr\\\/#person\",\"name\":\"Mirko Achermann\",\"image\":{\"@type\":\"ImageObject\",\"@id\":\"https:\\\/\\\/diario.m-achermann.com\\\/fr\\\/le-journal-dhospitalisation\\\/dimanche-21-mars-2021\\\/#personImage\",\"url\":\"https:\\\/\\\/secure.gravatar.com\\\/avatar\\\/53bb9dac79236bd713fbe107c9f2410ca8a6094577846073d4bea7d0bab1e51f?s=96&d=mm&r=g\",\"width\":96,\"height\":96,\"caption\":\"Mirko Achermann\"}},{\"@type\":\"WebPage\",\"@id\":\"https:\\\/\\\/diario.m-achermann.com\\\/fr\\\/le-journal-dhospitalisation\\\/dimanche-21-mars-2021\\\/#webpage\",\"url\":\"https:\\\/\\\/diario.m-achermann.com\\\/fr\\\/le-journal-dhospitalisation\\\/dimanche-21-mars-2021\\\/\",\"name\":\"De la douleur \\u00e0 la force : le journal d\\u2019hospitalisation de Mirko et son chemin vers la gu\\u00e9rison\",\"description\":\"D\\u00e9couvrez le journal de Stefania, une infirmi\\u00e8re qui vous guide \\u00e0 travers les \\u00e9motions, les progr\\u00e8s et les d\\u00e9fis de Mirko dans son parcours de r\\u00e9\\u00e9ducation, avec empathie et espoir.\",\"inLanguage\":\"fr-FR\",\"isPartOf\":{\"@id\":\"https:\\\/\\\/diario.m-achermann.com\\\/fr\\\/#website\"},\"breadcrumb\":{\"@id\":\"https:\\\/\\\/diario.m-achermann.com\\\/fr\\\/le-journal-dhospitalisation\\\/dimanche-21-mars-2021\\\/#breadcrumblist\"},\"datePublished\":\"2023-10-24T16:57:11+02:00\",\"dateModified\":\"2026-04-01T17:04:59+02:00\"},{\"@type\":\"WebSite\",\"@id\":\"https:\\\/\\\/diario.m-achermann.com\\\/fr\\\/#website\",\"url\":\"https:\\\/\\\/diario.m-achermann.com\\\/fr\\\/\",\"name\":\"ECMO \\u2013 Diario di una vita stravolta\",\"alternateName\":\"ECMO\",\"description\":\"Mon aventure, ou plut\\u00f4t ma m\\u00e9saventure ? De la chance ou de la malchance ?\",\"inLanguage\":\"fr-FR\",\"publisher\":{\"@id\":\"https:\\\/\\\/diario.m-achermann.com\\\/fr\\\/#person\"}}]}\n\t\t<\/script>\n\t\t<!-- All in One SEO Pro -->\r\n\t\t<title>De la douleur \u00e0 la force : le journal d\u2019hospitalisation de Mirko et son chemin vers la gu\u00e9rison<\/title>\n\n","aioseo_head_json":{"title":"De la douleur \u00e0 la force : le journal d\u2019hospitalisation de Mirko et son chemin vers la gu\u00e9rison","description":"D\u00e9couvrez le journal de Stefania, une infirmi\u00e8re qui vous guide \u00e0 travers les \u00e9motions, les progr\u00e8s et les d\u00e9fis de Mirko dans son parcours de r\u00e9\u00e9ducation, avec empathie et espoir.","canonical_url":"https:\/\/diario.m-achermann.com\/fr\/le-journal-dhospitalisation\/dimanche-21-mars-2021\/","robots":"max-snippet:-1, max-image-preview:large, max-video-preview:-1","keywords":"","webmasterTools":{"google-site-verification":"2kcNb_eND2p_5dJ-aEUjUzdL5U1pyWvu9G-2F4Qyiwk","msvalidate.01":"8A32EFC1288A3ACC21FB6846BFC9E656","miscellaneous":""},"schema":{"@context":"https:\/\/schema.org","@graph":[{"@type":"BreadcrumbList","@id":"https:\/\/diario.m-achermann.com\/fr\/le-journal-dhospitalisation\/dimanche-21-mars-2021\/#breadcrumblist","itemListElement":[{"@type":"ListItem","@id":"https:\/\/diario.m-achermann.com\/fr\/#listItem","position":1,"name":"Home","item":"https:\/\/diario.m-achermann.com\/fr\/","nextItem":{"@type":"ListItem","@id":"https:\/\/diario.m-achermann.com\/fr\/le-journal-dhospitalisation\/#listItem","name":"Le journal d\u2019hospitalisation"}},{"@type":"ListItem","@id":"https:\/\/diario.m-achermann.com\/fr\/le-journal-dhospitalisation\/#listItem","position":2,"name":"Le journal d\u2019hospitalisation","item":"https:\/\/diario.m-achermann.com\/fr\/le-journal-dhospitalisation\/","nextItem":{"@type":"ListItem","@id":"https:\/\/diario.m-achermann.com\/fr\/le-journal-dhospitalisation\/dimanche-21-mars-2021\/#listItem","name":"Dimanche 21 mars 2021"},"previousItem":{"@type":"ListItem","@id":"https:\/\/diario.m-achermann.com\/fr\/#listItem","name":"Home"}},{"@type":"ListItem","@id":"https:\/\/diario.m-achermann.com\/fr\/le-journal-dhospitalisation\/dimanche-21-mars-2021\/#listItem","position":3,"name":"Dimanche 21 mars 2021","previousItem":{"@type":"ListItem","@id":"https:\/\/diario.m-achermann.com\/fr\/le-journal-dhospitalisation\/#listItem","name":"Le journal d\u2019hospitalisation"}}]},{"@type":"Person","@id":"https:\/\/diario.m-achermann.com\/fr\/#person","name":"Mirko Achermann","image":{"@type":"ImageObject","@id":"https:\/\/diario.m-achermann.com\/fr\/le-journal-dhospitalisation\/dimanche-21-mars-2021\/#personImage","url":"https:\/\/secure.gravatar.com\/avatar\/53bb9dac79236bd713fbe107c9f2410ca8a6094577846073d4bea7d0bab1e51f?s=96&d=mm&r=g","width":96,"height":96,"caption":"Mirko Achermann"}},{"@type":"WebPage","@id":"https:\/\/diario.m-achermann.com\/fr\/le-journal-dhospitalisation\/dimanche-21-mars-2021\/#webpage","url":"https:\/\/diario.m-achermann.com\/fr\/le-journal-dhospitalisation\/dimanche-21-mars-2021\/","name":"De la douleur \u00e0 la force : le journal d\u2019hospitalisation de Mirko et son chemin vers la gu\u00e9rison","description":"D\u00e9couvrez le journal de Stefania, une infirmi\u00e8re qui vous guide \u00e0 travers les \u00e9motions, les progr\u00e8s et les d\u00e9fis de Mirko dans son parcours de r\u00e9\u00e9ducation, avec empathie et espoir.","inLanguage":"fr-FR","isPartOf":{"@id":"https:\/\/diario.m-achermann.com\/fr\/#website"},"breadcrumb":{"@id":"https:\/\/diario.m-achermann.com\/fr\/le-journal-dhospitalisation\/dimanche-21-mars-2021\/#breadcrumblist"},"datePublished":"2023-10-24T16:57:11+02:00","dateModified":"2026-04-01T17:04:59+02:00"},{"@type":"WebSite","@id":"https:\/\/diario.m-achermann.com\/fr\/#website","url":"https:\/\/diario.m-achermann.com\/fr\/","name":"ECMO \u2013 Diario di una vita stravolta","alternateName":"ECMO","description":"Mon aventure, ou plut\u00f4t ma m\u00e9saventure ? De la chance ou de la malchance ?","inLanguage":"fr-FR","publisher":{"@id":"https:\/\/diario.m-achermann.com\/fr\/#person"}}]},"og:locale":"fr_FR","og:site_name":"ECMO - Journal d'une vie boulevers\u00e9e - Mon aventure, ou plut\u00f4t ma m\u00e9saventure ? De la chance ou de la malchance ?","og:type":"article","og:title":"De la douleur \u00e0 la force : le journal d\u2019hospitalisation de Mirko et son chemin vers la gu\u00e9rison","og:description":"D\u00e9couvrez le journal de Stefania, une infirmi\u00e8re qui vous guide \u00e0 travers les \u00e9motions, les progr\u00e8s et les d\u00e9fis de Mirko dans son parcours de r\u00e9\u00e9ducation, avec empathie et espoir.","og:url":"https:\/\/diario.m-achermann.com\/fr\/le-journal-dhospitalisation\/dimanche-21-mars-2021\/","og:image":"https:\/\/diario.m-achermann.com\/wp-content\/uploads\/2024\/02\/Mirko.png","og:image:secure_url":"https:\/\/diario.m-achermann.com\/wp-content\/uploads\/2024\/02\/Mirko.png","og:image:width":200,"og:image:height":200,"article:published_time":"2023-10-24T14:57:11+00:00","article:modified_time":"2026-04-01T15:04:59+00:00","article:publisher":"https:\/\/www.facebook.com\/profile.php?id=61556963490212","twitter:card":"summary_large_image","twitter:site":"@Mapi1967","twitter:title":"De la douleur \u00e0 la force : le journal d\u2019hospitalisation de Mirko et son chemin vers la gu\u00e9rison","twitter:description":"D\u00e9couvrez le journal de Stefania, une infirmi\u00e8re qui vous guide \u00e0 travers les \u00e9motions, les progr\u00e8s et les d\u00e9fis de Mirko dans son parcours de r\u00e9\u00e9ducation, avec empathie et espoir.","twitter:creator":"@Mapi1967","twitter:image":"https:\/\/diario.m-achermann.com\/wp-content\/uploads\/2024\/02\/Mirko.png"},"aioseo_meta_data":{"post_id":"9567","title":"De la douleur \u00e0 la force : le journal d\u2019hospitalisation de Mirko et son chemin vers la gu\u00e9rison","description":"D\u00e9couvrez le journal de Stefania, une infirmi\u00e8re qui vous guide \u00e0 travers les \u00e9motions, les progr\u00e8s et les d\u00e9fis de Mirko dans son parcours de r\u00e9\u00e9ducation, avec empathie et espoir.","keywords":null,"keyphrases":{"focus":{"keyphrase":"Diario","score":64,"analysis":{"keyphraseInTitle":{"score":9,"maxScore":9,"error":0},"keyphraseInDescription":{"score":9,"maxScore":9,"error":0},"keyphraseLength":{"score":9,"maxScore":9,"error":0,"length":1},"keyphraseInURL":{"score":5,"maxScore":5,"error":0},"keyphraseInIntroduction":{"score":3,"maxScore":9,"error":1},"keyphraseInSubHeadings":[],"keyphraseInImageAlt":{"score":3,"maxScore":9,"error":1},"keywordDensity":{"score":0,"type":"low","maxScore":9,"error":1}}},"additional":[{"keyphrase":"ECMO","score":40,"analysis":{"keyphraseInDescription":{"score":3,"maxScore":9,"error":1},"keyphraseLength":{"score":9,"maxScore":9,"error":0,"length":1},"keyphraseInIntroduction":{"score":3,"maxScore":9,"error":1},"keyphraseInImageAlt":{"score":3,"maxScore":9,"error":1},"keywordDensity":{"score":0,"type":"low","maxScore":9,"error":1}}},{"keyphrase":"Degenza","score":40,"analysis":{"keyphraseInDescription":{"score":3,"maxScore":9,"error":1},"keyphraseLength":{"score":9,"maxScore":9,"error":0,"length":1},"keyphraseInIntroduction":{"score":3,"maxScore":9,"error":1},"keyphraseInImageAlt":{"score":3,"maxScore":9,"error":1},"keywordDensity":{"score":0,"type":"low","maxScore":9,"error":1}}},{"keyphrase":"Cardiocentro","score":40,"analysis":{"keyphraseInDescription":{"score":3,"maxScore":9,"error":1},"keyphraseLength":{"score":9,"maxScore":9,"error":0,"length":1},"keyphraseInIntroduction":{"score":3,"maxScore":9,"error":1},"keyphraseInImageAlt":{"score":3,"maxScore":9,"error":1},"keywordDensity":{"score":0,"type":"low","maxScore":9,"error":1}}},{"keyphrase":"tracheotomia","score":40,"analysis":{"keyphraseInDescription":{"score":3,"maxScore":9,"error":1},"keyphraseLength":{"score":9,"maxScore":9,"error":0,"length":1},"keyphraseInIntroduction":{"score":3,"maxScore":9,"error":1},"keyphraseInImageAlt":{"score":3,"maxScore":9,"error":1},"keywordDensity":{"score":0,"type":"low","maxScore":9,"error":1}}},{"keyphrase":"ossigeno","score":40,"analysis":{"keyphraseInDescription":{"score":3,"maxScore":9,"error":1},"keyphraseLength":{"score":9,"maxScore":9,"error":0,"length":1},"keyphraseInIntroduction":{"score":3,"maxScore":9,"error":1},"keyphraseInImageAlt":{"score":3,"maxScore":9,"error":1},"keywordDensity":{"score":0,"type":"low","maxScore":9,"error":1}}},{"keyphrase":"miglioramenti","score":60,"analysis":{"keyphraseInDescription":{"score":3,"maxScore":9,"error":1},"keyphraseLength":{"score":9,"maxScore":9,"error":0,"length":1},"keyphraseInIntroduction":{"score":3,"maxScore":9,"error":1},"keyphraseInImageAlt":{"score":3,"maxScore":9,"error":1},"keywordDensity":{"type":"best","score":9,"maxScore":9,"error":0}}}]},"primary_term":null,"canonical_url":null,"og_title":null,"og_description":null,"og_object_type":"default","og_image_type":"default","og_image_url":null,"og_image_width":null,"og_image_height":null,"og_image_custom_url":null,"og_image_custom_fields":null,"og_video":"","og_custom_url":null,"og_article_section":null,"og_article_tags":null,"twitter_use_og":false,"twitter_card":"default","twitter_image_type":"default","twitter_image_url":null,"twitter_image_custom_url":null,"twitter_image_custom_fields":null,"twitter_title":null,"twitter_description":null,"schema":{"blockGraphs":[],"customGraphs":[],"default":{"data":{"Article":[],"Course":[],"Dataset":[],"FAQPage":[],"Movie":[],"Person":[],"Product":[],"ProductReview":[],"Car":[],"Recipe":[],"Service":[],"SoftwareApplication":[],"WebPage":[]},"graphName":"WebPage","isEnabled":true},"graphs":[]},"schema_type":"default","schema_type_options":null,"pillar_content":false,"robots_default":true,"robots_noindex":false,"robots_noarchive":false,"robots_nosnippet":false,"robots_nofollow":false,"robots_noimageindex":false,"robots_noodp":false,"robots_notranslate":false,"robots_max_snippet":"-1","robots_max_videopreview":"-1","robots_max_imagepreview":"large","priority":null,"frequency":"default","local_seo":null,"seo_analyzer_scan_date":"2026-04-01 15:36:30","breadcrumb_settings":null,"limit_modified_date":0,"reviewed_by":null,"open_ai":"{\"title\":{\"suggestions\":[],\"usage\":0},\"description\":{\"suggestions\":[],\"usage\":0}}","ai":{"faqs":[],"keyPoints":[],"titles":["Diario di un percorso di rinascita: il lento progresso di Mirko","Mirko e il suo viaggio di speranza: un diario di resilienza","Come un diario ci aiuta a vedere i progressi invisibili di Mirko","Dal dolore alla forza: il diario di Mirko e il suo cammino di recupero","Riflessioni di un'infermiera: il diario di Mirko e i suoi piccoli grandi passi"],"descriptions":["Scopri il diario di Stefania, un'infermiera che ti guida tra emozioni, progressi e sfide di Mirko nel suo percorso di riabilitazione, con empatia e speranza.","Segui la storia di Mirko attraverso le parole di Stefania, una infermiera che con cuore e sensibilit\u00e0 racconta i suoi progressi, dolore e speranza nel diario.","Il diario di Stefania rivela il coraggio e la tenacia di Mirko, un percorso emotivo e di recupero affrontato con empatia, affetto e determinazione.","Lasciati toccare dalla testimonianza di Stefania, che con gentilezza narra il viaggio di Mirko verso la ripresa, tra difficolt\u00e0 e piccoli grandi traguardi.","In questo diario, Stefania condivide emozioni profonde e progressi di Mirko, un percorso di forza e speranza nel cuore della riabilitazione, con tanta empatia."],"socialPosts":{"email":[],"linkedin":[],"twitter":[],"facebook":[],"instagram":[]}},"created":"2026-04-01 14:47:19","updated":"2026-04-01 17:42:10"},"aioseo_breadcrumb":"<div class=\"aioseo-breadcrumbs\"><span class=\"aioseo-breadcrumb\">\n\t<a href=\"https:\/\/diario.m-achermann.com\/fr\/\" title=\"Home\">Home<\/a>\n<\/span><span class=\"aioseo-breadcrumb-separator\">\u00bb<\/span><span class=\"aioseo-breadcrumb\">\n\t<a href=\"https:\/\/diario.m-achermann.com\/fr\/le-journal-dhospitalisation\/\" title=\"Le journal d\u2019hospitalisation\">Le journal d\u2019hospitalisation<\/a>\n<\/span><span class=\"aioseo-breadcrumb-separator\">\u00bb<\/span><span class=\"aioseo-breadcrumb\">\n\tDimanche 21 mars 2021\n<\/span><\/div>","aioseo_breadcrumb_json":[{"label":"Home","link":"https:\/\/diario.m-achermann.com\/fr\/"},{"label":"Le journal d\u2019hospitalisation","link":"https:\/\/diario.m-achermann.com\/fr\/le-journal-dhospitalisation\/"},{"label":"Dimanche 21 mars 2021","link":"https:\/\/diario.m-achermann.com\/fr\/le-journal-dhospitalisation\/dimanche-21-mars-2021\/"}],"_links":{"self":[{"href":"https:\/\/diario.m-achermann.com\/fr\/wp-json\/wp\/v2\/pages\/9567","targetHints":{"allow":["GET"]}}],"collection":[{"href":"https:\/\/diario.m-achermann.com\/fr\/wp-json\/wp\/v2\/pages"}],"about":[{"href":"https:\/\/diario.m-achermann.com\/fr\/wp-json\/wp\/v2\/types\/page"}],"author":[{"embeddable":true,"href":"https:\/\/diario.m-achermann.com\/fr\/wp-json\/wp\/v2\/users\/1"}],"replies":[{"embeddable":true,"href":"https:\/\/diario.m-achermann.com\/fr\/wp-json\/wp\/v2\/comments?post=9567"}],"version-history":[{"count":1,"href":"https:\/\/diario.m-achermann.com\/fr\/wp-json\/wp\/v2\/pages\/9567\/revisions"}],"predecessor-version":[{"id":9568,"href":"https:\/\/diario.m-achermann.com\/fr\/wp-json\/wp\/v2\/pages\/9567\/revisions\/9568"}],"up":[{"embeddable":true,"href":"https:\/\/diario.m-achermann.com\/fr\/wp-json\/wp\/v2\/pages\/10023"}],"wp:attachment":[{"href":"https:\/\/diario.m-achermann.com\/fr\/wp-json\/wp\/v2\/media?parent=9567"}],"wp:term":[{"taxonomy":"category","embeddable":true,"href":"https:\/\/diario.m-achermann.com\/fr\/wp-json\/wp\/v2\/categories?post=9567"},{"taxonomy":"post_tag","embeddable":true,"href":"https:\/\/diario.m-achermann.com\/fr\/wp-json\/wp\/v2\/tags?post=9567"}],"curies":[{"name":"wp","href":"https:\/\/api.w.org\/{rel}","templated":true}]}}