{"id":9735,"date":"2023-10-24T14:38:07","date_gmt":"2023-10-24T12:38:07","guid":{"rendered":"https:\/\/diario.m-achermann.com\/vendredi-19-fevrier-2021-a-02h15\/"},"modified":"2026-04-02T10:29:00","modified_gmt":"2026-04-02T08:29:00","slug":"vendredi-19-fevrier-2021-a-02h15","status":"publish","type":"page","link":"https:\/\/diario.m-achermann.com\/fr\/le-journal-dhospitalisation\/vendredi-19-fevrier-2021-a-02h15\/","title":{"rendered":"Vendredi 19 f\u00e9vrier 2021 \u00e0 02h15"},"content":{"rendered":"\n<p>Bonjour M. Mirko, <br\/>l\u2019\u00e9criture est toujours la m\u00eame et l\u2019infirmi\u00e8re\u2026 aussi. <br\/>Je suis Stefania et il est tard dans la nuit.<\/p>\n\n<p>Depuis la derni\u00e8re fois que je me suis occup\u00e9e de vous, il y a une grande nouveaut\u00e9 : l\u2019ECMO, la machine qui retire le dioxyde de carbone de votre sang et l\u2019enrichit en oxyg\u00e8ne, a \u00e9t\u00e9 retir\u00e9e. <br\/>Deux grosses canules en moins dans votre corps.<\/p>\n\n<p>Maintenant, vos poumons \u00ab travaillent \u00bb \u00e0 l\u2019aide du respirateur.<\/p>\n\n<p>Cette nuit, il n\u2019est pas facile pour vous de respirer\u2026 votre thorax se soul\u00e8ve et s\u2019abaisse de mani\u00e8re non rythmique avec le ventre. <br\/>J\u2019ai fait ce que j\u2019ai pu pour que vous vous sentiez mieux : augmenter les m\u00e9dicaments pour vous d\u00e9tendre, changer de position, mais votre respiration n\u2019est toujours pas r\u00e9guli\u00e8re.<\/p>\n\n<p>Le saignement de la bouche et de la trach\u00e9ostomie est toujours pr\u00e9sent et il est n\u00e9cessaire de l\u2019aspirer.<br\/>Cette man\u0153uvre vous provoque beaucoup de g\u00eane et de toux, mais comme je vous le disais il y a quelques jours, elle est n\u00e9cessaire.<\/p>\n\n<p>Je pense qu\u2019il est maintenant temps de vous changer de position et, pendant que je le ferai, je vous dirai exactement ce que je suis en train de faire.<\/p>\n\n<p>Courage Mirko ! <br\/>Stefania<\/p>\n","protected":false},"excerpt":{"rendered":"<p>Bonjour M. Mirko, l\u2019\u00e9criture est toujours la m\u00eame et l\u2019infirmi\u00e8re\u2026 aussi. Je suis Stefania et il est tard dans la nuit. Depuis la derni\u00e8re fois que je me suis occup\u00e9e de vous, il y a une grande nouveaut\u00e9 : l\u2019ECMO, la machine qui retire le dioxyde de carbone de votre sang et l\u2019enrichit en oxyg\u00e8ne,&hellip;&nbsp;<a href=\"https:\/\/diario.m-achermann.com\/fr\/le-journal-dhospitalisation\/vendredi-19-fevrier-2021-a-02h15\/\" rel=\"bookmark\">Read More &raquo;<span class=\"screen-reader-text\">Vendredi 19 f\u00e9vrier 2021 \u00e0 02h15<\/span><\/a><\/p>\n","protected":false},"author":1,"featured_media":0,"parent":10023,"menu_order":80,"comment_status":"open","ping_status":"closed","template":"","meta":{"_editorskit_title_hidden":false,"_editorskit_reading_time":0,"_editorskit_is_block_options_detached":false,"_editorskit_block_options_position":"{}","om_disable_all_campaigns":false,"_lmt_disableupdate":"","_lmt_disable":"","_monsterinsights_skip_tracking":false,"_monsterinsights_sitenote_active":false,"_monsterinsights_sitenote_note":"","_monsterinsights_sitenote_category":0,"neve_meta_sidebar":"","neve_meta_container":"","neve_meta_enable_content_width":"","neve_meta_content_width":0,"neve_meta_title_alignment":"","neve_meta_author_avatar":"","neve_post_elements_order":"","neve_meta_disable_header":"","neve_meta_disable_footer":"","neve_meta_disable_title":"","neve_meta_reading_time":"","_themeisle_gutenberg_block_has_review":false,"footnotes":""},"categories":[],"tags":[],"class_list":["post-9735","page","type-page","status-publish","hentry"],"aioseo_notices":[],"aioseo_head":"\n\t\t<!-- All in One SEO Pro 4.9.7.1 - aioseo.com -->\n\t<meta name=\"description\" content=\"Vivez avec nous une nuit \u00e0 l\u2019h\u00f4pital \u00e0 travers le journal d\u2019hospitalisation \u00e9crit par Stefania, entre nouveaut\u00e9s m\u00e9dicales et moments d\u2019espoir et de difficult\u00e9. L\u2019importance de l\u2019humanisation des soins.\" \/>\n\t<meta name=\"robots\" content=\"max-snippet:-1, max-image-preview:large, max-video-preview:-1\" \/>\n\t<meta name=\"google-site-verification\" content=\"2kcNb_eND2p_5dJ-aEUjUzdL5U1pyWvu9G-2F4Qyiwk\" \/>\n\t<meta name=\"msvalidate.01\" content=\"8A32EFC1288A3ACC21FB6846BFC9E656\" \/>\n\t<link rel=\"canonical\" href=\"https:\/\/diario.m-achermann.com\/fr\/le-journal-dhospitalisation\/vendredi-19-fevrier-2021-a-02h15\/\" \/>\n\t<meta name=\"generator\" content=\"All in One SEO Pro (AIOSEO) 4.9.7.1\" \/>\n\t\t<meta property=\"og:locale\" content=\"fr_FR\" \/>\n\t\t<meta property=\"og:site_name\" content=\"ECMO - Journal d&#039;une vie boulevers\u00e9e - Mon aventure, ou plut\u00f4t ma m\u00e9saventure ? De la chance ou de la malchance ?\" \/>\n\t\t<meta property=\"og:type\" content=\"article\" \/>\n\t\t<meta property=\"og:title\" content=\"Moments de soin et d\u2019espoir : le journal d\u2019hospitalisation d\u2019une nuit \u00e0 l\u2019h\u00f4pital\" \/>\n\t\t<meta property=\"og:description\" content=\"Vivez avec nous une nuit \u00e0 l\u2019h\u00f4pital \u00e0 travers le journal d\u2019hospitalisation \u00e9crit par Stefania, entre nouveaut\u00e9s m\u00e9dicales et moments d\u2019espoir et de difficult\u00e9. L\u2019importance de l\u2019humanisation des soins.\" \/>\n\t\t<meta property=\"og:url\" content=\"https:\/\/diario.m-achermann.com\/fr\/le-journal-dhospitalisation\/vendredi-19-fevrier-2021-a-02h15\/\" \/>\n\t\t<meta property=\"og:image\" content=\"https:\/\/diario.m-achermann.com\/wp-content\/uploads\/2024\/02\/Mirko.png\" \/>\n\t\t<meta property=\"og:image:secure_url\" content=\"https:\/\/diario.m-achermann.com\/wp-content\/uploads\/2024\/02\/Mirko.png\" \/>\n\t\t<meta property=\"og:image:width\" content=\"200\" \/>\n\t\t<meta property=\"og:image:height\" content=\"200\" \/>\n\t\t<meta property=\"article:published_time\" content=\"2023-10-24T12:38:07+00:00\" \/>\n\t\t<meta property=\"article:modified_time\" content=\"2026-04-02T08:29:00+00:00\" \/>\n\t\t<meta property=\"article:publisher\" content=\"https:\/\/www.facebook.com\/profile.php?id=61556963490212\" \/>\n\t\t<meta name=\"twitter:card\" content=\"summary_large_image\" \/>\n\t\t<meta name=\"twitter:site\" content=\"@Mapi1967\" \/>\n\t\t<meta name=\"twitter:title\" content=\"Moments de soin et d\u2019espoir : le journal d\u2019hospitalisation d\u2019une nuit \u00e0 l\u2019h\u00f4pital\" \/>\n\t\t<meta name=\"twitter:description\" content=\"Vivez avec nous une nuit \u00e0 l\u2019h\u00f4pital \u00e0 travers le journal d\u2019hospitalisation \u00e9crit par Stefania, entre nouveaut\u00e9s m\u00e9dicales et moments d\u2019espoir et de difficult\u00e9. L\u2019importance de l\u2019humanisation des soins.\" \/>\n\t\t<meta name=\"twitter:creator\" content=\"@Mapi1967\" \/>\n\t\t<meta name=\"twitter:image\" content=\"https:\/\/diario.m-achermann.com\/wp-content\/uploads\/2024\/02\/Mirko.png\" \/>\n\t\t<script type=\"application\/ld+json\" class=\"aioseo-schema\">\n\t\t\t{\"@context\":\"https:\\\/\\\/schema.org\",\"@graph\":[{\"@type\":\"BreadcrumbList\",\"@id\":\"https:\\\/\\\/diario.m-achermann.com\\\/fr\\\/le-journal-dhospitalisation\\\/vendredi-19-fevrier-2021-a-02h15\\\/#breadcrumblist\",\"itemListElement\":[{\"@type\":\"ListItem\",\"@id\":\"https:\\\/\\\/diario.m-achermann.com\\\/fr\\\/#listItem\",\"position\":1,\"name\":\"Home\",\"item\":\"https:\\\/\\\/diario.m-achermann.com\\\/fr\\\/\",\"nextItem\":{\"@type\":\"ListItem\",\"@id\":\"https:\\\/\\\/diario.m-achermann.com\\\/fr\\\/le-journal-dhospitalisation\\\/#listItem\",\"name\":\"Le journal d\\u2019hospitalisation\"}},{\"@type\":\"ListItem\",\"@id\":\"https:\\\/\\\/diario.m-achermann.com\\\/fr\\\/le-journal-dhospitalisation\\\/#listItem\",\"position\":2,\"name\":\"Le journal d\\u2019hospitalisation\",\"item\":\"https:\\\/\\\/diario.m-achermann.com\\\/fr\\\/le-journal-dhospitalisation\\\/\",\"nextItem\":{\"@type\":\"ListItem\",\"@id\":\"https:\\\/\\\/diario.m-achermann.com\\\/fr\\\/le-journal-dhospitalisation\\\/vendredi-19-fevrier-2021-a-02h15\\\/#listItem\",\"name\":\"Vendredi 19 f\\u00e9vrier 2021 \\u00e0 02h15\"},\"previousItem\":{\"@type\":\"ListItem\",\"@id\":\"https:\\\/\\\/diario.m-achermann.com\\\/fr\\\/#listItem\",\"name\":\"Home\"}},{\"@type\":\"ListItem\",\"@id\":\"https:\\\/\\\/diario.m-achermann.com\\\/fr\\\/le-journal-dhospitalisation\\\/vendredi-19-fevrier-2021-a-02h15\\\/#listItem\",\"position\":3,\"name\":\"Vendredi 19 f\\u00e9vrier 2021 \\u00e0 02h15\",\"previousItem\":{\"@type\":\"ListItem\",\"@id\":\"https:\\\/\\\/diario.m-achermann.com\\\/fr\\\/le-journal-dhospitalisation\\\/#listItem\",\"name\":\"Le journal d\\u2019hospitalisation\"}}]},{\"@type\":\"Person\",\"@id\":\"https:\\\/\\\/diario.m-achermann.com\\\/fr\\\/#person\",\"name\":\"Mirko Achermann\",\"image\":{\"@type\":\"ImageObject\",\"@id\":\"https:\\\/\\\/diario.m-achermann.com\\\/fr\\\/le-journal-dhospitalisation\\\/vendredi-19-fevrier-2021-a-02h15\\\/#personImage\",\"url\":\"https:\\\/\\\/secure.gravatar.com\\\/avatar\\\/53bb9dac79236bd713fbe107c9f2410ca8a6094577846073d4bea7d0bab1e51f?s=96&d=mm&r=g\",\"width\":96,\"height\":96,\"caption\":\"Mirko Achermann\"}},{\"@type\":\"WebPage\",\"@id\":\"https:\\\/\\\/diario.m-achermann.com\\\/fr\\\/le-journal-dhospitalisation\\\/vendredi-19-fevrier-2021-a-02h15\\\/#webpage\",\"url\":\"https:\\\/\\\/diario.m-achermann.com\\\/fr\\\/le-journal-dhospitalisation\\\/vendredi-19-fevrier-2021-a-02h15\\\/\",\"name\":\"Moments de soin et d\\u2019espoir : le journal d\\u2019hospitalisation d\\u2019une nuit \\u00e0 l\\u2019h\\u00f4pital\",\"description\":\"Vivez avec nous une nuit \\u00e0 l\\u2019h\\u00f4pital \\u00e0 travers le journal d\\u2019hospitalisation \\u00e9crit par Stefania, entre nouveaut\\u00e9s m\\u00e9dicales et moments d\\u2019espoir et de difficult\\u00e9. L\\u2019importance de l\\u2019humanisation des soins.\",\"inLanguage\":\"fr-FR\",\"isPartOf\":{\"@id\":\"https:\\\/\\\/diario.m-achermann.com\\\/fr\\\/#website\"},\"breadcrumb\":{\"@id\":\"https:\\\/\\\/diario.m-achermann.com\\\/fr\\\/le-journal-dhospitalisation\\\/vendredi-19-fevrier-2021-a-02h15\\\/#breadcrumblist\"},\"datePublished\":\"2023-10-24T14:38:07+02:00\",\"dateModified\":\"2026-04-02T10:29:00+02:00\"},{\"@type\":\"WebSite\",\"@id\":\"https:\\\/\\\/diario.m-achermann.com\\\/fr\\\/#website\",\"url\":\"https:\\\/\\\/diario.m-achermann.com\\\/fr\\\/\",\"name\":\"ECMO \\u2013 Diario di una vita stravolta\",\"alternateName\":\"ECMO\",\"description\":\"Mon aventure, ou plut\\u00f4t ma m\\u00e9saventure ? De la chance ou de la malchance ?\",\"inLanguage\":\"fr-FR\",\"publisher\":{\"@id\":\"https:\\\/\\\/diario.m-achermann.com\\\/fr\\\/#person\"}}]}\n\t\t<\/script>\n\t\t<!-- All in One SEO Pro -->\r\n\t\t<title>Moments de soin et d\u2019espoir : le journal d\u2019hospitalisation d\u2019une nuit \u00e0 l\u2019h\u00f4pital<\/title>\n\n","aioseo_head_json":{"title":"Moments de soin et d\u2019espoir : le journal d\u2019hospitalisation d\u2019une nuit \u00e0 l\u2019h\u00f4pital","description":"Vivez avec nous une nuit \u00e0 l\u2019h\u00f4pital \u00e0 travers le journal d\u2019hospitalisation \u00e9crit par Stefania, entre nouveaut\u00e9s m\u00e9dicales et moments d\u2019espoir et de difficult\u00e9. L\u2019importance de l\u2019humanisation des soins.","canonical_url":"https:\/\/diario.m-achermann.com\/fr\/le-journal-dhospitalisation\/vendredi-19-fevrier-2021-a-02h15\/","robots":"max-snippet:-1, max-image-preview:large, max-video-preview:-1","keywords":"","webmasterTools":{"google-site-verification":"2kcNb_eND2p_5dJ-aEUjUzdL5U1pyWvu9G-2F4Qyiwk","msvalidate.01":"8A32EFC1288A3ACC21FB6846BFC9E656","miscellaneous":""},"schema":{"@context":"https:\/\/schema.org","@graph":[{"@type":"BreadcrumbList","@id":"https:\/\/diario.m-achermann.com\/fr\/le-journal-dhospitalisation\/vendredi-19-fevrier-2021-a-02h15\/#breadcrumblist","itemListElement":[{"@type":"ListItem","@id":"https:\/\/diario.m-achermann.com\/fr\/#listItem","position":1,"name":"Home","item":"https:\/\/diario.m-achermann.com\/fr\/","nextItem":{"@type":"ListItem","@id":"https:\/\/diario.m-achermann.com\/fr\/le-journal-dhospitalisation\/#listItem","name":"Le journal d\u2019hospitalisation"}},{"@type":"ListItem","@id":"https:\/\/diario.m-achermann.com\/fr\/le-journal-dhospitalisation\/#listItem","position":2,"name":"Le journal d\u2019hospitalisation","item":"https:\/\/diario.m-achermann.com\/fr\/le-journal-dhospitalisation\/","nextItem":{"@type":"ListItem","@id":"https:\/\/diario.m-achermann.com\/fr\/le-journal-dhospitalisation\/vendredi-19-fevrier-2021-a-02h15\/#listItem","name":"Vendredi 19 f\u00e9vrier 2021 \u00e0 02h15"},"previousItem":{"@type":"ListItem","@id":"https:\/\/diario.m-achermann.com\/fr\/#listItem","name":"Home"}},{"@type":"ListItem","@id":"https:\/\/diario.m-achermann.com\/fr\/le-journal-dhospitalisation\/vendredi-19-fevrier-2021-a-02h15\/#listItem","position":3,"name":"Vendredi 19 f\u00e9vrier 2021 \u00e0 02h15","previousItem":{"@type":"ListItem","@id":"https:\/\/diario.m-achermann.com\/fr\/le-journal-dhospitalisation\/#listItem","name":"Le journal d\u2019hospitalisation"}}]},{"@type":"Person","@id":"https:\/\/diario.m-achermann.com\/fr\/#person","name":"Mirko Achermann","image":{"@type":"ImageObject","@id":"https:\/\/diario.m-achermann.com\/fr\/le-journal-dhospitalisation\/vendredi-19-fevrier-2021-a-02h15\/#personImage","url":"https:\/\/secure.gravatar.com\/avatar\/53bb9dac79236bd713fbe107c9f2410ca8a6094577846073d4bea7d0bab1e51f?s=96&d=mm&r=g","width":96,"height":96,"caption":"Mirko Achermann"}},{"@type":"WebPage","@id":"https:\/\/diario.m-achermann.com\/fr\/le-journal-dhospitalisation\/vendredi-19-fevrier-2021-a-02h15\/#webpage","url":"https:\/\/diario.m-achermann.com\/fr\/le-journal-dhospitalisation\/vendredi-19-fevrier-2021-a-02h15\/","name":"Moments de soin et d\u2019espoir : le journal d\u2019hospitalisation d\u2019une nuit \u00e0 l\u2019h\u00f4pital","description":"Vivez avec nous une nuit \u00e0 l\u2019h\u00f4pital \u00e0 travers le journal d\u2019hospitalisation \u00e9crit par Stefania, entre nouveaut\u00e9s m\u00e9dicales et moments d\u2019espoir et de difficult\u00e9. L\u2019importance de l\u2019humanisation des soins.","inLanguage":"fr-FR","isPartOf":{"@id":"https:\/\/diario.m-achermann.com\/fr\/#website"},"breadcrumb":{"@id":"https:\/\/diario.m-achermann.com\/fr\/le-journal-dhospitalisation\/vendredi-19-fevrier-2021-a-02h15\/#breadcrumblist"},"datePublished":"2023-10-24T14:38:07+02:00","dateModified":"2026-04-02T10:29:00+02:00"},{"@type":"WebSite","@id":"https:\/\/diario.m-achermann.com\/fr\/#website","url":"https:\/\/diario.m-achermann.com\/fr\/","name":"ECMO \u2013 Diario di una vita stravolta","alternateName":"ECMO","description":"Mon aventure, ou plut\u00f4t ma m\u00e9saventure ? De la chance ou de la malchance ?","inLanguage":"fr-FR","publisher":{"@id":"https:\/\/diario.m-achermann.com\/fr\/#person"}}]},"og:locale":"fr_FR","og:site_name":"ECMO - Journal d'une vie boulevers\u00e9e - Mon aventure, ou plut\u00f4t ma m\u00e9saventure ? De la chance ou de la malchance ?","og:type":"article","og:title":"Moments de soin et d\u2019espoir : le journal d\u2019hospitalisation d\u2019une nuit \u00e0 l\u2019h\u00f4pital","og:description":"Vivez avec nous une nuit \u00e0 l\u2019h\u00f4pital \u00e0 travers le journal d\u2019hospitalisation \u00e9crit par Stefania, entre nouveaut\u00e9s m\u00e9dicales et moments d\u2019espoir et de difficult\u00e9. L\u2019importance de l\u2019humanisation des soins.","og:url":"https:\/\/diario.m-achermann.com\/fr\/le-journal-dhospitalisation\/vendredi-19-fevrier-2021-a-02h15\/","og:image":"https:\/\/diario.m-achermann.com\/wp-content\/uploads\/2024\/02\/Mirko.png","og:image:secure_url":"https:\/\/diario.m-achermann.com\/wp-content\/uploads\/2024\/02\/Mirko.png","og:image:width":200,"og:image:height":200,"article:published_time":"2023-10-24T12:38:07+00:00","article:modified_time":"2026-04-02T08:29:00+00:00","article:publisher":"https:\/\/www.facebook.com\/profile.php?id=61556963490212","twitter:card":"summary_large_image","twitter:site":"@Mapi1967","twitter:title":"Moments de soin et d\u2019espoir : le journal d\u2019hospitalisation d\u2019une nuit \u00e0 l\u2019h\u00f4pital","twitter:description":"Vivez avec nous une nuit \u00e0 l\u2019h\u00f4pital \u00e0 travers le journal d\u2019hospitalisation \u00e9crit par Stefania, entre nouveaut\u00e9s m\u00e9dicales et moments d\u2019espoir et de difficult\u00e9. L\u2019importance de l\u2019humanisation des soins.","twitter:creator":"@Mapi1967","twitter:image":"https:\/\/diario.m-achermann.com\/wp-content\/uploads\/2024\/02\/Mirko.png"},"aioseo_meta_data":{"post_id":"9735","title":"Moments de soin et d\u2019espoir : le journal d\u2019hospitalisation d\u2019une nuit \u00e0 l\u2019h\u00f4pital","description":"Vivez avec nous une nuit \u00e0 l\u2019h\u00f4pital \u00e0 travers le journal d\u2019hospitalisation \u00e9crit par Stefania, entre nouveaut\u00e9s m\u00e9dicales et moments d\u2019espoir et de difficult\u00e9. L\u2019importance de l\u2019humanisation des soins. ","keywords":null,"keyphrases":{"focus":{"keyphrase":"Diario","score":70,"analysis":{"keyphraseInTitle":{"score":9,"maxScore":9,"error":0},"keyphraseInDescription":{"score":9,"maxScore":9,"error":0},"keyphraseLength":{"score":9,"maxScore":9,"error":0,"length":1},"keyphraseInURL":{"score":5,"maxScore":5,"error":0},"keyphraseInIntroduction":{"score":3,"maxScore":9,"error":1},"keyphraseInSubHeadings":[],"keyphraseInImageAlt":[],"keywordDensity":{"score":0,"type":"low","maxScore":9,"error":1}}},"additional":[{"keyphrase":"ECMO","score":67,"analysis":{"keyphraseInDescription":{"score":3,"maxScore":9,"error":1},"keyphraseLength":{"score":9,"maxScore":9,"error":0,"length":1},"keyphraseInIntroduction":{"score":3,"maxScore":9,"error":1},"keyphraseInImageAlt":[],"keywordDensity":{"type":"best","score":9,"maxScore":9,"error":0}}},{"keyphrase":"Degenza","score":58,"analysis":{"keyphraseInDescription":{"score":9,"maxScore":9,"error":0},"keyphraseLength":{"score":9,"maxScore":9,"error":0,"length":1},"keyphraseInIntroduction":{"score":3,"maxScore":9,"error":1},"keyphraseInImageAlt":[],"keywordDensity":{"score":0,"type":"low","maxScore":9,"error":1}}},{"keyphrase":"Cardiocentro","score":42,"analysis":{"keyphraseInDescription":{"score":3,"maxScore":9,"error":1},"keyphraseLength":{"score":9,"maxScore":9,"error":0,"length":1},"keyphraseInIntroduction":{"score":3,"maxScore":9,"error":1},"keyphraseInImageAlt":[],"keywordDensity":{"score":0,"type":"low","maxScore":9,"error":1}}}]},"primary_term":null,"canonical_url":null,"og_title":null,"og_description":null,"og_object_type":"default","og_image_type":"default","og_image_url":null,"og_image_width":null,"og_image_height":null,"og_image_custom_url":null,"og_image_custom_fields":null,"og_video":"","og_custom_url":null,"og_article_section":null,"og_article_tags":null,"twitter_use_og":false,"twitter_card":"default","twitter_image_type":"default","twitter_image_url":null,"twitter_image_custom_url":null,"twitter_image_custom_fields":null,"twitter_title":null,"twitter_description":null,"schema":{"blockGraphs":[],"customGraphs":[],"default":{"data":{"Article":[],"Course":[],"Dataset":[],"FAQPage":[],"Movie":[],"Person":[],"Product":[],"ProductReview":[],"Car":[],"Recipe":[],"Service":[],"SoftwareApplication":[],"WebPage":[]},"graphName":"WebPage","isEnabled":true},"graphs":[]},"schema_type":"default","schema_type_options":null,"pillar_content":false,"robots_default":true,"robots_noindex":false,"robots_noarchive":false,"robots_nosnippet":false,"robots_nofollow":false,"robots_noimageindex":false,"robots_noodp":false,"robots_notranslate":false,"robots_max_snippet":"-1","robots_max_videopreview":"-1","robots_max_imagepreview":"large","priority":null,"frequency":"default","local_seo":null,"seo_analyzer_scan_date":"2026-04-02 08:42:18","breadcrumb_settings":null,"limit_modified_date":0,"reviewed_by":"0","open_ai":"{\"title\":{\"suggestions\":[],\"usage\":0},\"description\":{\"suggestions\":[],\"usage\":0}}","ai":{"faqs":[],"keyPoints":[],"titles":["Diario di un'infermiera: l'ultima notte di Stefania al letto di Mirko","Momenti di cura e speranza: il diario di una notte in ospedale","Tra battiti e battaglie: il diario notturno di Stefania con Mirko","Un diario di speranza: notte in ospedale tra respirazione e cura","Ricordi di una notte difficile: diario di Stefania per Mirko"],"descriptions":["Scopri il diario di una notte in corsia con aggiornamenti sulla salute di Stefania e il suo coraggio. Un racconto diretto e coinvolgente.","Il diario di notte di Stefania ci porta nel cuore delle sfide di una cura intensiva, offrendo uno sguardo autentico e personale.","Vivi con noi una notte in ospedale attraverso il diario di Stefania, tra novit\u00e0 mediche e momenti di speranza e difficolt\u00e0.","Un diario sincero che rivela la lotta di Stefania con il suo paziente, tra trattamenti, speranze e il coraggio di andare avanti.","Entrena nel mondo reale di un ospedale con il diario di Stefania, un racconto toccante e prezioso di cura e resilienza."],"socialPosts":{"email":[],"linkedin":[],"twitter":[],"facebook":[],"instagram":[]}},"created":"2026-04-01 14:50:53","updated":"2026-04-02 09:37:10"},"aioseo_breadcrumb":"<div class=\"aioseo-breadcrumbs\"><span class=\"aioseo-breadcrumb\">\n\t<a href=\"https:\/\/diario.m-achermann.com\/fr\/\" title=\"Home\">Home<\/a>\n<\/span><span class=\"aioseo-breadcrumb-separator\">\u00bb<\/span><span class=\"aioseo-breadcrumb\">\n\t<a href=\"https:\/\/diario.m-achermann.com\/fr\/le-journal-dhospitalisation\/\" title=\"Le journal d\u2019hospitalisation\">Le journal d\u2019hospitalisation<\/a>\n<\/span><span class=\"aioseo-breadcrumb-separator\">\u00bb<\/span><span class=\"aioseo-breadcrumb\">\n\tVendredi 19 f\u00e9vrier 2021 \u00e0 02h15\n<\/span><\/div>","aioseo_breadcrumb_json":[{"label":"Home","link":"https:\/\/diario.m-achermann.com\/fr\/"},{"label":"Le journal d\u2019hospitalisation","link":"https:\/\/diario.m-achermann.com\/fr\/le-journal-dhospitalisation\/"},{"label":"Vendredi 19 f\u00e9vrier 2021 \u00e0 02h15","link":"https:\/\/diario.m-achermann.com\/fr\/le-journal-dhospitalisation\/vendredi-19-fevrier-2021-a-02h15\/"}],"_links":{"self":[{"href":"https:\/\/diario.m-achermann.com\/fr\/wp-json\/wp\/v2\/pages\/9735","targetHints":{"allow":["GET"]}}],"collection":[{"href":"https:\/\/diario.m-achermann.com\/fr\/wp-json\/wp\/v2\/pages"}],"about":[{"href":"https:\/\/diario.m-achermann.com\/fr\/wp-json\/wp\/v2\/types\/page"}],"author":[{"embeddable":true,"href":"https:\/\/diario.m-achermann.com\/fr\/wp-json\/wp\/v2\/users\/1"}],"replies":[{"embeddable":true,"href":"https:\/\/diario.m-achermann.com\/fr\/wp-json\/wp\/v2\/comments?post=9735"}],"version-history":[{"count":1,"href":"https:\/\/diario.m-achermann.com\/fr\/wp-json\/wp\/v2\/pages\/9735\/revisions"}],"predecessor-version":[{"id":9736,"href":"https:\/\/diario.m-achermann.com\/fr\/wp-json\/wp\/v2\/pages\/9735\/revisions\/9736"}],"up":[{"embeddable":true,"href":"https:\/\/diario.m-achermann.com\/fr\/wp-json\/wp\/v2\/pages\/10023"}],"wp:attachment":[{"href":"https:\/\/diario.m-achermann.com\/fr\/wp-json\/wp\/v2\/media?parent=9735"}],"wp:term":[{"taxonomy":"category","embeddable":true,"href":"https:\/\/diario.m-achermann.com\/fr\/wp-json\/wp\/v2\/categories?post=9735"},{"taxonomy":"post_tag","embeddable":true,"href":"https:\/\/diario.m-achermann.com\/fr\/wp-json\/wp\/v2\/tags?post=9735"}],"curies":[{"name":"wp","href":"https:\/\/api.w.org\/{rel}","templated":true}]}}