{"id":9838,"date":"2023-12-09T15:26:42","date_gmt":"2023-12-09T14:26:42","guid":{"rendered":"https:\/\/diario.m-achermann.com\/objectif-et-temoignages-du-journal-de-sejour\/"},"modified":"2026-04-01T17:05:00","modified_gmt":"2026-04-01T15:05:00","slug":"objectif-et-temoignages-du-journal-de-sejour","status":"publish","type":"page","link":"https:\/\/diario.m-achermann.com\/fr\/le-journal-dhospitalisation\/objectif-et-temoignages-du-journal-de-sejour\/","title":{"rendered":"Objectif et t\u00e9moignages du journal de s\u00e9jour"},"content":{"rendered":"\n<ul class=\"wp-block-list\">\n<li><a href=\"https:\/\/postintensiva.it\/blog\/i-diari-paziente-al-cardiocentro-ticino-di-lugano\/\" target=\"_blank\" rel=\"noopener\" title=\"\">Les journaux de patients au Cardiocentro Ticino de Lugano<\/a><\/li>\n\n\n\n<li><a href=\"https:\/\/postintensiva.it\/blog\/diario-paziente-di-terapia-intensiva-covid\/\" target=\"_blank\" rel=\"noopener\" title=\"\">Le journal de patient en soins intensifs : un jeune p\u00e8re hospitalis\u00e9 pour la covid<\/a><\/li>\n\n\n\n<li><a href=\"https:\/\/postintensiva.it\/blog\/category\/il-diario-paziente\/\" target=\"_blank\" rel=\"noopener\" title=\"\">Le journal de patient &#8211; post-soins intensifs<\/a><\/li>\n\n\n\n<li><a href=\"https:\/\/www.auto-aiuto.ch\/Prossimi-incontri-del-nuovo-gruppo-di-auto-aiuto-Post-cure-intense-af058a00\" target=\"_blank\" rel=\"noopener\" title=\"\">Groupe d&rsquo;entraide post-soins intensifs<\/a><\/li>\n\n\n\n<li><a href=\"https:\/\/forum.postintensiva.it\" target=\"_blank\" rel=\"noopener\" title=\"\">Forum post-soins intensifs<\/a><\/li>\n\n\n\n<li><a href=\"https:\/\/postintensiva.it\/blog\/sindrome-da-stress-post-traumatico-post-terapia-intensiva\/\" target=\"_blank\" rel=\"noopener\" title=\"\">Syndrome de stress post-traumatique apr\u00e8s les soins intensifs racont\u00e9 par un m\u00e9decin devenu patient<\/a><\/li>\n\n\n\n<li><a href=\"https:\/\/postintensiva.it\/blog\/category\/storie-di-terapia-intensiva\/\" target=\"_blank\" rel=\"noopener\" title=\"\">Histoires de soins intensifs<\/a><\/li>\n\n\n\n<li><a href=\"https:\/\/postintensiva.it\/blog\/category\/brochure\/\" target=\"_blank\" rel=\"noopener\" title=\"\">Le retour \u00e0 la maison : brochure sur l&rsquo;apr\u00e8s-soins intensifs<\/a><\/li>\n<\/ul>\n\n<div data-wp-interactive=\"core\/file\" class=\"wp-block-file\"><object data-wp-bind--hidden=\"!state.hasPdfPreview\" hidden class=\"wp-block-file__embed\" data=\"https:\/\/diario.m-achermann.com\/wp-content\/uploads\/2023\/12\/brochure-il-ritorno-a-casa.pdf\" type=\"application\/pdf\" style=\"width:100%;height:600px\" aria-label=\"Contenu embarqu\u00e9 brochure-il-ritorno-a-casa.\"><\/object><a id=\"wp-block-file--media-69fd6838-013a-4447-bf6a-50cd17c5f92b\" href=\"https:\/\/diario.m-achermann.com\/wp-content\/uploads\/2023\/12\/brochure-il-ritorno-a-casa.pdf\" target=\"_blank\" rel=\"noreferrer noopener\">brochure-le-retour-a-la-maison<\/a><a href=\"https:\/\/diario.m-achermann.com\/wp-content\/uploads\/2023\/12\/brochure-il-ritorno-a-casa.pdf\" class=\"wp-block-file__button wp-element-button\" download=\"\" aria-describedby=\"wp-block-file--media-69fd6838-013a-4447-bf6a-50cd17c5f92b\">T\u00e9l\u00e9charger<\/a><\/div>\n","protected":false},"excerpt":{"rendered":"","protected":false},"author":1,"featured_media":0,"parent":10023,"menu_order":10,"comment_status":"open","ping_status":"closed","template":"","meta":{"_editorskit_title_hidden":false,"_editorskit_reading_time":0,"_editorskit_is_block_options_detached":false,"_editorskit_block_options_position":"{}","om_disable_all_campaigns":false,"_lmt_disableupdate":"","_lmt_disable":"","_monsterinsights_skip_tracking":false,"_monsterinsights_sitenote_active":false,"_monsterinsights_sitenote_note":"","_monsterinsights_sitenote_category":0,"neve_meta_sidebar":"","neve_meta_container":"","neve_meta_enable_content_width":"","neve_meta_content_width":0,"neve_meta_title_alignment":"","neve_meta_author_avatar":"","neve_post_elements_order":"","neve_meta_disable_header":"","neve_meta_disable_footer":"","neve_meta_disable_title":"","neve_meta_reading_time":"","_themeisle_gutenberg_block_has_review":false,"footnotes":""},"categories":[],"tags":[],"class_list":["post-9838","page","type-page","status-publish","hentry"],"aioseo_notices":[],"aioseo_head":"\n\t\t<!-- All in One SEO Pro 4.9.7.1 - aioseo.com -->\n\t<meta name=\"description\" content=\"D\u00e9couvrez le r\u00f4le du \u00ab journal de s\u00e9jour \u00bb dans le parcours de r\u00e9tablissement au Cardiocentro Ticino, avec des histoires de vie de patients et de m\u00e9decins transform\u00e9s.\" \/>\n\t<meta name=\"robots\" content=\"max-snippet:-1, max-image-preview:large, max-video-preview:-1\" \/>\n\t<meta name=\"google-site-verification\" content=\"2kcNb_eND2p_5dJ-aEUjUzdL5U1pyWvu9G-2F4Qyiwk\" \/>\n\t<meta name=\"msvalidate.01\" content=\"8A32EFC1288A3ACC21FB6846BFC9E656\" \/>\n\t<link rel=\"canonical\" href=\"https:\/\/diario.m-achermann.com\/fr\/le-journal-dhospitalisation\/objectif-et-temoignages-du-journal-de-sejour\/\" \/>\n\t<meta name=\"generator\" content=\"All in One SEO Pro (AIOSEO) 4.9.7.1\" \/>\n\t\t<meta property=\"og:locale\" content=\"fr_FR\" \/>\n\t\t<meta property=\"og:site_name\" content=\"ECMO - Journal d&#039;une vie boulevers\u00e9e - Mon aventure, ou plut\u00f4t ma m\u00e9saventure ? De la chance ou de la malchance ?\" \/>\n\t\t<meta property=\"og:type\" content=\"article\" \/>\n\t\t<meta property=\"og:title\" content=\"Journal de s\u00e9jour : r\u00e9cits et soutien post-soins intensifs au Cardiocentro Ticino\" \/>\n\t\t<meta property=\"og:description\" content=\"D\u00e9couvrez le r\u00f4le du \u00ab journal de s\u00e9jour \u00bb dans le parcours de r\u00e9tablissement au Cardiocentro Ticino, avec des histoires de vie de patients et de m\u00e9decins transform\u00e9s.\" \/>\n\t\t<meta property=\"og:url\" content=\"https:\/\/diario.m-achermann.com\/fr\/le-journal-dhospitalisation\/objectif-et-temoignages-du-journal-de-sejour\/\" \/>\n\t\t<meta property=\"og:image\" content=\"https:\/\/diario.m-achermann.com\/wp-content\/uploads\/2024\/02\/Mirko.png\" \/>\n\t\t<meta property=\"og:image:secure_url\" content=\"https:\/\/diario.m-achermann.com\/wp-content\/uploads\/2024\/02\/Mirko.png\" \/>\n\t\t<meta property=\"og:image:width\" content=\"200\" \/>\n\t\t<meta property=\"og:image:height\" content=\"200\" \/>\n\t\t<meta property=\"article:published_time\" content=\"2023-12-09T14:26:42+00:00\" \/>\n\t\t<meta property=\"article:modified_time\" content=\"2026-04-01T15:05:00+00:00\" \/>\n\t\t<meta property=\"article:publisher\" content=\"https:\/\/www.facebook.com\/profile.php?id=61556963490212\" \/>\n\t\t<meta name=\"twitter:card\" content=\"summary_large_image\" \/>\n\t\t<meta name=\"twitter:site\" content=\"@Mapi1967\" \/>\n\t\t<meta name=\"twitter:title\" content=\"Journal de s\u00e9jour : r\u00e9cits et soutien post-soins intensifs au Cardiocentro Ticino\" \/>\n\t\t<meta name=\"twitter:description\" content=\"D\u00e9couvrez le r\u00f4le du \u00ab journal de s\u00e9jour \u00bb dans le parcours de r\u00e9tablissement au Cardiocentro Ticino, avec des histoires de vie de patients et de m\u00e9decins transform\u00e9s.\" \/>\n\t\t<meta name=\"twitter:creator\" content=\"@Mapi1967\" \/>\n\t\t<meta name=\"twitter:image\" content=\"https:\/\/diario.m-achermann.com\/wp-content\/uploads\/2024\/02\/Mirko.png\" \/>\n\t\t<script type=\"application\/ld+json\" class=\"aioseo-schema\">\n\t\t\t{\"@context\":\"https:\\\/\\\/schema.org\",\"@graph\":[{\"@type\":\"BreadcrumbList\",\"@id\":\"https:\\\/\\\/diario.m-achermann.com\\\/fr\\\/le-journal-dhospitalisation\\\/objectif-et-temoignages-du-journal-de-sejour\\\/#breadcrumblist\",\"itemListElement\":[{\"@type\":\"ListItem\",\"@id\":\"https:\\\/\\\/diario.m-achermann.com\\\/fr\\\/#listItem\",\"position\":1,\"name\":\"Home\",\"item\":\"https:\\\/\\\/diario.m-achermann.com\\\/fr\\\/\",\"nextItem\":{\"@type\":\"ListItem\",\"@id\":\"https:\\\/\\\/diario.m-achermann.com\\\/fr\\\/le-journal-dhospitalisation\\\/#listItem\",\"name\":\"Le journal d\\u2019hospitalisation\"}},{\"@type\":\"ListItem\",\"@id\":\"https:\\\/\\\/diario.m-achermann.com\\\/fr\\\/le-journal-dhospitalisation\\\/#listItem\",\"position\":2,\"name\":\"Le journal d\\u2019hospitalisation\",\"item\":\"https:\\\/\\\/diario.m-achermann.com\\\/fr\\\/le-journal-dhospitalisation\\\/\",\"nextItem\":{\"@type\":\"ListItem\",\"@id\":\"https:\\\/\\\/diario.m-achermann.com\\\/fr\\\/le-journal-dhospitalisation\\\/objectif-et-temoignages-du-journal-de-sejour\\\/#listItem\",\"name\":\"Objectif et t\\u00e9moignages du journal de s\\u00e9jour\"},\"previousItem\":{\"@type\":\"ListItem\",\"@id\":\"https:\\\/\\\/diario.m-achermann.com\\\/fr\\\/#listItem\",\"name\":\"Home\"}},{\"@type\":\"ListItem\",\"@id\":\"https:\\\/\\\/diario.m-achermann.com\\\/fr\\\/le-journal-dhospitalisation\\\/objectif-et-temoignages-du-journal-de-sejour\\\/#listItem\",\"position\":3,\"name\":\"Objectif et t\\u00e9moignages du journal de s\\u00e9jour\",\"previousItem\":{\"@type\":\"ListItem\",\"@id\":\"https:\\\/\\\/diario.m-achermann.com\\\/fr\\\/le-journal-dhospitalisation\\\/#listItem\",\"name\":\"Le journal d\\u2019hospitalisation\"}}]},{\"@type\":\"Person\",\"@id\":\"https:\\\/\\\/diario.m-achermann.com\\\/fr\\\/#person\",\"name\":\"Mirko Achermann\",\"image\":{\"@type\":\"ImageObject\",\"@id\":\"https:\\\/\\\/diario.m-achermann.com\\\/fr\\\/le-journal-dhospitalisation\\\/objectif-et-temoignages-du-journal-de-sejour\\\/#personImage\",\"url\":\"https:\\\/\\\/secure.gravatar.com\\\/avatar\\\/53bb9dac79236bd713fbe107c9f2410ca8a6094577846073d4bea7d0bab1e51f?s=96&d=mm&r=g\",\"width\":96,\"height\":96,\"caption\":\"Mirko Achermann\"}},{\"@type\":\"WebPage\",\"@id\":\"https:\\\/\\\/diario.m-achermann.com\\\/fr\\\/le-journal-dhospitalisation\\\/objectif-et-temoignages-du-journal-de-sejour\\\/#webpage\",\"url\":\"https:\\\/\\\/diario.m-achermann.com\\\/fr\\\/le-journal-dhospitalisation\\\/objectif-et-temoignages-du-journal-de-sejour\\\/\",\"name\":\"Journal de s\\u00e9jour : r\\u00e9cits et soutien post-soins intensifs au Cardiocentro Ticino\",\"description\":\"D\\u00e9couvrez le r\\u00f4le du \\u00ab journal de s\\u00e9jour \\u00bb dans le parcours de r\\u00e9tablissement au Cardiocentro Ticino, avec des histoires de vie de patients et de m\\u00e9decins transform\\u00e9s.\",\"inLanguage\":\"fr-FR\",\"isPartOf\":{\"@id\":\"https:\\\/\\\/diario.m-achermann.com\\\/fr\\\/#website\"},\"breadcrumb\":{\"@id\":\"https:\\\/\\\/diario.m-achermann.com\\\/fr\\\/le-journal-dhospitalisation\\\/objectif-et-temoignages-du-journal-de-sejour\\\/#breadcrumblist\"},\"datePublished\":\"2023-12-09T15:26:42+01:00\",\"dateModified\":\"2026-04-01T17:05:00+02:00\"},{\"@type\":\"WebSite\",\"@id\":\"https:\\\/\\\/diario.m-achermann.com\\\/fr\\\/#website\",\"url\":\"https:\\\/\\\/diario.m-achermann.com\\\/fr\\\/\",\"name\":\"ECMO \\u2013 Diario di una vita stravolta\",\"alternateName\":\"ECMO\",\"description\":\"Mon aventure, ou plut\\u00f4t ma m\\u00e9saventure ? De la chance ou de la malchance ?\",\"inLanguage\":\"fr-FR\",\"publisher\":{\"@id\":\"https:\\\/\\\/diario.m-achermann.com\\\/fr\\\/#person\"}}]}\n\t\t<\/script>\n\t\t<!-- All in One SEO Pro -->\r\n\t\t<title>Journal de s\u00e9jour : r\u00e9cits et soutien post-soins intensifs au Cardiocentro Ticino<\/title>\n\n","aioseo_head_json":{"title":"Journal de s\u00e9jour : r\u00e9cits et soutien post-soins intensifs au Cardiocentro Ticino","description":"D\u00e9couvrez le r\u00f4le du \u00ab journal de s\u00e9jour \u00bb dans le parcours de r\u00e9tablissement au Cardiocentro Ticino, avec des histoires de vie de patients et de m\u00e9decins transform\u00e9s.","canonical_url":"https:\/\/diario.m-achermann.com\/fr\/le-journal-dhospitalisation\/objectif-et-temoignages-du-journal-de-sejour\/","robots":"max-snippet:-1, max-image-preview:large, max-video-preview:-1","keywords":"","webmasterTools":{"google-site-verification":"2kcNb_eND2p_5dJ-aEUjUzdL5U1pyWvu9G-2F4Qyiwk","msvalidate.01":"8A32EFC1288A3ACC21FB6846BFC9E656","miscellaneous":""},"schema":{"@context":"https:\/\/schema.org","@graph":[{"@type":"BreadcrumbList","@id":"https:\/\/diario.m-achermann.com\/fr\/le-journal-dhospitalisation\/objectif-et-temoignages-du-journal-de-sejour\/#breadcrumblist","itemListElement":[{"@type":"ListItem","@id":"https:\/\/diario.m-achermann.com\/fr\/#listItem","position":1,"name":"Home","item":"https:\/\/diario.m-achermann.com\/fr\/","nextItem":{"@type":"ListItem","@id":"https:\/\/diario.m-achermann.com\/fr\/le-journal-dhospitalisation\/#listItem","name":"Le journal d\u2019hospitalisation"}},{"@type":"ListItem","@id":"https:\/\/diario.m-achermann.com\/fr\/le-journal-dhospitalisation\/#listItem","position":2,"name":"Le journal d\u2019hospitalisation","item":"https:\/\/diario.m-achermann.com\/fr\/le-journal-dhospitalisation\/","nextItem":{"@type":"ListItem","@id":"https:\/\/diario.m-achermann.com\/fr\/le-journal-dhospitalisation\/objectif-et-temoignages-du-journal-de-sejour\/#listItem","name":"Objectif et t\u00e9moignages du journal de s\u00e9jour"},"previousItem":{"@type":"ListItem","@id":"https:\/\/diario.m-achermann.com\/fr\/#listItem","name":"Home"}},{"@type":"ListItem","@id":"https:\/\/diario.m-achermann.com\/fr\/le-journal-dhospitalisation\/objectif-et-temoignages-du-journal-de-sejour\/#listItem","position":3,"name":"Objectif et t\u00e9moignages du journal de s\u00e9jour","previousItem":{"@type":"ListItem","@id":"https:\/\/diario.m-achermann.com\/fr\/le-journal-dhospitalisation\/#listItem","name":"Le journal d\u2019hospitalisation"}}]},{"@type":"Person","@id":"https:\/\/diario.m-achermann.com\/fr\/#person","name":"Mirko Achermann","image":{"@type":"ImageObject","@id":"https:\/\/diario.m-achermann.com\/fr\/le-journal-dhospitalisation\/objectif-et-temoignages-du-journal-de-sejour\/#personImage","url":"https:\/\/secure.gravatar.com\/avatar\/53bb9dac79236bd713fbe107c9f2410ca8a6094577846073d4bea7d0bab1e51f?s=96&d=mm&r=g","width":96,"height":96,"caption":"Mirko Achermann"}},{"@type":"WebPage","@id":"https:\/\/diario.m-achermann.com\/fr\/le-journal-dhospitalisation\/objectif-et-temoignages-du-journal-de-sejour\/#webpage","url":"https:\/\/diario.m-achermann.com\/fr\/le-journal-dhospitalisation\/objectif-et-temoignages-du-journal-de-sejour\/","name":"Journal de s\u00e9jour : r\u00e9cits et soutien post-soins intensifs au Cardiocentro Ticino","description":"D\u00e9couvrez le r\u00f4le du \u00ab journal de s\u00e9jour \u00bb dans le parcours de r\u00e9tablissement au Cardiocentro Ticino, avec des histoires de vie de patients et de m\u00e9decins transform\u00e9s.","inLanguage":"fr-FR","isPartOf":{"@id":"https:\/\/diario.m-achermann.com\/fr\/#website"},"breadcrumb":{"@id":"https:\/\/diario.m-achermann.com\/fr\/le-journal-dhospitalisation\/objectif-et-temoignages-du-journal-de-sejour\/#breadcrumblist"},"datePublished":"2023-12-09T15:26:42+01:00","dateModified":"2026-04-01T17:05:00+02:00"},{"@type":"WebSite","@id":"https:\/\/diario.m-achermann.com\/fr\/#website","url":"https:\/\/diario.m-achermann.com\/fr\/","name":"ECMO \u2013 Diario di una vita stravolta","alternateName":"ECMO","description":"Mon aventure, ou plut\u00f4t ma m\u00e9saventure ? De la chance ou de la malchance ?","inLanguage":"fr-FR","publisher":{"@id":"https:\/\/diario.m-achermann.com\/fr\/#person"}}]},"og:locale":"fr_FR","og:site_name":"ECMO - Journal d'une vie boulevers\u00e9e - Mon aventure, ou plut\u00f4t ma m\u00e9saventure ? De la chance ou de la malchance ?","og:type":"article","og:title":"Journal de s\u00e9jour : r\u00e9cits et soutien post-soins intensifs au Cardiocentro Ticino","og:description":"D\u00e9couvrez le r\u00f4le du \u00ab journal de s\u00e9jour \u00bb dans le parcours de r\u00e9tablissement au Cardiocentro Ticino, avec des histoires de vie de patients et de m\u00e9decins transform\u00e9s.","og:url":"https:\/\/diario.m-achermann.com\/fr\/le-journal-dhospitalisation\/objectif-et-temoignages-du-journal-de-sejour\/","og:image":"https:\/\/diario.m-achermann.com\/wp-content\/uploads\/2024\/02\/Mirko.png","og:image:secure_url":"https:\/\/diario.m-achermann.com\/wp-content\/uploads\/2024\/02\/Mirko.png","og:image:width":200,"og:image:height":200,"article:published_time":"2023-12-09T14:26:42+00:00","article:modified_time":"2026-04-01T15:05:00+00:00","article:publisher":"https:\/\/www.facebook.com\/profile.php?id=61556963490212","twitter:card":"summary_large_image","twitter:site":"@Mapi1967","twitter:title":"Journal de s\u00e9jour : r\u00e9cits et soutien post-soins intensifs au Cardiocentro Ticino","twitter:description":"D\u00e9couvrez le r\u00f4le du \u00ab journal de s\u00e9jour \u00bb dans le parcours de r\u00e9tablissement au Cardiocentro Ticino, avec des histoires de vie de patients et de m\u00e9decins transform\u00e9s.","twitter:creator":"@Mapi1967","twitter:image":"https:\/\/diario.m-achermann.com\/wp-content\/uploads\/2024\/02\/Mirko.png"},"aioseo_meta_data":{"post_id":"9838","title":"Journal de s\u00e9jour : r\u00e9cits et soutien post-soins intensifs au Cardiocentro Ticino","description":"D\u00e9couvrez le r\u00f4le du \u00ab journal de s\u00e9jour \u00bb dans le parcours de r\u00e9tablissement au Cardiocentro Ticino, avec des histoires de vie de patients et de m\u00e9decins transform\u00e9s.","keywords":null,"keyphrases":{"focus":{"keyphrase":"diario di degenza","score":70,"analysis":{"keyphraseInTitle":{"score":9,"maxScore":9,"error":0},"keyphraseInDescription":{"score":9,"maxScore":9,"error":0},"keyphraseLength":{"score":9,"maxScore":9,"error":0,"length":3},"keyphraseInURL":{"score":5,"maxScore":5,"error":0},"keyphraseInIntroduction":{"score":3,"maxScore":9,"error":1},"keyphraseInSubHeadings":[],"keyphraseInImageAlt":[],"keywordDensity":{"score":0,"type":"low","maxScore":9,"error":1}}},"additional":[{"keyphrase":"scopo","score":42,"analysis":{"keyphraseInDescription":{"score":3,"maxScore":9,"error":1},"keyphraseLength":{"score":9,"maxScore":9,"error":0,"length":1},"keyphraseInIntroduction":{"score":3,"maxScore":9,"error":1},"keyphraseInImageAlt":[],"keywordDensity":{"score":0,"type":"low","maxScore":9,"error":1}}},{"keyphrase":"testimonianze","score":42,"analysis":{"keyphraseInDescription":{"score":3,"maxScore":9,"error":1},"keyphraseLength":{"score":9,"maxScore":9,"error":0,"length":1},"keyphraseInIntroduction":{"score":3,"maxScore":9,"error":1},"keyphraseInImageAlt":[],"keywordDensity":{"score":0,"type":"low","maxScore":9,"error":1}}},{"keyphrase":"ECMO","score":42,"analysis":{"keyphraseInDescription":{"score":3,"maxScore":9,"error":1},"keyphraseLength":{"score":9,"maxScore":9,"error":0,"length":1},"keyphraseInIntroduction":{"score":3,"maxScore":9,"error":1},"keyphraseInImageAlt":[],"keywordDensity":{"score":0,"type":"low","maxScore":9,"error":1}}}]},"primary_term":null,"canonical_url":null,"og_title":null,"og_description":null,"og_object_type":"default","og_image_type":"default","og_image_url":null,"og_image_width":null,"og_image_height":null,"og_image_custom_url":null,"og_image_custom_fields":null,"og_video":"","og_custom_url":null,"og_article_section":null,"og_article_tags":null,"twitter_use_og":false,"twitter_card":"default","twitter_image_type":"default","twitter_image_url":null,"twitter_image_custom_url":null,"twitter_image_custom_fields":null,"twitter_title":null,"twitter_description":null,"schema":{"blockGraphs":[],"customGraphs":[],"default":{"data":{"Article":[],"Course":[],"Dataset":[],"FAQPage":[],"Movie":[],"Person":[],"Product":[],"ProductReview":[],"Car":[],"Recipe":[],"Service":[],"SoftwareApplication":[],"WebPage":[]},"graphName":"WebPage","isEnabled":true},"graphs":[]},"schema_type":"default","schema_type_options":null,"pillar_content":false,"robots_default":true,"robots_noindex":false,"robots_noarchive":false,"robots_nosnippet":false,"robots_nofollow":false,"robots_noimageindex":false,"robots_noodp":false,"robots_notranslate":false,"robots_max_snippet":"-1","robots_max_videopreview":"-1","robots_max_imagepreview":"large","priority":null,"frequency":"default","local_seo":null,"seo_analyzer_scan_date":"2026-04-01 15:24:51","breadcrumb_settings":null,"limit_modified_date":0,"reviewed_by":null,"open_ai":"{\"title\":{\"suggestions\":[],\"usage\":0},\"description\":{\"suggestions\":[],\"usage\":0}}","ai":{"faqs":[],"keyPoints":[],"titles":["Diario di Degenza: Racconti e Supporto Post-Intensiva al Cardiocentro Ticino","Comprendere il Diario di Degenza in Terapia Intensiva: Storie di Pazienti","Importanza del Diario di Degenza per il Recupero post-Intensiva","Diario di Degenza: Un Giovane Pap\u00e0 e l'Esperienza COVID","Guida al Diario di Degenza: Supporto e Riflessioni per Pazienti e Famiglie"],"descriptions":["Scopri come il 'diario di degenza' aiuta i pazienti nel Cardiocentro Ticino di Lugano. Storie di crescita e recupero dopo la terapia intensiva.","Il 'diario di degenza' offre un supporto prezioso ai pazienti post-intensiva; leggi testimonianze di esperienze e ripresa dopo il ricovero.","Esplora il ruolo del 'diario di degenza' nel percorso di recupero al Cardiocentro Ticino, con storie di vita di pazienti e medici trasformati.","Il 'diario di degenza' documenta il percorso dei pazienti in terapia intensiva e post; scopri le storie di lotta e ritorno a casa.","Approfondisci il valore del 'diario di degenza' nella riabilitazione post-operatoria, con testimonianze di pazienti e professionisti della salute."],"socialPosts":{"email":[],"linkedin":[],"twitter":[],"facebook":[],"instagram":[]}},"created":"2026-04-01 14:57:01","updated":"2026-04-01 17:53:00"},"aioseo_breadcrumb":"<div class=\"aioseo-breadcrumbs\"><span class=\"aioseo-breadcrumb\">\n\t<a href=\"https:\/\/diario.m-achermann.com\/fr\/\" title=\"Home\">Home<\/a>\n<\/span><span class=\"aioseo-breadcrumb-separator\">\u00bb<\/span><span class=\"aioseo-breadcrumb\">\n\t<a href=\"https:\/\/diario.m-achermann.com\/fr\/le-journal-dhospitalisation\/\" title=\"Le journal d\u2019hospitalisation\">Le journal d\u2019hospitalisation<\/a>\n<\/span><span class=\"aioseo-breadcrumb-separator\">\u00bb<\/span><span class=\"aioseo-breadcrumb\">\n\tObjectif et t\u00e9moignages du journal de s\u00e9jour\n<\/span><\/div>","aioseo_breadcrumb_json":[{"label":"Home","link":"https:\/\/diario.m-achermann.com\/fr\/"},{"label":"Le journal d\u2019hospitalisation","link":"https:\/\/diario.m-achermann.com\/fr\/le-journal-dhospitalisation\/"},{"label":"Objectif et t\u00e9moignages du journal de s\u00e9jour","link":"https:\/\/diario.m-achermann.com\/fr\/le-journal-dhospitalisation\/objectif-et-temoignages-du-journal-de-sejour\/"}],"_links":{"self":[{"href":"https:\/\/diario.m-achermann.com\/fr\/wp-json\/wp\/v2\/pages\/9838","targetHints":{"allow":["GET"]}}],"collection":[{"href":"https:\/\/diario.m-achermann.com\/fr\/wp-json\/wp\/v2\/pages"}],"about":[{"href":"https:\/\/diario.m-achermann.com\/fr\/wp-json\/wp\/v2\/types\/page"}],"author":[{"embeddable":true,"href":"https:\/\/diario.m-achermann.com\/fr\/wp-json\/wp\/v2\/users\/1"}],"replies":[{"embeddable":true,"href":"https:\/\/diario.m-achermann.com\/fr\/wp-json\/wp\/v2\/comments?post=9838"}],"version-history":[{"count":1,"href":"https:\/\/diario.m-achermann.com\/fr\/wp-json\/wp\/v2\/pages\/9838\/revisions"}],"predecessor-version":[{"id":9840,"href":"https:\/\/diario.m-achermann.com\/fr\/wp-json\/wp\/v2\/pages\/9838\/revisions\/9840"}],"up":[{"embeddable":true,"href":"https:\/\/diario.m-achermann.com\/fr\/wp-json\/wp\/v2\/pages\/10023"}],"wp:attachment":[{"href":"https:\/\/diario.m-achermann.com\/fr\/wp-json\/wp\/v2\/media?parent=9838"}],"wp:term":[{"taxonomy":"category","embeddable":true,"href":"https:\/\/diario.m-achermann.com\/fr\/wp-json\/wp\/v2\/categories?post=9838"},{"taxonomy":"post_tag","embeddable":true,"href":"https:\/\/diario.m-achermann.com\/fr\/wp-json\/wp\/v2\/tags?post=9838"}],"curies":[{"name":"wp","href":"https:\/\/api.w.org\/{rel}","templated":true}]}}