{"id":9854,"date":"2024-02-18T08:59:24","date_gmt":"2024-02-18T07:59:24","guid":{"rendered":"https:\/\/diario.m-achermann.com\/la-voix-de-lexperience-lors-de-la-pandemie\/"},"modified":"2026-04-02T10:49:36","modified_gmt":"2026-04-02T08:49:36","slug":"la-voix-de-lexperience-lors-de-la-pandemie","status":"publish","type":"page","link":"https:\/\/diario.m-achermann.com\/fr\/la-voix-de-lexperience-lors-de-la-pandemie\/","title":{"rendered":"La voix de l\u2019exp\u00e9rience lors de la pand\u00e9mie"},"content":{"rendered":"\n<div style=\"height:30px\" aria-hidden=\"true\" class=\"wp-block-spacer eplus-wrapper\"><\/div>\n<div class=\"wp-block-image eplus-wrapper animated zoomInDown slower \">\n<figure class=\"aligncenter size-full\"><img decoding=\"async\" width=\"200\" height=\"178\" src=\"https:\/\/diario.m-achermann.com\/wp-content\/uploads\/2024\/02\/Attenzione200.png\" alt=\"\" class=\"wp-image-1543\"\/><\/figure>\n<\/div>\n<div style=\"height:20px\" aria-hidden=\"true\" class=\"wp-block-spacer eplus-wrapper\"><\/div>\n\n<p class=\"has-text-align-center eplus-wrapper has-medium-font-size\"><strong>Suglio Business Center, Auditorium<\/strong><br\/>Via Cantonale 18, 6928 Manno<br\/><strong>Lundi 26 f\u00e9vrier 2024<\/strong><br\/>De 17h30 \u00e0 19h20<\/p>\n\n<div data-wp-interactive=\"core\/file\" class=\"wp-block-file eplus-wrapper\"><object data-wp-bind--hidden=\"!state.hasPdfPreview\" hidden class=\"wp-block-file__embed\" data=\"https:\/\/diario.m-achermann.com\/wp-content\/uploads\/2024\/02\/pandemicexperience-flyer-finale.pdf\" type=\"application\/pdf\" style=\"width:100%;height:600px\" aria-label=\"Contenu embarqu\u00e9 pandemicexperience-flyer-finale.\"><\/object><a id=\"wp-block-file--media-ae5b366c-d675-4e60-b48d-cee0500f222c\" href=\"https:\/\/diario.m-achermann.com\/wp-content\/uploads\/2024\/02\/pandemicexperience-flyer-finale.pdf\" target=\"_blank\" rel=\"noreferrer noopener\">pandemicexperience-flyer-final<\/a><a href=\"https:\/\/diario.m-achermann.com\/wp-content\/uploads\/2024\/02\/pandemicexperience-flyer-finale.pdf\" class=\"wp-block-file__button wp-element-button\" download=\"\" aria-describedby=\"wp-block-file--media-ae5b366c-d675-4e60-b48d-cee0500f222c\">T\u00e9l\u00e9charger<\/a><\/div>\n","protected":false},"excerpt":{"rendered":"<p>Suglio Business Center, AuditoriumVia Cantonale 18, 6928 MannoLundi 26 f\u00e9vrier 2024De 17h30 \u00e0 19h20<\/p>\n","protected":false},"author":1,"featured_media":0,"parent":0,"menu_order":0,"comment_status":"open","ping_status":"closed","template":"","meta":{"_editorskit_title_hidden":false,"_editorskit_reading_time":0,"_editorskit_is_block_options_detached":false,"_editorskit_block_options_position":"{}","om_disable_all_campaigns":false,"_lmt_disableupdate":"","_lmt_disable":"","_monsterinsights_skip_tracking":false,"_monsterinsights_sitenote_active":false,"_monsterinsights_sitenote_note":"","_monsterinsights_sitenote_category":0,"neve_meta_sidebar":"","neve_meta_container":"","neve_meta_enable_content_width":"","neve_meta_content_width":0,"neve_meta_title_alignment":"","neve_meta_author_avatar":"","neve_post_elements_order":"","neve_meta_disable_header":"","neve_meta_disable_footer":"","neve_meta_disable_title":"","neve_meta_reading_time":"","_themeisle_gutenberg_block_has_review":false,"footnotes":""},"categories":[],"tags":[],"class_list":["post-9854","page","type-page","status-publish","hentry"],"aioseo_notices":[],"aioseo_head":"\n\t\t<!-- All in One SEO Pro 4.9.5.2 - aioseo.com -->\n\t<meta name=\"description\" content=\"Suglio Business Center, AuditoriumVia Cantonale 18, 6928 MannoLundi 26 f\u00e9vrier 2024De 17h30 \u00e0 19h20 pandemicexperience-flyer-finalT\u00e9l\u00e9charger\" \/>\n\t<meta name=\"robots\" content=\"max-snippet:-1, max-image-preview:large, max-video-preview:-1\" \/>\n\t<meta name=\"google-site-verification\" content=\"2kcNb_eND2p_5dJ-aEUjUzdL5U1pyWvu9G-2F4Qyiwk\" \/>\n\t<meta name=\"msvalidate.01\" content=\"8A32EFC1288A3ACC21FB6846BFC9E656\" \/>\n\t<link rel=\"canonical\" href=\"https:\/\/diario.m-achermann.com\/fr\/la-voix-de-lexperience-lors-de-la-pandemie\/\" \/>\n\t<meta name=\"generator\" content=\"All in One SEO Pro (AIOSEO) 4.9.5.2\" \/>\n\t\t<meta property=\"og:locale\" content=\"fr_FR\" \/>\n\t\t<meta property=\"og:site_name\" content=\"ECMO - Journal d&#039;une vie boulevers\u00e9e - Mon aventure, ou plut\u00f4t ma m\u00e9saventure ? De la chance ou de la malchance ?\" \/>\n\t\t<meta property=\"og:type\" content=\"article\" \/>\n\t\t<meta property=\"og:title\" content=\"La voix de l\u2019exp\u00e9rience lors de la pand\u00e9mie\" \/>\n\t\t<meta property=\"og:description\" content=\"Suglio Business Center, AuditoriumVia Cantonale 18, 6928 MannoLundi 26 f\u00e9vrier 2024De 17h30 \u00e0 19h20 pandemicexperience-flyer-finalT\u00e9l\u00e9charger\" \/>\n\t\t<meta property=\"og:url\" content=\"https:\/\/diario.m-achermann.com\/fr\/la-voix-de-lexperience-lors-de-la-pandemie\/\" \/>\n\t\t<meta property=\"og:image\" content=\"https:\/\/diario.m-achermann.com\/wp-content\/uploads\/2024\/02\/Mirko.png\" \/>\n\t\t<meta property=\"og:image:secure_url\" content=\"https:\/\/diario.m-achermann.com\/wp-content\/uploads\/2024\/02\/Mirko.png\" \/>\n\t\t<meta property=\"og:image:width\" content=\"200\" \/>\n\t\t<meta property=\"og:image:height\" content=\"200\" \/>\n\t\t<meta property=\"article:published_time\" content=\"2024-02-18T07:59:24+00:00\" \/>\n\t\t<meta property=\"article:modified_time\" content=\"2026-04-02T08:49:36+00:00\" \/>\n\t\t<meta property=\"article:publisher\" content=\"https:\/\/www.facebook.com\/profile.php?id=61556963490212\" \/>\n\t\t<meta name=\"twitter:card\" content=\"summary_large_image\" \/>\n\t\t<meta name=\"twitter:site\" content=\"@Mapi1967\" \/>\n\t\t<meta name=\"twitter:title\" content=\"La voix de l\u2019exp\u00e9rience lors de la pand\u00e9mie\" \/>\n\t\t<meta name=\"twitter:description\" content=\"Suglio Business Center, AuditoriumVia Cantonale 18, 6928 MannoLundi 26 f\u00e9vrier 2024De 17h30 \u00e0 19h20 pandemicexperience-flyer-finalT\u00e9l\u00e9charger\" \/>\n\t\t<meta name=\"twitter:creator\" content=\"@Mapi1967\" \/>\n\t\t<meta name=\"twitter:image\" content=\"https:\/\/diario.m-achermann.com\/wp-content\/uploads\/2024\/02\/Mirko.png\" \/>\n\t\t<script type=\"application\/ld+json\" class=\"aioseo-schema\">\n\t\t\t{\"@context\":\"https:\\\/\\\/schema.org\",\"@graph\":[{\"@type\":\"BreadcrumbList\",\"@id\":\"https:\\\/\\\/diario.m-achermann.com\\\/fr\\\/la-voix-de-lexperience-lors-de-la-pandemie\\\/#breadcrumblist\",\"itemListElement\":[{\"@type\":\"ListItem\",\"@id\":\"https:\\\/\\\/diario.m-achermann.com\\\/fr\\\/#listItem\",\"position\":1,\"name\":\"Home\",\"item\":\"https:\\\/\\\/diario.m-achermann.com\\\/fr\\\/\",\"nextItem\":{\"@type\":\"ListItem\",\"@id\":\"https:\\\/\\\/diario.m-achermann.com\\\/fr\\\/la-voix-de-lexperience-lors-de-la-pandemie\\\/#listItem\",\"name\":\"La voix de l\\u2019exp\\u00e9rience lors de la pand\\u00e9mie\"}},{\"@type\":\"ListItem\",\"@id\":\"https:\\\/\\\/diario.m-achermann.com\\\/fr\\\/la-voix-de-lexperience-lors-de-la-pandemie\\\/#listItem\",\"position\":2,\"name\":\"La voix de l\\u2019exp\\u00e9rience lors de la pand\\u00e9mie\",\"previousItem\":{\"@type\":\"ListItem\",\"@id\":\"https:\\\/\\\/diario.m-achermann.com\\\/fr\\\/#listItem\",\"name\":\"Home\"}}]},{\"@type\":\"Person\",\"@id\":\"https:\\\/\\\/diario.m-achermann.com\\\/fr\\\/#person\",\"name\":\"Mirko Achermann\",\"image\":{\"@type\":\"ImageObject\",\"@id\":\"https:\\\/\\\/diario.m-achermann.com\\\/fr\\\/la-voix-de-lexperience-lors-de-la-pandemie\\\/#personImage\",\"url\":\"https:\\\/\\\/secure.gravatar.com\\\/avatar\\\/53bb9dac79236bd713fbe107c9f2410ca8a6094577846073d4bea7d0bab1e51f?s=96&d=mm&r=g\",\"width\":96,\"height\":96,\"caption\":\"Mirko Achermann\"}},{\"@type\":\"WebPage\",\"@id\":\"https:\\\/\\\/diario.m-achermann.com\\\/fr\\\/la-voix-de-lexperience-lors-de-la-pandemie\\\/#webpage\",\"url\":\"https:\\\/\\\/diario.m-achermann.com\\\/fr\\\/la-voix-de-lexperience-lors-de-la-pandemie\\\/\",\"name\":\"La voix de l\\u2019exp\\u00e9rience lors de la pand\\u00e9mie\",\"description\":\"Suglio Business Center, AuditoriumVia Cantonale 18, 6928 MannoLundi 26 f\\u00e9vrier 2024De 17h30 \\u00e0 19h20 pandemicexperience-flyer-finalT\\u00e9l\\u00e9charger\",\"inLanguage\":\"fr-FR\",\"isPartOf\":{\"@id\":\"https:\\\/\\\/diario.m-achermann.com\\\/fr\\\/#website\"},\"breadcrumb\":{\"@id\":\"https:\\\/\\\/diario.m-achermann.com\\\/fr\\\/la-voix-de-lexperience-lors-de-la-pandemie\\\/#breadcrumblist\"},\"datePublished\":\"2024-02-18T08:59:24+01:00\",\"dateModified\":\"2026-04-02T10:49:36+02:00\"},{\"@type\":\"WebSite\",\"@id\":\"https:\\\/\\\/diario.m-achermann.com\\\/fr\\\/#website\",\"url\":\"https:\\\/\\\/diario.m-achermann.com\\\/fr\\\/\",\"name\":\"ECMO \\u2013 Diario di una vita stravolta\",\"alternateName\":\"ECMO\",\"description\":\"Mon aventure, ou plut\\u00f4t ma m\\u00e9saventure ? De la chance ou de la malchance ?\",\"inLanguage\":\"fr-FR\",\"publisher\":{\"@id\":\"https:\\\/\\\/diario.m-achermann.com\\\/fr\\\/#person\"}}]}\n\t\t<\/script>\n\t\t<!-- All in One SEO Pro -->\r\n\t\t<title>La voix de l\u2019exp\u00e9rience lors de la pand\u00e9mie<\/title>\n\n","aioseo_head_json":{"title":"La voix de l\u2019exp\u00e9rience lors de la pand\u00e9mie","description":"Suglio Business Center, AuditoriumVia Cantonale 18, 6928 MannoLundi 26 f\u00e9vrier 2024De 17h30 \u00e0 19h20 pandemicexperience-flyer-finalT\u00e9l\u00e9charger","canonical_url":"https:\/\/diario.m-achermann.com\/fr\/la-voix-de-lexperience-lors-de-la-pandemie\/","robots":"max-snippet:-1, max-image-preview:large, max-video-preview:-1","keywords":"","webmasterTools":{"google-site-verification":"2kcNb_eND2p_5dJ-aEUjUzdL5U1pyWvu9G-2F4Qyiwk","msvalidate.01":"8A32EFC1288A3ACC21FB6846BFC9E656","miscellaneous":""},"schema":{"@context":"https:\/\/schema.org","@graph":[{"@type":"BreadcrumbList","@id":"https:\/\/diario.m-achermann.com\/fr\/la-voix-de-lexperience-lors-de-la-pandemie\/#breadcrumblist","itemListElement":[{"@type":"ListItem","@id":"https:\/\/diario.m-achermann.com\/fr\/#listItem","position":1,"name":"Home","item":"https:\/\/diario.m-achermann.com\/fr\/","nextItem":{"@type":"ListItem","@id":"https:\/\/diario.m-achermann.com\/fr\/la-voix-de-lexperience-lors-de-la-pandemie\/#listItem","name":"La voix de l\u2019exp\u00e9rience lors de la pand\u00e9mie"}},{"@type":"ListItem","@id":"https:\/\/diario.m-achermann.com\/fr\/la-voix-de-lexperience-lors-de-la-pandemie\/#listItem","position":2,"name":"La voix de l\u2019exp\u00e9rience lors de la pand\u00e9mie","previousItem":{"@type":"ListItem","@id":"https:\/\/diario.m-achermann.com\/fr\/#listItem","name":"Home"}}]},{"@type":"Person","@id":"https:\/\/diario.m-achermann.com\/fr\/#person","name":"Mirko Achermann","image":{"@type":"ImageObject","@id":"https:\/\/diario.m-achermann.com\/fr\/la-voix-de-lexperience-lors-de-la-pandemie\/#personImage","url":"https:\/\/secure.gravatar.com\/avatar\/53bb9dac79236bd713fbe107c9f2410ca8a6094577846073d4bea7d0bab1e51f?s=96&d=mm&r=g","width":96,"height":96,"caption":"Mirko Achermann"}},{"@type":"WebPage","@id":"https:\/\/diario.m-achermann.com\/fr\/la-voix-de-lexperience-lors-de-la-pandemie\/#webpage","url":"https:\/\/diario.m-achermann.com\/fr\/la-voix-de-lexperience-lors-de-la-pandemie\/","name":"La voix de l\u2019exp\u00e9rience lors de la pand\u00e9mie","description":"Suglio Business Center, AuditoriumVia Cantonale 18, 6928 MannoLundi 26 f\u00e9vrier 2024De 17h30 \u00e0 19h20 pandemicexperience-flyer-finalT\u00e9l\u00e9charger","inLanguage":"fr-FR","isPartOf":{"@id":"https:\/\/diario.m-achermann.com\/fr\/#website"},"breadcrumb":{"@id":"https:\/\/diario.m-achermann.com\/fr\/la-voix-de-lexperience-lors-de-la-pandemie\/#breadcrumblist"},"datePublished":"2024-02-18T08:59:24+01:00","dateModified":"2026-04-02T10:49:36+02:00"},{"@type":"WebSite","@id":"https:\/\/diario.m-achermann.com\/fr\/#website","url":"https:\/\/diario.m-achermann.com\/fr\/","name":"ECMO \u2013 Diario di una vita stravolta","alternateName":"ECMO","description":"Mon aventure, ou plut\u00f4t ma m\u00e9saventure ? De la chance ou de la malchance ?","inLanguage":"fr-FR","publisher":{"@id":"https:\/\/diario.m-achermann.com\/fr\/#person"}}]},"og:locale":"fr_FR","og:site_name":"ECMO - Journal d'une vie boulevers\u00e9e - Mon aventure, ou plut\u00f4t ma m\u00e9saventure ? De la chance ou de la malchance ?","og:type":"article","og:title":"La voix de l\u2019exp\u00e9rience lors de la pand\u00e9mie","og:description":"Suglio Business Center, AuditoriumVia Cantonale 18, 6928 MannoLundi 26 f\u00e9vrier 2024De 17h30 \u00e0 19h20 pandemicexperience-flyer-finalT\u00e9l\u00e9charger","og:url":"https:\/\/diario.m-achermann.com\/fr\/la-voix-de-lexperience-lors-de-la-pandemie\/","og:image":"https:\/\/diario.m-achermann.com\/wp-content\/uploads\/2024\/02\/Mirko.png","og:image:secure_url":"https:\/\/diario.m-achermann.com\/wp-content\/uploads\/2024\/02\/Mirko.png","og:image:width":200,"og:image:height":200,"article:published_time":"2024-02-18T07:59:24+00:00","article:modified_time":"2026-04-02T08:49:36+00:00","article:publisher":"https:\/\/www.facebook.com\/profile.php?id=61556963490212","twitter:card":"summary_large_image","twitter:site":"@Mapi1967","twitter:title":"La voix de l\u2019exp\u00e9rience lors de la pand\u00e9mie","twitter:description":"Suglio Business Center, AuditoriumVia Cantonale 18, 6928 MannoLundi 26 f\u00e9vrier 2024De 17h30 \u00e0 19h20 pandemicexperience-flyer-finalT\u00e9l\u00e9charger","twitter:creator":"@Mapi1967","twitter:image":"https:\/\/diario.m-achermann.com\/wp-content\/uploads\/2024\/02\/Mirko.png"},"aioseo_meta_data":{"post_id":"9854","title":null,"description":null,"keywords":null,"keyphrases":{"focus":{"keyphrase":"","score":0,"analysis":{"keyphraseInTitle":{"score":0,"maxScore":9,"error":1}}},"additional":[]},"primary_term":null,"canonical_url":null,"og_title":null,"og_description":null,"og_object_type":"default","og_image_type":"default","og_image_url":null,"og_image_width":null,"og_image_height":null,"og_image_custom_url":null,"og_image_custom_fields":null,"og_video":"","og_custom_url":null,"og_article_section":null,"og_article_tags":null,"twitter_use_og":false,"twitter_card":"default","twitter_image_type":"default","twitter_image_url":null,"twitter_image_custom_url":null,"twitter_image_custom_fields":null,"twitter_title":null,"twitter_description":null,"schema":{"blockGraphs":[],"customGraphs":[],"default":{"data":{"Article":[],"Course":[],"Dataset":[],"FAQPage":[],"Movie":[],"Person":[],"Product":[],"ProductReview":[],"Car":[],"Recipe":[],"Service":[],"SoftwareApplication":[],"WebPage":[]},"graphName":"WebPage","isEnabled":true},"graphs":[]},"schema_type":"default","schema_type_options":null,"pillar_content":false,"robots_default":true,"robots_noindex":false,"robots_noarchive":false,"robots_nosnippet":false,"robots_nofollow":false,"robots_noimageindex":false,"robots_noodp":false,"robots_notranslate":false,"robots_max_snippet":"-1","robots_max_videopreview":"-1","robots_max_imagepreview":"large","priority":null,"frequency":"default","local_seo":null,"seo_analyzer_scan_date":"2026-04-02 08:51:18","breadcrumb_settings":null,"limit_modified_date":0,"reviewed_by":"0","open_ai":"{\"title\":{\"suggestions\":[],\"usage\":0},\"description\":{\"suggestions\":[],\"usage\":0}}","ai":{"faqs":[],"keyPoints":[],"titles":[],"descriptions":[],"socialPosts":{"email":[],"linkedin":[],"twitter":[],"facebook":[],"instagram":[]}},"created":"2026-04-01 14:57:34","updated":"2026-04-02 09:39:44"},"aioseo_breadcrumb":"<div class=\"aioseo-breadcrumbs\"><span class=\"aioseo-breadcrumb\">\n\t<a href=\"https:\/\/diario.m-achermann.com\/fr\/\" title=\"Home\">Home<\/a>\n<\/span><span class=\"aioseo-breadcrumb-separator\">\u00bb<\/span><span class=\"aioseo-breadcrumb\">\n\tLa voix de l\u2019exp\u00e9rience lors de la pand\u00e9mie\n<\/span><\/div>","aioseo_breadcrumb_json":[{"label":"Home","link":"https:\/\/diario.m-achermann.com\/fr\/"},{"label":"La voix de l\u2019exp\u00e9rience lors de la pand\u00e9mie","link":"https:\/\/diario.m-achermann.com\/fr\/la-voix-de-lexperience-lors-de-la-pandemie\/"}],"_links":{"self":[{"href":"https:\/\/diario.m-achermann.com\/fr\/wp-json\/wp\/v2\/pages\/9854","targetHints":{"allow":["GET"]}}],"collection":[{"href":"https:\/\/diario.m-achermann.com\/fr\/wp-json\/wp\/v2\/pages"}],"about":[{"href":"https:\/\/diario.m-achermann.com\/fr\/wp-json\/wp\/v2\/types\/page"}],"author":[{"embeddable":true,"href":"https:\/\/diario.m-achermann.com\/fr\/wp-json\/wp\/v2\/users\/1"}],"replies":[{"embeddable":true,"href":"https:\/\/diario.m-achermann.com\/fr\/wp-json\/wp\/v2\/comments?post=9854"}],"version-history":[{"count":1,"href":"https:\/\/diario.m-achermann.com\/fr\/wp-json\/wp\/v2\/pages\/9854\/revisions"}],"predecessor-version":[{"id":9855,"href":"https:\/\/diario.m-achermann.com\/fr\/wp-json\/wp\/v2\/pages\/9854\/revisions\/9855"}],"wp:attachment":[{"href":"https:\/\/diario.m-achermann.com\/fr\/wp-json\/wp\/v2\/media?parent=9854"}],"wp:term":[{"taxonomy":"category","embeddable":true,"href":"https:\/\/diario.m-achermann.com\/fr\/wp-json\/wp\/v2\/categories?post=9854"},{"taxonomy":"post_tag","embeddable":true,"href":"https:\/\/diario.m-achermann.com\/fr\/wp-json\/wp\/v2\/tags?post=9854"}],"curies":[{"name":"wp","href":"https:\/\/api.w.org\/{rel}","templated":true}]}}