{"id":9856,"date":"2024-05-01T21:50:27","date_gmt":"2024-05-01T19:50:27","guid":{"rendered":"https:\/\/diario.m-achermann.com\/soccorritori-ch\/"},"modified":"2026-04-02T10:47:18","modified_gmt":"2026-04-02T08:47:18","slug":"soccorritori-ch","status":"publish","type":"page","link":"https:\/\/diario.m-achermann.com\/fr\/soccorritori-ch\/","title":{"rendered":"soccorritori.ch"},"content":{"rendered":"\n<p><\/p>\n\n<p class=\"has-medium-font-size\">Merci pour le partage <a aria-label=\"https:\/\/www.soccorritori.ch (opens in a new tab)\" href=\"https:\/\/www.soccorritori.ch\" target=\"_blank\" rel=\"noreferrer noopener\" class=\"ek-link\"><strong>https:\/\/www.soccorritori.ch<\/strong><\/a><\/p>\n\n<figure class=\"wp-block-image size-full\"><img decoding=\"async\" width=\"600\" height=\"164\" src=\"https:\/\/diario.m-achermann.com\/wp-content\/uploads\/2024\/05\/image.jpeg\" alt=\"\" class=\"wp-image-7399\" srcset=\"https:\/\/diario.m-achermann.com\/wp-content\/uploads\/2024\/05\/image.jpeg 600w, https:\/\/diario.m-achermann.com\/wp-content\/uploads\/2024\/05\/image-300x82.jpeg 300w\" sizes=\"(max-width: 600px) 100vw, 600px\" \/><\/figure>\n\n<p><\/p>\n\n<p class=\"has-large-font-size\">ECMO \u2013 Journal d&rsquo;une vie boulevers\u00e9e (p. 1)<\/p>\n\n<figure class=\"wp-block-embed is-type-wp-embed is-provider-incorpora wp-block-embed-incorpora\"><div class=\"wp-block-embed__wrapper\">\n<blockquote class=\"wp-embedded-content\" data-secret=\"wA1Qwv9BqQ\"><a href=\"https:\/\/www.soccorritori.ch\/?p=14394\">ECMO &#8211; Diario di una vita stravolta (p.1)<\/a><\/blockquote><iframe class=\"wp-embedded-content\" sandbox=\"allow-scripts\" security=\"restricted\" style=\"position: absolute; visibility: hidden;\" title=\"&#8220;ECMO &#8211; Diario di una vita stravolta (p.1)&#8221; &#8212; \" src=\"https:\/\/www.soccorritori.ch\/?p=14394&#038;embed=true#?secret=gn9nK7T8IR#?secret=wA1Qwv9BqQ\" data-secret=\"wA1Qwv9BqQ\" width=\"600\" height=\"338\" frameborder=\"0\" marginwidth=\"0\" marginheight=\"0\" scrolling=\"no\"><\/iframe>\n<\/div><\/figure>\n\n<p class=\"has-large-font-size\">ECMO \u2013 Journal d&rsquo;une vie boulevers\u00e9e (p. 2)<\/p>\n\n<figure class=\"wp-block-embed is-type-wp-embed is-provider-incorpora wp-block-embed-incorpora\"><div class=\"wp-block-embed__wrapper\">\n<blockquote class=\"wp-embedded-content\" data-secret=\"l9PhPSWCmE\"><a href=\"https:\/\/www.soccorritori.ch\/?p=14662\">ECMO \u2013 Diario di una vita stravolta (p.2)<\/a><\/blockquote><iframe class=\"wp-embedded-content\" sandbox=\"allow-scripts\" security=\"restricted\" style=\"position: absolute; visibility: hidden;\" title=\"&#8220;ECMO \u2013 Diario di una vita stravolta (p.2)&#8221; &#8212; \" src=\"https:\/\/www.soccorritori.ch\/?p=14662&#038;embed=true#?secret=nYYkaYnTmN#?secret=l9PhPSWCmE\" data-secret=\"l9PhPSWCmE\" width=\"600\" height=\"338\" frameborder=\"0\" marginwidth=\"0\" marginheight=\"0\" scrolling=\"no\"><\/iframe>\n<\/div><\/figure>\n","protected":false},"excerpt":{"rendered":"<p>Merci pour le partage https:\/\/www.soccorritori.ch ECMO \u2013 Journal d&rsquo;une vie boulevers\u00e9e (p. 1) ECMO \u2013 Journal d&rsquo;une vie boulevers\u00e9e (p. 2)<\/p>\n","protected":false},"author":1,"featured_media":0,"parent":0,"menu_order":0,"comment_status":"closed","ping_status":"closed","template":"","meta":{"_editorskit_title_hidden":false,"_editorskit_reading_time":0,"_editorskit_is_block_options_detached":false,"_editorskit_block_options_position":"{}","om_disable_all_campaigns":false,"_lmt_disableupdate":"","_lmt_disable":"","_monsterinsights_skip_tracking":false,"_monsterinsights_sitenote_active":false,"_monsterinsights_sitenote_note":"","_monsterinsights_sitenote_category":0,"neve_meta_sidebar":"","neve_meta_container":"","neve_meta_enable_content_width":"","neve_meta_content_width":0,"neve_meta_title_alignment":"","neve_meta_author_avatar":"","neve_post_elements_order":"","neve_meta_disable_header":"","neve_meta_disable_footer":"","neve_meta_disable_title":"","neve_meta_reading_time":"","_themeisle_gutenberg_block_has_review":false,"footnotes":""},"categories":[435,434,443],"tags":[],"class_list":["post-9856","page","type-page","status-publish","hentry","category-news","category-news2024","category-publication"],"aioseo_notices":[],"aioseo_head":"\n\t\t<!-- All in One SEO Pro 4.9.5.2 - aioseo.com -->\n\t<meta name=\"description\" content=\"Merci pour le partage https:\/\/www.soccorritori.ch ECMO \u2013 Journal d&#039;une vie boulevers\u00e9e (p. 1) ECMO \u2013 Journal d&#039;une vie boulevers\u00e9e (p. 2)\" \/>\n\t<meta name=\"robots\" content=\"max-snippet:-1, max-image-preview:large, max-video-preview:-1\" \/>\n\t<meta name=\"google-site-verification\" content=\"2kcNb_eND2p_5dJ-aEUjUzdL5U1pyWvu9G-2F4Qyiwk\" \/>\n\t<meta name=\"msvalidate.01\" content=\"8A32EFC1288A3ACC21FB6846BFC9E656\" \/>\n\t<link rel=\"canonical\" href=\"https:\/\/diario.m-achermann.com\/fr\/soccorritori-ch\/\" \/>\n\t<meta name=\"generator\" content=\"All in One SEO Pro (AIOSEO) 4.9.5.2\" \/>\n\t\t<meta property=\"og:locale\" content=\"fr_FR\" \/>\n\t\t<meta property=\"og:site_name\" content=\"ECMO - Journal d&#039;une vie boulevers\u00e9e - Mon aventure, ou plut\u00f4t ma m\u00e9saventure ? De la chance ou de la malchance ?\" \/>\n\t\t<meta property=\"og:type\" content=\"article\" \/>\n\t\t<meta property=\"og:title\" content=\"soccorritori.ch\" \/>\n\t\t<meta property=\"og:description\" content=\"Merci pour le partage https:\/\/www.soccorritori.ch ECMO \u2013 Journal d&#039;une vie boulevers\u00e9e (p. 1) ECMO \u2013 Journal d&#039;une vie boulevers\u00e9e (p. 2)\" \/>\n\t\t<meta property=\"og:url\" content=\"https:\/\/diario.m-achermann.com\/fr\/soccorritori-ch\/\" \/>\n\t\t<meta property=\"og:image\" content=\"https:\/\/diario.m-achermann.com\/wp-content\/uploads\/2024\/02\/Mirko.png\" \/>\n\t\t<meta property=\"og:image:secure_url\" content=\"https:\/\/diario.m-achermann.com\/wp-content\/uploads\/2024\/02\/Mirko.png\" \/>\n\t\t<meta property=\"og:image:width\" content=\"200\" \/>\n\t\t<meta property=\"og:image:height\" content=\"200\" \/>\n\t\t<meta property=\"article:published_time\" content=\"2024-05-01T19:50:27+00:00\" \/>\n\t\t<meta property=\"article:modified_time\" content=\"2026-04-02T08:47:18+00:00\" \/>\n\t\t<meta property=\"article:publisher\" content=\"https:\/\/www.facebook.com\/profile.php?id=61556963490212\" \/>\n\t\t<meta name=\"twitter:card\" content=\"summary_large_image\" \/>\n\t\t<meta name=\"twitter:site\" content=\"@Mapi1967\" \/>\n\t\t<meta name=\"twitter:title\" content=\"soccorritori.ch\" \/>\n\t\t<meta name=\"twitter:description\" content=\"Merci pour le partage https:\/\/www.soccorritori.ch ECMO \u2013 Journal d&#039;une vie boulevers\u00e9e (p. 1) ECMO \u2013 Journal d&#039;une vie boulevers\u00e9e (p. 2)\" \/>\n\t\t<meta name=\"twitter:creator\" content=\"@Mapi1967\" \/>\n\t\t<meta name=\"twitter:image\" content=\"https:\/\/diario.m-achermann.com\/wp-content\/uploads\/2024\/02\/Mirko.png\" \/>\n\t\t<script type=\"application\/ld+json\" class=\"aioseo-schema\">\n\t\t\t{\"@context\":\"https:\\\/\\\/schema.org\",\"@graph\":[{\"@type\":\"BreadcrumbList\",\"@id\":\"https:\\\/\\\/diario.m-achermann.com\\\/fr\\\/soccorritori-ch\\\/#breadcrumblist\",\"itemListElement\":[{\"@type\":\"ListItem\",\"@id\":\"https:\\\/\\\/diario.m-achermann.com\\\/fr\\\/#listItem\",\"position\":1,\"name\":\"Home\",\"item\":\"https:\\\/\\\/diario.m-achermann.com\\\/fr\\\/\",\"nextItem\":{\"@type\":\"ListItem\",\"@id\":\"https:\\\/\\\/diario.m-achermann.com\\\/fr\\\/soccorritori-ch\\\/#listItem\",\"name\":\"soccorritori.ch\"}},{\"@type\":\"ListItem\",\"@id\":\"https:\\\/\\\/diario.m-achermann.com\\\/fr\\\/soccorritori-ch\\\/#listItem\",\"position\":2,\"name\":\"soccorritori.ch\",\"previousItem\":{\"@type\":\"ListItem\",\"@id\":\"https:\\\/\\\/diario.m-achermann.com\\\/fr\\\/#listItem\",\"name\":\"Home\"}}]},{\"@type\":\"Person\",\"@id\":\"https:\\\/\\\/diario.m-achermann.com\\\/fr\\\/#person\",\"name\":\"Mirko Achermann\",\"image\":{\"@type\":\"ImageObject\",\"@id\":\"https:\\\/\\\/diario.m-achermann.com\\\/fr\\\/soccorritori-ch\\\/#personImage\",\"url\":\"https:\\\/\\\/secure.gravatar.com\\\/avatar\\\/53bb9dac79236bd713fbe107c9f2410ca8a6094577846073d4bea7d0bab1e51f?s=96&d=mm&r=g\",\"width\":96,\"height\":96,\"caption\":\"Mirko Achermann\"}},{\"@type\":\"WebPage\",\"@id\":\"https:\\\/\\\/diario.m-achermann.com\\\/fr\\\/soccorritori-ch\\\/#webpage\",\"url\":\"https:\\\/\\\/diario.m-achermann.com\\\/fr\\\/soccorritori-ch\\\/\",\"name\":\"soccorritori.ch\",\"description\":\"Merci pour le partage https:\\\/\\\/www.soccorritori.ch ECMO \\u2013 Journal d'une vie boulevers\\u00e9e (p. 1) ECMO \\u2013 Journal d'une vie boulevers\\u00e9e (p. 2)\",\"inLanguage\":\"fr-FR\",\"isPartOf\":{\"@id\":\"https:\\\/\\\/diario.m-achermann.com\\\/fr\\\/#website\"},\"breadcrumb\":{\"@id\":\"https:\\\/\\\/diario.m-achermann.com\\\/fr\\\/soccorritori-ch\\\/#breadcrumblist\"},\"datePublished\":\"2024-05-01T21:50:27+02:00\",\"dateModified\":\"2026-04-02T10:47:18+02:00\"},{\"@type\":\"WebSite\",\"@id\":\"https:\\\/\\\/diario.m-achermann.com\\\/fr\\\/#website\",\"url\":\"https:\\\/\\\/diario.m-achermann.com\\\/fr\\\/\",\"name\":\"ECMO \\u2013 Diario di una vita stravolta\",\"alternateName\":\"ECMO\",\"description\":\"Mon aventure, ou plut\\u00f4t ma m\\u00e9saventure ? De la chance ou de la malchance ?\",\"inLanguage\":\"fr-FR\",\"publisher\":{\"@id\":\"https:\\\/\\\/diario.m-achermann.com\\\/fr\\\/#person\"}}]}\n\t\t<\/script>\n\t\t<!-- All in One SEO Pro -->\r\n\t\t<title>soccorritori.ch<\/title>\n\n","aioseo_head_json":{"title":"soccorritori.ch","description":"Merci pour le partage https:\/\/www.soccorritori.ch ECMO \u2013 Journal d'une vie boulevers\u00e9e (p. 1) ECMO \u2013 Journal d'une vie boulevers\u00e9e (p. 2)","canonical_url":"https:\/\/diario.m-achermann.com\/fr\/soccorritori-ch\/","robots":"max-snippet:-1, max-image-preview:large, max-video-preview:-1","keywords":"","webmasterTools":{"google-site-verification":"2kcNb_eND2p_5dJ-aEUjUzdL5U1pyWvu9G-2F4Qyiwk","msvalidate.01":"8A32EFC1288A3ACC21FB6846BFC9E656","miscellaneous":""},"schema":{"@context":"https:\/\/schema.org","@graph":[{"@type":"BreadcrumbList","@id":"https:\/\/diario.m-achermann.com\/fr\/soccorritori-ch\/#breadcrumblist","itemListElement":[{"@type":"ListItem","@id":"https:\/\/diario.m-achermann.com\/fr\/#listItem","position":1,"name":"Home","item":"https:\/\/diario.m-achermann.com\/fr\/","nextItem":{"@type":"ListItem","@id":"https:\/\/diario.m-achermann.com\/fr\/soccorritori-ch\/#listItem","name":"soccorritori.ch"}},{"@type":"ListItem","@id":"https:\/\/diario.m-achermann.com\/fr\/soccorritori-ch\/#listItem","position":2,"name":"soccorritori.ch","previousItem":{"@type":"ListItem","@id":"https:\/\/diario.m-achermann.com\/fr\/#listItem","name":"Home"}}]},{"@type":"Person","@id":"https:\/\/diario.m-achermann.com\/fr\/#person","name":"Mirko Achermann","image":{"@type":"ImageObject","@id":"https:\/\/diario.m-achermann.com\/fr\/soccorritori-ch\/#personImage","url":"https:\/\/secure.gravatar.com\/avatar\/53bb9dac79236bd713fbe107c9f2410ca8a6094577846073d4bea7d0bab1e51f?s=96&d=mm&r=g","width":96,"height":96,"caption":"Mirko Achermann"}},{"@type":"WebPage","@id":"https:\/\/diario.m-achermann.com\/fr\/soccorritori-ch\/#webpage","url":"https:\/\/diario.m-achermann.com\/fr\/soccorritori-ch\/","name":"soccorritori.ch","description":"Merci pour le partage https:\/\/www.soccorritori.ch ECMO \u2013 Journal d'une vie boulevers\u00e9e (p. 1) ECMO \u2013 Journal d'une vie boulevers\u00e9e (p. 2)","inLanguage":"fr-FR","isPartOf":{"@id":"https:\/\/diario.m-achermann.com\/fr\/#website"},"breadcrumb":{"@id":"https:\/\/diario.m-achermann.com\/fr\/soccorritori-ch\/#breadcrumblist"},"datePublished":"2024-05-01T21:50:27+02:00","dateModified":"2026-04-02T10:47:18+02:00"},{"@type":"WebSite","@id":"https:\/\/diario.m-achermann.com\/fr\/#website","url":"https:\/\/diario.m-achermann.com\/fr\/","name":"ECMO \u2013 Diario di una vita stravolta","alternateName":"ECMO","description":"Mon aventure, ou plut\u00f4t ma m\u00e9saventure ? De la chance ou de la malchance ?","inLanguage":"fr-FR","publisher":{"@id":"https:\/\/diario.m-achermann.com\/fr\/#person"}}]},"og:locale":"fr_FR","og:site_name":"ECMO - Journal d'une vie boulevers\u00e9e - Mon aventure, ou plut\u00f4t ma m\u00e9saventure ? De la chance ou de la malchance ?","og:type":"article","og:title":"soccorritori.ch","og:description":"Merci pour le partage https:\/\/www.soccorritori.ch ECMO \u2013 Journal d'une vie boulevers\u00e9e (p. 1) ECMO \u2013 Journal d'une vie boulevers\u00e9e (p. 2)","og:url":"https:\/\/diario.m-achermann.com\/fr\/soccorritori-ch\/","og:image":"https:\/\/diario.m-achermann.com\/wp-content\/uploads\/2024\/02\/Mirko.png","og:image:secure_url":"https:\/\/diario.m-achermann.com\/wp-content\/uploads\/2024\/02\/Mirko.png","og:image:width":200,"og:image:height":200,"article:published_time":"2024-05-01T19:50:27+00:00","article:modified_time":"2026-04-02T08:47:18+00:00","article:publisher":"https:\/\/www.facebook.com\/profile.php?id=61556963490212","twitter:card":"summary_large_image","twitter:site":"@Mapi1967","twitter:title":"soccorritori.ch","twitter:description":"Merci pour le partage https:\/\/www.soccorritori.ch ECMO \u2013 Journal d'une vie boulevers\u00e9e (p. 1) ECMO \u2013 Journal d'une vie boulevers\u00e9e (p. 2)","twitter:creator":"@Mapi1967","twitter:image":"https:\/\/diario.m-achermann.com\/wp-content\/uploads\/2024\/02\/Mirko.png"},"aioseo_meta_data":{"post_id":"9856","title":null,"description":null,"keywords":null,"keyphrases":{"focus":{"keyphrase":"","score":0,"analysis":{"keyphraseInTitle":{"score":0,"maxScore":9,"error":1}}},"additional":[]},"primary_term":null,"canonical_url":null,"og_title":null,"og_description":null,"og_object_type":"default","og_image_type":"default","og_image_url":null,"og_image_width":null,"og_image_height":null,"og_image_custom_url":null,"og_image_custom_fields":null,"og_video":"","og_custom_url":null,"og_article_section":null,"og_article_tags":null,"twitter_use_og":false,"twitter_card":"default","twitter_image_type":"default","twitter_image_url":null,"twitter_image_custom_url":null,"twitter_image_custom_fields":null,"twitter_title":null,"twitter_description":null,"schema":{"blockGraphs":[],"customGraphs":[],"default":{"data":{"Article":[],"Course":[],"Dataset":[],"FAQPage":[],"Movie":[],"Person":[],"Product":[],"ProductReview":[],"Car":[],"Recipe":[],"Service":[],"SoftwareApplication":[],"WebPage":[]},"graphName":"WebPage","isEnabled":true},"graphs":[]},"schema_type":"default","schema_type_options":null,"pillar_content":false,"robots_default":true,"robots_noindex":false,"robots_noarchive":false,"robots_nosnippet":false,"robots_nofollow":false,"robots_noimageindex":false,"robots_noodp":false,"robots_notranslate":false,"robots_max_snippet":"-1","robots_max_videopreview":"-1","robots_max_imagepreview":"large","priority":null,"frequency":"default","local_seo":null,"seo_analyzer_scan_date":"2026-04-02 08:47:37","breadcrumb_settings":null,"limit_modified_date":0,"reviewed_by":"0","open_ai":"{\"title\":{\"suggestions\":[],\"usage\":0},\"description\":{\"suggestions\":[],\"usage\":0}}","ai":{"faqs":[],"keyPoints":[],"titles":[],"descriptions":[],"socialPosts":{"email":[],"linkedin":[],"twitter":[],"facebook":[],"instagram":[]}},"created":"2026-04-01 14:57:48","updated":"2026-04-02 09:39:44"},"aioseo_breadcrumb":"<div class=\"aioseo-breadcrumbs\"><span class=\"aioseo-breadcrumb\">\n\t<a href=\"https:\/\/diario.m-achermann.com\/fr\/\" title=\"Home\">Home<\/a>\n<\/span><span class=\"aioseo-breadcrumb-separator\">\u00bb<\/span><span class=\"aioseo-breadcrumb\">\n\tsoccorritori.ch\n<\/span><\/div>","aioseo_breadcrumb_json":[{"label":"Home","link":"https:\/\/diario.m-achermann.com\/fr\/"},{"label":"soccorritori.ch","link":"https:\/\/diario.m-achermann.com\/fr\/soccorritori-ch\/"}],"_links":{"self":[{"href":"https:\/\/diario.m-achermann.com\/fr\/wp-json\/wp\/v2\/pages\/9856","targetHints":{"allow":["GET"]}}],"collection":[{"href":"https:\/\/diario.m-achermann.com\/fr\/wp-json\/wp\/v2\/pages"}],"about":[{"href":"https:\/\/diario.m-achermann.com\/fr\/wp-json\/wp\/v2\/types\/page"}],"author":[{"embeddable":true,"href":"https:\/\/diario.m-achermann.com\/fr\/wp-json\/wp\/v2\/users\/1"}],"replies":[{"embeddable":true,"href":"https:\/\/diario.m-achermann.com\/fr\/wp-json\/wp\/v2\/comments?post=9856"}],"version-history":[{"count":2,"href":"https:\/\/diario.m-achermann.com\/fr\/wp-json\/wp\/v2\/pages\/9856\/revisions"}],"predecessor-version":[{"id":10231,"href":"https:\/\/diario.m-achermann.com\/fr\/wp-json\/wp\/v2\/pages\/9856\/revisions\/10231"}],"wp:attachment":[{"href":"https:\/\/diario.m-achermann.com\/fr\/wp-json\/wp\/v2\/media?parent=9856"}],"wp:term":[{"taxonomy":"category","embeddable":true,"href":"https:\/\/diario.m-achermann.com\/fr\/wp-json\/wp\/v2\/categories?post=9856"},{"taxonomy":"post_tag","embeddable":true,"href":"https:\/\/diario.m-achermann.com\/fr\/wp-json\/wp\/v2\/tags?post=9856"}],"curies":[{"name":"wp","href":"https:\/\/api.w.org\/{rel}","templated":true}]}}