{"id":9858,"date":"2024-04-18T15:22:24","date_gmt":"2024-04-18T13:22:24","guid":{"rendered":"https:\/\/diario.m-achermann.com\/sentiers-dans-les-medical-humanities\/"},"modified":"2026-04-01T16:57:53","modified_gmt":"2026-04-01T14:57:53","slug":"sentiers-dans-les-medical-humanities","status":"publish","type":"page","link":"https:\/\/diario.m-achermann.com\/fr\/sentiers-dans-les-medical-humanities\/","title":{"rendered":"Sentiers dans les Medical Humanities"},"content":{"rendered":"\n<p>La revue pour les Medical Humanities, \u00e9dit\u00e9e par la Fondation Sasso Corbaro en collaboration avec l\u2019Ente Ospedaliero Cantonale, est le r\u00e9sultat d\u2019un long itin\u00e9raire d\u2019\u00e9tude autour des sciences humaines et du soin sous ses formes les plus vari\u00e9es. Apr\u00e8s quinze ans d\u2019activit\u00e9 et 50 num\u00e9ros papier publi\u00e9s, la revue change de forme : en d\u00e9cembre 2022 na\u00eet la nouvelle plateforme Sentiers dans les Medical Humanities, un espace dynamique et vivant, qui conduit le lecteur \u00e0 la d\u00e9couverte des th\u00e8mes les plus actuels dans le domaine des Medical Humanities et de l\u2019\u00e9thique clinique.  <a href=\"https:\/\/www.rivista-smh.ch\/pagina-di-servizio\/rivista\/\" target=\"_blank\" aria-label=\"  (opens in a new tab)\" rel=\"noreferrer noopener\" class=\"ek-link\">Poursuivre la lecture<\/a><\/p>\n\n<ul class=\"wp-block-list\" id=\"mega-menu-primary\">\n<li><a href=\"https:\/\/www.rivista-smh.ch\/rmh\/rivista\/\">Revue<\/a><\/li>\n\n\n\n<li><a href=\"https:\/\/www.rivista-smh.ch\/rmh\/medical-humanities\/\">Medical Humanities<\/a><\/li>\n\n\n\n<li><a href=\"https:\/\/www.rivista-smh.ch\/archivio-autori\/\">Auteurs<\/a><\/li>\n\n\n\n<li><a href=\"https:\/\/www.rivista-smh.ch\/rmh\/contatti\/\">Contacts<\/a><\/li>\n<\/ul>\n\n<p class=\"animated bounceInLeft slower has-nv-dark-bg-color has-text-color has-background has-link-color wp-elements-4e7ddb5d77b428f3d1517d92ba8a8f97\" style=\"background-color:#f7ffeb;font-size:20px\"><strong>Mon article : <\/strong><br\/><strong><a aria-label=\"https:\/\/www.rivista-smh.ch\/articolo\/ecmo-diario-di-una-vita-stravolta\/ (opens in a new tab)\" href=\"https:\/\/www.rivista-smh.ch\/articolo\/ecmo-diario-di-una-vita-stravolta\/\" target=\"_blank\" rel=\"noreferrer noopener\" class=\"ek-link\">https:\/\/www.rivista-smh.ch\/articolo\/ecmo-diario-di-una-vita-stravolta\/ <\/a><\/strong> <\/p>\n\n<figure class=\"wp-block-image size-large\"><img decoding=\"async\" width=\"1024\" height=\"126\" src=\"https:\/\/diario.m-achermann.com\/wp-content\/uploads\/2024\/04\/Sentieri-1024x126.jpeg\" alt=\"\" class=\"wp-image-7378\" srcset=\"https:\/\/diario.m-achermann.com\/wp-content\/uploads\/2024\/04\/Sentieri-1024x126.jpeg 1024w, https:\/\/diario.m-achermann.com\/wp-content\/uploads\/2024\/04\/Sentieri-300x37.jpeg 300w, https:\/\/diario.m-achermann.com\/wp-content\/uploads\/2024\/04\/Sentieri-768x95.jpeg 768w, https:\/\/diario.m-achermann.com\/wp-content\/uploads\/2024\/04\/Sentieri-1536x190.jpeg 1536w, https:\/\/diario.m-achermann.com\/wp-content\/uploads\/2024\/04\/Sentieri-2048x253.jpeg 2048w\" sizes=\"(max-width: 1024px) 100vw, 1024px\" \/><\/figure>\n","protected":false},"excerpt":{"rendered":"<p>La revue pour les Medical Humanities, \u00e9dit\u00e9e par la Fondation Sasso Corbaro en collaboration avec l\u2019Ente Ospedaliero Cantonale, est le r\u00e9sultat d\u2019un long itin\u00e9raire d\u2019\u00e9tude autour des sciences humaines et du soin sous ses formes les plus vari\u00e9es. Apr\u00e8s quinze ans d\u2019activit\u00e9 et 50 num\u00e9ros papier publi\u00e9s, la revue change de forme : en d\u00e9cembre&hellip;&nbsp;<a href=\"https:\/\/diario.m-achermann.com\/fr\/sentiers-dans-les-medical-humanities\/\" rel=\"bookmark\">Read More &raquo;<span class=\"screen-reader-text\">Sentiers dans les Medical Humanities<\/span><\/a><\/p>\n","protected":false},"author":1,"featured_media":0,"parent":0,"menu_order":0,"comment_status":"closed","ping_status":"closed","template":"","meta":{"_editorskit_title_hidden":false,"_editorskit_reading_time":0,"_editorskit_is_block_options_detached":false,"_editorskit_block_options_position":"{}","om_disable_all_campaigns":false,"_lmt_disableupdate":"","_lmt_disable":"","_monsterinsights_skip_tracking":false,"_monsterinsights_sitenote_active":false,"_monsterinsights_sitenote_note":"","_monsterinsights_sitenote_category":0,"neve_meta_sidebar":"","neve_meta_container":"","neve_meta_enable_content_width":"","neve_meta_content_width":0,"neve_meta_title_alignment":"","neve_meta_author_avatar":"","neve_post_elements_order":"","neve_meta_disable_header":"","neve_meta_disable_footer":"","neve_meta_disable_title":"","neve_meta_reading_time":"","_themeisle_gutenberg_block_has_review":false,"footnotes":""},"categories":[435,434,443],"tags":[],"class_list":["post-9858","page","type-page","status-publish","hentry","category-news","category-news2024","category-publication"],"aioseo_notices":[],"aioseo_head":"\n\t\t<!-- All in One SEO Pro 4.9.5.2 - aioseo.com -->\n\t<meta name=\"description\" content=\"Explorez le r\u00e9cit d\u2019une exp\u00e9rience de vie transform\u00e9e par l\u2019ECMO, dans le contexte des Medical Humanities et des soins humains.\" \/>\n\t<meta name=\"robots\" content=\"max-snippet:-1, max-image-preview:large, max-video-preview:-1\" \/>\n\t<meta name=\"google-site-verification\" content=\"2kcNb_eND2p_5dJ-aEUjUzdL5U1pyWvu9G-2F4Qyiwk\" \/>\n\t<meta name=\"msvalidate.01\" content=\"8A32EFC1288A3ACC21FB6846BFC9E656\" \/>\n\t<link rel=\"canonical\" href=\"https:\/\/diario.m-achermann.com\/fr\/sentiers-dans-les-medical-humanities\/\" \/>\n\t<meta name=\"generator\" content=\"All in One SEO Pro (AIOSEO) 4.9.5.2\" \/>\n\t\t<meta property=\"og:locale\" content=\"fr_FR\" \/>\n\t\t<meta property=\"og:site_name\" content=\"ECMO - Journal d&#039;une vie boulevers\u00e9e - Mon aventure, ou plut\u00f4t ma m\u00e9saventure ? De la chance ou de la malchance ?\" \/>\n\t\t<meta property=\"og:type\" content=\"article\" \/>\n\t\t<meta property=\"og:title\" content=\"Sentiers dans les Medical Humanities\" \/>\n\t\t<meta property=\"og:description\" content=\"Explorez le r\u00e9cit d\u2019une exp\u00e9rience de vie transform\u00e9e par l\u2019ECMO, dans le contexte des Medical Humanities et des soins humains.\" \/>\n\t\t<meta property=\"og:url\" content=\"https:\/\/diario.m-achermann.com\/fr\/sentiers-dans-les-medical-humanities\/\" \/>\n\t\t<meta property=\"og:image\" content=\"https:\/\/diario.m-achermann.com\/wp-content\/uploads\/2024\/02\/Mirko.png\" \/>\n\t\t<meta property=\"og:image:secure_url\" content=\"https:\/\/diario.m-achermann.com\/wp-content\/uploads\/2024\/02\/Mirko.png\" \/>\n\t\t<meta property=\"og:image:width\" content=\"200\" \/>\n\t\t<meta property=\"og:image:height\" content=\"200\" \/>\n\t\t<meta property=\"article:published_time\" content=\"2024-04-18T13:22:24+00:00\" \/>\n\t\t<meta property=\"article:modified_time\" content=\"2026-04-01T14:57:53+00:00\" \/>\n\t\t<meta property=\"article:publisher\" content=\"https:\/\/www.facebook.com\/profile.php?id=61556963490212\" \/>\n\t\t<meta name=\"twitter:card\" content=\"summary_large_image\" \/>\n\t\t<meta name=\"twitter:site\" content=\"@Mapi1967\" \/>\n\t\t<meta name=\"twitter:title\" content=\"Sentiers dans les Medical Humanities\" \/>\n\t\t<meta name=\"twitter:description\" content=\"Explorez le r\u00e9cit d\u2019une exp\u00e9rience de vie transform\u00e9e par l\u2019ECMO, dans le contexte des Medical Humanities et des soins humains.\" \/>\n\t\t<meta name=\"twitter:creator\" content=\"@Mapi1967\" \/>\n\t\t<meta name=\"twitter:image\" content=\"https:\/\/diario.m-achermann.com\/wp-content\/uploads\/2024\/02\/Mirko.png\" \/>\n\t\t<script type=\"application\/ld+json\" class=\"aioseo-schema\">\n\t\t\t{\"@context\":\"https:\\\/\\\/schema.org\",\"@graph\":[{\"@type\":\"BreadcrumbList\",\"@id\":\"https:\\\/\\\/diario.m-achermann.com\\\/fr\\\/sentiers-dans-les-medical-humanities\\\/#breadcrumblist\",\"itemListElement\":[{\"@type\":\"ListItem\",\"@id\":\"https:\\\/\\\/diario.m-achermann.com\\\/fr\\\/#listItem\",\"position\":1,\"name\":\"Home\",\"item\":\"https:\\\/\\\/diario.m-achermann.com\\\/fr\\\/\",\"nextItem\":{\"@type\":\"ListItem\",\"@id\":\"https:\\\/\\\/diario.m-achermann.com\\\/fr\\\/sentiers-dans-les-medical-humanities\\\/#listItem\",\"name\":\"Sentiers dans les Medical Humanities\"}},{\"@type\":\"ListItem\",\"@id\":\"https:\\\/\\\/diario.m-achermann.com\\\/fr\\\/sentiers-dans-les-medical-humanities\\\/#listItem\",\"position\":2,\"name\":\"Sentiers dans les Medical Humanities\",\"previousItem\":{\"@type\":\"ListItem\",\"@id\":\"https:\\\/\\\/diario.m-achermann.com\\\/fr\\\/#listItem\",\"name\":\"Home\"}}]},{\"@type\":\"Person\",\"@id\":\"https:\\\/\\\/diario.m-achermann.com\\\/fr\\\/#person\",\"name\":\"Mirko Achermann\",\"image\":{\"@type\":\"ImageObject\",\"@id\":\"https:\\\/\\\/diario.m-achermann.com\\\/fr\\\/sentiers-dans-les-medical-humanities\\\/#personImage\",\"url\":\"https:\\\/\\\/secure.gravatar.com\\\/avatar\\\/53bb9dac79236bd713fbe107c9f2410ca8a6094577846073d4bea7d0bab1e51f?s=96&d=mm&r=g\",\"width\":96,\"height\":96,\"caption\":\"Mirko Achermann\"}},{\"@type\":\"WebPage\",\"@id\":\"https:\\\/\\\/diario.m-achermann.com\\\/fr\\\/sentiers-dans-les-medical-humanities\\\/#webpage\",\"url\":\"https:\\\/\\\/diario.m-achermann.com\\\/fr\\\/sentiers-dans-les-medical-humanities\\\/\",\"name\":\"Sentiers dans les Medical Humanities\",\"description\":\"Explorez le r\\u00e9cit d\\u2019une exp\\u00e9rience de vie transform\\u00e9e par l\\u2019ECMO, dans le contexte des Medical Humanities et des soins humains.\",\"inLanguage\":\"fr-FR\",\"isPartOf\":{\"@id\":\"https:\\\/\\\/diario.m-achermann.com\\\/fr\\\/#website\"},\"breadcrumb\":{\"@id\":\"https:\\\/\\\/diario.m-achermann.com\\\/fr\\\/sentiers-dans-les-medical-humanities\\\/#breadcrumblist\"},\"datePublished\":\"2024-04-18T15:22:24+02:00\",\"dateModified\":\"2026-04-01T16:57:53+02:00\"},{\"@type\":\"WebSite\",\"@id\":\"https:\\\/\\\/diario.m-achermann.com\\\/fr\\\/#website\",\"url\":\"https:\\\/\\\/diario.m-achermann.com\\\/fr\\\/\",\"name\":\"ECMO \\u2013 Diario di una vita stravolta\",\"alternateName\":\"ECMO\",\"description\":\"Mon aventure, ou plut\\u00f4t ma m\\u00e9saventure ? De la chance ou de la malchance ?\",\"inLanguage\":\"fr-FR\",\"publisher\":{\"@id\":\"https:\\\/\\\/diario.m-achermann.com\\\/fr\\\/#person\"}}]}\n\t\t<\/script>\n\t\t<!-- All in One SEO Pro -->\r\n\t\t<title>Sentiers dans les Medical Humanities<\/title>\n\n","aioseo_head_json":{"title":"Sentiers dans les Medical Humanities","description":"Explorez le r\u00e9cit d\u2019une exp\u00e9rience de vie transform\u00e9e par l\u2019ECMO, dans le contexte des Medical Humanities et des soins humains.","canonical_url":"https:\/\/diario.m-achermann.com\/fr\/sentiers-dans-les-medical-humanities\/","robots":"max-snippet:-1, max-image-preview:large, max-video-preview:-1","keywords":"","webmasterTools":{"google-site-verification":"2kcNb_eND2p_5dJ-aEUjUzdL5U1pyWvu9G-2F4Qyiwk","msvalidate.01":"8A32EFC1288A3ACC21FB6846BFC9E656","miscellaneous":""},"schema":{"@context":"https:\/\/schema.org","@graph":[{"@type":"BreadcrumbList","@id":"https:\/\/diario.m-achermann.com\/fr\/sentiers-dans-les-medical-humanities\/#breadcrumblist","itemListElement":[{"@type":"ListItem","@id":"https:\/\/diario.m-achermann.com\/fr\/#listItem","position":1,"name":"Home","item":"https:\/\/diario.m-achermann.com\/fr\/","nextItem":{"@type":"ListItem","@id":"https:\/\/diario.m-achermann.com\/fr\/sentiers-dans-les-medical-humanities\/#listItem","name":"Sentiers dans les Medical Humanities"}},{"@type":"ListItem","@id":"https:\/\/diario.m-achermann.com\/fr\/sentiers-dans-les-medical-humanities\/#listItem","position":2,"name":"Sentiers dans les Medical Humanities","previousItem":{"@type":"ListItem","@id":"https:\/\/diario.m-achermann.com\/fr\/#listItem","name":"Home"}}]},{"@type":"Person","@id":"https:\/\/diario.m-achermann.com\/fr\/#person","name":"Mirko Achermann","image":{"@type":"ImageObject","@id":"https:\/\/diario.m-achermann.com\/fr\/sentiers-dans-les-medical-humanities\/#personImage","url":"https:\/\/secure.gravatar.com\/avatar\/53bb9dac79236bd713fbe107c9f2410ca8a6094577846073d4bea7d0bab1e51f?s=96&d=mm&r=g","width":96,"height":96,"caption":"Mirko Achermann"}},{"@type":"WebPage","@id":"https:\/\/diario.m-achermann.com\/fr\/sentiers-dans-les-medical-humanities\/#webpage","url":"https:\/\/diario.m-achermann.com\/fr\/sentiers-dans-les-medical-humanities\/","name":"Sentiers dans les Medical Humanities","description":"Explorez le r\u00e9cit d\u2019une exp\u00e9rience de vie transform\u00e9e par l\u2019ECMO, dans le contexte des Medical Humanities et des soins humains.","inLanguage":"fr-FR","isPartOf":{"@id":"https:\/\/diario.m-achermann.com\/fr\/#website"},"breadcrumb":{"@id":"https:\/\/diario.m-achermann.com\/fr\/sentiers-dans-les-medical-humanities\/#breadcrumblist"},"datePublished":"2024-04-18T15:22:24+02:00","dateModified":"2026-04-01T16:57:53+02:00"},{"@type":"WebSite","@id":"https:\/\/diario.m-achermann.com\/fr\/#website","url":"https:\/\/diario.m-achermann.com\/fr\/","name":"ECMO \u2013 Diario di una vita stravolta","alternateName":"ECMO","description":"Mon aventure, ou plut\u00f4t ma m\u00e9saventure ? De la chance ou de la malchance ?","inLanguage":"fr-FR","publisher":{"@id":"https:\/\/diario.m-achermann.com\/fr\/#person"}}]},"og:locale":"fr_FR","og:site_name":"ECMO - Journal d'une vie boulevers\u00e9e - Mon aventure, ou plut\u00f4t ma m\u00e9saventure ? De la chance ou de la malchance ?","og:type":"article","og:title":"Sentiers dans les Medical Humanities","og:description":"Explorez le r\u00e9cit d\u2019une exp\u00e9rience de vie transform\u00e9e par l\u2019ECMO, dans le contexte des Medical Humanities et des soins humains.","og:url":"https:\/\/diario.m-achermann.com\/fr\/sentiers-dans-les-medical-humanities\/","og:image":"https:\/\/diario.m-achermann.com\/wp-content\/uploads\/2024\/02\/Mirko.png","og:image:secure_url":"https:\/\/diario.m-achermann.com\/wp-content\/uploads\/2024\/02\/Mirko.png","og:image:width":200,"og:image:height":200,"article:published_time":"2024-04-18T13:22:24+00:00","article:modified_time":"2026-04-01T14:57:53+00:00","article:publisher":"https:\/\/www.facebook.com\/profile.php?id=61556963490212","twitter:card":"summary_large_image","twitter:site":"@Mapi1967","twitter:title":"Sentiers dans les Medical Humanities","twitter:description":"Explorez le r\u00e9cit d\u2019une exp\u00e9rience de vie transform\u00e9e par l\u2019ECMO, dans le contexte des Medical Humanities et des soins humains.","twitter:creator":"@Mapi1967","twitter:image":"https:\/\/diario.m-achermann.com\/wp-content\/uploads\/2024\/02\/Mirko.png"},"aioseo_meta_data":{"post_id":"9858","title":null,"description":"Explorez le r\u00e9cit d\u2019une exp\u00e9rience de vie transform\u00e9e par l\u2019ECMO, dans le contexte des Medical Humanities et des soins humains.","keywords":null,"keyphrases":{"focus":{"keyphrase":"","score":0,"analysis":{"keyphraseInTitle":{"score":0,"maxScore":9,"error":1}}},"additional":[]},"primary_term":null,"canonical_url":null,"og_title":null,"og_description":null,"og_object_type":"default","og_image_type":"default","og_image_url":null,"og_image_width":null,"og_image_height":null,"og_image_custom_url":null,"og_image_custom_fields":null,"og_video":"","og_custom_url":null,"og_article_section":null,"og_article_tags":null,"twitter_use_og":false,"twitter_card":"default","twitter_image_type":"default","twitter_image_url":null,"twitter_image_custom_url":null,"twitter_image_custom_fields":null,"twitter_title":null,"twitter_description":null,"schema":{"blockGraphs":[],"customGraphs":[],"default":{"data":{"Article":[],"Course":[],"Dataset":[],"FAQPage":[],"Movie":[],"Person":[],"Product":[],"ProductReview":[],"Car":[],"Recipe":[],"Service":[],"SoftwareApplication":[],"WebPage":[]},"graphName":"WebPage","isEnabled":true},"graphs":[]},"schema_type":"default","schema_type_options":null,"pillar_content":false,"robots_default":true,"robots_noindex":false,"robots_noarchive":false,"robots_nosnippet":false,"robots_nofollow":false,"robots_noimageindex":false,"robots_noodp":false,"robots_notranslate":false,"robots_max_snippet":"-1","robots_max_videopreview":"-1","robots_max_imagepreview":"large","priority":null,"frequency":"default","local_seo":null,"seo_analyzer_scan_date":"2026-04-01 15:33:05","breadcrumb_settings":null,"limit_modified_date":0,"reviewed_by":null,"open_ai":"{\"title\":{\"suggestions\":[],\"usage\":0},\"description\":{\"suggestions\":[],\"usage\":0}}","ai":{"faqs":[],"keyPoints":[],"titles":[],"descriptions":["Scopri come l'ECMO e le esperienze di vita cambiano attraverso il nostro approfondimento sulle Medical Humanities e l'etica clinica.","Esplora il racconto di un'esperienza di vita trasformata dall'ECMO, nel contesto delle Medical Humanities e della cura umana.","Un viaggio attraverso le Medical Humanities: la storia di un percorso di vita segnato dall'uso dell'ECMO e dalla riflessione etica.","Approfondisci come le Medical Humanities affrontano le sfide della cura e dell'etica clinica, con un focus sulla testimonianza di vita con ECMO.","Rivista Medical Humanities: un nuovo spazio per esplorare le sfide etiche e umane in cura, attraverso la storia di un percorso di vita con ECMO."],"socialPosts":{"email":[],"linkedin":[],"twitter":[],"facebook":[],"instagram":[]}},"created":"2026-04-01 14:57:49","updated":"2026-04-01 17:56:28"},"aioseo_breadcrumb":"<div class=\"aioseo-breadcrumbs\"><span class=\"aioseo-breadcrumb\">\n\t<a href=\"https:\/\/diario.m-achermann.com\/fr\/\" title=\"Home\">Home<\/a>\n<\/span><span class=\"aioseo-breadcrumb-separator\">\u00bb<\/span><span class=\"aioseo-breadcrumb\">\n\tSentiers dans les Medical Humanities\n<\/span><\/div>","aioseo_breadcrumb_json":[{"label":"Home","link":"https:\/\/diario.m-achermann.com\/fr\/"},{"label":"Sentiers dans les Medical Humanities","link":"https:\/\/diario.m-achermann.com\/fr\/sentiers-dans-les-medical-humanities\/"}],"_links":{"self":[{"href":"https:\/\/diario.m-achermann.com\/fr\/wp-json\/wp\/v2\/pages\/9858","targetHints":{"allow":["GET"]}}],"collection":[{"href":"https:\/\/diario.m-achermann.com\/fr\/wp-json\/wp\/v2\/pages"}],"about":[{"href":"https:\/\/diario.m-achermann.com\/fr\/wp-json\/wp\/v2\/types\/page"}],"author":[{"embeddable":true,"href":"https:\/\/diario.m-achermann.com\/fr\/wp-json\/wp\/v2\/users\/1"}],"replies":[{"embeddable":true,"href":"https:\/\/diario.m-achermann.com\/fr\/wp-json\/wp\/v2\/comments?post=9858"}],"version-history":[{"count":1,"href":"https:\/\/diario.m-achermann.com\/fr\/wp-json\/wp\/v2\/pages\/9858\/revisions"}],"predecessor-version":[{"id":9860,"href":"https:\/\/diario.m-achermann.com\/fr\/wp-json\/wp\/v2\/pages\/9858\/revisions\/9860"}],"wp:attachment":[{"href":"https:\/\/diario.m-achermann.com\/fr\/wp-json\/wp\/v2\/media?parent=9858"}],"wp:term":[{"taxonomy":"category","embeddable":true,"href":"https:\/\/diario.m-achermann.com\/fr\/wp-json\/wp\/v2\/categories?post=9858"},{"taxonomy":"post_tag","embeddable":true,"href":"https:\/\/diario.m-achermann.com\/fr\/wp-json\/wp\/v2\/tags?post=9858"}],"curies":[{"name":"wp","href":"https:\/\/api.w.org\/{rel}","templated":true}]}}