{"id":9876,"date":"2024-09-30T16:18:45","date_gmt":"2024-09-30T14:18:45","guid":{"rendered":"https:\/\/diario.m-achermann.com\/le-recit-video-danna\/"},"modified":"2026-04-01T16:58:13","modified_gmt":"2026-04-01T14:58:13","slug":"le-recit-video-danna","status":"publish","type":"page","link":"https:\/\/diario.m-achermann.com\/fr\/le-recit-video-danna\/","title":{"rendered":"Le r\u00e9cit vid\u00e9o d\u2019Anna"},"content":{"rendered":"\n<figure class=\"wp-block-image size-full\"><a href=\"https:\/\/postintensiva.it\" target=\"_blank\" rel=\"noreferrer noopener\"><img decoding=\"async\" width=\"766\" height=\"194\" src=\"https:\/\/diario.m-achermann.com\/wp-content\/uploads\/2024\/09\/image.png\" alt=\"\" class=\"wp-image-7444\" srcset=\"https:\/\/diario.m-achermann.com\/wp-content\/uploads\/2024\/09\/image.png 766w, https:\/\/diario.m-achermann.com\/wp-content\/uploads\/2024\/09\/image-300x76.png 300w\" sizes=\"(max-width: 766px) 100vw, 766px\" \/><\/a><\/figure>\n\n<p><\/p>\n\n<p class=\"has-nv-c-2-color has-text-color has-link-color has-large-font-size wp-elements-ecc48926feb181d7618d63f1af60328b\"><strong><a href=\"https:\/\/postintensiva.it\/blog\/storie-di-terapia-intensiva-il-video-racconto-di-anna\/\" target=\"_blank\" rel=\"noopener nofollow\" title=\"\">Regardez <span>le r\u00e9cit vid\u00e9o d\u2019Anna<\/span><\/a><\/strong><\/p>\n\n<figure class=\"wp-block-image size-large\"><a href=\"https:\/\/postintensiva.it\/blog\/storie-di-terapia-intensiva-il-video-racconto-di-anna\/\" target=\"_blank\" rel=\"noreferrer noopener\"><img decoding=\"async\" width=\"1024\" height=\"523\" src=\"https:\/\/diario.m-achermann.com\/wp-content\/uploads\/2024\/10\/image-1024x523.png\" alt=\"\" class=\"wp-image-7637\" srcset=\"https:\/\/diario.m-achermann.com\/wp-content\/uploads\/2024\/10\/image-1024x523.png 1024w, https:\/\/diario.m-achermann.com\/wp-content\/uploads\/2024\/10\/image-300x153.png 300w, https:\/\/diario.m-achermann.com\/wp-content\/uploads\/2024\/10\/image-768x392.png 768w, https:\/\/diario.m-achermann.com\/wp-content\/uploads\/2024\/10\/image-1536x785.png 1536w, https:\/\/diario.m-achermann.com\/wp-content\/uploads\/2024\/10\/image-2048x1046.png 2048w\" sizes=\"(max-width: 1024px) 100vw, 1024px\" \/><\/a><\/figure>\n","protected":false},"excerpt":{"rendered":"<p>Regardez le r\u00e9cit vid\u00e9o d\u2019Anna<\/p>\n","protected":false},"author":1,"featured_media":0,"parent":0,"menu_order":0,"comment_status":"closed","ping_status":"closed","template":"","meta":{"_editorskit_title_hidden":false,"_editorskit_reading_time":0,"_editorskit_is_block_options_detached":false,"_editorskit_block_options_position":"{}","om_disable_all_campaigns":false,"_lmt_disableupdate":"","_lmt_disable":"","_monsterinsights_skip_tracking":false,"_monsterinsights_sitenote_active":false,"_monsterinsights_sitenote_note":"","_monsterinsights_sitenote_category":0,"neve_meta_sidebar":"","neve_meta_container":"","neve_meta_enable_content_width":"","neve_meta_content_width":0,"neve_meta_title_alignment":"","neve_meta_author_avatar":"","neve_post_elements_order":"","neve_meta_disable_header":"","neve_meta_disable_footer":"","neve_meta_disable_title":"","neve_meta_reading_time":"","_themeisle_gutenberg_block_has_review":false,"footnotes":""},"categories":[435,434,443],"tags":[],"class_list":["post-9876","page","type-page","status-publish","hentry","category-news","category-news2024","category-publication"],"aioseo_notices":[],"aioseo_head":"\n\t\t<!-- All in One SEO Pro 4.9.5.2 - aioseo.com -->\n\t<meta name=\"description\" content=\"D\u00e9couvrez l\u2019histoire d\u2019Anna \u00e0 travers ce r\u00e9cit vid\u00e9o captivant. Un t\u00e9moignage \u00e9mouvant qui ne manquera pas de vous impressionner.\" \/>\n\t<meta name=\"robots\" content=\"max-snippet:-1, max-image-preview:large, max-video-preview:-1\" \/>\n\t<meta name=\"google-site-verification\" content=\"2kcNb_eND2p_5dJ-aEUjUzdL5U1pyWvu9G-2F4Qyiwk\" \/>\n\t<meta name=\"msvalidate.01\" content=\"8A32EFC1288A3ACC21FB6846BFC9E656\" \/>\n\t<link rel=\"canonical\" href=\"https:\/\/diario.m-achermann.com\/fr\/le-recit-video-danna\/\" \/>\n\t<meta name=\"generator\" content=\"All in One SEO Pro (AIOSEO) 4.9.5.2\" \/>\n\t\t<meta property=\"og:locale\" content=\"fr_FR\" \/>\n\t\t<meta property=\"og:site_name\" content=\"ECMO - Journal d&#039;une vie boulevers\u00e9e - Mon aventure, ou plut\u00f4t ma m\u00e9saventure ? De la chance ou de la malchance ?\" \/>\n\t\t<meta property=\"og:type\" content=\"article\" \/>\n\t\t<meta property=\"og:title\" content=\"Plongez dans l\u2019histoire d\u2019Anna : regardez la vid\u00e9o maintenant\" \/>\n\t\t<meta property=\"og:description\" content=\"D\u00e9couvrez l\u2019histoire d\u2019Anna \u00e0 travers ce r\u00e9cit vid\u00e9o captivant. Un t\u00e9moignage \u00e9mouvant qui ne manquera pas de vous impressionner.\" \/>\n\t\t<meta property=\"og:url\" content=\"https:\/\/diario.m-achermann.com\/fr\/le-recit-video-danna\/\" \/>\n\t\t<meta property=\"og:image\" content=\"https:\/\/diario.m-achermann.com\/wp-content\/uploads\/2024\/02\/Mirko.png\" \/>\n\t\t<meta property=\"og:image:secure_url\" content=\"https:\/\/diario.m-achermann.com\/wp-content\/uploads\/2024\/02\/Mirko.png\" \/>\n\t\t<meta property=\"og:image:width\" content=\"200\" \/>\n\t\t<meta property=\"og:image:height\" content=\"200\" \/>\n\t\t<meta property=\"article:published_time\" content=\"2024-09-30T14:18:45+00:00\" \/>\n\t\t<meta property=\"article:modified_time\" content=\"2026-04-01T14:58:13+00:00\" \/>\n\t\t<meta property=\"article:publisher\" content=\"https:\/\/www.facebook.com\/profile.php?id=61556963490212\" \/>\n\t\t<meta name=\"twitter:card\" content=\"summary_large_image\" \/>\n\t\t<meta name=\"twitter:site\" content=\"@Mapi1967\" \/>\n\t\t<meta name=\"twitter:title\" content=\"Plongez dans l\u2019histoire d\u2019Anna : regardez la vid\u00e9o maintenant\" \/>\n\t\t<meta name=\"twitter:description\" content=\"D\u00e9couvrez l\u2019histoire d\u2019Anna \u00e0 travers ce r\u00e9cit vid\u00e9o captivant. Un t\u00e9moignage \u00e9mouvant qui ne manquera pas de vous impressionner.\" \/>\n\t\t<meta name=\"twitter:creator\" content=\"@Mapi1967\" \/>\n\t\t<meta name=\"twitter:image\" content=\"https:\/\/diario.m-achermann.com\/wp-content\/uploads\/2024\/02\/Mirko.png\" \/>\n\t\t<script type=\"application\/ld+json\" class=\"aioseo-schema\">\n\t\t\t{\"@context\":\"https:\\\/\\\/schema.org\",\"@graph\":[{\"@type\":\"BreadcrumbList\",\"@id\":\"https:\\\/\\\/diario.m-achermann.com\\\/fr\\\/le-recit-video-danna\\\/#breadcrumblist\",\"itemListElement\":[{\"@type\":\"ListItem\",\"@id\":\"https:\\\/\\\/diario.m-achermann.com\\\/fr\\\/#listItem\",\"position\":1,\"name\":\"Home\",\"item\":\"https:\\\/\\\/diario.m-achermann.com\\\/fr\\\/\",\"nextItem\":{\"@type\":\"ListItem\",\"@id\":\"https:\\\/\\\/diario.m-achermann.com\\\/fr\\\/le-recit-video-danna\\\/#listItem\",\"name\":\"Le r\\u00e9cit vid\\u00e9o d\\u2019Anna\"}},{\"@type\":\"ListItem\",\"@id\":\"https:\\\/\\\/diario.m-achermann.com\\\/fr\\\/le-recit-video-danna\\\/#listItem\",\"position\":2,\"name\":\"Le r\\u00e9cit vid\\u00e9o d\\u2019Anna\",\"previousItem\":{\"@type\":\"ListItem\",\"@id\":\"https:\\\/\\\/diario.m-achermann.com\\\/fr\\\/#listItem\",\"name\":\"Home\"}}]},{\"@type\":\"Person\",\"@id\":\"https:\\\/\\\/diario.m-achermann.com\\\/fr\\\/#person\",\"name\":\"Mirko Achermann\",\"image\":{\"@type\":\"ImageObject\",\"@id\":\"https:\\\/\\\/diario.m-achermann.com\\\/fr\\\/le-recit-video-danna\\\/#personImage\",\"url\":\"https:\\\/\\\/secure.gravatar.com\\\/avatar\\\/53bb9dac79236bd713fbe107c9f2410ca8a6094577846073d4bea7d0bab1e51f?s=96&d=mm&r=g\",\"width\":96,\"height\":96,\"caption\":\"Mirko Achermann\"}},{\"@type\":\"WebPage\",\"@id\":\"https:\\\/\\\/diario.m-achermann.com\\\/fr\\\/le-recit-video-danna\\\/#webpage\",\"url\":\"https:\\\/\\\/diario.m-achermann.com\\\/fr\\\/le-recit-video-danna\\\/\",\"name\":\"Plongez dans l\\u2019histoire d\\u2019Anna : regardez la vid\\u00e9o maintenant\",\"description\":\"D\\u00e9couvrez l\\u2019histoire d\\u2019Anna \\u00e0 travers ce r\\u00e9cit vid\\u00e9o captivant. Un t\\u00e9moignage \\u00e9mouvant qui ne manquera pas de vous impressionner.\",\"inLanguage\":\"fr-FR\",\"isPartOf\":{\"@id\":\"https:\\\/\\\/diario.m-achermann.com\\\/fr\\\/#website\"},\"breadcrumb\":{\"@id\":\"https:\\\/\\\/diario.m-achermann.com\\\/fr\\\/le-recit-video-danna\\\/#breadcrumblist\"},\"datePublished\":\"2024-09-30T16:18:45+02:00\",\"dateModified\":\"2026-04-01T16:58:13+02:00\"},{\"@type\":\"WebSite\",\"@id\":\"https:\\\/\\\/diario.m-achermann.com\\\/fr\\\/#website\",\"url\":\"https:\\\/\\\/diario.m-achermann.com\\\/fr\\\/\",\"name\":\"ECMO \\u2013 Diario di una vita stravolta\",\"alternateName\":\"ECMO\",\"description\":\"Mon aventure, ou plut\\u00f4t ma m\\u00e9saventure ? De la chance ou de la malchance ?\",\"inLanguage\":\"fr-FR\",\"publisher\":{\"@id\":\"https:\\\/\\\/diario.m-achermann.com\\\/fr\\\/#person\"}}]}\n\t\t<\/script>\n\t\t<!-- All in One SEO Pro -->\r\n\t\t<title>Plongez dans l\u2019histoire d\u2019Anna : regardez la vid\u00e9o maintenant<\/title>\n\n","aioseo_head_json":{"title":"Plongez dans l\u2019histoire d\u2019Anna : regardez la vid\u00e9o maintenant","description":"D\u00e9couvrez l\u2019histoire d\u2019Anna \u00e0 travers ce r\u00e9cit vid\u00e9o captivant. Un t\u00e9moignage \u00e9mouvant qui ne manquera pas de vous impressionner.","canonical_url":"https:\/\/diario.m-achermann.com\/fr\/le-recit-video-danna\/","robots":"max-snippet:-1, max-image-preview:large, max-video-preview:-1","keywords":"","webmasterTools":{"google-site-verification":"2kcNb_eND2p_5dJ-aEUjUzdL5U1pyWvu9G-2F4Qyiwk","msvalidate.01":"8A32EFC1288A3ACC21FB6846BFC9E656","miscellaneous":""},"schema":{"@context":"https:\/\/schema.org","@graph":[{"@type":"BreadcrumbList","@id":"https:\/\/diario.m-achermann.com\/fr\/le-recit-video-danna\/#breadcrumblist","itemListElement":[{"@type":"ListItem","@id":"https:\/\/diario.m-achermann.com\/fr\/#listItem","position":1,"name":"Home","item":"https:\/\/diario.m-achermann.com\/fr\/","nextItem":{"@type":"ListItem","@id":"https:\/\/diario.m-achermann.com\/fr\/le-recit-video-danna\/#listItem","name":"Le r\u00e9cit vid\u00e9o d\u2019Anna"}},{"@type":"ListItem","@id":"https:\/\/diario.m-achermann.com\/fr\/le-recit-video-danna\/#listItem","position":2,"name":"Le r\u00e9cit vid\u00e9o d\u2019Anna","previousItem":{"@type":"ListItem","@id":"https:\/\/diario.m-achermann.com\/fr\/#listItem","name":"Home"}}]},{"@type":"Person","@id":"https:\/\/diario.m-achermann.com\/fr\/#person","name":"Mirko Achermann","image":{"@type":"ImageObject","@id":"https:\/\/diario.m-achermann.com\/fr\/le-recit-video-danna\/#personImage","url":"https:\/\/secure.gravatar.com\/avatar\/53bb9dac79236bd713fbe107c9f2410ca8a6094577846073d4bea7d0bab1e51f?s=96&d=mm&r=g","width":96,"height":96,"caption":"Mirko Achermann"}},{"@type":"WebPage","@id":"https:\/\/diario.m-achermann.com\/fr\/le-recit-video-danna\/#webpage","url":"https:\/\/diario.m-achermann.com\/fr\/le-recit-video-danna\/","name":"Plongez dans l\u2019histoire d\u2019Anna : regardez la vid\u00e9o maintenant","description":"D\u00e9couvrez l\u2019histoire d\u2019Anna \u00e0 travers ce r\u00e9cit vid\u00e9o captivant. Un t\u00e9moignage \u00e9mouvant qui ne manquera pas de vous impressionner.","inLanguage":"fr-FR","isPartOf":{"@id":"https:\/\/diario.m-achermann.com\/fr\/#website"},"breadcrumb":{"@id":"https:\/\/diario.m-achermann.com\/fr\/le-recit-video-danna\/#breadcrumblist"},"datePublished":"2024-09-30T16:18:45+02:00","dateModified":"2026-04-01T16:58:13+02:00"},{"@type":"WebSite","@id":"https:\/\/diario.m-achermann.com\/fr\/#website","url":"https:\/\/diario.m-achermann.com\/fr\/","name":"ECMO \u2013 Diario di una vita stravolta","alternateName":"ECMO","description":"Mon aventure, ou plut\u00f4t ma m\u00e9saventure ? De la chance ou de la malchance ?","inLanguage":"fr-FR","publisher":{"@id":"https:\/\/diario.m-achermann.com\/fr\/#person"}}]},"og:locale":"fr_FR","og:site_name":"ECMO - Journal d'une vie boulevers\u00e9e - Mon aventure, ou plut\u00f4t ma m\u00e9saventure ? De la chance ou de la malchance ?","og:type":"article","og:title":"Plongez dans l\u2019histoire d\u2019Anna : regardez la vid\u00e9o maintenant","og:description":"D\u00e9couvrez l\u2019histoire d\u2019Anna \u00e0 travers ce r\u00e9cit vid\u00e9o captivant. Un t\u00e9moignage \u00e9mouvant qui ne manquera pas de vous impressionner.","og:url":"https:\/\/diario.m-achermann.com\/fr\/le-recit-video-danna\/","og:image":"https:\/\/diario.m-achermann.com\/wp-content\/uploads\/2024\/02\/Mirko.png","og:image:secure_url":"https:\/\/diario.m-achermann.com\/wp-content\/uploads\/2024\/02\/Mirko.png","og:image:width":200,"og:image:height":200,"article:published_time":"2024-09-30T14:18:45+00:00","article:modified_time":"2026-04-01T14:58:13+00:00","article:publisher":"https:\/\/www.facebook.com\/profile.php?id=61556963490212","twitter:card":"summary_large_image","twitter:site":"@Mapi1967","twitter:title":"Plongez dans l\u2019histoire d\u2019Anna : regardez la vid\u00e9o maintenant","twitter:description":"D\u00e9couvrez l\u2019histoire d\u2019Anna \u00e0 travers ce r\u00e9cit vid\u00e9o captivant. Un t\u00e9moignage \u00e9mouvant qui ne manquera pas de vous impressionner.","twitter:creator":"@Mapi1967","twitter:image":"https:\/\/diario.m-achermann.com\/wp-content\/uploads\/2024\/02\/Mirko.png"},"aioseo_meta_data":{"post_id":"9876","title":"Plongez dans l\u2019histoire d\u2019Anna : regardez la vid\u00e9o maintenant","description":"D\u00e9couvrez l\u2019histoire d\u2019Anna \u00e0 travers ce r\u00e9cit vid\u00e9o captivant. Un t\u00e9moignage \u00e9mouvant qui ne manquera pas de vous impressionner. ","keywords":null,"keyphrases":{"focus":{"keyphrase":"","score":0,"analysis":{"keyphraseInTitle":{"score":0,"maxScore":9,"error":1}}},"additional":[]},"primary_term":null,"canonical_url":null,"og_title":null,"og_description":null,"og_object_type":"default","og_image_type":"default","og_image_url":null,"og_image_width":null,"og_image_height":null,"og_image_custom_url":null,"og_image_custom_fields":null,"og_video":"","og_custom_url":null,"og_article_section":null,"og_article_tags":null,"twitter_use_og":false,"twitter_card":"default","twitter_image_type":"default","twitter_image_url":null,"twitter_image_custom_url":null,"twitter_image_custom_fields":null,"twitter_title":null,"twitter_description":null,"schema":{"blockGraphs":[],"customGraphs":[],"default":{"data":{"Article":[],"Course":[],"Dataset":[],"FAQPage":[],"Movie":[],"Person":[],"Product":[],"ProductReview":[],"Car":[],"Recipe":[],"Service":[],"SoftwareApplication":[],"WebPage":[]},"graphName":"WebPage","isEnabled":true},"graphs":[]},"schema_type":"default","schema_type_options":null,"pillar_content":false,"robots_default":true,"robots_noindex":false,"robots_noarchive":false,"robots_nosnippet":false,"robots_nofollow":false,"robots_noimageindex":false,"robots_noodp":false,"robots_notranslate":false,"robots_max_snippet":"-1","robots_max_videopreview":"-1","robots_max_imagepreview":"large","priority":null,"frequency":"default","local_seo":null,"seo_analyzer_scan_date":"2026-04-01 15:30:33","breadcrumb_settings":null,"limit_modified_date":0,"reviewed_by":null,"open_ai":"{\"title\":{\"suggestions\":[],\"usage\":0},\"description\":{\"suggestions\":[],\"usage\":0}}","ai":{"faqs":[],"keyPoints":[],"titles":["Guarda il Video-Racconto di Anna: Un'Prospettiva Unica","Anna's Story in Video: Scopri la Sua Esperienza","Video-Racconto di Anna: Un Viaggio Emozionante","Immergiti nella Storia di Anna: Guarda il Video Ora","Anna Racconta la Sua Storia: Video Esplicativo"],"descriptions":["Scopri la storia di Anna attraverso questo coinvolgente video-racconto. Un racconto emozionante che ti lascer\u00e0 sicuramente impressionato.","Guarda il toccante video-racconto di Anna e lasciati ispirare dalla sua storia unica e coinvolgente.","Non perdere il racconto visivo di Anna: un video che rivela una storia di vita intensa e emozionante.","Vivi l'esperienza di Anna attraverso il nostro video-racconto e scopri una storia che pu\u00f2 cambiare la tua prospettiva.","Scopri di pi\u00f9 sulla storia di Anna con questo video-racconto breve ma potente. Un viaggio emozionante in pochi minuti."],"socialPosts":{"email":[],"linkedin":[],"twitter":[],"facebook":[],"instagram":[]}},"created":"2026-04-01 14:58:10","updated":"2026-04-01 18:01:51"},"aioseo_breadcrumb":"<div class=\"aioseo-breadcrumbs\"><span class=\"aioseo-breadcrumb\">\n\t<a href=\"https:\/\/diario.m-achermann.com\/fr\/\" title=\"Home\">Home<\/a>\n<\/span><span class=\"aioseo-breadcrumb-separator\">\u00bb<\/span><span class=\"aioseo-breadcrumb\">\n\tLe r\u00e9cit vid\u00e9o d\u2019Anna\n<\/span><\/div>","aioseo_breadcrumb_json":[{"label":"Home","link":"https:\/\/diario.m-achermann.com\/fr\/"},{"label":"Le r\u00e9cit vid\u00e9o d\u2019Anna","link":"https:\/\/diario.m-achermann.com\/fr\/le-recit-video-danna\/"}],"_links":{"self":[{"href":"https:\/\/diario.m-achermann.com\/fr\/wp-json\/wp\/v2\/pages\/9876","targetHints":{"allow":["GET"]}}],"collection":[{"href":"https:\/\/diario.m-achermann.com\/fr\/wp-json\/wp\/v2\/pages"}],"about":[{"href":"https:\/\/diario.m-achermann.com\/fr\/wp-json\/wp\/v2\/types\/page"}],"author":[{"embeddable":true,"href":"https:\/\/diario.m-achermann.com\/fr\/wp-json\/wp\/v2\/users\/1"}],"replies":[{"embeddable":true,"href":"https:\/\/diario.m-achermann.com\/fr\/wp-json\/wp\/v2\/comments?post=9876"}],"version-history":[{"count":1,"href":"https:\/\/diario.m-achermann.com\/fr\/wp-json\/wp\/v2\/pages\/9876\/revisions"}],"predecessor-version":[{"id":9877,"href":"https:\/\/diario.m-achermann.com\/fr\/wp-json\/wp\/v2\/pages\/9876\/revisions\/9877"}],"wp:attachment":[{"href":"https:\/\/diario.m-achermann.com\/fr\/wp-json\/wp\/v2\/media?parent=9876"}],"wp:term":[{"taxonomy":"category","embeddable":true,"href":"https:\/\/diario.m-achermann.com\/fr\/wp-json\/wp\/v2\/categories?post=9876"},{"taxonomy":"post_tag","embeddable":true,"href":"https:\/\/diario.m-achermann.com\/fr\/wp-json\/wp\/v2\/tags?post=9876"}],"curies":[{"name":"wp","href":"https:\/\/api.w.org\/{rel}","templated":true}]}}