{"id":9882,"date":"2025-02-25T15:20:10","date_gmt":"2025-02-25T14:20:10","guid":{"rendered":"https:\/\/diario.m-achermann.com\/la-pandemie-cinq-ans-apres\/"},"modified":"2026-04-01T16:58:38","modified_gmt":"2026-04-01T14:58:38","slug":"la-pandemie-cinq-ans-apres","status":"publish","type":"page","link":"https:\/\/diario.m-achermann.com\/fr\/la-pandemie-cinq-ans-apres\/","title":{"rendered":"La pand\u00e9mie cinq ans apr\u00e8s"},"content":{"rendered":"\n<div class=\"wp-block-group is-content-justification-left is-nowrap is-layout-flex wp-container-core-group-is-layout-f56a869c wp-block-group-is-layout-flex\">\n<p class=\"has-medium-font-size\"><strong><a href=\"https:\/\/rsi.ch\/s\/703909\" target=\"_blank\" rel=\"noopener\" title=\"\">25.02.2025<\/a><\/strong><\/p>\n\n\n\n<figure class=\"wp-block-image size-full is-resized\"><a href=\"https:\/\/www.rsi.ch\/rete-uno\/programmi\/intrattenimento\/controcorrente\/\" target=\"_blank\" rel=\" noreferrer noopener\"><img decoding=\"async\" width=\"960\" height=\"540\" src=\"https:\/\/diario.m-achermann.com\/wp-content\/uploads\/2025\/02\/controcortrente.jpeg\" alt=\"\" class=\"wp-image-8968\" style=\"width:133px;height:auto\" srcset=\"https:\/\/diario.m-achermann.com\/wp-content\/uploads\/2025\/02\/controcortrente.jpeg 960w, https:\/\/diario.m-achermann.com\/wp-content\/uploads\/2025\/02\/controcortrente-300x169.jpeg 300w, https:\/\/diario.m-achermann.com\/wp-content\/uploads\/2025\/02\/controcortrente-768x432.jpeg 768w\" sizes=\"(max-width: 960px) 100vw, 960px\" \/><\/a><\/figure>\n\n\n\n<figure class=\"wp-block-image size-full is-resized\"><a href=\"https:\/\/www.rsi.ch\" target=\"_blank\" rel=\" noreferrer noopener\"><img decoding=\"async\" width=\"136\" height=\"100\" src=\"https:\/\/diario.m-achermann.com\/wp-content\/uploads\/2025\/01\/RSI-1.png\" alt=\"\" class=\"wp-image-8913\" style=\"width:101px;height:auto\"\/><\/a><\/figure>\n\n\n\n<figure class=\"wp-block-image size-full is-resized\"><a href=\"https:\/\/www.rsi.ch\/audio\/rete-uno\/live\/\" target=\"_blank\" rel=\" noreferrer noopener\"><img decoding=\"async\" width=\"662\" height=\"658\" src=\"https:\/\/diario.m-achermann.com\/wp-content\/uploads\/2025\/02\/Rete1.png\" alt=\"\" class=\"wp-image-8988\" style=\"width:78px;height:auto\" srcset=\"https:\/\/diario.m-achermann.com\/wp-content\/uploads\/2025\/02\/Rete1.png 662w, https:\/\/diario.m-achermann.com\/wp-content\/uploads\/2025\/02\/Rete1-300x298.png 300w, https:\/\/diario.m-achermann.com\/wp-content\/uploads\/2025\/02\/Rete1-150x150.png 150w\" sizes=\"(max-width: 662px) 100vw, 662px\" \/><\/a><\/figure>\n<\/div>\n\n<p><\/p>\n\n<p><strong>\u00c0 contre-courant :<\/strong><br\/><em>Les souvenirs de la pand\u00e9mie cinq ans apr\u00e8s le premier cas au Tessin<\/em> : avons-nous vraiment d\u00e9couvert une \u00ab nouvelle normalit\u00e9 \u00bb ?<\/p>\n\n<figure class=\"wp-block-audio\"><audio controls=\"\" src=\"https:\/\/diario.m-achermann.com\/wp-content\/uploads\/2025\/02\/I_ricordi_sulla_pandemia_cinque_anni_dopo_il_primo_caso_in_Ticino_abbiamo_davvero_scoperto_una_nuova_normalit.mp3\"><\/audio><\/figure>\n\n<p><\/p>\n\n<p>Mon t\u00e9moignage \u00e0 la minute 31:42<\/p>\n\n<div style=\"height:10px\" aria-hidden=\"true\" class=\"wp-block-spacer\"><\/div>\n","protected":false},"excerpt":{"rendered":"<p>25.02.2025 \u00c0 contre-courant :Les souvenirs de la pand\u00e9mie cinq ans apr\u00e8s le premier cas au Tessin : avons-nous vraiment d\u00e9couvert une \u00ab nouvelle normalit\u00e9 \u00bb ? Mon t\u00e9moignage \u00e0 la minute 31:42<\/p>\n","protected":false},"author":1,"featured_media":0,"parent":0,"menu_order":0,"comment_status":"closed","ping_status":"closed","template":"","meta":{"_editorskit_title_hidden":false,"_editorskit_reading_time":0,"_editorskit_is_block_options_detached":false,"_editorskit_block_options_position":"{}","om_disable_all_campaigns":false,"_lmt_disableupdate":"","_lmt_disable":"","_monsterinsights_skip_tracking":false,"_monsterinsights_sitenote_active":false,"_monsterinsights_sitenote_note":"","_monsterinsights_sitenote_category":0,"neve_meta_sidebar":"","neve_meta_container":"","neve_meta_enable_content_width":"","neve_meta_content_width":0,"neve_meta_title_alignment":"","neve_meta_author_avatar":"","neve_post_elements_order":"","neve_meta_disable_header":"","neve_meta_disable_footer":"","neve_meta_disable_title":"","neve_meta_reading_time":"","_themeisle_gutenberg_block_has_review":false,"footnotes":""},"categories":[435,446],"tags":[],"class_list":["post-9882","page","type-page","status-publish","hentry","category-news","category-news2025"],"aioseo_notices":[],"aioseo_head":"\n\t\t<!-- All in One SEO Pro 4.9.5.2 - aioseo.com -->\n\t<meta name=\"description\" content=\"25.02.2025 \u00c0 contre-courant :Les souvenirs de la pand\u00e9mie cinq ans apr\u00e8s le premier cas au Tessin : avons-nous vraiment d\u00e9couvert une \u00ab nouvelle normalit\u00e9 \u00bb ? Mon t\u00e9moignage \u00e0 la minute 31:42\" \/>\n\t<meta name=\"robots\" content=\"max-snippet:-1, max-image-preview:large, max-video-preview:-1\" \/>\n\t<meta name=\"google-site-verification\" content=\"2kcNb_eND2p_5dJ-aEUjUzdL5U1pyWvu9G-2F4Qyiwk\" \/>\n\t<meta name=\"msvalidate.01\" content=\"8A32EFC1288A3ACC21FB6846BFC9E656\" \/>\n\t<link rel=\"canonical\" href=\"https:\/\/diario.m-achermann.com\/fr\/la-pandemie-cinq-ans-apres\/\" \/>\n\t<meta name=\"generator\" content=\"All in One SEO Pro (AIOSEO) 4.9.5.2\" \/>\n\t\t<meta property=\"og:locale\" content=\"fr_FR\" \/>\n\t\t<meta property=\"og:site_name\" content=\"ECMO - Journal d&#039;une vie boulevers\u00e9e - Mon aventure, ou plut\u00f4t ma m\u00e9saventure ? De la chance ou de la malchance ?\" \/>\n\t\t<meta property=\"og:type\" content=\"article\" \/>\n\t\t<meta property=\"og:title\" content=\"La pand\u00e9mie cinq ans apr\u00e8s\" \/>\n\t\t<meta property=\"og:description\" content=\"25.02.2025 \u00c0 contre-courant :Les souvenirs de la pand\u00e9mie cinq ans apr\u00e8s le premier cas au Tessin : avons-nous vraiment d\u00e9couvert une \u00ab nouvelle normalit\u00e9 \u00bb ? Mon t\u00e9moignage \u00e0 la minute 31:42\" \/>\n\t\t<meta property=\"og:url\" content=\"https:\/\/diario.m-achermann.com\/fr\/la-pandemie-cinq-ans-apres\/\" \/>\n\t\t<meta property=\"og:image\" content=\"https:\/\/diario.m-achermann.com\/wp-content\/uploads\/2024\/02\/Mirko.png\" \/>\n\t\t<meta property=\"og:image:secure_url\" content=\"https:\/\/diario.m-achermann.com\/wp-content\/uploads\/2024\/02\/Mirko.png\" \/>\n\t\t<meta property=\"og:image:width\" content=\"200\" \/>\n\t\t<meta property=\"og:image:height\" content=\"200\" \/>\n\t\t<meta property=\"article:published_time\" content=\"2025-02-25T14:20:10+00:00\" \/>\n\t\t<meta property=\"article:modified_time\" content=\"2026-04-01T14:58:38+00:00\" \/>\n\t\t<meta property=\"article:publisher\" content=\"https:\/\/www.facebook.com\/profile.php?id=61556963490212\" \/>\n\t\t<meta name=\"twitter:card\" content=\"summary_large_image\" \/>\n\t\t<meta name=\"twitter:site\" content=\"@Mapi1967\" \/>\n\t\t<meta name=\"twitter:title\" content=\"La pand\u00e9mie cinq ans apr\u00e8s\" \/>\n\t\t<meta name=\"twitter:description\" content=\"25.02.2025 \u00c0 contre-courant :Les souvenirs de la pand\u00e9mie cinq ans apr\u00e8s le premier cas au Tessin : avons-nous vraiment d\u00e9couvert une \u00ab nouvelle normalit\u00e9 \u00bb ? Mon t\u00e9moignage \u00e0 la minute 31:42\" \/>\n\t\t<meta name=\"twitter:creator\" content=\"@Mapi1967\" \/>\n\t\t<meta name=\"twitter:image\" content=\"https:\/\/diario.m-achermann.com\/wp-content\/uploads\/2024\/02\/Mirko.png\" \/>\n\t\t<script type=\"application\/ld+json\" class=\"aioseo-schema\">\n\t\t\t{\"@context\":\"https:\\\/\\\/schema.org\",\"@graph\":[{\"@type\":\"BreadcrumbList\",\"@id\":\"https:\\\/\\\/diario.m-achermann.com\\\/fr\\\/la-pandemie-cinq-ans-apres\\\/#breadcrumblist\",\"itemListElement\":[{\"@type\":\"ListItem\",\"@id\":\"https:\\\/\\\/diario.m-achermann.com\\\/fr\\\/#listItem\",\"position\":1,\"name\":\"Home\",\"item\":\"https:\\\/\\\/diario.m-achermann.com\\\/fr\\\/\",\"nextItem\":{\"@type\":\"ListItem\",\"@id\":\"https:\\\/\\\/diario.m-achermann.com\\\/fr\\\/la-pandemie-cinq-ans-apres\\\/#listItem\",\"name\":\"La pand\\u00e9mie cinq ans apr\\u00e8s\"}},{\"@type\":\"ListItem\",\"@id\":\"https:\\\/\\\/diario.m-achermann.com\\\/fr\\\/la-pandemie-cinq-ans-apres\\\/#listItem\",\"position\":2,\"name\":\"La pand\\u00e9mie cinq ans apr\\u00e8s\",\"previousItem\":{\"@type\":\"ListItem\",\"@id\":\"https:\\\/\\\/diario.m-achermann.com\\\/fr\\\/#listItem\",\"name\":\"Home\"}}]},{\"@type\":\"Person\",\"@id\":\"https:\\\/\\\/diario.m-achermann.com\\\/fr\\\/#person\",\"name\":\"Mirko Achermann\",\"image\":{\"@type\":\"ImageObject\",\"@id\":\"https:\\\/\\\/diario.m-achermann.com\\\/fr\\\/la-pandemie-cinq-ans-apres\\\/#personImage\",\"url\":\"https:\\\/\\\/secure.gravatar.com\\\/avatar\\\/53bb9dac79236bd713fbe107c9f2410ca8a6094577846073d4bea7d0bab1e51f?s=96&d=mm&r=g\",\"width\":96,\"height\":96,\"caption\":\"Mirko Achermann\"}},{\"@type\":\"WebPage\",\"@id\":\"https:\\\/\\\/diario.m-achermann.com\\\/fr\\\/la-pandemie-cinq-ans-apres\\\/#webpage\",\"url\":\"https:\\\/\\\/diario.m-achermann.com\\\/fr\\\/la-pandemie-cinq-ans-apres\\\/\",\"name\":\"La pand\\u00e9mie cinq ans apr\\u00e8s\",\"description\":\"25.02.2025 \\u00c0 contre-courant :Les souvenirs de la pand\\u00e9mie cinq ans apr\\u00e8s le premier cas au Tessin : avons-nous vraiment d\\u00e9couvert une \\u00ab nouvelle normalit\\u00e9 \\u00bb ? Mon t\\u00e9moignage \\u00e0 la minute 31:42\",\"inLanguage\":\"fr-FR\",\"isPartOf\":{\"@id\":\"https:\\\/\\\/diario.m-achermann.com\\\/fr\\\/#website\"},\"breadcrumb\":{\"@id\":\"https:\\\/\\\/diario.m-achermann.com\\\/fr\\\/la-pandemie-cinq-ans-apres\\\/#breadcrumblist\"},\"datePublished\":\"2025-02-25T15:20:10+01:00\",\"dateModified\":\"2026-04-01T16:58:38+02:00\"},{\"@type\":\"WebSite\",\"@id\":\"https:\\\/\\\/diario.m-achermann.com\\\/fr\\\/#website\",\"url\":\"https:\\\/\\\/diario.m-achermann.com\\\/fr\\\/\",\"name\":\"ECMO \\u2013 Diario di una vita stravolta\",\"alternateName\":\"ECMO\",\"description\":\"Mon aventure, ou plut\\u00f4t ma m\\u00e9saventure ? De la chance ou de la malchance ?\",\"inLanguage\":\"fr-FR\",\"publisher\":{\"@id\":\"https:\\\/\\\/diario.m-achermann.com\\\/fr\\\/#person\"}}]}\n\t\t<\/script>\n\t\t<!-- All in One SEO Pro -->\r\n\t\t<title>La pand\u00e9mie cinq ans apr\u00e8s<\/title>\n\n","aioseo_head_json":{"title":"La pand\u00e9mie cinq ans apr\u00e8s","description":"25.02.2025 \u00c0 contre-courant :Les souvenirs de la pand\u00e9mie cinq ans apr\u00e8s le premier cas au Tessin : avons-nous vraiment d\u00e9couvert une \u00ab nouvelle normalit\u00e9 \u00bb ? Mon t\u00e9moignage \u00e0 la minute 31:42","canonical_url":"https:\/\/diario.m-achermann.com\/fr\/la-pandemie-cinq-ans-apres\/","robots":"max-snippet:-1, max-image-preview:large, max-video-preview:-1","keywords":"","webmasterTools":{"google-site-verification":"2kcNb_eND2p_5dJ-aEUjUzdL5U1pyWvu9G-2F4Qyiwk","msvalidate.01":"8A32EFC1288A3ACC21FB6846BFC9E656","miscellaneous":""},"schema":{"@context":"https:\/\/schema.org","@graph":[{"@type":"BreadcrumbList","@id":"https:\/\/diario.m-achermann.com\/fr\/la-pandemie-cinq-ans-apres\/#breadcrumblist","itemListElement":[{"@type":"ListItem","@id":"https:\/\/diario.m-achermann.com\/fr\/#listItem","position":1,"name":"Home","item":"https:\/\/diario.m-achermann.com\/fr\/","nextItem":{"@type":"ListItem","@id":"https:\/\/diario.m-achermann.com\/fr\/la-pandemie-cinq-ans-apres\/#listItem","name":"La pand\u00e9mie cinq ans apr\u00e8s"}},{"@type":"ListItem","@id":"https:\/\/diario.m-achermann.com\/fr\/la-pandemie-cinq-ans-apres\/#listItem","position":2,"name":"La pand\u00e9mie cinq ans apr\u00e8s","previousItem":{"@type":"ListItem","@id":"https:\/\/diario.m-achermann.com\/fr\/#listItem","name":"Home"}}]},{"@type":"Person","@id":"https:\/\/diario.m-achermann.com\/fr\/#person","name":"Mirko Achermann","image":{"@type":"ImageObject","@id":"https:\/\/diario.m-achermann.com\/fr\/la-pandemie-cinq-ans-apres\/#personImage","url":"https:\/\/secure.gravatar.com\/avatar\/53bb9dac79236bd713fbe107c9f2410ca8a6094577846073d4bea7d0bab1e51f?s=96&d=mm&r=g","width":96,"height":96,"caption":"Mirko Achermann"}},{"@type":"WebPage","@id":"https:\/\/diario.m-achermann.com\/fr\/la-pandemie-cinq-ans-apres\/#webpage","url":"https:\/\/diario.m-achermann.com\/fr\/la-pandemie-cinq-ans-apres\/","name":"La pand\u00e9mie cinq ans apr\u00e8s","description":"25.02.2025 \u00c0 contre-courant :Les souvenirs de la pand\u00e9mie cinq ans apr\u00e8s le premier cas au Tessin : avons-nous vraiment d\u00e9couvert une \u00ab nouvelle normalit\u00e9 \u00bb ? Mon t\u00e9moignage \u00e0 la minute 31:42","inLanguage":"fr-FR","isPartOf":{"@id":"https:\/\/diario.m-achermann.com\/fr\/#website"},"breadcrumb":{"@id":"https:\/\/diario.m-achermann.com\/fr\/la-pandemie-cinq-ans-apres\/#breadcrumblist"},"datePublished":"2025-02-25T15:20:10+01:00","dateModified":"2026-04-01T16:58:38+02:00"},{"@type":"WebSite","@id":"https:\/\/diario.m-achermann.com\/fr\/#website","url":"https:\/\/diario.m-achermann.com\/fr\/","name":"ECMO \u2013 Diario di una vita stravolta","alternateName":"ECMO","description":"Mon aventure, ou plut\u00f4t ma m\u00e9saventure ? De la chance ou de la malchance ?","inLanguage":"fr-FR","publisher":{"@id":"https:\/\/diario.m-achermann.com\/fr\/#person"}}]},"og:locale":"fr_FR","og:site_name":"ECMO - Journal d'une vie boulevers\u00e9e - Mon aventure, ou plut\u00f4t ma m\u00e9saventure ? De la chance ou de la malchance ?","og:type":"article","og:title":"La pand\u00e9mie cinq ans apr\u00e8s","og:description":"25.02.2025 \u00c0 contre-courant :Les souvenirs de la pand\u00e9mie cinq ans apr\u00e8s le premier cas au Tessin : avons-nous vraiment d\u00e9couvert une \u00ab nouvelle normalit\u00e9 \u00bb ? Mon t\u00e9moignage \u00e0 la minute 31:42","og:url":"https:\/\/diario.m-achermann.com\/fr\/la-pandemie-cinq-ans-apres\/","og:image":"https:\/\/diario.m-achermann.com\/wp-content\/uploads\/2024\/02\/Mirko.png","og:image:secure_url":"https:\/\/diario.m-achermann.com\/wp-content\/uploads\/2024\/02\/Mirko.png","og:image:width":200,"og:image:height":200,"article:published_time":"2025-02-25T14:20:10+00:00","article:modified_time":"2026-04-01T14:58:38+00:00","article:publisher":"https:\/\/www.facebook.com\/profile.php?id=61556963490212","twitter:card":"summary_large_image","twitter:site":"@Mapi1967","twitter:title":"La pand\u00e9mie cinq ans apr\u00e8s","twitter:description":"25.02.2025 \u00c0 contre-courant :Les souvenirs de la pand\u00e9mie cinq ans apr\u00e8s le premier cas au Tessin : avons-nous vraiment d\u00e9couvert une \u00ab nouvelle normalit\u00e9 \u00bb ? Mon t\u00e9moignage \u00e0 la minute 31:42","twitter:creator":"@Mapi1967","twitter:image":"https:\/\/diario.m-achermann.com\/wp-content\/uploads\/2024\/02\/Mirko.png"},"aioseo_meta_data":{"post_id":"9882","title":null,"description":null,"keywords":null,"keyphrases":{"focus":{"keyphrase":"","score":0,"analysis":{"keyphraseInTitle":{"score":0,"maxScore":9,"error":1}}},"additional":[]},"primary_term":null,"canonical_url":null,"og_title":null,"og_description":null,"og_object_type":"default","og_image_type":"default","og_image_url":null,"og_image_width":null,"og_image_height":null,"og_image_custom_url":null,"og_image_custom_fields":null,"og_video":"","og_custom_url":null,"og_article_section":null,"og_article_tags":null,"twitter_use_og":false,"twitter_card":"default","twitter_image_type":"default","twitter_image_url":null,"twitter_image_custom_url":null,"twitter_image_custom_fields":null,"twitter_title":null,"twitter_description":null,"schema":{"blockGraphs":[],"customGraphs":[],"default":{"data":{"Article":[],"Course":[],"Dataset":[],"FAQPage":[],"Movie":[],"Person":[],"Product":[],"ProductReview":[],"Car":[],"Recipe":[],"Service":[],"SoftwareApplication":[],"WebPage":[]},"graphName":"WebPage","isEnabled":true},"graphs":[]},"schema_type":"default","schema_type_options":null,"pillar_content":false,"robots_default":true,"robots_noindex":false,"robots_noarchive":false,"robots_nosnippet":false,"robots_nofollow":false,"robots_noimageindex":false,"robots_noodp":false,"robots_notranslate":false,"robots_max_snippet":"-1","robots_max_videopreview":"-1","robots_max_imagepreview":"large","priority":null,"frequency":"default","local_seo":null,"seo_analyzer_scan_date":"2026-04-01 15:27:35","breadcrumb_settings":null,"limit_modified_date":0,"reviewed_by":null,"open_ai":null,"ai":null,"created":"2026-04-01 14:58:33","updated":"2026-04-01 18:01:52"},"aioseo_breadcrumb":"<div class=\"aioseo-breadcrumbs\"><span class=\"aioseo-breadcrumb\">\n\t<a href=\"https:\/\/diario.m-achermann.com\/fr\/\" title=\"Home\">Home<\/a>\n<\/span><span class=\"aioseo-breadcrumb-separator\">\u00bb<\/span><span class=\"aioseo-breadcrumb\">\n\tLa pand\u00e9mie cinq ans apr\u00e8s\n<\/span><\/div>","aioseo_breadcrumb_json":[{"label":"Home","link":"https:\/\/diario.m-achermann.com\/fr\/"},{"label":"La pand\u00e9mie cinq ans apr\u00e8s","link":"https:\/\/diario.m-achermann.com\/fr\/la-pandemie-cinq-ans-apres\/"}],"_links":{"self":[{"href":"https:\/\/diario.m-achermann.com\/fr\/wp-json\/wp\/v2\/pages\/9882","targetHints":{"allow":["GET"]}}],"collection":[{"href":"https:\/\/diario.m-achermann.com\/fr\/wp-json\/wp\/v2\/pages"}],"about":[{"href":"https:\/\/diario.m-achermann.com\/fr\/wp-json\/wp\/v2\/types\/page"}],"author":[{"embeddable":true,"href":"https:\/\/diario.m-achermann.com\/fr\/wp-json\/wp\/v2\/users\/1"}],"replies":[{"embeddable":true,"href":"https:\/\/diario.m-achermann.com\/fr\/wp-json\/wp\/v2\/comments?post=9882"}],"version-history":[{"count":1,"href":"https:\/\/diario.m-achermann.com\/fr\/wp-json\/wp\/v2\/pages\/9882\/revisions"}],"predecessor-version":[{"id":9883,"href":"https:\/\/diario.m-achermann.com\/fr\/wp-json\/wp\/v2\/pages\/9882\/revisions\/9883"}],"wp:attachment":[{"href":"https:\/\/diario.m-achermann.com\/fr\/wp-json\/wp\/v2\/media?parent=9882"}],"wp:term":[{"taxonomy":"category","embeddable":true,"href":"https:\/\/diario.m-achermann.com\/fr\/wp-json\/wp\/v2\/categories?post=9882"},{"taxonomy":"post_tag","embeddable":true,"href":"https:\/\/diario.m-achermann.com\/fr\/wp-json\/wp\/v2\/tags?post=9882"}],"curies":[{"name":"wp","href":"https:\/\/api.w.org\/{rel}","templated":true}]}}