{"id":9936,"date":"2023-10-24T14:32:31","date_gmt":"2023-10-24T12:32:31","guid":{"rendered":"https:\/\/diario.m-achermann.com\/lundi-15-fevrier-2021-a-14h00\/"},"modified":"2026-04-02T10:28:08","modified_gmt":"2026-04-02T08:28:08","slug":"lundi-15-fevrier-2021-a-14h00","status":"publish","type":"page","link":"https:\/\/diario.m-achermann.com\/fr\/le-journal-dhospitalisation\/lundi-15-fevrier-2021-a-14h00\/","title":{"rendered":"Lundi 15 f\u00e9vrier 2021 \u00e0 14h00"},"content":{"rendered":"\n<p>Bonjour Mirko,<br\/>c&rsquo;est encore Stefania, l&rsquo;infirmi\u00e8re d&rsquo;hier.<\/p>\n\n<p>Aujourd&rsquo;hui, j&rsquo;ai vu votre femme !<br\/>Je l&rsquo;ai contact\u00e9e par appel vid\u00e9o et, avec la tablette en main, je me suis approch\u00e9e de votre lit. Vous dormiez encore \u00e0 ce moment-l\u00e0, mais lorsque votre femme vous a appel\u00e9, vos paupi\u00e8res ont boug\u00e9\u2026 je suis certaine que vous l&rsquo;avez entendue ! <br\/>Demain, elle viendra vous voir.<\/p>\n\n<p>Ensuite, j&rsquo;ai r\u00e9duit les m\u00e9dicaments pour vous faire dormir et, sur appel, vous avez ouvert les yeux et m&rsquo;avez montr\u00e9 la langue (comme je vous l&rsquo;avais demand\u00e9).<br\/>Nous ferons souvent cela pour vous faire \u00e9merger de votre sommeil induit par les m\u00e9dicaments.<br\/>Nous appelons cela une \u00ab fen\u00eatre neurologique \u00bb.<br\/>Malheureusement, vous n&rsquo;avez r\u00e9ussi qu&rsquo;\u00e0 me montrer la langue\u2026 vous n&rsquo;avez pas la force de serrer la main ou de lever le pied.<br\/>Les nombreux jours d&rsquo;immobilisation ont malheureusement ces effets\u2026<\/p>\n\n<p>Aujourd&rsquo;hui, vous n&rsquo;\u00eates plus en isolement et nous vous avons chang\u00e9 de chambre ; je vous pr\u00e9viens, la pr\u00e9c\u00e9dente \u00e9tait certainement plus silencieuse !<\/p>\n\n<p>Ce matin, je vous ai lav\u00e9 et j&rsquo;ai renouvel\u00e9 vos pansements avec l&rsquo;aide de Mimmo.<br\/>Puis un saignement a commenc\u00e9 au niveau de la trach\u00e9ostomie, que nous surveillons.<br\/>Vous vous \u00eates certainement senti g\u00ean\u00e9 lorsque j&rsquo;ai d\u00fb retirer les s\u00e9cr\u00e9tions de la trach\u00e9o, je suis d\u00e9sol\u00e9e, mais c&rsquo;est une man\u0153uvre n\u00e9cessaire pour emp\u00eacher que les s\u00e9cr\u00e9tions ne stagnent.<\/p>\n\n<p>J&rsquo;ai appris que vous avez aussi un petit chien : il sautillait tout joyeux pendant l&rsquo;appel vid\u00e9o.<\/p>\n\n<figure class=\"wp-block-image size-full\"><img decoding=\"async\" width=\"1024\" height=\"768\" src=\"https:\/\/diario.m-achermann.com\/wp-content\/uploads\/2023\/10\/8dicembre2020.jpeg\" alt=\"\" class=\"wp-image-158\" srcset=\"https:\/\/diario.m-achermann.com\/wp-content\/uploads\/2023\/10\/8dicembre2020.jpeg 1024w, https:\/\/diario.m-achermann.com\/wp-content\/uploads\/2023\/10\/8dicembre2020-300x225.jpeg 300w, https:\/\/diario.m-achermann.com\/wp-content\/uploads\/2023\/10\/8dicembre2020-768x576.jpeg 768w\" sizes=\"(max-width: 1024px) 100vw, 1024px\" \/><figcaption class=\"wp-element-caption\">8 d\u00e9cembre 2020 &#8211; Kila et moi-m\u00eame, 1 mois avant de contracter la COVID<\/figcaption><\/figure>\n\n<p>Bonne continuation de journ\u00e9e Mirko !<br\/>Stefania<\/p>\n","protected":false},"excerpt":{"rendered":"<p>Bonjour Mirko,c&rsquo;est encore Stefania, l&rsquo;infirmi\u00e8re d&rsquo;hier. Aujourd&rsquo;hui, j&rsquo;ai vu votre femme !Je l&rsquo;ai contact\u00e9e par appel vid\u00e9o et, avec la tablette en main, je me suis approch\u00e9e de votre lit. Vous dormiez encore \u00e0 ce moment-l\u00e0, mais lorsque votre femme vous a appel\u00e9, vos paupi\u00e8res ont boug\u00e9\u2026 je suis certaine que vous l&rsquo;avez entendue !&hellip;&nbsp;<a href=\"https:\/\/diario.m-achermann.com\/fr\/le-journal-dhospitalisation\/lundi-15-fevrier-2021-a-14h00\/\" rel=\"bookmark\">Read More &raquo;<span class=\"screen-reader-text\">Lundi 15 f\u00e9vrier 2021 \u00e0 14h00<\/span><\/a><\/p>\n","protected":false},"author":1,"featured_media":0,"parent":10023,"menu_order":70,"comment_status":"open","ping_status":"closed","template":"","meta":{"_editorskit_title_hidden":false,"_editorskit_reading_time":0,"_editorskit_is_block_options_detached":false,"_editorskit_block_options_position":"{}","om_disable_all_campaigns":false,"_lmt_disableupdate":"","_lmt_disable":"","_monsterinsights_skip_tracking":false,"_monsterinsights_sitenote_active":false,"_monsterinsights_sitenote_note":"","_monsterinsights_sitenote_category":0,"neve_meta_sidebar":"","neve_meta_container":"","neve_meta_enable_content_width":"","neve_meta_content_width":0,"neve_meta_title_alignment":"","neve_meta_author_avatar":"","neve_post_elements_order":"","neve_meta_disable_header":"","neve_meta_disable_footer":"","neve_meta_disable_title":"","neve_meta_reading_time":"","_themeisle_gutenberg_block_has_review":false,"footnotes":""},"categories":[],"tags":[],"class_list":["post-9936","page","type-page","status-publish","hentry"],"aioseo_notices":[],"aioseo_head":"\n\t\t<!-- All in One SEO Pro 4.9.7.1 - aioseo.com -->\n\t<meta name=\"description\" content=\"D\u00e9couvrez comment le journal d&#039;hospitalisation r\u00e9dig\u00e9 par une infirmi\u00e8re r\u00e9v\u00e8le des d\u00e9tails sur les soins apport\u00e9s aux patients en \u00e9tat critique et l&#039;importance des petits signes de r\u00e9tablissement.\" \/>\n\t<meta name=\"robots\" content=\"max-snippet:-1, max-image-preview:large, max-video-preview:-1\" \/>\n\t<meta name=\"google-site-verification\" content=\"2kcNb_eND2p_5dJ-aEUjUzdL5U1pyWvu9G-2F4Qyiwk\" \/>\n\t<meta name=\"msvalidate.01\" content=\"8A32EFC1288A3ACC21FB6846BFC9E656\" \/>\n\t<link rel=\"canonical\" href=\"https:\/\/diario.m-achermann.com\/fr\/le-journal-dhospitalisation\/lundi-15-fevrier-2021-a-14h00\/\" \/>\n\t<meta name=\"generator\" content=\"All in One SEO Pro (AIOSEO) 4.9.7.1\" \/>\n\t\t<meta property=\"og:locale\" content=\"fr_FR\" \/>\n\t\t<meta property=\"og:site_name\" content=\"ECMO - Journal d&#039;une vie boulevers\u00e9e - Mon aventure, ou plut\u00f4t ma m\u00e9saventure ? De la chance ou de la malchance ?\" \/>\n\t\t<meta property=\"og:type\" content=\"article\" \/>\n\t\t<meta property=\"og:title\" content=\"Journal d&#039;hospitalisation : Les d\u00e9fis et les espoirs en soins intensifs\" \/>\n\t\t<meta property=\"og:description\" content=\"D\u00e9couvrez comment le journal d&#039;hospitalisation r\u00e9dig\u00e9 par une infirmi\u00e8re r\u00e9v\u00e8le des d\u00e9tails sur les soins apport\u00e9s aux patients en \u00e9tat critique et l&#039;importance des petits signes de r\u00e9tablissement.\" \/>\n\t\t<meta property=\"og:url\" content=\"https:\/\/diario.m-achermann.com\/fr\/le-journal-dhospitalisation\/lundi-15-fevrier-2021-a-14h00\/\" \/>\n\t\t<meta property=\"og:image\" content=\"https:\/\/diario.m-achermann.com\/wp-content\/uploads\/2024\/02\/Mirko.png\" \/>\n\t\t<meta property=\"og:image:secure_url\" content=\"https:\/\/diario.m-achermann.com\/wp-content\/uploads\/2024\/02\/Mirko.png\" \/>\n\t\t<meta property=\"og:image:width\" content=\"200\" \/>\n\t\t<meta property=\"og:image:height\" content=\"200\" \/>\n\t\t<meta property=\"article:published_time\" content=\"2023-10-24T12:32:31+00:00\" \/>\n\t\t<meta property=\"article:modified_time\" content=\"2026-04-02T08:28:08+00:00\" \/>\n\t\t<meta property=\"article:publisher\" content=\"https:\/\/www.facebook.com\/profile.php?id=61556963490212\" \/>\n\t\t<meta name=\"twitter:card\" content=\"summary_large_image\" \/>\n\t\t<meta name=\"twitter:site\" content=\"@Mapi1967\" \/>\n\t\t<meta name=\"twitter:title\" content=\"Journal d&#039;hospitalisation : Les d\u00e9fis et les espoirs en soins intensifs\" \/>\n\t\t<meta name=\"twitter:description\" content=\"D\u00e9couvrez comment le journal d&#039;hospitalisation r\u00e9dig\u00e9 par une infirmi\u00e8re r\u00e9v\u00e8le des d\u00e9tails sur les soins apport\u00e9s aux patients en \u00e9tat critique et l&#039;importance des petits signes de r\u00e9tablissement.\" \/>\n\t\t<meta name=\"twitter:creator\" content=\"@Mapi1967\" \/>\n\t\t<meta name=\"twitter:image\" content=\"https:\/\/diario.m-achermann.com\/wp-content\/uploads\/2024\/02\/Mirko.png\" \/>\n\t\t<script type=\"application\/ld+json\" class=\"aioseo-schema\">\n\t\t\t{\"@context\":\"https:\\\/\\\/schema.org\",\"@graph\":[{\"@type\":\"BreadcrumbList\",\"@id\":\"https:\\\/\\\/diario.m-achermann.com\\\/fr\\\/le-journal-dhospitalisation\\\/lundi-15-fevrier-2021-a-14h00\\\/#breadcrumblist\",\"itemListElement\":[{\"@type\":\"ListItem\",\"@id\":\"https:\\\/\\\/diario.m-achermann.com\\\/fr\\\/#listItem\",\"position\":1,\"name\":\"Home\",\"item\":\"https:\\\/\\\/diario.m-achermann.com\\\/fr\\\/\",\"nextItem\":{\"@type\":\"ListItem\",\"@id\":\"https:\\\/\\\/diario.m-achermann.com\\\/fr\\\/le-journal-dhospitalisation\\\/#listItem\",\"name\":\"Le journal d\\u2019hospitalisation\"}},{\"@type\":\"ListItem\",\"@id\":\"https:\\\/\\\/diario.m-achermann.com\\\/fr\\\/le-journal-dhospitalisation\\\/#listItem\",\"position\":2,\"name\":\"Le journal d\\u2019hospitalisation\",\"item\":\"https:\\\/\\\/diario.m-achermann.com\\\/fr\\\/le-journal-dhospitalisation\\\/\",\"nextItem\":{\"@type\":\"ListItem\",\"@id\":\"https:\\\/\\\/diario.m-achermann.com\\\/fr\\\/le-journal-dhospitalisation\\\/lundi-15-fevrier-2021-a-14h00\\\/#listItem\",\"name\":\"Lundi 15 f\\u00e9vrier 2021 \\u00e0 14h00\"},\"previousItem\":{\"@type\":\"ListItem\",\"@id\":\"https:\\\/\\\/diario.m-achermann.com\\\/fr\\\/#listItem\",\"name\":\"Home\"}},{\"@type\":\"ListItem\",\"@id\":\"https:\\\/\\\/diario.m-achermann.com\\\/fr\\\/le-journal-dhospitalisation\\\/lundi-15-fevrier-2021-a-14h00\\\/#listItem\",\"position\":3,\"name\":\"Lundi 15 f\\u00e9vrier 2021 \\u00e0 14h00\",\"previousItem\":{\"@type\":\"ListItem\",\"@id\":\"https:\\\/\\\/diario.m-achermann.com\\\/fr\\\/le-journal-dhospitalisation\\\/#listItem\",\"name\":\"Le journal d\\u2019hospitalisation\"}}]},{\"@type\":\"Person\",\"@id\":\"https:\\\/\\\/diario.m-achermann.com\\\/fr\\\/#person\",\"name\":\"Mirko Achermann\",\"image\":{\"@type\":\"ImageObject\",\"@id\":\"https:\\\/\\\/diario.m-achermann.com\\\/fr\\\/le-journal-dhospitalisation\\\/lundi-15-fevrier-2021-a-14h00\\\/#personImage\",\"url\":\"https:\\\/\\\/secure.gravatar.com\\\/avatar\\\/53bb9dac79236bd713fbe107c9f2410ca8a6094577846073d4bea7d0bab1e51f?s=96&d=mm&r=g\",\"width\":96,\"height\":96,\"caption\":\"Mirko Achermann\"}},{\"@type\":\"WebPage\",\"@id\":\"https:\\\/\\\/diario.m-achermann.com\\\/fr\\\/le-journal-dhospitalisation\\\/lundi-15-fevrier-2021-a-14h00\\\/#webpage\",\"url\":\"https:\\\/\\\/diario.m-achermann.com\\\/fr\\\/le-journal-dhospitalisation\\\/lundi-15-fevrier-2021-a-14h00\\\/\",\"name\":\"Journal d'hospitalisation : Les d\\u00e9fis et les espoirs en soins intensifs\",\"description\":\"D\\u00e9couvrez comment le journal d'hospitalisation r\\u00e9dig\\u00e9 par une infirmi\\u00e8re r\\u00e9v\\u00e8le des d\\u00e9tails sur les soins apport\\u00e9s aux patients en \\u00e9tat critique et l'importance des petits signes de r\\u00e9tablissement.\",\"inLanguage\":\"fr-FR\",\"isPartOf\":{\"@id\":\"https:\\\/\\\/diario.m-achermann.com\\\/fr\\\/#website\"},\"breadcrumb\":{\"@id\":\"https:\\\/\\\/diario.m-achermann.com\\\/fr\\\/le-journal-dhospitalisation\\\/lundi-15-fevrier-2021-a-14h00\\\/#breadcrumblist\"},\"datePublished\":\"2023-10-24T14:32:31+02:00\",\"dateModified\":\"2026-04-02T10:28:08+02:00\"},{\"@type\":\"WebSite\",\"@id\":\"https:\\\/\\\/diario.m-achermann.com\\\/fr\\\/#website\",\"url\":\"https:\\\/\\\/diario.m-achermann.com\\\/fr\\\/\",\"name\":\"ECMO \\u2013 Diario di una vita stravolta\",\"alternateName\":\"ECMO\",\"description\":\"Mon aventure, ou plut\\u00f4t ma m\\u00e9saventure ? De la chance ou de la malchance ?\",\"inLanguage\":\"fr-FR\",\"publisher\":{\"@id\":\"https:\\\/\\\/diario.m-achermann.com\\\/fr\\\/#person\"}}]}\n\t\t<\/script>\n\t\t<!-- All in One SEO Pro -->\r\n\t\t<title>Journal d'hospitalisation : Les d\u00e9fis et les espoirs en soins intensifs<\/title>\n\n","aioseo_head_json":{"title":"Journal d'hospitalisation : Les d\u00e9fis et les espoirs en soins intensifs","description":"D\u00e9couvrez comment le journal d'hospitalisation r\u00e9dig\u00e9 par une infirmi\u00e8re r\u00e9v\u00e8le des d\u00e9tails sur les soins apport\u00e9s aux patients en \u00e9tat critique et l'importance des petits signes de r\u00e9tablissement.","canonical_url":"https:\/\/diario.m-achermann.com\/fr\/le-journal-dhospitalisation\/lundi-15-fevrier-2021-a-14h00\/","robots":"max-snippet:-1, max-image-preview:large, max-video-preview:-1","keywords":"","webmasterTools":{"google-site-verification":"2kcNb_eND2p_5dJ-aEUjUzdL5U1pyWvu9G-2F4Qyiwk","msvalidate.01":"8A32EFC1288A3ACC21FB6846BFC9E656","miscellaneous":""},"schema":{"@context":"https:\/\/schema.org","@graph":[{"@type":"BreadcrumbList","@id":"https:\/\/diario.m-achermann.com\/fr\/le-journal-dhospitalisation\/lundi-15-fevrier-2021-a-14h00\/#breadcrumblist","itemListElement":[{"@type":"ListItem","@id":"https:\/\/diario.m-achermann.com\/fr\/#listItem","position":1,"name":"Home","item":"https:\/\/diario.m-achermann.com\/fr\/","nextItem":{"@type":"ListItem","@id":"https:\/\/diario.m-achermann.com\/fr\/le-journal-dhospitalisation\/#listItem","name":"Le journal d\u2019hospitalisation"}},{"@type":"ListItem","@id":"https:\/\/diario.m-achermann.com\/fr\/le-journal-dhospitalisation\/#listItem","position":2,"name":"Le journal d\u2019hospitalisation","item":"https:\/\/diario.m-achermann.com\/fr\/le-journal-dhospitalisation\/","nextItem":{"@type":"ListItem","@id":"https:\/\/diario.m-achermann.com\/fr\/le-journal-dhospitalisation\/lundi-15-fevrier-2021-a-14h00\/#listItem","name":"Lundi 15 f\u00e9vrier 2021 \u00e0 14h00"},"previousItem":{"@type":"ListItem","@id":"https:\/\/diario.m-achermann.com\/fr\/#listItem","name":"Home"}},{"@type":"ListItem","@id":"https:\/\/diario.m-achermann.com\/fr\/le-journal-dhospitalisation\/lundi-15-fevrier-2021-a-14h00\/#listItem","position":3,"name":"Lundi 15 f\u00e9vrier 2021 \u00e0 14h00","previousItem":{"@type":"ListItem","@id":"https:\/\/diario.m-achermann.com\/fr\/le-journal-dhospitalisation\/#listItem","name":"Le journal d\u2019hospitalisation"}}]},{"@type":"Person","@id":"https:\/\/diario.m-achermann.com\/fr\/#person","name":"Mirko Achermann","image":{"@type":"ImageObject","@id":"https:\/\/diario.m-achermann.com\/fr\/le-journal-dhospitalisation\/lundi-15-fevrier-2021-a-14h00\/#personImage","url":"https:\/\/secure.gravatar.com\/avatar\/53bb9dac79236bd713fbe107c9f2410ca8a6094577846073d4bea7d0bab1e51f?s=96&d=mm&r=g","width":96,"height":96,"caption":"Mirko Achermann"}},{"@type":"WebPage","@id":"https:\/\/diario.m-achermann.com\/fr\/le-journal-dhospitalisation\/lundi-15-fevrier-2021-a-14h00\/#webpage","url":"https:\/\/diario.m-achermann.com\/fr\/le-journal-dhospitalisation\/lundi-15-fevrier-2021-a-14h00\/","name":"Journal d'hospitalisation : Les d\u00e9fis et les espoirs en soins intensifs","description":"D\u00e9couvrez comment le journal d'hospitalisation r\u00e9dig\u00e9 par une infirmi\u00e8re r\u00e9v\u00e8le des d\u00e9tails sur les soins apport\u00e9s aux patients en \u00e9tat critique et l'importance des petits signes de r\u00e9tablissement.","inLanguage":"fr-FR","isPartOf":{"@id":"https:\/\/diario.m-achermann.com\/fr\/#website"},"breadcrumb":{"@id":"https:\/\/diario.m-achermann.com\/fr\/le-journal-dhospitalisation\/lundi-15-fevrier-2021-a-14h00\/#breadcrumblist"},"datePublished":"2023-10-24T14:32:31+02:00","dateModified":"2026-04-02T10:28:08+02:00"},{"@type":"WebSite","@id":"https:\/\/diario.m-achermann.com\/fr\/#website","url":"https:\/\/diario.m-achermann.com\/fr\/","name":"ECMO \u2013 Diario di una vita stravolta","alternateName":"ECMO","description":"Mon aventure, ou plut\u00f4t ma m\u00e9saventure ? De la chance ou de la malchance ?","inLanguage":"fr-FR","publisher":{"@id":"https:\/\/diario.m-achermann.com\/fr\/#person"}}]},"og:locale":"fr_FR","og:site_name":"ECMO - Journal d'une vie boulevers\u00e9e - Mon aventure, ou plut\u00f4t ma m\u00e9saventure ? De la chance ou de la malchance ?","og:type":"article","og:title":"Journal d'hospitalisation : Les d\u00e9fis et les espoirs en soins intensifs","og:description":"D\u00e9couvrez comment le journal d'hospitalisation r\u00e9dig\u00e9 par une infirmi\u00e8re r\u00e9v\u00e8le des d\u00e9tails sur les soins apport\u00e9s aux patients en \u00e9tat critique et l'importance des petits signes de r\u00e9tablissement.","og:url":"https:\/\/diario.m-achermann.com\/fr\/le-journal-dhospitalisation\/lundi-15-fevrier-2021-a-14h00\/","og:image":"https:\/\/diario.m-achermann.com\/wp-content\/uploads\/2024\/02\/Mirko.png","og:image:secure_url":"https:\/\/diario.m-achermann.com\/wp-content\/uploads\/2024\/02\/Mirko.png","og:image:width":200,"og:image:height":200,"article:published_time":"2023-10-24T12:32:31+00:00","article:modified_time":"2026-04-02T08:28:08+00:00","article:publisher":"https:\/\/www.facebook.com\/profile.php?id=61556963490212","twitter:card":"summary_large_image","twitter:site":"@Mapi1967","twitter:title":"Journal d'hospitalisation : Les d\u00e9fis et les espoirs en soins intensifs","twitter:description":"D\u00e9couvrez comment le journal d'hospitalisation r\u00e9dig\u00e9 par une infirmi\u00e8re r\u00e9v\u00e8le des d\u00e9tails sur les soins apport\u00e9s aux patients en \u00e9tat critique et l'importance des petits signes de r\u00e9tablissement.","twitter:creator":"@Mapi1967","twitter:image":"https:\/\/diario.m-achermann.com\/wp-content\/uploads\/2024\/02\/Mirko.png"},"aioseo_meta_data":{"post_id":"9936","title":"Journal d'hospitalisation : Les d\u00e9fis et les espoirs en soins intensifs","description":"D\u00e9couvrez comment le journal d'hospitalisation r\u00e9dig\u00e9 par une infirmi\u00e8re r\u00e9v\u00e8le des d\u00e9tails sur les soins apport\u00e9s aux patients en \u00e9tat critique et l'importance des petits signes de r\u00e9tablissement.","keywords":null,"keyphrases":{"focus":{"keyphrase":"diario","score":64,"analysis":{"keyphraseInTitle":{"score":9,"maxScore":9,"error":0},"keyphraseInDescription":{"score":9,"maxScore":9,"error":0},"keyphraseLength":{"score":9,"maxScore":9,"error":0,"length":1},"keyphraseInURL":{"score":5,"maxScore":5,"error":0},"keyphraseInIntroduction":{"score":3,"maxScore":9,"error":1},"keyphraseInSubHeadings":[],"keyphraseInImageAlt":{"score":3,"maxScore":9,"error":1},"keywordDensity":{"score":0,"type":"low","maxScore":9,"error":1}}},"additional":[{"keyphrase":"Ecmo","score":40,"analysis":{"keyphraseInDescription":{"score":3,"maxScore":9,"error":1},"keyphraseLength":{"score":9,"maxScore":9,"error":0,"length":1},"keyphraseInIntroduction":{"score":3,"maxScore":9,"error":1},"keyphraseInImageAlt":{"score":3,"maxScore":9,"error":1},"keywordDensity":{"score":0,"type":"low","maxScore":9,"error":1}}},{"keyphrase":"degenza","score":53,"analysis":{"keyphraseInDescription":{"score":9,"maxScore":9,"error":0},"keyphraseLength":{"score":9,"maxScore":9,"error":0,"length":1},"keyphraseInIntroduction":{"score":3,"maxScore":9,"error":1},"keyphraseInImageAlt":{"score":3,"maxScore":9,"error":1},"keywordDensity":{"score":0,"type":"low","maxScore":9,"error":1}}},{"keyphrase":"Cardiocentro","score":40,"analysis":{"keyphraseInDescription":{"score":3,"maxScore":9,"error":1},"keyphraseLength":{"score":9,"maxScore":9,"error":0,"length":1},"keyphraseInIntroduction":{"score":3,"maxScore":9,"error":1},"keyphraseInImageAlt":{"score":3,"maxScore":9,"error":1},"keywordDensity":{"score":0,"type":"low","maxScore":9,"error":1}}}]},"primary_term":null,"canonical_url":null,"og_title":null,"og_description":null,"og_object_type":"default","og_image_type":"default","og_image_url":null,"og_image_width":null,"og_image_height":null,"og_image_custom_url":null,"og_image_custom_fields":null,"og_video":"","og_custom_url":null,"og_article_section":null,"og_article_tags":null,"twitter_use_og":false,"twitter_card":"default","twitter_image_type":"default","twitter_image_url":null,"twitter_image_custom_url":null,"twitter_image_custom_fields":null,"twitter_title":null,"twitter_description":null,"schema":{"blockGraphs":[],"customGraphs":[],"default":{"data":{"Article":[],"Course":[],"Dataset":[],"FAQPage":[],"Movie":[],"Person":[],"Product":[],"ProductReview":[],"Car":[],"Recipe":[],"Service":[],"SoftwareApplication":[],"WebPage":[]},"graphName":"WebPage","isEnabled":true},"graphs":[]},"schema_type":"default","schema_type_options":null,"pillar_content":false,"robots_default":true,"robots_noindex":false,"robots_noarchive":false,"robots_nosnippet":false,"robots_nofollow":false,"robots_noimageindex":false,"robots_noodp":false,"robots_notranslate":false,"robots_max_snippet":"-1","robots_max_videopreview":"-1","robots_max_imagepreview":"large","priority":null,"frequency":"default","local_seo":null,"seo_analyzer_scan_date":"2026-04-02 08:54:22","breadcrumb_settings":null,"limit_modified_date":0,"reviewed_by":"0","open_ai":"{\"title\":{\"suggestions\":[],\"usage\":0},\"description\":{\"suggestions\":[],\"usage\":0}}","ai":{"faqs":[],"keyPoints":[],"titles":["Diario di Cura: Le Sfide e le Speranze in Terapia Intensiva","Un Giorno nel Diario di un'Infermiera: Cura e Empatia","Dietro le Quinte delle Cure Intensive: Il Diario di Stefania","Storie di Cura: Diario di un'Odissea Medica","Riflessioni Quotidiane di un'Infermiera in Terapia Intensiva"],"descriptions":["Scopri come un'infermiera monitora la riabilitazione di una paziente in coma attraverso il diario, con tecniche come la 'finestra neurologica'.","Leggi come il diario di un'infermiera rivela dettagli sulla cura di pazienti in condizioni critiche e l'importanza di piccoli segnali di ripresa.","Esplora il racconto di un'infermiera che utilizza il diario per documentare speranze, progressi e sfide quotidiane nella cura di un paziente in coma.","Approfondisci con il diario come si gestiscono le complicanze post-isolamento e i progressi di una paziente in terapia intensiva.","Il diario di un'infermiera svela le emozioni e le strategie di cura nel monitoraggio di un malato grave, con tecniche innovative come la 'finestra neurologica'."],"socialPosts":{"email":[],"linkedin":[],"twitter":[],"facebook":[],"instagram":[]}},"created":"2026-04-01 15:01:00","updated":"2026-04-02 09:42:07"},"aioseo_breadcrumb":"<div class=\"aioseo-breadcrumbs\"><span class=\"aioseo-breadcrumb\">\n\t<a href=\"https:\/\/diario.m-achermann.com\/fr\/\" title=\"Home\">Home<\/a>\n<\/span><span class=\"aioseo-breadcrumb-separator\">\u00bb<\/span><span class=\"aioseo-breadcrumb\">\n\t<a href=\"https:\/\/diario.m-achermann.com\/fr\/le-journal-dhospitalisation\/\" title=\"Le journal d\u2019hospitalisation\">Le journal d\u2019hospitalisation<\/a>\n<\/span><span class=\"aioseo-breadcrumb-separator\">\u00bb<\/span><span class=\"aioseo-breadcrumb\">\n\tLundi 15 f\u00e9vrier 2021 \u00e0 14h00\n<\/span><\/div>","aioseo_breadcrumb_json":[{"label":"Home","link":"https:\/\/diario.m-achermann.com\/fr\/"},{"label":"Le journal d\u2019hospitalisation","link":"https:\/\/diario.m-achermann.com\/fr\/le-journal-dhospitalisation\/"},{"label":"Lundi 15 f\u00e9vrier 2021 \u00e0 14h00","link":"https:\/\/diario.m-achermann.com\/fr\/le-journal-dhospitalisation\/lundi-15-fevrier-2021-a-14h00\/"}],"_links":{"self":[{"href":"https:\/\/diario.m-achermann.com\/fr\/wp-json\/wp\/v2\/pages\/9936","targetHints":{"allow":["GET"]}}],"collection":[{"href":"https:\/\/diario.m-achermann.com\/fr\/wp-json\/wp\/v2\/pages"}],"about":[{"href":"https:\/\/diario.m-achermann.com\/fr\/wp-json\/wp\/v2\/types\/page"}],"author":[{"embeddable":true,"href":"https:\/\/diario.m-achermann.com\/fr\/wp-json\/wp\/v2\/users\/1"}],"replies":[{"embeddable":true,"href":"https:\/\/diario.m-achermann.com\/fr\/wp-json\/wp\/v2\/comments?post=9936"}],"version-history":[{"count":1,"href":"https:\/\/diario.m-achermann.com\/fr\/wp-json\/wp\/v2\/pages\/9936\/revisions"}],"predecessor-version":[{"id":9937,"href":"https:\/\/diario.m-achermann.com\/fr\/wp-json\/wp\/v2\/pages\/9936\/revisions\/9937"}],"up":[{"embeddable":true,"href":"https:\/\/diario.m-achermann.com\/fr\/wp-json\/wp\/v2\/pages\/10023"}],"wp:attachment":[{"href":"https:\/\/diario.m-achermann.com\/fr\/wp-json\/wp\/v2\/media?parent=9936"}],"wp:term":[{"taxonomy":"category","embeddable":true,"href":"https:\/\/diario.m-achermann.com\/fr\/wp-json\/wp\/v2\/categories?post=9936"},{"taxonomy":"post_tag","embeddable":true,"href":"https:\/\/diario.m-achermann.com\/fr\/wp-json\/wp\/v2\/tags?post=9936"}],"curies":[{"name":"wp","href":"https:\/\/api.w.org\/{rel}","templated":true}]}}