{"id":9938,"date":"2023-10-24T15:09:04","date_gmt":"2023-10-24T13:09:04","guid":{"rendered":"https:\/\/diario.m-achermann.com\/lundi-22-fevrier-2021\/"},"modified":"2026-04-01T17:04:57","modified_gmt":"2026-04-01T15:04:57","slug":"lundi-22-fevrier-2021","status":"publish","type":"page","link":"https:\/\/diario.m-achermann.com\/fr\/le-journal-dhospitalisation\/lundi-22-fevrier-2021\/","title":{"rendered":"Lundi 22 f\u00e9vrier 2021"},"content":{"rendered":"\n<p>Bonjour M. Mirko,<br\/>C&rsquo;est encore moi, Stefania.<\/p>\n\n<p>Aujourd&rsquo;hui, je ne m&rsquo;occupe pas de vous, mais je suis l\u00e0 parce que j&rsquo;ai aid\u00e9 \u00e0 vous mettre en d\u00e9cubitus ventral. <br\/>En pratique, nous vous avons mis sur le ventre. <br\/>Vos poumons, dans la partie post\u00e9rieure (ceux qui \u00ab regardent \u00bb la colonne vert\u00e9brale) ont besoin d&rsquo;\u00eatre davantage \u00ab ventil\u00e9s \u00bb : les m\u00e9decins et nous, infirmiers, esp\u00e9rons que cette position pourra vous \u00eatre b\u00e9n\u00e9fique.<\/p>\n\n<p>Ce n&rsquo;a pas \u00e9t\u00e9 une man\u0153uvre simple, nous \u00e9tions trois infirmiers, deux m\u00e9decins et un kin\u00e9sith\u00e9rapeute.<br\/>Ce que nous avons fait, c&rsquo;est d&rsquo;abord vous pr\u00e9venir de ce qui allait se passer, puis nous vous avons administr\u00e9 des m\u00e9dicaments pour vous s\u00e9dater davantage, enfin nous avons \u00e9valu\u00e9 la position, les points d&rsquo;appui sur le lit, la possibilit\u00e9 de retirer les s\u00e9cr\u00e9tions de la trach\u00e9ostomie\u2026 bref, beaucoup de choses\u2026<br\/>J&rsquo;esp\u00e8re que cette position ne vous est pas trop inconfortable, mais dans le doute, les m\u00e9dicaments pour vous faire dormir ont \u00e9t\u00e9 augment\u00e9s.<br\/>Les s\u00e9cr\u00e9tions sont nombreuses et nous essayons de les aspirer.<\/p>\n\n<p>Courage Mirko, nous mettons tout en \u0153uvre !<br\/>Je vous soutiens.<\/p>\n\n<p>Bonne journ\u00e9e.<br\/>Stefania<\/p>\n","protected":false},"excerpt":{"rendered":"<p>Bonjour M. Mirko,C&rsquo;est encore moi, Stefania. Aujourd&rsquo;hui, je ne m&rsquo;occupe pas de vous, mais je suis l\u00e0 parce que j&rsquo;ai aid\u00e9 \u00e0 vous mettre en d\u00e9cubitus ventral. En pratique, nous vous avons mis sur le ventre. Vos poumons, dans la partie post\u00e9rieure (ceux qui \u00ab regardent \u00bb la colonne vert\u00e9brale) ont besoin d&rsquo;\u00eatre davantage \u00ab&hellip;&nbsp;<a href=\"https:\/\/diario.m-achermann.com\/fr\/le-journal-dhospitalisation\/lundi-22-fevrier-2021\/\" rel=\"bookmark\">Read More &raquo;<span class=\"screen-reader-text\">Lundi 22 f\u00e9vrier 2021<\/span><\/a><\/p>\n","protected":false},"author":1,"featured_media":0,"parent":10023,"menu_order":90,"comment_status":"open","ping_status":"closed","template":"","meta":{"_editorskit_title_hidden":false,"_editorskit_reading_time":0,"_editorskit_is_block_options_detached":false,"_editorskit_block_options_position":"{}","om_disable_all_campaigns":false,"_lmt_disableupdate":"","_lmt_disable":"","_monsterinsights_skip_tracking":false,"_monsterinsights_sitenote_active":false,"_monsterinsights_sitenote_note":"","_monsterinsights_sitenote_category":0,"neve_meta_sidebar":"","neve_meta_container":"","neve_meta_enable_content_width":"","neve_meta_content_width":0,"neve_meta_title_alignment":"","neve_meta_author_avatar":"","neve_post_elements_order":"","neve_meta_disable_header":"","neve_meta_disable_footer":"","neve_meta_disable_title":"","neve_meta_reading_time":"","_themeisle_gutenberg_block_has_review":false,"footnotes":""},"categories":[],"tags":[],"class_list":["post-9938","page","type-page","status-publish","hentry"],"aioseo_notices":[],"aioseo_head":"\n\t\t<!-- All in One SEO Pro 4.9.7.1 - aioseo.com -->\n\t<meta name=\"description\" content=\"Le journal est votre alli\u00e9 quotidien : la narration des pens\u00e9es, des \u00e9motions et des objectifs par les proches et les soignants. Un moyen simple de prendre soin de votre sant\u00e9 mentale et \u00e9motionnelle.\" \/>\n\t<meta name=\"robots\" content=\"max-snippet:-1, max-image-preview:large, max-video-preview:-1\" \/>\n\t<meta name=\"google-site-verification\" content=\"2kcNb_eND2p_5dJ-aEUjUzdL5U1pyWvu9G-2F4Qyiwk\" \/>\n\t<meta name=\"msvalidate.01\" content=\"8A32EFC1288A3ACC21FB6846BFC9E656\" \/>\n\t<link rel=\"canonical\" href=\"https:\/\/diario.m-achermann.com\/fr\/le-journal-dhospitalisation\/lundi-22-fevrier-2021\/\" \/>\n\t<meta name=\"generator\" content=\"All in One SEO Pro (AIOSEO) 4.9.7.1\" \/>\n\t\t<meta property=\"og:locale\" content=\"fr_FR\" \/>\n\t\t<meta property=\"og:site_name\" content=\"ECMO - Journal d&#039;une vie boulevers\u00e9e - Mon aventure, ou plut\u00f4t ma m\u00e9saventure ? De la chance ou de la malchance ?\" \/>\n\t\t<meta property=\"og:type\" content=\"article\" \/>\n\t\t<meta property=\"og:title\" content=\"Ce qui se passe en coulisses de notre journal d&#039;hospitalisation\" \/>\n\t\t<meta property=\"og:description\" content=\"Le journal est votre alli\u00e9 quotidien : la narration des pens\u00e9es, des \u00e9motions et des objectifs par les proches et les soignants. Un moyen simple de prendre soin de votre sant\u00e9 mentale et \u00e9motionnelle.\" \/>\n\t\t<meta property=\"og:url\" content=\"https:\/\/diario.m-achermann.com\/fr\/le-journal-dhospitalisation\/lundi-22-fevrier-2021\/\" \/>\n\t\t<meta property=\"og:image\" content=\"https:\/\/diario.m-achermann.com\/wp-content\/uploads\/2024\/02\/Mirko.png\" \/>\n\t\t<meta property=\"og:image:secure_url\" content=\"https:\/\/diario.m-achermann.com\/wp-content\/uploads\/2024\/02\/Mirko.png\" \/>\n\t\t<meta property=\"og:image:width\" content=\"200\" \/>\n\t\t<meta property=\"og:image:height\" content=\"200\" \/>\n\t\t<meta property=\"article:published_time\" content=\"2023-10-24T13:09:04+00:00\" \/>\n\t\t<meta property=\"article:modified_time\" content=\"2026-04-01T15:04:57+00:00\" \/>\n\t\t<meta property=\"article:publisher\" content=\"https:\/\/www.facebook.com\/profile.php?id=61556963490212\" \/>\n\t\t<meta name=\"twitter:card\" content=\"summary_large_image\" \/>\n\t\t<meta name=\"twitter:site\" content=\"@Mapi1967\" \/>\n\t\t<meta name=\"twitter:title\" content=\"Ce qui se passe en coulisses de notre journal d&#039;hospitalisation\" \/>\n\t\t<meta name=\"twitter:description\" content=\"Le journal est votre alli\u00e9 quotidien : la narration des pens\u00e9es, des \u00e9motions et des objectifs par les proches et les soignants. Un moyen simple de prendre soin de votre sant\u00e9 mentale et \u00e9motionnelle.\" \/>\n\t\t<meta name=\"twitter:creator\" content=\"@Mapi1967\" \/>\n\t\t<meta name=\"twitter:image\" content=\"https:\/\/diario.m-achermann.com\/wp-content\/uploads\/2024\/02\/Mirko.png\" \/>\n\t\t<script type=\"application\/ld+json\" class=\"aioseo-schema\">\n\t\t\t{\"@context\":\"https:\\\/\\\/schema.org\",\"@graph\":[{\"@type\":\"BreadcrumbList\",\"@id\":\"https:\\\/\\\/diario.m-achermann.com\\\/fr\\\/le-journal-dhospitalisation\\\/lundi-22-fevrier-2021\\\/#breadcrumblist\",\"itemListElement\":[{\"@type\":\"ListItem\",\"@id\":\"https:\\\/\\\/diario.m-achermann.com\\\/fr\\\/#listItem\",\"position\":1,\"name\":\"Home\",\"item\":\"https:\\\/\\\/diario.m-achermann.com\\\/fr\\\/\",\"nextItem\":{\"@type\":\"ListItem\",\"@id\":\"https:\\\/\\\/diario.m-achermann.com\\\/fr\\\/le-journal-dhospitalisation\\\/#listItem\",\"name\":\"Le journal d\\u2019hospitalisation\"}},{\"@type\":\"ListItem\",\"@id\":\"https:\\\/\\\/diario.m-achermann.com\\\/fr\\\/le-journal-dhospitalisation\\\/#listItem\",\"position\":2,\"name\":\"Le journal d\\u2019hospitalisation\",\"item\":\"https:\\\/\\\/diario.m-achermann.com\\\/fr\\\/le-journal-dhospitalisation\\\/\",\"nextItem\":{\"@type\":\"ListItem\",\"@id\":\"https:\\\/\\\/diario.m-achermann.com\\\/fr\\\/le-journal-dhospitalisation\\\/lundi-22-fevrier-2021\\\/#listItem\",\"name\":\"Lundi 22 f\\u00e9vrier 2021\"},\"previousItem\":{\"@type\":\"ListItem\",\"@id\":\"https:\\\/\\\/diario.m-achermann.com\\\/fr\\\/#listItem\",\"name\":\"Home\"}},{\"@type\":\"ListItem\",\"@id\":\"https:\\\/\\\/diario.m-achermann.com\\\/fr\\\/le-journal-dhospitalisation\\\/lundi-22-fevrier-2021\\\/#listItem\",\"position\":3,\"name\":\"Lundi 22 f\\u00e9vrier 2021\",\"previousItem\":{\"@type\":\"ListItem\",\"@id\":\"https:\\\/\\\/diario.m-achermann.com\\\/fr\\\/le-journal-dhospitalisation\\\/#listItem\",\"name\":\"Le journal d\\u2019hospitalisation\"}}]},{\"@type\":\"Person\",\"@id\":\"https:\\\/\\\/diario.m-achermann.com\\\/fr\\\/#person\",\"name\":\"Mirko Achermann\",\"image\":{\"@type\":\"ImageObject\",\"@id\":\"https:\\\/\\\/diario.m-achermann.com\\\/fr\\\/le-journal-dhospitalisation\\\/lundi-22-fevrier-2021\\\/#personImage\",\"url\":\"https:\\\/\\\/secure.gravatar.com\\\/avatar\\\/53bb9dac79236bd713fbe107c9f2410ca8a6094577846073d4bea7d0bab1e51f?s=96&d=mm&r=g\",\"width\":96,\"height\":96,\"caption\":\"Mirko Achermann\"}},{\"@type\":\"WebPage\",\"@id\":\"https:\\\/\\\/diario.m-achermann.com\\\/fr\\\/le-journal-dhospitalisation\\\/lundi-22-fevrier-2021\\\/#webpage\",\"url\":\"https:\\\/\\\/diario.m-achermann.com\\\/fr\\\/le-journal-dhospitalisation\\\/lundi-22-fevrier-2021\\\/\",\"name\":\"Ce qui se passe en coulisses de notre journal d'hospitalisation\",\"description\":\"Le journal est votre alli\\u00e9 quotidien : la narration des pens\\u00e9es, des \\u00e9motions et des objectifs par les proches et les soignants. Un moyen simple de prendre soin de votre sant\\u00e9 mentale et \\u00e9motionnelle.\",\"inLanguage\":\"fr-FR\",\"isPartOf\":{\"@id\":\"https:\\\/\\\/diario.m-achermann.com\\\/fr\\\/#website\"},\"breadcrumb\":{\"@id\":\"https:\\\/\\\/diario.m-achermann.com\\\/fr\\\/le-journal-dhospitalisation\\\/lundi-22-fevrier-2021\\\/#breadcrumblist\"},\"datePublished\":\"2023-10-24T15:09:04+02:00\",\"dateModified\":\"2026-04-01T17:04:57+02:00\"},{\"@type\":\"WebSite\",\"@id\":\"https:\\\/\\\/diario.m-achermann.com\\\/fr\\\/#website\",\"url\":\"https:\\\/\\\/diario.m-achermann.com\\\/fr\\\/\",\"name\":\"ECMO \\u2013 Diario di una vita stravolta\",\"alternateName\":\"ECMO\",\"description\":\"Mon aventure, ou plut\\u00f4t ma m\\u00e9saventure ? De la chance ou de la malchance ?\",\"inLanguage\":\"fr-FR\",\"publisher\":{\"@id\":\"https:\\\/\\\/diario.m-achermann.com\\\/fr\\\/#person\"}}]}\n\t\t<\/script>\n\t\t<!-- All in One SEO Pro -->\r\n\t\t<title>Ce qui se passe en coulisses de notre journal d'hospitalisation<\/title>\n\n","aioseo_head_json":{"title":"Ce qui se passe en coulisses de notre journal d'hospitalisation","description":"Le journal est votre alli\u00e9 quotidien : la narration des pens\u00e9es, des \u00e9motions et des objectifs par les proches et les soignants. Un moyen simple de prendre soin de votre sant\u00e9 mentale et \u00e9motionnelle.","canonical_url":"https:\/\/diario.m-achermann.com\/fr\/le-journal-dhospitalisation\/lundi-22-fevrier-2021\/","robots":"max-snippet:-1, max-image-preview:large, max-video-preview:-1","keywords":"","webmasterTools":{"google-site-verification":"2kcNb_eND2p_5dJ-aEUjUzdL5U1pyWvu9G-2F4Qyiwk","msvalidate.01":"8A32EFC1288A3ACC21FB6846BFC9E656","miscellaneous":""},"schema":{"@context":"https:\/\/schema.org","@graph":[{"@type":"BreadcrumbList","@id":"https:\/\/diario.m-achermann.com\/fr\/le-journal-dhospitalisation\/lundi-22-fevrier-2021\/#breadcrumblist","itemListElement":[{"@type":"ListItem","@id":"https:\/\/diario.m-achermann.com\/fr\/#listItem","position":1,"name":"Home","item":"https:\/\/diario.m-achermann.com\/fr\/","nextItem":{"@type":"ListItem","@id":"https:\/\/diario.m-achermann.com\/fr\/le-journal-dhospitalisation\/#listItem","name":"Le journal d\u2019hospitalisation"}},{"@type":"ListItem","@id":"https:\/\/diario.m-achermann.com\/fr\/le-journal-dhospitalisation\/#listItem","position":2,"name":"Le journal d\u2019hospitalisation","item":"https:\/\/diario.m-achermann.com\/fr\/le-journal-dhospitalisation\/","nextItem":{"@type":"ListItem","@id":"https:\/\/diario.m-achermann.com\/fr\/le-journal-dhospitalisation\/lundi-22-fevrier-2021\/#listItem","name":"Lundi 22 f\u00e9vrier 2021"},"previousItem":{"@type":"ListItem","@id":"https:\/\/diario.m-achermann.com\/fr\/#listItem","name":"Home"}},{"@type":"ListItem","@id":"https:\/\/diario.m-achermann.com\/fr\/le-journal-dhospitalisation\/lundi-22-fevrier-2021\/#listItem","position":3,"name":"Lundi 22 f\u00e9vrier 2021","previousItem":{"@type":"ListItem","@id":"https:\/\/diario.m-achermann.com\/fr\/le-journal-dhospitalisation\/#listItem","name":"Le journal d\u2019hospitalisation"}}]},{"@type":"Person","@id":"https:\/\/diario.m-achermann.com\/fr\/#person","name":"Mirko Achermann","image":{"@type":"ImageObject","@id":"https:\/\/diario.m-achermann.com\/fr\/le-journal-dhospitalisation\/lundi-22-fevrier-2021\/#personImage","url":"https:\/\/secure.gravatar.com\/avatar\/53bb9dac79236bd713fbe107c9f2410ca8a6094577846073d4bea7d0bab1e51f?s=96&d=mm&r=g","width":96,"height":96,"caption":"Mirko Achermann"}},{"@type":"WebPage","@id":"https:\/\/diario.m-achermann.com\/fr\/le-journal-dhospitalisation\/lundi-22-fevrier-2021\/#webpage","url":"https:\/\/diario.m-achermann.com\/fr\/le-journal-dhospitalisation\/lundi-22-fevrier-2021\/","name":"Ce qui se passe en coulisses de notre journal d'hospitalisation","description":"Le journal est votre alli\u00e9 quotidien : la narration des pens\u00e9es, des \u00e9motions et des objectifs par les proches et les soignants. Un moyen simple de prendre soin de votre sant\u00e9 mentale et \u00e9motionnelle.","inLanguage":"fr-FR","isPartOf":{"@id":"https:\/\/diario.m-achermann.com\/fr\/#website"},"breadcrumb":{"@id":"https:\/\/diario.m-achermann.com\/fr\/le-journal-dhospitalisation\/lundi-22-fevrier-2021\/#breadcrumblist"},"datePublished":"2023-10-24T15:09:04+02:00","dateModified":"2026-04-01T17:04:57+02:00"},{"@type":"WebSite","@id":"https:\/\/diario.m-achermann.com\/fr\/#website","url":"https:\/\/diario.m-achermann.com\/fr\/","name":"ECMO \u2013 Diario di una vita stravolta","alternateName":"ECMO","description":"Mon aventure, ou plut\u00f4t ma m\u00e9saventure ? De la chance ou de la malchance ?","inLanguage":"fr-FR","publisher":{"@id":"https:\/\/diario.m-achermann.com\/fr\/#person"}}]},"og:locale":"fr_FR","og:site_name":"ECMO - Journal d'une vie boulevers\u00e9e - Mon aventure, ou plut\u00f4t ma m\u00e9saventure ? De la chance ou de la malchance ?","og:type":"article","og:title":"Ce qui se passe en coulisses de notre journal d'hospitalisation","og:description":"Le journal est votre alli\u00e9 quotidien : la narration des pens\u00e9es, des \u00e9motions et des objectifs par les proches et les soignants. Un moyen simple de prendre soin de votre sant\u00e9 mentale et \u00e9motionnelle.","og:url":"https:\/\/diario.m-achermann.com\/fr\/le-journal-dhospitalisation\/lundi-22-fevrier-2021\/","og:image":"https:\/\/diario.m-achermann.com\/wp-content\/uploads\/2024\/02\/Mirko.png","og:image:secure_url":"https:\/\/diario.m-achermann.com\/wp-content\/uploads\/2024\/02\/Mirko.png","og:image:width":200,"og:image:height":200,"article:published_time":"2023-10-24T13:09:04+00:00","article:modified_time":"2026-04-01T15:04:57+00:00","article:publisher":"https:\/\/www.facebook.com\/profile.php?id=61556963490212","twitter:card":"summary_large_image","twitter:site":"@Mapi1967","twitter:title":"Ce qui se passe en coulisses de notre journal d'hospitalisation","twitter:description":"Le journal est votre alli\u00e9 quotidien : la narration des pens\u00e9es, des \u00e9motions et des objectifs par les proches et les soignants. Un moyen simple de prendre soin de votre sant\u00e9 mentale et \u00e9motionnelle.","twitter:creator":"@Mapi1967","twitter:image":"https:\/\/diario.m-achermann.com\/wp-content\/uploads\/2024\/02\/Mirko.png"},"aioseo_meta_data":{"post_id":"9938","title":"Ce qui se passe en coulisses de notre journal d'hospitalisation","description":"Le journal est votre alli\u00e9 quotidien : la narration des pens\u00e9es, des \u00e9motions et des objectifs par les proches et les soignants. Un moyen simple de prendre soin de votre sant\u00e9 mentale et \u00e9motionnelle. ","keywords":null,"keyphrases":{"focus":{"keyphrase":"Diario","score":70,"analysis":{"keyphraseInTitle":{"score":9,"maxScore":9,"error":0},"keyphraseInDescription":{"score":9,"maxScore":9,"error":0},"keyphraseLength":{"score":9,"maxScore":9,"error":0,"length":1},"keyphraseInURL":{"score":5,"maxScore":5,"error":0},"keyphraseInIntroduction":{"score":3,"maxScore":9,"error":1},"keyphraseInSubHeadings":[],"keyphraseInImageAlt":[],"keywordDensity":{"score":0,"type":"low","maxScore":9,"error":1}}},"additional":[{"keyphrase":"ECMO","score":42,"analysis":{"keyphraseInDescription":{"score":3,"maxScore":9,"error":1},"keyphraseLength":{"score":9,"maxScore":9,"error":0,"length":1},"keyphraseInIntroduction":{"score":3,"maxScore":9,"error":1},"keyphraseInImageAlt":[],"keywordDensity":{"score":0,"type":"low","maxScore":9,"error":1}}},{"keyphrase":"Degenza","score":42,"analysis":{"keyphraseInDescription":{"score":3,"maxScore":9,"error":1},"keyphraseLength":{"score":9,"maxScore":9,"error":0,"length":1},"keyphraseInIntroduction":{"score":3,"maxScore":9,"error":1},"keyphraseInImageAlt":[],"keywordDensity":{"score":0,"type":"low","maxScore":9,"error":1}}},{"keyphrase":"speranza","score":42,"analysis":{"keyphraseInDescription":{"score":3,"maxScore":9,"error":1},"keyphraseLength":{"score":9,"maxScore":9,"error":0,"length":1},"keyphraseInIntroduction":{"score":3,"maxScore":9,"error":1},"keyphraseInImageAlt":[],"keywordDensity":{"score":0,"type":"low","maxScore":9,"error":1}}},{"keyphrase":"Cardiocentro","score":42,"analysis":{"keyphraseInDescription":{"score":3,"maxScore":9,"error":1},"keyphraseLength":{"score":9,"maxScore":9,"error":0,"length":1},"keyphraseInIntroduction":{"score":3,"maxScore":9,"error":1},"keyphraseInImageAlt":[],"keywordDensity":{"score":0,"type":"low","maxScore":9,"error":1}}}]},"primary_term":null,"canonical_url":null,"og_title":null,"og_description":null,"og_object_type":"default","og_image_type":"default","og_image_url":null,"og_image_width":null,"og_image_height":null,"og_image_custom_url":null,"og_image_custom_fields":null,"og_video":"","og_custom_url":null,"og_article_section":null,"og_article_tags":null,"twitter_use_og":false,"twitter_card":"default","twitter_image_type":"default","twitter_image_url":null,"twitter_image_custom_url":null,"twitter_image_custom_fields":null,"twitter_title":null,"twitter_description":null,"schema":{"blockGraphs":[],"customGraphs":[],"default":{"data":{"Article":[],"Course":[],"Dataset":[],"FAQPage":[],"Movie":[],"Person":[],"Product":[],"ProductReview":[],"Car":[],"Recipe":[],"Service":[],"SoftwareApplication":[],"WebPage":[]},"graphName":"WebPage","isEnabled":true},"graphs":[]},"schema_type":"default","schema_type_options":null,"pillar_content":false,"robots_default":true,"robots_noindex":false,"robots_noarchive":false,"robots_nosnippet":false,"robots_nofollow":false,"robots_noimageindex":false,"robots_noodp":false,"robots_notranslate":false,"robots_max_snippet":"-1","robots_max_videopreview":"-1","robots_max_imagepreview":"large","priority":null,"frequency":"default","local_seo":null,"seo_analyzer_scan_date":"2026-04-01 16:13:57","breadcrumb_settings":null,"limit_modified_date":0,"reviewed_by":null,"open_ai":"{\"title\":{\"suggestions\":[],\"usage\":0},\"description\":{\"suggestions\":[],\"usage\":0}}","ai":{"faqs":[],"keyPoints":[],"titles":["Diario di cura: Aggiornamento sulla posizione di Mirko e i nostri sforzi","Cosa succede dietro le quinte del nostro diario di assistenza","Come aiutiamo Mirko: dettagli del nostro impegno quotidiano","Il diario di oggi: manovre e cura per migliorare la respirazione di Mirko","Storie di assistenza: la sfida di ventilare meglio i polmoni di Mirko"],"descriptions":["Scopri come un diario pu\u00f2 aiutarti a tracciare le tue emozioni e progressi quotidiani. Vivere meglio, un giorno alla volta, con semplicit\u00e0 e realismo.","Il diario \u00e8 il tuo alleato quotidiano: scrivi pensieri, sfoghi e obiettivi. Un modo semplice per prendersi cura della tua salute mentale e emotiva.","Condividi le tue esperienze e i tuoi momenti pi\u00f9 importanti attraverso il diario. Un semplice gesto per migliorare il benessere e riflettere sulla vita.","Vuoi una vita pi\u00f9 consapevole? Usa il diario per annotare tutto ci\u00f2 che conta, mantenendo uno spazio di calma e introspezione ogni giorno.","Il diario ti aiuta a organizzare le giornate, gestire lo stress e mantenere un ricordo di tutto ci\u00f2 che vivi. Provalo anche tu!"],"socialPosts":{"email":[],"linkedin":[],"twitter":[],"facebook":[],"instagram":[]}},"created":"2026-04-01 15:01:17","updated":"2026-04-01 18:10:01"},"aioseo_breadcrumb":"<div class=\"aioseo-breadcrumbs\"><span class=\"aioseo-breadcrumb\">\n\t<a href=\"https:\/\/diario.m-achermann.com\/fr\/\" title=\"Home\">Home<\/a>\n<\/span><span class=\"aioseo-breadcrumb-separator\">\u00bb<\/span><span class=\"aioseo-breadcrumb\">\n\t<a href=\"https:\/\/diario.m-achermann.com\/fr\/le-journal-dhospitalisation\/\" title=\"Le journal d\u2019hospitalisation\">Le journal d\u2019hospitalisation<\/a>\n<\/span><span class=\"aioseo-breadcrumb-separator\">\u00bb<\/span><span class=\"aioseo-breadcrumb\">\n\tLundi 22 f\u00e9vrier 2021\n<\/span><\/div>","aioseo_breadcrumb_json":[{"label":"Home","link":"https:\/\/diario.m-achermann.com\/fr\/"},{"label":"Le journal d\u2019hospitalisation","link":"https:\/\/diario.m-achermann.com\/fr\/le-journal-dhospitalisation\/"},{"label":"Lundi 22 f\u00e9vrier 2021","link":"https:\/\/diario.m-achermann.com\/fr\/le-journal-dhospitalisation\/lundi-22-fevrier-2021\/"}],"_links":{"self":[{"href":"https:\/\/diario.m-achermann.com\/fr\/wp-json\/wp\/v2\/pages\/9938","targetHints":{"allow":["GET"]}}],"collection":[{"href":"https:\/\/diario.m-achermann.com\/fr\/wp-json\/wp\/v2\/pages"}],"about":[{"href":"https:\/\/diario.m-achermann.com\/fr\/wp-json\/wp\/v2\/types\/page"}],"author":[{"embeddable":true,"href":"https:\/\/diario.m-achermann.com\/fr\/wp-json\/wp\/v2\/users\/1"}],"replies":[{"embeddable":true,"href":"https:\/\/diario.m-achermann.com\/fr\/wp-json\/wp\/v2\/comments?post=9938"}],"version-history":[{"count":1,"href":"https:\/\/diario.m-achermann.com\/fr\/wp-json\/wp\/v2\/pages\/9938\/revisions"}],"predecessor-version":[{"id":9939,"href":"https:\/\/diario.m-achermann.com\/fr\/wp-json\/wp\/v2\/pages\/9938\/revisions\/9939"}],"up":[{"embeddable":true,"href":"https:\/\/diario.m-achermann.com\/fr\/wp-json\/wp\/v2\/pages\/10023"}],"wp:attachment":[{"href":"https:\/\/diario.m-achermann.com\/fr\/wp-json\/wp\/v2\/media?parent=9938"}],"wp:term":[{"taxonomy":"category","embeddable":true,"href":"https:\/\/diario.m-achermann.com\/fr\/wp-json\/wp\/v2\/categories?post=9938"},{"taxonomy":"post_tag","embeddable":true,"href":"https:\/\/diario.m-achermann.com\/fr\/wp-json\/wp\/v2\/tags?post=9938"}],"curies":[{"name":"wp","href":"https:\/\/api.w.org\/{rel}","templated":true}]}}